{"id":13165,"date":"2023-07-27T14:49:30","date_gmt":"2023-07-27T12:49:30","guid":{"rendered":"https:\/\/escort-technology.com\/?page_id=13165"},"modified":"2023-08-07T10:11:01","modified_gmt":"2023-08-07T08:11:01","slug":"radiotelefon-vhf-z-dsc-klasy-a-sailor-7222","status":"publish","type":"page","link":"https:\/\/escort-technology.com\/pl\/radiotelefon-vhf-z-dsc-klasy-a-sailor-7222\/","title":{"rendered":"Radiotelefon VHF z DSC klasy A SAILOR 7222"},"content":{"rendered":"<h1>\n<h1 class=\"uk-article-title\">Radiotelefon VHF z DSC klasy A SAILOR 7222<\/h1>\n<\/h1>\n<hr>\n<p><img decoding=\"async\" src=\"\/wp-content\/uploads\/2023\/07\/sailor-7222-front-2.jpg\" alt=\"\"><\/p>\n<div>\n<ul>\n<li>Elastyczne opcje kolor\u00f3w ekranu dla optymalnej pracy w dzie\u0144 i w nocy<\/li>\n<li>Intuicyjny i \u0142atwy w u\u017cyciu interfejs zmniejsza liczb\u0119 b\u0142\u0119d\u00f3w i poprawia bezpiecze\u0144stwo<\/li>\n<li>Unikalna funkcja SAILOR Replay umo\u017cliwia prost\u0105 i szybk\u0105 weryfikacj\u0119 wiadomo\u015bci<\/li>\n<\/ul>\n<\/div>\n<p><img decoding=\"async\" src=\"\/wp-content\/uploads\/2023\/07\/sailor-7222-side.jpg\" alt=\"\"><\/p>\n<div>\n<p><strong>Aktualizacja technologii. Zgodno\u015b\u0107 z GMDSS<\/strong><\/p>\n<p>Przekraczaj\u0105c standardy okre\u015blone przez przepisy IMO dla GMDSS klasy A VHF, rezolucj\u0119 IMO MSC.302(87) z sierpnia 2021 r. wprowadzaj\u0105c\u0105 Bridge Alert Management, a tak\u017ce IEC 62923-1 i IEC 62923-2, SAILOR 7222 VHF DSC klasy A jest solidn\u0105 platform\u0105, gdy wyra\u017ana komunikacja mo\u017ce stanowi\u0107 r\u00f3\u017cnic\u0119 mi\u0119dzy brakiem zdarzenia a powa\u017cnym incydentem.<\/p>\n<\/div>\n<div>\n<p><strong>Elastyczne funkcje i rozmieszczenie<\/strong><\/p>\n<p>SAILOR 7222 VHF DSC Class A mo\u017cna szybko i \u0142atwo zainstalowa\u0107 samodzielnie lub jako g\u0142\u00f3wny element konsoli SAILOR GMDSS. Zaawansowane funkcje sieciowe r\u00f3wnie\u017c znacznie zmniejszaj\u0105 obci\u0105\u017cenie zwi\u0105zane z instalacj\u0105 i serwisem, gdy s\u0105 wdra\u017cane jako cz\u0119\u015b\u0107 w pe\u0142ni zgodnego rozwi\u0105zania z innymi kompatybilnymi produktami SAILOR, w tym mini-C, MF\/HF, NAVTEX i AIS. Zapewniaj\u0105c przejrzysto\u015b\u0107 komunikacji przez ca\u0142y czas, SAILOR 7222 VHF DSC klasy A to znacznie wi\u0119cej ni\u017c tylko spos\u00f3b na spe\u0142nienie przepis\u00f3w.<\/p>\n<\/div>\n<p><img decoding=\"async\" src=\"\/wp-content\/uploads\/2023\/07\/sailor-7222-front-1.jpg\" alt=\"\"><br \/>\n<img decoding=\"async\" src=\"\/wp-content\/uploads\/2023\/07\/sailor-7222-2.jpg\" alt=\"\"><\/p>\n<div>\n<p><strong>Najlepsze sta\u0142o si\u0119 lepsze<\/strong><\/p>\n<ul>\n<li>Elastyczne opcje kolor\u00f3w ekranu dla optymalnej pracy w dzie\u0144 i w nocy<\/li>\n<li>Intuicyjny i \u0142atwy w u\u017cyciu interfejs zmniejsza liczb\u0119 b\u0142\u0119d\u00f3w i poprawia bezpiecze\u0144stwo<\/li>\n<li>Unikalna funkcja SAILOR Replay umo\u017cliwia prost\u0105 i szybk\u0105 weryfikacj\u0119 wiadomo\u015bci<\/li>\n<li>Mocny g\u0142o\u015bnik 6 W zapewnia czysty d\u017awi\u0119k wewn\u0105trz i na zewn\u0105trz (stopie\u0144 ochrony IPx6\/IPx8)<\/li>\n<li>Pe\u0142ne portfolio akcesori\u00f3w, w tym mikrofony i s\u0142uchawki<\/li>\n<li>Interfejs serwisowy oparty na sieci LAN usprawnia konserwacj\u0119 i rozwi\u0105zywanie problem\u00f3w<\/li>\n<\/ul>\n<\/div>\n<h1>\n<h3>Zestaw\u00a0 SAILOR 7222 VHF DSC Class A zawiera wszystkie trzy g\u0142\u00f3wne cz\u0119\u015bci produktu:<\/h3>\n<\/h1>\n<div>\n<p>SAILOR 7224 VHF DSC<\/p>\n<p>Panel steruj\u0105cy<br \/>Kabel zasilaj\u0105cy DC (2,5 m)<br \/>Zestaw odci\u0105\u017caj\u0105cy kabel<br \/>Instrukcja instalacji<\/p>\n<\/div>\n<div>\n<p>S\u0142uchawka SAILOR 6201<\/p>\n<p>S\u0142uchawka<br \/>Podstawka<br \/>Zestaw \u015brub<\/p>\n<\/div>\n<div>\n<p>Urz\u0105dzenie nadawczo-odbiorcze VHF SAILOR 7226<\/p>\n<p>W tym<br \/>Urz\u0105dzenie nadawczo-odbiorcze VHF<br \/>Zestaw \u015brub<br \/>Instrukcja instalacji<\/p>\n<\/div>\n<p><img decoding=\"async\" src=\"\/wp-content\/uploads\/2023\/07\/sailor-7222-side.jpg\" alt=\"\"><\/p>\n<div>\n<p>SPECYFIKACJA<\/p>\n<p>Waga 1,5 kg (3,3 funta)<br \/>Wymiary HxWxD 161 x 306 x 51 mm<br \/>Temperatura pracy -15\u00b0C do +55\u00b0C<br \/>Temperatura przechowywania -25\u00b0C do +70\u00b0C<br \/>Stopie\u0144 ochrony IPX2<br \/>Zasilanie 24 VDC +30%\/-10%<br \/>Pob\u00f3r mocy Rx operacyjny 8 W<br \/>(typowy) Tx 25 W operacyjny 65 W<br \/>Tx 1 W operacyjny 18 W<br \/>Rozpraszanie ciep\u0142a Rx operacyjny 8 W<br \/>(typowy) Tx 25 W operacyjny 40 W<br \/>Tx 1 W operacyjny 17 W<br \/>Wej\u015bcie\/wyj\u015bcie ant. Rx\/Tx 50 om\u00f3w @ Tx voice\/Tc DSC &amp; Rx voice<br \/>Wej\u015bcie antenowe DSC 50 om\u00f3w @ Rx DSC<br \/>LAN 2 porty LAN kategorii 6 STP<br \/>Zakres cz\u0119stotliwo\u015bci G\u0142os 156,000 MHz &#8211; 164,000 MHz<br \/>DSC 156,525 MHz<br \/>Odst\u0119p mi\u0119dzykana\u0142owy 25 kHz, wszystkie mi\u0119dzynarodowe kana\u0142y morskie<br \/>Liczba kana\u0142\u00f3w P Radiotelefon mo\u017cna zaprogramowa\u0107 na maksymalnie 100 kana\u0142\u00f3w prywatnych we wszystkich kana\u0142ach<\/p>\n<\/div>\n<p><!--more--><br \/>\n<!-- {\"type\":\"layout\",\"children\":[{\"type\":\"section\",\"props\":{\"image_position\":\"center-center\",\"style\":\"default\",\"title_breakpoint\":\"xl\",\"title_position\":\"top-left\",\"title_rotation\":\"left\",\"vertical_align\":\"middle\",\"width\":\"default\"},\"children\":[{\"type\":\"row\",\"children\":[{\"type\":\"column\",\"props\":{\"image_position\":\"center-center\",\"position_sticky_breakpoint\":\"m\"},\"children\":[{\"type\":\"headline\",\"props\":{\"content\":\"\n\n<h1 class=\\\"uk-article-title\\\">Radiotelefon VHF z DSC klasy A SAILOR 7222<\\\/h1>\",\"title_element\":\"h1\"}},{\"type\":\"divider\",\"props\":{\"divider_element\":\"hr\"}},{\"type\":\"image\",\"props\":{\"image\":\"wp-content\\\/uploads\\\/2023\\\/07\\\/sailor-7222-front-2.jpg\",\"image_svg_color\":\"emphasis\",\"image_width\":\"500\",\"margin\":\"default\",\"text_align\":\"center\"}},{\"type\":\"text\",\"props\":{\"column_breakpoint\":\"m\",\"content\":\"\n\n<ul>\\n\n\n<li>Elastyczne opcje kolor\\u00f3w ekranu dla optymalnej pracy w dzie\\u0144 i w nocy<\\\/li>\\n\n\n<li>Intuicyjny i \\u0142atwy w u\\u017cyciu interfejs zmniejsza liczb\\u0119 b\\u0142\\u0119d\\u00f3w i poprawia bezpiecze\\u0144stwo<\\\/li>\\n\n\n<li>Unikalna funkcja SAILOR Replay umo\\u017cliwia prost\\u0105 i szybk\\u0105 weryfikacj\\u0119 wiadomo\\u015bci<\\\/li>\\n<\\\/ul>\",\"margin\":\"default\"}}]}]},{\"type\":\"row\",\"children\":[{\"type\":\"column\",\"props\":{\"image_position\":\"center-center\",\"position_sticky_breakpoint\":\"m\",\"width_medium\":\"1-2\"},\"children\":[{\"type\":\"image\",\"props\":{\"image\":\"wp-content\\\/uploads\\\/2023\\\/07\\\/sailor-7222-side.jpg\",\"image_svg_color\":\"emphasis\",\"margin\":\"default\"}}]},{\"type\":\"column\",\"props\":{\"image_position\":\"center-center\",\"position_sticky_breakpoint\":\"m\",\"width_medium\":\"1-2\"},\"children\":[{\"type\":\"text\",\"props\":{\"column_breakpoint\":\"m\",\"content\":\"\n\n<p><strong>Aktualizacja technologii. Zgodno\\u015b\\u0107 z GMDSS<\\\/strong><\\\/p>\\n\n\n<p>Przekraczaj\\u0105c standardy okre\\u015blone przez przepisy IMO dla GMDSS klasy A VHF, rezolucj\\u0119 IMO MSC.302(87) z sierpnia 2021 r. wprowadzaj\\u0105c\\u0105 Bridge Alert Management, a tak\\u017ce IEC 62923-1 i IEC 62923-2, SAILOR 7222 VHF DSC klasy A jest solidn\\u0105 platform\\u0105, gdy wyra\\u017ana komunikacja mo\\u017ce stanowi\\u0107 r\\u00f3\\u017cnic\\u0119 mi\\u0119dzy brakiem zdarzenia a powa\\u017cnym incydentem.<\\\/p>\",\"margin\":\"default\"}}]}],\"props\":{\"layout\":\"1-2,1-2\"}},{\"type\":\"row\",\"children\":[{\"type\":\"column\",\"props\":{\"image_position\":\"center-center\",\"position_sticky_breakpoint\":\"m\",\"width_medium\":\"1-2\"},\"children\":[{\"type\":\"text\",\"props\":{\"column_breakpoint\":\"m\",\"content\":\"\n\n<p><strong>Elastyczne funkcje i rozmieszczenie<\\\/strong><\\\/p>\\n\n\n<p>SAILOR 7222 VHF DSC Class A mo\\u017cna szybko i \\u0142atwo zainstalowa\\u0107 samodzielnie lub jako g\\u0142\\u00f3wny element konsoli SAILOR GMDSS. Zaawansowane funkcje sieciowe r\\u00f3wnie\\u017c znacznie zmniejszaj\\u0105 obci\\u0105\\u017cenie zwi\\u0105zane z instalacj\\u0105 i serwisem, gdy s\\u0105 wdra\\u017cane jako cz\\u0119\\u015b\\u0107 w pe\\u0142ni zgodnego rozwi\\u0105zania z innymi kompatybilnymi produktami SAILOR, w tym mini-C, MF\\\/HF, NAVTEX i AIS. Zapewniaj\\u0105c przejrzysto\\u015b\\u0107 komunikacji przez ca\\u0142y czas, SAILOR 7222 VHF DSC klasy A to znacznie wi\\u0119cej ni\\u017c tylko spos\\u00f3b na spe\\u0142nienie przepis\\u00f3w.<\\\/p>\",\"margin\":\"default\"}}]},{\"type\":\"column\",\"props\":{\"image_position\":\"center-center\",\"position_sticky_breakpoint\":\"m\",\"width_medium\":\"1-2\"},\"children\":[{\"type\":\"image\",\"props\":{\"image\":\"wp-content\\\/uploads\\\/2023\\\/07\\\/sailor-7222-front-1.jpg\",\"image_svg_color\":\"emphasis\",\"margin\":\"default\"}}]}],\"props\":{\"layout\":\"1-2,1-2\"}},{\"type\":\"row\",\"children\":[{\"type\":\"column\",\"props\":{\"image_position\":\"center-center\",\"position_sticky_breakpoint\":\"m\",\"width_medium\":\"1-2\"},\"children\":[{\"type\":\"image\",\"props\":{\"image\":\"wp-content\\\/uploads\\\/2023\\\/07\\\/sailor-7222-2.jpg\",\"image_svg_color\":\"emphasis\",\"margin\":\"default\"}}]},{\"type\":\"column\",\"props\":{\"image_position\":\"center-center\",\"position_sticky_breakpoint\":\"m\",\"width_medium\":\"1-2\"},\"children\":[{\"type\":\"text\",\"props\":{\"column_breakpoint\":\"m\",\"content\":\"\n\n<p><strong>Najlepsze sta\\u0142o si\\u0119 lepsze<\\\/strong><\\\/p>\\n\n\n<ul>\\n\n\n<li>Elastyczne opcje kolor\\u00f3w ekranu dla optymalnej pracy w dzie\\u0144 i w nocy<\\\/li>\\n\n\n<li>Intuicyjny i \\u0142atwy w u\\u017cyciu interfejs zmniejsza liczb\\u0119 b\\u0142\\u0119d\\u00f3w i poprawia bezpiecze\\u0144stwo<\\\/li>\\n\n\n<li>Unikalna funkcja SAILOR Replay umo\\u017cliwia prost\\u0105 i szybk\\u0105 weryfikacj\\u0119 wiadomo\\u015bci<\\\/li>\\n\n\n<li>Mocny g\\u0142o\\u015bnik 6 W zapewnia czysty d\\u017awi\\u0119k wewn\\u0105trz i na zewn\\u0105trz (stopie\\u0144 ochrony IPx6\\\/IPx8)<\\\/li>\\n\n\n<li>Pe\\u0142ne portfolio akcesori\\u00f3w, w tym mikrofony i s\\u0142uchawki<\\\/li>\\n\n\n<li>Interfejs serwisowy oparty na sieci LAN usprawnia konserwacj\\u0119 i rozwi\\u0105zywanie problem\\u00f3w<\\\/li>\\n<\\\/ul>\",\"margin\":\"default\"}}]}],\"props\":{\"layout\":\"1-2,1-2\"}},{\"type\":\"row\",\"children\":[{\"type\":\"column\",\"props\":{\"image_position\":\"center-center\",\"position_sticky_breakpoint\":\"m\"},\"children\":[{\"type\":\"headline\",\"props\":{\"content\":\"\n\n<h3>Zestaw\\u00a0 SAILOR 7222 VHF DSC Class A zawiera wszystkie trzy g\\u0142\\u00f3wne cz\\u0119\\u015bci produktu:<\\\/h3>\",\"title_element\":\"h1\"}}]}]},{\"type\":\"row\",\"props\":{\"layout\":\"1-3,1-3,1-3\"},\"children\":[{\"type\":\"column\",\"props\":{\"image_position\":\"center-center\",\"position_sticky_breakpoint\":\"m\",\"width_medium\":\"1-3\"},\"children\":[{\"type\":\"text\",\"props\":{\"column_breakpoint\":\"m\",\"content\":\"\n\n<p>SAILOR 7224 VHF DSC<\\\/p>\\n\n\n<p>Panel steruj\\u0105cy<br \\\/>Kabel zasilaj\\u0105cy DC (2,5 m)<br \\\/>Zestaw odci\\u0105\\u017caj\\u0105cy kabel<br \\\/>Instrukcja instalacji<\\\/p>\",\"margin\":\"default\"}}]},{\"type\":\"column\",\"props\":{\"image_position\":\"center-center\",\"position_sticky_breakpoint\":\"m\",\"width_medium\":\"1-3\"},\"children\":[{\"type\":\"text\",\"props\":{\"column_breakpoint\":\"m\",\"content\":\"\n\n<p>S\\u0142uchawka SAILOR 6201<\\\/p>\\n\n\n<p>S\\u0142uchawka<br \\\/>Podstawka<br \\\/>Zestaw \\u015brub<\\\/p>\",\"margin\":\"default\"}}]},{\"type\":\"column\",\"props\":{\"image_position\":\"center-center\",\"position_sticky_breakpoint\":\"m\",\"width_medium\":\"1-3\"},\"children\":[{\"type\":\"text\",\"props\":{\"column_breakpoint\":\"m\",\"content\":\"\n\n<p>Urz\\u0105dzenie nadawczo-odbiorcze VHF SAILOR 7226<\\\/p>\\n\n\n<p>W tym<br \\\/>Urz\\u0105dzenie nadawczo-odbiorcze VHF<br \\\/>Zestaw \\u015brub<br \\\/>Instrukcja instalacji<\\\/p>\",\"margin\":\"default\"}}]}]},{\"type\":\"row\",\"children\":[{\"type\":\"column\",\"props\":{\"image_position\":\"center-center\",\"position_sticky_breakpoint\":\"m\"},\"children\":[{\"type\":\"image\",\"props\":{\"image\":\"wp-content\\\/uploads\\\/2023\\\/07\\\/sailor-7222-side.jpg\",\"image_height\":\"400\",\"image_svg_color\":\"emphasis\",\"margin\":\"default\",\"text_align\":\"center\"}},{\"type\":\"text\",\"props\":{\"column_breakpoint\":\"m\",\"content\":\"\n\n<p>SPECYFIKACJA<\\\/p>\\n\n\n<p>Waga 1,5 kg (3,3 funta)<br \\\/>Wymiary HxWxD 161 x 306 x 51 mm<br \\\/>Temperatura pracy -15\\u00b0C do +55\\u00b0C<br \\\/>Temperatura przechowywania -25\\u00b0C do +70\\u00b0C<br \\\/>Stopie\\u0144 ochrony IPX2<br \\\/>Zasilanie 24 VDC +30%\\\/-10%<br \\\/>Pob\\u00f3r mocy Rx operacyjny 8 W<br \\\/>(typowy) Tx 25 W operacyjny 65 W<br \\\/>Tx 1 W operacyjny 18 W<br \\\/>Rozpraszanie ciep\\u0142a Rx operacyjny 8 W<br \\\/>(typowy) Tx 25 W operacyjny 40 W<br \\\/>Tx 1 W operacyjny 17 W<br \\\/>Wej\\u015bcie\\\/wyj\\u015bcie ant. Rx\\\/Tx 50 om\\u00f3w @ Tx voice\\\/Tc DSC &amp; Rx voice<br \\\/>Wej\\u015bcie antenowe DSC 50 om\\u00f3w @ Rx DSC<br \\\/>LAN 2 porty LAN kategorii 6 STP<br \\\/>Zakres cz\\u0119stotliwo\\u015bci G\\u0142os 156,000 MHz - 164,000 MHz<br \\\/>DSC 156,525 MHz<br \\\/>Odst\\u0119p mi\\u0119dzykana\\u0142owy 25 kHz, wszystkie mi\\u0119dzynarodowe kana\\u0142y morskie<br \\\/>Liczba kana\\u0142\\u00f3w P Radiotelefon mo\\u017cna zaprogramowa\\u0107 na maksymalnie 100 kana\\u0142\\u00f3w prywatnych we wszystkich kana\\u0142ach<\\\/p>\",\"margin\":\"default\"}}]}]}]}],\"version\":\"4.0.3\"} --><\/p>\n","protected":false},"excerpt":{"rendered":"<p>Radiotelefon VHF z DSC klasy A SAILOR 7222 Elastyczne opcje kolor\u00f3w ekranu dla optymalnej pracy w dzie\u0144 i w nocy Intuicyjny i \u0142atwy w u\u017cyciu interfejs zmniejsza liczb\u0119 b\u0142\u0119d\u00f3w i poprawia bezpiecze\u0144stwo Unikalna funkcja SAILOR Replay umo\u017cliwia prost\u0105 i szybk\u0105 weryfikacj\u0119 wiadomo\u015bci Aktualizacja technologii. Zgodno\u015b\u0107 z GMDSS Przekraczaj\u0105c standardy okre\u015blone przez przepisy IMO dla GMDSS [&hellip;]<\/p>\n","protected":false},"author":10,"featured_media":0,"parent":0,"menu_order":0,"comment_status":"closed","ping_status":"closed","template":"","meta":{"footnotes":""},"class_list":["post-13165","page","type-page","status-publish","hentry"],"yoast_head":"<!-- This site is optimized with the Yoast SEO plugin v27.6 - https:\/\/yoast.com\/product\/yoast-seo-wordpress\/ -->\n<title>Radiotelefon VHF z DSC klasy A SAILOR 7222 - ESCORT TECHNOLOGY<\/title>\n<meta name=\"robots\" content=\"index, follow, max-snippet:-1, max-image-preview:large, max-video-preview:-1\" \/>\n<link rel=\"canonical\" href=\"https:\/\/escort-technology.com\/pl\/radiotelefon-vhf-z-dsc-klasy-a-sailor-7222\/\" \/>\n<meta property=\"og:locale\" content=\"pl_PL\" \/>\n<meta property=\"og:type\" content=\"article\" \/>\n<meta property=\"og:title\" content=\"Radiotelefon VHF z DSC klasy A SAILOR 7222 - ESCORT TECHNOLOGY\" \/>\n<meta property=\"og:description\" content=\"Radiotelefon VHF z DSC klasy A SAILOR 7222 Elastyczne opcje kolor\u00f3w ekranu dla optymalnej pracy w dzie\u0144 i w nocy Intuicyjny i \u0142atwy w u\u017cyciu interfejs zmniejsza liczb\u0119 b\u0142\u0119d\u00f3w i poprawia bezpiecze\u0144stwo Unikalna funkcja SAILOR Replay umo\u017cliwia prost\u0105 i szybk\u0105 weryfikacj\u0119 wiadomo\u015bci Aktualizacja technologii. Zgodno\u015b\u0107 z GMDSS Przekraczaj\u0105c standardy okre\u015blone przez przepisy IMO dla GMDSS [&hellip;]\" \/>\n<meta property=\"og:url\" content=\"https:\/\/escort-technology.com\/pl\/radiotelefon-vhf-z-dsc-klasy-a-sailor-7222\/\" \/>\n<meta property=\"og:site_name\" content=\"ESCORT TECHNOLOGY\" \/>\n<meta property=\"article:publisher\" content=\"https:\/\/www.facebook.com\/elektronika.morska\/\" \/>\n<meta property=\"article:modified_time\" content=\"2023-08-07T08:11:01+00:00\" \/>\n<meta name=\"twitter:card\" content=\"summary_large_image\" \/>\n<meta name=\"twitter:label1\" content=\"Szacowany czas czytania\" \/>\n\t<meta name=\"twitter:data1\" content=\"2 minuty\" \/>\n<script type=\"application\/ld+json\" class=\"yoast-schema-graph\">{\"@context\":\"https:\\\/\\\/schema.org\",\"@graph\":[{\"@type\":\"WebPage\",\"@id\":\"https:\\\/\\\/escort-technology.com\\\/radiotelefon-vhf-z-dsc-klasy-a-sailor-7222\\\/\",\"url\":\"https:\\\/\\\/escort-technology.com\\\/radiotelefon-vhf-z-dsc-klasy-a-sailor-7222\\\/\",\"name\":\"Radiotelefon VHF z DSC klasy A SAILOR 7222 - ESCORT TECHNOLOGY\",\"isPartOf\":{\"@id\":\"http:\\\/\\\/escort-technology.com\\\/de\\\/#website\"},\"datePublished\":\"2023-07-27T12:49:30+00:00\",\"dateModified\":\"2023-08-07T08:11:01+00:00\",\"breadcrumb\":{\"@id\":\"https:\\\/\\\/escort-technology.com\\\/radiotelefon-vhf-z-dsc-klasy-a-sailor-7222\\\/#breadcrumb\"},\"inLanguage\":\"pl-PL\",\"potentialAction\":[{\"@type\":\"ReadAction\",\"target\":[\"https:\\\/\\\/escort-technology.com\\\/radiotelefon-vhf-z-dsc-klasy-a-sailor-7222\\\/\"]}]},{\"@type\":\"BreadcrumbList\",\"@id\":\"https:\\\/\\\/escort-technology.com\\\/radiotelefon-vhf-z-dsc-klasy-a-sailor-7222\\\/#breadcrumb\",\"itemListElement\":[{\"@type\":\"ListItem\",\"position\":1,\"name\":\"Strona g\u0142\u00f3wna\",\"item\":\"https:\\\/\\\/escort-technology.com\\\/\"},{\"@type\":\"ListItem\",\"position\":2,\"name\":\"Radiotelefon VHF z DSC klasy A SAILOR 7222\"}]},{\"@type\":\"WebSite\",\"@id\":\"http:\\\/\\\/escort-technology.com\\\/de\\\/#website\",\"url\":\"http:\\\/\\\/escort-technology.com\\\/de\\\/\",\"name\":\"ESCORT TECHNOLOGY\",\"description\":\"Elektronika morska i l\u0105dowa\",\"publisher\":{\"@id\":\"http:\\\/\\\/escort-technology.com\\\/de\\\/#organization\"},\"potentialAction\":[{\"@type\":\"SearchAction\",\"target\":{\"@type\":\"EntryPoint\",\"urlTemplate\":\"http:\\\/\\\/escort-technology.com\\\/de\\\/?s={search_term_string}\"},\"query-input\":{\"@type\":\"PropertyValueSpecification\",\"valueRequired\":true,\"valueName\":\"search_term_string\"}}],\"inLanguage\":\"pl-PL\"},{\"@type\":\"Organization\",\"@id\":\"http:\\\/\\\/escort-technology.com\\\/de\\\/#organization\",\"name\":\"ESCORT TECHNOLOGY\",\"url\":\"http:\\\/\\\/escort-technology.com\\\/de\\\/\",\"logo\":{\"@type\":\"ImageObject\",\"inLanguage\":\"pl-PL\",\"@id\":\"http:\\\/\\\/escort-technology.com\\\/de\\\/#\\\/schema\\\/logo\\\/image\\\/\",\"url\":\"https:\\\/\\\/escort-technology.com\\\/wp-content\\\/uploads\\\/logo-1.jpg\",\"contentUrl\":\"https:\\\/\\\/escort-technology.com\\\/wp-content\\\/uploads\\\/logo-1.jpg\",\"width\":600,\"height\":165,\"caption\":\"ESCORT TECHNOLOGY\"},\"image\":{\"@id\":\"http:\\\/\\\/escort-technology.com\\\/de\\\/#\\\/schema\\\/logo\\\/image\\\/\"},\"sameAs\":[\"https:\\\/\\\/www.facebook.com\\\/elektronika.morska\\\/\",\"https:\\\/\\\/www.linkedin.com\\\/company\\\/escort-sp-z-o-o-\\\/\"]}]}<\/script>\n<!-- \/ Yoast SEO plugin. -->","yoast_head_json":{"title":"Radiotelefon VHF z DSC klasy A SAILOR 7222 - ESCORT TECHNOLOGY","robots":{"index":"index","follow":"follow","max-snippet":"max-snippet:-1","max-image-preview":"max-image-preview:large","max-video-preview":"max-video-preview:-1"},"canonical":"https:\/\/escort-technology.com\/pl\/radiotelefon-vhf-z-dsc-klasy-a-sailor-7222\/","og_locale":"pl_PL","og_type":"article","og_title":"Radiotelefon VHF z DSC klasy A SAILOR 7222 - ESCORT TECHNOLOGY","og_description":"Radiotelefon VHF z DSC klasy A SAILOR 7222 Elastyczne opcje kolor\u00f3w ekranu dla optymalnej pracy w dzie\u0144 i w nocy Intuicyjny i \u0142atwy w u\u017cyciu interfejs zmniejsza liczb\u0119 b\u0142\u0119d\u00f3w i poprawia bezpiecze\u0144stwo Unikalna funkcja SAILOR Replay umo\u017cliwia prost\u0105 i szybk\u0105 weryfikacj\u0119 wiadomo\u015bci Aktualizacja technologii. Zgodno\u015b\u0107 z GMDSS Przekraczaj\u0105c standardy okre\u015blone przez przepisy IMO dla GMDSS [&hellip;]","og_url":"https:\/\/escort-technology.com\/pl\/radiotelefon-vhf-z-dsc-klasy-a-sailor-7222\/","og_site_name":"ESCORT TECHNOLOGY","article_publisher":"https:\/\/www.facebook.com\/elektronika.morska\/","article_modified_time":"2023-08-07T08:11:01+00:00","twitter_card":"summary_large_image","twitter_misc":{"Szacowany czas czytania":"2 minuty"},"schema":{"@context":"https:\/\/schema.org","@graph":[{"@type":"WebPage","@id":"https:\/\/escort-technology.com\/radiotelefon-vhf-z-dsc-klasy-a-sailor-7222\/","url":"https:\/\/escort-technology.com\/radiotelefon-vhf-z-dsc-klasy-a-sailor-7222\/","name":"Radiotelefon VHF z DSC klasy A SAILOR 7222 - ESCORT TECHNOLOGY","isPartOf":{"@id":"http:\/\/escort-technology.com\/de\/#website"},"datePublished":"2023-07-27T12:49:30+00:00","dateModified":"2023-08-07T08:11:01+00:00","breadcrumb":{"@id":"https:\/\/escort-technology.com\/radiotelefon-vhf-z-dsc-klasy-a-sailor-7222\/#breadcrumb"},"inLanguage":"pl-PL","potentialAction":[{"@type":"ReadAction","target":["https:\/\/escort-technology.com\/radiotelefon-vhf-z-dsc-klasy-a-sailor-7222\/"]}]},{"@type":"BreadcrumbList","@id":"https:\/\/escort-technology.com\/radiotelefon-vhf-z-dsc-klasy-a-sailor-7222\/#breadcrumb","itemListElement":[{"@type":"ListItem","position":1,"name":"Strona g\u0142\u00f3wna","item":"https:\/\/escort-technology.com\/"},{"@type":"ListItem","position":2,"name":"Radiotelefon VHF z DSC klasy A SAILOR 7222"}]},{"@type":"WebSite","@id":"http:\/\/escort-technology.com\/de\/#website","url":"http:\/\/escort-technology.com\/de\/","name":"ESCORT TECHNOLOGY","description":"Elektronika morska i l\u0105dowa","publisher":{"@id":"http:\/\/escort-technology.com\/de\/#organization"},"potentialAction":[{"@type":"SearchAction","target":{"@type":"EntryPoint","urlTemplate":"http:\/\/escort-technology.com\/de\/?s={search_term_string}"},"query-input":{"@type":"PropertyValueSpecification","valueRequired":true,"valueName":"search_term_string"}}],"inLanguage":"pl-PL"},{"@type":"Organization","@id":"http:\/\/escort-technology.com\/de\/#organization","name":"ESCORT TECHNOLOGY","url":"http:\/\/escort-technology.com\/de\/","logo":{"@type":"ImageObject","inLanguage":"pl-PL","@id":"http:\/\/escort-technology.com\/de\/#\/schema\/logo\/image\/","url":"https:\/\/escort-technology.com\/wp-content\/uploads\/logo-1.jpg","contentUrl":"https:\/\/escort-technology.com\/wp-content\/uploads\/logo-1.jpg","width":600,"height":165,"caption":"ESCORT TECHNOLOGY"},"image":{"@id":"http:\/\/escort-technology.com\/de\/#\/schema\/logo\/image\/"},"sameAs":["https:\/\/www.facebook.com\/elektronika.morska\/","https:\/\/www.linkedin.com\/company\/escort-sp-z-o-o-\/"]}]}},"_links":{"self":[{"href":"https:\/\/escort-technology.com\/pl\/wp-json\/wp\/v2\/pages\/13165","targetHints":{"allow":["GET"]}}],"collection":[{"href":"https:\/\/escort-technology.com\/pl\/wp-json\/wp\/v2\/pages"}],"about":[{"href":"https:\/\/escort-technology.com\/pl\/wp-json\/wp\/v2\/types\/page"}],"author":[{"embeddable":true,"href":"https:\/\/escort-technology.com\/pl\/wp-json\/wp\/v2\/users\/10"}],"replies":[{"embeddable":true,"href":"https:\/\/escort-technology.com\/pl\/wp-json\/wp\/v2\/comments?post=13165"}],"version-history":[{"count":24,"href":"https:\/\/escort-technology.com\/pl\/wp-json\/wp\/v2\/pages\/13165\/revisions"}],"predecessor-version":[{"id":13196,"href":"https:\/\/escort-technology.com\/pl\/wp-json\/wp\/v2\/pages\/13165\/revisions\/13196"}],"wp:attachment":[{"href":"https:\/\/escort-technology.com\/pl\/wp-json\/wp\/v2\/media?parent=13165"}],"curies":[{"name":"wp","href":"https:\/\/api.w.org\/{rel}","templated":true}]}}