{"id":13215,"date":"2023-08-22T11:59:59","date_gmt":"2023-08-22T09:59:59","guid":{"rendered":"https:\/\/escort-technology.com\/?page_id=13215"},"modified":"2023-10-27T09:49:11","modified_gmt":"2023-10-27T07:49:11","slug":"standardowe-rejestratory-marki-rbr","status":"publish","type":"page","link":"https:\/\/escort-technology.com\/pl\/standardowe-rejestratory-marki-rbr\/","title":{"rendered":"Standardowe rejestratory marki RBR"},"content":{"rendered":"<h1>\n<h1 class=\"uk-article-title\">Standardowe rejestratory marki RBR<\/h1>\n<\/h1>\n<hr>\n<div>\n<h3>Standardowe rejestratory: Mierz wi\u0119cej, pobieraj szybciej.<\/h3>\n<p>Nasze standardowe rejestratory mog\u0105 mierzy\u0107 do 10 parametr\u00f3w. Liczne opcje konfiguracji pozwalaj\u0105 na maksymalne dostosowanie do potrzeb pomiarowych. Opr\u00f3cz naszych czujnik\u00f3w przewodno\u015bci, temperatury i g\u0142\u0119boko\u015bci, wiele innych, w tym czujniki innych firm, mo\u017ce by\u0107 u\u017cywanych z naszymi rejestratorami.<\/p>\n<\/div>\n<h1>\n<h3 class=\"h-custom-headline h4 accent\"><span>RBRvirtuoso\u00b3 &amp; RBRduo\u00b3 | Single and Dual Channel Loggers<\/span><\/h3>\n<\/h1>\n<p><img decoding=\"async\" src=\"\/wp-content\/uploads\/2023\/08\/RBRvirtuoso%C2%B3-Tu.png\" alt=\"\"><\/p>\n<div>\n<p><strong>Funkcje<\/strong><\/p>\n<ul>\n<li>240 mln odczyt\u00f3w<\/li>\n<li>Pr\u00f3bkowanie do 32 Hz<\/li>\n<li>Pobieranie przez USB-C<\/li>\n<li>Zewn\u0119trzne opcje szeregowe: RS-232 lub RS-485<\/li>\n<li>Mo\u017cliwo\u015b\u0107 pracy przerywanej i ci\u0105g\u0142ej<\/li>\n<\/ul>\n<p><em>Dost\u0119pne czujniki:<\/em><br \/>Przewodno\u015b\u0107, temperatura, g\u0142\u0119boko\u015b\u0107, CO2, tlen rozpuszczony, fluorescencja, ORP, PAR, pH, m\u0119tno\u015b\u0107, transmitancja i napi\u0119cie.<\/p>\n<\/div>\n<h1>\n<h3 class=\"h-custom-headline h4 accent\">RBRduo\u00b3, RBRbrevio\u00b3 &amp; RBRconcerto\u00b3 | C.T, C.T.D, &amp; More<\/h3>\n<\/h1>\n<p><img decoding=\"async\" src=\"\/wp-content\/uploads\/2023\/08\/RBRconcerto%C2%B3-C.T.D.png\" alt=\"\"><\/p>\n<div>\n<p><strong>Funkcje<\/strong><\/p>\n<ul>\n<li>240 mln odczyt\u00f3w<\/li>\n<li>Pr\u00f3bkowanie do 32 Hz<\/li>\n<li>Pobieranie przez USB-C<\/li>\n<li>Aktywacja obrotowa<\/li>\n<li>\u0141\u0105czno\u015b\u0107 Wi-Fi<\/li>\n<\/ul>\n<p><em>Dost\u0119pne czujniki:<\/em><br \/>Przewodno\u015b\u0107, Temperatura, G\u0142\u0119boko\u015b\u0107, CO2, Tlen rozpuszczony, Fluorescencja, ORP, PAR, pH, M\u0119tno\u015b\u0107, Transmitancja i Napi\u0119cie<\/p>\n<p>*RBRbrevio\u00b3 jest wy\u0142\u0105cznie czujnikiem C.T.D<\/p>\n<\/div>\n<h1>\n<h3 class=\"h-custom-headline h4 accent\">RBRmaestro\u00b3 | Multi-Channel Logger<\/h3>\n<\/h1>\n<p><img decoding=\"async\" src=\"\/wp-content\/uploads\/2023\/08\/RBRmaestro%C2%B3.png\" alt=\"\"><\/p>\n<div>\n<p><strong>Funkcje<\/strong><\/p>\n<ul>\n<li>Do 240 mln odczyt\u00f3w<\/li>\n<li>Pr\u00f3bkowanie do 16 Hz<\/li>\n<li>Pobieranie przez USB-C<\/li>\n<li>Aktywacja obrotowa<\/li>\n<li>Obs\u0142uga Wi-Fi<\/li>\n<li>Obs\u0142uga kombinacji od 3 do 10 kana\u0142\u00f3w<\/li>\n<li>Komunikacja w czasie rzeczywistym przez USB, RS-232 lub RS-485<\/li>\n<\/ul>\n<p><em>Dost\u0119pne czujniki:<\/em><br \/>Przewodno\u015b\u0107, temperatura, g\u0142\u0119boko\u015b\u0107, CO2, tlen rozpuszczony, fluorescencja, ORP, PAR, pH, m\u0119tno\u015b\u0107, transmitancja i napi\u0119cie.<\/p>\n<\/div>\n<h1>\n<h3 class=\"h-custom-headline h4 accent\">RBRquartz\u00b3 BPR &amp; RBRquartz\u00b3 Q<\/h3>\n<\/h1>\n<p><img decoding=\"async\" src=\"\/wp-content\/uploads\/2023\/08\/RBRquartz%C2%B3.Q.6.jpg\" alt=\"\"><\/p>\n<div>\n<p><strong>Funkcje<\/strong><\/p>\n<ul>\n<li>Do 240 mln odczyt\u00f3w<\/li>\n<li>Pr\u00f3bkowanie do 16 Hz<\/li>\n<li>Pobieranie przez USB-C<\/li>\n<li>Aktywacja obrotowa<\/li>\n<li>Wysoka dok\u0142adno\u015b\u0107<\/li>\n<li>Komunikacja w czasie rzeczywistym przez USB, RS-232 lub RS-485<\/li>\n<\/ul>\n<\/div>\n<h1>\n<h3 class=\"h-custom-headline h4 accent\">RBRvirtuoso\u00b3 , RBRduo\u00b3 &amp; RBRquartz\u00b3| Tide &amp; Wave Loggers<\/h3>\n<\/h1>\n<p><img decoding=\"async\" src=\"\/wp-content\/uploads\/2023\/08\/RBRduo%C2%B3-T.D.png\" alt=\"\"><\/p>\n<div>\n<p><strong>Funkcje<\/strong><\/p>\n<ul>\n<li>120M pomiar\u00f3w<\/li>\n<li>Pr\u00f3bkowanie do 16 Hz<\/li>\n<li>Pobieranie przez USB-C<\/li>\n<li>Elastyczne u\u015brednianie p\u0142yw\u00f3w<\/li>\n<li>Wykrywanie fal o niskiej cz\u0119stotliwo\u015bci<\/li>\n<li>Mo\u017cliwo\u015b\u0107 pracy przerywanej i ci\u0105g\u0142ej<\/li>\n<\/ul>\n<\/div>\n<h1>\n<h3>RBRconcerto\u00b3 Tx | Termistor Strings<\/h3>\n<\/h1>\n<p><img decoding=\"async\" src=\"\/wp-content\/uploads\/2023\/08\/RBRconcerto%C2%B3-Tx.png\" alt=\"\"><\/p>\n<div>\n<p><strong>Funkcje<\/strong><\/p>\n<ul>\n<li>Odczyty 240M<\/li>\n<li>Pobieranie przez USB-C<\/li>\n<li>Do 24 termistor\u00f3w<\/li>\n<li>D\u0142ugo\u015b\u0107 do 400 m<\/li>\n<\/ul>\n<\/div>\n<p><!--more--><br \/>\n<!-- {\"type\":\"layout\",\"children\":[{\"type\":\"section\",\"props\":{\"image_position\":\"center-center\",\"style\":\"default\",\"title_breakpoint\":\"xl\",\"title_position\":\"top-left\",\"title_rotation\":\"left\",\"vertical_align\":\"middle\",\"width\":\"default\"},\"children\":[{\"type\":\"row\",\"children\":[{\"type\":\"column\",\"props\":{\"image_position\":\"center-center\",\"position_sticky_breakpoint\":\"m\"},\"children\":[{\"type\":\"headline\",\"props\":{\"content\":\"\n\n<h1 class=\\\"uk-article-title\\\">Standardowe rejestratory marki RBR<\\\/h1>\",\"title_element\":\"h1\"}},{\"type\":\"divider\",\"props\":{\"divider_element\":\"hr\"}},{\"type\":\"text\",\"props\":{\"column_breakpoint\":\"m\",\"content\":\"\n\n<h3>Standardowe rejestratory: Mierz wi\\u0119cej, pobieraj szybciej.<\\\/h3>\\n\n\n<p>Nasze standardowe rejestratory mog\\u0105 mierzy\\u0107 do 10 parametr\\u00f3w. Liczne opcje konfiguracji pozwalaj\\u0105 na maksymalne dostosowanie do potrzeb pomiarowych. Opr\\u00f3cz naszych czujnik\\u00f3w przewodno\\u015bci, temperatury i g\\u0142\\u0119boko\\u015bci, wiele innych, w tym czujniki innych firm, mo\\u017ce by\\u0107 u\\u017cywanych z naszymi rejestratorami.<\\\/p>\",\"margin\":\"default\"}}]}]}]},{\"type\":\"section\",\"props\":{\"image_position\":\"center-center\",\"style\":\"default\",\"title\":\"Pomiar dw\\u00f3ch parametr\\u00f3w\",\"title_breakpoint\":\"xl\",\"title_position\":\"top-left\",\"title_rotation\":\"left\",\"vertical_align\":\"middle\",\"width\":\"default\"},\"children\":[{\"type\":\"row\",\"children\":[{\"type\":\"column\",\"props\":{\"image_position\":\"center-center\",\"position_sticky_breakpoint\":\"m\"},\"children\":[{\"type\":\"headline\",\"props\":{\"content\":\"\n\n<h3 class=\\\"h-custom-headline h4 accent\\\"><span>RBRvirtuoso\\u00b3 &amp; RBRduo\\u00b3 | Single and Dual Channel Loggers<\\\/span><\\\/h3>\",\"title_element\":\"h1\"}}]}]},{\"type\":\"row\",\"props\":{\"layout\":\"2-3,1-3\"},\"children\":[{\"type\":\"column\",\"props\":{\"image_position\":\"center-center\",\"position_sticky_breakpoint\":\"m\",\"width_medium\":\"2-3\"},\"children\":[{\"type\":\"image\",\"props\":{\"image\":\"wp-content\\\/uploads\\\/2023\\\/08\\\/RBRvirtuoso\\u00b3-Tu.png\",\"image_svg_color\":\"emphasis\",\"margin\":\"default\"}}]},{\"type\":\"column\",\"props\":{\"image_position\":\"center-center\",\"position_sticky_breakpoint\":\"m\",\"width_medium\":\"1-3\"},\"children\":[{\"type\":\"text\",\"props\":{\"column_breakpoint\":\"m\",\"content\":\"\n\n<p><strong>Funkcje<\\\/strong><\\\/p>\\n\n\n<ul>\\n\n\n<li>240 mln odczyt\\u00f3w<\\\/li>\\n\n\n<li>Pr\\u00f3bkowanie do 32 Hz<\\\/li>\\n\n\n<li>Pobieranie przez USB-C<\\\/li>\\n\n\n<li>Zewn\\u0119trzne opcje szeregowe: RS-232 lub RS-485<\\\/li>\\n\n\n<li>Mo\\u017cliwo\\u015b\\u0107 pracy przerywanej i ci\\u0105g\\u0142ej<\\\/li>\\n<\\\/ul>\\n\n\n<p><em>Dost\\u0119pne czujniki:<\\\/em><br \\\/>Przewodno\\u015b\\u0107, temperatura, g\\u0142\\u0119boko\\u015b\\u0107, CO2, tlen rozpuszczony, fluorescencja, ORP, PAR, pH, m\\u0119tno\\u015b\\u0107, transmitancja i napi\\u0119cie.<\\\/p>\",\"margin\":\"default\"}}]}]}]},{\"type\":\"section\",\"props\":{\"image_position\":\"center-center\",\"style\":\"default\",\"title\":\"Pomiar zasolenia \",\"title_breakpoint\":\"xl\",\"title_position\":\"top-left\",\"title_rotation\":\"left\",\"vertical_align\":\"middle\",\"width\":\"default\"},\"children\":[{\"type\":\"row\",\"children\":[{\"type\":\"column\",\"props\":{\"image_position\":\"center-center\",\"position_sticky_breakpoint\":\"m\"},\"children\":[{\"type\":\"headline\",\"props\":{\"content\":\"\n\n<h3 class=\\\"h-custom-headline h4 accent\\\">RBRduo\\u00b3, RBRbrevio\\u00b3 &amp; RBRconcerto\\u00b3 | C.T, C.T.D, &amp; More<\\\/h3>\",\"title_element\":\"h1\"}}]}]},{\"type\":\"row\",\"props\":{\"layout\":\"2-3,1-3\"},\"children\":[{\"type\":\"column\",\"props\":{\"image_position\":\"center-center\",\"position_sticky_breakpoint\":\"m\",\"width_medium\":\"2-3\"},\"children\":[{\"type\":\"image\",\"props\":{\"image\":\"wp-content\\\/uploads\\\/2023\\\/08\\\/RBRconcerto\\u00b3-C.T.D.png\",\"image_svg_color\":\"emphasis\",\"margin\":\"default\"}}]},{\"type\":\"column\",\"props\":{\"image_position\":\"center-center\",\"position_sticky_breakpoint\":\"m\",\"width_medium\":\"1-3\"},\"children\":[{\"type\":\"text\",\"props\":{\"column_breakpoint\":\"m\",\"content\":\"\n\n<p><strong>Funkcje<\\\/strong><\\\/p>\\n\n\n<ul>\\n\n\n<li>240 mln odczyt\\u00f3w<\\\/li>\\n\n\n<li>Pr\\u00f3bkowanie do 32 Hz<\\\/li>\\n\n\n<li>Pobieranie przez USB-C<\\\/li>\\n\n\n<li>Aktywacja obrotowa<\\\/li>\\n\n\n<li>\\u0141\\u0105czno\\u015b\\u0107 Wi-Fi<\\\/li>\\n<\\\/ul>\\n\n\n<p><em>Dost\\u0119pne czujniki:<\\\/em><br \\\/>Przewodno\\u015b\\u0107, Temperatura, G\\u0142\\u0119boko\\u015b\\u0107, CO2, Tlen rozpuszczony, Fluorescencja, ORP, PAR, pH, M\\u0119tno\\u015b\\u0107, Transmitancja i Napi\\u0119cie<\\\/p>\\n\n\n<p>*RBRbrevio\\u00b3 jest wy\\u0142\\u0105cznie czujnikiem C.T.D<\\\/p>\",\"margin\":\"default\"}}]}]}]},{\"type\":\"section\",\"props\":{\"image_position\":\"center-center\",\"style\":\"default\",\"title\":\"Pomiar od 3 do 10 parametr\\u00f3w \",\"title_breakpoint\":\"xl\",\"title_position\":\"top-left\",\"title_rotation\":\"left\",\"vertical_align\":\"middle\",\"width\":\"default\"},\"children\":[{\"type\":\"row\",\"children\":[{\"type\":\"column\",\"props\":{\"image_position\":\"center-center\",\"position_sticky_breakpoint\":\"m\"},\"children\":[{\"type\":\"headline\",\"props\":{\"content\":\"\n\n<h3 class=\\\"h-custom-headline h4 accent\\\">RBRmaestro\\u00b3 | Multi-Channel Logger<\\\/h3>\",\"title_element\":\"h1\"}}]}]},{\"type\":\"row\",\"props\":{\"layout\":\"2-3,1-3\"},\"children\":[{\"type\":\"column\",\"props\":{\"image_position\":\"center-center\",\"position_sticky_breakpoint\":\"m\",\"width_medium\":\"2-3\"},\"children\":[{\"type\":\"image\",\"props\":{\"image\":\"wp-content\\\/uploads\\\/2023\\\/08\\\/RBRmaestro\\u00b3.png\",\"image_svg_color\":\"emphasis\",\"margin\":\"default\"}}]},{\"type\":\"column\",\"props\":{\"image_position\":\"center-center\",\"position_sticky_breakpoint\":\"m\",\"width_medium\":\"1-3\"},\"children\":[{\"type\":\"text\",\"props\":{\"column_breakpoint\":\"m\",\"content\":\"\n\n<p><strong>Funkcje<\\\/strong><\\\/p>\\n\n\n<ul>\\n\n\n<li>Do 240 mln odczyt\\u00f3w<\\\/li>\\n\n\n<li>Pr\\u00f3bkowanie do 16 Hz<\\\/li>\\n\n\n<li>Pobieranie przez USB-C<\\\/li>\\n\n\n<li>Aktywacja obrotowa<\\\/li>\\n\n\n<li>Obs\\u0142uga Wi-Fi<\\\/li>\\n\n\n<li>Obs\\u0142uga kombinacji od 3 do 10 kana\\u0142\\u00f3w<\\\/li>\\n\n\n<li>Komunikacja w czasie rzeczywistym przez USB, RS-232 lub RS-485<\\\/li>\\n<\\\/ul>\\n\n\n<p><em>Dost\\u0119pne czujniki:<\\\/em><br \\\/>Przewodno\\u015b\\u0107, temperatura, g\\u0142\\u0119boko\\u015b\\u0107, CO2, tlen rozpuszczony, fluorescencja, ORP, PAR, pH, m\\u0119tno\\u015b\\u0107, transmitancja i napi\\u0119cie.<\\\/p>\",\"margin\":\"default\"}}]}]}]},{\"type\":\"section\",\"props\":{\"image_position\":\"center-center\",\"style\":\"default\",\"title\":\"Wysoka dok\\u0142adno\\u015b\\u0107 pomiar\\u00f3w\",\"title_breakpoint\":\"xl\",\"title_position\":\"top-left\",\"title_rotation\":\"left\",\"vertical_align\":\"middle\",\"width\":\"default\"},\"children\":[{\"type\":\"row\",\"children\":[{\"type\":\"column\",\"props\":{\"image_position\":\"center-center\",\"position_sticky_breakpoint\":\"m\"},\"children\":[{\"type\":\"headline\",\"props\":{\"content\":\"\n\n<h3 class=\\\"h-custom-headline h4 accent\\\">RBRquartz\\u00b3 BPR &amp; RBRquartz\\u00b3 Q<\\\/h3>\",\"title_element\":\"h1\"}}]}]},{\"type\":\"row\",\"props\":{\"layout\":\"2-3,1-3\"},\"children\":[{\"type\":\"column\",\"props\":{\"image_position\":\"center-center\",\"position_sticky_breakpoint\":\"m\",\"width_medium\":\"2-3\"},\"children\":[{\"type\":\"image\",\"props\":{\"image\":\"wp-content\\\/uploads\\\/2023\\\/08\\\/RBRquartz\\u00b3.Q.6.jpg\",\"image_svg_color\":\"emphasis\",\"margin\":\"default\"}}]},{\"type\":\"column\",\"props\":{\"image_position\":\"center-center\",\"position_sticky_breakpoint\":\"m\",\"width_medium\":\"1-3\"},\"children\":[{\"type\":\"text\",\"props\":{\"column_breakpoint\":\"m\",\"content\":\"\n\n<p><strong>Funkcje<\\\/strong><\\\/p>\\n\n\n<ul>\\n\n\n<li>Do 240 mln odczyt\\u00f3w<\\\/li>\\n\n\n<li>Pr\\u00f3bkowanie do 16 Hz<\\\/li>\\n\n\n<li>Pobieranie przez USB-C<\\\/li>\\n\n\n<li>Aktywacja obrotowa<\\\/li>\\n\n\n<li>Wysoka dok\\u0142adno\\u015b\\u0107<\\\/li>\\n\n\n<li>Komunikacja w czasie rzeczywistym przez USB, RS-232 lub RS-485<\\\/li>\\n<\\\/ul>\",\"margin\":\"default\"}}]}]}]},{\"type\":\"section\",\"props\":{\"image_position\":\"center-center\",\"style\":\"default\",\"title\":\"Pomiar p\\u0142yw\\u00f3w i fal\",\"title_breakpoint\":\"xl\",\"title_position\":\"top-left\",\"title_rotation\":\"left\",\"vertical_align\":\"middle\",\"width\":\"default\"},\"children\":[{\"type\":\"row\",\"children\":[{\"type\":\"column\",\"props\":{\"image_position\":\"center-center\",\"position_sticky_breakpoint\":\"m\"},\"children\":[{\"type\":\"headline\",\"props\":{\"content\":\"\n\n<h3 class=\\\"h-custom-headline h4 accent\\\">RBRvirtuoso\\u00b3 , RBRduo\\u00b3 &amp; RBRquartz\\u00b3| Tide &amp; Wave Loggers<\\\/h3>\",\"title_element\":\"h1\"}}]}]},{\"type\":\"row\",\"props\":{\"layout\":\"2-3,1-3\"},\"children\":[{\"type\":\"column\",\"props\":{\"image_position\":\"center-center\",\"position_sticky_breakpoint\":\"m\",\"width_medium\":\"2-3\"},\"children\":[{\"type\":\"image\",\"props\":{\"image\":\"wp-content\\\/uploads\\\/2023\\\/08\\\/RBRduo\\u00b3-T.D.png\",\"image_svg_color\":\"emphasis\",\"margin\":\"default\"}}]},{\"type\":\"column\",\"props\":{\"image_position\":\"center-center\",\"position_sticky_breakpoint\":\"m\",\"width_medium\":\"1-3\"},\"children\":[{\"type\":\"text\",\"props\":{\"column_breakpoint\":\"m\",\"content\":\"\n\n<p><strong>Funkcje<\\\/strong><\\\/p>\\n\n\n<ul>\\n\n\n<li>120M pomiar\\u00f3w<\\\/li>\\n\n\n<li>Pr\\u00f3bkowanie do 16 Hz<\\\/li>\\n\n\n<li>Pobieranie przez USB-C<\\\/li>\\n\n\n<li>Elastyczne u\\u015brednianie p\\u0142yw\\u00f3w<\\\/li>\\n\n\n<li>Wykrywanie fal o niskiej cz\\u0119stotliwo\\u015bci<\\\/li>\\n\n\n<li>Mo\\u017cliwo\\u015b\\u0107 pracy przerywanej i ci\\u0105g\\u0142ej<\\\/li>\\n<\\\/ul>\",\"margin\":\"default\"}}]}]}]},{\"type\":\"section\",\"props\":{\"image_position\":\"center-center\",\"style\":\"default\",\"title\":\"Pomiar temperatury\",\"title_breakpoint\":\"xl\",\"title_position\":\"top-left\",\"title_rotation\":\"left\",\"vertical_align\":\"middle\",\"width\":\"default\"},\"children\":[{\"type\":\"row\",\"children\":[{\"type\":\"column\",\"props\":{\"image_position\":\"center-center\",\"position_sticky_breakpoint\":\"m\"},\"children\":[{\"type\":\"headline\",\"props\":{\"content\":\"\n\n<h3>RBRconcerto\\u00b3 Tx | Termistor Strings<\\\/h3>\",\"title_element\":\"h1\"}}]}]},{\"type\":\"row\",\"props\":{\"layout\":\"2-3,1-3\"},\"children\":[{\"type\":\"column\",\"props\":{\"image_position\":\"center-center\",\"position_sticky_breakpoint\":\"m\",\"width_medium\":\"2-3\"},\"children\":[{\"type\":\"image\",\"props\":{\"image\":\"wp-content\\\/uploads\\\/2023\\\/08\\\/RBRconcerto\\u00b3-Tx.png\",\"image_svg_color\":\"emphasis\",\"margin\":\"default\"}}]},{\"type\":\"column\",\"props\":{\"image_position\":\"center-center\",\"position_sticky_breakpoint\":\"m\",\"width_medium\":\"1-3\"},\"children\":[{\"type\":\"text\",\"props\":{\"column_breakpoint\":\"m\",\"content\":\"\n\n<p><strong>Funkcje<\\\/strong><\\\/p>\\n\n\n<ul>\\n\n\n<li>Odczyty 240M<\\\/li>\\n\n\n<li>Pobieranie przez USB-C<\\\/li>\\n\n\n<li>Do 24 termistor\\u00f3w<\\\/li>\\n\n\n<li>D\\u0142ugo\\u015b\\u0107 do 400 m<\\\/li>\\n<\\\/ul>\",\"margin\":\"default\"}}]}]}]}],\"version\":\"4.0.13\"} --><\/p>\n","protected":false},"excerpt":{"rendered":"<p>Standardowe rejestratory marki RBR Standardowe rejestratory: Mierz wi\u0119cej, pobieraj szybciej. Nasze standardowe rejestratory mog\u0105 mierzy\u0107 do 10 parametr\u00f3w. Liczne opcje konfiguracji pozwalaj\u0105 na maksymalne dostosowanie do potrzeb pomiarowych. Opr\u00f3cz naszych czujnik\u00f3w przewodno\u015bci, temperatury i g\u0142\u0119boko\u015bci, wiele innych, w tym czujniki innych firm, mo\u017ce by\u0107 u\u017cywanych z naszymi rejestratorami. RBRvirtuoso\u00b3 &amp; RBRduo\u00b3 | Single and Dual [&hellip;]<\/p>\n","protected":false},"author":10,"featured_media":0,"parent":0,"menu_order":0,"comment_status":"closed","ping_status":"closed","template":"","meta":{"footnotes":""},"class_list":["post-13215","page","type-page","status-publish","hentry"],"yoast_head":"<!-- This site is optimized with the Yoast SEO plugin v27.5 - https:\/\/yoast.com\/product\/yoast-seo-wordpress\/ -->\n<title>Standardowe rejestratory marki RBR - ESCORT TECHNOLOGY<\/title>\n<meta name=\"robots\" content=\"index, follow, max-snippet:-1, max-image-preview:large, max-video-preview:-1\" \/>\n<link rel=\"canonical\" href=\"https:\/\/escort-technology.com\/pl\/standardowe-rejestratory-marki-rbr\/\" \/>\n<meta property=\"og:locale\" content=\"pl_PL\" \/>\n<meta property=\"og:type\" content=\"article\" \/>\n<meta property=\"og:title\" content=\"Standardowe rejestratory marki RBR - ESCORT TECHNOLOGY\" \/>\n<meta property=\"og:description\" content=\"Standardowe rejestratory marki RBR Standardowe rejestratory: Mierz wi\u0119cej, pobieraj szybciej. Nasze standardowe rejestratory mog\u0105 mierzy\u0107 do 10 parametr\u00f3w. Liczne opcje konfiguracji pozwalaj\u0105 na maksymalne dostosowanie do potrzeb pomiarowych. Opr\u00f3cz naszych czujnik\u00f3w przewodno\u015bci, temperatury i g\u0142\u0119boko\u015bci, wiele innych, w tym czujniki innych firm, mo\u017ce by\u0107 u\u017cywanych z naszymi rejestratorami. RBRvirtuoso\u00b3 &amp; RBRduo\u00b3 | Single and Dual [&hellip;]\" \/>\n<meta property=\"og:url\" content=\"https:\/\/escort-technology.com\/pl\/standardowe-rejestratory-marki-rbr\/\" \/>\n<meta property=\"og:site_name\" content=\"ESCORT TECHNOLOGY\" \/>\n<meta property=\"article:publisher\" content=\"https:\/\/www.facebook.com\/elektronika.morska\/\" \/>\n<meta property=\"article:modified_time\" content=\"2023-10-27T07:49:11+00:00\" \/>\n<meta name=\"twitter:card\" content=\"summary_large_image\" \/>\n<meta name=\"twitter:label1\" content=\"Szacowany czas czytania\" \/>\n\t<meta name=\"twitter:data1\" content=\"2 minuty\" \/>\n<script type=\"application\/ld+json\" class=\"yoast-schema-graph\">{\"@context\":\"https:\\\/\\\/schema.org\",\"@graph\":[{\"@type\":\"WebPage\",\"@id\":\"https:\\\/\\\/escort-technology.com\\\/standardowe-rejestratory-marki-rbr\\\/\",\"url\":\"https:\\\/\\\/escort-technology.com\\\/standardowe-rejestratory-marki-rbr\\\/\",\"name\":\"Standardowe rejestratory marki RBR - ESCORT TECHNOLOGY\",\"isPartOf\":{\"@id\":\"http:\\\/\\\/escort-technology.com\\\/de\\\/#website\"},\"datePublished\":\"2023-08-22T09:59:59+00:00\",\"dateModified\":\"2023-10-27T07:49:11+00:00\",\"breadcrumb\":{\"@id\":\"https:\\\/\\\/escort-technology.com\\\/standardowe-rejestratory-marki-rbr\\\/#breadcrumb\"},\"inLanguage\":\"pl-PL\",\"potentialAction\":[{\"@type\":\"ReadAction\",\"target\":[\"https:\\\/\\\/escort-technology.com\\\/standardowe-rejestratory-marki-rbr\\\/\"]}]},{\"@type\":\"BreadcrumbList\",\"@id\":\"https:\\\/\\\/escort-technology.com\\\/standardowe-rejestratory-marki-rbr\\\/#breadcrumb\",\"itemListElement\":[{\"@type\":\"ListItem\",\"position\":1,\"name\":\"Strona g\u0142\u00f3wna\",\"item\":\"https:\\\/\\\/escort-technology.com\\\/\"},{\"@type\":\"ListItem\",\"position\":2,\"name\":\"Standardowe rejestratory marki RBR\"}]},{\"@type\":\"WebSite\",\"@id\":\"http:\\\/\\\/escort-technology.com\\\/de\\\/#website\",\"url\":\"http:\\\/\\\/escort-technology.com\\\/de\\\/\",\"name\":\"ESCORT TECHNOLOGY\",\"description\":\"Elektronika morska i l\u0105dowa\",\"publisher\":{\"@id\":\"http:\\\/\\\/escort-technology.com\\\/de\\\/#organization\"},\"potentialAction\":[{\"@type\":\"SearchAction\",\"target\":{\"@type\":\"EntryPoint\",\"urlTemplate\":\"http:\\\/\\\/escort-technology.com\\\/de\\\/?s={search_term_string}\"},\"query-input\":{\"@type\":\"PropertyValueSpecification\",\"valueRequired\":true,\"valueName\":\"search_term_string\"}}],\"inLanguage\":\"pl-PL\"},{\"@type\":\"Organization\",\"@id\":\"http:\\\/\\\/escort-technology.com\\\/de\\\/#organization\",\"name\":\"ESCORT TECHNOLOGY\",\"url\":\"http:\\\/\\\/escort-technology.com\\\/de\\\/\",\"logo\":{\"@type\":\"ImageObject\",\"inLanguage\":\"pl-PL\",\"@id\":\"http:\\\/\\\/escort-technology.com\\\/de\\\/#\\\/schema\\\/logo\\\/image\\\/\",\"url\":\"https:\\\/\\\/escort-technology.com\\\/wp-content\\\/uploads\\\/logo-1.jpg\",\"contentUrl\":\"https:\\\/\\\/escort-technology.com\\\/wp-content\\\/uploads\\\/logo-1.jpg\",\"width\":600,\"height\":165,\"caption\":\"ESCORT TECHNOLOGY\"},\"image\":{\"@id\":\"http:\\\/\\\/escort-technology.com\\\/de\\\/#\\\/schema\\\/logo\\\/image\\\/\"},\"sameAs\":[\"https:\\\/\\\/www.facebook.com\\\/elektronika.morska\\\/\",\"https:\\\/\\\/www.linkedin.com\\\/company\\\/escort-sp-z-o-o-\\\/\"]}]}<\/script>\n<!-- \/ Yoast SEO plugin. -->","yoast_head_json":{"title":"Standardowe rejestratory marki RBR - ESCORT TECHNOLOGY","robots":{"index":"index","follow":"follow","max-snippet":"max-snippet:-1","max-image-preview":"max-image-preview:large","max-video-preview":"max-video-preview:-1"},"canonical":"https:\/\/escort-technology.com\/pl\/standardowe-rejestratory-marki-rbr\/","og_locale":"pl_PL","og_type":"article","og_title":"Standardowe rejestratory marki RBR - ESCORT TECHNOLOGY","og_description":"Standardowe rejestratory marki RBR Standardowe rejestratory: Mierz wi\u0119cej, pobieraj szybciej. Nasze standardowe rejestratory mog\u0105 mierzy\u0107 do 10 parametr\u00f3w. Liczne opcje konfiguracji pozwalaj\u0105 na maksymalne dostosowanie do potrzeb pomiarowych. Opr\u00f3cz naszych czujnik\u00f3w przewodno\u015bci, temperatury i g\u0142\u0119boko\u015bci, wiele innych, w tym czujniki innych firm, mo\u017ce by\u0107 u\u017cywanych z naszymi rejestratorami. RBRvirtuoso\u00b3 &amp; RBRduo\u00b3 | Single and Dual [&hellip;]","og_url":"https:\/\/escort-technology.com\/pl\/standardowe-rejestratory-marki-rbr\/","og_site_name":"ESCORT TECHNOLOGY","article_publisher":"https:\/\/www.facebook.com\/elektronika.morska\/","article_modified_time":"2023-10-27T07:49:11+00:00","twitter_card":"summary_large_image","twitter_misc":{"Szacowany czas czytania":"2 minuty"},"schema":{"@context":"https:\/\/schema.org","@graph":[{"@type":"WebPage","@id":"https:\/\/escort-technology.com\/standardowe-rejestratory-marki-rbr\/","url":"https:\/\/escort-technology.com\/standardowe-rejestratory-marki-rbr\/","name":"Standardowe rejestratory marki RBR - ESCORT TECHNOLOGY","isPartOf":{"@id":"http:\/\/escort-technology.com\/de\/#website"},"datePublished":"2023-08-22T09:59:59+00:00","dateModified":"2023-10-27T07:49:11+00:00","breadcrumb":{"@id":"https:\/\/escort-technology.com\/standardowe-rejestratory-marki-rbr\/#breadcrumb"},"inLanguage":"pl-PL","potentialAction":[{"@type":"ReadAction","target":["https:\/\/escort-technology.com\/standardowe-rejestratory-marki-rbr\/"]}]},{"@type":"BreadcrumbList","@id":"https:\/\/escort-technology.com\/standardowe-rejestratory-marki-rbr\/#breadcrumb","itemListElement":[{"@type":"ListItem","position":1,"name":"Strona g\u0142\u00f3wna","item":"https:\/\/escort-technology.com\/"},{"@type":"ListItem","position":2,"name":"Standardowe rejestratory marki RBR"}]},{"@type":"WebSite","@id":"http:\/\/escort-technology.com\/de\/#website","url":"http:\/\/escort-technology.com\/de\/","name":"ESCORT TECHNOLOGY","description":"Elektronika morska i l\u0105dowa","publisher":{"@id":"http:\/\/escort-technology.com\/de\/#organization"},"potentialAction":[{"@type":"SearchAction","target":{"@type":"EntryPoint","urlTemplate":"http:\/\/escort-technology.com\/de\/?s={search_term_string}"},"query-input":{"@type":"PropertyValueSpecification","valueRequired":true,"valueName":"search_term_string"}}],"inLanguage":"pl-PL"},{"@type":"Organization","@id":"http:\/\/escort-technology.com\/de\/#organization","name":"ESCORT TECHNOLOGY","url":"http:\/\/escort-technology.com\/de\/","logo":{"@type":"ImageObject","inLanguage":"pl-PL","@id":"http:\/\/escort-technology.com\/de\/#\/schema\/logo\/image\/","url":"https:\/\/escort-technology.com\/wp-content\/uploads\/logo-1.jpg","contentUrl":"https:\/\/escort-technology.com\/wp-content\/uploads\/logo-1.jpg","width":600,"height":165,"caption":"ESCORT TECHNOLOGY"},"image":{"@id":"http:\/\/escort-technology.com\/de\/#\/schema\/logo\/image\/"},"sameAs":["https:\/\/www.facebook.com\/elektronika.morska\/","https:\/\/www.linkedin.com\/company\/escort-sp-z-o-o-\/"]}]}},"_links":{"self":[{"href":"https:\/\/escort-technology.com\/pl\/wp-json\/wp\/v2\/pages\/13215","targetHints":{"allow":["GET"]}}],"collection":[{"href":"https:\/\/escort-technology.com\/pl\/wp-json\/wp\/v2\/pages"}],"about":[{"href":"https:\/\/escort-technology.com\/pl\/wp-json\/wp\/v2\/types\/page"}],"author":[{"embeddable":true,"href":"https:\/\/escort-technology.com\/pl\/wp-json\/wp\/v2\/users\/10"}],"replies":[{"embeddable":true,"href":"https:\/\/escort-technology.com\/pl\/wp-json\/wp\/v2\/comments?post=13215"}],"version-history":[{"count":42,"href":"https:\/\/escort-technology.com\/pl\/wp-json\/wp\/v2\/pages\/13215\/revisions"}],"predecessor-version":[{"id":13357,"href":"https:\/\/escort-technology.com\/pl\/wp-json\/wp\/v2\/pages\/13215\/revisions\/13357"}],"wp:attachment":[{"href":"https:\/\/escort-technology.com\/pl\/wp-json\/wp\/v2\/media?parent=13215"}],"curies":[{"name":"wp","href":"https:\/\/api.w.org\/{rel}","templated":true}]}}