{"id":13283,"date":"2023-10-17T12:06:01","date_gmt":"2023-10-17T10:06:01","guid":{"rendered":"https:\/\/escort-technology.com\/?page_id=13283"},"modified":"2024-04-11T10:18:04","modified_gmt":"2024-04-11T08:18:04","slug":"echosonda-wielowiazkowa-kongsberg-em2042","status":"publish","type":"page","link":"https:\/\/escort-technology.com\/pl\/echosonda-wielowiazkowa-kongsberg-em2042\/","title":{"rendered":"Echosonda wielowi\u0105zkowa Kongsberg EM2042"},"content":{"rendered":"<h1>\n<h1 class=\"uk-article-title\">Echosonda wielowi\u0105zkowa Kongsberg EM2042<\/h1>\n<\/h1>\n<hr>\n<p><img decoding=\"async\" src=\"\/wp-content\/uploads\/2024\/04\/em2042_1000x1000.webp\" alt=\"\"><\/p>\n<div>\n<h3>Echosonda wielowi\u0105zkowa EM 2042 &#8211; przeznaczona na p\u0142ytsze akweny<\/h3>\n<p>Echosonda wielowi\u0105zkowa EM 2042 jest wydajna, lekka, wytrzyma\u0142a i niezawodna: dostarcza czyste dane o wysokiej g\u0119sto\u015bci i rozdzielczo\u015bci w najbardziej wymagaj\u0105cych \u015brodowiskach morskich.<\/p>\n<\/div>\n<div>\n<p>Dzi\u0119ki prostej instalacji i bezawaryjnej pracy, EM 2042 zosta\u0142 zaprojektowany do u\u017cytku na wielu r\u00f3\u017cnych statkach. Jego dok\u0142adno\u015b\u0107, wszechstronno\u015b\u0107 i stabilno\u015b\u0107, z rzeczywist\u0105 \/ prawdziw\u0105 stabilizacj\u0105 odchylenia, wyd\u0142u\u017ca okna pogodowe i optymalizuje czas trwania badania &#8211; zapewniaj\u0105c potrzebne dane, kiedy ich potrzebujesz.<\/p>\n<p>\u0141atwy do wdro\u017cenia i energooszcz\u0119dny w eksploatacji, EM 2042 wyznacza nowy standard mapowania dna morskiego w p\u0142ytkich wodach.<\/p>\n<\/div>\n<div>\n<p>Kluczowe cechy:<\/p>\n<ul>\n<li>60% l\u017cejszy ni\u017c EM 2040, umo\u017cliwiaj\u0105cy rozmieszczenie na statkach o r\u00f3\u017cnych rozmiarach, w tym na bezza\u0142ogowych statkach nawodnych (USV).<\/li>\n<li>Wiod\u0105ce na rynku pozyskiwanie czystych danych dzi\u0119ki wysokiej wierno\u015bci wewn\u0119trznej integracji INS (Seapath) <\/li>\n<li>Zaawansowane sterowanie wi\u0105zk\u0105 w celu spe\u0142nienia rygorystycznych wymaga\u0144 dotycz\u0105cych g\u0119sto\u015bci i rozdzielczo\u015bci danych<\/li>\n<li>Zmniejszone zu\u017cycie energii<\/li>\n<li>Prawdziwe wielocz\u0119stotliwo\u015bciowe rozpraszanie wsteczne<\/li>\n<li>\u0141atwa instalacja, ustawienie i konfiguracja &#8211; z monta\u017cem na kad\u0142ubie statku lub &#8222;przez burt\u0119&#8221; oraz automatycznym wykrywaniem i ustawianiem systemu (Seapath i EM)<\/li>\n<li>Rzeczywista stabilizacja odchylenia, aby zmaksymalizowa\u0107 okna pogodowe<\/li>\n<li>Zaprojektowany, aby umo\u017cliwi\u0107 szybk\u0105 wymian\u0119 g\u0142owic sonaru, a kompleksowa obs\u0142uga i wsparcie s\u0105 dost\u0119pne 24 godziny na dob\u0119, 7 dni w tygodniu za po\u015brednictwem globalnej sieci KONGSBERG.<\/li>\n<li>Brak konieczno\u015bci posiadania licencji eksportowych lub innych kwestii zwi\u0105zanych ze starszym sprz\u0119tem<\/li>\n<\/ul>\n<\/div>\n<div>\n<h3>Linki:<\/h3>\n<\/div>\n<p>\n    <a href=\"\/wp-content\/uploads\/2023\/10\/496233ab_em2042_data_sheet.pdf\">Karta katalogowa <\/a>\n<\/p>\n<p><!--more--><br \/>\n<!-- {\"type\":\"layout\",\"children\":[{\"type\":\"section\",\"props\":{\"image_position\":\"center-center\",\"style\":\"default\",\"title_breakpoint\":\"xl\",\"title_position\":\"top-left\",\"title_rotation\":\"left\",\"vertical_align\":\"middle\",\"width\":\"default\"},\"children\":[{\"type\":\"row\",\"children\":[{\"type\":\"column\",\"props\":{\"image_position\":\"center-center\",\"position_sticky_breakpoint\":\"m\"},\"children\":[{\"type\":\"headline\",\"props\":{\"content\":\"\n\n<h1 class=\\\"uk-article-title\\\">Echosonda wielowi\\u0105zkowa Kongsberg EM2042<\\\/h1>\",\"title_element\":\"h1\"}},{\"type\":\"divider\",\"props\":{\"divider_element\":\"hr\"}},{\"type\":\"image\",\"props\":{\"image\":\"wp-content\\\/uploads\\\/2024\\\/04\\\/em2042_1000x1000.webp\",\"image_svg_color\":\"emphasis\",\"margin\":\"default\",\"text_align\":\"center\"}},{\"type\":\"text\",\"props\":{\"column_breakpoint\":\"m\",\"content\":\"\n\n<h3>Echosonda wielowi\\u0105zkowa EM 2042 - przeznaczona na p\\u0142ytsze akweny<\\\/h3>\\n\n\n<p><br \\\/>Echosonda wielowi\\u0105zkowa EM 2042 jest wydajna, lekka, wytrzyma\\u0142a i niezawodna: dostarcza czyste dane o wysokiej g\\u0119sto\\u015bci i rozdzielczo\\u015bci w najbardziej wymagaj\\u0105cych \\u015brodowiskach morskich.<\\\/p>\",\"margin\":\"default\"}},{\"type\":\"text\",\"props\":{\"column_breakpoint\":\"m\",\"content\":\"\n\n<p>Dzi\\u0119ki prostej instalacji i bezawaryjnej pracy, EM 2042 zosta\\u0142 zaprojektowany do u\\u017cytku na wielu r\\u00f3\\u017cnych statkach. Jego dok\\u0142adno\\u015b\\u0107, wszechstronno\\u015b\\u0107 i stabilno\\u015b\\u0107, z rzeczywist\\u0105 \\\/ prawdziw\\u0105 stabilizacj\\u0105 odchylenia, wyd\\u0142u\\u017ca okna pogodowe i optymalizuje czas trwania badania - zapewniaj\\u0105c potrzebne dane, kiedy ich potrzebujesz.<\\\/p>\\n\n\n<p>\\u0141atwy do wdro\\u017cenia i energooszcz\\u0119dny w eksploatacji, EM 2042 wyznacza nowy standard mapowania dna morskiego w p\\u0142ytkich wodach.<\\\/p>\",\"margin\":\"default\"}},{\"type\":\"text\",\"props\":{\"column_breakpoint\":\"m\",\"content\":\"\n\n<p>Kluczowe cechy:<\\\/p>\\n\n\n<ul>\\n\n\n<li>60% l\\u017cejszy ni\\u017c EM 2040, umo\\u017cliwiaj\\u0105cy rozmieszczenie na statkach o r\\u00f3\\u017cnych rozmiarach, w tym na bezza\\u0142ogowych statkach nawodnych (USV).<\\\/li>\\n\n\n<li>Wiod\\u0105ce na rynku pozyskiwanie czystych danych dzi\\u0119ki wysokiej wierno\\u015bci wewn\\u0119trznej integracji INS (Seapath) <\\\/li>\\n\n\n<li>Zaawansowane sterowanie wi\\u0105zk\\u0105 w celu spe\\u0142nienia rygorystycznych wymaga\\u0144 dotycz\\u0105cych g\\u0119sto\\u015bci i rozdzielczo\\u015bci danych<\\\/li>\\n\n\n<li>Zmniejszone zu\\u017cycie energii<\\\/li>\\n\n\n<li>Prawdziwe wielocz\\u0119stotliwo\\u015bciowe rozpraszanie wsteczne<\\\/li>\\n\n\n<li>\\u0141atwa instalacja, ustawienie i konfiguracja - z monta\\u017cem na kad\\u0142ubie statku lub \\\"przez burt\\u0119\\\" oraz automatycznym wykrywaniem i ustawianiem systemu (Seapath i EM)<\\\/li>\\n\n\n<li>Rzeczywista stabilizacja odchylenia, aby zmaksymalizowa\\u0107 okna pogodowe<\\\/li>\\n\n\n<li>Zaprojektowany, aby umo\\u017cliwi\\u0107 szybk\\u0105 wymian\\u0119 g\\u0142owic sonaru, a kompleksowa obs\\u0142uga i wsparcie s\\u0105 dost\\u0119pne 24 godziny na dob\\u0119, 7 dni w tygodniu za po\\u015brednictwem globalnej sieci KONGSBERG.<\\\/li>\\n\n\n<li>Brak konieczno\\u015bci posiadania licencji eksportowych lub innych kwestii zwi\\u0105zanych ze starszym sprz\\u0119tem<\\\/li>\\n<\\\/ul>\",\"margin\":\"default\"}}]}]}]},{\"type\":\"section\",\"props\":{\"image_position\":\"center-center\",\"style\":\"default\",\"title_breakpoint\":\"xl\",\"title_position\":\"top-left\",\"title_rotation\":\"left\",\"vertical_align\":\"middle\",\"width\":\"default\"},\"children\":[{\"type\":\"row\",\"children\":[{\"type\":\"column\",\"props\":{\"image_position\":\"center-center\",\"position_sticky_breakpoint\":\"m\"},\"children\":[{\"type\":\"text\",\"props\":{\"column_breakpoint\":\"m\",\"content\":\"\n\n<h3>Linki:<\\\/h3>\",\"margin\":\"default\"}},{\"type\":\"button\",\"props\":{\"grid_column_gap\":\"small\",\"grid_row_gap\":\"small\",\"margin\":\"default\",\"text_align\":\"center\"},\"children\":[{\"type\":\"button_item\",\"props\":{\"button_style\":\"default\",\"content\":\"Karta katalogowa \",\"icon_align\":\"left\",\"link\":\"wp-content\\\/uploads\\\/2023\\\/10\\\/496233ab_em2042_data_sheet.pdf\"}}]}]}]}]}],\"version\":\"4.0.13\"} --><\/p>\n","protected":false},"excerpt":{"rendered":"<p>Echosonda wielowi\u0105zkowa Kongsberg EM2042 Echosonda wielowi\u0105zkowa EM 2042 &#8211; przeznaczona na p\u0142ytsze akweny Echosonda wielowi\u0105zkowa EM 2042 jest wydajna, lekka, wytrzyma\u0142a i niezawodna: dostarcza czyste dane o wysokiej g\u0119sto\u015bci i rozdzielczo\u015bci w najbardziej wymagaj\u0105cych \u015brodowiskach morskich. Dzi\u0119ki prostej instalacji i bezawaryjnej pracy, EM 2042 zosta\u0142 zaprojektowany do u\u017cytku na wielu r\u00f3\u017cnych statkach. Jego dok\u0142adno\u015b\u0107, wszechstronno\u015b\u0107 [&hellip;]<\/p>\n","protected":false},"author":10,"featured_media":0,"parent":0,"menu_order":0,"comment_status":"closed","ping_status":"closed","template":"","meta":{"footnotes":""},"class_list":["post-13283","page","type-page","status-publish","hentry"],"yoast_head":"<!-- This site is optimized with the Yoast SEO plugin v27.6 - https:\/\/yoast.com\/product\/yoast-seo-wordpress\/ -->\n<title>Echosonda wielowi\u0105zkowa Kongsberg EM2042 - ESCORT TECHNOLOGY<\/title>\n<meta name=\"robots\" content=\"index, follow, max-snippet:-1, max-image-preview:large, max-video-preview:-1\" \/>\n<link rel=\"canonical\" href=\"https:\/\/escort-technology.com\/pl\/echosonda-wielowiazkowa-kongsberg-em2042\/\" \/>\n<meta property=\"og:locale\" content=\"pl_PL\" \/>\n<meta property=\"og:type\" content=\"article\" \/>\n<meta property=\"og:title\" content=\"Echosonda wielowi\u0105zkowa Kongsberg EM2042 - ESCORT TECHNOLOGY\" \/>\n<meta property=\"og:description\" content=\"Echosonda wielowi\u0105zkowa Kongsberg EM2042 Echosonda wielowi\u0105zkowa EM 2042 &#8211; przeznaczona na p\u0142ytsze akweny Echosonda wielowi\u0105zkowa EM 2042 jest wydajna, lekka, wytrzyma\u0142a i niezawodna: dostarcza czyste dane o wysokiej g\u0119sto\u015bci i rozdzielczo\u015bci w najbardziej wymagaj\u0105cych \u015brodowiskach morskich. Dzi\u0119ki prostej instalacji i bezawaryjnej pracy, EM 2042 zosta\u0142 zaprojektowany do u\u017cytku na wielu r\u00f3\u017cnych statkach. Jego dok\u0142adno\u015b\u0107, wszechstronno\u015b\u0107 [&hellip;]\" \/>\n<meta property=\"og:url\" content=\"https:\/\/escort-technology.com\/pl\/echosonda-wielowiazkowa-kongsberg-em2042\/\" \/>\n<meta property=\"og:site_name\" content=\"ESCORT TECHNOLOGY\" \/>\n<meta property=\"article:publisher\" content=\"https:\/\/www.facebook.com\/elektronika.morska\/\" \/>\n<meta property=\"article:modified_time\" content=\"2024-04-11T08:18:04+00:00\" \/>\n<meta name=\"twitter:card\" content=\"summary_large_image\" \/>\n<meta name=\"twitter:label1\" content=\"Szacowany czas czytania\" \/>\n\t<meta name=\"twitter:data1\" content=\"1 minuta\" \/>\n<script type=\"application\/ld+json\" class=\"yoast-schema-graph\">{\"@context\":\"https:\\\/\\\/schema.org\",\"@graph\":[{\"@type\":\"WebPage\",\"@id\":\"https:\\\/\\\/escort-technology.com\\\/echosonda-wielowiazkowa-kongsberg-em2042\\\/\",\"url\":\"https:\\\/\\\/escort-technology.com\\\/echosonda-wielowiazkowa-kongsberg-em2042\\\/\",\"name\":\"Echosonda wielowi\u0105zkowa Kongsberg EM2042 - ESCORT TECHNOLOGY\",\"isPartOf\":{\"@id\":\"http:\\\/\\\/escort-technology.com\\\/de\\\/#website\"},\"datePublished\":\"2023-10-17T10:06:01+00:00\",\"dateModified\":\"2024-04-11T08:18:04+00:00\",\"breadcrumb\":{\"@id\":\"https:\\\/\\\/escort-technology.com\\\/echosonda-wielowiazkowa-kongsberg-em2042\\\/#breadcrumb\"},\"inLanguage\":\"pl-PL\",\"potentialAction\":[{\"@type\":\"ReadAction\",\"target\":[\"https:\\\/\\\/escort-technology.com\\\/echosonda-wielowiazkowa-kongsberg-em2042\\\/\"]}]},{\"@type\":\"BreadcrumbList\",\"@id\":\"https:\\\/\\\/escort-technology.com\\\/echosonda-wielowiazkowa-kongsberg-em2042\\\/#breadcrumb\",\"itemListElement\":[{\"@type\":\"ListItem\",\"position\":1,\"name\":\"Strona g\u0142\u00f3wna\",\"item\":\"https:\\\/\\\/escort-technology.com\\\/\"},{\"@type\":\"ListItem\",\"position\":2,\"name\":\"Echosonda wielowi\u0105zkowa Kongsberg EM2042\"}]},{\"@type\":\"WebSite\",\"@id\":\"http:\\\/\\\/escort-technology.com\\\/de\\\/#website\",\"url\":\"http:\\\/\\\/escort-technology.com\\\/de\\\/\",\"name\":\"ESCORT TECHNOLOGY\",\"description\":\"Elektronika morska i l\u0105dowa\",\"publisher\":{\"@id\":\"http:\\\/\\\/escort-technology.com\\\/de\\\/#organization\"},\"potentialAction\":[{\"@type\":\"SearchAction\",\"target\":{\"@type\":\"EntryPoint\",\"urlTemplate\":\"http:\\\/\\\/escort-technology.com\\\/de\\\/?s={search_term_string}\"},\"query-input\":{\"@type\":\"PropertyValueSpecification\",\"valueRequired\":true,\"valueName\":\"search_term_string\"}}],\"inLanguage\":\"pl-PL\"},{\"@type\":\"Organization\",\"@id\":\"http:\\\/\\\/escort-technology.com\\\/de\\\/#organization\",\"name\":\"ESCORT TECHNOLOGY\",\"url\":\"http:\\\/\\\/escort-technology.com\\\/de\\\/\",\"logo\":{\"@type\":\"ImageObject\",\"inLanguage\":\"pl-PL\",\"@id\":\"http:\\\/\\\/escort-technology.com\\\/de\\\/#\\\/schema\\\/logo\\\/image\\\/\",\"url\":\"https:\\\/\\\/escort-technology.com\\\/wp-content\\\/uploads\\\/logo-1.jpg\",\"contentUrl\":\"https:\\\/\\\/escort-technology.com\\\/wp-content\\\/uploads\\\/logo-1.jpg\",\"width\":600,\"height\":165,\"caption\":\"ESCORT TECHNOLOGY\"},\"image\":{\"@id\":\"http:\\\/\\\/escort-technology.com\\\/de\\\/#\\\/schema\\\/logo\\\/image\\\/\"},\"sameAs\":[\"https:\\\/\\\/www.facebook.com\\\/elektronika.morska\\\/\",\"https:\\\/\\\/www.linkedin.com\\\/company\\\/escort-sp-z-o-o-\\\/\"]}]}<\/script>\n<!-- \/ Yoast SEO plugin. -->","yoast_head_json":{"title":"Echosonda wielowi\u0105zkowa Kongsberg EM2042 - ESCORT TECHNOLOGY","robots":{"index":"index","follow":"follow","max-snippet":"max-snippet:-1","max-image-preview":"max-image-preview:large","max-video-preview":"max-video-preview:-1"},"canonical":"https:\/\/escort-technology.com\/pl\/echosonda-wielowiazkowa-kongsberg-em2042\/","og_locale":"pl_PL","og_type":"article","og_title":"Echosonda wielowi\u0105zkowa Kongsberg EM2042 - ESCORT TECHNOLOGY","og_description":"Echosonda wielowi\u0105zkowa Kongsberg EM2042 Echosonda wielowi\u0105zkowa EM 2042 &#8211; przeznaczona na p\u0142ytsze akweny Echosonda wielowi\u0105zkowa EM 2042 jest wydajna, lekka, wytrzyma\u0142a i niezawodna: dostarcza czyste dane o wysokiej g\u0119sto\u015bci i rozdzielczo\u015bci w najbardziej wymagaj\u0105cych \u015brodowiskach morskich. Dzi\u0119ki prostej instalacji i bezawaryjnej pracy, EM 2042 zosta\u0142 zaprojektowany do u\u017cytku na wielu r\u00f3\u017cnych statkach. Jego dok\u0142adno\u015b\u0107, wszechstronno\u015b\u0107 [&hellip;]","og_url":"https:\/\/escort-technology.com\/pl\/echosonda-wielowiazkowa-kongsberg-em2042\/","og_site_name":"ESCORT TECHNOLOGY","article_publisher":"https:\/\/www.facebook.com\/elektronika.morska\/","article_modified_time":"2024-04-11T08:18:04+00:00","twitter_card":"summary_large_image","twitter_misc":{"Szacowany czas czytania":"1 minuta"},"schema":{"@context":"https:\/\/schema.org","@graph":[{"@type":"WebPage","@id":"https:\/\/escort-technology.com\/echosonda-wielowiazkowa-kongsberg-em2042\/","url":"https:\/\/escort-technology.com\/echosonda-wielowiazkowa-kongsberg-em2042\/","name":"Echosonda wielowi\u0105zkowa Kongsberg EM2042 - ESCORT TECHNOLOGY","isPartOf":{"@id":"http:\/\/escort-technology.com\/de\/#website"},"datePublished":"2023-10-17T10:06:01+00:00","dateModified":"2024-04-11T08:18:04+00:00","breadcrumb":{"@id":"https:\/\/escort-technology.com\/echosonda-wielowiazkowa-kongsberg-em2042\/#breadcrumb"},"inLanguage":"pl-PL","potentialAction":[{"@type":"ReadAction","target":["https:\/\/escort-technology.com\/echosonda-wielowiazkowa-kongsberg-em2042\/"]}]},{"@type":"BreadcrumbList","@id":"https:\/\/escort-technology.com\/echosonda-wielowiazkowa-kongsberg-em2042\/#breadcrumb","itemListElement":[{"@type":"ListItem","position":1,"name":"Strona g\u0142\u00f3wna","item":"https:\/\/escort-technology.com\/"},{"@type":"ListItem","position":2,"name":"Echosonda wielowi\u0105zkowa Kongsberg EM2042"}]},{"@type":"WebSite","@id":"http:\/\/escort-technology.com\/de\/#website","url":"http:\/\/escort-technology.com\/de\/","name":"ESCORT TECHNOLOGY","description":"Elektronika morska i l\u0105dowa","publisher":{"@id":"http:\/\/escort-technology.com\/de\/#organization"},"potentialAction":[{"@type":"SearchAction","target":{"@type":"EntryPoint","urlTemplate":"http:\/\/escort-technology.com\/de\/?s={search_term_string}"},"query-input":{"@type":"PropertyValueSpecification","valueRequired":true,"valueName":"search_term_string"}}],"inLanguage":"pl-PL"},{"@type":"Organization","@id":"http:\/\/escort-technology.com\/de\/#organization","name":"ESCORT TECHNOLOGY","url":"http:\/\/escort-technology.com\/de\/","logo":{"@type":"ImageObject","inLanguage":"pl-PL","@id":"http:\/\/escort-technology.com\/de\/#\/schema\/logo\/image\/","url":"https:\/\/escort-technology.com\/wp-content\/uploads\/logo-1.jpg","contentUrl":"https:\/\/escort-technology.com\/wp-content\/uploads\/logo-1.jpg","width":600,"height":165,"caption":"ESCORT TECHNOLOGY"},"image":{"@id":"http:\/\/escort-technology.com\/de\/#\/schema\/logo\/image\/"},"sameAs":["https:\/\/www.facebook.com\/elektronika.morska\/","https:\/\/www.linkedin.com\/company\/escort-sp-z-o-o-\/"]}]}},"_links":{"self":[{"href":"https:\/\/escort-technology.com\/pl\/wp-json\/wp\/v2\/pages\/13283","targetHints":{"allow":["GET"]}}],"collection":[{"href":"https:\/\/escort-technology.com\/pl\/wp-json\/wp\/v2\/pages"}],"about":[{"href":"https:\/\/escort-technology.com\/pl\/wp-json\/wp\/v2\/types\/page"}],"author":[{"embeddable":true,"href":"https:\/\/escort-technology.com\/pl\/wp-json\/wp\/v2\/users\/10"}],"replies":[{"embeddable":true,"href":"https:\/\/escort-technology.com\/pl\/wp-json\/wp\/v2\/comments?post=13283"}],"version-history":[{"count":12,"href":"https:\/\/escort-technology.com\/pl\/wp-json\/wp\/v2\/pages\/13283\/revisions"}],"predecessor-version":[{"id":13701,"href":"https:\/\/escort-technology.com\/pl\/wp-json\/wp\/v2\/pages\/13283\/revisions\/13701"}],"wp:attachment":[{"href":"https:\/\/escort-technology.com\/pl\/wp-json\/wp\/v2\/media?parent=13283"}],"curies":[{"name":"wp","href":"https:\/\/api.w.org\/{rel}","templated":true}]}}