{"id":13307,"date":"2023-10-19T10:26:44","date_gmt":"2023-10-19T08:26:44","guid":{"rendered":"https:\/\/escort-technology.com\/?page_id=13307"},"modified":"2024-03-20T12:41:22","modified_gmt":"2024-03-20T11:41:22","slug":"czujnik-valeport-swift-deep-ctd","status":"publish","type":"page","link":"https:\/\/escort-technology.com\/pl\/czujnik-valeport-swift-deep-ctd\/","title":{"rendered":"Czujnik Valeport SWiFT Deep CTD"},"content":{"rendered":"<h1>\n<h1 class=\"uk-article-title\">Czujnik Valeport SWiFT Deep CTD<\/h1>\n<\/h1>\n<hr>\n<p><img decoding=\"async\" src=\"\/wp-content\/uploads\/2023\/10\/SWIFT-Dep-Hero-2048x1365.jpg.jpg\" alt=\"\"><\/p>\n<div>\n<h2>Zaprojektowany dla p\u0142ynnego przep\u0142ywu zada\u0144. Nowy SWiFT Deep CTD jest najnowszym z popularnej serii profiler\u00f3w SWiFT firmy Valeport i zapewnia zwi\u0119kszon\u0105 dok\u0142adno\u015b\u0107 i wszechstronno\u015b\u0107 dla tych, kt\u00f3rzy wymagaj\u0105 pomiar\u00f3w CTD do g\u0142\u0119boko\u015bci 6000m.<\/h2>\n<\/div>\n<p><img decoding=\"async\" src=\"\/wp-content\/uploads\/2023\/10\/SWiFT-end-800x660.png.jpg\" alt=\"\"><br \/>\n<img decoding=\"async\" src=\"\/wp-content\/uploads\/2023\/10\/SWiFT-Deep-CTD-Cage3-e1666021050759-800x660_1.jpeg\" alt=\"\"><br \/>\n<iframe src=\"https:\/\/vimeo.com\/797338349\"><\/iframe><br \/>\n<img decoding=\"async\" src=\"\/wp-content\/uploads\/2023\/10\/SWiFT-Deep-end-cap-diagram-1024x1024.png.jpg\" alt=\"\"><\/p>\n<div>\n<h3>Pomiar CTD z wszystkimi zaletami SWiFT<\/h3>\n<p>Nowy profiler SWiFT Deep CTD zapewnia technologi\u0119 czujnik\u00f3w pomiarowych po\u0142\u0105czon\u0105 z wygod\u0105 technologii bezprzewodowej Bluetooth\u00ae, akumulatorem i zintegrowanym modu\u0142em GNSS do geolokalizacji ka\u017cdego profilu.<\/p>\n<p>\u0141atwo\u015b\u0107 u\u017cytkowania jest sercem serii SWiFT, a nowy SWiFT Deep CTD nie tylko sprawia, \u017ce problematyczna wymiana baterii nale\u017cy do przesz\u0142o\u015bci i zapewnia w pe\u0142ni zautomatyzowany transfer danych bez konieczno\u015bci wprowadzania danych przez u\u017cytkownika, ale tak\u017ce posiada charakterystyczny dla Valeport SWiFT magnetyczny pier\u015bcie\u0144 prze\u0142\u0105czaj\u0105cy. Pier\u015bcie\u0144 prze\u0142\u0105czaj\u0105cy jest \u0142atwy w obs\u0142udze nawet zimnymi d\u0142o\u0144mi, po prostu obraca si\u0119 o 90 stopni i uspokajaj\u0105co klika we w\u0142a\u015bciwej pozycji. Nak\u0142adka posiada przyjazne dla u\u017cytkownika wska\u017aniki LED stanu pracy, GNSS, baterii i technologii bezprzewodowej Bluetooth\u00ae.<\/p>\n<\/div>\n<div>\n<h3>Zwi\u0119kszona dok\u0142adno\u015b\u0107<\/h3>\n<p>Wykorzystuj\u0105c wiod\u0105c\u0105 na \u015bwiecie technologi\u0119 czujnik\u00f3w o wysokiej dok\u0142adno\u015bci firmy Valeport do \u0142\u0105czenia czujnik\u00f3w dla wielu profili w jednej kropli, SWiFT Deep CTD posiada now\u0105, szybko reaguj\u0105c\u0105 sond\u0119 temperatury i dzia\u0142a standardowo do 6000 m, zapewniaj\u0105c bezpo\u015bredni pomiar przewodno\u015bci, temperatury i g\u0142\u0119boko\u015bci. Ponadto SWiFT Deep CTD zapewnia obliczone zasolenie, g\u0119sto\u015b\u0107 i pr\u0119dko\u015b\u0107 d\u017awi\u0119ku, obliczone przy u\u017cyciu mi\u0119dzynarodowego standardowego algorytmu UNESCO oraz r\u00f3wnania Chena i Millero.<\/p>\n<\/div>\n<p><img decoding=\"async\" src=\"\/wp-content\/uploads\/2023\/10\/SWiFT-Deep-CTD-Cage4-e1678984260991-768x634-1.jpg\" alt=\"\"><br \/>\n<img decoding=\"async\" src=\"\/wp-content\/uploads\/2023\/10\/SWiFT-Deep-Deployment-cage-2-800x660.jpg.jpg\" alt=\"\"><br \/>\n<img decoding=\"async\" src=\"\/wp-content\/uploads\/2023\/10\/SWiFT-Deep-Deployment-cage-3-1-800x660.jpg.jpg\" alt=\"\"><\/p>\n<div>\n<h3>Wiele zastosowa\u0144<\/h3>\n<p>Dzi\u0119ki klatce do rozmieszczania, du\u017cemu wewn\u0119trznemu akumulatorowi litowo-jonowemu i wygodnemu \u0142adowaniu przez USB, SWiFT Deep CTD jest przeznaczony do zastosowa\u0144 hydrograficznych i morskich do 6000 m i oferuje najwy\u017cszej jako\u015bci profile CTD w kompaktowej, solidnej i przeno\u015bnej obudowie.<\/p>\n<\/div>\n<p>\n    <a href=\"https:\/\/www.valeport.co.uk\/content\/uploads\/2023\/02\/Valeport-SWiFT-Deep-CTD-Datasheet.pdf\">Karta katalogowa <\/a>\n<\/p>\n<p><!--more--><br \/>\n<!-- {\"type\":\"layout\",\"children\":[{\"type\":\"section\",\"props\":{\"image_focal_point\":\"bottom-left\",\"image_position\":\"center-center\",\"image_size\":\"width-1-1\",\"style\":\"default\",\"title_breakpoint\":\"xl\",\"title_position\":\"top-left\",\"title_rotation\":\"left\",\"vertical_align\":\"middle\",\"width\":\"default\"},\"children\":[{\"type\":\"row\",\"children\":[{\"type\":\"column\",\"props\":{\"image_position\":\"center-center\",\"position_sticky_breakpoint\":\"m\"},\"children\":[{\"type\":\"headline\",\"props\":{\"content\":\"\n\n<h1 class=\\\"uk-article-title\\\">Czujnik Valeport SWiFT Deep CTD<\\\/h1>\",\"title_element\":\"h1\"}},{\"type\":\"divider\",\"props\":{\"divider_element\":\"hr\"}},{\"type\":\"image\",\"props\":{\"block_align\":\"center\",\"image\":\"wp-content\\\/uploads\\\/2023\\\/10\\\/SWIFT-Dep-Hero-2048x1365.jpg.jpg\",\"image_svg_color\":\"emphasis\",\"margin\":\"default\",\"maxwidth\":\"xlarge\",\"text_align\":\"center\"}}]}]}]},{\"type\":\"section\",\"props\":{\"image_position\":\"center-center\",\"style\":\"default\",\"title_breakpoint\":\"xl\",\"title_position\":\"top-left\",\"title_rotation\":\"left\",\"vertical_align\":\"middle\",\"width\":\"default\"},\"children\":[{\"type\":\"row\",\"props\":{\"layout\":\"1-2,1-2\"},\"children\":[{\"type\":\"column\",\"props\":{\"image_position\":\"center-center\",\"position_sticky_breakpoint\":\"m\",\"width_medium\":\"1-2\"},\"children\":[{\"type\":\"text\",\"props\":{\"column_breakpoint\":\"m\",\"content\":\"\n\n<h2>Zaprojektowany dla p\\u0142ynnego przep\\u0142ywu zada\\u0144. Nowy SWiFT Deep CTD jest najnowszym z popularnej serii profiler\\u00f3w SWiFT firmy Valeport i zapewnia zwi\\u0119kszon\\u0105 dok\\u0142adno\\u015b\\u0107 i wszechstronno\\u015b\\u0107 dla tych, kt\\u00f3rzy wymagaj\\u0105 pomiar\\u00f3w CTD do g\\u0142\\u0119boko\\u015bci 6000m.<\\\/h2>\",\"margin\":\"default\"}},{\"type\":\"image\",\"props\":{\"image\":\"wp-content\\\/uploads\\\/2023\\\/10\\\/SWiFT-end-800x660.png.jpg\",\"image_svg_color\":\"emphasis\",\"margin\":\"default\"}}]},{\"type\":\"column\",\"props\":{\"image_position\":\"center-center\",\"position_sticky_breakpoint\":\"m\",\"width_medium\":\"1-2\"},\"children\":[{\"type\":\"image\",\"props\":{\"image\":\"wp-content\\\/uploads\\\/2023\\\/10\\\/SWiFT-Deep-CTD-Cage3-e1666021050759-800x660_1.jpeg\",\"image_svg_color\":\"emphasis\",\"margin\":\"default\"}}]}]},{\"type\":\"row\",\"children\":[{\"type\":\"column\",\"props\":{\"image_position\":\"center-center\",\"position_sticky_breakpoint\":\"m\"},\"children\":[{\"type\":\"video\",\"props\":{\"block_align\":\"center\",\"margin\":\"xlarge\",\"maxwidth\":\"2xlarge\",\"text_align\":\"center\",\"video\":\"https:\\\/\\\/vimeo.com\\\/797338349\",\"video_controls\":true,\"video_width\":\"900\"}}]}]}]},{\"type\":\"section\",\"props\":{\"image_position\":\"center-center\",\"style\":\"secondary\",\"title_breakpoint\":\"xl\",\"title_position\":\"top-left\",\"title_rotation\":\"left\",\"vertical_align\":\"middle\",\"width\":\"default\"},\"children\":[{\"type\":\"row\",\"props\":{\"layout\":\"1-2,1-2\"},\"children\":[{\"type\":\"column\",\"props\":{\"image_position\":\"center-center\",\"position_sticky_breakpoint\":\"m\",\"width_medium\":\"1-2\"},\"children\":[{\"type\":\"image\",\"props\":{\"image\":\"wp-content\\\/uploads\\\/2023\\\/10\\\/SWiFT-Deep-end-cap-diagram-1024x1024.png.jpg\",\"image_svg_color\":\"emphasis\",\"image_width\":\"500\",\"margin\":\"default\"}}]},{\"type\":\"column\",\"props\":{\"image_position\":\"center-center\",\"position_sticky_breakpoint\":\"m\",\"width_medium\":\"1-2\"},\"children\":[{\"type\":\"text\",\"props\":{\"column_breakpoint\":\"m\",\"content\":\"\n\n<h3>Pomiar CTD z wszystkimi zaletami SWiFT<\\\/h3>\\n\n\n<p><br \\\/>Nowy profiler SWiFT Deep CTD zapewnia technologi\\u0119 czujnik\\u00f3w pomiarowych po\\u0142\\u0105czon\\u0105 z wygod\\u0105 technologii bezprzewodowej Bluetooth\\u00ae, akumulatorem i zintegrowanym modu\\u0142em GNSS do geolokalizacji ka\\u017cdego profilu.<\\\/p>\\n\n\n<p>\\u0141atwo\\u015b\\u0107 u\\u017cytkowania jest sercem serii SWiFT, a nowy SWiFT Deep CTD nie tylko sprawia, \\u017ce problematyczna wymiana baterii nale\\u017cy do przesz\\u0142o\\u015bci i zapewnia w pe\\u0142ni zautomatyzowany transfer danych bez konieczno\\u015bci wprowadzania danych przez u\\u017cytkownika, ale tak\\u017ce posiada charakterystyczny dla Valeport SWiFT magnetyczny pier\\u015bcie\\u0144 prze\\u0142\\u0105czaj\\u0105cy. Pier\\u015bcie\\u0144 prze\\u0142\\u0105czaj\\u0105cy jest \\u0142atwy w obs\\u0142udze nawet zimnymi d\\u0142o\\u0144mi, po prostu obraca si\\u0119 o 90 stopni i uspokajaj\\u0105co klika we w\\u0142a\\u015bciwej pozycji. Nak\\u0142adka posiada przyjazne dla u\\u017cytkownika wska\\u017aniki LED stanu pracy, GNSS, baterii i technologii bezprzewodowej Bluetooth\\u00ae.<\\\/p>\",\"margin\":\"default\"}}]}]}]},{\"type\":\"section\",\"props\":{\"image_position\":\"center-center\",\"style\":\"default\",\"title_breakpoint\":\"xl\",\"title_position\":\"top-left\",\"title_rotation\":\"left\",\"vertical_align\":\"middle\",\"width\":\"default\"},\"children\":[{\"type\":\"row\",\"children\":[{\"type\":\"column\",\"props\":{\"image_position\":\"center-center\",\"position_sticky_breakpoint\":\"m\"},\"children\":[{\"type\":\"text\",\"props\":{\"column_breakpoint\":\"m\",\"content\":\"\n\n<h3>Zwi\\u0119kszona dok\\u0142adno\\u015b\\u0107<\\\/h3>\\n\n\n<p><br \\\/>Wykorzystuj\\u0105c wiod\\u0105c\\u0105 na \\u015bwiecie technologi\\u0119 czujnik\\u00f3w o wysokiej dok\\u0142adno\\u015bci firmy Valeport do \\u0142\\u0105czenia czujnik\\u00f3w dla wielu profili w jednej kropli, SWiFT Deep CTD posiada now\\u0105, szybko reaguj\\u0105c\\u0105 sond\\u0119 temperatury i dzia\\u0142a standardowo do 6000 m, zapewniaj\\u0105c bezpo\\u015bredni pomiar przewodno\\u015bci, temperatury i g\\u0142\\u0119boko\\u015bci. Ponadto SWiFT Deep CTD zapewnia obliczone zasolenie, g\\u0119sto\\u015b\\u0107 i pr\\u0119dko\\u015b\\u0107 d\\u017awi\\u0119ku, obliczone przy u\\u017cyciu mi\\u0119dzynarodowego standardowego algorytmu UNESCO oraz r\\u00f3wnania Chena i Millero.<\\\/p>\",\"margin\":\"default\"}}]}]},{\"type\":\"row\",\"props\":{\"layout\":\"1-3,1-3,1-3\"},\"children\":[{\"type\":\"column\",\"props\":{\"image_position\":\"center-center\",\"position_sticky_breakpoint\":\"m\",\"width_medium\":\"1-3\"},\"children\":[{\"type\":\"image\",\"props\":{\"image\":\"wp-content\\\/uploads\\\/2023\\\/10\\\/SWiFT-Deep-CTD-Cage4-e1678984260991-768x634-1.jpg\",\"image_svg_color\":\"emphasis\",\"margin\":\"default\"}}]},{\"type\":\"column\",\"props\":{\"image_position\":\"center-center\",\"position_sticky_breakpoint\":\"m\",\"width_medium\":\"1-3\"},\"children\":[{\"type\":\"image\",\"props\":{\"image\":\"wp-content\\\/uploads\\\/2023\\\/10\\\/SWiFT-Deep-Deployment-cage-2-800x660.jpg.jpg\",\"image_svg_color\":\"emphasis\",\"margin\":\"default\"}}]},{\"type\":\"column\",\"props\":{\"image_position\":\"center-center\",\"position_sticky_breakpoint\":\"m\",\"width_medium\":\"1-3\"},\"children\":[{\"type\":\"image\",\"props\":{\"image\":\"wp-content\\\/uploads\\\/2023\\\/10\\\/SWiFT-Deep-Deployment-cage-3-1-800x660.jpg.jpg\",\"image_svg_color\":\"emphasis\",\"margin\":\"default\"}}]}]},{\"type\":\"row\",\"children\":[{\"type\":\"column\",\"props\":{\"image_position\":\"center-center\",\"position_sticky_breakpoint\":\"m\"},\"children\":[{\"type\":\"text\",\"props\":{\"column_breakpoint\":\"m\",\"content\":\"\n\n<h3>Wiele zastosowa\\u0144<\\\/h3>\\n\n\n<p><br \\\/>Dzi\\u0119ki klatce do rozmieszczania, du\\u017cemu wewn\\u0119trznemu akumulatorowi litowo-jonowemu i wygodnemu \\u0142adowaniu przez USB, SWiFT Deep CTD jest przeznaczony do zastosowa\\u0144 hydrograficznych i morskich do 6000 m i oferuje najwy\\u017cszej jako\\u015bci profile CTD w kompaktowej, solidnej i przeno\\u015bnej obudowie.<br \\\/><br \\\/><\\\/p>\",\"margin\":\"default\"}},{\"type\":\"button\",\"props\":{\"grid_column_gap\":\"small\",\"grid_row_gap\":\"small\",\"margin\":\"default\",\"text_align\":\"center\"},\"children\":[{\"type\":\"button_item\",\"props\":{\"button_style\":\"default\",\"content\":\"Karta katalogowa \",\"icon_align\":\"left\",\"link\":\"https:\\\/\\\/www.valeport.co.uk\\\/content\\\/uploads\\\/2023\\\/02\\\/Valeport-SWiFT-Deep-CTD-Datasheet.pdf\"}}]}]}]}]}],\"version\":\"4.0.13\"} --><\/p>\n","protected":false},"excerpt":{"rendered":"<p>Czujnik Valeport SWiFT Deep CTD Zaprojektowany dla p\u0142ynnego przep\u0142ywu zada\u0144. Nowy SWiFT Deep CTD jest najnowszym z popularnej serii profiler\u00f3w SWiFT firmy Valeport i zapewnia zwi\u0119kszon\u0105 dok\u0142adno\u015b\u0107 i wszechstronno\u015b\u0107 dla tych, kt\u00f3rzy wymagaj\u0105 pomiar\u00f3w CTD do g\u0142\u0119boko\u015bci 6000m. Pomiar CTD z wszystkimi zaletami SWiFT Nowy profiler SWiFT Deep CTD zapewnia technologi\u0119 czujnik\u00f3w pomiarowych po\u0142\u0105czon\u0105 z [&hellip;]<\/p>\n","protected":false},"author":10,"featured_media":0,"parent":0,"menu_order":0,"comment_status":"closed","ping_status":"closed","template":"","meta":{"footnotes":""},"class_list":["post-13307","page","type-page","status-publish","hentry"],"yoast_head":"<!-- This site is optimized with the Yoast SEO plugin v27.4 - https:\/\/yoast.com\/product\/yoast-seo-wordpress\/ -->\n<title>Czujnik Valeport SWiFT Deep CTD - ESCORT TECHNOLOGY<\/title>\n<meta name=\"robots\" content=\"index, follow, max-snippet:-1, max-image-preview:large, max-video-preview:-1\" \/>\n<link rel=\"canonical\" href=\"https:\/\/escort-technology.com\/pl\/czujnik-valeport-swift-deep-ctd\/\" \/>\n<meta property=\"og:locale\" content=\"pl_PL\" \/>\n<meta property=\"og:type\" content=\"article\" \/>\n<meta property=\"og:title\" content=\"Czujnik Valeport SWiFT Deep CTD - ESCORT TECHNOLOGY\" \/>\n<meta property=\"og:description\" content=\"Czujnik Valeport SWiFT Deep CTD Zaprojektowany dla p\u0142ynnego przep\u0142ywu zada\u0144. Nowy SWiFT Deep CTD jest najnowszym z popularnej serii profiler\u00f3w SWiFT firmy Valeport i zapewnia zwi\u0119kszon\u0105 dok\u0142adno\u015b\u0107 i wszechstronno\u015b\u0107 dla tych, kt\u00f3rzy wymagaj\u0105 pomiar\u00f3w CTD do g\u0142\u0119boko\u015bci 6000m. Pomiar CTD z wszystkimi zaletami SWiFT Nowy profiler SWiFT Deep CTD zapewnia technologi\u0119 czujnik\u00f3w pomiarowych po\u0142\u0105czon\u0105 z [&hellip;]\" \/>\n<meta property=\"og:url\" content=\"https:\/\/escort-technology.com\/pl\/czujnik-valeport-swift-deep-ctd\/\" \/>\n<meta property=\"og:site_name\" content=\"ESCORT TECHNOLOGY\" \/>\n<meta property=\"article:publisher\" content=\"https:\/\/www.facebook.com\/elektronika.morska\/\" \/>\n<meta property=\"article:modified_time\" content=\"2024-03-20T11:41:22+00:00\" \/>\n<meta name=\"twitter:card\" content=\"summary_large_image\" \/>\n<meta name=\"twitter:label1\" content=\"Szacowany czas czytania\" \/>\n\t<meta name=\"twitter:data1\" content=\"2 minuty\" \/>\n<script type=\"application\/ld+json\" class=\"yoast-schema-graph\">{\"@context\":\"https:\\\/\\\/schema.org\",\"@graph\":[{\"@type\":\"WebPage\",\"@id\":\"https:\\\/\\\/escort-technology.com\\\/czujnik-valeport-swift-deep-ctd\\\/\",\"url\":\"https:\\\/\\\/escort-technology.com\\\/czujnik-valeport-swift-deep-ctd\\\/\",\"name\":\"Czujnik Valeport SWiFT Deep CTD - ESCORT TECHNOLOGY\",\"isPartOf\":{\"@id\":\"http:\\\/\\\/escort-technology.com\\\/de\\\/#website\"},\"datePublished\":\"2023-10-19T08:26:44+00:00\",\"dateModified\":\"2024-03-20T11:41:22+00:00\",\"breadcrumb\":{\"@id\":\"https:\\\/\\\/escort-technology.com\\\/czujnik-valeport-swift-deep-ctd\\\/#breadcrumb\"},\"inLanguage\":\"pl-PL\",\"potentialAction\":[{\"@type\":\"ReadAction\",\"target\":[\"https:\\\/\\\/escort-technology.com\\\/czujnik-valeport-swift-deep-ctd\\\/\"]}]},{\"@type\":\"BreadcrumbList\",\"@id\":\"https:\\\/\\\/escort-technology.com\\\/czujnik-valeport-swift-deep-ctd\\\/#breadcrumb\",\"itemListElement\":[{\"@type\":\"ListItem\",\"position\":1,\"name\":\"Strona g\u0142\u00f3wna\",\"item\":\"https:\\\/\\\/escort-technology.com\\\/\"},{\"@type\":\"ListItem\",\"position\":2,\"name\":\"Czujnik Valeport SWiFT Deep CTD\"}]},{\"@type\":\"WebSite\",\"@id\":\"http:\\\/\\\/escort-technology.com\\\/de\\\/#website\",\"url\":\"http:\\\/\\\/escort-technology.com\\\/de\\\/\",\"name\":\"ESCORT TECHNOLOGY\",\"description\":\"Elektronika morska i l\u0105dowa\",\"publisher\":{\"@id\":\"http:\\\/\\\/escort-technology.com\\\/de\\\/#organization\"},\"potentialAction\":[{\"@type\":\"SearchAction\",\"target\":{\"@type\":\"EntryPoint\",\"urlTemplate\":\"http:\\\/\\\/escort-technology.com\\\/de\\\/?s={search_term_string}\"},\"query-input\":{\"@type\":\"PropertyValueSpecification\",\"valueRequired\":true,\"valueName\":\"search_term_string\"}}],\"inLanguage\":\"pl-PL\"},{\"@type\":\"Organization\",\"@id\":\"http:\\\/\\\/escort-technology.com\\\/de\\\/#organization\",\"name\":\"ESCORT TECHNOLOGY\",\"url\":\"http:\\\/\\\/escort-technology.com\\\/de\\\/\",\"logo\":{\"@type\":\"ImageObject\",\"inLanguage\":\"pl-PL\",\"@id\":\"http:\\\/\\\/escort-technology.com\\\/de\\\/#\\\/schema\\\/logo\\\/image\\\/\",\"url\":\"https:\\\/\\\/escort-technology.com\\\/wp-content\\\/uploads\\\/logo-1.jpg\",\"contentUrl\":\"https:\\\/\\\/escort-technology.com\\\/wp-content\\\/uploads\\\/logo-1.jpg\",\"width\":600,\"height\":165,\"caption\":\"ESCORT TECHNOLOGY\"},\"image\":{\"@id\":\"http:\\\/\\\/escort-technology.com\\\/de\\\/#\\\/schema\\\/logo\\\/image\\\/\"},\"sameAs\":[\"https:\\\/\\\/www.facebook.com\\\/elektronika.morska\\\/\",\"https:\\\/\\\/www.linkedin.com\\\/company\\\/escort-sp-z-o-o-\\\/\"]}]}<\/script>\n<!-- \/ Yoast SEO plugin. -->","yoast_head_json":{"title":"Czujnik Valeport SWiFT Deep CTD - ESCORT TECHNOLOGY","robots":{"index":"index","follow":"follow","max-snippet":"max-snippet:-1","max-image-preview":"max-image-preview:large","max-video-preview":"max-video-preview:-1"},"canonical":"https:\/\/escort-technology.com\/pl\/czujnik-valeport-swift-deep-ctd\/","og_locale":"pl_PL","og_type":"article","og_title":"Czujnik Valeport SWiFT Deep CTD - ESCORT TECHNOLOGY","og_description":"Czujnik Valeport SWiFT Deep CTD Zaprojektowany dla p\u0142ynnego przep\u0142ywu zada\u0144. Nowy SWiFT Deep CTD jest najnowszym z popularnej serii profiler\u00f3w SWiFT firmy Valeport i zapewnia zwi\u0119kszon\u0105 dok\u0142adno\u015b\u0107 i wszechstronno\u015b\u0107 dla tych, kt\u00f3rzy wymagaj\u0105 pomiar\u00f3w CTD do g\u0142\u0119boko\u015bci 6000m. Pomiar CTD z wszystkimi zaletami SWiFT Nowy profiler SWiFT Deep CTD zapewnia technologi\u0119 czujnik\u00f3w pomiarowych po\u0142\u0105czon\u0105 z [&hellip;]","og_url":"https:\/\/escort-technology.com\/pl\/czujnik-valeport-swift-deep-ctd\/","og_site_name":"ESCORT TECHNOLOGY","article_publisher":"https:\/\/www.facebook.com\/elektronika.morska\/","article_modified_time":"2024-03-20T11:41:22+00:00","twitter_card":"summary_large_image","twitter_misc":{"Szacowany czas czytania":"2 minuty"},"schema":{"@context":"https:\/\/schema.org","@graph":[{"@type":"WebPage","@id":"https:\/\/escort-technology.com\/czujnik-valeport-swift-deep-ctd\/","url":"https:\/\/escort-technology.com\/czujnik-valeport-swift-deep-ctd\/","name":"Czujnik Valeport SWiFT Deep CTD - ESCORT TECHNOLOGY","isPartOf":{"@id":"http:\/\/escort-technology.com\/de\/#website"},"datePublished":"2023-10-19T08:26:44+00:00","dateModified":"2024-03-20T11:41:22+00:00","breadcrumb":{"@id":"https:\/\/escort-technology.com\/czujnik-valeport-swift-deep-ctd\/#breadcrumb"},"inLanguage":"pl-PL","potentialAction":[{"@type":"ReadAction","target":["https:\/\/escort-technology.com\/czujnik-valeport-swift-deep-ctd\/"]}]},{"@type":"BreadcrumbList","@id":"https:\/\/escort-technology.com\/czujnik-valeport-swift-deep-ctd\/#breadcrumb","itemListElement":[{"@type":"ListItem","position":1,"name":"Strona g\u0142\u00f3wna","item":"https:\/\/escort-technology.com\/"},{"@type":"ListItem","position":2,"name":"Czujnik Valeport SWiFT Deep CTD"}]},{"@type":"WebSite","@id":"http:\/\/escort-technology.com\/de\/#website","url":"http:\/\/escort-technology.com\/de\/","name":"ESCORT TECHNOLOGY","description":"Elektronika morska i l\u0105dowa","publisher":{"@id":"http:\/\/escort-technology.com\/de\/#organization"},"potentialAction":[{"@type":"SearchAction","target":{"@type":"EntryPoint","urlTemplate":"http:\/\/escort-technology.com\/de\/?s={search_term_string}"},"query-input":{"@type":"PropertyValueSpecification","valueRequired":true,"valueName":"search_term_string"}}],"inLanguage":"pl-PL"},{"@type":"Organization","@id":"http:\/\/escort-technology.com\/de\/#organization","name":"ESCORT TECHNOLOGY","url":"http:\/\/escort-technology.com\/de\/","logo":{"@type":"ImageObject","inLanguage":"pl-PL","@id":"http:\/\/escort-technology.com\/de\/#\/schema\/logo\/image\/","url":"https:\/\/escort-technology.com\/wp-content\/uploads\/logo-1.jpg","contentUrl":"https:\/\/escort-technology.com\/wp-content\/uploads\/logo-1.jpg","width":600,"height":165,"caption":"ESCORT TECHNOLOGY"},"image":{"@id":"http:\/\/escort-technology.com\/de\/#\/schema\/logo\/image\/"},"sameAs":["https:\/\/www.facebook.com\/elektronika.morska\/","https:\/\/www.linkedin.com\/company\/escort-sp-z-o-o-\/"]}]}},"_links":{"self":[{"href":"https:\/\/escort-technology.com\/pl\/wp-json\/wp\/v2\/pages\/13307","targetHints":{"allow":["GET"]}}],"collection":[{"href":"https:\/\/escort-technology.com\/pl\/wp-json\/wp\/v2\/pages"}],"about":[{"href":"https:\/\/escort-technology.com\/pl\/wp-json\/wp\/v2\/types\/page"}],"author":[{"embeddable":true,"href":"https:\/\/escort-technology.com\/pl\/wp-json\/wp\/v2\/users\/10"}],"replies":[{"embeddable":true,"href":"https:\/\/escort-technology.com\/pl\/wp-json\/wp\/v2\/comments?post=13307"}],"version-history":[{"count":32,"href":"https:\/\/escort-technology.com\/pl\/wp-json\/wp\/v2\/pages\/13307\/revisions"}],"predecessor-version":[{"id":13464,"href":"https:\/\/escort-technology.com\/pl\/wp-json\/wp\/v2\/pages\/13307\/revisions\/13464"}],"wp:attachment":[{"href":"https:\/\/escort-technology.com\/pl\/wp-json\/wp\/v2\/media?parent=13307"}],"curies":[{"name":"wp","href":"https:\/\/api.w.org\/{rel}","templated":true}]}}