{"id":13516,"date":"2024-03-29T08:48:53","date_gmt":"2024-03-29T07:48:53","guid":{"rendered":"https:\/\/escort-technology.com\/?page_id=13516"},"modified":"2024-03-29T09:27:12","modified_gmt":"2024-03-29T08:27:12","slug":"radiotelefon-vhf-icom-ic-m510-evo","status":"publish","type":"page","link":"https:\/\/escort-technology.com\/pl\/radiotelefon-vhf-icom-ic-m510-evo\/","title":{"rendered":"Radiotelefon VHF ICOM IC-M510 EVO"},"content":{"rendered":"<h1>\n<h1 class=\"uk-article-title\">Radiotelefon VHF ICOM IC-M510 EVO<\/h1>\n<\/h1>\n<hr>\n<div>\n<h2><\/h2>\n<h2><\/h2>\n<h2><\/h2>\n<h2><\/h2>\n<h2>Morskie radio DSC VHF klasy D z wbudowan\u0105 funkcj\u0105 WLAN<\/h2>\n<\/div>\n<p><img decoding=\"async\" src=\"\/wp-content\/uploads\/2024\/03\/evo3.png\" alt=\"\"><\/p>\n<h1>\n<h3>Sterowanie radiotelefonem i interkomem za pomoc\u0105 urz\u0105dzenia Smart Device<\/h3>\n<\/h1>\n<p><img decoding=\"async\" src=\"\/wp-content\/uploads\/2024\/03\/20240124154149.jpg\" alt=\"\"><\/p>\n<div>\n<p>U\u017cyj aplikacji RS-M500 (dla iOS&#x2122;\/Android&#x2122;), aby zdalnie sterowa\u0107 IC-M510E EVO przez WLAN. Maksymalnie trzy inteligentne urz\u0105dzenia mog\u0105 by\u0107 u\u017cywane jako bezprzewodowy mikrofon lub proste zdalne sterowanie niekt\u00f3rymi funkcjami. IC-M510E EVO mo\u017ce by\u0107 sterowany z dowolnego miejsca na pok\u0142adzie, dzi\u0119ki czemu mo\u017cna wykonywa\u0107 po\u0142\u0105czenia podczas pracy wewn\u0105trz statku lub sprawdzania otoczenia na pok\u0142adzie. Wbudowana jest r\u00f3wnie\u017c funkcja interkomu mi\u0119dzy urz\u0105dzeniami inteligentnymi\/CommandMic&#x2122; a radiotelefonem.<\/p>\n<\/div>\n<p><img decoding=\"async\" src=\"\/wp-content\/uploads\/2024\/03\/20240117165820.png\" alt=\"\"><\/p>\n<h1>\n<h3>Kolorowy wy\u015bwietlacz TFT LCD o szerokim k\u0105cie widzenia<\/h3>\n<\/h1>\n<div>\n<p><span>Kolorowy wy\u015bwietlacz TFT LCD zapewnia prawie 180-stopniowy k\u0105t widzenia. Szeroki wy\u015bwietlacz ma znaki i ikony funkcji o wysokiej rozdzielczo\u015bci. Ekran trybu nocnego zapewnia dobr\u0105 czytelno\u015b\u0107 w warunkach s\u0142abego o\u015bwietlenia.<\/span><\/p>\n<\/div>\n<p><img decoding=\"async\" src=\"\/wp-content\/uploads\/2022\/08\/20210430105838.png\" alt=\"\"><\/p>\n<h1>\n<h3>Zintegrowany odbiornik AIS*<\/h3>\n<\/h1>\n<div>\n<p>Dzi\u0119ki zintegrowanemu odbiornikowi AIS*1 lub zewn\u0119trznej sentencji NMEA*2, IC-M510E EVO mo\u017ce wy\u015bwietla\u0107 na ekranie informacje o ruchu statk\u00f3w AIS w czasie rzeczywistym. Z ekranu AIS mo\u017cna bezpo\u015brednio nawi\u0105za\u0107 indywidualne po\u0142\u0105czenie DSC z wybranymi obiektami AIS.<\/p>\n<h6>*1 Odbiornik AIS nie jest do\u0142\u0105czony w zale\u017cno\u015bci od wersji radiotelefonu. *2 Opcjonalny odbiornik\/transponder AIS MA-510TR lub innej firmy.<\/h6>\n<\/div>\n<p><img decoding=\"async\" src=\"\/wp-content\/uploads\/2022\/08\/20210430104756.png\" alt=\"\"><\/p>\n<h1>\n<h3 class=\"headline3 title fusion-responsive-typography-calculated\" data-fontsize=\"26\" data-lineheight=\"39px\">Uproszczona nawigacja<\/h3>\n<\/h1>\n<p><img decoding=\"async\" src=\"\/wp-content\/uploads\/2022\/08\/20210810031936.png\" alt=\"\"><\/p>\n<div>\n<p>Funkcja nawigacji prowadzi u\u017cytkownika do okre\u015blonego punktu trasy lub celu AIS. Jako punkty trasy mo\u017cna przypisa\u0107 do 100 miejsc docelowych, takich jak ulubione miejsca do w\u0119dkowania lub pozycje startowe do wy\u015bcig\u00f3w jachtowych.<\/p>\n<\/div>\n<h1>\n<h3>W po\u0142\u0105czeniu z MA-510TR zapewnia bezpieczniejsz\u0105 nawigacj\u0119<\/h3>\n<\/h1>\n<div>\n<p>Po pod\u0142\u0105czeniu opcjonalnego transpondera AIS klasy B MA-510TR mo\u017cna wysy\u0142a\u0107 i odbiera\u0107 w czasie rzeczywistym informacje o statkach, w tym to\u017csamo\u015b\u0107, pozycj\u0119, pr\u0119dko\u015b\u0107, kurs i inne istotne dane wy\u015bwietlane na ekranie. Informowanie innych o pozycji statku pomaga zapobiega\u0107 kolizjom i wypadkom, zw\u0142aszcza w nocy, w trudnych warunkach pogodowych lub na zat\u0142oczonych szlakach \u017ceglugowych. MA-510TR zwi\u0119ksza bezpiecze\u0144stwo podczas nawigacji na morzu.<\/p>\n<\/div>\n<p><img decoding=\"async\" src=\"\/wp-content\/uploads\/2022\/08\/20210813164727.png\" alt=\"\"><\/p>\n<div>\n<p>Inne funkcje<\/p>\n<ul>\n<li>Zintegrowany odbiornik GNSS (do wyboru wewn\u0119trzna antena GPS lub opcjonalna antena GNSS UX-241)<\/li>\n<li>Zaawansowana wodoodporno\u015b\u0107 IP68 (1 m g\u0142\u0119boko\u015bci wody przez 60 minut)<\/li>\n<li>Skrambler g\u0142osu z opcjonaln\u0105 UT-112A<\/li>\n<li>AquaQuake&#x2122; zapobiega degradacji d\u017awi\u0119ku z g\u0142o\u015bnika zalanego wod\u0105<\/li>\n<li>Dostarczony g\u0142o\u015bnik-mikrofon HM-205RB mo\u017cna pod\u0142\u0105czy\u0107 do przedniego lub tylnego panelu, aby spe\u0142ni\u0107 wymagania u\u017cytkownika.<\/li>\n<li>Pod\u0142\u0105czenie g\u0142o\u015bnika zewn\u0119trznego<\/li>\n<li>Dost\u0119pny jest opcjonalny mikrofon HM-195 CommandMic<\/li>\n<li>Obs\u0142uga 4-cyfrowych kana\u0142\u00f3w<\/li>\n<li>Dostarczana wodoodporna uszczelka do monta\u017cu na panelu<\/li>\n<\/ul>\n<\/div>\n<div>\n<p>Dostarczane akcesoria:<\/p>\n<ul>\n<li>Mikrofon g\u0142o\u015bnikowy, HM-205RB<\/li>\n<li>Wieszak na mikrofon<\/li>\n<li>Kabel zasilaj\u0105cy DC<\/li>\n<li>Zestaw uchwytu monta\u017cowego<\/li>\n<li>Uszczelka mocowania lampy b\u0142yskowej<\/li>\n<\/ul>\n<\/div>\n<p><!--more--><br \/>\n<!-- {\"type\":\"layout\",\"children\":[{\"type\":\"section\",\"props\":{\"image_position\":\"center-center\",\"style\":\"default\",\"title_breakpoint\":\"xl\",\"title_position\":\"top-left\",\"title_rotation\":\"left\",\"vertical_align\":\"middle\",\"width\":\"default\"},\"children\":[{\"type\":\"row\",\"children\":[{\"type\":\"column\",\"props\":{\"image_position\":\"center-center\",\"position_sticky_breakpoint\":\"m\"},\"children\":[{\"type\":\"headline\",\"props\":{\"content\":\"\n\n<h1 class=\\\"uk-article-title\\\">Radiotelefon VHF ICOM IC-M510 EVO<\\\/h1>\",\"title_element\":\"h1\"}},{\"type\":\"divider\",\"props\":{\"divider_element\":\"hr\"}}]}]},{\"type\":\"row\",\"props\":{\"layout\":\"1-2,1-2\"},\"children\":[{\"type\":\"column\",\"props\":{\"image_position\":\"center-center\",\"position_sticky_breakpoint\":\"m\",\"width_medium\":\"1-2\"},\"children\":[{\"type\":\"text\",\"props\":{\"column_breakpoint\":\"m\",\"content\":\"\n\n<h2><\\\/h2>\\n\n\n<h2><\\\/h2>\\n\n\n<h2><\\\/h2>\\n\n\n<h2><\\\/h2>\\n\n\n<h2>Morskie radio DSC VHF klasy D z wbudowan\\u0105 funkcj\\u0105 WLAN<\\\/h2>\",\"margin\":\"default\"}}]},{\"type\":\"column\",\"props\":{\"image_position\":\"center-center\",\"position_sticky_breakpoint\":\"m\",\"width_medium\":\"1-2\"},\"children\":[{\"type\":\"image\",\"props\":{\"image\":\"wp-content\\\/uploads\\\/2024\\\/03\\\/evo3.png\",\"image_svg_color\":\"emphasis\",\"margin\":\"default\"}}]}]},{\"type\":\"row\",\"children\":[{\"type\":\"column\",\"props\":{\"image_position\":\"center-center\",\"position_sticky_breakpoint\":\"m\"},\"children\":[{\"type\":\"headline\",\"props\":{\"content\":\"\n\n<h3>Sterowanie radiotelefonem i interkomem za pomoc\\u0105 urz\\u0105dzenia Smart Device<\\\/h3>\",\"title_element\":\"h1\"}},{\"type\":\"image\",\"props\":{\"image\":\"wp-content\\\/uploads\\\/2024\\\/03\\\/20240124154149.jpg\",\"image_svg_color\":\"emphasis\",\"margin\":\"default\"}}]}]},{\"type\":\"row\",\"props\":{\"layout\":\"1-2,1-2\"},\"children\":[{\"type\":\"column\",\"props\":{\"image_position\":\"center-center\",\"position_sticky_breakpoint\":\"m\",\"width_medium\":\"1-2\"},\"children\":[{\"type\":\"text\",\"props\":{\"column_breakpoint\":\"m\",\"content\":\"\n\n<p>U\\u017cyj aplikacji RS-M500 (dla iOS\\u2122\\\/Android\\u2122), aby zdalnie sterowa\\u0107 IC-M510E EVO przez WLAN. Maksymalnie trzy inteligentne urz\\u0105dzenia mog\\u0105 by\\u0107 u\\u017cywane jako bezprzewodowy mikrofon lub proste zdalne sterowanie niekt\\u00f3rymi funkcjami. IC-M510E EVO mo\\u017ce by\\u0107 sterowany z dowolnego miejsca na pok\\u0142adzie, dzi\\u0119ki czemu mo\\u017cna wykonywa\\u0107 po\\u0142\\u0105czenia podczas pracy wewn\\u0105trz statku lub sprawdzania otoczenia na pok\\u0142adzie. Wbudowana jest r\\u00f3wnie\\u017c funkcja interkomu mi\\u0119dzy urz\\u0105dzeniami inteligentnymi\\\/CommandMic\\u2122 a radiotelefonem.<\\\/p>\",\"margin\":\"default\"}}]},{\"type\":\"column\",\"props\":{\"image_position\":\"center-center\",\"position_sticky_breakpoint\":\"m\",\"width_medium\":\"1-2\"},\"children\":[{\"type\":\"image\",\"props\":{\"image\":\"wp-content\\\/uploads\\\/2024\\\/03\\\/20240117165820.png\",\"image_svg_color\":\"emphasis\",\"margin\":\"default\"}}]}]},{\"type\":\"row\",\"children\":[{\"type\":\"column\",\"props\":{\"image_position\":\"center-center\",\"position_sticky_breakpoint\":\"m\"},\"children\":[{\"type\":\"headline\",\"props\":{\"content\":\"\n\n<h3>Kolorowy wy\\u015bwietlacz TFT LCD o szerokim k\\u0105cie widzenia<\\\/h3>\",\"title_element\":\"h1\"}}]}]},{\"type\":\"row\",\"props\":{\"layout\":\"1-2,1-2\"},\"children\":[{\"type\":\"column\",\"props\":{\"image_position\":\"center-center\",\"position_sticky_breakpoint\":\"m\",\"width_medium\":\"1-2\"},\"children\":[{\"type\":\"text\",\"props\":{\"column_breakpoint\":\"m\",\"content\":\"\n\n<p><span>Kolorowy wy\\u015bwietlacz TFT LCD zapewnia prawie 180-stopniowy k\\u0105t widzenia. Szeroki wy\\u015bwietlacz ma znaki i ikony funkcji o wysokiej rozdzielczo\\u015bci. Ekran trybu nocnego zapewnia dobr\\u0105 czytelno\\u015b\\u0107 w warunkach s\\u0142abego o\\u015bwietlenia.<\\\/span><\\\/p>\",\"margin\":\"default\"}}]},{\"type\":\"column\",\"props\":{\"image_position\":\"center-center\",\"position_sticky_breakpoint\":\"m\",\"width_medium\":\"1-2\"},\"children\":[{\"type\":\"image\",\"props\":{\"image\":\"wp-content\\\/uploads\\\/2022\\\/08\\\/20210430105838.png\",\"image_svg_color\":\"emphasis\",\"margin\":\"default\"}}]}]},{\"type\":\"row\",\"children\":[{\"type\":\"column\",\"props\":{\"image_position\":\"center-center\",\"position_sticky_breakpoint\":\"m\"},\"children\":[{\"type\":\"headline\",\"props\":{\"content\":\"\n\n<h3>Zintegrowany odbiornik AIS*<\\\/h3>\",\"title_element\":\"h1\"}}]}]},{\"type\":\"row\",\"props\":{\"layout\":\"1-2,1-2\"},\"children\":[{\"type\":\"column\",\"props\":{\"image_position\":\"center-center\",\"position_sticky_breakpoint\":\"m\",\"width_medium\":\"1-2\"},\"children\":[{\"type\":\"text\",\"props\":{\"column_breakpoint\":\"m\",\"content\":\"\n\n<p>Dzi\\u0119ki zintegrowanemu odbiornikowi AIS*1 lub zewn\\u0119trznej sentencji NMEA*2, IC-M510E EVO mo\\u017ce wy\\u015bwietla\\u0107 na ekranie informacje o ruchu statk\\u00f3w AIS w czasie rzeczywistym. Z ekranu AIS mo\\u017cna bezpo\\u015brednio nawi\\u0105za\\u0107 indywidualne po\\u0142\\u0105czenie DSC z wybranymi obiektami AIS.<\\\/p>\\n\n\n<h6>*1 Odbiornik AIS nie jest do\\u0142\\u0105czony w zale\\u017cno\\u015bci od wersji radiotelefonu. *2 Opcjonalny odbiornik\\\/transponder AIS MA-510TR lub innej firmy.<\\\/h6>\",\"margin\":\"default\"}}]},{\"type\":\"column\",\"props\":{\"image_position\":\"center-center\",\"position_sticky_breakpoint\":\"m\",\"width_medium\":\"1-2\"},\"children\":[{\"type\":\"image\",\"props\":{\"image\":\"wp-content\\\/uploads\\\/2022\\\/08\\\/20210430104756.png\",\"image_svg_color\":\"emphasis\",\"margin\":\"default\"}}]}]},{\"type\":\"row\",\"children\":[{\"type\":\"column\",\"props\":{\"image_position\":\"center-center\",\"position_sticky_breakpoint\":\"m\"},\"children\":[{\"type\":\"headline\",\"props\":{\"content\":\"\n\n<h3 class=\\\"headline3 title fusion-responsive-typography-calculated\\\" data-fontsize=\\\"26\\\" data-lineheight=\\\"39px\\\">Uproszczona nawigacja<\\\/h3>\",\"title_element\":\"h1\"}}]}]},{\"type\":\"row\",\"props\":{\"layout\":\"1-2,1-2\"},\"children\":[{\"type\":\"column\",\"props\":{\"image_position\":\"center-center\",\"position_sticky_breakpoint\":\"m\",\"width_medium\":\"1-2\"},\"children\":[{\"type\":\"image\",\"props\":{\"image\":\"wp-content\\\/uploads\\\/2022\\\/08\\\/20210810031936.png\",\"image_svg_color\":\"emphasis\",\"margin\":\"default\"}}]},{\"type\":\"column\",\"props\":{\"image_position\":\"center-center\",\"position_sticky_breakpoint\":\"m\",\"width_medium\":\"1-2\"},\"children\":[{\"type\":\"text\",\"props\":{\"column_breakpoint\":\"m\",\"content\":\"\n\n<p>Funkcja nawigacji prowadzi u\\u017cytkownika do okre\\u015blonego punktu trasy lub celu AIS. Jako punkty trasy mo\\u017cna przypisa\\u0107 do 100 miejsc docelowych, takich jak ulubione miejsca do w\\u0119dkowania lub pozycje startowe do wy\\u015bcig\\u00f3w jachtowych.<\\\/p>\",\"margin\":\"default\"}}]}]},{\"type\":\"row\",\"children\":[{\"type\":\"column\",\"props\":{\"image_position\":\"center-center\",\"position_sticky_breakpoint\":\"m\"},\"children\":[{\"type\":\"headline\",\"props\":{\"content\":\"\n\n<h3>W po\\u0142\\u0105czeniu z MA-510TR zapewnia bezpieczniejsz\\u0105 nawigacj\\u0119<\\\/h3>\",\"title_element\":\"h1\"}}]}]},{\"type\":\"row\",\"props\":{\"layout\":\"1-2,1-2\"},\"children\":[{\"type\":\"column\",\"props\":{\"image_position\":\"center-center\",\"position_sticky_breakpoint\":\"m\",\"width_medium\":\"1-2\"},\"children\":[{\"type\":\"text\",\"props\":{\"column_breakpoint\":\"m\",\"content\":\"\n\n<p>Po pod\\u0142\\u0105czeniu opcjonalnego transpondera AIS klasy B MA-510TR mo\\u017cna wysy\\u0142a\\u0107 i odbiera\\u0107 w czasie rzeczywistym informacje o statkach, w tym to\\u017csamo\\u015b\\u0107, pozycj\\u0119, pr\\u0119dko\\u015b\\u0107, kurs i inne istotne dane wy\\u015bwietlane na ekranie. Informowanie innych o pozycji statku pomaga zapobiega\\u0107 kolizjom i wypadkom, zw\\u0142aszcza w nocy, w trudnych warunkach pogodowych lub na zat\\u0142oczonych szlakach \\u017ceglugowych. MA-510TR zwi\\u0119ksza bezpiecze\\u0144stwo podczas nawigacji na morzu.<\\\/p>\",\"margin\":\"default\"}}]},{\"type\":\"column\",\"props\":{\"image_position\":\"center-center\",\"position_sticky_breakpoint\":\"m\",\"width_medium\":\"1-2\"},\"children\":[{\"type\":\"image\",\"props\":{\"image\":\"wp-content\\\/uploads\\\/2022\\\/08\\\/20210813164727.png\",\"image_svg_color\":\"emphasis\",\"margin\":\"default\"}}]}]},{\"type\":\"row\",\"children\":[{\"type\":\"column\",\"props\":{\"image_position\":\"center-center\",\"position_sticky_breakpoint\":\"m\"},\"children\":[{\"type\":\"text\",\"props\":{\"column_breakpoint\":\"m\",\"content\":\"\n\n<p>Inne funkcje<\\\/p>\\n\n\n<ul>\\n\n\n<li>Zintegrowany odbiornik GNSS (do wyboru wewn\\u0119trzna antena GPS lub opcjonalna antena GNSS UX-241)<\\\/li>\\n\n\n<li>Zaawansowana wodoodporno\\u015b\\u0107 IP68 (1 m g\\u0142\\u0119boko\\u015bci wody przez 60 minut)<\\\/li>\\n\n\n<li>Skrambler g\\u0142osu z opcjonaln\\u0105 UT-112A<\\\/li>\\n\n\n<li>AquaQuake\\u2122 zapobiega degradacji d\\u017awi\\u0119ku z g\\u0142o\\u015bnika zalanego wod\\u0105<\\\/li>\\n\n\n<li>Dostarczony g\\u0142o\\u015bnik-mikrofon HM-205RB mo\\u017cna pod\\u0142\\u0105czy\\u0107 do przedniego lub tylnego panelu, aby spe\\u0142ni\\u0107 wymagania u\\u017cytkownika.<\\\/li>\\n\n\n<li>Pod\\u0142\\u0105czenie g\\u0142o\\u015bnika zewn\\u0119trznego<\\\/li>\\n\n\n<li>Dost\\u0119pny jest opcjonalny mikrofon HM-195 CommandMic<\\\/li>\\n\n\n<li>Obs\\u0142uga 4-cyfrowych kana\\u0142\\u00f3w<\\\/li>\\n\n\n<li>Dostarczana wodoodporna uszczelka do monta\\u017cu na panelu<\\\/li>\\n<\\\/ul>\",\"margin\":\"default\"}}]}]},{\"type\":\"row\",\"children\":[{\"type\":\"column\",\"props\":{\"image_position\":\"center-center\",\"position_sticky_breakpoint\":\"m\"},\"children\":[{\"type\":\"text\",\"props\":{\"column_breakpoint\":\"m\",\"content\":\"\n\n<p>Dostarczane akcesoria:<\\\/p>\\n\n\n<ul>\\n\n\n<li>Mikrofon g\\u0142o\\u015bnikowy, HM-205RB<\\\/li>\\n\n\n<li>Wieszak na mikrofon<\\\/li>\\n\n\n<li>Kabel zasilaj\\u0105cy DC<\\\/li>\\n\n\n<li>Zestaw uchwytu monta\\u017cowego<\\\/li>\\n\n\n<li>Uszczelka mocowania lampy b\\u0142yskowej<\\\/li>\\n<\\\/ul>\",\"margin\":\"default\"}}]}]}]}],\"version\":\"4.0.13\"} --><\/p>\n","protected":false},"excerpt":{"rendered":"<p>Radiotelefon VHF ICOM IC-M510 EVO Morskie radio DSC VHF klasy D z wbudowan\u0105 funkcj\u0105 WLAN Sterowanie radiotelefonem i interkomem za pomoc\u0105 urz\u0105dzenia Smart Device U\u017cyj aplikacji RS-M500 (dla iOS&#x2122;\/Android&#x2122;), aby zdalnie sterowa\u0107 IC-M510E EVO przez WLAN. Maksymalnie trzy inteligentne urz\u0105dzenia mog\u0105 by\u0107 u\u017cywane jako bezprzewodowy mikrofon lub proste zdalne sterowanie niekt\u00f3rymi funkcjami. IC-M510E EVO mo\u017ce [&hellip;]<\/p>\n","protected":false},"author":10,"featured_media":0,"parent":0,"menu_order":0,"comment_status":"closed","ping_status":"closed","template":"","meta":{"footnotes":""},"class_list":["post-13516","page","type-page","status-publish","hentry"],"yoast_head":"<!-- This site is optimized with the Yoast SEO plugin v27.6 - https:\/\/yoast.com\/product\/yoast-seo-wordpress\/ -->\n<title>Radiotelefon VHF ICOM IC-M510 EVO - ESCORT TECHNOLOGY<\/title>\n<meta name=\"robots\" content=\"index, follow, max-snippet:-1, max-image-preview:large, max-video-preview:-1\" \/>\n<link rel=\"canonical\" href=\"https:\/\/escort-technology.com\/pl\/radiotelefon-vhf-icom-ic-m510-evo\/\" \/>\n<meta property=\"og:locale\" content=\"pl_PL\" \/>\n<meta property=\"og:type\" content=\"article\" \/>\n<meta property=\"og:title\" content=\"Radiotelefon VHF ICOM IC-M510 EVO - ESCORT TECHNOLOGY\" \/>\n<meta property=\"og:description\" content=\"Radiotelefon VHF ICOM IC-M510 EVO Morskie radio DSC VHF klasy D z wbudowan\u0105 funkcj\u0105 WLAN Sterowanie radiotelefonem i interkomem za pomoc\u0105 urz\u0105dzenia Smart Device U\u017cyj aplikacji RS-M500 (dla iOS&#x2122;\/Android&#x2122;), aby zdalnie sterowa\u0107 IC-M510E EVO przez WLAN. Maksymalnie trzy inteligentne urz\u0105dzenia mog\u0105 by\u0107 u\u017cywane jako bezprzewodowy mikrofon lub proste zdalne sterowanie niekt\u00f3rymi funkcjami. IC-M510E EVO mo\u017ce [&hellip;]\" \/>\n<meta property=\"og:url\" content=\"https:\/\/escort-technology.com\/pl\/radiotelefon-vhf-icom-ic-m510-evo\/\" \/>\n<meta property=\"og:site_name\" content=\"ESCORT TECHNOLOGY\" \/>\n<meta property=\"article:publisher\" content=\"https:\/\/www.facebook.com\/elektronika.morska\/\" \/>\n<meta property=\"article:modified_time\" content=\"2024-03-29T08:27:12+00:00\" \/>\n<meta name=\"twitter:card\" content=\"summary_large_image\" \/>\n<meta name=\"twitter:label1\" content=\"Szacowany czas czytania\" \/>\n\t<meta name=\"twitter:data1\" content=\"2 minuty\" \/>\n<script type=\"application\/ld+json\" class=\"yoast-schema-graph\">{\"@context\":\"https:\\\/\\\/schema.org\",\"@graph\":[{\"@type\":\"WebPage\",\"@id\":\"https:\\\/\\\/escort-technology.com\\\/radiotelefon-vhf-icom-ic-m510-evo\\\/\",\"url\":\"https:\\\/\\\/escort-technology.com\\\/radiotelefon-vhf-icom-ic-m510-evo\\\/\",\"name\":\"Radiotelefon VHF ICOM IC-M510 EVO - ESCORT TECHNOLOGY\",\"isPartOf\":{\"@id\":\"http:\\\/\\\/escort-technology.com\\\/de\\\/#website\"},\"datePublished\":\"2024-03-29T07:48:53+00:00\",\"dateModified\":\"2024-03-29T08:27:12+00:00\",\"breadcrumb\":{\"@id\":\"https:\\\/\\\/escort-technology.com\\\/radiotelefon-vhf-icom-ic-m510-evo\\\/#breadcrumb\"},\"inLanguage\":\"pl-PL\",\"potentialAction\":[{\"@type\":\"ReadAction\",\"target\":[\"https:\\\/\\\/escort-technology.com\\\/radiotelefon-vhf-icom-ic-m510-evo\\\/\"]}]},{\"@type\":\"BreadcrumbList\",\"@id\":\"https:\\\/\\\/escort-technology.com\\\/radiotelefon-vhf-icom-ic-m510-evo\\\/#breadcrumb\",\"itemListElement\":[{\"@type\":\"ListItem\",\"position\":1,\"name\":\"Strona g\u0142\u00f3wna\",\"item\":\"https:\\\/\\\/escort-technology.com\\\/\"},{\"@type\":\"ListItem\",\"position\":2,\"name\":\"Radiotelefon VHF ICOM IC-M510 EVO\"}]},{\"@type\":\"WebSite\",\"@id\":\"http:\\\/\\\/escort-technology.com\\\/de\\\/#website\",\"url\":\"http:\\\/\\\/escort-technology.com\\\/de\\\/\",\"name\":\"ESCORT TECHNOLOGY\",\"description\":\"Elektronika morska i l\u0105dowa\",\"publisher\":{\"@id\":\"http:\\\/\\\/escort-technology.com\\\/de\\\/#organization\"},\"potentialAction\":[{\"@type\":\"SearchAction\",\"target\":{\"@type\":\"EntryPoint\",\"urlTemplate\":\"http:\\\/\\\/escort-technology.com\\\/de\\\/?s={search_term_string}\"},\"query-input\":{\"@type\":\"PropertyValueSpecification\",\"valueRequired\":true,\"valueName\":\"search_term_string\"}}],\"inLanguage\":\"pl-PL\"},{\"@type\":\"Organization\",\"@id\":\"http:\\\/\\\/escort-technology.com\\\/de\\\/#organization\",\"name\":\"ESCORT TECHNOLOGY\",\"url\":\"http:\\\/\\\/escort-technology.com\\\/de\\\/\",\"logo\":{\"@type\":\"ImageObject\",\"inLanguage\":\"pl-PL\",\"@id\":\"http:\\\/\\\/escort-technology.com\\\/de\\\/#\\\/schema\\\/logo\\\/image\\\/\",\"url\":\"https:\\\/\\\/escort-technology.com\\\/wp-content\\\/uploads\\\/logo-1.jpg\",\"contentUrl\":\"https:\\\/\\\/escort-technology.com\\\/wp-content\\\/uploads\\\/logo-1.jpg\",\"width\":600,\"height\":165,\"caption\":\"ESCORT TECHNOLOGY\"},\"image\":{\"@id\":\"http:\\\/\\\/escort-technology.com\\\/de\\\/#\\\/schema\\\/logo\\\/image\\\/\"},\"sameAs\":[\"https:\\\/\\\/www.facebook.com\\\/elektronika.morska\\\/\",\"https:\\\/\\\/www.linkedin.com\\\/company\\\/escort-sp-z-o-o-\\\/\"]}]}<\/script>\n<!-- \/ Yoast SEO plugin. -->","yoast_head_json":{"title":"Radiotelefon VHF ICOM IC-M510 EVO - ESCORT TECHNOLOGY","robots":{"index":"index","follow":"follow","max-snippet":"max-snippet:-1","max-image-preview":"max-image-preview:large","max-video-preview":"max-video-preview:-1"},"canonical":"https:\/\/escort-technology.com\/pl\/radiotelefon-vhf-icom-ic-m510-evo\/","og_locale":"pl_PL","og_type":"article","og_title":"Radiotelefon VHF ICOM IC-M510 EVO - ESCORT TECHNOLOGY","og_description":"Radiotelefon VHF ICOM IC-M510 EVO Morskie radio DSC VHF klasy D z wbudowan\u0105 funkcj\u0105 WLAN Sterowanie radiotelefonem i interkomem za pomoc\u0105 urz\u0105dzenia Smart Device U\u017cyj aplikacji RS-M500 (dla iOS&#x2122;\/Android&#x2122;), aby zdalnie sterowa\u0107 IC-M510E EVO przez WLAN. Maksymalnie trzy inteligentne urz\u0105dzenia mog\u0105 by\u0107 u\u017cywane jako bezprzewodowy mikrofon lub proste zdalne sterowanie niekt\u00f3rymi funkcjami. IC-M510E EVO mo\u017ce [&hellip;]","og_url":"https:\/\/escort-technology.com\/pl\/radiotelefon-vhf-icom-ic-m510-evo\/","og_site_name":"ESCORT TECHNOLOGY","article_publisher":"https:\/\/www.facebook.com\/elektronika.morska\/","article_modified_time":"2024-03-29T08:27:12+00:00","twitter_card":"summary_large_image","twitter_misc":{"Szacowany czas czytania":"2 minuty"},"schema":{"@context":"https:\/\/schema.org","@graph":[{"@type":"WebPage","@id":"https:\/\/escort-technology.com\/radiotelefon-vhf-icom-ic-m510-evo\/","url":"https:\/\/escort-technology.com\/radiotelefon-vhf-icom-ic-m510-evo\/","name":"Radiotelefon VHF ICOM IC-M510 EVO - ESCORT TECHNOLOGY","isPartOf":{"@id":"http:\/\/escort-technology.com\/de\/#website"},"datePublished":"2024-03-29T07:48:53+00:00","dateModified":"2024-03-29T08:27:12+00:00","breadcrumb":{"@id":"https:\/\/escort-technology.com\/radiotelefon-vhf-icom-ic-m510-evo\/#breadcrumb"},"inLanguage":"pl-PL","potentialAction":[{"@type":"ReadAction","target":["https:\/\/escort-technology.com\/radiotelefon-vhf-icom-ic-m510-evo\/"]}]},{"@type":"BreadcrumbList","@id":"https:\/\/escort-technology.com\/radiotelefon-vhf-icom-ic-m510-evo\/#breadcrumb","itemListElement":[{"@type":"ListItem","position":1,"name":"Strona g\u0142\u00f3wna","item":"https:\/\/escort-technology.com\/"},{"@type":"ListItem","position":2,"name":"Radiotelefon VHF ICOM IC-M510 EVO"}]},{"@type":"WebSite","@id":"http:\/\/escort-technology.com\/de\/#website","url":"http:\/\/escort-technology.com\/de\/","name":"ESCORT TECHNOLOGY","description":"Elektronika morska i l\u0105dowa","publisher":{"@id":"http:\/\/escort-technology.com\/de\/#organization"},"potentialAction":[{"@type":"SearchAction","target":{"@type":"EntryPoint","urlTemplate":"http:\/\/escort-technology.com\/de\/?s={search_term_string}"},"query-input":{"@type":"PropertyValueSpecification","valueRequired":true,"valueName":"search_term_string"}}],"inLanguage":"pl-PL"},{"@type":"Organization","@id":"http:\/\/escort-technology.com\/de\/#organization","name":"ESCORT TECHNOLOGY","url":"http:\/\/escort-technology.com\/de\/","logo":{"@type":"ImageObject","inLanguage":"pl-PL","@id":"http:\/\/escort-technology.com\/de\/#\/schema\/logo\/image\/","url":"https:\/\/escort-technology.com\/wp-content\/uploads\/logo-1.jpg","contentUrl":"https:\/\/escort-technology.com\/wp-content\/uploads\/logo-1.jpg","width":600,"height":165,"caption":"ESCORT TECHNOLOGY"},"image":{"@id":"http:\/\/escort-technology.com\/de\/#\/schema\/logo\/image\/"},"sameAs":["https:\/\/www.facebook.com\/elektronika.morska\/","https:\/\/www.linkedin.com\/company\/escort-sp-z-o-o-\/"]}]}},"_links":{"self":[{"href":"https:\/\/escort-technology.com\/pl\/wp-json\/wp\/v2\/pages\/13516","targetHints":{"allow":["GET"]}}],"collection":[{"href":"https:\/\/escort-technology.com\/pl\/wp-json\/wp\/v2\/pages"}],"about":[{"href":"https:\/\/escort-technology.com\/pl\/wp-json\/wp\/v2\/types\/page"}],"author":[{"embeddable":true,"href":"https:\/\/escort-technology.com\/pl\/wp-json\/wp\/v2\/users\/10"}],"replies":[{"embeddable":true,"href":"https:\/\/escort-technology.com\/pl\/wp-json\/wp\/v2\/comments?post=13516"}],"version-history":[{"count":34,"href":"https:\/\/escort-technology.com\/pl\/wp-json\/wp\/v2\/pages\/13516\/revisions"}],"predecessor-version":[{"id":13553,"href":"https:\/\/escort-technology.com\/pl\/wp-json\/wp\/v2\/pages\/13516\/revisions\/13553"}],"wp:attachment":[{"href":"https:\/\/escort-technology.com\/pl\/wp-json\/wp\/v2\/media?parent=13516"}],"curies":[{"name":"wp","href":"https:\/\/api.w.org\/{rel}","templated":true}]}}