{"id":13708,"date":"2024-04-11T11:10:31","date_gmt":"2024-04-11T09:10:31","guid":{"rendered":"https:\/\/escort-technology.com\/?page_id=13708"},"modified":"2024-04-11T12:23:17","modified_gmt":"2024-04-11T10:23:17","slug":"echosonda-jednowiazkowa-kongsberg-ea440sp","status":"publish","type":"page","link":"https:\/\/escort-technology.com\/pl\/echosonda-jednowiazkowa-kongsberg-ea440sp\/","title":{"rendered":"Echosonda jednowi\u0105zkowa Kongsberg EA440SP"},"content":{"rendered":"<h1>\n<h1 class=\"uk-article-title\">Echosonda jednowi\u0105zkowa Kongsberg EA440SP<\/h1>\n<\/h1>\n<hr>\n<p><img decoding=\"async\" src=\"\/wp-content\/uploads\/2024\/04\/Screenshot-2024-04-11-at-12-22-36-EA440SP.png\" alt=\"\"><\/p>\n<div>\n<p>EA440SP jest wodoszczeln\u0105 wersj\u0105 standardowej echosondy EA440, co czyni j\u0105 idealn\u0105 przeno\u015bn\u0105 echosond\u0105 do pomiar\u00f3w na niewielkich g\u0142\u0119boko\u015bciach na ma\u0142ych i otwartych \u0142odziach.<\/p>\n<\/div>\n<div>\n<h3>Wszechstronne zastosowania i zaawansowana technologia<\/h3>\n<p>EA440 to wysokowydajna hydrograficzna echosonda jednowi\u0105zkowa o szerokim pa\u015bmie przenoszenia. Echosonda zosta\u0142a opracowana do zastosowa\u0144 hydrograficznych na wodach o ma\u0142ej i \u015bredniej g\u0142\u0119boko\u015bci. EA440SP sk\u0142ada si\u0119 z szerokopasmowego nadajnika-odbiornika (WBT) umieszczonego w wytrzyma\u0142ej i bryzgoszczelnej walizce ochronnej z komputerem. Komputer mo\u017ce by\u0107 dostarczony jako standardowy laptop lub wytrzyma\u0142y laptop lub notepad o stopniu ochrony IP.<\/p>\n<\/div>\n<div>\n<h3>\u0141atwo\u015b\u0107 obs\u0142ugi i trwa\u0142a konstrukcja<\/h3>\n<p>\u0141atwo\u015b\u0107 obs\u0142ugi ma kluczowe znaczenie dla echosondy hydrograficznej EA440. Intuicyjne oprogramowanie konfiguruje, obs\u0142uguje, rejestruje i monitoruje dzia\u0142ania pomiarowe, wy\u015bwietlaj\u0105c \u015bledzenie statku i zasi\u0119g skanowania bocznego w widoku mapy. Odporna na zachlapanie EA440SP zosta\u0142a zaprojektowana specjalnie z my\u015bl\u0105 o operacjach na ma\u0142ych lub otwartych \u0142odziach, gdzie nara\u017cenie na dzia\u0142anie czynnik\u00f3w atmosferycznych jest istotne. Konstrukcja pozwala na proste pod\u0142\u0105czenie przetwornika i komputera, zapewniaj\u0105c trwa\u0142e rozwi\u0105zanie, kt\u00f3re mo\u017ce by\u0107 zasilane napi\u0119ciem 12 VAC. Dzi\u0119ki mo\u017cliwo\u015bci obs\u0142ugi r\u00f3\u017cnorodnych zastosowa\u0144 pomiarowych poprzez odpowiedni dob\u00f3r przetwornik\u00f3w i licencji, EA440 interpretuje bardzo precyzyjne pomiary g\u0142\u0119boko\u015bci i mo\u017ce by\u0107 dostosowany do bada\u0144 sonarowych bocznych i profilowania poddennego.<\/p>\n<\/div>\n<div>\n<h3>Personalizacja i wsparcie<\/h3>\n<p>Echosonda EA440 oferuje wysoki stopie\u0144 personalizacji poprzez wyb\u00f3r przetwornik\u00f3w i dost\u0119pnych licencji, kt\u00f3rymi u\u017cytkownik mo\u017ce \u0142atwo zarz\u0105dza\u0107. To dostosowanie rozszerza mo\u017cliwo\u015bci EA440, umo\u017cliwiaj\u0105c wykonywanie zada\u0144, takich jak obrazowanie dna morskiego i profilowanie g\u00f3rnych warstw osad\u00f3w. Dla wygody i precyzji Kongsberg zapewnia r\u00f3wnie\u017c dostosowany do potrzeb wspornik zaprojektowany do po\u0142\u0105czenia sonaru bocznego EA440 i jego przetwornik\u00f3w, podkre\u015blaj\u0105c elastyczno\u015b\u0107 systemu i zaanga\u017cowanie firmy Kongsberg we wspieranie potrzeb klient\u00f3w za pomoc\u0105 kompletnego rozwi\u0105zania do hydrograficznego podgl\u0105du g\u0142\u0119boko\u015bci.<\/p>\n<\/div>\n<div>\n<h3>Kluczowe cechy<\/h3>\n<\/div>\n<div>\n<ul>\n<li>Zastosowania od 0,2 m do 3000 m g\u0142\u0119boko\u015bci wody<\/li>\n<li>Zastosowanie sonaru bocznego od 100 kHz do 500 kHz<\/li>\n<li>Zastosowanie echosondy sub-bottom profiler od 10 kHz do 30 kHz<\/li>\n<li>Wysokowydajne obserwacje od 30 kHz do 500 kHz<\/li>\n<\/ul>\n<\/div>\n<div>\n<ul>\n<li>Szerokopasmowy transceiver (WBT) umieszczony w wytrzyma\u0142ej i ochronnej walizce z komputerem<\/li>\n<li>Dost\u0119pny z wysok\u0105 moc\u0105 wyj\u015bciow\u0105 od 30 kHz do 50 kHz<\/li>\n<li>Szeroki zakres przetwornik\u00f3w, zar\u00f3wno produkcji Kongsberg, jak i przetwornik\u00f3w innych producent\u00f3w<\/li>\n<li>Odporna na zachlapanie, kompleksowa konfiguracja sprz\u0119towa<\/li>\n<\/ul>\n<\/div>\n<div>\n<ul>\n<li>Konfiguracje form impuls\u00f3w CW i FM<\/li>\n<li>Rejestrowanie nieprzetworzonych danych<\/li>\n<li>\u015awiatowej klasy wykrywanie dna<\/li>\n<li>Wy\u015bwietlanie mapy w celu \u015bledzenia zasi\u0119gu<\/li>\n<li>Szerokopasmowa funkcja (FM) w po\u0142\u0105czeniu z zaawansowanym przetwarzaniem sygna\u0142u zapewnia wyj\u0105tkowo dobry stosunek sygna\u0142u do szumu i rozdzielczo\u015b\u0107 zakresu.<\/li>\n<\/ul>\n<\/div>\n<h1>\n<h3>Linki:<\/h3>\n<\/h1>\n<ul>\n<li>\n        <a href=\"https:\/\/www.kongsberg.com\/globalassets\/discovery\/commerce\/seafloor-mapping\/sonar-mosaic\/418374d-ea440-splashproof-datasheet.pdf\">Karta katalogowa <\/a>\n    <\/li>\n<li>\n        <a href=\"https:\/\/www.kongsberg.com\/globalassets\/discovery\/commerce\/seafloor-mapping\/sonar-mosaic\/ea440-wide-band-hydrographic-echo-sounder-10---500khz\/\">Opis produktu<\/a>\n    <\/li>\n<\/ul>\n<p><!--more--><br \/>\n<!-- {\"type\":\"layout\",\"children\":[{\"type\":\"section\",\"props\":{\"image_position\":\"center-center\",\"style\":\"default\",\"title_breakpoint\":\"xl\",\"title_position\":\"top-left\",\"title_rotation\":\"left\",\"vertical_align\":\"middle\",\"width\":\"default\"},\"children\":[{\"type\":\"row\",\"children\":[{\"type\":\"column\",\"props\":{\"image_position\":\"center-center\",\"position_sticky_breakpoint\":\"m\"},\"children\":[{\"type\":\"headline\",\"props\":{\"content\":\"\n\n<h1 class=\\\"uk-article-title\\\">Echosonda jednowi\\u0105zkowa Kongsberg EA440SP<\\\/h1>\",\"title_element\":\"h1\"}},{\"type\":\"divider\",\"props\":{\"divider_element\":\"hr\"}},{\"type\":\"image\",\"props\":{\"image\":\"wp-content\\\/uploads\\\/2024\\\/04\\\/Screenshot-2024-04-11-at-12-22-36-EA440SP.png\",\"image_svg_color\":\"emphasis\",\"margin\":\"default\"}},{\"type\":\"text\",\"props\":{\"column_breakpoint\":\"m\",\"content\":\"\n\n<p>EA440SP jest wodoszczeln\\u0105 wersj\\u0105 standardowej echosondy EA440, co czyni j\\u0105 idealn\\u0105 przeno\\u015bn\\u0105 echosond\\u0105 do pomiar\\u00f3w na niewielkich g\\u0142\\u0119boko\\u015bciach na ma\\u0142ych i otwartych \\u0142odziach.<\\\/p>\",\"margin\":\"default\"}},{\"type\":\"text\",\"props\":{\"column_breakpoint\":\"m\",\"content\":\"\n\n<h3>Wszechstronne zastosowania i zaawansowana technologia<\\\/h3>\\n\n\n<p>EA440 to wysokowydajna hydrograficzna echosonda jednowi\\u0105zkowa o szerokim pa\\u015bmie przenoszenia. Echosonda zosta\\u0142a opracowana do zastosowa\\u0144 hydrograficznych na wodach o ma\\u0142ej i \\u015bredniej g\\u0142\\u0119boko\\u015bci. EA440SP sk\\u0142ada si\\u0119 z szerokopasmowego nadajnika-odbiornika (WBT) umieszczonego w wytrzyma\\u0142ej i bryzgoszczelnej walizce ochronnej z komputerem. Komputer mo\\u017ce by\\u0107 dostarczony jako standardowy laptop lub wytrzyma\\u0142y laptop lub notepad o stopniu ochrony IP.<\\\/p>\",\"margin\":\"default\"}},{\"type\":\"text\",\"props\":{\"column_breakpoint\":\"m\",\"content\":\"\n\n<h3>\\u0141atwo\\u015b\\u0107 obs\\u0142ugi i trwa\\u0142a konstrukcja<\\\/h3>\\n\n\n<p>\\u0141atwo\\u015b\\u0107 obs\\u0142ugi ma kluczowe znaczenie dla echosondy hydrograficznej EA440. Intuicyjne oprogramowanie konfiguruje, obs\\u0142uguje, rejestruje i monitoruje dzia\\u0142ania pomiarowe, wy\\u015bwietlaj\\u0105c \\u015bledzenie statku i zasi\\u0119g skanowania bocznego w widoku mapy. Odporna na zachlapanie EA440SP zosta\\u0142a zaprojektowana specjalnie z my\\u015bl\\u0105 o operacjach na ma\\u0142ych lub otwartych \\u0142odziach, gdzie nara\\u017cenie na dzia\\u0142anie czynnik\\u00f3w atmosferycznych jest istotne. Konstrukcja pozwala na proste pod\\u0142\\u0105czenie przetwornika i komputera, zapewniaj\\u0105c trwa\\u0142e rozwi\\u0105zanie, kt\\u00f3re mo\\u017ce by\\u0107 zasilane napi\\u0119ciem 12 VAC. Dzi\\u0119ki mo\\u017cliwo\\u015bci obs\\u0142ugi r\\u00f3\\u017cnorodnych zastosowa\\u0144 pomiarowych poprzez odpowiedni dob\\u00f3r przetwornik\\u00f3w i licencji, EA440 interpretuje bardzo precyzyjne pomiary g\\u0142\\u0119boko\\u015bci i mo\\u017ce by\\u0107 dostosowany do bada\\u0144 sonarowych bocznych i profilowania poddennego.<\\\/p>\",\"margin\":\"default\"}},{\"type\":\"text\",\"props\":{\"column_breakpoint\":\"m\",\"content\":\"\n\n<h3>Personalizacja i wsparcie<\\\/h3>\\n\n\n<p>Echosonda EA440 oferuje wysoki stopie\\u0144 personalizacji poprzez wyb\\u00f3r przetwornik\\u00f3w i dost\\u0119pnych licencji, kt\\u00f3rymi u\\u017cytkownik mo\\u017ce \\u0142atwo zarz\\u0105dza\\u0107. To dostosowanie rozszerza mo\\u017cliwo\\u015bci EA440, umo\\u017cliwiaj\\u0105c wykonywanie zada\\u0144, takich jak obrazowanie dna morskiego i profilowanie g\\u00f3rnych warstw osad\\u00f3w. Dla wygody i precyzji Kongsberg zapewnia r\\u00f3wnie\\u017c dostosowany do potrzeb wspornik zaprojektowany do po\\u0142\\u0105czenia sonaru bocznego EA440 i jego przetwornik\\u00f3w, podkre\\u015blaj\\u0105c elastyczno\\u015b\\u0107 systemu i zaanga\\u017cowanie firmy Kongsberg we wspieranie potrzeb klient\\u00f3w za pomoc\\u0105 kompletnego rozwi\\u0105zania do hydrograficznego podgl\\u0105du g\\u0142\\u0119boko\\u015bci.<\\\/p>\",\"margin\":\"default\"}}]}]},{\"type\":\"row\",\"children\":[{\"type\":\"column\",\"props\":{\"image_position\":\"center-center\",\"position_sticky_breakpoint\":\"m\"},\"children\":[{\"type\":\"text\",\"props\":{\"column_breakpoint\":\"m\",\"content\":\"\n\n<h3>Kluczowe cechy<\\\/h3>\",\"margin\":\"default\"}}]}]},{\"type\":\"row\",\"props\":{\"layout\":\"1-3,1-3,1-3\"},\"children\":[{\"type\":\"column\",\"props\":{\"image_position\":\"center-center\",\"position_sticky_breakpoint\":\"m\",\"width_medium\":\"1-3\"},\"children\":[{\"type\":\"text\",\"props\":{\"column_breakpoint\":\"m\",\"content\":\"\n\n<ul>\\n\n\n<li>Zastosowania od 0,2 m do 3000 m g\\u0142\\u0119boko\\u015bci wody<\\\/li>\\n\n\n<li>Zastosowanie sonaru bocznego od 100 kHz do 500 kHz<\\\/li>\\n\n\n<li>Zastosowanie echosondy sub-bottom profiler od 10 kHz do 30 kHz<\\\/li>\\n\n\n<li>Wysokowydajne obserwacje od 30 kHz do 500 kHz<\\\/li>\\n<\\\/ul>\",\"margin\":\"default\"}}]},{\"type\":\"column\",\"props\":{\"image_position\":\"center-center\",\"position_sticky_breakpoint\":\"m\",\"width_medium\":\"1-3\"},\"children\":[{\"type\":\"text\",\"props\":{\"column_breakpoint\":\"m\",\"content\":\"\n\n<ul>\\n\n\n<li>Szerokopasmowy transceiver (WBT) umieszczony w wytrzyma\\u0142ej i ochronnej walizce z komputerem<\\\/li>\\n\n\n<li>Dost\\u0119pny z wysok\\u0105 moc\\u0105 wyj\\u015bciow\\u0105 od 30 kHz do 50 kHz<\\\/li>\\n\n\n<li>Szeroki zakres przetwornik\\u00f3w, zar\\u00f3wno produkcji Kongsberg, jak i przetwornik\\u00f3w innych producent\\u00f3w<\\\/li>\\n\n\n<li>Odporna na zachlapanie, kompleksowa konfiguracja sprz\\u0119towa<\\\/li>\\n<\\\/ul>\",\"margin\":\"default\"}}]},{\"type\":\"column\",\"props\":{\"image_position\":\"center-center\",\"position_sticky_breakpoint\":\"m\",\"width_medium\":\"1-3\"},\"children\":[{\"type\":\"text\",\"props\":{\"column_breakpoint\":\"m\",\"content\":\"\n\n<ul>\\n\n\n<li>Konfiguracje form impuls\\u00f3w CW i FM<\\\/li>\\n\n\n<li>Rejestrowanie nieprzetworzonych danych<\\\/li>\\n\n\n<li>\\u015awiatowej klasy wykrywanie dna<\\\/li>\\n\n\n<li>Wy\\u015bwietlanie mapy w celu \\u015bledzenia zasi\\u0119gu<\\\/li>\\n\n\n<li>Szerokopasmowa funkcja (FM) w po\\u0142\\u0105czeniu z zaawansowanym przetwarzaniem sygna\\u0142u zapewnia wyj\\u0105tkowo dobry stosunek sygna\\u0142u do szumu i rozdzielczo\\u015b\\u0107 zakresu.<\\\/li>\\n<\\\/ul>\",\"margin\":\"default\"}}]}]},{\"type\":\"row\",\"children\":[{\"type\":\"column\",\"props\":{\"image_position\":\"center-center\",\"position_sticky_breakpoint\":\"m\"},\"children\":[{\"type\":\"headline\",\"props\":{\"content\":\"\n\n<h3>Linki:<\\\/h3>\",\"title_element\":\"h1\"}},{\"type\":\"button\",\"props\":{\"grid_column_gap\":\"small\",\"grid_row_gap\":\"small\",\"margin\":\"default\"},\"children\":[{\"type\":\"button_item\",\"props\":{\"button_style\":\"default\",\"content\":\"Karta katalogowa \",\"icon_align\":\"left\",\"link\":\"https:\\\/\\\/www.kongsberg.com\\\/globalassets\\\/discovery\\\/commerce\\\/seafloor-mapping\\\/sonar-mosaic\\\/418374d-ea440-splashproof-datasheet.pdf\"}},{\"type\":\"button_item\",\"props\":{\"button_style\":\"default\",\"content\":\"Opis produktu\",\"icon_align\":\"left\",\"link\":\"https:\\\/\\\/www.kongsberg.com\\\/globalassets\\\/discovery\\\/commerce\\\/seafloor-mapping\\\/sonar-mosaic\\\/ea440-wide-band-hydrographic-echo-sounder-10---500khz\\\/\"}}]}]}]}]}],\"version\":\"4.0.13\"} --><\/p>\n","protected":false},"excerpt":{"rendered":"<p>Echosonda jednowi\u0105zkowa Kongsberg EA440SP EA440SP jest wodoszczeln\u0105 wersj\u0105 standardowej echosondy EA440, co czyni j\u0105 idealn\u0105 przeno\u015bn\u0105 echosond\u0105 do pomiar\u00f3w na niewielkich g\u0142\u0119boko\u015bciach na ma\u0142ych i otwartych \u0142odziach. Wszechstronne zastosowania i zaawansowana technologia EA440 to wysokowydajna hydrograficzna echosonda jednowi\u0105zkowa o szerokim pa\u015bmie przenoszenia. Echosonda zosta\u0142a opracowana do zastosowa\u0144 hydrograficznych na wodach o ma\u0142ej i \u015bredniej g\u0142\u0119boko\u015bci. [&hellip;]<\/p>\n","protected":false},"author":10,"featured_media":0,"parent":0,"menu_order":0,"comment_status":"closed","ping_status":"closed","template":"","meta":{"footnotes":""},"class_list":["post-13708","page","type-page","status-publish","hentry"],"yoast_head":"<!-- This site is optimized with the Yoast SEO plugin v27.4 - https:\/\/yoast.com\/product\/yoast-seo-wordpress\/ -->\n<title>Echosonda jednowi\u0105zkowa Kongsberg EA440SP - ESCORT TECHNOLOGY<\/title>\n<meta name=\"robots\" content=\"index, follow, max-snippet:-1, max-image-preview:large, max-video-preview:-1\" \/>\n<link rel=\"canonical\" href=\"https:\/\/escort-technology.com\/pl\/echosonda-jednowiazkowa-kongsberg-ea440sp\/\" \/>\n<meta property=\"og:locale\" content=\"pl_PL\" \/>\n<meta property=\"og:type\" content=\"article\" \/>\n<meta property=\"og:title\" content=\"Echosonda jednowi\u0105zkowa Kongsberg EA440SP - ESCORT TECHNOLOGY\" \/>\n<meta property=\"og:description\" content=\"Echosonda jednowi\u0105zkowa Kongsberg EA440SP EA440SP jest wodoszczeln\u0105 wersj\u0105 standardowej echosondy EA440, co czyni j\u0105 idealn\u0105 przeno\u015bn\u0105 echosond\u0105 do pomiar\u00f3w na niewielkich g\u0142\u0119boko\u015bciach na ma\u0142ych i otwartych \u0142odziach. Wszechstronne zastosowania i zaawansowana technologia EA440 to wysokowydajna hydrograficzna echosonda jednowi\u0105zkowa o szerokim pa\u015bmie przenoszenia. Echosonda zosta\u0142a opracowana do zastosowa\u0144 hydrograficznych na wodach o ma\u0142ej i \u015bredniej g\u0142\u0119boko\u015bci. [&hellip;]\" \/>\n<meta property=\"og:url\" content=\"https:\/\/escort-technology.com\/pl\/echosonda-jednowiazkowa-kongsberg-ea440sp\/\" \/>\n<meta property=\"og:site_name\" content=\"ESCORT TECHNOLOGY\" \/>\n<meta property=\"article:publisher\" content=\"https:\/\/www.facebook.com\/elektronika.morska\/\" \/>\n<meta property=\"article:modified_time\" content=\"2024-04-11T10:23:17+00:00\" \/>\n<meta name=\"twitter:card\" content=\"summary_large_image\" \/>\n<meta name=\"twitter:label1\" content=\"Szacowany czas czytania\" \/>\n\t<meta name=\"twitter:data1\" content=\"2 minuty\" \/>\n<script type=\"application\/ld+json\" class=\"yoast-schema-graph\">{\"@context\":\"https:\\\/\\\/schema.org\",\"@graph\":[{\"@type\":\"WebPage\",\"@id\":\"https:\\\/\\\/escort-technology.com\\\/echosonda-jednowiazkowa-kongsberg-ea440sp\\\/\",\"url\":\"https:\\\/\\\/escort-technology.com\\\/echosonda-jednowiazkowa-kongsberg-ea440sp\\\/\",\"name\":\"Echosonda jednowi\u0105zkowa Kongsberg EA440SP - ESCORT TECHNOLOGY\",\"isPartOf\":{\"@id\":\"http:\\\/\\\/escort-technology.com\\\/de\\\/#website\"},\"datePublished\":\"2024-04-11T09:10:31+00:00\",\"dateModified\":\"2024-04-11T10:23:17+00:00\",\"breadcrumb\":{\"@id\":\"https:\\\/\\\/escort-technology.com\\\/echosonda-jednowiazkowa-kongsberg-ea440sp\\\/#breadcrumb\"},\"inLanguage\":\"pl-PL\",\"potentialAction\":[{\"@type\":\"ReadAction\",\"target\":[\"https:\\\/\\\/escort-technology.com\\\/echosonda-jednowiazkowa-kongsberg-ea440sp\\\/\"]}]},{\"@type\":\"BreadcrumbList\",\"@id\":\"https:\\\/\\\/escort-technology.com\\\/echosonda-jednowiazkowa-kongsberg-ea440sp\\\/#breadcrumb\",\"itemListElement\":[{\"@type\":\"ListItem\",\"position\":1,\"name\":\"Strona g\u0142\u00f3wna\",\"item\":\"https:\\\/\\\/escort-technology.com\\\/\"},{\"@type\":\"ListItem\",\"position\":2,\"name\":\"Echosonda jednowi\u0105zkowa Kongsberg EA440SP\"}]},{\"@type\":\"WebSite\",\"@id\":\"http:\\\/\\\/escort-technology.com\\\/de\\\/#website\",\"url\":\"http:\\\/\\\/escort-technology.com\\\/de\\\/\",\"name\":\"ESCORT TECHNOLOGY\",\"description\":\"Elektronika morska i l\u0105dowa\",\"publisher\":{\"@id\":\"http:\\\/\\\/escort-technology.com\\\/de\\\/#organization\"},\"potentialAction\":[{\"@type\":\"SearchAction\",\"target\":{\"@type\":\"EntryPoint\",\"urlTemplate\":\"http:\\\/\\\/escort-technology.com\\\/de\\\/?s={search_term_string}\"},\"query-input\":{\"@type\":\"PropertyValueSpecification\",\"valueRequired\":true,\"valueName\":\"search_term_string\"}}],\"inLanguage\":\"pl-PL\"},{\"@type\":\"Organization\",\"@id\":\"http:\\\/\\\/escort-technology.com\\\/de\\\/#organization\",\"name\":\"ESCORT TECHNOLOGY\",\"url\":\"http:\\\/\\\/escort-technology.com\\\/de\\\/\",\"logo\":{\"@type\":\"ImageObject\",\"inLanguage\":\"pl-PL\",\"@id\":\"http:\\\/\\\/escort-technology.com\\\/de\\\/#\\\/schema\\\/logo\\\/image\\\/\",\"url\":\"https:\\\/\\\/escort-technology.com\\\/wp-content\\\/uploads\\\/logo-1.jpg\",\"contentUrl\":\"https:\\\/\\\/escort-technology.com\\\/wp-content\\\/uploads\\\/logo-1.jpg\",\"width\":600,\"height\":165,\"caption\":\"ESCORT TECHNOLOGY\"},\"image\":{\"@id\":\"http:\\\/\\\/escort-technology.com\\\/de\\\/#\\\/schema\\\/logo\\\/image\\\/\"},\"sameAs\":[\"https:\\\/\\\/www.facebook.com\\\/elektronika.morska\\\/\",\"https:\\\/\\\/www.linkedin.com\\\/company\\\/escort-sp-z-o-o-\\\/\"]}]}<\/script>\n<!-- \/ Yoast SEO plugin. -->","yoast_head_json":{"title":"Echosonda jednowi\u0105zkowa Kongsberg EA440SP - ESCORT TECHNOLOGY","robots":{"index":"index","follow":"follow","max-snippet":"max-snippet:-1","max-image-preview":"max-image-preview:large","max-video-preview":"max-video-preview:-1"},"canonical":"https:\/\/escort-technology.com\/pl\/echosonda-jednowiazkowa-kongsberg-ea440sp\/","og_locale":"pl_PL","og_type":"article","og_title":"Echosonda jednowi\u0105zkowa Kongsberg EA440SP - ESCORT TECHNOLOGY","og_description":"Echosonda jednowi\u0105zkowa Kongsberg EA440SP EA440SP jest wodoszczeln\u0105 wersj\u0105 standardowej echosondy EA440, co czyni j\u0105 idealn\u0105 przeno\u015bn\u0105 echosond\u0105 do pomiar\u00f3w na niewielkich g\u0142\u0119boko\u015bciach na ma\u0142ych i otwartych \u0142odziach. Wszechstronne zastosowania i zaawansowana technologia EA440 to wysokowydajna hydrograficzna echosonda jednowi\u0105zkowa o szerokim pa\u015bmie przenoszenia. Echosonda zosta\u0142a opracowana do zastosowa\u0144 hydrograficznych na wodach o ma\u0142ej i \u015bredniej g\u0142\u0119boko\u015bci. [&hellip;]","og_url":"https:\/\/escort-technology.com\/pl\/echosonda-jednowiazkowa-kongsberg-ea440sp\/","og_site_name":"ESCORT TECHNOLOGY","article_publisher":"https:\/\/www.facebook.com\/elektronika.morska\/","article_modified_time":"2024-04-11T10:23:17+00:00","twitter_card":"summary_large_image","twitter_misc":{"Szacowany czas czytania":"2 minuty"},"schema":{"@context":"https:\/\/schema.org","@graph":[{"@type":"WebPage","@id":"https:\/\/escort-technology.com\/echosonda-jednowiazkowa-kongsberg-ea440sp\/","url":"https:\/\/escort-technology.com\/echosonda-jednowiazkowa-kongsberg-ea440sp\/","name":"Echosonda jednowi\u0105zkowa Kongsberg EA440SP - ESCORT TECHNOLOGY","isPartOf":{"@id":"http:\/\/escort-technology.com\/de\/#website"},"datePublished":"2024-04-11T09:10:31+00:00","dateModified":"2024-04-11T10:23:17+00:00","breadcrumb":{"@id":"https:\/\/escort-technology.com\/echosonda-jednowiazkowa-kongsberg-ea440sp\/#breadcrumb"},"inLanguage":"pl-PL","potentialAction":[{"@type":"ReadAction","target":["https:\/\/escort-technology.com\/echosonda-jednowiazkowa-kongsberg-ea440sp\/"]}]},{"@type":"BreadcrumbList","@id":"https:\/\/escort-technology.com\/echosonda-jednowiazkowa-kongsberg-ea440sp\/#breadcrumb","itemListElement":[{"@type":"ListItem","position":1,"name":"Strona g\u0142\u00f3wna","item":"https:\/\/escort-technology.com\/"},{"@type":"ListItem","position":2,"name":"Echosonda jednowi\u0105zkowa Kongsberg EA440SP"}]},{"@type":"WebSite","@id":"http:\/\/escort-technology.com\/de\/#website","url":"http:\/\/escort-technology.com\/de\/","name":"ESCORT TECHNOLOGY","description":"Elektronika morska i l\u0105dowa","publisher":{"@id":"http:\/\/escort-technology.com\/de\/#organization"},"potentialAction":[{"@type":"SearchAction","target":{"@type":"EntryPoint","urlTemplate":"http:\/\/escort-technology.com\/de\/?s={search_term_string}"},"query-input":{"@type":"PropertyValueSpecification","valueRequired":true,"valueName":"search_term_string"}}],"inLanguage":"pl-PL"},{"@type":"Organization","@id":"http:\/\/escort-technology.com\/de\/#organization","name":"ESCORT TECHNOLOGY","url":"http:\/\/escort-technology.com\/de\/","logo":{"@type":"ImageObject","inLanguage":"pl-PL","@id":"http:\/\/escort-technology.com\/de\/#\/schema\/logo\/image\/","url":"https:\/\/escort-technology.com\/wp-content\/uploads\/logo-1.jpg","contentUrl":"https:\/\/escort-technology.com\/wp-content\/uploads\/logo-1.jpg","width":600,"height":165,"caption":"ESCORT TECHNOLOGY"},"image":{"@id":"http:\/\/escort-technology.com\/de\/#\/schema\/logo\/image\/"},"sameAs":["https:\/\/www.facebook.com\/elektronika.morska\/","https:\/\/www.linkedin.com\/company\/escort-sp-z-o-o-\/"]}]}},"_links":{"self":[{"href":"https:\/\/escort-technology.com\/pl\/wp-json\/wp\/v2\/pages\/13708","targetHints":{"allow":["GET"]}}],"collection":[{"href":"https:\/\/escort-technology.com\/pl\/wp-json\/wp\/v2\/pages"}],"about":[{"href":"https:\/\/escort-technology.com\/pl\/wp-json\/wp\/v2\/types\/page"}],"author":[{"embeddable":true,"href":"https:\/\/escort-technology.com\/pl\/wp-json\/wp\/v2\/users\/10"}],"replies":[{"embeddable":true,"href":"https:\/\/escort-technology.com\/pl\/wp-json\/wp\/v2\/comments?post=13708"}],"version-history":[{"count":16,"href":"https:\/\/escort-technology.com\/pl\/wp-json\/wp\/v2\/pages\/13708\/revisions"}],"predecessor-version":[{"id":13727,"href":"https:\/\/escort-technology.com\/pl\/wp-json\/wp\/v2\/pages\/13708\/revisions\/13727"}],"wp:attachment":[{"href":"https:\/\/escort-technology.com\/pl\/wp-json\/wp\/v2\/media?parent=13708"}],"curies":[{"name":"wp","href":"https:\/\/api.w.org\/{rel}","templated":true}]}}