{"id":13766,"date":"2024-04-25T09:33:11","date_gmt":"2024-04-25T07:33:11","guid":{"rendered":"https:\/\/escort-technology.com\/?page_id=13766"},"modified":"2024-04-25T10:44:27","modified_gmt":"2024-04-25T08:44:27","slug":"zlacza-subconn-seria-nano","status":"publish","type":"page","link":"https:\/\/escort-technology.com\/pl\/zlacza-subconn-seria-nano\/","title":{"rendered":"Z\u0142\u0105cza Subconn seria Nano"},"content":{"rendered":"<h1>\n<h1 class=\"uk-article-title\">Z\u0142\u0105cza Subconn seria Nano<\/h1>\n<\/h1>\n<hr>\n<ul>\n<li>\n<p>        <img decoding=\"async\" src=\"\/wp-content\/uploads\/2024\/04\/SubConn-Nano_BH6M_AT6F.jpg\" alt=\"\"><\/p>\n<\/li>\n<li>\n<p>        <img decoding=\"async\" src=\"\/wp-content\/uploads\/2024\/04\/SubConn-Nano_AT6F_1.jpg\" alt=\"\"><\/p>\n<\/li>\n<li>\n<p>        <img decoding=\"async\" src=\"\/wp-content\/uploads\/2024\/04\/SubConn-Nano_AT6F_6.jpg\" alt=\"\"><\/p>\n<\/li>\n<\/ul>\n<div>\n<p>Aby zaspokoi\u0107 zapotrzebowanie rynku na jeszcze bardziej kompaktowe rozwi\u0105zania w zakresie\u00a0 po\u0142\u0105cze\u0144 podwodnych, seria SubConn\u00ae zosta\u0142a rozszerzona o z\u0142\u0105cze SubConn\u00ae Nano.<\/p>\n<p>Z\u0142\u0105cze SubConn\u00ae Nano wykorzystuje sprawdzone zasady konstrukcyjne serii SubConn\u00ae Circular i Micro Circular i zosta\u0142o zaprojektowane z ulepszon\u0105 zdolno\u015bci\u0105 uszczelniania przy jednoczesnym zachowaniu jednolitego rozmiaru i konstrukcji styku. Opracowane w celu zaspokojenia zmieniaj\u0105cych si\u0119 potrzeb podwodnych instrument\u00f3w, czujnik\u00f3w, sprz\u0119tu i system\u00f3w, z\u0142\u0105cze to stanowi znacz\u0105cy post\u0119p w kompaktowych rozwi\u0105zaniach po\u0142\u0105czeniowych.<\/p>\n<p>Z\u0142\u0105cze SubConn\u00ae Nano ma \u015brednic\u0119 \u00f812,7 mm \/ \u00bd\u201d z tytanow\u0105 obudow\u0105 i 6 stykami o napi\u0119ciu znamionowym 300 V i nat\u0119\u017ceniu 3 A. Jest dost\u0119pne w wersji z ko\u0142nierzem (FCR), grodziowej (BCR), liniowej \/ mocowanej, formowanej. Wszystkie z\u0142\u0105cza BCR i FCR s\u0105 dostarczane z kodowanymi kolorystycznie przewodami teflonowymi (PTFE).<\/p>\n<p>SubConn\u00ae Nano to z\u0142\u0105cze typu splash\/wet-mate. Wykonane z wysokiej jako\u015bci tytanu i neoprenu, aby wytrzyma\u0107 ci\u015bnienie znamionowe na otwartej powierzchni. 2,5-obrotowa tuleja blokuj\u0105ca zosta\u0142a opracowana specjalnie z my\u015bl\u0105 o bezproblemowym \u0142\u0105czeniu i zapobieganiu zatarciom.<\/p>\n<\/div>\n<div>\n<p><strong>Zastosowania<\/strong><\/p>\n<ul>\n<li>Telemetria sygna\u0142\u00f3w i danych<\/li>\n<li>Ni\u017csze napi\u0119cie i transmisja mocy<\/li>\n<li>Ma\u0142e zestawy czujnik\u00f3w<\/li>\n<li>Zdalnie sterowane pojazdy (ROV), zdalnie sterowane pojazdy holowane (ROTV) oraz autonomiczne pojazdy podwodne (AUV)<\/li>\n<li>Podwodne kamery, systemy wideo i o\u015bwietleniowe<\/li>\n<li>Systemy sejsmiczne dna oceanicznego<\/li>\n<li>Systemy i sprz\u0119t do nurkowania<\/li>\n<\/ul>\n<p><strong>Opcje<\/strong><\/p>\n<ul>\n<li>Niestandardowe wi\u0105zki kablowe i bezpo\u015brednie formowanie do wybranych kabli poliuretanowych (PUR)<\/li>\n<li>Dost\u0119pne w konfiguracjach prostych i pod k\u0105tem prostym<\/li>\n<li>D\u0142ugo\u015bci kabli okre\u015blone przez klienta<\/li>\n<li>Certyfikowane testy ci\u015bnieniowe<\/li>\n<\/ul>\n<\/div>\n<p><img decoding=\"async\" src=\"\/wp-content\/uploads\/2024\/04\/nano_6_contacts-2.jpg\" alt=\"\"><\/p>\n<div>\n<p>Informacje rysunkowe<\/p>\n<p>Wymiary w mm (1 mm = 0,03937 cala)<br \/>Gwinty w calach (1 cal = 25,4 mm)<\/p>\n<\/p>\n<p><strong>Specyfikacja z\u0142\u0105cza<\/strong><\/p>\n<ul>\n<li>Napi\u0119cie znamionowe: 300 V DC\/AC rms<\/li>\n<li>Pr\u0105d znamionowy styk\u00f3w: 3 A na styk (maks. 10 A na z\u0142\u0105cze)<\/li>\n<li>Rezystancja izolacji: 200 Mohm<\/li>\n<li>Rezystancja styk\u00f3w: &lt; 0,01 oma<\/li>\n<li>Matryce mokre\/rozbryzgowe: &gt;500<\/li>\n<li>Temperatura znamionowa (woda): -4 do 60\u02daC, 25 do 140\u02daF<\/li>\n<li>Temperatura znamionowa (powietrze): -40 do 60\u02daC, &#8211; 40 do 140\u02daF<\/li>\n<li>Temperatura przechowywania: 40 do 60\u02daC, &#8211; 40 do 140\u02daF<\/li>\n<li>Kwalifikowane ci\u015bnienie testowe: 700 bar<\/li>\n<li>Otwarta powierzchnia znamionowa: 700 bar<\/li>\n<\/ul>\n<p><strong>Specyfikacja materia\u0142owa<\/strong><\/p>\n<ul>\n<li>Obudowa z\u0142\u0105cza: Kauczuk chloroprenowy, tytan<\/li>\n<li>Obudowa grodzi: Tytan<\/li>\n<li>Styki: Gniazda \u017ce\u0144skie z poz\u0142acanego mosi\u0105dzu UNS &#8211; C36000, styki m\u0119skie z poz\u0142acanej miedzi berylowej<\/li>\n<li>O-ringi: Nitryl<\/li>\n<li>Tuleje blokuj\u0105ce: Anodowany tytan<\/li>\n<li>Przewody grodziowe: (12&#8243;) 24 AWG, PTFE<\/li>\n<li>Kabel wewn\u0119trzny: Kabel danych &#8211; typ 1735CC<\/li>\n<\/ul>\n<p><strong>Widok z przodu (m\u0119ski)<\/strong><\/p>\n<\/div>\n<p><img decoding=\"async\" src=\"\/wp-content\/uploads\/2024\/04\/nano_6_contacts-1.png\" alt=\"\"><\/p>\n<div>\n<p><strong>Kod koloru kabla<\/strong><\/p>\n<p>1-2: Czarny\/bia\u0142y*<br \/>3-4: Zielony\/czerwony*<br \/>5-6: Pomara\u0144czowy\/Niebieski*<\/p>\n<p>* Skr\u0119cone pary<\/p>\n<p><strong>Kod kolor\u00f3w kabli BCR\/FCR<\/strong><\/p>\n<p>1: Czarny<br \/>2: Bia\u0142y<br \/>3: Czerwony<br \/>4: Zielony<br \/>5: Pomara\u0144czowy<br \/>6: Niebieski<\/p>\n<p><strong>Nominalna \u015brednica zewn\u0119trzna kabla (OD)<\/strong><\/p>\n<p>Kabel PUR 0,315&#8221;, 8,00 mm<\/p>\n<\/div>\n<p><!--more--><br \/>\n<!-- {\"type\":\"layout\",\"children\":[{\"type\":\"section\",\"props\":{\"image_position\":\"center-center\",\"style\":\"default\",\"title_breakpoint\":\"xl\",\"title_position\":\"top-left\",\"title_rotation\":\"left\",\"vertical_align\":\"middle\",\"width\":\"default\"},\"children\":[{\"type\":\"row\",\"children\":[{\"type\":\"column\",\"props\":{\"image_position\":\"center-center\",\"position_sticky_breakpoint\":\"m\"},\"children\":[{\"type\":\"headline\",\"props\":{\"content\":\"\n\n<h1 class=\\\"uk-article-title\\\">Z\\u0142\\u0105cza Subconn seria Nano<\\\/h1>\",\"title_element\":\"h1\"}},{\"type\":\"divider\",\"props\":{\"divider_element\":\"hr\"}}]}]},{\"type\":\"row\",\"children\":[{\"type\":\"column\",\"props\":{\"image_position\":\"center-center\",\"position_sticky_breakpoint\":\"m\"},\"children\":[{\"type\":\"slideshow\",\"props\":{\"link_style\":\"default\",\"link_text\":\"Read more\",\"margin\":\"default\",\"meta_align\":\"below-title\",\"meta_element\":\"div\",\"meta_style\":\"text-meta\",\"nav\":\"dotnav\",\"nav_align\":\"center\",\"nav_breakpoint\":\"s\",\"nav_position\":\"bottom-center\",\"nav_position_margin\":\"medium\",\"overlay_animation\":\"parallax\",\"overlay_position\":\"center-left\",\"show_content\":true,\"show_link\":true,\"show_meta\":true,\"show_thumbnail\":true,\"show_title\":true,\"slidenav\":\"default\",\"slidenav_breakpoint\":\"s\",\"slidenav_margin\":\"medium\",\"slidenav_outside_breakpoint\":\"xl\",\"slideshow_autoplay_pause\":true,\"slideshow_min_height\":300,\"thumbnav_height\":\"75\",\"thumbnav_svg_color\":\"emphasis\",\"thumbnav_width\":\"100\",\"title_element\":\"h3\"},\"children\":[{\"type\":\"slideshow_item\",\"props\":{\"image\":\"wp-content\\\/uploads\\\/2024\\\/04\\\/SubConn-Nano_BH6M_AT6F.jpg\"}},{\"type\":\"slideshow_item\",\"props\":{\"image\":\"wp-content\\\/uploads\\\/2024\\\/04\\\/SubConn-Nano_AT6F_1.jpg\"}},{\"type\":\"slideshow_item\",\"props\":{\"image\":\"wp-content\\\/uploads\\\/2024\\\/04\\\/SubConn-Nano_AT6F_6.jpg\"}}]},{\"type\":\"text\",\"props\":{\"column_breakpoint\":\"m\",\"content\":\"\n\n<p>Aby zaspokoi\\u0107 zapotrzebowanie rynku na jeszcze bardziej kompaktowe rozwi\\u0105zania w zakresie\\u00a0 po\\u0142\\u0105cze\\u0144 podwodnych, seria SubConn\\u00ae zosta\\u0142a rozszerzona o z\\u0142\\u0105cze SubConn\\u00ae Nano.<\\\/p>\\n\n\n<p>Z\\u0142\\u0105cze SubConn\\u00ae Nano wykorzystuje sprawdzone zasady konstrukcyjne serii SubConn\\u00ae Circular i Micro Circular i zosta\\u0142o zaprojektowane z ulepszon\\u0105 zdolno\\u015bci\\u0105 uszczelniania przy jednoczesnym zachowaniu jednolitego rozmiaru i konstrukcji styku. Opracowane w celu zaspokojenia zmieniaj\\u0105cych si\\u0119 potrzeb podwodnych instrument\\u00f3w, czujnik\\u00f3w, sprz\\u0119tu i system\\u00f3w, z\\u0142\\u0105cze to stanowi znacz\\u0105cy post\\u0119p w kompaktowych rozwi\\u0105zaniach po\\u0142\\u0105czeniowych.<\\\/p>\\n\n\n<p>Z\\u0142\\u0105cze SubConn\\u00ae Nano ma \\u015brednic\\u0119 \\u00f812,7 mm \\\/ \\u00bd\\u201d z tytanow\\u0105 obudow\\u0105 i 6 stykami o napi\\u0119ciu znamionowym 300 V i nat\\u0119\\u017ceniu 3 A. Jest dost\\u0119pne w wersji z ko\\u0142nierzem (FCR), grodziowej (BCR), liniowej \\\/ mocowanej, formowanej. Wszystkie z\\u0142\\u0105cza BCR i FCR s\\u0105 dostarczane z kodowanymi kolorystycznie przewodami teflonowymi (PTFE).<\\\/p>\\n\n\n<p>SubConn\\u00ae Nano to z\\u0142\\u0105cze typu splash\\\/wet-mate. Wykonane z wysokiej jako\\u015bci tytanu i neoprenu, aby wytrzyma\\u0107 ci\\u015bnienie znamionowe na otwartej powierzchni. 2,5-obrotowa tuleja blokuj\\u0105ca zosta\\u0142a opracowana specjalnie z my\\u015bl\\u0105 o bezproblemowym \\u0142\\u0105czeniu i zapobieganiu zatarciom.<\\\/p>\",\"margin\":\"default\"}},{\"type\":\"text\",\"props\":{\"column_breakpoint\":\"m\",\"content\":\"\n\n<p><strong>Zastosowania<\\\/strong><\\\/p>\\n\n\n<ul>\\n\n\n<li>Telemetria sygna\\u0142\\u00f3w i danych<\\\/li>\\n\n\n<li>Ni\\u017csze napi\\u0119cie i transmisja mocy<\\\/li>\\n\n\n<li>Ma\\u0142e zestawy czujnik\\u00f3w<\\\/li>\\n\n\n<li>Zdalnie sterowane pojazdy (ROV), zdalnie sterowane pojazdy holowane (ROTV) oraz autonomiczne pojazdy podwodne (AUV)<\\\/li>\\n\n\n<li>Podwodne kamery, systemy wideo i o\\u015bwietleniowe<\\\/li>\\n\n\n<li>Systemy sejsmiczne dna oceanicznego<\\\/li>\\n\n\n<li>Systemy i sprz\\u0119t do nurkowania<\\\/li>\\n<\\\/ul>\\n\n\n<p><strong>Opcje<\\\/strong><\\\/p>\\n\n\n<ul>\\n\n\n<li>Niestandardowe wi\\u0105zki kablowe i bezpo\\u015brednie formowanie do wybranych kabli poliuretanowych (PUR)<\\\/li>\\n\n\n<li>Dost\\u0119pne w konfiguracjach prostych i pod k\\u0105tem prostym<\\\/li>\\n\n\n<li>D\\u0142ugo\\u015bci kabli okre\\u015blone przez klienta<\\\/li>\\n\n\n<li>Certyfikowane testy ci\\u015bnieniowe<\\\/li>\\n<\\\/ul>\",\"margin\":\"default\"}},{\"type\":\"image\",\"props\":{\"image\":\"wp-content\\\/uploads\\\/2024\\\/04\\\/nano_6_contacts-2.jpg\",\"image_svg_color\":\"emphasis\",\"margin\":\"default\"}},{\"type\":\"text\",\"props\":{\"column_breakpoint\":\"m\",\"content\":\"\n\n<p>Informacje rysunkowe<\\\/p>\\n\n\n<p>Wymiary w mm (1 mm = 0,03937 cala)<br \\\/>Gwinty w calach (1 cal = 25,4 mm)<\\\/p>\\n\n\n<p><\\\/p>\\n\n\n<p><strong>Specyfikacja z\\u0142\\u0105cza<\\\/strong><\\\/p>\\n\n\n<ul>\\n\n\n<li>Napi\\u0119cie znamionowe: 300 V DC\\\/AC rms<\\\/li>\\n\n\n<li>Pr\\u0105d znamionowy styk\\u00f3w: 3 A na styk (maks. 10 A na z\\u0142\\u0105cze)<\\\/li>\\n\n\n<li>Rezystancja izolacji: 200 Mohm<\\\/li>\\n\n\n<li>Rezystancja styk\\u00f3w: &lt; 0,01 oma<\\\/li>\\n\n\n<li>Matryce mokre\\\/rozbryzgowe: &gt;500<\\\/li>\\n\n\n<li>Temperatura znamionowa (woda): -4 do 60\\u02daC, 25 do 140\\u02daF<\\\/li>\\n\n\n<li>Temperatura znamionowa (powietrze): -40 do 60\\u02daC, - 40 do 140\\u02daF<\\\/li>\\n\n\n<li>Temperatura przechowywania: 40 do 60\\u02daC, - 40 do 140\\u02daF<\\\/li>\\n\n\n<li>Kwalifikowane ci\\u015bnienie testowe: 700 bar<\\\/li>\\n\n\n<li>Otwarta powierzchnia znamionowa: 700 bar<\\\/li>\\n<\\\/ul>\\n\n\n<p><strong>Specyfikacja materia\\u0142owa<\\\/strong><\\\/p>\\n\n\n<ul>\\n\n\n<li>Obudowa z\\u0142\\u0105cza: Kauczuk chloroprenowy, tytan<\\\/li>\\n\n\n<li>Obudowa grodzi: Tytan<\\\/li>\\n\n\n<li>Styki: Gniazda \\u017ce\\u0144skie z poz\\u0142acanego mosi\\u0105dzu UNS - C36000, styki m\\u0119skie z poz\\u0142acanej miedzi berylowej<\\\/li>\\n\n\n<li>O-ringi: Nitryl<\\\/li>\\n\n\n<li>Tuleje blokuj\\u0105ce: Anodowany tytan<\\\/li>\\n\n\n<li>Przewody grodziowe: (12\\\") 24 AWG, PTFE<\\\/li>\\n\n\n<li>Kabel wewn\\u0119trzny: Kabel danych - typ 1735CC<\\\/li>\\n<\\\/ul>\\n\n\n<p><strong>Widok z przodu (m\\u0119ski)<\\\/strong><\\\/p>\",\"margin\":\"default\"}},{\"type\":\"image\",\"props\":{\"image\":\"wp-content\\\/uploads\\\/2024\\\/04\\\/nano_6_contacts-1.png\",\"image_svg_color\":\"emphasis\",\"margin\":\"default\"}},{\"type\":\"text\",\"props\":{\"column_breakpoint\":\"m\",\"content\":\"\n\n<p><strong>Kod koloru kabla<\\\/strong><\\\/p>\\n\n\n<p>1-2: Czarny\\\/bia\\u0142y*<br \\\/>3-4: Zielony\\\/czerwony*<br \\\/>5-6: Pomara\\u0144czowy\\\/Niebieski*<\\\/p>\\n\n\n<p>* Skr\\u0119cone pary<\\\/p>\\n\n\n<p><strong>Kod kolor\\u00f3w kabli BCR\\\/FCR<\\\/strong><\\\/p>\\n\n\n<p>1: Czarny<br \\\/>2: Bia\\u0142y<br \\\/>3: Czerwony<br \\\/>4: Zielony<br \\\/>5: Pomara\\u0144czowy<br \\\/>6: Niebieski<\\\/p>\\n\n\n<p><strong>Nominalna \\u015brednica zewn\\u0119trzna kabla (OD)<\\\/strong><\\\/p>\\n\n\n<p>Kabel PUR 0,315'', 8,00 mm<\\\/p>\",\"margin\":\"default\"}}]}]}]}],\"version\":\"4.0.13\"} --><\/p>\n","protected":false},"excerpt":{"rendered":"<p>Z\u0142\u0105cza Subconn seria Nano Aby zaspokoi\u0107 zapotrzebowanie rynku na jeszcze bardziej kompaktowe rozwi\u0105zania w zakresie\u00a0 po\u0142\u0105cze\u0144 podwodnych, seria SubConn\u00ae zosta\u0142a rozszerzona o z\u0142\u0105cze SubConn\u00ae Nano. Z\u0142\u0105cze SubConn\u00ae Nano wykorzystuje sprawdzone zasady konstrukcyjne serii SubConn\u00ae Circular i Micro Circular i zosta\u0142o zaprojektowane z ulepszon\u0105 zdolno\u015bci\u0105 uszczelniania przy jednoczesnym zachowaniu jednolitego rozmiaru i konstrukcji styku. Opracowane w [&hellip;]<\/p>\n","protected":false},"author":10,"featured_media":0,"parent":0,"menu_order":0,"comment_status":"closed","ping_status":"closed","template":"","meta":{"footnotes":""},"class_list":["post-13766","page","type-page","status-publish","hentry"],"yoast_head":"<!-- This site is optimized with the Yoast SEO plugin v27.5 - https:\/\/yoast.com\/product\/yoast-seo-wordpress\/ -->\n<title>Z\u0142\u0105cza Subconn seria Nano - ESCORT TECHNOLOGY<\/title>\n<meta name=\"robots\" content=\"index, follow, max-snippet:-1, max-image-preview:large, max-video-preview:-1\" \/>\n<link rel=\"canonical\" href=\"https:\/\/escort-technology.com\/pl\/zlacza-subconn-seria-nano\/\" \/>\n<meta property=\"og:locale\" content=\"pl_PL\" \/>\n<meta property=\"og:type\" content=\"article\" \/>\n<meta property=\"og:title\" content=\"Z\u0142\u0105cza Subconn seria Nano - ESCORT TECHNOLOGY\" \/>\n<meta property=\"og:description\" content=\"Z\u0142\u0105cza Subconn seria Nano Aby zaspokoi\u0107 zapotrzebowanie rynku na jeszcze bardziej kompaktowe rozwi\u0105zania w zakresie\u00a0 po\u0142\u0105cze\u0144 podwodnych, seria SubConn\u00ae zosta\u0142a rozszerzona o z\u0142\u0105cze SubConn\u00ae Nano. Z\u0142\u0105cze SubConn\u00ae Nano wykorzystuje sprawdzone zasady konstrukcyjne serii SubConn\u00ae Circular i Micro Circular i zosta\u0142o zaprojektowane z ulepszon\u0105 zdolno\u015bci\u0105 uszczelniania przy jednoczesnym zachowaniu jednolitego rozmiaru i konstrukcji styku. Opracowane w [&hellip;]\" \/>\n<meta property=\"og:url\" content=\"https:\/\/escort-technology.com\/pl\/zlacza-subconn-seria-nano\/\" \/>\n<meta property=\"og:site_name\" content=\"ESCORT TECHNOLOGY\" \/>\n<meta property=\"article:publisher\" content=\"https:\/\/www.facebook.com\/elektronika.morska\/\" \/>\n<meta property=\"article:modified_time\" content=\"2024-04-25T08:44:27+00:00\" \/>\n<meta name=\"twitter:card\" content=\"summary_large_image\" \/>\n<meta name=\"twitter:label1\" content=\"Szacowany czas czytania\" \/>\n\t<meta name=\"twitter:data1\" content=\"2 minuty\" \/>\n<script type=\"application\/ld+json\" class=\"yoast-schema-graph\">{\"@context\":\"https:\\\/\\\/schema.org\",\"@graph\":[{\"@type\":\"WebPage\",\"@id\":\"https:\\\/\\\/escort-technology.com\\\/zlacza-subconn-seria-nano\\\/\",\"url\":\"https:\\\/\\\/escort-technology.com\\\/zlacza-subconn-seria-nano\\\/\",\"name\":\"Z\u0142\u0105cza Subconn seria Nano - ESCORT TECHNOLOGY\",\"isPartOf\":{\"@id\":\"http:\\\/\\\/escort-technology.com\\\/de\\\/#website\"},\"datePublished\":\"2024-04-25T07:33:11+00:00\",\"dateModified\":\"2024-04-25T08:44:27+00:00\",\"breadcrumb\":{\"@id\":\"https:\\\/\\\/escort-technology.com\\\/zlacza-subconn-seria-nano\\\/#breadcrumb\"},\"inLanguage\":\"pl-PL\",\"potentialAction\":[{\"@type\":\"ReadAction\",\"target\":[\"https:\\\/\\\/escort-technology.com\\\/zlacza-subconn-seria-nano\\\/\"]}]},{\"@type\":\"BreadcrumbList\",\"@id\":\"https:\\\/\\\/escort-technology.com\\\/zlacza-subconn-seria-nano\\\/#breadcrumb\",\"itemListElement\":[{\"@type\":\"ListItem\",\"position\":1,\"name\":\"Strona g\u0142\u00f3wna\",\"item\":\"https:\\\/\\\/escort-technology.com\\\/\"},{\"@type\":\"ListItem\",\"position\":2,\"name\":\"Z\u0142\u0105cza Subconn seria Nano\"}]},{\"@type\":\"WebSite\",\"@id\":\"http:\\\/\\\/escort-technology.com\\\/de\\\/#website\",\"url\":\"http:\\\/\\\/escort-technology.com\\\/de\\\/\",\"name\":\"ESCORT TECHNOLOGY\",\"description\":\"Elektronika morska i l\u0105dowa\",\"publisher\":{\"@id\":\"http:\\\/\\\/escort-technology.com\\\/de\\\/#organization\"},\"potentialAction\":[{\"@type\":\"SearchAction\",\"target\":{\"@type\":\"EntryPoint\",\"urlTemplate\":\"http:\\\/\\\/escort-technology.com\\\/de\\\/?s={search_term_string}\"},\"query-input\":{\"@type\":\"PropertyValueSpecification\",\"valueRequired\":true,\"valueName\":\"search_term_string\"}}],\"inLanguage\":\"pl-PL\"},{\"@type\":\"Organization\",\"@id\":\"http:\\\/\\\/escort-technology.com\\\/de\\\/#organization\",\"name\":\"ESCORT TECHNOLOGY\",\"url\":\"http:\\\/\\\/escort-technology.com\\\/de\\\/\",\"logo\":{\"@type\":\"ImageObject\",\"inLanguage\":\"pl-PL\",\"@id\":\"http:\\\/\\\/escort-technology.com\\\/de\\\/#\\\/schema\\\/logo\\\/image\\\/\",\"url\":\"https:\\\/\\\/escort-technology.com\\\/wp-content\\\/uploads\\\/logo-1.jpg\",\"contentUrl\":\"https:\\\/\\\/escort-technology.com\\\/wp-content\\\/uploads\\\/logo-1.jpg\",\"width\":600,\"height\":165,\"caption\":\"ESCORT TECHNOLOGY\"},\"image\":{\"@id\":\"http:\\\/\\\/escort-technology.com\\\/de\\\/#\\\/schema\\\/logo\\\/image\\\/\"},\"sameAs\":[\"https:\\\/\\\/www.facebook.com\\\/elektronika.morska\\\/\",\"https:\\\/\\\/www.linkedin.com\\\/company\\\/escort-sp-z-o-o-\\\/\"]}]}<\/script>\n<!-- \/ Yoast SEO plugin. -->","yoast_head_json":{"title":"Z\u0142\u0105cza Subconn seria Nano - ESCORT TECHNOLOGY","robots":{"index":"index","follow":"follow","max-snippet":"max-snippet:-1","max-image-preview":"max-image-preview:large","max-video-preview":"max-video-preview:-1"},"canonical":"https:\/\/escort-technology.com\/pl\/zlacza-subconn-seria-nano\/","og_locale":"pl_PL","og_type":"article","og_title":"Z\u0142\u0105cza Subconn seria Nano - ESCORT TECHNOLOGY","og_description":"Z\u0142\u0105cza Subconn seria Nano Aby zaspokoi\u0107 zapotrzebowanie rynku na jeszcze bardziej kompaktowe rozwi\u0105zania w zakresie\u00a0 po\u0142\u0105cze\u0144 podwodnych, seria SubConn\u00ae zosta\u0142a rozszerzona o z\u0142\u0105cze SubConn\u00ae Nano. Z\u0142\u0105cze SubConn\u00ae Nano wykorzystuje sprawdzone zasady konstrukcyjne serii SubConn\u00ae Circular i Micro Circular i zosta\u0142o zaprojektowane z ulepszon\u0105 zdolno\u015bci\u0105 uszczelniania przy jednoczesnym zachowaniu jednolitego rozmiaru i konstrukcji styku. Opracowane w [&hellip;]","og_url":"https:\/\/escort-technology.com\/pl\/zlacza-subconn-seria-nano\/","og_site_name":"ESCORT TECHNOLOGY","article_publisher":"https:\/\/www.facebook.com\/elektronika.morska\/","article_modified_time":"2024-04-25T08:44:27+00:00","twitter_card":"summary_large_image","twitter_misc":{"Szacowany czas czytania":"2 minuty"},"schema":{"@context":"https:\/\/schema.org","@graph":[{"@type":"WebPage","@id":"https:\/\/escort-technology.com\/zlacza-subconn-seria-nano\/","url":"https:\/\/escort-technology.com\/zlacza-subconn-seria-nano\/","name":"Z\u0142\u0105cza Subconn seria Nano - ESCORT TECHNOLOGY","isPartOf":{"@id":"http:\/\/escort-technology.com\/de\/#website"},"datePublished":"2024-04-25T07:33:11+00:00","dateModified":"2024-04-25T08:44:27+00:00","breadcrumb":{"@id":"https:\/\/escort-technology.com\/zlacza-subconn-seria-nano\/#breadcrumb"},"inLanguage":"pl-PL","potentialAction":[{"@type":"ReadAction","target":["https:\/\/escort-technology.com\/zlacza-subconn-seria-nano\/"]}]},{"@type":"BreadcrumbList","@id":"https:\/\/escort-technology.com\/zlacza-subconn-seria-nano\/#breadcrumb","itemListElement":[{"@type":"ListItem","position":1,"name":"Strona g\u0142\u00f3wna","item":"https:\/\/escort-technology.com\/"},{"@type":"ListItem","position":2,"name":"Z\u0142\u0105cza Subconn seria Nano"}]},{"@type":"WebSite","@id":"http:\/\/escort-technology.com\/de\/#website","url":"http:\/\/escort-technology.com\/de\/","name":"ESCORT TECHNOLOGY","description":"Elektronika morska i l\u0105dowa","publisher":{"@id":"http:\/\/escort-technology.com\/de\/#organization"},"potentialAction":[{"@type":"SearchAction","target":{"@type":"EntryPoint","urlTemplate":"http:\/\/escort-technology.com\/de\/?s={search_term_string}"},"query-input":{"@type":"PropertyValueSpecification","valueRequired":true,"valueName":"search_term_string"}}],"inLanguage":"pl-PL"},{"@type":"Organization","@id":"http:\/\/escort-technology.com\/de\/#organization","name":"ESCORT TECHNOLOGY","url":"http:\/\/escort-technology.com\/de\/","logo":{"@type":"ImageObject","inLanguage":"pl-PL","@id":"http:\/\/escort-technology.com\/de\/#\/schema\/logo\/image\/","url":"https:\/\/escort-technology.com\/wp-content\/uploads\/logo-1.jpg","contentUrl":"https:\/\/escort-technology.com\/wp-content\/uploads\/logo-1.jpg","width":600,"height":165,"caption":"ESCORT TECHNOLOGY"},"image":{"@id":"http:\/\/escort-technology.com\/de\/#\/schema\/logo\/image\/"},"sameAs":["https:\/\/www.facebook.com\/elektronika.morska\/","https:\/\/www.linkedin.com\/company\/escort-sp-z-o-o-\/"]}]}},"_links":{"self":[{"href":"https:\/\/escort-technology.com\/pl\/wp-json\/wp\/v2\/pages\/13766","targetHints":{"allow":["GET"]}}],"collection":[{"href":"https:\/\/escort-technology.com\/pl\/wp-json\/wp\/v2\/pages"}],"about":[{"href":"https:\/\/escort-technology.com\/pl\/wp-json\/wp\/v2\/types\/page"}],"author":[{"embeddable":true,"href":"https:\/\/escort-technology.com\/pl\/wp-json\/wp\/v2\/users\/10"}],"replies":[{"embeddable":true,"href":"https:\/\/escort-technology.com\/pl\/wp-json\/wp\/v2\/comments?post=13766"}],"version-history":[{"count":18,"href":"https:\/\/escort-technology.com\/pl\/wp-json\/wp\/v2\/pages\/13766\/revisions"}],"predecessor-version":[{"id":13791,"href":"https:\/\/escort-technology.com\/pl\/wp-json\/wp\/v2\/pages\/13766\/revisions\/13791"}],"wp:attachment":[{"href":"https:\/\/escort-technology.com\/pl\/wp-json\/wp\/v2\/media?parent=13766"}],"curies":[{"name":"wp","href":"https:\/\/api.w.org\/{rel}","templated":true}]}}