{"id":14355,"date":"2025-02-06T13:36:35","date_gmt":"2025-02-06T12:36:35","guid":{"rendered":"https:\/\/escort-technology.com\/?page_id=14355"},"modified":"2025-02-13T15:23:37","modified_gmt":"2025-02-13T14:23:37","slug":"radiotelefon-icom-ic-m25euro-evo","status":"publish","type":"page","link":"https:\/\/escort-technology.com\/pl\/radiotelefon-icom-ic-m25euro-evo\/","title":{"rendered":"Radiotelefon ICOM IC-M25EURO EVO"},"content":{"rendered":"<h1>Radiotelefon ICOM IC-M25EURO EVO<\/h1>\n<hr>\n<p>\n    <a href=\"https:\/\/shop.escort-technology.com\/pl\/p\/Radiotelefon-IC-M25EURO-EVO\/754\">Sprawd\u017a cen\u0119 w naszym sklepie<\/a>\n<\/p>\n<p><img decoding=\"async\" src=\"\/wp-content\/uploads\/2025\/02\/20250116174832_78382.png\" alt=\"\"><\/p>\n<p>\n    <a href=\"\/wp-content\/uploads\/2025\/02\/IC-M25EURO_EVO_A4_web.pdf\">Karta katalogowa <\/a>\n<\/p>\n<p>\n    <a href=\"\/wp-content\/uploads\/2025\/02\/IC-M25EURO_EVO_A4_web.pdf.pdf\">Karta katalogowa po polsku<\/a>\n<\/p>\n<h1>\n<h2>Nast\u0119pca modelu IC-M25E<\/h2>\n<\/h1>\n<div>\n<p>IC-M25EURO EVO to ulepszony model popularnego r\u0119cznego radiotelefonu morskiego VHF IC-M25EURO. IC-M25EURO EVO zosta\u0142 zaprojektowany z ulepszon\u0105 tekstur\u0105 uchwytu dla \u0142atwiejszej obs\u0142ugi i wi\u0119kszymi przyciskami. Ponadto zastosowano nowy energooszcz\u0119dny tryb Eco, kt\u00f3ry pozwoli na oko\u0142o 14 godzin pracy, co stanowi oko\u0142o 30% popraw\u0119. Co wi\u0119cej, port \u0142adowania USB Type-C\u2122 jest standardem. <\/p>\n<\/div>\n<div>\n<h3 class=\"headline3 title\">Float\u2019n Flash\u2122<\/h3>\n<p>Je\u015bli IC-M25EURO EVO zostanie przypadkowo upuszczony do wody, unosi si\u0119 na powierzchni, miga i emituje alarm, zmniejszaj\u0105c ryzyko utraty podczas aktywno\u015bci na wodzie. Icom jest liderem w bran\u017cy r\u0119cznych radiotelefon\u00f3w morskich z t\u0105 technologi\u0105 od czasu wprowadzenia IC-M33 w 2006 roku.<\/p>\n<\/div>\n<p><img decoding=\"async\" src=\"\/wp-content\/uploads\/2025\/02\/20250117151515.gif\" alt=\"\"><\/p>\n<div>\n<h3 class=\"headline3 title\">Ulepszona konstrukcja <\/h3>\n<p>IC-M25EURO EVO zosta\u0142 zaprojektowany z my\u015bl\u0105 o praktyczno\u015bci, posiada ulepszon\u0105 tekstur\u0119 uchwytu bocznego zapewniaj\u0105c\u0105 pewny, antypo\u015blizgowy chwyt nawet mokrymi r\u0119kami. Powi\u0119kszone, przyjazne dla u\u017cytkownika przyciski zapewniaj\u0105 \u0142atw\u0105 obs\u0142ug\u0119 i nawigacj\u0119 po kana\u0142ach.<\/p>\n<\/div>\n<p><img decoding=\"async\" src=\"\/wp-content\/uploads\/2025\/02\/20250116151808.png\" alt=\"\"><br \/>\n<img decoding=\"async\" src=\"\/wp-content\/uploads\/2025\/02\/20250116151814.png\" alt=\"\"><\/p>\n<div>\n<h3 class=\"headline3 title\">Lekka i kompaktowa obudowa <\/h3>\n<p>IC-M25EURO EVO wa\u017cy zaledwie 228 g i ma w\u0105sk\u0105 obudow\u0119 o grubo\u015bci 31,2 mm, dzi\u0119ki czemu jest lekki i \u0142atwy do trzymania przez d\u0142u\u017cszy czas. Jego kompaktowa obudowa pozwala na bezproblemow\u0105 obs\u0142ug\u0119 jedn\u0105 r\u0119k\u0105 podczas aktywno\u015bci<\/p>\n<\/div>\n<p><img decoding=\"async\" src=\"\/wp-content\/uploads\/2025\/02\/20250116152005.png\" alt=\"\"><\/p>\n<div>\n<h3 class=\"headline3 title\">Oszcz\u0119dno\u015b\u0107 energii dzi\u0119ki trybowi Eco, zapewniaj\u0105cemu do\u00a0 14 godzin pracy.\u00a0 <\/h3>\n<p>IC-M25EURO EVO oferuje do 14 godzin* wyd\u0142u\u017conej pracy dzi\u0119ki energooszcz\u0119dnemu trybowi Eco. Dzi\u0119ki zmniejszeniu mocy nadawania do 2,5 W, czas pracy wyd\u0142u\u017ca si\u0119 o oko\u0142o 30% w por\u00f3wnaniu do standardowej mocy wyj\u015bciowej 5 W. <\/p>\n<p>* Typowe dzia\u0142anie z Tx (Mid): Rx: Standby=5:5:90<\/p>\n<\/div>\n<p><img decoding=\"async\" src=\"\/wp-content\/uploads\/2025\/02\/20250116152413.jpg\" alt=\"\"><\/p>\n<div>\n<h3 class=\"headline3 title\">Dost\u0119pne dwa kolory <\/h3>\n<p>IC-M25EURO EVO ma dwie wersje kolorystyczne: Czarny lub Marine Blue.<\/p>\n<\/div>\n<p><img decoding=\"async\" src=\"\/wp-content\/uploads\/2025\/02\/20250116152501.jpg\" alt=\"\"><\/p>\n<div>\n<h3 class=\"headline3 title\">Port do \u0142adowania USB Type-C\u2122 <\/h3>\n<p>Dzi\u0119ki zastosowaniu portu USB Type-C\u2122, kt\u00f3ry jest powszechnie u\u017cywany na ca\u0142ym \u015bwiecie, akumulator \u0142aduje si\u0119 w oko\u0142o trzy godziny. Ponadto \u0142adowanie za pomoc\u0105 przeno\u015bnych akumulator\u00f3w* (dostarczanych przez u\u017cytkownika) zapewnia dodatkow\u0105 wygod\u0119 i mobilno\u015b\u0107.<\/p>\n<p>* USB PD nie jest obs\u0142ugiwane.<\/p>\n<\/div>\n<p><img decoding=\"async\" src=\"\/wp-content\/uploads\/2025\/02\/20250116152546.png\" alt=\"\"><\/p>\n<div>\n<h3 class=\"headline3 title\">AquaQuake\u2122<\/h3>\n<p>Funkcja drena\u017cu AquaQuake\u2122 zapobiega pogorszeniu jako\u015bci d\u017awi\u0119ku z g\u0142o\u015bnika zalanego wod\u0105. Funkcja ta usuwa wod\u0119 z maskownicy g\u0142o\u015bnika poprzez wibracje membrany g\u0142o\u015bnika. Nawet je\u015bli zostaniesz ochlapany przez deszcz lub fale, mo\u017cesz szybko przywr\u00f3ci\u0107 czysty d\u017awi\u0119k dzi\u0119ki AquaQuake\u2122.<\/p>\n<\/div>\n<p><img decoding=\"async\" src=\"\/wp-content\/uploads\/2025\/02\/20250117151534.gif\" alt=\"\"><\/p>\n<div>\n<h3 class=\"headline3 title\">Inne cechy<\/h3>\n<p>Wodoszczelno\u015b\u0107 IPX7 (1 m g\u0142\u0119boko\u015bci wody przez 30 minut)<br \/>4-stopniowy wska\u017anik \u017cywotno\u015bci baterii<br \/>2-stopniowa funkcja oszcz\u0119dzania energii<br \/>Funkcje Dual\/Tri-watch<br \/>Natychmiastowy dost\u0119p do CH 16 lub programowalnego kana\u0142u wywo\u0142ania<br \/>Funkcja ulubionego kana\u0142u<br \/>Funkcja monitorowania otwiera blokad\u0119 szum\u00f3w<br \/>Funkcja automatycznego skanowania<\/p>\n<\/div>\n<p><!--more--><br \/>\n<!-- {\"type\":\"layout\",\"children\":[{\"type\":\"section\",\"props\":{\"image_position\":\"center-center\",\"style\":\"default\",\"title_breakpoint\":\"xl\",\"title_position\":\"top-left\",\"title_rotation\":\"left\",\"vertical_align\":\"middle\",\"width\":\"default\"},\"children\":[{\"type\":\"row\",\"children\":[{\"type\":\"column\",\"props\":{\"image_position\":\"center-center\",\"position_sticky_breakpoint\":\"m\"},\"children\":[{\"type\":\"headline\",\"props\":{\"content\":\"Radiotelefon ICOM IC-M25EURO EVO\",\"title_element\":\"h1\"}},{\"type\":\"divider\",\"props\":{\"divider_element\":\"hr\"}}]}]},{\"type\":\"row\",\"props\":{\"layout\":\"1-2,1-2\"},\"children\":[{\"type\":\"column\",\"props\":{\"image_position\":\"center-center\",\"position_sticky_breakpoint\":\"m\",\"width_medium\":\"1-2\"},\"children\":[{\"type\":\"button\",\"props\":{\"grid_column_gap\":\"small\",\"grid_row_gap\":\"small\",\"margin\":\"default\",\"position\":\"relative\",\"text_align\":\"center\"},\"children\":[{\"type\":\"button_item\",\"props\":{\"button_style\":\"default\",\"content\":\"Sprawd\\u017a cen\\u0119 w naszym sklepie\",\"icon_align\":\"left\",\"link\":\"https:\\\/\\\/shop.escort-technology.com\\\/pl\\\/p\\\/Radiotelefon-IC-M25EURO-EVO\\\/754\"}}]}]},{\"type\":\"column\",\"props\":{\"image_position\":\"center-center\",\"position_sticky_breakpoint\":\"m\",\"width_medium\":\"1-2\"},\"children\":[{\"type\":\"image\",\"props\":{\"image\":\"wp-content\\\/uploads\\\/2025\\\/02\\\/20250116174832_78382.png\",\"image_svg_color\":\"emphasis\",\"margin\":\"default\"}},{\"type\":\"button\",\"props\":{\"grid_column_gap\":\"small\",\"grid_row_gap\":\"small\",\"margin\":\"default\",\"text_align\":\"center\"},\"children\":[{\"type\":\"button_item\",\"props\":{\"button_style\":\"default\",\"content\":\"Karta katalogowa \",\"icon_align\":\"left\",\"link\":\"wp-content\\\/uploads\\\/2025\\\/02\\\/IC-M25EURO_EVO_A4_web.pdf\"}}]},{\"type\":\"button\",\"props\":{\"grid_column_gap\":\"small\",\"grid_row_gap\":\"small\",\"margin\":\"default\",\"text_align\":\"center\"},\"children\":[{\"type\":\"button_item\",\"props\":{\"button_style\":\"default\",\"content\":\"Karta katalogowa po polsku\",\"icon_align\":\"left\",\"link\":\"wp-content\\\/uploads\\\/2025\\\/02\\\/IC-M25EURO_EVO_A4_web.pdf.pdf\"}}]}]}]},{\"type\":\"row\",\"children\":[{\"type\":\"column\",\"props\":{\"image_position\":\"center-center\",\"position_sticky_breakpoint\":\"m\"},\"children\":[{\"type\":\"headline\",\"props\":{\"content\":\"\n\n<h2>Nast\\u0119pca modelu IC-M25E<\\\/h2>\",\"title_element\":\"h1\"}},{\"type\":\"text\",\"props\":{\"column_breakpoint\":\"m\",\"content\":\"\n\n<p>IC-M25EURO EVO to ulepszony model popularnego r\\u0119cznego radiotelefonu morskiego VHF IC-M25EURO. IC-M25EURO EVO zosta\\u0142 zaprojektowany z ulepszon\\u0105 tekstur\\u0105 uchwytu dla \\u0142atwiejszej obs\\u0142ugi i wi\\u0119kszymi przyciskami. Ponadto zastosowano nowy energooszcz\\u0119dny tryb Eco, kt\\u00f3ry pozwoli na oko\\u0142o 14 godzin pracy, co stanowi oko\\u0142o 30% popraw\\u0119. Co wi\\u0119cej, port \\u0142adowania USB Type-C\\u2122 jest standardem. <\\\/p>\",\"margin\":\"default\"}}]}]},{\"type\":\"row\",\"props\":{\"layout\":\"1-2,1-2\"},\"children\":[{\"type\":\"column\",\"props\":{\"image_position\":\"center-center\",\"position_sticky_breakpoint\":\"m\",\"width_medium\":\"1-2\"},\"children\":[{\"type\":\"text\",\"props\":{\"column_breakpoint\":\"m\",\"content\":\"\n\n<h3 class=\\\"headline3 title\\\">Float\\u2019n Flash\\u2122<\\\/h3>\\n\n\n<p>Je\\u015bli IC-M25EURO EVO zostanie przypadkowo upuszczony do wody, unosi si\\u0119 na powierzchni, miga i emituje alarm, zmniejszaj\\u0105c ryzyko utraty podczas aktywno\\u015bci na wodzie. Icom jest liderem w bran\\u017cy r\\u0119cznych radiotelefon\\u00f3w morskich z t\\u0105 technologi\\u0105 od czasu wprowadzenia IC-M33 w 2006 roku.<\\\/p>\",\"margin\":\"default\"}}]},{\"type\":\"column\",\"props\":{\"image_position\":\"center-center\",\"position_sticky_breakpoint\":\"m\",\"width_medium\":\"1-2\"},\"children\":[{\"type\":\"image\",\"props\":{\"image\":\"wp-content\\\/uploads\\\/2025\\\/02\\\/20250117151515.gif\",\"image_svg_color\":\"emphasis\",\"margin\":\"default\"}}]}]},{\"type\":\"row\",\"children\":[{\"type\":\"column\",\"props\":{\"image_position\":\"center-center\",\"position_sticky_breakpoint\":\"m\"},\"children\":[{\"type\":\"text\",\"props\":{\"column_breakpoint\":\"m\",\"content\":\"\n\n<h3 class=\\\"headline3 title\\\">Ulepszona konstrukcja <\\\/h3>\\n\n\n<p>IC-M25EURO EVO zosta\\u0142 zaprojektowany z my\\u015bl\\u0105 o praktyczno\\u015bci, posiada ulepszon\\u0105 tekstur\\u0119 uchwytu bocznego zapewniaj\\u0105c\\u0105 pewny, antypo\\u015blizgowy chwyt nawet mokrymi r\\u0119kami. Powi\\u0119kszone, przyjazne dla u\\u017cytkownika przyciski zapewniaj\\u0105 \\u0142atw\\u0105 obs\\u0142ug\\u0119 i nawigacj\\u0119 po kana\\u0142ach.<\\\/p>\",\"margin\":\"default\"}}]}]},{\"type\":\"row\",\"props\":{\"layout\":\"1-2,1-2\"},\"children\":[{\"type\":\"column\",\"props\":{\"image_position\":\"center-center\",\"position_sticky_breakpoint\":\"m\",\"width_medium\":\"1-2\"},\"children\":[{\"type\":\"image\",\"props\":{\"image\":\"wp-content\\\/uploads\\\/2025\\\/02\\\/20250116151808.png\",\"image_svg_color\":\"emphasis\",\"margin\":\"default\"}}]},{\"type\":\"column\",\"props\":{\"image_position\":\"center-center\",\"position_sticky_breakpoint\":\"m\",\"width_medium\":\"1-2\"},\"children\":[{\"type\":\"image\",\"props\":{\"image\":\"wp-content\\\/uploads\\\/2025\\\/02\\\/20250116151814.png\",\"image_svg_color\":\"emphasis\",\"margin\":\"default\"}}]}]},{\"type\":\"row\",\"props\":{\"layout\":\"1-2,1-2\"},\"children\":[{\"type\":\"column\",\"props\":{\"image_position\":\"center-center\",\"position_sticky_breakpoint\":\"m\",\"width_medium\":\"1-2\"},\"children\":[{\"type\":\"text\",\"props\":{\"column_breakpoint\":\"m\",\"content\":\"\n\n<h3 class=\\\"headline3 title\\\">Lekka i kompaktowa obudowa <\\\/h3>\\n\n\n<p>IC-M25EURO EVO wa\\u017cy zaledwie 228 g i ma w\\u0105sk\\u0105 obudow\\u0119 o grubo\\u015bci 31,2 mm, dzi\\u0119ki czemu jest lekki i \\u0142atwy do trzymania przez d\\u0142u\\u017cszy czas. Jego kompaktowa obudowa pozwala na bezproblemow\\u0105 obs\\u0142ug\\u0119 jedn\\u0105 r\\u0119k\\u0105 podczas aktywno\\u015bci<\\\/p>\",\"margin\":\"default\"}}]},{\"type\":\"column\",\"props\":{\"image_position\":\"center-center\",\"position_sticky_breakpoint\":\"m\",\"width_medium\":\"1-2\"},\"children\":[{\"type\":\"image\",\"props\":{\"image\":\"wp-content\\\/uploads\\\/2025\\\/02\\\/20250116152005.png\",\"image_svg_color\":\"emphasis\",\"margin\":\"default\"}}]}]},{\"type\":\"row\",\"props\":{\"layout\":\"1-2,1-2\"},\"children\":[{\"type\":\"column\",\"props\":{\"image_position\":\"center-center\",\"position_sticky_breakpoint\":\"m\",\"width_medium\":\"1-2\"},\"children\":[{\"type\":\"text\",\"props\":{\"column_breakpoint\":\"m\",\"content\":\"\n\n<h3 class=\\\"headline3 title\\\">Oszcz\\u0119dno\\u015b\\u0107 energii dzi\\u0119ki trybowi Eco, zapewniaj\\u0105cemu do\\u00a0 14 godzin pracy.\\u00a0 <\\\/h3>\\n\n\n<p>IC-M25EURO EVO oferuje do 14 godzin* wyd\\u0142u\\u017conej pracy dzi\\u0119ki energooszcz\\u0119dnemu trybowi Eco. Dzi\\u0119ki zmniejszeniu mocy nadawania do 2,5 W, czas pracy wyd\\u0142u\\u017ca si\\u0119 o oko\\u0142o 30% w por\\u00f3wnaniu do standardowej mocy wyj\\u015bciowej 5 W. <\\\/p>\\n\n\n<p>* Typowe dzia\\u0142anie z Tx (Mid): Rx: Standby=5:5:90<\\\/p>\",\"margin\":\"default\"}}]},{\"type\":\"column\",\"props\":{\"image_position\":\"center-center\",\"position_sticky_breakpoint\":\"m\",\"width_medium\":\"1-2\"},\"children\":[{\"type\":\"image\",\"props\":{\"image\":\"wp-content\\\/uploads\\\/2025\\\/02\\\/20250116152413.jpg\",\"image_svg_color\":\"emphasis\",\"margin\":\"default\"}}]}]},{\"type\":\"row\",\"props\":{\"layout\":\"1-2,1-2\"},\"children\":[{\"type\":\"column\",\"props\":{\"image_position\":\"center-center\",\"position_sticky_breakpoint\":\"m\",\"width_medium\":\"1-2\"},\"children\":[{\"type\":\"text\",\"props\":{\"column_breakpoint\":\"m\",\"content\":\"\n\n<h3 class=\\\"headline3 title\\\">Dost\\u0119pne dwa kolory <\\\/h3>\\n\n\n<p>IC-M25EURO EVO ma dwie wersje kolorystyczne: Czarny lub Marine Blue.<\\\/p>\",\"margin\":\"default\"}}]},{\"type\":\"column\",\"props\":{\"image_position\":\"center-center\",\"position_sticky_breakpoint\":\"m\",\"width_medium\":\"1-2\"},\"children\":[{\"type\":\"image\",\"props\":{\"image\":\"wp-content\\\/uploads\\\/2025\\\/02\\\/20250116152501.jpg\",\"image_svg_color\":\"emphasis\",\"margin\":\"default\"}}]}]},{\"type\":\"row\",\"props\":{\"layout\":\"1-2,1-2\"},\"children\":[{\"type\":\"column\",\"props\":{\"image_position\":\"center-center\",\"position_sticky_breakpoint\":\"m\",\"width_medium\":\"1-2\"},\"children\":[{\"type\":\"text\",\"props\":{\"column_breakpoint\":\"m\",\"content\":\"\n\n<h3 class=\\\"headline3 title\\\">Port do \\u0142adowania USB Type-C\\u2122 <\\\/h3>\\n\n\n<p>Dzi\\u0119ki zastosowaniu portu USB Type-C\\u2122, kt\\u00f3ry jest powszechnie u\\u017cywany na ca\\u0142ym \\u015bwiecie, akumulator \\u0142aduje si\\u0119 w oko\\u0142o trzy godziny. Ponadto \\u0142adowanie za pomoc\\u0105 przeno\\u015bnych akumulator\\u00f3w* (dostarczanych przez u\\u017cytkownika) zapewnia dodatkow\\u0105 wygod\\u0119 i mobilno\\u015b\\u0107.<\\\/p>\\n\n\n<p>* USB PD nie jest obs\\u0142ugiwane.<\\\/p>\",\"margin\":\"default\"}}]},{\"type\":\"column\",\"props\":{\"image_position\":\"center-center\",\"position_sticky_breakpoint\":\"m\",\"width_medium\":\"1-2\"},\"children\":[{\"type\":\"image\",\"props\":{\"image\":\"wp-content\\\/uploads\\\/2025\\\/02\\\/20250116152546.png\",\"image_svg_color\":\"emphasis\",\"margin\":\"default\"}}]}]},{\"type\":\"row\",\"props\":{\"layout\":\"1-2,1-2\"},\"children\":[{\"type\":\"column\",\"props\":{\"image_position\":\"center-center\",\"position_sticky_breakpoint\":\"m\",\"width_medium\":\"1-2\"},\"children\":[{\"type\":\"text\",\"props\":{\"column_breakpoint\":\"m\",\"content\":\"\n\n<h3 class=\\\"headline3 title\\\">AquaQuake\\u2122<\\\/h3>\\n\n\n<p>Funkcja drena\\u017cu AquaQuake\\u2122 zapobiega pogorszeniu jako\\u015bci d\\u017awi\\u0119ku z g\\u0142o\\u015bnika zalanego wod\\u0105. Funkcja ta usuwa wod\\u0119 z maskownicy g\\u0142o\\u015bnika poprzez wibracje membrany g\\u0142o\\u015bnika. Nawet je\\u015bli zostaniesz ochlapany przez deszcz lub fale, mo\\u017cesz szybko przywr\\u00f3ci\\u0107 czysty d\\u017awi\\u0119k dzi\\u0119ki AquaQuake\\u2122.<\\\/p>\",\"margin\":\"default\"}}]},{\"type\":\"column\",\"props\":{\"image_position\":\"center-center\",\"position_sticky_breakpoint\":\"m\",\"width_medium\":\"1-2\"},\"children\":[{\"type\":\"image\",\"props\":{\"image\":\"wp-content\\\/uploads\\\/2025\\\/02\\\/20250117151534.gif\",\"image_svg_color\":\"emphasis\",\"margin\":\"default\"}}]}]},{\"type\":\"row\",\"props\":{\"layout\":\"1-2,1-2\"},\"children\":[{\"type\":\"column\",\"props\":{\"image_position\":\"center-center\",\"position_sticky_breakpoint\":\"m\",\"width_medium\":\"1-2\"},\"children\":[{\"type\":\"text\",\"props\":{\"column_breakpoint\":\"m\",\"content\":\"\n\n<h3 class=\\\"headline3 title\\\">Inne cechy<\\\/h3>\\n\n\n<p>Wodoszczelno\\u015b\\u0107 IPX7 (1 m g\\u0142\\u0119boko\\u015bci wody przez 30 minut)<br \\\/>4-stopniowy wska\\u017anik \\u017cywotno\\u015bci baterii<br \\\/>2-stopniowa funkcja oszcz\\u0119dzania energii<br \\\/>Funkcje Dual\\\/Tri-watch<br \\\/>Natychmiastowy dost\\u0119p do CH 16 lub programowalnego kana\\u0142u wywo\\u0142ania<br \\\/>Funkcja ulubionego kana\\u0142u<br \\\/>Funkcja monitorowania otwiera blokad\\u0119 szum\\u00f3w<br \\\/>Funkcja automatycznego skanowania<\\\/p>\",\"margin\":\"default\"}}]},{\"type\":\"column\",\"props\":{\"image_position\":\"center-center\",\"position_sticky_breakpoint\":\"m\",\"width_medium\":\"1-2\"}}]}]}],\"version\":\"4.0.13\"} --><\/p>\n","protected":false},"excerpt":{"rendered":"<p>Radiotelefon ICOM IC-M25EURO EVO Sprawd\u017a cen\u0119 w naszym sklepie Karta katalogowa Karta katalogowa po polsku Nast\u0119pca modelu IC-M25E IC-M25EURO EVO to ulepszony model popularnego r\u0119cznego radiotelefonu morskiego VHF IC-M25EURO. IC-M25EURO EVO zosta\u0142 zaprojektowany z ulepszon\u0105 tekstur\u0105 uchwytu dla \u0142atwiejszej obs\u0142ugi i wi\u0119kszymi przyciskami. Ponadto zastosowano nowy energooszcz\u0119dny tryb Eco, kt\u00f3ry pozwoli na oko\u0142o 14 godzin [&hellip;]<\/p>\n","protected":false},"author":10,"featured_media":0,"parent":0,"menu_order":0,"comment_status":"closed","ping_status":"closed","template":"","meta":{"footnotes":""},"class_list":["post-14355","page","type-page","status-publish","hentry"],"yoast_head":"<!-- This site is optimized with the Yoast SEO plugin v27.5 - https:\/\/yoast.com\/product\/yoast-seo-wordpress\/ -->\n<title>Radiotelefon ICOM IC-M25EURO EVO - ESCORT TECHNOLOGY<\/title>\n<meta name=\"robots\" content=\"index, follow, max-snippet:-1, max-image-preview:large, max-video-preview:-1\" \/>\n<link rel=\"canonical\" href=\"https:\/\/escort-technology.com\/pl\/radiotelefon-icom-ic-m25euro-evo\/\" \/>\n<meta property=\"og:locale\" content=\"pl_PL\" \/>\n<meta property=\"og:type\" content=\"article\" \/>\n<meta property=\"og:title\" content=\"Radiotelefon ICOM IC-M25EURO EVO - ESCORT TECHNOLOGY\" \/>\n<meta property=\"og:description\" content=\"Radiotelefon ICOM IC-M25EURO EVO Sprawd\u017a cen\u0119 w naszym sklepie Karta katalogowa Karta katalogowa po polsku Nast\u0119pca modelu IC-M25E IC-M25EURO EVO to ulepszony model popularnego r\u0119cznego radiotelefonu morskiego VHF IC-M25EURO. IC-M25EURO EVO zosta\u0142 zaprojektowany z ulepszon\u0105 tekstur\u0105 uchwytu dla \u0142atwiejszej obs\u0142ugi i wi\u0119kszymi przyciskami. Ponadto zastosowano nowy energooszcz\u0119dny tryb Eco, kt\u00f3ry pozwoli na oko\u0142o 14 godzin [&hellip;]\" \/>\n<meta property=\"og:url\" content=\"https:\/\/escort-technology.com\/pl\/radiotelefon-icom-ic-m25euro-evo\/\" \/>\n<meta property=\"og:site_name\" content=\"ESCORT TECHNOLOGY\" \/>\n<meta property=\"article:publisher\" content=\"https:\/\/www.facebook.com\/elektronika.morska\/\" \/>\n<meta property=\"article:modified_time\" content=\"2025-02-13T14:23:37+00:00\" \/>\n<meta name=\"twitter:card\" content=\"summary_large_image\" \/>\n<script type=\"application\/ld+json\" class=\"yoast-schema-graph\">{\"@context\":\"https:\\\/\\\/schema.org\",\"@graph\":[{\"@type\":\"WebPage\",\"@id\":\"https:\\\/\\\/escort-technology.com\\\/radiotelefon-icom-ic-m25euro-evo\\\/\",\"url\":\"https:\\\/\\\/escort-technology.com\\\/radiotelefon-icom-ic-m25euro-evo\\\/\",\"name\":\"Radiotelefon ICOM IC-M25EURO EVO - ESCORT TECHNOLOGY\",\"isPartOf\":{\"@id\":\"http:\\\/\\\/escort-technology.com\\\/de\\\/#website\"},\"datePublished\":\"2025-02-06T12:36:35+00:00\",\"dateModified\":\"2025-02-13T14:23:37+00:00\",\"breadcrumb\":{\"@id\":\"https:\\\/\\\/escort-technology.com\\\/radiotelefon-icom-ic-m25euro-evo\\\/#breadcrumb\"},\"inLanguage\":\"pl-PL\",\"potentialAction\":[{\"@type\":\"ReadAction\",\"target\":[\"https:\\\/\\\/escort-technology.com\\\/radiotelefon-icom-ic-m25euro-evo\\\/\"]}]},{\"@type\":\"BreadcrumbList\",\"@id\":\"https:\\\/\\\/escort-technology.com\\\/radiotelefon-icom-ic-m25euro-evo\\\/#breadcrumb\",\"itemListElement\":[{\"@type\":\"ListItem\",\"position\":1,\"name\":\"Strona g\u0142\u00f3wna\",\"item\":\"https:\\\/\\\/escort-technology.com\\\/\"},{\"@type\":\"ListItem\",\"position\":2,\"name\":\"Radiotelefon ICOM IC-M25EURO EVO\"}]},{\"@type\":\"WebSite\",\"@id\":\"http:\\\/\\\/escort-technology.com\\\/de\\\/#website\",\"url\":\"http:\\\/\\\/escort-technology.com\\\/de\\\/\",\"name\":\"ESCORT TECHNOLOGY\",\"description\":\"Elektronika morska i l\u0105dowa\",\"publisher\":{\"@id\":\"http:\\\/\\\/escort-technology.com\\\/de\\\/#organization\"},\"potentialAction\":[{\"@type\":\"SearchAction\",\"target\":{\"@type\":\"EntryPoint\",\"urlTemplate\":\"http:\\\/\\\/escort-technology.com\\\/de\\\/?s={search_term_string}\"},\"query-input\":{\"@type\":\"PropertyValueSpecification\",\"valueRequired\":true,\"valueName\":\"search_term_string\"}}],\"inLanguage\":\"pl-PL\"},{\"@type\":\"Organization\",\"@id\":\"http:\\\/\\\/escort-technology.com\\\/de\\\/#organization\",\"name\":\"ESCORT TECHNOLOGY\",\"url\":\"http:\\\/\\\/escort-technology.com\\\/de\\\/\",\"logo\":{\"@type\":\"ImageObject\",\"inLanguage\":\"pl-PL\",\"@id\":\"http:\\\/\\\/escort-technology.com\\\/de\\\/#\\\/schema\\\/logo\\\/image\\\/\",\"url\":\"https:\\\/\\\/escort-technology.com\\\/wp-content\\\/uploads\\\/logo-1.jpg\",\"contentUrl\":\"https:\\\/\\\/escort-technology.com\\\/wp-content\\\/uploads\\\/logo-1.jpg\",\"width\":600,\"height\":165,\"caption\":\"ESCORT TECHNOLOGY\"},\"image\":{\"@id\":\"http:\\\/\\\/escort-technology.com\\\/de\\\/#\\\/schema\\\/logo\\\/image\\\/\"},\"sameAs\":[\"https:\\\/\\\/www.facebook.com\\\/elektronika.morska\\\/\",\"https:\\\/\\\/www.linkedin.com\\\/company\\\/escort-sp-z-o-o-\\\/\"]}]}<\/script>\n<!-- \/ Yoast SEO plugin. -->","yoast_head_json":{"title":"Radiotelefon ICOM IC-M25EURO EVO - ESCORT TECHNOLOGY","robots":{"index":"index","follow":"follow","max-snippet":"max-snippet:-1","max-image-preview":"max-image-preview:large","max-video-preview":"max-video-preview:-1"},"canonical":"https:\/\/escort-technology.com\/pl\/radiotelefon-icom-ic-m25euro-evo\/","og_locale":"pl_PL","og_type":"article","og_title":"Radiotelefon ICOM IC-M25EURO EVO - ESCORT TECHNOLOGY","og_description":"Radiotelefon ICOM IC-M25EURO EVO Sprawd\u017a cen\u0119 w naszym sklepie Karta katalogowa Karta katalogowa po polsku Nast\u0119pca modelu IC-M25E IC-M25EURO EVO to ulepszony model popularnego r\u0119cznego radiotelefonu morskiego VHF IC-M25EURO. IC-M25EURO EVO zosta\u0142 zaprojektowany z ulepszon\u0105 tekstur\u0105 uchwytu dla \u0142atwiejszej obs\u0142ugi i wi\u0119kszymi przyciskami. Ponadto zastosowano nowy energooszcz\u0119dny tryb Eco, kt\u00f3ry pozwoli na oko\u0142o 14 godzin [&hellip;]","og_url":"https:\/\/escort-technology.com\/pl\/radiotelefon-icom-ic-m25euro-evo\/","og_site_name":"ESCORT TECHNOLOGY","article_publisher":"https:\/\/www.facebook.com\/elektronika.morska\/","article_modified_time":"2025-02-13T14:23:37+00:00","twitter_card":"summary_large_image","schema":{"@context":"https:\/\/schema.org","@graph":[{"@type":"WebPage","@id":"https:\/\/escort-technology.com\/radiotelefon-icom-ic-m25euro-evo\/","url":"https:\/\/escort-technology.com\/radiotelefon-icom-ic-m25euro-evo\/","name":"Radiotelefon ICOM IC-M25EURO EVO - ESCORT TECHNOLOGY","isPartOf":{"@id":"http:\/\/escort-technology.com\/de\/#website"},"datePublished":"2025-02-06T12:36:35+00:00","dateModified":"2025-02-13T14:23:37+00:00","breadcrumb":{"@id":"https:\/\/escort-technology.com\/radiotelefon-icom-ic-m25euro-evo\/#breadcrumb"},"inLanguage":"pl-PL","potentialAction":[{"@type":"ReadAction","target":["https:\/\/escort-technology.com\/radiotelefon-icom-ic-m25euro-evo\/"]}]},{"@type":"BreadcrumbList","@id":"https:\/\/escort-technology.com\/radiotelefon-icom-ic-m25euro-evo\/#breadcrumb","itemListElement":[{"@type":"ListItem","position":1,"name":"Strona g\u0142\u00f3wna","item":"https:\/\/escort-technology.com\/"},{"@type":"ListItem","position":2,"name":"Radiotelefon ICOM IC-M25EURO EVO"}]},{"@type":"WebSite","@id":"http:\/\/escort-technology.com\/de\/#website","url":"http:\/\/escort-technology.com\/de\/","name":"ESCORT TECHNOLOGY","description":"Elektronika morska i l\u0105dowa","publisher":{"@id":"http:\/\/escort-technology.com\/de\/#organization"},"potentialAction":[{"@type":"SearchAction","target":{"@type":"EntryPoint","urlTemplate":"http:\/\/escort-technology.com\/de\/?s={search_term_string}"},"query-input":{"@type":"PropertyValueSpecification","valueRequired":true,"valueName":"search_term_string"}}],"inLanguage":"pl-PL"},{"@type":"Organization","@id":"http:\/\/escort-technology.com\/de\/#organization","name":"ESCORT TECHNOLOGY","url":"http:\/\/escort-technology.com\/de\/","logo":{"@type":"ImageObject","inLanguage":"pl-PL","@id":"http:\/\/escort-technology.com\/de\/#\/schema\/logo\/image\/","url":"https:\/\/escort-technology.com\/wp-content\/uploads\/logo-1.jpg","contentUrl":"https:\/\/escort-technology.com\/wp-content\/uploads\/logo-1.jpg","width":600,"height":165,"caption":"ESCORT TECHNOLOGY"},"image":{"@id":"http:\/\/escort-technology.com\/de\/#\/schema\/logo\/image\/"},"sameAs":["https:\/\/www.facebook.com\/elektronika.morska\/","https:\/\/www.linkedin.com\/company\/escort-sp-z-o-o-\/"]}]}},"_links":{"self":[{"href":"https:\/\/escort-technology.com\/pl\/wp-json\/wp\/v2\/pages\/14355","targetHints":{"allow":["GET"]}}],"collection":[{"href":"https:\/\/escort-technology.com\/pl\/wp-json\/wp\/v2\/pages"}],"about":[{"href":"https:\/\/escort-technology.com\/pl\/wp-json\/wp\/v2\/types\/page"}],"author":[{"embeddable":true,"href":"https:\/\/escort-technology.com\/pl\/wp-json\/wp\/v2\/users\/10"}],"replies":[{"embeddable":true,"href":"https:\/\/escort-technology.com\/pl\/wp-json\/wp\/v2\/comments?post=14355"}],"version-history":[{"count":42,"href":"https:\/\/escort-technology.com\/pl\/wp-json\/wp\/v2\/pages\/14355\/revisions"}],"predecessor-version":[{"id":14416,"href":"https:\/\/escort-technology.com\/pl\/wp-json\/wp\/v2\/pages\/14355\/revisions\/14416"}],"wp:attachment":[{"href":"https:\/\/escort-technology.com\/pl\/wp-json\/wp\/v2\/media?parent=14355"}],"curies":[{"name":"wp","href":"https:\/\/api.w.org\/{rel}","templated":true}]}}