{"id":14456,"date":"2025-04-29T11:21:26","date_gmt":"2025-04-29T09:21:26","guid":{"rendered":"https:\/\/escort-technology.com\/?page_id=14456"},"modified":"2025-07-23T10:49:25","modified_gmt":"2025-07-23T08:49:25","slug":"radioplawa-epirb-gme-mt606g","status":"publish","type":"page","link":"https:\/\/escort-technology.com\/pl\/radioplawa-epirb-gme-mt606g\/","title":{"rendered":"Radiop\u0142awa EPIRB GME MT606G"},"content":{"rendered":"<h1>\n<h1 class=\"uk-article-title\">Radiop\u0142awa EPIRB GME MT606G\/ MT606FG<\/h1>\n<\/h1>\n<hr>\n<p><img decoding=\"async\" src=\"\/wp-content\/uploads\/2025\/07\/MT606G-Front-564x1080-1.png\" alt=\"\"><\/p>\n<p>\n    <a href=\"\/wp-content\/uploads\/2025\/07\/Karta-katalogowa-MT606G.pdf\">Karta katalogowa <\/a>\n<\/p>\n<div>\n<h2>Przedstawiamy nowy model radiop\u0142awy marki GME MT606G AIS.<\/h2>\n<p>Przedstawiamy MT606G, zaawansowany nadajnik EPIRB wyposa\u017cony w szereg najnowocze\u015bniejszych funkcji. Obejmuj\u0105 one system GNSS (Global Navigation Satellite System) zapewniaj\u0105cy dok\u0142adne pozycjonowanie, \u015bwiat\u0142o stroboskopowe na podczerwie\u0144 poprawiaj\u0105ce widoczno\u015b\u0107 podczas akcji poszukiwawczo-ratowniczych (SAR), sygna\u0142 naprowadzaj\u0105cy 121,5 MHz oraz system AIS (Automatic Identification System), kt\u00f3ry ostrzega pobliskie statki wyposa\u017cone w AIS o aktywacji nadajnika EPIRB. Kiedy liczy si\u0119 ka\u017cda sekunda, ostrze\u017cenie pobliskich statk\u00f3w mo\u017ce mie\u0107 kluczowe znaczenie.<\/p>\n<p>Urz\u0105dzenie MT606G jest zatwierdzone do u\u017cytku w ramach systemu COSPAS-SARSAT na ca\u0142ym \u015bwiecie, zapewniaj\u0105c niezawodne us\u0142ugi alarmowania i lokalizacji w sytuacjach zagro\u017cenia. Dzi\u0119ki 10-letniej \u017cywotno\u015bci baterii ten nadajnik EPIRB zapewnia d\u0142ugotrwa\u0142\u0105 wydajno\u015b\u0107 i spok\u00f3j ducha.<\/p>\n<\/p>\n<p>Dost\u0119pny w dw\u00f3ch wariantach \u2014 Cat. I (automatyczny) i Cat. II (r\u0119czne uruchamianie) \u2014 MT606G zosta\u0142 zaprojektowany z my\u015bl\u0105 o zaspokojeniu r\u00f3\u017cnorodnych potrzeb r\u00f3\u017cnych operacji morskich. GME ma d\u0142ug\u0105 histori\u0119 w bran\u017cy nadajnik\u00f3w awaryjnych, produkuj\u0105c sw\u00f3j pierwszy nadajnik EPIRB w 1979 roku. MT606G stanowi najnowsz\u0105 innowacj\u0119 w portfolio GME, zapewniaj\u0105c zaawansowane funkcje bezpiecze\u0144stwa i niezawodn\u0105 wydajno\u015b\u0107 dla marynarzy w sytuacjach awaryjnych.<\/p>\n<\/p>\n<\/div>\n<p>\n    <a href=\"\">Sprawd\u017a ceny w sklepie <\/a>\n<\/p>\n<div>\n<p><strong>CECHY Radiop\u0142awy EPIRB<\/strong><\/p>\n<ul>\n<li>Transmisja sygna\u0142u alarmowego AIS<\/li>\n<li>Automatyczne uruchamianie po zanurzeniu w wodzie<\/li>\n<li>Zintegrowany odbiornik GNSS obs\u0142uguj\u0105cy systemy GPS i Galileo<\/li>\n<li>Wysokowydajna, p\u00f3\u0142przewodnikowa lampa stroboskopowa na podczerwie\u0144<\/li>\n<li>Technologia cyfrowa bez rozgrzewania<\/li>\n<li>Sygna\u0142 naprowadzaj\u0105cy VHF 121,5 MHz<\/li>\n<li>Cyfrowy sygna\u0142 satelitarny 406 MHz<\/li>\n<li>Szybka i \u0142atwa funkcja autotestu<\/li>\n<li>Zatwierdzony do u\u017cytku na ca\u0142ym \u015bwiecie<\/li>\n<li>10 lat \u017cywotno\u015bci baterii \/ 6 lat gwarancji<\/li>\n<\/ul>\n<\/div>\n<div>\n<p><strong>W zestawie:<\/strong><br \/>Radiop\u0142awa EPIRB aktywowana r\u0119cznie MT606G\/FG<br \/>Uchwyt monta\u017cowy Quick-Release i osprz\u0119t monta\u017cowy<br \/>Instrukcja obs\u0142ugi<br \/>Tabliczka z instrukcj\u0105 aktywacji awaryjnej<\/p>\n<\/div>\n<p><!--more--><br \/>\n<!-- {\"type\":\"layout\",\"children\":[{\"type\":\"section\",\"props\":{\"image_position\":\"center-center\",\"style\":\"default\",\"title_breakpoint\":\"xl\",\"title_position\":\"top-left\",\"title_rotation\":\"left\",\"vertical_align\":\"middle\",\"width\":\"default\"},\"children\":[{\"type\":\"row\",\"children\":[{\"type\":\"column\",\"props\":{\"image_position\":\"center-center\",\"position_sticky_breakpoint\":\"m\"},\"children\":[{\"type\":\"headline\",\"props\":{\"content\":\"\n\n<h1 class=\\\"uk-article-title\\\">Radiop\\u0142awa EPIRB GME MT606G\\\/ MT606FG<\\\/h1>\",\"title_element\":\"h1\"}},{\"type\":\"divider\",\"props\":{\"divider_element\":\"hr\"}}]}]},{\"type\":\"row\",\"props\":{\"layout\":\"1-2,1-2\"},\"children\":[{\"type\":\"column\",\"props\":{\"image_position\":\"center-center\",\"position_sticky_breakpoint\":\"m\",\"width_medium\":\"1-2\"},\"children\":[{\"type\":\"image\",\"props\":{\"image\":\"wp-content\\\/uploads\\\/2025\\\/07\\\/MT606G-Front-564x1080-1.png\",\"image_svg_color\":\"emphasis\",\"margin\":\"default\"}},{\"type\":\"button\",\"props\":{\"grid_column_gap\":\"small\",\"grid_row_gap\":\"small\",\"margin\":\"default\",\"text_align\":\"center\"},\"children\":[{\"type\":\"button_item\",\"props\":{\"button_style\":\"default\",\"content\":\"Karta katalogowa \",\"icon_align\":\"left\",\"link\":\"wp-content\\\/uploads\\\/2025\\\/07\\\/Karta-katalogowa-MT606G.pdf\"}}]}]},{\"type\":\"column\",\"props\":{\"image_position\":\"center-center\",\"position_sticky_breakpoint\":\"m\",\"width_medium\":\"1-2\"},\"children\":[{\"type\":\"text\",\"props\":{\"column_breakpoint\":\"m\",\"content\":\"\n\n<h2>Przedstawiamy nowy model radiop\\u0142awy marki GME MT606G AIS.<\\\/h2>\\n\n\n<p>Przedstawiamy MT606G, zaawansowany nadajnik EPIRB wyposa\\u017cony w szereg najnowocze\\u015bniejszych funkcji. Obejmuj\\u0105 one system GNSS (Global Navigation Satellite System) zapewniaj\\u0105cy dok\\u0142adne pozycjonowanie, \\u015bwiat\\u0142o stroboskopowe na podczerwie\\u0144 poprawiaj\\u0105ce widoczno\\u015b\\u0107 podczas akcji poszukiwawczo-ratowniczych (SAR), sygna\\u0142 naprowadzaj\\u0105cy 121,5 MHz oraz system AIS (Automatic Identification System), kt\\u00f3ry ostrzega pobliskie statki wyposa\\u017cone w AIS o aktywacji nadajnika EPIRB. Kiedy liczy si\\u0119 ka\\u017cda sekunda, ostrze\\u017cenie pobliskich statk\\u00f3w mo\\u017ce mie\\u0107 kluczowe znaczenie.<\\\/p>\\n\n\n<p>Urz\\u0105dzenie MT606G jest zatwierdzone do u\\u017cytku w ramach systemu COSPAS-SARSAT na ca\\u0142ym \\u015bwiecie, zapewniaj\\u0105c niezawodne us\\u0142ugi alarmowania i lokalizacji w sytuacjach zagro\\u017cenia. Dzi\\u0119ki 10-letniej \\u017cywotno\\u015bci baterii ten nadajnik EPIRB zapewnia d\\u0142ugotrwa\\u0142\\u0105 wydajno\\u015b\\u0107 i spok\\u00f3j ducha.<\\\/p>\\n\n\n<p><\\\/p>\\n\n\n<p>Dost\\u0119pny w dw\\u00f3ch wariantach \\u2014 Cat. I (automatyczny) i Cat. II (r\\u0119czne uruchamianie) \\u2014 MT606G zosta\\u0142 zaprojektowany z my\\u015bl\\u0105 o zaspokojeniu r\\u00f3\\u017cnorodnych potrzeb r\\u00f3\\u017cnych operacji morskich. GME ma d\\u0142ug\\u0105 histori\\u0119 w bran\\u017cy nadajnik\\u00f3w awaryjnych, produkuj\\u0105c sw\\u00f3j pierwszy nadajnik EPIRB w 1979 roku. MT606G stanowi najnowsz\\u0105 innowacj\\u0119 w portfolio GME, zapewniaj\\u0105c zaawansowane funkcje bezpiecze\\u0144stwa i niezawodn\\u0105 wydajno\\u015b\\u0107 dla marynarzy w sytuacjach awaryjnych.<\\\/p>\\n\n\n<p><\\\/p>\",\"margin\":\"default\"}},{\"type\":\"button\",\"props\":{\"grid_column_gap\":\"small\",\"grid_row_gap\":\"small\",\"margin\":\"default\"},\"children\":[{\"type\":\"button_item\",\"props\":{\"button_style\":\"default\",\"content\":\"Sprawd\\u017a ceny w sklepie \",\"icon_align\":\"left\"}}]}]}]},{\"type\":\"row\",\"children\":[{\"type\":\"column\",\"props\":{\"image_position\":\"center-center\",\"position_sticky_breakpoint\":\"m\"},\"children\":[{\"type\":\"text\",\"props\":{\"column_breakpoint\":\"m\",\"content\":\"\n\n<p><strong>CECHY Radiop\\u0142awy EPIRB<\\\/strong><\\\/p>\\n\n\n<ul>\\n\n\n<li>Transmisja sygna\\u0142u alarmowego AIS<\\\/li>\\n\n\n<li>Automatyczne uruchamianie po zanurzeniu w wodzie<\\\/li>\\n\n\n<li>Zintegrowany odbiornik GNSS obs\\u0142uguj\\u0105cy systemy GPS i Galileo<\\\/li>\\n\n\n<li>Wysokowydajna, p\\u00f3\\u0142przewodnikowa lampa stroboskopowa na podczerwie\\u0144<\\\/li>\\n\n\n<li>Technologia cyfrowa bez rozgrzewania<\\\/li>\\n\n\n<li>Sygna\\u0142 naprowadzaj\\u0105cy VHF 121,5 MHz<\\\/li>\\n\n\n<li>Cyfrowy sygna\\u0142 satelitarny 406 MHz<\\\/li>\\n\n\n<li>Szybka i \\u0142atwa funkcja autotestu<\\\/li>\\n\n\n<li>Zatwierdzony do u\\u017cytku na ca\\u0142ym \\u015bwiecie<\\\/li>\\n\n\n<li>10 lat \\u017cywotno\\u015bci baterii \\\/ 6 lat gwarancji<\\\/li>\\n<\\\/ul>\",\"margin\":\"default\"}},{\"type\":\"text\",\"props\":{\"column_breakpoint\":\"m\",\"content\":\"\n\n<p><strong>W zestawie:<\\\/strong><br \\\/>Radiop\\u0142awa EPIRB aktywowana r\\u0119cznie MT606G\\\/FG<br \\\/>Uchwyt monta\\u017cowy Quick-Release i osprz\\u0119t monta\\u017cowy<br \\\/>Instrukcja obs\\u0142ugi<br \\\/>Tabliczka z instrukcj\\u0105 aktywacji awaryjnej<\\\/p>\",\"margin\":\"default\"}}]}]}]}],\"version\":\"4.0.13\"} --><\/p>\n","protected":false},"excerpt":{"rendered":"<p>Radiop\u0142awa EPIRB GME MT606G\/ MT606FG Karta katalogowa Przedstawiamy nowy model radiop\u0142awy marki GME MT606G AIS. Przedstawiamy MT606G, zaawansowany nadajnik EPIRB wyposa\u017cony w szereg najnowocze\u015bniejszych funkcji. Obejmuj\u0105 one system GNSS (Global Navigation Satellite System) zapewniaj\u0105cy dok\u0142adne pozycjonowanie, \u015bwiat\u0142o stroboskopowe na podczerwie\u0144 poprawiaj\u0105ce widoczno\u015b\u0107 podczas akcji poszukiwawczo-ratowniczych (SAR), sygna\u0142 naprowadzaj\u0105cy 121,5 MHz oraz system AIS (Automatic Identification [&hellip;]<\/p>\n","protected":false},"author":10,"featured_media":0,"parent":0,"menu_order":0,"comment_status":"closed","ping_status":"closed","template":"","meta":{"footnotes":""},"class_list":["post-14456","page","type-page","status-publish","hentry"],"yoast_head":"<!-- This site is optimized with the Yoast SEO plugin v27.4 - https:\/\/yoast.com\/product\/yoast-seo-wordpress\/ -->\n<title>Radiop\u0142awa EPIRB GME MT606G - ESCORT TECHNOLOGY<\/title>\n<meta name=\"robots\" content=\"index, follow, max-snippet:-1, max-image-preview:large, max-video-preview:-1\" \/>\n<link rel=\"canonical\" href=\"https:\/\/escort-technology.com\/pl\/radioplawa-epirb-gme-mt606g\/\" \/>\n<meta property=\"og:locale\" content=\"pl_PL\" \/>\n<meta property=\"og:type\" content=\"article\" \/>\n<meta property=\"og:title\" content=\"Radiop\u0142awa EPIRB GME MT606G - ESCORT TECHNOLOGY\" \/>\n<meta property=\"og:description\" content=\"Radiop\u0142awa EPIRB GME MT606G\/ MT606FG Karta katalogowa Przedstawiamy nowy model radiop\u0142awy marki GME MT606G AIS. Przedstawiamy MT606G, zaawansowany nadajnik EPIRB wyposa\u017cony w szereg najnowocze\u015bniejszych funkcji. Obejmuj\u0105 one system GNSS (Global Navigation Satellite System) zapewniaj\u0105cy dok\u0142adne pozycjonowanie, \u015bwiat\u0142o stroboskopowe na podczerwie\u0144 poprawiaj\u0105ce widoczno\u015b\u0107 podczas akcji poszukiwawczo-ratowniczych (SAR), sygna\u0142 naprowadzaj\u0105cy 121,5 MHz oraz system AIS (Automatic Identification [&hellip;]\" \/>\n<meta property=\"og:url\" content=\"https:\/\/escort-technology.com\/pl\/radioplawa-epirb-gme-mt606g\/\" \/>\n<meta property=\"og:site_name\" content=\"ESCORT TECHNOLOGY\" \/>\n<meta property=\"article:publisher\" content=\"https:\/\/www.facebook.com\/elektronika.morska\/\" \/>\n<meta property=\"article:modified_time\" content=\"2025-07-23T08:49:25+00:00\" \/>\n<meta name=\"twitter:card\" content=\"summary_large_image\" \/>\n<meta name=\"twitter:label1\" content=\"Szacowany czas czytania\" \/>\n\t<meta name=\"twitter:data1\" content=\"2 minuty\" \/>\n<script type=\"application\/ld+json\" class=\"yoast-schema-graph\">{\"@context\":\"https:\\\/\\\/schema.org\",\"@graph\":[{\"@type\":\"WebPage\",\"@id\":\"https:\\\/\\\/escort-technology.com\\\/radioplawa-epirb-gme-mt606g\\\/\",\"url\":\"https:\\\/\\\/escort-technology.com\\\/radioplawa-epirb-gme-mt606g\\\/\",\"name\":\"Radiop\u0142awa EPIRB GME MT606G - ESCORT TECHNOLOGY\",\"isPartOf\":{\"@id\":\"http:\\\/\\\/escort-technology.com\\\/de\\\/#website\"},\"datePublished\":\"2025-04-29T09:21:26+00:00\",\"dateModified\":\"2025-07-23T08:49:25+00:00\",\"breadcrumb\":{\"@id\":\"https:\\\/\\\/escort-technology.com\\\/radioplawa-epirb-gme-mt606g\\\/#breadcrumb\"},\"inLanguage\":\"pl-PL\",\"potentialAction\":[{\"@type\":\"ReadAction\",\"target\":[\"https:\\\/\\\/escort-technology.com\\\/radioplawa-epirb-gme-mt606g\\\/\"]}]},{\"@type\":\"BreadcrumbList\",\"@id\":\"https:\\\/\\\/escort-technology.com\\\/radioplawa-epirb-gme-mt606g\\\/#breadcrumb\",\"itemListElement\":[{\"@type\":\"ListItem\",\"position\":1,\"name\":\"Strona g\u0142\u00f3wna\",\"item\":\"https:\\\/\\\/escort-technology.com\\\/\"},{\"@type\":\"ListItem\",\"position\":2,\"name\":\"Radiop\u0142awa EPIRB GME MT606G\"}]},{\"@type\":\"WebSite\",\"@id\":\"http:\\\/\\\/escort-technology.com\\\/de\\\/#website\",\"url\":\"http:\\\/\\\/escort-technology.com\\\/de\\\/\",\"name\":\"ESCORT TECHNOLOGY\",\"description\":\"Elektronika morska i l\u0105dowa\",\"publisher\":{\"@id\":\"http:\\\/\\\/escort-technology.com\\\/de\\\/#organization\"},\"potentialAction\":[{\"@type\":\"SearchAction\",\"target\":{\"@type\":\"EntryPoint\",\"urlTemplate\":\"http:\\\/\\\/escort-technology.com\\\/de\\\/?s={search_term_string}\"},\"query-input\":{\"@type\":\"PropertyValueSpecification\",\"valueRequired\":true,\"valueName\":\"search_term_string\"}}],\"inLanguage\":\"pl-PL\"},{\"@type\":\"Organization\",\"@id\":\"http:\\\/\\\/escort-technology.com\\\/de\\\/#organization\",\"name\":\"ESCORT TECHNOLOGY\",\"url\":\"http:\\\/\\\/escort-technology.com\\\/de\\\/\",\"logo\":{\"@type\":\"ImageObject\",\"inLanguage\":\"pl-PL\",\"@id\":\"http:\\\/\\\/escort-technology.com\\\/de\\\/#\\\/schema\\\/logo\\\/image\\\/\",\"url\":\"https:\\\/\\\/escort-technology.com\\\/wp-content\\\/uploads\\\/logo-1.jpg\",\"contentUrl\":\"https:\\\/\\\/escort-technology.com\\\/wp-content\\\/uploads\\\/logo-1.jpg\",\"width\":600,\"height\":165,\"caption\":\"ESCORT TECHNOLOGY\"},\"image\":{\"@id\":\"http:\\\/\\\/escort-technology.com\\\/de\\\/#\\\/schema\\\/logo\\\/image\\\/\"},\"sameAs\":[\"https:\\\/\\\/www.facebook.com\\\/elektronika.morska\\\/\",\"https:\\\/\\\/www.linkedin.com\\\/company\\\/escort-sp-z-o-o-\\\/\"]}]}<\/script>\n<!-- \/ Yoast SEO plugin. -->","yoast_head_json":{"title":"Radiop\u0142awa EPIRB GME MT606G - ESCORT TECHNOLOGY","robots":{"index":"index","follow":"follow","max-snippet":"max-snippet:-1","max-image-preview":"max-image-preview:large","max-video-preview":"max-video-preview:-1"},"canonical":"https:\/\/escort-technology.com\/pl\/radioplawa-epirb-gme-mt606g\/","og_locale":"pl_PL","og_type":"article","og_title":"Radiop\u0142awa EPIRB GME MT606G - ESCORT TECHNOLOGY","og_description":"Radiop\u0142awa EPIRB GME MT606G\/ MT606FG Karta katalogowa Przedstawiamy nowy model radiop\u0142awy marki GME MT606G AIS. Przedstawiamy MT606G, zaawansowany nadajnik EPIRB wyposa\u017cony w szereg najnowocze\u015bniejszych funkcji. Obejmuj\u0105 one system GNSS (Global Navigation Satellite System) zapewniaj\u0105cy dok\u0142adne pozycjonowanie, \u015bwiat\u0142o stroboskopowe na podczerwie\u0144 poprawiaj\u0105ce widoczno\u015b\u0107 podczas akcji poszukiwawczo-ratowniczych (SAR), sygna\u0142 naprowadzaj\u0105cy 121,5 MHz oraz system AIS (Automatic Identification [&hellip;]","og_url":"https:\/\/escort-technology.com\/pl\/radioplawa-epirb-gme-mt606g\/","og_site_name":"ESCORT TECHNOLOGY","article_publisher":"https:\/\/www.facebook.com\/elektronika.morska\/","article_modified_time":"2025-07-23T08:49:25+00:00","twitter_card":"summary_large_image","twitter_misc":{"Szacowany czas czytania":"2 minuty"},"schema":{"@context":"https:\/\/schema.org","@graph":[{"@type":"WebPage","@id":"https:\/\/escort-technology.com\/radioplawa-epirb-gme-mt606g\/","url":"https:\/\/escort-technology.com\/radioplawa-epirb-gme-mt606g\/","name":"Radiop\u0142awa EPIRB GME MT606G - ESCORT TECHNOLOGY","isPartOf":{"@id":"http:\/\/escort-technology.com\/de\/#website"},"datePublished":"2025-04-29T09:21:26+00:00","dateModified":"2025-07-23T08:49:25+00:00","breadcrumb":{"@id":"https:\/\/escort-technology.com\/radioplawa-epirb-gme-mt606g\/#breadcrumb"},"inLanguage":"pl-PL","potentialAction":[{"@type":"ReadAction","target":["https:\/\/escort-technology.com\/radioplawa-epirb-gme-mt606g\/"]}]},{"@type":"BreadcrumbList","@id":"https:\/\/escort-technology.com\/radioplawa-epirb-gme-mt606g\/#breadcrumb","itemListElement":[{"@type":"ListItem","position":1,"name":"Strona g\u0142\u00f3wna","item":"https:\/\/escort-technology.com\/"},{"@type":"ListItem","position":2,"name":"Radiop\u0142awa EPIRB GME MT606G"}]},{"@type":"WebSite","@id":"http:\/\/escort-technology.com\/de\/#website","url":"http:\/\/escort-technology.com\/de\/","name":"ESCORT TECHNOLOGY","description":"Elektronika morska i l\u0105dowa","publisher":{"@id":"http:\/\/escort-technology.com\/de\/#organization"},"potentialAction":[{"@type":"SearchAction","target":{"@type":"EntryPoint","urlTemplate":"http:\/\/escort-technology.com\/de\/?s={search_term_string}"},"query-input":{"@type":"PropertyValueSpecification","valueRequired":true,"valueName":"search_term_string"}}],"inLanguage":"pl-PL"},{"@type":"Organization","@id":"http:\/\/escort-technology.com\/de\/#organization","name":"ESCORT TECHNOLOGY","url":"http:\/\/escort-technology.com\/de\/","logo":{"@type":"ImageObject","inLanguage":"pl-PL","@id":"http:\/\/escort-technology.com\/de\/#\/schema\/logo\/image\/","url":"https:\/\/escort-technology.com\/wp-content\/uploads\/logo-1.jpg","contentUrl":"https:\/\/escort-technology.com\/wp-content\/uploads\/logo-1.jpg","width":600,"height":165,"caption":"ESCORT TECHNOLOGY"},"image":{"@id":"http:\/\/escort-technology.com\/de\/#\/schema\/logo\/image\/"},"sameAs":["https:\/\/www.facebook.com\/elektronika.morska\/","https:\/\/www.linkedin.com\/company\/escort-sp-z-o-o-\/"]}]}},"_links":{"self":[{"href":"https:\/\/escort-technology.com\/pl\/wp-json\/wp\/v2\/pages\/14456","targetHints":{"allow":["GET"]}}],"collection":[{"href":"https:\/\/escort-technology.com\/pl\/wp-json\/wp\/v2\/pages"}],"about":[{"href":"https:\/\/escort-technology.com\/pl\/wp-json\/wp\/v2\/types\/page"}],"author":[{"embeddable":true,"href":"https:\/\/escort-technology.com\/pl\/wp-json\/wp\/v2\/users\/10"}],"replies":[{"embeddable":true,"href":"https:\/\/escort-technology.com\/pl\/wp-json\/wp\/v2\/comments?post=14456"}],"version-history":[{"count":22,"href":"https:\/\/escort-technology.com\/pl\/wp-json\/wp\/v2\/pages\/14456\/revisions"}],"predecessor-version":[{"id":14629,"href":"https:\/\/escort-technology.com\/pl\/wp-json\/wp\/v2\/pages\/14456\/revisions\/14629"}],"wp:attachment":[{"href":"https:\/\/escort-technology.com\/pl\/wp-json\/wp\/v2\/media?parent=14456"}],"curies":[{"name":"wp","href":"https:\/\/api.w.org\/{rel}","templated":true}]}}