{"id":14545,"date":"2025-05-20T10:29:28","date_gmt":"2025-05-20T08:29:28","guid":{"rendered":"https:\/\/escort-technology.com\/?page_id=14545"},"modified":"2026-01-28T12:54:08","modified_gmt":"2026-01-28T11:54:08","slug":"diagnostyka-i-naprawa-sonarow-holowanych","status":"publish","type":"page","link":"https:\/\/escort-technology.com\/pl\/diagnostyka-i-naprawa-sonarow-holowanych\/","title":{"rendered":"Diagnostyka i naprawa sonar\u00f3w holowanych"},"content":{"rendered":"<h1>\n<h1 style=\"text-align: center;\"><strong>DIAGNOSTYKA I NAPRAWA SONAR\u00d3W HOLOWANYCH<\/strong><\/h1>\n<\/h1>\n<div>\n<h3 data-start=\"357\" data-end=\"381\" class=\"\"><strong>Zakres us\u0142ug<\/strong><\/h3>\n<p data-start=\"383\" data-end=\"698\" class=\"\">Oferujemy kompleksow\u0105 diagnostyk\u0119 oraz napraw\u0119 sonar\u00f3w holowanych wykorzystywanych w operacjach hydrograficznych, wojskowych oraz badawczych. Us\u0142ugi realizowane s\u0105 przez wykwalifikowany personel serwisowy ESCORT Technology, posiadaj\u0105cy wieloletnie do\u015bwiadczenie w serwisie system\u00f3w sonarowych i urz\u0105dze\u0144 podwodnych.<\/p>\n<p data-start=\"700\" data-end=\"721\" class=\"\">Zakres prac obejmuje:<\/p>\n<ul>\n<li data-start=\"604\" data-end=\"787\" class=\"\">\n<p data-start=\"606\" data-end=\"787\" class=\"\"><strong data-start=\"606\" data-end=\"629\">Diagnostyk\u0119 wst\u0119pn\u0105<\/strong> \u2013 analiza funkcjonalno\u015bci systemu sonarowego, weryfikacja poprawno\u015bci dzia\u0142ania przetwornik\u00f3w, elektroniki pok\u0142adowej oraz komunikacji z jednostk\u0105 nadrz\u0119dn\u0105.<\/p>\n<\/li>\n<li data-start=\"788\" data-end=\"896\" class=\"\">\n<p data-start=\"790\" data-end=\"896\" class=\"\"><strong data-start=\"790\" data-end=\"822\">Testy systemowe i kalibracja<\/strong> \u2013 kontrola poprawno\u015bci pomiar\u00f3w, kalibracja uk\u0142ad\u00f3w nadawczo-odbiorczych.<\/p>\n<\/li>\n<li data-start=\"897\" data-end=\"1021\" class=\"\">\n<p data-start=\"899\" data-end=\"1021\" class=\"\"><strong data-start=\"899\" data-end=\"937\">Przegl\u0105d mechaniczny i elektryczny<\/strong> \u2013 ocena stanu holu, obudowy, z\u0142\u0105czy, kabli oraz wszelkich element\u00f3w strukturalnych.<\/p>\n<\/li>\n<li data-start=\"1022\" data-end=\"1151\" class=\"\">\n<p data-start=\"1024\" data-end=\"1151\" class=\"\"><strong data-start=\"1024\" data-end=\"1059\">Wymiana lub naprawa komponent\u00f3w<\/strong> \u2013 m.in. przetwornik\u00f3w, modu\u0142\u00f3w elektroniki, interfejs\u00f3w komunikacyjnych, z\u0142\u0105czy podwodnych.<\/p>\n<\/li>\n<li data-start=\"1152\" data-end=\"1288\" class=\"\">\n<p data-start=\"1154\" data-end=\"1288\" class=\"\"><strong data-start=\"1154\" data-end=\"1181\">Testy ko\u0144cowe (FAT\/SAT)<\/strong> \u2013 uruchomienie systemu w warunkach laboratoryjnych i\/lub terenowych oraz przygotowanie raportu z wynikami.<\/p>\n<\/li>\n<li data-start=\"1289\" data-end=\"1371\" class=\"\">\n<p data-start=\"1291\" data-end=\"1371\" class=\"\"><strong data-start=\"1291\" data-end=\"1333\">Aktualizacja oprogramowania i firmware<\/strong> \u2013 je\u015bli dotyczy danego modelu sonaru.<\/p>\n<\/li>\n<\/ul>\n<ul data-start=\"723\" data-end=\"1103\"><\/ul>\n<\/div>\n<div>\n<h3 data-start=\"1791\" data-end=\"1818\" class=\"\"><strong data-start=\"1795\" data-end=\"1818\">Etapy Realizacji<\/strong><\/h3>\n<ol data-start=\"1819\" data-end=\"2190\">\n<li data-start=\"1819\" data-end=\"1898\" class=\"\">\n<p data-start=\"1822\" data-end=\"1898\" class=\"\"><strong data-start=\"1822\" data-end=\"1864\">Przyj\u0119cie zg\u0142oszenia i wst\u0119pna analiza<\/strong> (opcjonalnie zdalna konsultacja).<\/p>\n<\/li>\n<li data-start=\"1899\" data-end=\"1944\" class=\"\">\n<p data-start=\"1902\" data-end=\"1944\" class=\"\"><strong data-start=\"1902\" data-end=\"1943\">Odbi\u00f3r lub dostawa sprz\u0119tu do serwisu<\/strong>.<\/p>\n<\/li>\n<li data-start=\"1945\" data-end=\"2020\" class=\"\">\n<p data-start=\"1948\" data-end=\"2020\" class=\"\"><strong data-start=\"1948\" data-end=\"1984\">Diagnostyka<\/strong>\u2013 z raportem i kosztorysem naprawy.<\/p>\n<\/li>\n<li data-start=\"2021\" data-end=\"2063\" class=\"\">\n<p data-start=\"2024\" data-end=\"2063\" class=\"\"><strong data-start=\"2024\" data-end=\"2062\">Zatwierdzenie wyceny przez klienta<\/strong>.<\/p>\n<\/li>\n<li data-start=\"2064\" data-end=\"2120\" class=\"\">\n<p data-start=\"2067\" data-end=\"2120\" class=\"\"><strong data-start=\"2067\" data-end=\"2119\">Realizacja naprawy i testy<\/strong>.<\/p>\n<\/li>\n<li data-start=\"2121\" data-end=\"2190\" class=\"\">\n<p data-start=\"2124\" data-end=\"2190\" class=\"\"><strong data-start=\"2124\" data-end=\"2189\">Zwrot urz\u0105dzenia z pe\u0142n\u0105 dokumentacj\u0105 i certyfikatem testowym<\/strong>.<\/p>\n<\/li>\n<\/ol>\n<h3 data-start=\"2192\" data-end=\"2219\" class=\"\"><strong data-start=\"2196\" data-end=\"2219\">Dodatkowe Us\u0142ugi<\/strong><\/h3>\n<ul data-start=\"2220\" data-end=\"2460\">\n<li data-start=\"2220\" data-end=\"2286\" class=\"\">\n<p data-start=\"2222\" data-end=\"2286\" class=\"\">Doradztwo techniczne w zakresie modernizacji system\u00f3w sonarowych<\/p>\n<\/li>\n<li data-start=\"2287\" data-end=\"2343\" class=\"\">\n<p data-start=\"2289\" data-end=\"2343\" class=\"\">Integracja sonar\u00f3w z nowymi platformami (np. USV, ROV)<\/p>\n<\/li>\n<li data-start=\"2344\" data-end=\"2398\" class=\"\">\n<p data-start=\"2346\" data-end=\"2398\" class=\"\">Szkolenia z obs\u0142ugi i konserwacji sonar\u00f3w holowanych<\/p>\n<\/li>\n<li data-start=\"2399\" data-end=\"2460\" class=\"\">\n<p data-start=\"2401\" data-end=\"2460\" class=\"\">Umowy serwisowe i serwis mobilny na miejscu u klienta<\/p>\n<\/li>\n<\/ul>\n<h3 data-start=\"2462\" data-end=\"2500\" class=\"\"><strong data-start=\"2466\" data-end=\"2500\">Dlaczego ESCORT Technology?<\/strong><\/h3>\n<ul data-start=\"2501\" data-end=\"2760\">\n<li data-start=\"2501\" data-end=\"2548\" class=\"\">\n<p data-start=\"2503\" data-end=\"2548\" class=\"\">Do\u015bwiadczony zesp\u00f3\u0142 in\u017cynier\u00f3w sonarowych<\/p>\n<\/li>\n<li data-start=\"2549\" data-end=\"2584\" class=\"\">\n<p data-start=\"2551\" data-end=\"2584\" class=\"\">Nowoczesne zaplecze serwisowe<\/p>\n<\/li>\n<li data-start=\"2585\" data-end=\"2637\" class=\"\">\n<p data-start=\"2587\" data-end=\"2637\" class=\"\">Certyfikowane procedury testowe i dokumentacja<\/p>\n<\/li>\n<li data-start=\"2638\" data-end=\"2684\" class=\"\">\n<p data-start=\"2640\" data-end=\"2684\" class=\"\">Wsparcie posprzeda\u017cowe i techniczne\u00a0<\/p>\n<\/li>\n<li data-start=\"2685\" data-end=\"2760\" class=\"\">\n<p data-start=\"2687\" data-end=\"2760\" class=\"\">Elastyczne warunki wsp\u00f3\u0142pracy dla instytucji publicznych i prywatnych<\/p>\n<\/li>\n<\/ul>\n<p>&#x260e; Telefon: +48 603 659 295<br \/>&#x1f4e7; E-mail: service@escort.com.pl<br \/>&#x1f4cd; Siedziba: Szczecin, Gda\u0144sk<\/p>\n<h3><\/h3>\n<\/div>\n<p><img decoding=\"async\" src=\"\/wp-content\/uploads\/2025\/05\/ChatGPT-Image-20-maj-2025-12_02_04.png\" alt=\"serwis sonar\"><\/p>\n<p><!--more--><br \/>\n<!-- {\"type\":\"layout\",\"children\":[{\"type\":\"section\",\"props\":{\"image\":\"wp-content\\\/uploads\\\/2024\\\/12\\\/jeremy-bishop-G9i_plbfDgk-unsplash-scaled.jpg\",\"image_position\":\"center-center\",\"style\":\"secondary\",\"title_breakpoint\":\"xl\",\"title_position\":\"top-left\",\"title_rotation\":\"left\",\"vertical_align\":\"middle\",\"width\":\"default\"},\"children\":[{\"type\":\"row\",\"children\":[{\"type\":\"column\",\"props\":{\"image_position\":\"center-center\",\"position_sticky_breakpoint\":\"m\"},\"children\":[{\"type\":\"headline\",\"props\":{\"content\":\"\n\n<h1 style=\\\"text-align: center;\\\"><strong>DIAGNOSTYKA I NAPRAWA SONAR\\u00d3W HOLOWANYCH<\\\/strong><\\\/h1>\",\"title_element\":\"h1\"}}]}]}]},{\"type\":\"section\",\"props\":{\"image_position\":\"center-center\",\"style\":\"default\",\"title_breakpoint\":\"xl\",\"title_position\":\"top-left\",\"title_rotation\":\"left\",\"vertical_align\":\"middle\",\"width\":\"default\"},\"children\":[{\"type\":\"row\",\"children\":[{\"type\":\"column\",\"props\":{\"image_position\":\"center-center\",\"position_sticky_breakpoint\":\"m\"},\"children\":[{\"type\":\"text\",\"props\":{\"column_breakpoint\":\"m\",\"content\":\"\n\n<h3 data-start=\\\"357\\\" data-end=\\\"381\\\" class=\\\"\\\"><strong>Zakres us\\u0142ug<\\\/strong><\\\/h3>\\n\n\n<p data-start=\\\"383\\\" data-end=\\\"698\\\" class=\\\"\\\">Oferujemy kompleksow\\u0105 diagnostyk\\u0119 oraz napraw\\u0119 sonar\\u00f3w holowanych wykorzystywanych w operacjach hydrograficznych, wojskowych oraz badawczych. Us\\u0142ugi realizowane s\\u0105 przez wykwalifikowany personel serwisowy ESCORT Technology, posiadaj\\u0105cy wieloletnie do\\u015bwiadczenie w serwisie system\\u00f3w sonarowych i urz\\u0105dze\\u0144 podwodnych.<\\\/p>\\n\n\n<p data-start=\\\"700\\\" data-end=\\\"721\\\" class=\\\"\\\">Zakres prac obejmuje:<\\\/p>\\n\n\n<ul>\\n\n\n<li data-start=\\\"604\\\" data-end=\\\"787\\\" class=\\\"\\\">\\n\n\n<p data-start=\\\"606\\\" data-end=\\\"787\\\" class=\\\"\\\"><strong data-start=\\\"606\\\" data-end=\\\"629\\\">Diagnostyk\\u0119 wst\\u0119pn\\u0105<\\\/strong> \\u2013 analiza funkcjonalno\\u015bci systemu sonarowego, weryfikacja poprawno\\u015bci dzia\\u0142ania przetwornik\\u00f3w, elektroniki pok\\u0142adowej oraz komunikacji z jednostk\\u0105 nadrz\\u0119dn\\u0105.<\\\/p>\\n<\\\/li>\\n\n\n<li data-start=\\\"788\\\" data-end=\\\"896\\\" class=\\\"\\\">\\n\n\n<p data-start=\\\"790\\\" data-end=\\\"896\\\" class=\\\"\\\"><strong data-start=\\\"790\\\" data-end=\\\"822\\\">Testy systemowe i kalibracja<\\\/strong> \\u2013 kontrola poprawno\\u015bci pomiar\\u00f3w, kalibracja uk\\u0142ad\\u00f3w nadawczo-odbiorczych.<\\\/p>\\n<\\\/li>\\n\n\n<li data-start=\\\"897\\\" data-end=\\\"1021\\\" class=\\\"\\\">\\n\n\n<p data-start=\\\"899\\\" data-end=\\\"1021\\\" class=\\\"\\\"><strong data-start=\\\"899\\\" data-end=\\\"937\\\">Przegl\\u0105d mechaniczny i elektryczny<\\\/strong> \\u2013 ocena stanu holu, obudowy, z\\u0142\\u0105czy, kabli oraz wszelkich element\\u00f3w strukturalnych.<\\\/p>\\n<\\\/li>\\n\n\n<li data-start=\\\"1022\\\" data-end=\\\"1151\\\" class=\\\"\\\">\\n\n\n<p data-start=\\\"1024\\\" data-end=\\\"1151\\\" class=\\\"\\\"><strong data-start=\\\"1024\\\" data-end=\\\"1059\\\">Wymiana lub naprawa komponent\\u00f3w<\\\/strong> \\u2013 m.in. przetwornik\\u00f3w, modu\\u0142\\u00f3w elektroniki, interfejs\\u00f3w komunikacyjnych, z\\u0142\\u0105czy podwodnych.<\\\/p>\\n<\\\/li>\\n\n\n<li data-start=\\\"1152\\\" data-end=\\\"1288\\\" class=\\\"\\\">\\n\n\n<p data-start=\\\"1154\\\" data-end=\\\"1288\\\" class=\\\"\\\"><strong data-start=\\\"1154\\\" data-end=\\\"1181\\\">Testy ko\\u0144cowe (FAT\\\/SAT)<\\\/strong> \\u2013 uruchomienie systemu w warunkach laboratoryjnych i\\\/lub terenowych oraz przygotowanie raportu z wynikami.<\\\/p>\\n<\\\/li>\\n\n\n<li data-start=\\\"1289\\\" data-end=\\\"1371\\\" class=\\\"\\\">\\n\n\n<p data-start=\\\"1291\\\" data-end=\\\"1371\\\" class=\\\"\\\"><strong data-start=\\\"1291\\\" data-end=\\\"1333\\\">Aktualizacja oprogramowania i firmware<\\\/strong> \\u2013 je\\u015bli dotyczy danego modelu sonaru.<\\\/p>\\n<\\\/li>\\n<\\\/ul>\\n\n\n<ul data-start=\\\"723\\\" data-end=\\\"1103\\\"><\\\/ul>\",\"margin\":\"default\"}}]}]},{\"type\":\"row\",\"props\":{\"layout\":\"1-2,1-2\"},\"children\":[{\"type\":\"column\",\"props\":{\"image_position\":\"center-center\",\"position_sticky_breakpoint\":\"m\",\"width_medium\":\"1-2\"},\"children\":[{\"type\":\"text\",\"props\":{\"column_breakpoint\":\"m\",\"content\":\"\n\n<h3 data-start=\\\"1791\\\" data-end=\\\"1818\\\" class=\\\"\\\"><strong data-start=\\\"1795\\\" data-end=\\\"1818\\\">Etapy Realizacji<\\\/strong><\\\/h3>\\n\n\n<ol data-start=\\\"1819\\\" data-end=\\\"2190\\\">\\n\n\n<li data-start=\\\"1819\\\" data-end=\\\"1898\\\" class=\\\"\\\">\\n\n\n<p data-start=\\\"1822\\\" data-end=\\\"1898\\\" class=\\\"\\\"><strong data-start=\\\"1822\\\" data-end=\\\"1864\\\">Przyj\\u0119cie zg\\u0142oszenia i wst\\u0119pna analiza<\\\/strong> (opcjonalnie zdalna konsultacja).<\\\/p>\\n<\\\/li>\\n\n\n<li data-start=\\\"1899\\\" data-end=\\\"1944\\\" class=\\\"\\\">\\n\n\n<p data-start=\\\"1902\\\" data-end=\\\"1944\\\" class=\\\"\\\"><strong data-start=\\\"1902\\\" data-end=\\\"1943\\\">Odbi\\u00f3r lub dostawa sprz\\u0119tu do serwisu<\\\/strong>.<\\\/p>\\n<\\\/li>\\n\n\n<li data-start=\\\"1945\\\" data-end=\\\"2020\\\" class=\\\"\\\">\\n\n\n<p data-start=\\\"1948\\\" data-end=\\\"2020\\\" class=\\\"\\\"><strong data-start=\\\"1948\\\" data-end=\\\"1984\\\">Diagnostyka<\\\/strong>\\u2013 z raportem i kosztorysem naprawy.<\\\/p>\\n<\\\/li>\\n\n\n<li data-start=\\\"2021\\\" data-end=\\\"2063\\\" class=\\\"\\\">\\n\n\n<p data-start=\\\"2024\\\" data-end=\\\"2063\\\" class=\\\"\\\"><strong data-start=\\\"2024\\\" data-end=\\\"2062\\\">Zatwierdzenie wyceny przez klienta<\\\/strong>.<\\\/p>\\n<\\\/li>\\n\n\n<li data-start=\\\"2064\\\" data-end=\\\"2120\\\" class=\\\"\\\">\\n\n\n<p data-start=\\\"2067\\\" data-end=\\\"2120\\\" class=\\\"\\\"><strong data-start=\\\"2067\\\" data-end=\\\"2119\\\">Realizacja naprawy i testy<\\\/strong>.<\\\/p>\\n<\\\/li>\\n\n\n<li data-start=\\\"2121\\\" data-end=\\\"2190\\\" class=\\\"\\\">\\n\n\n<p data-start=\\\"2124\\\" data-end=\\\"2190\\\" class=\\\"\\\"><strong data-start=\\\"2124\\\" data-end=\\\"2189\\\">Zwrot urz\\u0105dzenia z pe\\u0142n\\u0105 dokumentacj\\u0105 i certyfikatem testowym<\\\/strong>.<\\\/p>\\n<\\\/li>\\n<\\\/ol>\\n\n\n<h3 data-start=\\\"2192\\\" data-end=\\\"2219\\\" class=\\\"\\\"><strong data-start=\\\"2196\\\" data-end=\\\"2219\\\">Dodatkowe Us\\u0142ugi<\\\/strong><\\\/h3>\\n\n\n<ul data-start=\\\"2220\\\" data-end=\\\"2460\\\">\\n\n\n<li data-start=\\\"2220\\\" data-end=\\\"2286\\\" class=\\\"\\\">\\n\n\n<p data-start=\\\"2222\\\" data-end=\\\"2286\\\" class=\\\"\\\">Doradztwo techniczne w zakresie modernizacji system\\u00f3w sonarowych<\\\/p>\\n<\\\/li>\\n\n\n<li data-start=\\\"2287\\\" data-end=\\\"2343\\\" class=\\\"\\\">\\n\n\n<p data-start=\\\"2289\\\" data-end=\\\"2343\\\" class=\\\"\\\">Integracja sonar\\u00f3w z nowymi platformami (np. USV, ROV)<\\\/p>\\n<\\\/li>\\n\n\n<li data-start=\\\"2344\\\" data-end=\\\"2398\\\" class=\\\"\\\">\\n\n\n<p data-start=\\\"2346\\\" data-end=\\\"2398\\\" class=\\\"\\\">Szkolenia z obs\\u0142ugi i konserwacji sonar\\u00f3w holowanych<\\\/p>\\n<\\\/li>\\n\n\n<li data-start=\\\"2399\\\" data-end=\\\"2460\\\" class=\\\"\\\">\\n\n\n<p data-start=\\\"2401\\\" data-end=\\\"2460\\\" class=\\\"\\\">Umowy serwisowe i serwis mobilny na miejscu u klienta<\\\/p>\\n<\\\/li>\\n<\\\/ul>\\n\n\n<h3 data-start=\\\"2462\\\" data-end=\\\"2500\\\" class=\\\"\\\"><strong data-start=\\\"2466\\\" data-end=\\\"2500\\\">Dlaczego ESCORT Technology?<\\\/strong><\\\/h3>\\n\n\n<ul data-start=\\\"2501\\\" data-end=\\\"2760\\\">\\n\n\n<li data-start=\\\"2501\\\" data-end=\\\"2548\\\" class=\\\"\\\">\\n\n\n<p data-start=\\\"2503\\\" data-end=\\\"2548\\\" class=\\\"\\\">Do\\u015bwiadczony zesp\\u00f3\\u0142 in\\u017cynier\\u00f3w sonarowych<\\\/p>\\n<\\\/li>\\n\n\n<li data-start=\\\"2549\\\" data-end=\\\"2584\\\" class=\\\"\\\">\\n\n\n<p data-start=\\\"2551\\\" data-end=\\\"2584\\\" class=\\\"\\\">Nowoczesne zaplecze serwisowe<\\\/p>\\n<\\\/li>\\n\n\n<li data-start=\\\"2585\\\" data-end=\\\"2637\\\" class=\\\"\\\">\\n\n\n<p data-start=\\\"2587\\\" data-end=\\\"2637\\\" class=\\\"\\\">Certyfikowane procedury testowe i dokumentacja<\\\/p>\\n<\\\/li>\\n\n\n<li data-start=\\\"2638\\\" data-end=\\\"2684\\\" class=\\\"\\\">\\n\n\n<p data-start=\\\"2640\\\" data-end=\\\"2684\\\" class=\\\"\\\">Wsparcie posprzeda\\u017cowe i techniczne\\u00a0<\\\/p>\\n<\\\/li>\\n\n\n<li data-start=\\\"2685\\\" data-end=\\\"2760\\\" class=\\\"\\\">\\n\n\n<p data-start=\\\"2687\\\" data-end=\\\"2760\\\" class=\\\"\\\">Elastyczne warunki wsp\\u00f3\\u0142pracy dla instytucji publicznych i prywatnych<\\\/p>\\n<\\\/li>\\n<\\\/ul>\\n\n\n<p>\\u260e Telefon: +48 603 659 295<br \\\/>\\ud83d\\udce7 E-mail: service@escort.com.pl<br \\\/>\\ud83d\\udccd Siedziba: Szczecin, Gda\\u0144sk<\\\/p>\\n\n\n<h3><\\\/h3>\",\"margin\":\"default\"}}]},{\"type\":\"column\",\"props\":{\"image_position\":\"center-center\",\"position_sticky_breakpoint\":\"m\",\"width_medium\":\"1-2\"},\"children\":[{\"type\":\"image\",\"props\":{\"image\":\"wp-content\\\/uploads\\\/2025\\\/05\\\/ChatGPT-Image-20-maj-2025-12_02_04.png\",\"image_alt\":\"serwis sonar\",\"image_svg_color\":\"emphasis\",\"margin\":\"default\"}}]}]}]}],\"version\":\"4.0.13\"} --><\/p>\n","protected":false},"excerpt":{"rendered":"<p>DIAGNOSTYKA I NAPRAWA SONAR\u00d3W HOLOWANYCH Zakres us\u0142ug Oferujemy kompleksow\u0105 diagnostyk\u0119 oraz napraw\u0119 sonar\u00f3w holowanych wykorzystywanych w operacjach hydrograficznych, wojskowych oraz badawczych. Us\u0142ugi realizowane s\u0105 przez wykwalifikowany personel serwisowy ESCORT Technology, posiadaj\u0105cy wieloletnie do\u015bwiadczenie w serwisie system\u00f3w sonarowych i urz\u0105dze\u0144 podwodnych. Zakres prac obejmuje: Diagnostyk\u0119 wst\u0119pn\u0105 \u2013 analiza funkcjonalno\u015bci systemu sonarowego, weryfikacja poprawno\u015bci dzia\u0142ania przetwornik\u00f3w, elektroniki [&hellip;]<\/p>\n","protected":false},"author":6,"featured_media":0,"parent":0,"menu_order":0,"comment_status":"closed","ping_status":"closed","template":"","meta":{"footnotes":""},"class_list":["post-14545","page","type-page","status-publish","hentry"],"yoast_head":"<!-- This site is optimized with the Yoast SEO plugin v27.6 - https:\/\/yoast.com\/product\/yoast-seo-wordpress\/ -->\n<title>Diagnostyka i naprawa sonar\u00f3w holowanych - ESCORT TECHNOLOGY<\/title>\n<meta name=\"robots\" content=\"index, follow, max-snippet:-1, max-image-preview:large, max-video-preview:-1\" \/>\n<link rel=\"canonical\" href=\"https:\/\/escort-technology.com\/pl\/diagnostyka-i-naprawa-sonarow-holowanych\/\" \/>\n<meta property=\"og:locale\" content=\"pl_PL\" \/>\n<meta property=\"og:type\" content=\"article\" \/>\n<meta property=\"og:title\" content=\"Diagnostyka i naprawa sonar\u00f3w holowanych - ESCORT TECHNOLOGY\" \/>\n<meta property=\"og:description\" content=\"DIAGNOSTYKA I NAPRAWA SONAR\u00d3W HOLOWANYCH Zakres us\u0142ug Oferujemy kompleksow\u0105 diagnostyk\u0119 oraz napraw\u0119 sonar\u00f3w holowanych wykorzystywanych w operacjach hydrograficznych, wojskowych oraz badawczych. Us\u0142ugi realizowane s\u0105 przez wykwalifikowany personel serwisowy ESCORT Technology, posiadaj\u0105cy wieloletnie do\u015bwiadczenie w serwisie system\u00f3w sonarowych i urz\u0105dze\u0144 podwodnych. Zakres prac obejmuje: Diagnostyk\u0119 wst\u0119pn\u0105 \u2013 analiza funkcjonalno\u015bci systemu sonarowego, weryfikacja poprawno\u015bci dzia\u0142ania przetwornik\u00f3w, elektroniki [&hellip;]\" \/>\n<meta property=\"og:url\" content=\"https:\/\/escort-technology.com\/pl\/diagnostyka-i-naprawa-sonarow-holowanych\/\" \/>\n<meta property=\"og:site_name\" content=\"ESCORT TECHNOLOGY\" \/>\n<meta property=\"article:publisher\" content=\"https:\/\/www.facebook.com\/elektronika.morska\/\" \/>\n<meta property=\"article:modified_time\" content=\"2026-01-28T11:54:08+00:00\" \/>\n<meta name=\"twitter:card\" content=\"summary_large_image\" \/>\n<script type=\"application\/ld+json\" class=\"yoast-schema-graph\">{\"@context\":\"https:\\\/\\\/schema.org\",\"@graph\":[{\"@type\":\"WebPage\",\"@id\":\"https:\\\/\\\/escort-technology.com\\\/diagnostyka-i-naprawa-sonarow-holowanych\\\/\",\"url\":\"https:\\\/\\\/escort-technology.com\\\/diagnostyka-i-naprawa-sonarow-holowanych\\\/\",\"name\":\"Diagnostyka i naprawa sonar\u00f3w holowanych - ESCORT TECHNOLOGY\",\"isPartOf\":{\"@id\":\"http:\\\/\\\/escort-technology.com\\\/de\\\/#website\"},\"datePublished\":\"2025-05-20T08:29:28+00:00\",\"dateModified\":\"2026-01-28T11:54:08+00:00\",\"breadcrumb\":{\"@id\":\"https:\\\/\\\/escort-technology.com\\\/diagnostyka-i-naprawa-sonarow-holowanych\\\/#breadcrumb\"},\"inLanguage\":\"pl-PL\",\"potentialAction\":[{\"@type\":\"ReadAction\",\"target\":[\"https:\\\/\\\/escort-technology.com\\\/diagnostyka-i-naprawa-sonarow-holowanych\\\/\"]}]},{\"@type\":\"BreadcrumbList\",\"@id\":\"https:\\\/\\\/escort-technology.com\\\/diagnostyka-i-naprawa-sonarow-holowanych\\\/#breadcrumb\",\"itemListElement\":[{\"@type\":\"ListItem\",\"position\":1,\"name\":\"Strona g\u0142\u00f3wna\",\"item\":\"https:\\\/\\\/escort-technology.com\\\/\"},{\"@type\":\"ListItem\",\"position\":2,\"name\":\"Diagnostyka i naprawa sonar\u00f3w holowanych\"}]},{\"@type\":\"WebSite\",\"@id\":\"http:\\\/\\\/escort-technology.com\\\/de\\\/#website\",\"url\":\"http:\\\/\\\/escort-technology.com\\\/de\\\/\",\"name\":\"ESCORT TECHNOLOGY\",\"description\":\"Elektronika morska i l\u0105dowa\",\"publisher\":{\"@id\":\"http:\\\/\\\/escort-technology.com\\\/de\\\/#organization\"},\"potentialAction\":[{\"@type\":\"SearchAction\",\"target\":{\"@type\":\"EntryPoint\",\"urlTemplate\":\"http:\\\/\\\/escort-technology.com\\\/de\\\/?s={search_term_string}\"},\"query-input\":{\"@type\":\"PropertyValueSpecification\",\"valueRequired\":true,\"valueName\":\"search_term_string\"}}],\"inLanguage\":\"pl-PL\"},{\"@type\":\"Organization\",\"@id\":\"http:\\\/\\\/escort-technology.com\\\/de\\\/#organization\",\"name\":\"ESCORT TECHNOLOGY\",\"url\":\"http:\\\/\\\/escort-technology.com\\\/de\\\/\",\"logo\":{\"@type\":\"ImageObject\",\"inLanguage\":\"pl-PL\",\"@id\":\"http:\\\/\\\/escort-technology.com\\\/de\\\/#\\\/schema\\\/logo\\\/image\\\/\",\"url\":\"https:\\\/\\\/escort-technology.com\\\/wp-content\\\/uploads\\\/logo-1.jpg\",\"contentUrl\":\"https:\\\/\\\/escort-technology.com\\\/wp-content\\\/uploads\\\/logo-1.jpg\",\"width\":600,\"height\":165,\"caption\":\"ESCORT TECHNOLOGY\"},\"image\":{\"@id\":\"http:\\\/\\\/escort-technology.com\\\/de\\\/#\\\/schema\\\/logo\\\/image\\\/\"},\"sameAs\":[\"https:\\\/\\\/www.facebook.com\\\/elektronika.morska\\\/\",\"https:\\\/\\\/www.linkedin.com\\\/company\\\/escort-sp-z-o-o-\\\/\"]}]}<\/script>\n<!-- \/ Yoast SEO plugin. -->","yoast_head_json":{"title":"Diagnostyka i naprawa sonar\u00f3w holowanych - ESCORT TECHNOLOGY","robots":{"index":"index","follow":"follow","max-snippet":"max-snippet:-1","max-image-preview":"max-image-preview:large","max-video-preview":"max-video-preview:-1"},"canonical":"https:\/\/escort-technology.com\/pl\/diagnostyka-i-naprawa-sonarow-holowanych\/","og_locale":"pl_PL","og_type":"article","og_title":"Diagnostyka i naprawa sonar\u00f3w holowanych - ESCORT TECHNOLOGY","og_description":"DIAGNOSTYKA I NAPRAWA SONAR\u00d3W HOLOWANYCH Zakres us\u0142ug Oferujemy kompleksow\u0105 diagnostyk\u0119 oraz napraw\u0119 sonar\u00f3w holowanych wykorzystywanych w operacjach hydrograficznych, wojskowych oraz badawczych. Us\u0142ugi realizowane s\u0105 przez wykwalifikowany personel serwisowy ESCORT Technology, posiadaj\u0105cy wieloletnie do\u015bwiadczenie w serwisie system\u00f3w sonarowych i urz\u0105dze\u0144 podwodnych. Zakres prac obejmuje: Diagnostyk\u0119 wst\u0119pn\u0105 \u2013 analiza funkcjonalno\u015bci systemu sonarowego, weryfikacja poprawno\u015bci dzia\u0142ania przetwornik\u00f3w, elektroniki [&hellip;]","og_url":"https:\/\/escort-technology.com\/pl\/diagnostyka-i-naprawa-sonarow-holowanych\/","og_site_name":"ESCORT TECHNOLOGY","article_publisher":"https:\/\/www.facebook.com\/elektronika.morska\/","article_modified_time":"2026-01-28T11:54:08+00:00","twitter_card":"summary_large_image","schema":{"@context":"https:\/\/schema.org","@graph":[{"@type":"WebPage","@id":"https:\/\/escort-technology.com\/diagnostyka-i-naprawa-sonarow-holowanych\/","url":"https:\/\/escort-technology.com\/diagnostyka-i-naprawa-sonarow-holowanych\/","name":"Diagnostyka i naprawa sonar\u00f3w holowanych - ESCORT TECHNOLOGY","isPartOf":{"@id":"http:\/\/escort-technology.com\/de\/#website"},"datePublished":"2025-05-20T08:29:28+00:00","dateModified":"2026-01-28T11:54:08+00:00","breadcrumb":{"@id":"https:\/\/escort-technology.com\/diagnostyka-i-naprawa-sonarow-holowanych\/#breadcrumb"},"inLanguage":"pl-PL","potentialAction":[{"@type":"ReadAction","target":["https:\/\/escort-technology.com\/diagnostyka-i-naprawa-sonarow-holowanych\/"]}]},{"@type":"BreadcrumbList","@id":"https:\/\/escort-technology.com\/diagnostyka-i-naprawa-sonarow-holowanych\/#breadcrumb","itemListElement":[{"@type":"ListItem","position":1,"name":"Strona g\u0142\u00f3wna","item":"https:\/\/escort-technology.com\/"},{"@type":"ListItem","position":2,"name":"Diagnostyka i naprawa sonar\u00f3w holowanych"}]},{"@type":"WebSite","@id":"http:\/\/escort-technology.com\/de\/#website","url":"http:\/\/escort-technology.com\/de\/","name":"ESCORT TECHNOLOGY","description":"Elektronika morska i l\u0105dowa","publisher":{"@id":"http:\/\/escort-technology.com\/de\/#organization"},"potentialAction":[{"@type":"SearchAction","target":{"@type":"EntryPoint","urlTemplate":"http:\/\/escort-technology.com\/de\/?s={search_term_string}"},"query-input":{"@type":"PropertyValueSpecification","valueRequired":true,"valueName":"search_term_string"}}],"inLanguage":"pl-PL"},{"@type":"Organization","@id":"http:\/\/escort-technology.com\/de\/#organization","name":"ESCORT TECHNOLOGY","url":"http:\/\/escort-technology.com\/de\/","logo":{"@type":"ImageObject","inLanguage":"pl-PL","@id":"http:\/\/escort-technology.com\/de\/#\/schema\/logo\/image\/","url":"https:\/\/escort-technology.com\/wp-content\/uploads\/logo-1.jpg","contentUrl":"https:\/\/escort-technology.com\/wp-content\/uploads\/logo-1.jpg","width":600,"height":165,"caption":"ESCORT TECHNOLOGY"},"image":{"@id":"http:\/\/escort-technology.com\/de\/#\/schema\/logo\/image\/"},"sameAs":["https:\/\/www.facebook.com\/elektronika.morska\/","https:\/\/www.linkedin.com\/company\/escort-sp-z-o-o-\/"]}]}},"_links":{"self":[{"href":"https:\/\/escort-technology.com\/pl\/wp-json\/wp\/v2\/pages\/14545","targetHints":{"allow":["GET"]}}],"collection":[{"href":"https:\/\/escort-technology.com\/pl\/wp-json\/wp\/v2\/pages"}],"about":[{"href":"https:\/\/escort-technology.com\/pl\/wp-json\/wp\/v2\/types\/page"}],"author":[{"embeddable":true,"href":"https:\/\/escort-technology.com\/pl\/wp-json\/wp\/v2\/users\/6"}],"replies":[{"embeddable":true,"href":"https:\/\/escort-technology.com\/pl\/wp-json\/wp\/v2\/comments?post=14545"}],"version-history":[{"count":15,"href":"https:\/\/escort-technology.com\/pl\/wp-json\/wp\/v2\/pages\/14545\/revisions"}],"predecessor-version":[{"id":14823,"href":"https:\/\/escort-technology.com\/pl\/wp-json\/wp\/v2\/pages\/14545\/revisions\/14823"}],"wp:attachment":[{"href":"https:\/\/escort-technology.com\/pl\/wp-json\/wp\/v2\/media?parent=14545"}],"curies":[{"name":"wp","href":"https:\/\/api.w.org\/{rel}","templated":true}]}}