{"id":14685,"date":"2025-11-04T09:04:17","date_gmt":"2025-11-04T08:04:17","guid":{"rendered":"https:\/\/escort-technology.com\/?page_id=14685"},"modified":"2025-11-04T09:27:03","modified_gmt":"2025-11-04T08:27:03","slug":"radiotelefon-icom-gm800-z-dsc-klasy-a-mf-hf-gmdss","status":"publish","type":"page","link":"https:\/\/escort-technology.com\/pl\/radiotelefon-icom-gm800-z-dsc-klasy-a-mf-hf-gmdss\/","title":{"rendered":"Radiotelefon ICOM GM800 z DSC klasy A MF\/HF GMDSS"},"content":{"rendered":"<h1>\n<h1 class=\"uk-article-title\">Radiotelefon ICOM GM800 z DSC klasy A MF\/HF GMDSS<\/h1>\n<\/h1>\n<hr>\n<p><img decoding=\"async\" src=\"\/wp-content\/uploads\/2025\/11\/20191224131836_62159.png\" alt=\"\"><br \/>\n<img decoding=\"async\" src=\"\/wp-content\/uploads\/2025\/11\/20191224131836_34687.png\" alt=\"\"><br \/>\n<img decoding=\"async\" src=\"\/wp-content\/uploads\/2025\/11\/20191224131836_96977.png\" alt=\"\"><\/p>\n<p>\n    <a href=\"https:\/\/www.icomjapan.com\/api\/download.php?post_id=4039&#038;fl=JTJGdXBsb2FkcyUyRnN1cHBvcnQlMkZicm9jaHVyZXMlMkZkb3dubG9hZCUyRkdNRFNTX0EzLnBkZg==\">Karta katalogowa <\/a>\n<\/p>\n<div>\n<h3>Spe\u0142nia wymagania SOLAS dotycz\u0105ce transportu<\/h3>\n<p>Model GM800 spe\u0142nia wymagania GMDSS (Global Maritime Distress and Safety System) dotycz\u0105ce radiotelefon\u00f3w MF\/HF, obowi\u0105zuj\u0105ce dla statk\u00f3w handlowych podlegaj\u0105cych przepisom SOLAS i uczestnicz\u0105cych w rejsach mi\u0119dzynarodowych. Radiotelefon spe\u0142nia wymagania MED, \u201eznak ko\u0142a\u201d, dla europejskich statk\u00f3w handlowych.<\/p>\n<h3>Spe\u0142nia surowe wymagania \u015brodowiskowe<\/h3>\n<p>Urz\u0105dzenie GM800 przesz\u0142o rygorystyczne testy \u015brodowiskowe i procesy zapewnienia jako\u015bci. Radio zosta\u0142o zaprojektowane tak, aby zapewni\u0107 niezawodne dzia\u0142anie i d\u0142ugotrwa\u0142\u0105 wytrzyma\u0142o\u015b\u0107 w trudnych warunkach morskich. Urz\u0105dzenie posiada stopie\u0144 ochrony IPX7 (1 m g\u0142\u0119boko\u015bci wody przez 30 minut).<\/p>\n<h3>Spe\u0142nia wymagania ITU-R M.493-15 klasy A DSC<\/h3>\n<p>Specjalny odbiornik DSC nieustannie skanuje sze\u015b\u0107 kana\u0142\u00f3w alarmowych w trybie rotacyjnym. \u0141\u0105cznie mo\u017cna zapisa\u0107 100 cz\u0142onk\u00f3w MMSI dla po\u0142\u0105cze\u0144 DSC z 10-znakow\u0105 nazw\u0105 identyfikacyjn\u0105. Funkcja DSC Multitask wy\u015bwietla do siedmiu procedur DSC. Urz\u0105dzenie GM800 mo\u017ce r\u00f3wnie\u017c wysy\u0142a\u0107 po\u0142\u0105czenia alarmowe typu relay.<\/p>\n<h3>Funkcja zarz\u0105dzania alertami na mostku (BAM)<\/h3>\n<p>Funkcja zarz\u0105dzania alarmami na mostku (BAM) pozwala za\u0142odze mostka skupi\u0107 si\u0119 na bezpiecznym prowadzeniu statku i szybko reagowa\u0107 na sytuacje alarmowe. Urz\u0105dzenie GM800 mo\u017cna pod\u0142\u0105czy\u0107 do systemu centralnego zarz\u0105dzania alarmami (CAM) i przesy\u0142a\u0107 komunikaty BAM przez interfejs IEC 61162-1. Jest zgodne z normami IEC 62923-1 i IEC 62923-2.<\/p>\n<h3>4,3-calowy kolorowy wy\u015bwietlacz o szerokim k\u0105cie widzenia<\/h3>\n<p>4,3-calowy kolorowy wy\u015bwietlacz TFT LCD zapewnia k\u0105t widzenia wynosz\u0105cy prawie 180 stopni i wy\u015bwietla znaki oraz ikony funkcji w wysokiej rozdzielczo\u015bci. Nawet gdy radio jest zamontowane na desce rozdzielczej, operator mo\u017ce wyra\u017anie rozpozna\u0107 informacje wy\u015bwietlane na ekranie pod r\u00f3\u017cnymi k\u0105tami widzenia. Tryb nocny zapewnia dobr\u0105 czytelno\u015b\u0107 w warunkach s\u0142abego o\u015bwietlenia.<\/p>\n<h3>Zapewnia g\u0142o\u015bny, czysty d\u017awi\u0119k<\/h3>\n<p>Dzi\u0119ki zastosowaniu nowej, wodoodpornej membrany z papieru g\u0142o\u015bnik zapewnia doskona\u0142\u0105 jako\u015b\u0107 d\u017awi\u0119ku i p\u0142ask\u0105 charakterystyk\u0119 cz\u0119stotliwo\u015bciow\u0105 w szerokim zakresie cz\u0119stotliwo\u015bci.<\/p>\n<h3>Ujednolicony interfejs u\u017cytkownika<\/h3>\n<p>Modele GM800 (MF\/HF) i GM600 (VHF) maj\u0105 ujednolicon\u0105 konstrukcj\u0119 i zapewniaj\u0105 sp\u00f3jne dzia\u0142anie. Po\u0142\u0105czenie klawiatury kierunkowej i klawiszy programowych zapewnia prost\u0105 obs\u0142ug\u0119. Najcz\u0119\u015bciej u\u017cywane funkcje s\u0105 przypisane do klawiszy programowych (w dolnej cz\u0119\u015bci wy\u015bwietlacza), co umo\u017cliwia szybki dost\u0119p do funkcji za pomoc\u0105 jednego naci\u015bni\u0119cia. Du\u017ca klawiatura numeryczna umo\u017cliwia p\u0142ynne wprowadzanie numer\u00f3w kana\u0142\u00f3w, numer\u00f3w MMSI z nazwami identyfikacyjnymi itp.<\/p>\n<h3>Inne funkcje<\/h3>\n<p>Zdalny alarm awaryjny<br \/>Z\u0142\u0105cze drukarki (Centronics IEEE1284)<br \/>Interfejs IEC 61162-1 dla odbiornika GNSS<br \/>Moc wyj\u015bciowa: 150 W* PEP przy 50 \u03a9 (w terminalu radiowym)<br \/>Wbudowany konwerter 24 V DC-DC<\/p>\n<\/div>\n<p><!--more--><br \/>\n<!-- {\"type\":\"layout\",\"children\":[{\"type\":\"section\",\"props\":{\"image_position\":\"center-center\",\"style\":\"default\",\"title_breakpoint\":\"xl\",\"title_position\":\"top-left\",\"title_rotation\":\"left\",\"vertical_align\":\"middle\",\"width\":\"default\"},\"children\":[{\"type\":\"row\",\"children\":[{\"type\":\"column\",\"props\":{\"image_position\":\"center-center\",\"position_sticky_breakpoint\":\"m\"},\"children\":[{\"type\":\"headline\",\"props\":{\"content\":\"\n\n<h1 class=\\\"uk-article-title\\\">Radiotelefon ICOM GM800 z DSC klasy A MF\\\/HF GMDSS<\\\/h1>\",\"title_element\":\"h1\"}},{\"type\":\"divider\",\"props\":{\"divider_element\":\"hr\"}}]}]}]},{\"type\":\"section\",\"props\":{\"image_position\":\"center-center\",\"style\":\"default\",\"title_breakpoint\":\"xl\",\"title_position\":\"top-left\",\"title_rotation\":\"left\",\"vertical_align\":\"middle\",\"width\":\"default\"},\"children\":[{\"type\":\"row\",\"props\":{\"layout\":\"1-2,1-2\"},\"children\":[{\"type\":\"column\",\"props\":{\"image_position\":\"center-center\",\"position_sticky_breakpoint\":\"m\",\"width_medium\":\"1-2\"},\"children\":[{\"type\":\"image\",\"props\":{\"image\":\"wp-content\\\/uploads\\\/2025\\\/11\\\/20191224131836_62159.png\",\"image_svg_color\":\"emphasis\",\"margin\":\"default\"}},{\"type\":\"image\",\"props\":{\"image\":\"wp-content\\\/uploads\\\/2025\\\/11\\\/20191224131836_34687.png\",\"image_svg_color\":\"emphasis\",\"margin\":\"default\"}},{\"type\":\"image\",\"props\":{\"image\":\"wp-content\\\/uploads\\\/2025\\\/11\\\/20191224131836_96977.png\",\"image_svg_color\":\"emphasis\",\"margin\":\"default\"}},{\"type\":\"button\",\"props\":{\"grid_column_gap\":\"small\",\"grid_row_gap\":\"small\",\"margin\":\"default\",\"text_align\":\"center\"},\"children\":[{\"type\":\"button_item\",\"props\":{\"button_style\":\"default\",\"content\":\"Karta katalogowa \",\"icon_align\":\"left\",\"link\":\"https:\\\/\\\/www.icomjapan.com\\\/api\\\/download.php?post_id=4039&fl=JTJGdXBsb2FkcyUyRnN1cHBvcnQlMkZicm9jaHVyZXMlMkZkb3dubG9hZCUyRkdNRFNTX0EzLnBkZg==\"}}]}]},{\"type\":\"column\",\"props\":{\"image_position\":\"center-center\",\"position_sticky_breakpoint\":\"m\",\"width_medium\":\"1-2\"},\"children\":[{\"type\":\"text\",\"props\":{\"column_breakpoint\":\"m\",\"content\":\"\n\n<h3>Spe\\u0142nia wymagania SOLAS dotycz\\u0105ce transportu<\\\/h3>\\n\n\n<p><br \\\/>Model GM800 spe\\u0142nia wymagania GMDSS (Global Maritime Distress and Safety System) dotycz\\u0105ce radiotelefon\\u00f3w MF\\\/HF, obowi\\u0105zuj\\u0105ce dla statk\\u00f3w handlowych podlegaj\\u0105cych przepisom SOLAS i uczestnicz\\u0105cych w rejsach mi\\u0119dzynarodowych. Radiotelefon spe\\u0142nia wymagania MED, \\u201eznak ko\\u0142a\\u201d, dla europejskich statk\\u00f3w handlowych.<\\\/p>\\n\n\n<h3>Spe\\u0142nia surowe wymagania \\u015brodowiskowe<\\\/h3>\\n\n\n<p><br \\\/>Urz\\u0105dzenie GM800 przesz\\u0142o rygorystyczne testy \\u015brodowiskowe i procesy zapewnienia jako\\u015bci. Radio zosta\\u0142o zaprojektowane tak, aby zapewni\\u0107 niezawodne dzia\\u0142anie i d\\u0142ugotrwa\\u0142\\u0105 wytrzyma\\u0142o\\u015b\\u0107 w trudnych warunkach morskich. Urz\\u0105dzenie posiada stopie\\u0144 ochrony IPX7 (1 m g\\u0142\\u0119boko\\u015bci wody przez 30 minut).<\\\/p>\\n\n\n<h3>Spe\\u0142nia wymagania ITU-R M.493-15 klasy A DSC<\\\/h3>\\n\n\n<p>Specjalny odbiornik DSC nieustannie skanuje sze\\u015b\\u0107 kana\\u0142\\u00f3w alarmowych w trybie rotacyjnym. \\u0141\\u0105cznie mo\\u017cna zapisa\\u0107 100 cz\\u0142onk\\u00f3w MMSI dla po\\u0142\\u0105cze\\u0144 DSC z 10-znakow\\u0105 nazw\\u0105 identyfikacyjn\\u0105. Funkcja DSC Multitask wy\\u015bwietla do siedmiu procedur DSC. Urz\\u0105dzenie GM800 mo\\u017ce r\\u00f3wnie\\u017c wysy\\u0142a\\u0107 po\\u0142\\u0105czenia alarmowe typu relay.<\\\/p>\\n\n\n<h3>Funkcja zarz\\u0105dzania alertami na mostku (BAM)<\\\/h3>\\n\n\n<p>Funkcja zarz\\u0105dzania alarmami na mostku (BAM) pozwala za\\u0142odze mostka skupi\\u0107 si\\u0119 na bezpiecznym prowadzeniu statku i szybko reagowa\\u0107 na sytuacje alarmowe. Urz\\u0105dzenie GM800 mo\\u017cna pod\\u0142\\u0105czy\\u0107 do systemu centralnego zarz\\u0105dzania alarmami (CAM) i przesy\\u0142a\\u0107 komunikaty BAM przez interfejs IEC 61162-1. Jest zgodne z normami IEC 62923-1 i IEC 62923-2.<\\\/p>\\n\n\n<h3>4,3-calowy kolorowy wy\\u015bwietlacz o szerokim k\\u0105cie widzenia<\\\/h3>\\n\n\n<p>4,3-calowy kolorowy wy\\u015bwietlacz TFT LCD zapewnia k\\u0105t widzenia wynosz\\u0105cy prawie 180 stopni i wy\\u015bwietla znaki oraz ikony funkcji w wysokiej rozdzielczo\\u015bci. Nawet gdy radio jest zamontowane na desce rozdzielczej, operator mo\\u017ce wyra\\u017anie rozpozna\\u0107 informacje wy\\u015bwietlane na ekranie pod r\\u00f3\\u017cnymi k\\u0105tami widzenia. Tryb nocny zapewnia dobr\\u0105 czytelno\\u015b\\u0107 w warunkach s\\u0142abego o\\u015bwietlenia.<\\\/p>\\n\n\n<h3>Zapewnia g\\u0142o\\u015bny, czysty d\\u017awi\\u0119k<\\\/h3>\\n\n\n<p>Dzi\\u0119ki zastosowaniu nowej, wodoodpornej membrany z papieru g\\u0142o\\u015bnik zapewnia doskona\\u0142\\u0105 jako\\u015b\\u0107 d\\u017awi\\u0119ku i p\\u0142ask\\u0105 charakterystyk\\u0119 cz\\u0119stotliwo\\u015bciow\\u0105 w szerokim zakresie cz\\u0119stotliwo\\u015bci.<\\\/p>\\n\n\n<h3>Ujednolicony interfejs u\\u017cytkownika<\\\/h3>\\n\n\n<p>Modele GM800 (MF\\\/HF) i GM600 (VHF) maj\\u0105 ujednolicon\\u0105 konstrukcj\\u0119 i zapewniaj\\u0105 sp\\u00f3jne dzia\\u0142anie. Po\\u0142\\u0105czenie klawiatury kierunkowej i klawiszy programowych zapewnia prost\\u0105 obs\\u0142ug\\u0119. Najcz\\u0119\\u015bciej u\\u017cywane funkcje s\\u0105 przypisane do klawiszy programowych (w dolnej cz\\u0119\\u015bci wy\\u015bwietlacza), co umo\\u017cliwia szybki dost\\u0119p do funkcji za pomoc\\u0105 jednego naci\\u015bni\\u0119cia. Du\\u017ca klawiatura numeryczna umo\\u017cliwia p\\u0142ynne wprowadzanie numer\\u00f3w kana\\u0142\\u00f3w, numer\\u00f3w MMSI z nazwami identyfikacyjnymi itp.<\\\/p>\\n\n\n<h3>Inne funkcje<\\\/h3>\\n\n\n<p>Zdalny alarm awaryjny<br \\\/>Z\\u0142\\u0105cze drukarki (Centronics IEEE1284)<br \\\/>Interfejs IEC 61162-1 dla odbiornika GNSS<br \\\/>Moc wyj\\u015bciowa: 150 W* PEP przy 50 \\u03a9 (w terminalu radiowym)<br \\\/>Wbudowany konwerter 24 V DC-DC<\\\/p>\",\"margin\":\"default\"}}]}]}]}],\"version\":\"4.0.13\"} --><\/p>\n","protected":false},"excerpt":{"rendered":"<p>Radiotelefon ICOM GM800 z DSC klasy A MF\/HF GMDSS Karta katalogowa Spe\u0142nia wymagania SOLAS dotycz\u0105ce transportu Model GM800 spe\u0142nia wymagania GMDSS (Global Maritime Distress and Safety System) dotycz\u0105ce radiotelefon\u00f3w MF\/HF, obowi\u0105zuj\u0105ce dla statk\u00f3w handlowych podlegaj\u0105cych przepisom SOLAS i uczestnicz\u0105cych w rejsach mi\u0119dzynarodowych. Radiotelefon spe\u0142nia wymagania MED, \u201eznak ko\u0142a\u201d, dla europejskich statk\u00f3w handlowych. Spe\u0142nia surowe wymagania [&hellip;]<\/p>\n","protected":false},"author":10,"featured_media":0,"parent":0,"menu_order":0,"comment_status":"closed","ping_status":"closed","template":"","meta":{"footnotes":""},"class_list":["post-14685","page","type-page","status-publish","hentry"],"yoast_head":"<!-- This site is optimized with the Yoast SEO plugin v27.6 - https:\/\/yoast.com\/product\/yoast-seo-wordpress\/ -->\n<title>Radiotelefon ICOM GM800 z DSC klasy A MF\/HF GMDSS - ESCORT TECHNOLOGY<\/title>\n<meta name=\"robots\" content=\"index, follow, max-snippet:-1, max-image-preview:large, max-video-preview:-1\" \/>\n<link rel=\"canonical\" href=\"https:\/\/escort-technology.com\/pl\/radiotelefon-icom-gm800-z-dsc-klasy-a-mf-hf-gmdss\/\" \/>\n<meta property=\"og:locale\" content=\"pl_PL\" \/>\n<meta property=\"og:type\" content=\"article\" \/>\n<meta property=\"og:title\" content=\"Radiotelefon ICOM GM800 z DSC klasy A MF\/HF GMDSS - ESCORT TECHNOLOGY\" \/>\n<meta property=\"og:description\" content=\"Radiotelefon ICOM GM800 z DSC klasy A MF\/HF GMDSS Karta katalogowa Spe\u0142nia wymagania SOLAS dotycz\u0105ce transportu Model GM800 spe\u0142nia wymagania GMDSS (Global Maritime Distress and Safety System) dotycz\u0105ce radiotelefon\u00f3w MF\/HF, obowi\u0105zuj\u0105ce dla statk\u00f3w handlowych podlegaj\u0105cych przepisom SOLAS i uczestnicz\u0105cych w rejsach mi\u0119dzynarodowych. Radiotelefon spe\u0142nia wymagania MED, \u201eznak ko\u0142a\u201d, dla europejskich statk\u00f3w handlowych. Spe\u0142nia surowe wymagania [&hellip;]\" \/>\n<meta property=\"og:url\" content=\"https:\/\/escort-technology.com\/pl\/radiotelefon-icom-gm800-z-dsc-klasy-a-mf-hf-gmdss\/\" \/>\n<meta property=\"og:site_name\" content=\"ESCORT TECHNOLOGY\" \/>\n<meta property=\"article:publisher\" content=\"https:\/\/www.facebook.com\/elektronika.morska\/\" \/>\n<meta property=\"article:modified_time\" content=\"2025-11-04T08:27:03+00:00\" \/>\n<meta name=\"twitter:card\" content=\"summary_large_image\" \/>\n<meta name=\"twitter:label1\" content=\"Szacowany czas czytania\" \/>\n\t<meta name=\"twitter:data1\" content=\"3 minuty\" \/>\n<script type=\"application\/ld+json\" class=\"yoast-schema-graph\">{\"@context\":\"https:\\\/\\\/schema.org\",\"@graph\":[{\"@type\":\"WebPage\",\"@id\":\"https:\\\/\\\/escort-technology.com\\\/radiotelefon-icom-gm800-z-dsc-klasy-a-mf-hf-gmdss\\\/\",\"url\":\"https:\\\/\\\/escort-technology.com\\\/radiotelefon-icom-gm800-z-dsc-klasy-a-mf-hf-gmdss\\\/\",\"name\":\"Radiotelefon ICOM GM800 z DSC klasy A MF\\\/HF GMDSS - ESCORT TECHNOLOGY\",\"isPartOf\":{\"@id\":\"http:\\\/\\\/escort-technology.com\\\/de\\\/#website\"},\"datePublished\":\"2025-11-04T08:04:17+00:00\",\"dateModified\":\"2025-11-04T08:27:03+00:00\",\"breadcrumb\":{\"@id\":\"https:\\\/\\\/escort-technology.com\\\/radiotelefon-icom-gm800-z-dsc-klasy-a-mf-hf-gmdss\\\/#breadcrumb\"},\"inLanguage\":\"pl-PL\",\"potentialAction\":[{\"@type\":\"ReadAction\",\"target\":[\"https:\\\/\\\/escort-technology.com\\\/radiotelefon-icom-gm800-z-dsc-klasy-a-mf-hf-gmdss\\\/\"]}]},{\"@type\":\"BreadcrumbList\",\"@id\":\"https:\\\/\\\/escort-technology.com\\\/radiotelefon-icom-gm800-z-dsc-klasy-a-mf-hf-gmdss\\\/#breadcrumb\",\"itemListElement\":[{\"@type\":\"ListItem\",\"position\":1,\"name\":\"Strona g\u0142\u00f3wna\",\"item\":\"https:\\\/\\\/escort-technology.com\\\/\"},{\"@type\":\"ListItem\",\"position\":2,\"name\":\"Radiotelefon ICOM GM800 z DSC klasy A MF\\\/HF GMDSS\"}]},{\"@type\":\"WebSite\",\"@id\":\"http:\\\/\\\/escort-technology.com\\\/de\\\/#website\",\"url\":\"http:\\\/\\\/escort-technology.com\\\/de\\\/\",\"name\":\"ESCORT TECHNOLOGY\",\"description\":\"Elektronika morska i l\u0105dowa\",\"publisher\":{\"@id\":\"http:\\\/\\\/escort-technology.com\\\/de\\\/#organization\"},\"potentialAction\":[{\"@type\":\"SearchAction\",\"target\":{\"@type\":\"EntryPoint\",\"urlTemplate\":\"http:\\\/\\\/escort-technology.com\\\/de\\\/?s={search_term_string}\"},\"query-input\":{\"@type\":\"PropertyValueSpecification\",\"valueRequired\":true,\"valueName\":\"search_term_string\"}}],\"inLanguage\":\"pl-PL\"},{\"@type\":\"Organization\",\"@id\":\"http:\\\/\\\/escort-technology.com\\\/de\\\/#organization\",\"name\":\"ESCORT TECHNOLOGY\",\"url\":\"http:\\\/\\\/escort-technology.com\\\/de\\\/\",\"logo\":{\"@type\":\"ImageObject\",\"inLanguage\":\"pl-PL\",\"@id\":\"http:\\\/\\\/escort-technology.com\\\/de\\\/#\\\/schema\\\/logo\\\/image\\\/\",\"url\":\"https:\\\/\\\/escort-technology.com\\\/wp-content\\\/uploads\\\/logo-1.jpg\",\"contentUrl\":\"https:\\\/\\\/escort-technology.com\\\/wp-content\\\/uploads\\\/logo-1.jpg\",\"width\":600,\"height\":165,\"caption\":\"ESCORT TECHNOLOGY\"},\"image\":{\"@id\":\"http:\\\/\\\/escort-technology.com\\\/de\\\/#\\\/schema\\\/logo\\\/image\\\/\"},\"sameAs\":[\"https:\\\/\\\/www.facebook.com\\\/elektronika.morska\\\/\",\"https:\\\/\\\/www.linkedin.com\\\/company\\\/escort-sp-z-o-o-\\\/\"]}]}<\/script>\n<!-- \/ Yoast SEO plugin. -->","yoast_head_json":{"title":"Radiotelefon ICOM GM800 z DSC klasy A MF\/HF GMDSS - ESCORT TECHNOLOGY","robots":{"index":"index","follow":"follow","max-snippet":"max-snippet:-1","max-image-preview":"max-image-preview:large","max-video-preview":"max-video-preview:-1"},"canonical":"https:\/\/escort-technology.com\/pl\/radiotelefon-icom-gm800-z-dsc-klasy-a-mf-hf-gmdss\/","og_locale":"pl_PL","og_type":"article","og_title":"Radiotelefon ICOM GM800 z DSC klasy A MF\/HF GMDSS - ESCORT TECHNOLOGY","og_description":"Radiotelefon ICOM GM800 z DSC klasy A MF\/HF GMDSS Karta katalogowa Spe\u0142nia wymagania SOLAS dotycz\u0105ce transportu Model GM800 spe\u0142nia wymagania GMDSS (Global Maritime Distress and Safety System) dotycz\u0105ce radiotelefon\u00f3w MF\/HF, obowi\u0105zuj\u0105ce dla statk\u00f3w handlowych podlegaj\u0105cych przepisom SOLAS i uczestnicz\u0105cych w rejsach mi\u0119dzynarodowych. Radiotelefon spe\u0142nia wymagania MED, \u201eznak ko\u0142a\u201d, dla europejskich statk\u00f3w handlowych. Spe\u0142nia surowe wymagania [&hellip;]","og_url":"https:\/\/escort-technology.com\/pl\/radiotelefon-icom-gm800-z-dsc-klasy-a-mf-hf-gmdss\/","og_site_name":"ESCORT TECHNOLOGY","article_publisher":"https:\/\/www.facebook.com\/elektronika.morska\/","article_modified_time":"2025-11-04T08:27:03+00:00","twitter_card":"summary_large_image","twitter_misc":{"Szacowany czas czytania":"3 minuty"},"schema":{"@context":"https:\/\/schema.org","@graph":[{"@type":"WebPage","@id":"https:\/\/escort-technology.com\/radiotelefon-icom-gm800-z-dsc-klasy-a-mf-hf-gmdss\/","url":"https:\/\/escort-technology.com\/radiotelefon-icom-gm800-z-dsc-klasy-a-mf-hf-gmdss\/","name":"Radiotelefon ICOM GM800 z DSC klasy A MF\/HF GMDSS - ESCORT TECHNOLOGY","isPartOf":{"@id":"http:\/\/escort-technology.com\/de\/#website"},"datePublished":"2025-11-04T08:04:17+00:00","dateModified":"2025-11-04T08:27:03+00:00","breadcrumb":{"@id":"https:\/\/escort-technology.com\/radiotelefon-icom-gm800-z-dsc-klasy-a-mf-hf-gmdss\/#breadcrumb"},"inLanguage":"pl-PL","potentialAction":[{"@type":"ReadAction","target":["https:\/\/escort-technology.com\/radiotelefon-icom-gm800-z-dsc-klasy-a-mf-hf-gmdss\/"]}]},{"@type":"BreadcrumbList","@id":"https:\/\/escort-technology.com\/radiotelefon-icom-gm800-z-dsc-klasy-a-mf-hf-gmdss\/#breadcrumb","itemListElement":[{"@type":"ListItem","position":1,"name":"Strona g\u0142\u00f3wna","item":"https:\/\/escort-technology.com\/"},{"@type":"ListItem","position":2,"name":"Radiotelefon ICOM GM800 z DSC klasy A MF\/HF GMDSS"}]},{"@type":"WebSite","@id":"http:\/\/escort-technology.com\/de\/#website","url":"http:\/\/escort-technology.com\/de\/","name":"ESCORT TECHNOLOGY","description":"Elektronika morska i l\u0105dowa","publisher":{"@id":"http:\/\/escort-technology.com\/de\/#organization"},"potentialAction":[{"@type":"SearchAction","target":{"@type":"EntryPoint","urlTemplate":"http:\/\/escort-technology.com\/de\/?s={search_term_string}"},"query-input":{"@type":"PropertyValueSpecification","valueRequired":true,"valueName":"search_term_string"}}],"inLanguage":"pl-PL"},{"@type":"Organization","@id":"http:\/\/escort-technology.com\/de\/#organization","name":"ESCORT TECHNOLOGY","url":"http:\/\/escort-technology.com\/de\/","logo":{"@type":"ImageObject","inLanguage":"pl-PL","@id":"http:\/\/escort-technology.com\/de\/#\/schema\/logo\/image\/","url":"https:\/\/escort-technology.com\/wp-content\/uploads\/logo-1.jpg","contentUrl":"https:\/\/escort-technology.com\/wp-content\/uploads\/logo-1.jpg","width":600,"height":165,"caption":"ESCORT TECHNOLOGY"},"image":{"@id":"http:\/\/escort-technology.com\/de\/#\/schema\/logo\/image\/"},"sameAs":["https:\/\/www.facebook.com\/elektronika.morska\/","https:\/\/www.linkedin.com\/company\/escort-sp-z-o-o-\/"]}]}},"_links":{"self":[{"href":"https:\/\/escort-technology.com\/pl\/wp-json\/wp\/v2\/pages\/14685","targetHints":{"allow":["GET"]}}],"collection":[{"href":"https:\/\/escort-technology.com\/pl\/wp-json\/wp\/v2\/pages"}],"about":[{"href":"https:\/\/escort-technology.com\/pl\/wp-json\/wp\/v2\/types\/page"}],"author":[{"embeddable":true,"href":"https:\/\/escort-technology.com\/pl\/wp-json\/wp\/v2\/users\/10"}],"replies":[{"embeddable":true,"href":"https:\/\/escort-technology.com\/pl\/wp-json\/wp\/v2\/comments?post=14685"}],"version-history":[{"count":20,"href":"https:\/\/escort-technology.com\/pl\/wp-json\/wp\/v2\/pages\/14685\/revisions"}],"predecessor-version":[{"id":14711,"href":"https:\/\/escort-technology.com\/pl\/wp-json\/wp\/v2\/pages\/14685\/revisions\/14711"}],"wp:attachment":[{"href":"https:\/\/escort-technology.com\/pl\/wp-json\/wp\/v2\/media?parent=14685"}],"curies":[{"name":"wp","href":"https:\/\/api.w.org\/{rel}","templated":true}]}}