{"id":14765,"date":"2026-01-28T09:32:01","date_gmt":"2026-01-28T08:32:01","guid":{"rendered":"https:\/\/escort-technology.com\/?page_id=14765"},"modified":"2026-01-28T12:51:54","modified_gmt":"2026-01-28T11:51:54","slug":"serwis-urzadzen-radiokomunikacyjnych","status":"publish","type":"page","link":"https:\/\/escort-technology.com\/pl\/serwis-urzadzen-radiokomunikacyjnych\/","title":{"rendered":"Serwis Urz\u0105dze\u0144 Radiokomunikacyjnych"},"content":{"rendered":"<h1>\n<h1 style=\"text-align: center;\"><strong>NAPRAWA I SERWIS URZ\u0104DZE\u0143 RADIOKOMUNIKACYJNYCH<\/strong><o:p><\/o:p><\/h1>\n<\/h1>\n<div>\n<p>Kompleksowa obs\u0142uga serwisowa w zakresie <strong>naprawy i konserwacji urz\u0105dze\u0144 radiokomunikacyjnych<\/strong>. Dzi\u0119ki wieloletniemu do\u015bwiadczeniu oraz wysoko wykwalifikowanemu zespo\u0142owi technik\u00f3w, gwarantujemy profesjonalne wsparcie techniczne dla firm i instytucji wykorzystuj\u0105cych systemy radiowe w codziennej dzia\u0142alno\u015bci.<\/p>\n<h3><strong>Zakres us\u0142ug:<\/strong><\/h3>\n<ul>\n<li><strong>Diagnostyka usterek<\/strong> i ekspertyza techniczna<\/li>\n<li><strong>Naprawa urz\u0105dze\u0144 radiokomunikacyjnych<\/strong> (radiotelefony, stacje bazowe, akcesoria)<\/li>\n<li><strong>Przegl\u0105dy okresowe<\/strong> i konserwacja sprz\u0119tu<\/li>\n<li><strong>Aktualizacja oprogramowania<\/strong> i konfiguracja urz\u0105dze\u0144<\/li>\n<li><strong>Pomiar parametr\u00f3w radiowych<\/strong> (moc wyj\u015bciowa, dewiacja, czu\u0142o\u015b\u0107 odbiornika, VSWR)<\/li>\n<li><strong>Korekta ustawie\u0144 i programowanie kana\u0142\u00f3w<\/strong><\/li>\n<li><strong>Modernizacja system\u00f3w \u0142\u0105czno\u015bci<\/strong> i dostosowanie do aktualnych standard\u00f3w<\/li>\n<li><strong>Serwis gwarancyjny i pogwarancyjny<\/strong><\/li>\n<\/ul>\n<\/div>\n<p><img decoding=\"async\" src=\"\/wp-content\/uploads\/2026\/01\/Projekt-bez-nazwy.png\" alt=\"serwis vhf\"><\/p>\n<hr>\n<div>\n<h3 data-start=\"1816\" data-end=\"1851\" class=\"\"><strong data-start=\"1820\" data-end=\"1851\">Dlaczego ESCORT Technology?<\/strong><\/h3>\n<ul data-start=\"1852\" data-end=\"2206\">\n<li data-start=\"1852\" data-end=\"1927\" class=\"\">\n<p data-start=\"1854\" data-end=\"1927\" class=\"\"><strong>Do\u015bwiadczony zesp\u00f3\u0142 in\u017cynier\u00f3w<\/strong> i technik\u00f3w serwisowych<\/p>\n<\/li>\n<li data-start=\"1928\" data-end=\"2007\" class=\"\">\n<p data-start=\"1930\" data-end=\"2007\" class=\"\"><strong data-start=\"1930\" data-end=\"1956\">Wykwalifikowany zesp\u00f3\u0142<\/strong>: In\u017cynierowie z wieloletnim do\u015bwiadczeniem w diagnostyce<\/p>\n<\/li>\n<li data-start=\"2008\" data-end=\"2070\" class=\"\">\n<p data-start=\"2010\" data-end=\"2070\" class=\"\"><strong data-start=\"2010\" data-end=\"2033\">Zaplecze techniczne<\/strong>: Nowoczesne laboratorium serwisowe<\/p>\n<\/li>\n<li data-start=\"2071\" data-end=\"2133\" class=\"\">\n<p data-start=\"2073\" data-end=\"2133\" class=\"\"><strong data-start=\"2073\" data-end=\"2103\">Kr\u00f3tkie terminy realizacji<\/strong>\u00a0<\/p>\n<\/li>\n<li data-start=\"2134\" data-end=\"2206\" class=\"\">\n<p data-start=\"2136\" data-end=\"2206\" class=\"\"><strong data-start=\"2136\" data-end=\"2162\">Indywidualne podej\u015bcie<\/strong> do klienta i pe\u0142na dokumentacja serwisowa<\/p>\n<\/li>\n<\/ul>\n<h3 data-start=\"2213\" data-end=\"2241\" class=\"\"><strong data-start=\"2217\" data-end=\"2241\">Informacje dodatkowe<\/strong><\/h3>\n<ul data-start=\"2242\" data-end=\"2505\">\n<li data-start=\"2242\" data-end=\"2314\" class=\"\">\n<p data-start=\"2244\" data-end=\"2314\" class=\"\">Mo\u017cliwo\u015b\u0107 serwisu w siedzibie klienta (po wcze\u015bniejszym uzgodnieniu)<\/p>\n<\/li>\n<li data-start=\"2315\" data-end=\"2380\" class=\"\">\n<p data-start=\"2317\" data-end=\"2380\" class=\"\">Dost\u0119pno\u015b\u0107 cz\u0119\u015bci zamiennych oryginalnych<\/p>\n<\/li>\n<li data-start=\"2381\" data-end=\"2449\" class=\"\">\n<p data-start=\"2383\" data-end=\"2449\" class=\"\">Atrakcyjne warunki dla sta\u0142ych klient\u00f3w i kontrakt\u00f3w serwisowych<\/p>\n<\/li>\n<li data-start=\"2450\" data-end=\"2505\" class=\"\">\n<p data-start=\"2452\" data-end=\"2505\" class=\"\">Gwarancja na wykonane naprawy i wymienione komponenty<\/p>\n<\/li>\n<\/ul>\n<p><img decoding=\"async\" draggable=\"false\" role=\"img\" class=\"emoji\" alt=\"&#x260e;\" src=\"https:\/\/s.w.org\/images\/core\/emoji\/17.0.2\/svg\/260e.svg\" \/><span>\u00a0<\/span><strong data-start=\"3775\" data-end=\"3787\">Telefon:<\/strong><span>\u00a0+48 603 659 295<\/span><br data-start=\"3804\" data-end=\"3807\" \/><img decoding=\"async\" draggable=\"false\" role=\"img\" class=\"emoji\" alt=\"&#x1f4e7;\" src=\"https:\/\/s.w.org\/images\/core\/emoji\/17.0.2\/svg\/1f4e7.svg\" \/><span>\u00a0<\/span><strong data-start=\"3810\" data-end=\"3821\">E-mail:<\/strong><span>\u00a0<\/span><em data-start=\"3822\" data-end=\"3849\"><span id=\"eeb-25935-712470\"><span id=\"eeb-598475-709653\">service@escort.com.pl<\/span><\/span><\/em><br data-start=\"3849\" data-end=\"3852\" \/><img decoding=\"async\" draggable=\"false\" role=\"img\" class=\"emoji\" alt=\"&#x1f4cd;\" src=\"https:\/\/s.w.org\/images\/core\/emoji\/17.0.2\/svg\/1f4cd.svg\" \/><span>\u00a0<\/span><strong data-start=\"3855\" data-end=\"3868\">Siedziba:<\/strong><span>\u00a0Szczecin, Gda\u0144sk<\/span><\/p>\n<\/div>\n<p><!--more--><br \/>\n<!-- {\"type\":\"layout\",\"children\":[{\"type\":\"section\",\"props\":{\"image\":\"wp-content\\\/uploads\\\/2024\\\/12\\\/jeremy-bishop-G9i_plbfDgk-unsplash-scaled.jpg\",\"image_position\":\"center-center\",\"style\":\"secondary\",\"title_breakpoint\":\"xl\",\"title_position\":\"top-left\",\"title_rotation\":\"left\",\"vertical_align\":\"middle\",\"width\":\"default\"},\"children\":[{\"type\":\"row\",\"children\":[{\"type\":\"column\",\"props\":{\"image_position\":\"center-center\",\"position_sticky_breakpoint\":\"m\"},\"children\":[{\"type\":\"headline\",\"props\":{\"content\":\"\n\n<h1 style=\\\"text-align: center;\\\"><strong>NAPRAWA I SERWIS URZ\\u0104DZE\\u0143 RADIOKOMUNIKACYJNYCH<\\\/strong><o:p><\\\/o:p><\\\/h1>\",\"title_element\":\"h1\"}}]}]}]},{\"type\":\"section\",\"props\":{\"image_position\":\"center-center\",\"style\":\"default\",\"title_breakpoint\":\"xl\",\"title_position\":\"top-left\",\"title_rotation\":\"left\",\"vertical_align\":\"middle\",\"width\":\"default\"},\"children\":[{\"type\":\"row\",\"children\":[{\"type\":\"column\",\"props\":{\"image_position\":\"center-center\",\"position_sticky_breakpoint\":\"m\",\"width_medium\":\"1-2\"},\"children\":[{\"type\":\"text\",\"props\":{\"column_breakpoint\":\"m\",\"content\":\"\n\n<p>Kompleksowa obs\\u0142uga serwisowa w zakresie <strong>naprawy i konserwacji urz\\u0105dze\\u0144 radiokomunikacyjnych<\\\/strong>. Dzi\\u0119ki wieloletniemu do\\u015bwiadczeniu oraz wysoko wykwalifikowanemu zespo\\u0142owi technik\\u00f3w, gwarantujemy profesjonalne wsparcie techniczne dla firm i instytucji wykorzystuj\\u0105cych systemy radiowe w codziennej dzia\\u0142alno\\u015bci.<br \\\/><br \\\/><\\\/p>\\n\n\n<h3><strong>Zakres us\\u0142ug:<\\\/strong><\\\/h3>\\n\n\n<ul>\\n\n\n<li><strong>Diagnostyka usterek<\\\/strong> i ekspertyza techniczna<\\\/li>\\n\n\n<li><strong>Naprawa urz\\u0105dze\\u0144 radiokomunikacyjnych<\\\/strong> (radiotelefony, stacje bazowe, akcesoria)<\\\/li>\\n\n\n<li><strong>Przegl\\u0105dy okresowe<\\\/strong> i konserwacja sprz\\u0119tu<\\\/li>\\n\n\n<li><strong>Aktualizacja oprogramowania<\\\/strong> i konfiguracja urz\\u0105dze\\u0144<\\\/li>\\n\n\n<li><strong>Pomiar parametr\\u00f3w radiowych<\\\/strong> (moc wyj\\u015bciowa, dewiacja, czu\\u0142o\\u015b\\u0107 odbiornika, VSWR)<\\\/li>\\n\n\n<li><strong>Korekta ustawie\\u0144 i programowanie kana\\u0142\\u00f3w<\\\/strong><\\\/li>\\n\n\n<li><strong>Modernizacja system\\u00f3w \\u0142\\u0105czno\\u015bci<\\\/strong> i dostosowanie do aktualnych standard\\u00f3w<\\\/li>\\n\n\n<li><strong>Serwis gwarancyjny i pogwarancyjny<\\\/strong><\\\/li>\\n<\\\/ul>\",\"margin\":\"default\"}}]},{\"type\":\"column\",\"props\":{\"image_position\":\"center-center\",\"position_sticky_breakpoint\":\"m\",\"width_medium\":\"1-2\"},\"children\":[{\"type\":\"image\",\"props\":{\"image\":\"wp-content\\\/uploads\\\/2026\\\/01\\\/Projekt-bez-nazwy.png\",\"image_alt\":\"serwis vhf\",\"image_svg_color\":\"emphasis\",\"margin\":\"default\"}}]}],\"props\":{\"layout\":\"1-2,1-2\"}}]},{\"type\":\"section\",\"props\":{\"image_position\":\"center-center\",\"style\":\"default\",\"title_breakpoint\":\"xl\",\"title_position\":\"top-left\",\"title_rotation\":\"left\",\"vertical_align\":\"middle\",\"width\":\"default\"},\"children\":[{\"type\":\"row\",\"children\":[{\"type\":\"column\",\"props\":{\"image_position\":\"center-center\",\"position_sticky_breakpoint\":\"m\"},\"children\":[{\"type\":\"divider\",\"props\":{\"divider_element\":\"hr\"}},{\"type\":\"text\",\"props\":{\"column_breakpoint\":\"m\",\"content\":\"\n\n<h3 data-start=\\\"1816\\\" data-end=\\\"1851\\\" class=\\\"\\\"><strong data-start=\\\"1820\\\" data-end=\\\"1851\\\">Dlaczego ESCORT Technology?<\\\/strong><\\\/h3>\\n\n\n<ul data-start=\\\"1852\\\" data-end=\\\"2206\\\">\\n\n\n<li data-start=\\\"1852\\\" data-end=\\\"1927\\\" class=\\\"\\\">\\n\n\n<p data-start=\\\"1854\\\" data-end=\\\"1927\\\" class=\\\"\\\"><strong>Do\\u015bwiadczony zesp\\u00f3\\u0142 in\\u017cynier\\u00f3w<\\\/strong> i technik\\u00f3w serwisowych<\\\/p>\\n<\\\/li>\\n\n\n<li data-start=\\\"1928\\\" data-end=\\\"2007\\\" class=\\\"\\\">\\n\n\n<p data-start=\\\"1930\\\" data-end=\\\"2007\\\" class=\\\"\\\"><strong data-start=\\\"1930\\\" data-end=\\\"1956\\\">Wykwalifikowany zesp\\u00f3\\u0142<\\\/strong>: In\\u017cynierowie z wieloletnim do\\u015bwiadczeniem w diagnostyce<\\\/p>\\n<\\\/li>\\n\n\n<li data-start=\\\"2008\\\" data-end=\\\"2070\\\" class=\\\"\\\">\\n\n\n<p data-start=\\\"2010\\\" data-end=\\\"2070\\\" class=\\\"\\\"><strong data-start=\\\"2010\\\" data-end=\\\"2033\\\">Zaplecze techniczne<\\\/strong>: Nowoczesne laboratorium serwisowe<\\\/p>\\n<\\\/li>\\n\n\n<li data-start=\\\"2071\\\" data-end=\\\"2133\\\" class=\\\"\\\">\\n\n\n<p data-start=\\\"2073\\\" data-end=\\\"2133\\\" class=\\\"\\\"><strong data-start=\\\"2073\\\" data-end=\\\"2103\\\">Kr\\u00f3tkie terminy realizacji<\\\/strong>\\u00a0<\\\/p>\\n<\\\/li>\\n\n\n<li data-start=\\\"2134\\\" data-end=\\\"2206\\\" class=\\\"\\\">\\n\n\n<p data-start=\\\"2136\\\" data-end=\\\"2206\\\" class=\\\"\\\"><strong data-start=\\\"2136\\\" data-end=\\\"2162\\\">Indywidualne podej\\u015bcie<\\\/strong> do klienta i pe\\u0142na dokumentacja serwisowa<\\\/p>\\n<\\\/li>\\n<\\\/ul>\\n\n\n<h3 data-start=\\\"2213\\\" data-end=\\\"2241\\\" class=\\\"\\\"><strong data-start=\\\"2217\\\" data-end=\\\"2241\\\">Informacje dodatkowe<\\\/strong><\\\/h3>\\n\n\n<ul data-start=\\\"2242\\\" data-end=\\\"2505\\\">\\n\n\n<li data-start=\\\"2242\\\" data-end=\\\"2314\\\" class=\\\"\\\">\\n\n\n<p data-start=\\\"2244\\\" data-end=\\\"2314\\\" class=\\\"\\\">Mo\\u017cliwo\\u015b\\u0107 serwisu w siedzibie klienta (po wcze\\u015bniejszym uzgodnieniu)<\\\/p>\\n<\\\/li>\\n\n\n<li data-start=\\\"2315\\\" data-end=\\\"2380\\\" class=\\\"\\\">\\n\n\n<p data-start=\\\"2317\\\" data-end=\\\"2380\\\" class=\\\"\\\">Dost\\u0119pno\\u015b\\u0107 cz\\u0119\\u015bci zamiennych oryginalnych<\\\/p>\\n<\\\/li>\\n\n\n<li data-start=\\\"2381\\\" data-end=\\\"2449\\\" class=\\\"\\\">\\n\n\n<p data-start=\\\"2383\\\" data-end=\\\"2449\\\" class=\\\"\\\">Atrakcyjne warunki dla sta\\u0142ych klient\\u00f3w i kontrakt\\u00f3w serwisowych<\\\/p>\\n<\\\/li>\\n\n\n<li data-start=\\\"2450\\\" data-end=\\\"2505\\\" class=\\\"\\\">\\n\n\n<p data-start=\\\"2452\\\" data-end=\\\"2505\\\" class=\\\"\\\">Gwarancja na wykonane naprawy i wymienione komponenty<\\\/p>\\n<\\\/li>\\n<\\\/ul>\\n\n\n<p><img decoding=\\\"async\\\" draggable=\\\"false\\\" role=\\\"img\\\" class=\\\"emoji\\\" alt=\\\"\\u260e\\\" src=\\\"https:\\\/\\\/s.w.org\\\/images\\\/core\\\/emoji\\\/17.0.2\\\/svg\\\/260e.svg\\\" \\\/><span>\\u00a0<\\\/span><strong data-start=\\\"3775\\\" data-end=\\\"3787\\\">Telefon:<\\\/strong><span>\\u00a0+48 603 659 295<\\\/span><br data-start=\\\"3804\\\" data-end=\\\"3807\\\" \\\/><img decoding=\\\"async\\\" draggable=\\\"false\\\" role=\\\"img\\\" class=\\\"emoji\\\" alt=\\\"\\ud83d\\udce7\\\" src=\\\"https:\\\/\\\/s.w.org\\\/images\\\/core\\\/emoji\\\/17.0.2\\\/svg\\\/1f4e7.svg\\\" \\\/><span>\\u00a0<\\\/span><strong data-start=\\\"3810\\\" data-end=\\\"3821\\\">E-mail:<\\\/strong><span>\\u00a0<\\\/span><em data-start=\\\"3822\\\" data-end=\\\"3849\\\"><span id=\\\"eeb-25935-712470\\\"><span id=\\\"eeb-598475-709653\\\">service@escort.com.pl<\\\/span><\\\/span><\\\/em><br data-start=\\\"3849\\\" data-end=\\\"3852\\\" \\\/><img decoding=\\\"async\\\" draggable=\\\"false\\\" role=\\\"img\\\" class=\\\"emoji\\\" alt=\\\"\\ud83d\\udccd\\\" src=\\\"https:\\\/\\\/s.w.org\\\/images\\\/core\\\/emoji\\\/17.0.2\\\/svg\\\/1f4cd.svg\\\" \\\/><span>\\u00a0<\\\/span><strong data-start=\\\"3855\\\" data-end=\\\"3868\\\">Siedziba:<\\\/strong><span>\\u00a0Szczecin, Gda\\u0144sk<\\\/span><\\\/p>\",\"margin\":\"default\"}}]}]}]}],\"version\":\"4.0.13\"} --><\/p>\n","protected":false},"excerpt":{"rendered":"<p>NAPRAWA I SERWIS URZ\u0104DZE\u0143 RADIOKOMUNIKACYJNYCH Kompleksowa obs\u0142uga serwisowa w zakresie naprawy i konserwacji urz\u0105dze\u0144 radiokomunikacyjnych. Dzi\u0119ki wieloletniemu do\u015bwiadczeniu oraz wysoko wykwalifikowanemu zespo\u0142owi technik\u00f3w, gwarantujemy profesjonalne wsparcie techniczne dla firm i instytucji wykorzystuj\u0105cych systemy radiowe w codziennej dzia\u0142alno\u015bci. Zakres us\u0142ug: Diagnostyka usterek i ekspertyza techniczna Naprawa urz\u0105dze\u0144 radiokomunikacyjnych (radiotelefony, stacje bazowe, akcesoria) Przegl\u0105dy okresowe i konserwacja [&hellip;]<\/p>\n","protected":false},"author":6,"featured_media":0,"parent":0,"menu_order":0,"comment_status":"closed","ping_status":"closed","template":"","meta":{"footnotes":""},"class_list":["post-14765","page","type-page","status-publish","hentry"],"yoast_head":"<!-- This site is optimized with the Yoast SEO plugin v27.6 - https:\/\/yoast.com\/product\/yoast-seo-wordpress\/ -->\n<title>Serwis Urz\u0105dze\u0144 Radiokomunikacyjnych - ESCORT TECHNOLOGY<\/title>\n<meta name=\"robots\" content=\"index, follow, max-snippet:-1, max-image-preview:large, max-video-preview:-1\" \/>\n<link rel=\"canonical\" href=\"https:\/\/escort-technology.com\/pl\/serwis-urzadzen-radiokomunikacyjnych\/\" \/>\n<meta property=\"og:locale\" content=\"pl_PL\" \/>\n<meta property=\"og:type\" content=\"article\" \/>\n<meta property=\"og:title\" content=\"Serwis Urz\u0105dze\u0144 Radiokomunikacyjnych - ESCORT TECHNOLOGY\" \/>\n<meta property=\"og:description\" content=\"NAPRAWA I SERWIS URZ\u0104DZE\u0143 RADIOKOMUNIKACYJNYCH Kompleksowa obs\u0142uga serwisowa w zakresie naprawy i konserwacji urz\u0105dze\u0144 radiokomunikacyjnych. Dzi\u0119ki wieloletniemu do\u015bwiadczeniu oraz wysoko wykwalifikowanemu zespo\u0142owi technik\u00f3w, gwarantujemy profesjonalne wsparcie techniczne dla firm i instytucji wykorzystuj\u0105cych systemy radiowe w codziennej dzia\u0142alno\u015bci. Zakres us\u0142ug: Diagnostyka usterek i ekspertyza techniczna Naprawa urz\u0105dze\u0144 radiokomunikacyjnych (radiotelefony, stacje bazowe, akcesoria) Przegl\u0105dy okresowe i konserwacja [&hellip;]\" \/>\n<meta property=\"og:url\" content=\"https:\/\/escort-technology.com\/pl\/serwis-urzadzen-radiokomunikacyjnych\/\" \/>\n<meta property=\"og:site_name\" content=\"ESCORT TECHNOLOGY\" \/>\n<meta property=\"article:publisher\" content=\"https:\/\/www.facebook.com\/elektronika.morska\/\" \/>\n<meta property=\"article:modified_time\" content=\"2026-01-28T11:51:54+00:00\" \/>\n<meta property=\"og:image\" content=\"https:\/\/s.w.org\/images\/core\/emoji\/17.0.2\/svg\/260e.svg\" \/>\n<meta name=\"twitter:card\" content=\"summary_large_image\" \/>\n<script type=\"application\/ld+json\" class=\"yoast-schema-graph\">{\"@context\":\"https:\\\/\\\/schema.org\",\"@graph\":[{\"@type\":\"WebPage\",\"@id\":\"https:\\\/\\\/escort-technology.com\\\/serwis-urzadzen-radiokomunikacyjnych\\\/\",\"url\":\"https:\\\/\\\/escort-technology.com\\\/serwis-urzadzen-radiokomunikacyjnych\\\/\",\"name\":\"Serwis Urz\u0105dze\u0144 Radiokomunikacyjnych - ESCORT TECHNOLOGY\",\"isPartOf\":{\"@id\":\"http:\\\/\\\/escort-technology.com\\\/de\\\/#website\"},\"primaryImageOfPage\":{\"@id\":\"https:\\\/\\\/escort-technology.com\\\/serwis-urzadzen-radiokomunikacyjnych\\\/#primaryimage\"},\"image\":{\"@id\":\"https:\\\/\\\/escort-technology.com\\\/serwis-urzadzen-radiokomunikacyjnych\\\/#primaryimage\"},\"thumbnailUrl\":\"https:\\\/\\\/s.w.org\\\/images\\\/core\\\/emoji\\\/17.0.2\\\/svg\\\/260e.svg\",\"datePublished\":\"2026-01-28T08:32:01+00:00\",\"dateModified\":\"2026-01-28T11:51:54+00:00\",\"breadcrumb\":{\"@id\":\"https:\\\/\\\/escort-technology.com\\\/serwis-urzadzen-radiokomunikacyjnych\\\/#breadcrumb\"},\"inLanguage\":\"pl-PL\",\"potentialAction\":[{\"@type\":\"ReadAction\",\"target\":[\"https:\\\/\\\/escort-technology.com\\\/serwis-urzadzen-radiokomunikacyjnych\\\/\"]}]},{\"@type\":\"ImageObject\",\"inLanguage\":\"pl-PL\",\"@id\":\"https:\\\/\\\/escort-technology.com\\\/serwis-urzadzen-radiokomunikacyjnych\\\/#primaryimage\",\"url\":\"https:\\\/\\\/s.w.org\\\/images\\\/core\\\/emoji\\\/17.0.2\\\/svg\\\/260e.svg\",\"contentUrl\":\"https:\\\/\\\/s.w.org\\\/images\\\/core\\\/emoji\\\/17.0.2\\\/svg\\\/260e.svg\"},{\"@type\":\"BreadcrumbList\",\"@id\":\"https:\\\/\\\/escort-technology.com\\\/serwis-urzadzen-radiokomunikacyjnych\\\/#breadcrumb\",\"itemListElement\":[{\"@type\":\"ListItem\",\"position\":1,\"name\":\"Strona g\u0142\u00f3wna\",\"item\":\"https:\\\/\\\/escort-technology.com\\\/\"},{\"@type\":\"ListItem\",\"position\":2,\"name\":\"Serwis Urz\u0105dze\u0144 Radiokomunikacyjnych\"}]},{\"@type\":\"WebSite\",\"@id\":\"http:\\\/\\\/escort-technology.com\\\/de\\\/#website\",\"url\":\"http:\\\/\\\/escort-technology.com\\\/de\\\/\",\"name\":\"ESCORT TECHNOLOGY\",\"description\":\"Elektronika morska i l\u0105dowa\",\"publisher\":{\"@id\":\"http:\\\/\\\/escort-technology.com\\\/de\\\/#organization\"},\"potentialAction\":[{\"@type\":\"SearchAction\",\"target\":{\"@type\":\"EntryPoint\",\"urlTemplate\":\"http:\\\/\\\/escort-technology.com\\\/de\\\/?s={search_term_string}\"},\"query-input\":{\"@type\":\"PropertyValueSpecification\",\"valueRequired\":true,\"valueName\":\"search_term_string\"}}],\"inLanguage\":\"pl-PL\"},{\"@type\":\"Organization\",\"@id\":\"http:\\\/\\\/escort-technology.com\\\/de\\\/#organization\",\"name\":\"ESCORT TECHNOLOGY\",\"url\":\"http:\\\/\\\/escort-technology.com\\\/de\\\/\",\"logo\":{\"@type\":\"ImageObject\",\"inLanguage\":\"pl-PL\",\"@id\":\"http:\\\/\\\/escort-technology.com\\\/de\\\/#\\\/schema\\\/logo\\\/image\\\/\",\"url\":\"https:\\\/\\\/escort-technology.com\\\/wp-content\\\/uploads\\\/logo-1.jpg\",\"contentUrl\":\"https:\\\/\\\/escort-technology.com\\\/wp-content\\\/uploads\\\/logo-1.jpg\",\"width\":600,\"height\":165,\"caption\":\"ESCORT TECHNOLOGY\"},\"image\":{\"@id\":\"http:\\\/\\\/escort-technology.com\\\/de\\\/#\\\/schema\\\/logo\\\/image\\\/\"},\"sameAs\":[\"https:\\\/\\\/www.facebook.com\\\/elektronika.morska\\\/\",\"https:\\\/\\\/www.linkedin.com\\\/company\\\/escort-sp-z-o-o-\\\/\"]}]}<\/script>\n<!-- \/ Yoast SEO plugin. -->","yoast_head_json":{"title":"Serwis Urz\u0105dze\u0144 Radiokomunikacyjnych - ESCORT TECHNOLOGY","robots":{"index":"index","follow":"follow","max-snippet":"max-snippet:-1","max-image-preview":"max-image-preview:large","max-video-preview":"max-video-preview:-1"},"canonical":"https:\/\/escort-technology.com\/pl\/serwis-urzadzen-radiokomunikacyjnych\/","og_locale":"pl_PL","og_type":"article","og_title":"Serwis Urz\u0105dze\u0144 Radiokomunikacyjnych - ESCORT TECHNOLOGY","og_description":"NAPRAWA I SERWIS URZ\u0104DZE\u0143 RADIOKOMUNIKACYJNYCH Kompleksowa obs\u0142uga serwisowa w zakresie naprawy i konserwacji urz\u0105dze\u0144 radiokomunikacyjnych. Dzi\u0119ki wieloletniemu do\u015bwiadczeniu oraz wysoko wykwalifikowanemu zespo\u0142owi technik\u00f3w, gwarantujemy profesjonalne wsparcie techniczne dla firm i instytucji wykorzystuj\u0105cych systemy radiowe w codziennej dzia\u0142alno\u015bci. Zakres us\u0142ug: Diagnostyka usterek i ekspertyza techniczna Naprawa urz\u0105dze\u0144 radiokomunikacyjnych (radiotelefony, stacje bazowe, akcesoria) Przegl\u0105dy okresowe i konserwacja [&hellip;]","og_url":"https:\/\/escort-technology.com\/pl\/serwis-urzadzen-radiokomunikacyjnych\/","og_site_name":"ESCORT TECHNOLOGY","article_publisher":"https:\/\/www.facebook.com\/elektronika.morska\/","article_modified_time":"2026-01-28T11:51:54+00:00","og_image":[{"url":"https:\/\/s.w.org\/images\/core\/emoji\/17.0.2\/svg\/260e.svg","type":"","width":"","height":""}],"twitter_card":"summary_large_image","schema":{"@context":"https:\/\/schema.org","@graph":[{"@type":"WebPage","@id":"https:\/\/escort-technology.com\/serwis-urzadzen-radiokomunikacyjnych\/","url":"https:\/\/escort-technology.com\/serwis-urzadzen-radiokomunikacyjnych\/","name":"Serwis Urz\u0105dze\u0144 Radiokomunikacyjnych - ESCORT TECHNOLOGY","isPartOf":{"@id":"http:\/\/escort-technology.com\/de\/#website"},"primaryImageOfPage":{"@id":"https:\/\/escort-technology.com\/serwis-urzadzen-radiokomunikacyjnych\/#primaryimage"},"image":{"@id":"https:\/\/escort-technology.com\/serwis-urzadzen-radiokomunikacyjnych\/#primaryimage"},"thumbnailUrl":"https:\/\/s.w.org\/images\/core\/emoji\/17.0.2\/svg\/260e.svg","datePublished":"2026-01-28T08:32:01+00:00","dateModified":"2026-01-28T11:51:54+00:00","breadcrumb":{"@id":"https:\/\/escort-technology.com\/serwis-urzadzen-radiokomunikacyjnych\/#breadcrumb"},"inLanguage":"pl-PL","potentialAction":[{"@type":"ReadAction","target":["https:\/\/escort-technology.com\/serwis-urzadzen-radiokomunikacyjnych\/"]}]},{"@type":"ImageObject","inLanguage":"pl-PL","@id":"https:\/\/escort-technology.com\/serwis-urzadzen-radiokomunikacyjnych\/#primaryimage","url":"https:\/\/s.w.org\/images\/core\/emoji\/17.0.2\/svg\/260e.svg","contentUrl":"https:\/\/s.w.org\/images\/core\/emoji\/17.0.2\/svg\/260e.svg"},{"@type":"BreadcrumbList","@id":"https:\/\/escort-technology.com\/serwis-urzadzen-radiokomunikacyjnych\/#breadcrumb","itemListElement":[{"@type":"ListItem","position":1,"name":"Strona g\u0142\u00f3wna","item":"https:\/\/escort-technology.com\/"},{"@type":"ListItem","position":2,"name":"Serwis Urz\u0105dze\u0144 Radiokomunikacyjnych"}]},{"@type":"WebSite","@id":"http:\/\/escort-technology.com\/de\/#website","url":"http:\/\/escort-technology.com\/de\/","name":"ESCORT TECHNOLOGY","description":"Elektronika morska i l\u0105dowa","publisher":{"@id":"http:\/\/escort-technology.com\/de\/#organization"},"potentialAction":[{"@type":"SearchAction","target":{"@type":"EntryPoint","urlTemplate":"http:\/\/escort-technology.com\/de\/?s={search_term_string}"},"query-input":{"@type":"PropertyValueSpecification","valueRequired":true,"valueName":"search_term_string"}}],"inLanguage":"pl-PL"},{"@type":"Organization","@id":"http:\/\/escort-technology.com\/de\/#organization","name":"ESCORT TECHNOLOGY","url":"http:\/\/escort-technology.com\/de\/","logo":{"@type":"ImageObject","inLanguage":"pl-PL","@id":"http:\/\/escort-technology.com\/de\/#\/schema\/logo\/image\/","url":"https:\/\/escort-technology.com\/wp-content\/uploads\/logo-1.jpg","contentUrl":"https:\/\/escort-technology.com\/wp-content\/uploads\/logo-1.jpg","width":600,"height":165,"caption":"ESCORT TECHNOLOGY"},"image":{"@id":"http:\/\/escort-technology.com\/de\/#\/schema\/logo\/image\/"},"sameAs":["https:\/\/www.facebook.com\/elektronika.morska\/","https:\/\/www.linkedin.com\/company\/escort-sp-z-o-o-\/"]}]}},"_links":{"self":[{"href":"https:\/\/escort-technology.com\/pl\/wp-json\/wp\/v2\/pages\/14765","targetHints":{"allow":["GET"]}}],"collection":[{"href":"https:\/\/escort-technology.com\/pl\/wp-json\/wp\/v2\/pages"}],"about":[{"href":"https:\/\/escort-technology.com\/pl\/wp-json\/wp\/v2\/types\/page"}],"author":[{"embeddable":true,"href":"https:\/\/escort-technology.com\/pl\/wp-json\/wp\/v2\/users\/6"}],"replies":[{"embeddable":true,"href":"https:\/\/escort-technology.com\/pl\/wp-json\/wp\/v2\/comments?post=14765"}],"version-history":[{"count":4,"href":"https:\/\/escort-technology.com\/pl\/wp-json\/wp\/v2\/pages\/14765\/revisions"}],"predecessor-version":[{"id":14820,"href":"https:\/\/escort-technology.com\/pl\/wp-json\/wp\/v2\/pages\/14765\/revisions\/14820"}],"wp:attachment":[{"href":"https:\/\/escort-technology.com\/pl\/wp-json\/wp\/v2\/media?parent=14765"}],"curies":[{"name":"wp","href":"https:\/\/api.w.org\/{rel}","templated":true}]}}