{"id":1878,"date":"2018-03-07T13:57:29","date_gmt":"2018-03-07T13:57:29","guid":{"rendered":"http:\/\/escort-technology.com\/?page_id=1878"},"modified":"2018-03-08T08:52:40","modified_gmt":"2018-03-08T08:52:40","slug":"radiotelefon-vhf-icom-ic-m25","status":"publish","type":"page","link":"https:\/\/escort-technology.com\/pl\/radiotelefon-vhf-icom-ic-m25\/","title":{"rendered":"Radiotelefon VHF ICOM IC-M25"},"content":{"rendered":"<p>Radiotelefon VHF ICOM IC-M25<\/p>\n<p>\nW\u0105ski, lekki, wysokiej jako\u015bci<\/p>\n<p>Radiotelefon IC-M25EURO posiada najcie\u0144sz\u0105 (grubo\u015b\u0107:30.5mm) i najl\u017cejsz\u0105 obudow\u0119 (220g) z po\u015br\u00f3d radiotelefon\u00f3w unosz\u0105cych si\u0119 na wodzie.<\/p>\n<p>\u00a0Interfejs<\/p>\n<p>Radiotelefon IC-M25EURO posiada o \u00a030% \u00a0wi\u0119kszy ekran od swojego poprzednika modelu \u00a0IC-M23. Umo\u017cliwiaj\u0105c czytelniejsze przedstawienie numer\u00f3w kana\u0142\u00f3w oraz ikon. Klawisze na przednim panelu zapewniaj\u0105 prost\u0105 obs\u0142ug\u0119. \u00a0<\/p>\n<p>\u0141adowanie przez USB \u00a0(typ Micro-B USB )<\/p>\n<p>Standardowe \u0142\u0105cze USB (typu Micro-B) jest u\u017cywane do \u0142adowania radiotelefonu IC-M25EURO. \u0141adowarka samochodowa lub \u0142adowarka u\u017cywana do \u0142adowania telefon\u00f3w mo\u017ce by\u0107 r\u00f3wnie\u017c u\u017cyta do na\u0142adowania radiotelefonu IC-M25.<\/p>\n<p>Unosi si\u0119 na wodzie i \u015bwieci<br \/>\nRadiotelefon IC-M25EURO \u015bwieci i unosi si\u0119 na wodzie, umo\u017cliwiaj\u0105c w \u0142atwy spos\u00f3b lokalizacje urz\u0105dzenia. \u00a0<\/p>\n<p>11 godzin pracy na jednej baterii<\/p>\n<p>Bateria litowa 1500mAh \u00a0pozwala na 11 godzinn\u0105 prac\u0119.<\/p>\n<p>Opcjonalny mikrofon HM-213<\/p>\n<p>\u00a0Opcjonalny wodoszczelny mikrofon HM-213 zapewnia mo\u017cliwo\u015b\u0107 wykonywania rozm\u00f3w z przypi\u0119tym radiotelefonem. \u00a0\u00a0Radiotelefon unosi si\u0119 na wodzie r\u00f3wnie\u017c z pod\u0142\u0105czonym mikrofonem HM-213.<\/p>\n<p>Moc g\u0142o\u015bnik\u00f3w 550mW<\/p>\n<p>Radiotelefon IC-M25EURO zapewnia moc\u00a0 550mW \u00a0i odbi\u00f3r czystego d\u017awi\u0119ku.<\/p>\n<p>Inne cechy<\/p>\n<p>Wodoszczelno\u015b\u0107 IPX7 (1m g\u0142\u0119boko\u015bci na 30 minut)<br \/>\n4 stopniowy wska\u017anik na\u0142adowania baterii<br \/>\nPodw\u00f3jny\/ potr\u00f3jny nas\u0142uch<br \/>\nNatychmiastowy dost\u0119p do kana\u0142u 16 lub do zaprogramowanego<br \/>\nFunkcja kana\u0142\u00f3w ulubionych<br \/>\nFunkcja auto skanowania<br \/>\nFunkcja AquaQuake&#x2122;<\/p>\n<p>Dostarczone akcesoria<\/p>\n<p>\u0141adowarka USB, BC-217SE<br \/>\nKlips do paska, MB-133<br \/>\nAntena, FA-SC59V<br \/>\nPasek<br \/>\nBateria jest wbudowana\u00a0<\/p>\n<p>BROSZURA<\/p>\n<p><!-- {\"name\":\"\",\"type\":\"layout\",\"children\":[{\"name\":\"radiotelefon\",\"type\":\"section\",\"props\":{\"width\":\"default\",\"padding\":\"xsmall\",\"style\":\"default\",\"text_color\":\"\",\"media\":\"\",\"height_viewport\":false,\"header_overlay\":\"light\",\"animation\":\"slide-top-medium\",\"padding_remove_top\":false,\"image_size\":\"cover\",\"image\":\"\",\"image_position\":\"bottom-center\",\"image_fixed\":false,\"class\":\"\",\"overlap\":true,\"vertical_align\":\"middle\",\"title_position\":\"top-left\",\"title_rotation\":\"left\",\"title_breakpoint\":\"xl\"},\"children\":[{\"name\":\"\",\"type\":\"row\",\"props\":{\"layout\":\"1-1\",\"breakpoint\":\"m\",\"margin\":\"\",\"fixed_width\":\"large\"},\"children\":[{\"name\":\"\",\"type\":\"column\",\"props\":{\"image_position\":\"center-center\",\"widths\":[\"1-1\"]},\"children\":[{\"name\":\"\",\"type\":\"headline\",\"props\":{\"title_element\":\"h2\",\"content\":\"Radiotelefon VHF ICOM IC-M25\",\"text_align\":\"center\",\"text_align_fallback\":\"center\",\"maxwidth_align\":\"center\",\"maxwidth\":\"\",\"title_style\":\"h2\",\"title_decoration\":\"\",\"margin\":\"\"}},{\"name\":\"\",\"type\":\"divider\",\"props\":{\"divider_element\":\"hr\"}}]}]},{\"name\":\"\",\"type\":\"row\",\"props\":{\"fixed_width\":\"large\",\"breakpoint\":\"m\",\"layout\":\",2-3\",\"margin\":\"medium\"},\"children\":[{\"name\":\"\",\"type\":\"column\",\"props\":{\"widths\":[\"\"],\"image_position\":\"center-center\"},\"children\":[{\"name\":\"\",\"type\":\"image\",\"props\":{\"margin\":\"default\",\"image\":\"wp-content\\\/uploads\\\/M25.jpg\",\"image_width\":\"300\",\"image_box_shadow\":\"\",\"image_border\":\"rounded\"}},{\"name\":\"\",\"type\":\"image\",\"props\":{\"margin\":\"medium\",\"image\":\"wp-content\\\/uploads\\\/IC-M25_-1.jpg\",\"image_width\":\"300\"}},{\"name\":\"\",\"type\":\"image\",\"props\":{\"margin\":\"medium\",\"image\":\"wp-content\\\/uploads\\\/IC-M25-02.jpg\",\"image_width\":\"300\"}}]},{\"name\":\"\",\"type\":\"column\",\"props\":{\"widths\":[\"2-3\"],\"image_position\":\"center-center\"},\"children\":[{\"name\":\"\",\"type\":\"text\",\"props\":{\"column_breakpoint\":\"m\",\"margin\":\"medium\",\"content\":\"\n\n<div>\\n\n\n<p><strong>W\\u0105ski, lekki, wysokiej jako\\u015bci<\\\/strong><\\\/p>\\n<\\\/div>\\n\n\n<p>Radiotelefon IC-M25EURO posiada najcie\\u0144sz\\u0105 (grubo\\u015b\\u0107:30.5mm) i najl\\u017cejsz\\u0105 obudow\\u0119 (220g) z po\\u015br\\u00f3d radiotelefon\\u00f3w unosz\\u0105cych si\\u0119 na wodzie.<\\\/p>\\n\n\n<div>\\n\n\n<p><strong>\\u00a0Interfejs<\\\/strong><\\\/p>\\n<\\\/div>\\n\n\n<p>Radiotelefon IC-M25EURO posiada o \\u00a030% \\u00a0wi\\u0119kszy ekran od swojego poprzednika modelu \\u00a0IC-M23. Umo\\u017cliwiaj\\u0105c czytelniejsze przedstawienie numer\\u00f3w kana\\u0142\\u00f3w oraz ikon. Klawisze na przednim panelu zapewniaj\\u0105 prost\\u0105 obs\\u0142ug\\u0119. \\u00a0<\\\/p>\\n\n\n<div>\\n\n\n<p><strong>\\u0141adowanie przez USB \\u00a0(typ Micro-B USB )<\\\/strong><\\\/p>\\n<\\\/div>\\n\n\n<p>Standardowe \\u0142\\u0105cze USB (typu Micro-B) jest u\\u017cywane do \\u0142adowania radiotelefonu IC-M25EURO. \\u0141adowarka samochodowa lub \\u0142adowarka u\\u017cywana do \\u0142adowania telefon\\u00f3w mo\\u017ce by\\u0107 r\\u00f3wnie\\u017c u\\u017cyta do na\\u0142adowania radiotelefonu IC-M25.<\\\/p>\\n\n\n<div>\\n\n\n<p><strong>Unosi si\\u0119 na wodzie i \\u015bwieci<\\\/strong><\\\/p>\\n\n\n<p>Radiotelefon IC-M25EURO \\u015bwieci i unosi si\\u0119 na wodzie, umo\\u017cliwiaj\\u0105c w \\u0142atwy spos\\u00f3b lokalizacje urz\\u0105dzenia. \\u00a0<\\\/p>\\n\n\n<div>\\n\n\n<p><strong>11 godzin pracy na jednej baterii<\\\/strong><\\\/p>\\n<\\\/div>\\n\n\n<p>Bateria litowa 1500mAh \\u00a0pozwala na 11 godzinn\\u0105 prac\\u0119.<\\\/p>\\n\n\n<div>\\n\n\n<p><strong>Opcjonalny mikrofon HM-213<\\\/strong><\\\/p>\\n<\\\/div>\\n\n\n<p>\\u00a0Opcjonalny wodoszczelny mikrofon HM-213 zapewnia mo\\u017cliwo\\u015b\\u0107 wykonywania rozm\\u00f3w z przypi\\u0119tym radiotelefonem. \\u00a0\\u00a0Radiotelefon unosi si\\u0119 na wodzie r\\u00f3wnie\\u017c z pod\\u0142\\u0105czonym mikrofonem HM-213.<\\\/p>\\n\n\n<div>\\n\n\n<p><strong>Moc g\\u0142o\\u015bnik\\u00f3w 550mW<\\\/strong><\\\/p>\\n<\\\/div>\\n\n\n<p>Radiotelefon IC-M25EURO zapewnia moc\\u00a0 550mW \\u00a0i odbi\\u00f3r czystego d\\u017awi\\u0119ku.<\\\/p>\\n\n\n<div>\\n\n\n<p><strong>Inne cechy<\\\/strong><\\\/p>\\n<\\\/div>\\n\n\n<ul>\\n\n\n<li>Wodoszczelno\\u015b\\u0107 IPX7 (1m g\\u0142\\u0119boko\\u015bci na 30 minut)<\\\/li>\\n\n\n<li>4 stopniowy wska\\u017anik na\\u0142adowania baterii<\\\/li>\\n\n\n<li>Podw\\u00f3jny\\\/ potr\\u00f3jny nas\\u0142uch<\\\/li>\\n\n\n<li>Natychmiastowy dost\\u0119p do kana\\u0142u 16 lub do zaprogramowanego<\\\/li>\\n\n\n<li>Funkcja kana\\u0142\\u00f3w ulubionych<\\\/li>\\n\n\n<li>Funkcja auto skanowania<\\\/li>\\n\n\n<li>Funkcja AquaQuake\\u2122<\\\/li>\\n<\\\/ul>\\n\n\n<div>\\n\n\n<p><strong>Dostarczone akcesoria<\\\/strong><\\\/p>\\n\n\n<ul>\\n\n\n<li>\\u0141adowarka USB, BC-217SE<\\\/li>\\n\n\n<li>Klips do paska, MB-133<\\\/li>\\n\n\n<li>Antena, FA-SC59V<\\\/li>\\n\n\n<li>Pasek<\\\/li>\\n\n\n<li>Bateria jest wbudowana\\u00a0<\\\/li>\\n<\\\/ul>\\n<\\\/div>\\n<\\\/div>\",\"animation\":\"slide-left-medium\",\"text_align\":\"justify\",\"text_align_breakpoint\":\"m\",\"text_align_fallback\":\"center\",\"text_size\":\"\",\"maxwidth\":\"xxlarge\"}}]}]},{\"name\":\"\",\"type\":\"row\",\"props\":{\"fixed_width\":\"large\",\"breakpoint\":\"m\",\"layout\":\"1-1\",\"margin\":\"large\"},\"children\":[{\"name\":\"\",\"type\":\"column\",\"props\":{\"image_position\":\"center-center\",\"widths\":[\"1-1\"]},\"children\":[{\"name\":\"\",\"type\":\"button\",\"props\":{\"gutter\":\"small\",\"inline_align\":\"center\",\"margin\":\"\",\"text_align\":\"center\",\"button_size\":\"large\",\"animation\":\"slide-bottom-medium\"},\"children\":[{\"name\":\"\",\"type\":\"button_item\",\"props\":{\"button_style\":\"secondary\",\"content\":\"BROSZURA\",\"link\":\"wp-content\\\/uploads\\\/Radiotelefon_IC-M25POL-min.pdf\",\"link_title\":\"Explore More\",\"icon_align\":\"left\",\"link_target\":\"blank\"}}]}]}]}]}]} --><\/p>\n","protected":false},"excerpt":{"rendered":"<p>Radiotelefon VHF ICOM IC-M25 W\u0105ski, lekki, wysokiej jako\u015bci Radiotelefon IC-M25EURO posiada najcie\u0144sz\u0105 (grubo\u015b\u0107:30.5mm) i najl\u017cejsz\u0105 obudow\u0119 (220g) z po\u015br\u00f3d radiotelefon\u00f3w unosz\u0105cych si\u0119 na wodzie. \u00a0Interfejs Radiotelefon IC-M25EURO posiada o \u00a030% \u00a0wi\u0119kszy ekran od swojego poprzednika modelu \u00a0IC-M23. Umo\u017cliwiaj\u0105c czytelniejsze przedstawienie numer\u00f3w kana\u0142\u00f3w oraz ikon. Klawisze na przednim panelu zapewniaj\u0105 prost\u0105 obs\u0142ug\u0119. \u00a0 \u0141adowanie przez USB [&hellip;]<\/p>\n","protected":false},"author":6,"featured_media":0,"parent":0,"menu_order":0,"comment_status":"closed","ping_status":"closed","template":"","meta":{"footnotes":""},"class_list":["post-1878","page","type-page","status-publish","hentry"],"yoast_head":"<!-- This site is optimized with the Yoast SEO plugin v27.4 - https:\/\/yoast.com\/product\/yoast-seo-wordpress\/ -->\n<title>Radiotelefon VHF ICOM IC-M25 - ESCORT TECHNOLOGY<\/title>\n<meta name=\"robots\" content=\"index, follow, max-snippet:-1, max-image-preview:large, max-video-preview:-1\" \/>\n<link rel=\"canonical\" href=\"http:\/\/escort-technology.com\/pl\/radiotelefon-vhf-icom-ic-m25\/\" \/>\n<meta property=\"og:locale\" content=\"pl_PL\" \/>\n<meta property=\"og:type\" content=\"article\" \/>\n<meta property=\"og:title\" content=\"Radiotelefon VHF ICOM IC-M25 - ESCORT TECHNOLOGY\" \/>\n<meta property=\"og:description\" content=\"Radiotelefon VHF ICOM IC-M25 W\u0105ski, lekki, wysokiej jako\u015bci Radiotelefon IC-M25EURO posiada najcie\u0144sz\u0105 (grubo\u015b\u0107:30.5mm) i najl\u017cejsz\u0105 obudow\u0119 (220g) z po\u015br\u00f3d radiotelefon\u00f3w unosz\u0105cych si\u0119 na wodzie. \u00a0Interfejs Radiotelefon IC-M25EURO posiada o \u00a030% \u00a0wi\u0119kszy ekran od swojego poprzednika modelu \u00a0IC-M23. Umo\u017cliwiaj\u0105c czytelniejsze przedstawienie numer\u00f3w kana\u0142\u00f3w oraz ikon. Klawisze na przednim panelu zapewniaj\u0105 prost\u0105 obs\u0142ug\u0119. \u00a0 \u0141adowanie przez USB [&hellip;]\" \/>\n<meta property=\"og:url\" content=\"http:\/\/escort-technology.com\/pl\/radiotelefon-vhf-icom-ic-m25\/\" \/>\n<meta property=\"og:site_name\" content=\"ESCORT TECHNOLOGY\" \/>\n<meta property=\"article:publisher\" content=\"https:\/\/www.facebook.com\/elektronika.morska\/\" \/>\n<meta property=\"article:modified_time\" content=\"2018-03-08T08:52:40+00:00\" \/>\n<meta name=\"twitter:card\" content=\"summary_large_image\" \/>\n<meta name=\"twitter:label1\" content=\"Szacowany czas czytania\" \/>\n\t<meta name=\"twitter:data1\" content=\"1 minuta\" \/>\n<script type=\"application\/ld+json\" class=\"yoast-schema-graph\">{\"@context\":\"https:\\\/\\\/schema.org\",\"@graph\":[{\"@type\":\"WebPage\",\"@id\":\"http:\\\/\\\/escort-technology.com\\\/en\\\/radiotelefon-vhf-icom-ic-m25\\\/\",\"url\":\"http:\\\/\\\/escort-technology.com\\\/en\\\/radiotelefon-vhf-icom-ic-m25\\\/\",\"name\":\"Radiotelefon VHF ICOM IC-M25 - ESCORT TECHNOLOGY\",\"isPartOf\":{\"@id\":\"http:\\\/\\\/escort-technology.com\\\/de\\\/#website\"},\"datePublished\":\"2018-03-07T13:57:29+00:00\",\"dateModified\":\"2018-03-08T08:52:40+00:00\",\"breadcrumb\":{\"@id\":\"http:\\\/\\\/escort-technology.com\\\/en\\\/radiotelefon-vhf-icom-ic-m25\\\/#breadcrumb\"},\"inLanguage\":\"pl-PL\",\"potentialAction\":[{\"@type\":\"ReadAction\",\"target\":[\"http:\\\/\\\/escort-technology.com\\\/en\\\/radiotelefon-vhf-icom-ic-m25\\\/\"]}]},{\"@type\":\"BreadcrumbList\",\"@id\":\"http:\\\/\\\/escort-technology.com\\\/en\\\/radiotelefon-vhf-icom-ic-m25\\\/#breadcrumb\",\"itemListElement\":[{\"@type\":\"ListItem\",\"position\":1,\"name\":\"Strona g\u0142\u00f3wna\",\"item\":\"https:\\\/\\\/escort-technology.com\\\/\"},{\"@type\":\"ListItem\",\"position\":2,\"name\":\"Radiotelefon VHF ICOM IC-M25\"}]},{\"@type\":\"WebSite\",\"@id\":\"http:\\\/\\\/escort-technology.com\\\/de\\\/#website\",\"url\":\"http:\\\/\\\/escort-technology.com\\\/de\\\/\",\"name\":\"ESCORT TECHNOLOGY\",\"description\":\"Elektronika morska i l\u0105dowa\",\"publisher\":{\"@id\":\"http:\\\/\\\/escort-technology.com\\\/de\\\/#organization\"},\"potentialAction\":[{\"@type\":\"SearchAction\",\"target\":{\"@type\":\"EntryPoint\",\"urlTemplate\":\"http:\\\/\\\/escort-technology.com\\\/de\\\/?s={search_term_string}\"},\"query-input\":{\"@type\":\"PropertyValueSpecification\",\"valueRequired\":true,\"valueName\":\"search_term_string\"}}],\"inLanguage\":\"pl-PL\"},{\"@type\":\"Organization\",\"@id\":\"http:\\\/\\\/escort-technology.com\\\/de\\\/#organization\",\"name\":\"ESCORT TECHNOLOGY\",\"url\":\"http:\\\/\\\/escort-technology.com\\\/de\\\/\",\"logo\":{\"@type\":\"ImageObject\",\"inLanguage\":\"pl-PL\",\"@id\":\"http:\\\/\\\/escort-technology.com\\\/de\\\/#\\\/schema\\\/logo\\\/image\\\/\",\"url\":\"https:\\\/\\\/escort-technology.com\\\/wp-content\\\/uploads\\\/logo-1.jpg\",\"contentUrl\":\"https:\\\/\\\/escort-technology.com\\\/wp-content\\\/uploads\\\/logo-1.jpg\",\"width\":600,\"height\":165,\"caption\":\"ESCORT TECHNOLOGY\"},\"image\":{\"@id\":\"http:\\\/\\\/escort-technology.com\\\/de\\\/#\\\/schema\\\/logo\\\/image\\\/\"},\"sameAs\":[\"https:\\\/\\\/www.facebook.com\\\/elektronika.morska\\\/\",\"https:\\\/\\\/www.linkedin.com\\\/company\\\/escort-sp-z-o-o-\\\/\"]}]}<\/script>\n<!-- \/ Yoast SEO plugin. -->","yoast_head_json":{"title":"Radiotelefon VHF ICOM IC-M25 - ESCORT TECHNOLOGY","robots":{"index":"index","follow":"follow","max-snippet":"max-snippet:-1","max-image-preview":"max-image-preview:large","max-video-preview":"max-video-preview:-1"},"canonical":"http:\/\/escort-technology.com\/pl\/radiotelefon-vhf-icom-ic-m25\/","og_locale":"pl_PL","og_type":"article","og_title":"Radiotelefon VHF ICOM IC-M25 - ESCORT TECHNOLOGY","og_description":"Radiotelefon VHF ICOM IC-M25 W\u0105ski, lekki, wysokiej jako\u015bci Radiotelefon IC-M25EURO posiada najcie\u0144sz\u0105 (grubo\u015b\u0107:30.5mm) i najl\u017cejsz\u0105 obudow\u0119 (220g) z po\u015br\u00f3d radiotelefon\u00f3w unosz\u0105cych si\u0119 na wodzie. \u00a0Interfejs Radiotelefon IC-M25EURO posiada o \u00a030% \u00a0wi\u0119kszy ekran od swojego poprzednika modelu \u00a0IC-M23. Umo\u017cliwiaj\u0105c czytelniejsze przedstawienie numer\u00f3w kana\u0142\u00f3w oraz ikon. Klawisze na przednim panelu zapewniaj\u0105 prost\u0105 obs\u0142ug\u0119. \u00a0 \u0141adowanie przez USB [&hellip;]","og_url":"http:\/\/escort-technology.com\/pl\/radiotelefon-vhf-icom-ic-m25\/","og_site_name":"ESCORT TECHNOLOGY","article_publisher":"https:\/\/www.facebook.com\/elektronika.morska\/","article_modified_time":"2018-03-08T08:52:40+00:00","twitter_card":"summary_large_image","twitter_misc":{"Szacowany czas czytania":"1 minuta"},"schema":{"@context":"https:\/\/schema.org","@graph":[{"@type":"WebPage","@id":"http:\/\/escort-technology.com\/en\/radiotelefon-vhf-icom-ic-m25\/","url":"http:\/\/escort-technology.com\/en\/radiotelefon-vhf-icom-ic-m25\/","name":"Radiotelefon VHF ICOM IC-M25 - ESCORT TECHNOLOGY","isPartOf":{"@id":"http:\/\/escort-technology.com\/de\/#website"},"datePublished":"2018-03-07T13:57:29+00:00","dateModified":"2018-03-08T08:52:40+00:00","breadcrumb":{"@id":"http:\/\/escort-technology.com\/en\/radiotelefon-vhf-icom-ic-m25\/#breadcrumb"},"inLanguage":"pl-PL","potentialAction":[{"@type":"ReadAction","target":["http:\/\/escort-technology.com\/en\/radiotelefon-vhf-icom-ic-m25\/"]}]},{"@type":"BreadcrumbList","@id":"http:\/\/escort-technology.com\/en\/radiotelefon-vhf-icom-ic-m25\/#breadcrumb","itemListElement":[{"@type":"ListItem","position":1,"name":"Strona g\u0142\u00f3wna","item":"https:\/\/escort-technology.com\/"},{"@type":"ListItem","position":2,"name":"Radiotelefon VHF ICOM IC-M25"}]},{"@type":"WebSite","@id":"http:\/\/escort-technology.com\/de\/#website","url":"http:\/\/escort-technology.com\/de\/","name":"ESCORT TECHNOLOGY","description":"Elektronika morska i l\u0105dowa","publisher":{"@id":"http:\/\/escort-technology.com\/de\/#organization"},"potentialAction":[{"@type":"SearchAction","target":{"@type":"EntryPoint","urlTemplate":"http:\/\/escort-technology.com\/de\/?s={search_term_string}"},"query-input":{"@type":"PropertyValueSpecification","valueRequired":true,"valueName":"search_term_string"}}],"inLanguage":"pl-PL"},{"@type":"Organization","@id":"http:\/\/escort-technology.com\/de\/#organization","name":"ESCORT TECHNOLOGY","url":"http:\/\/escort-technology.com\/de\/","logo":{"@type":"ImageObject","inLanguage":"pl-PL","@id":"http:\/\/escort-technology.com\/de\/#\/schema\/logo\/image\/","url":"https:\/\/escort-technology.com\/wp-content\/uploads\/logo-1.jpg","contentUrl":"https:\/\/escort-technology.com\/wp-content\/uploads\/logo-1.jpg","width":600,"height":165,"caption":"ESCORT TECHNOLOGY"},"image":{"@id":"http:\/\/escort-technology.com\/de\/#\/schema\/logo\/image\/"},"sameAs":["https:\/\/www.facebook.com\/elektronika.morska\/","https:\/\/www.linkedin.com\/company\/escort-sp-z-o-o-\/"]}]}},"_links":{"self":[{"href":"https:\/\/escort-technology.com\/pl\/wp-json\/wp\/v2\/pages\/1878","targetHints":{"allow":["GET"]}}],"collection":[{"href":"https:\/\/escort-technology.com\/pl\/wp-json\/wp\/v2\/pages"}],"about":[{"href":"https:\/\/escort-technology.com\/pl\/wp-json\/wp\/v2\/types\/page"}],"author":[{"embeddable":true,"href":"https:\/\/escort-technology.com\/pl\/wp-json\/wp\/v2\/users\/6"}],"replies":[{"embeddable":true,"href":"https:\/\/escort-technology.com\/pl\/wp-json\/wp\/v2\/comments?post=1878"}],"version-history":[{"count":5,"href":"https:\/\/escort-technology.com\/pl\/wp-json\/wp\/v2\/pages\/1878\/revisions"}],"predecessor-version":[{"id":1957,"href":"https:\/\/escort-technology.com\/pl\/wp-json\/wp\/v2\/pages\/1878\/revisions\/1957"}],"wp:attachment":[{"href":"https:\/\/escort-technology.com\/pl\/wp-json\/wp\/v2\/media?parent=1878"}],"curies":[{"name":"wp","href":"https:\/\/api.w.org\/{rel}","templated":true}]}}