{"id":193,"date":"2017-12-20T22:11:19","date_gmt":"2017-12-20T22:11:19","guid":{"rendered":"http:\/\/escort-technology.com\/?page_id=193"},"modified":"2024-12-09T13:03:22","modified_gmt":"2024-12-09T12:03:22","slug":"szkolenia","status":"publish","type":"page","link":"https:\/\/escort-technology.com\/pl\/szkolenia\/","title":{"rendered":"Szkolenia"},"content":{"rendered":"<h1>\n<h1 style=\"text-align: center;\">SZKOLENIA<\/h1>\n<\/h1>\n<div>\n<p><strong>Szkolenia i wsparcie techniczne w zakresie system\u00f3w hydrograficznych<\/strong><\/p>\n<p>Jako firma specjalizuj\u0105ca si\u0119 w projektowaniu i instalacji zintegrowanych system\u00f3w hydrograficznych, oferujemy kompleksowe <strong>szkolenia z zakresu uruchamiania i u\u017cytkowania urz\u0105dze\u0144 pomiarowych<\/strong>. Nasze programy szkoleniowe s\u0105 dostosowane do indywidualnych potrzeb u\u017cytkownik\u00f3w, \u0142\u0105cz\u0105c teori\u0119 z praktyk\u0105, aby zapewni\u0107 pe\u0142n\u0105 wiedz\u0119 na temat obs\u0142ugi i wykorzystania nowoczesnych technologii hydrograficznych.<\/p>\n<p><strong>Co oferujmy?<\/strong><\/p>\n<ul>\n<li><strong>Szkolenia teoretyczne i praktyczne<\/strong> \u2013 dostosowane do specyficznych wymaga\u0144 u\u017cytkownik\u00f3w, obejmuj\u0105ce wszystkie aspekty dzia\u0142ania system\u00f3w hydrograficznych<\/li>\n<li><strong>Wsparcie techniczne<\/strong> \u2013 nasi klienci otrzymuj\u0105 pe\u0142ne wsparcie przez ca\u0142y okres u\u017cytkowania sprz\u0119tu<\/li>\n<\/ul>\n<p><strong>Zakres szkole\u0144:<\/strong><\/p>\n<ul>\n<li><strong>Echosondy jednowi\u0105zkowe i wielowi\u0105zkowe<\/strong> \u2013 nauka obs\u0142ugi oraz wykorzystania echosond w r\u00f3\u017cnych warunkach<\/li>\n<li><strong>Sonary skanuj\u0105ce i holowane<\/strong> \u2013 szkolenia obejmuj\u0105ce prawid\u0142ow\u0105 konfiguracj\u0119 oraz zastosowanie sonar\u00f3w do skanowania dna<\/li>\n<li><strong>Systemy pozycjonowania podwodnego (USBL, LBL)<\/strong> \u2013 kursy z zakresu wykorzystania system\u00f3w pozycjonowania podwodnego<\/li>\n<li><strong>Kamery akustyczne (sonary wielowi\u0105zkowe)<\/strong> \u2013 nauka obs\u0142ugi kamery akustycznej<\/li>\n<li><strong>Oprogramowanie hydrograficzne (QINSy, QIMERA, Fledermaus)<\/strong> \u2013 szkolenia w zakresie obs\u0142ugi specjalistycznego oprogramowania hydrograficznego<\/li>\n<li><strong>Zintegrowane dedykowane systemy informatyczne<\/strong> \u2013 kursy z zakresu obs\u0142ugi system\u00f3w dedykowanych do analizy i zarz\u0105dzania danymi hydrograficznymi<\/li>\n<\/ul>\n<p><strong>Dlaczego warto wybra\u0107 nasze szkolenia?<\/strong><\/p>\n<ul>\n<li><strong>Profesjonalne wsparcie<\/strong>: Wszyscy nasi specjali\u015bci posiadaj\u0105 wiedz\u0119 i do\u015bwiadczenie potwierdzone certyfikatami producent\u00f3w sprz\u0119tu, kt\u00f3rego jeste\u015bmy przedstawicielem<\/li>\n<li><strong>Kompleksowa oferta<\/strong>: Oferujemy szeroki zakres szkole\u0144, kt\u00f3ry pozwala naszym klientom zdoby\u0107 umiej\u0119tno\u015bci nie tylko w obs\u0142udze urz\u0105dze\u0144, ale tak\u017ce w efektywnym wykorzystywaniu system\u00f3w hydrograficznych w codziennej pracy<\/li>\n<li><strong>D\u0142ugoterminowe wsparcie<\/strong>: Po zako\u0144czeniu szkole\u0144 nasi klienci maj\u0105 dost\u0119p do pe\u0142nego wsparcia technicznego, co daje im pewno\u015b\u0107, \u017ce mog\u0105 w pe\u0142ni wykorzysta\u0107 zakupiony sprz\u0119t.<\/li>\n<\/ul>\n<p><strong>Zainwestuj w profesjonalne szkolenie i wsparcie, kt\u00f3re umo\u017cliwi\u0105 Ci skuteczne wykorzystanie system\u00f3w hydrograficznych w pracy.<\/strong> Skontaktuj si\u0119 z nami, aby dowiedzie\u0107 si\u0119 wi\u0119cej o dost\u0119pnych programach szkoleniowych oraz wsparciu technicznym.<\/p>\n<\/div>\n<ul>\n<li>\n<p>        <img decoding=\"async\" src=\"\/wp-content\/uploads\/Szkolenie_RZGW_Wroc%C5%82aw.jpg\" alt=\"\"><\/p>\n<\/li>\n<li>\n<p>        <img decoding=\"async\" src=\"\/wp-content\/uploads\/PULSAR2.jpg\" alt=\"\"><\/p>\n<\/li>\n<li>\n<p>        <img decoding=\"async\" src=\"\/wp-content\/uploads\/Szkolenie_MS1000.jpg\" alt=\"\"><\/p>\n<\/li>\n<li>\n<p>        <img decoding=\"async\" src=\"\/wp-content\/uploads\/PULSAR.jpg\" alt=\"\"><\/p>\n<\/li>\n<li>\n<p>        <img decoding=\"async\" src=\"\/wp-content\/uploads\/szkolenie_MS1000.png\" alt=\"\"><\/p>\n<\/li>\n<li>\n<p>        <img decoding=\"async\" src=\"\/wp-content\/uploads\/Szkolenie_ROV.jpg\" alt=\"\"><\/p>\n<\/li>\n<li>\n<p>        <img decoding=\"async\" src=\"\/wp-content\/uploads\/MS1000.jpg\" alt=\"\"><\/p>\n<\/li>\n<\/ul>\n<p><a href=\"https:\/\/escort-technology.com\/szkolenia-i-wsparcie-techniczne-z-obslugi-programow-qinsy-i-qimera\/\"><img decoding=\"async\" src=\"\/wp-content\/uploads\/2024\/02\/Ciemny-Niebieski-Kremowy-Schludny-Korporacyjny-Naglowek-wiadomosci-e-mail-%E2%80%93-wydarzenie.png\" alt=\"\"><\/a><\/p>\n<p><!--more--><br \/>\n<!-- {\"type\":\"layout\",\"children\":[{\"name\":\"2\",\"type\":\"section\",\"props\":{\"animation\":\"slide-top-medium\",\"header_overlay\":\"light\",\"height_viewport\":false,\"image\":\"wp-content\\\/uploads\\\/2024\\\/12\\\/silas-baisch-K785Da4A_JA-unsplash.jpg\",\"image_fixed\":false,\"image_position\":\"top-center\",\"image_size\":\"width-1-1\",\"overlap\":true,\"padding\":\"small\",\"padding_remove_top\":false,\"style\":\"primary\",\"title_breakpoint\":\"xl\",\"title_position\":\"top-left\",\"title_rotation\":\"left\",\"vertical_align\":\"middle\",\"width\":\"xlarge\"},\"children\":[{\"type\":\"row\",\"children\":[{\"type\":\"column\",\"props\":{\"image_position\":\"center-center\",\"position_sticky_breakpoint\":\"m\",\"width_medium\":\"1-1\"},\"children\":[{\"type\":\"headline\",\"props\":{\"animation\":\"slide-left-medium\",\"content\":\"\n\n<h1 style=\\\"text-align: center;\\\">SZKOLENIA<\\\/h1>\",\"margin\":\"remove-vertical\",\"margin_remove_bottom\":true,\"text_align\":\"left\",\"text_align_breakpoint\":\"m\",\"text_align_fallback\":\"center\",\"title_element\":\"h1\",\"title_style\":\"h1\"}}]}]}]},{\"type\":\"section\",\"props\":{\"image_position\":\"center-center\",\"style\":\"default\",\"title_breakpoint\":\"xl\",\"title_position\":\"top-left\",\"title_rotation\":\"left\",\"vertical_align\":\"middle\",\"width\":\"default\"},\"children\":[{\"type\":\"row\",\"props\":{\"layout\":\"1-2,1-2\"},\"children\":[{\"type\":\"column\",\"props\":{\"image_position\":\"center-center\",\"position_sticky_breakpoint\":\"m\",\"width_medium\":\"1-2\"},\"children\":[{\"type\":\"text\",\"props\":{\"column_breakpoint\":\"m\",\"content\":\"\n\n<p><strong>Szkolenia i wsparcie techniczne w zakresie system\\u00f3w hydrograficznych<\\\/strong><\\\/p>\\n\n\n<p>Jako firma specjalizuj\\u0105ca si\\u0119 w projektowaniu i instalacji zintegrowanych system\\u00f3w hydrograficznych, oferujemy kompleksowe <strong>szkolenia z zakresu uruchamiania i u\\u017cytkowania urz\\u0105dze\\u0144 pomiarowych<\\\/strong>. Nasze programy szkoleniowe s\\u0105 dostosowane do indywidualnych potrzeb u\\u017cytkownik\\u00f3w, \\u0142\\u0105cz\\u0105c teori\\u0119 z praktyk\\u0105, aby zapewni\\u0107 pe\\u0142n\\u0105 wiedz\\u0119 na temat obs\\u0142ugi i wykorzystania nowoczesnych technologii hydrograficznych.<\\\/p>\\n\n\n<p><strong>Co oferujmy?<\\\/strong><\\\/p>\\n\n\n<ul>\\n\n\n<li><strong>Szkolenia teoretyczne i praktyczne<\\\/strong> \\u2013 dostosowane do specyficznych wymaga\\u0144 u\\u017cytkownik\\u00f3w, obejmuj\\u0105ce wszystkie aspekty dzia\\u0142ania system\\u00f3w hydrograficznych<\\\/li>\\n\n\n<li><strong>Wsparcie techniczne<\\\/strong> \\u2013 nasi klienci otrzymuj\\u0105 pe\\u0142ne wsparcie przez ca\\u0142y okres u\\u017cytkowania sprz\\u0119tu<\\\/li>\\n<\\\/ul>\\n\n\n<p><strong>Zakres szkole\\u0144:<\\\/strong><\\\/p>\\n\n\n<ul>\\n\n\n<li><strong>Echosondy jednowi\\u0105zkowe i wielowi\\u0105zkowe<\\\/strong> \\u2013 nauka obs\\u0142ugi oraz wykorzystania echosond w r\\u00f3\\u017cnych warunkach<\\\/li>\\n\n\n<li><strong>Sonary skanuj\\u0105ce i holowane<\\\/strong> \\u2013 szkolenia obejmuj\\u0105ce prawid\\u0142ow\\u0105 konfiguracj\\u0119 oraz zastosowanie sonar\\u00f3w do skanowania dna<\\\/li>\\n\n\n<li><strong>Systemy pozycjonowania podwodnego (USBL, LBL)<\\\/strong> \\u2013 kursy z zakresu wykorzystania system\\u00f3w pozycjonowania podwodnego<\\\/li>\\n\n\n<li><strong>Kamery akustyczne (sonary wielowi\\u0105zkowe)<\\\/strong> \\u2013 nauka obs\\u0142ugi kamery akustycznej<\\\/li>\\n\n\n<li><strong>Oprogramowanie hydrograficzne (QINSy, QIMERA, Fledermaus)<\\\/strong> \\u2013 szkolenia w zakresie obs\\u0142ugi specjalistycznego oprogramowania hydrograficznego<\\\/li>\\n\n\n<li><strong>Zintegrowane dedykowane systemy informatyczne<\\\/strong> \\u2013 kursy z zakresu obs\\u0142ugi system\\u00f3w dedykowanych do analizy i zarz\\u0105dzania danymi hydrograficznymi<\\\/li>\\n<\\\/ul>\\n\n\n<p><strong>Dlaczego warto wybra\\u0107 nasze szkolenia?<\\\/strong><\\\/p>\\n\n\n<ul>\\n\n\n<li><strong>Profesjonalne wsparcie<\\\/strong>: Wszyscy nasi specjali\\u015bci posiadaj\\u0105 wiedz\\u0119 i do\\u015bwiadczenie potwierdzone certyfikatami producent\\u00f3w sprz\\u0119tu, kt\\u00f3rego jeste\\u015bmy przedstawicielem<\\\/li>\\n\n\n<li><strong>Kompleksowa oferta<\\\/strong>: Oferujemy szeroki zakres szkole\\u0144, kt\\u00f3ry pozwala naszym klientom zdoby\\u0107 umiej\\u0119tno\\u015bci nie tylko w obs\\u0142udze urz\\u0105dze\\u0144, ale tak\\u017ce w efektywnym wykorzystywaniu system\\u00f3w hydrograficznych w codziennej pracy<\\\/li>\\n\n\n<li><strong>D\\u0142ugoterminowe wsparcie<\\\/strong>: Po zako\\u0144czeniu szkole\\u0144 nasi klienci maj\\u0105 dost\\u0119p do pe\\u0142nego wsparcia technicznego, co daje im pewno\\u015b\\u0107, \\u017ce mog\\u0105 w pe\\u0142ni wykorzysta\\u0107 zakupiony sprz\\u0119t.<\\\/li>\\n<\\\/ul>\\n\n\n<p><strong>Zainwestuj w profesjonalne szkolenie i wsparcie, kt\\u00f3re umo\\u017cliwi\\u0105 Ci skuteczne wykorzystanie system\\u00f3w hydrograficznych w pracy.<\\\/strong> Skontaktuj si\\u0119 z nami, aby dowiedzie\\u0107 si\\u0119 wi\\u0119cej o dost\\u0119pnych programach szkoleniowych oraz wsparciu technicznym.<\\\/p>\",\"margin\":\"remove-vertical\",\"margin_remove_bottom\":true,\"margin_remove_top\":true,\"maxwidth\":\"xlarge\",\"text_align\":\"justify\"}}]},{\"type\":\"column\",\"props\":{\"image_position\":\"center-center\",\"position_sticky_breakpoint\":\"m\",\"width_medium\":\"1-2\"},\"children\":[{\"type\":\"slideshow\",\"props\":{\"link_style\":\"default\",\"link_text\":\"Read more\",\"margin\":\"default\",\"meta_align\":\"below-title\",\"meta_element\":\"div\",\"meta_style\":\"text-meta\",\"nav\":\"dotnav\",\"nav_align\":\"center\",\"nav_below\":true,\"nav_breakpoint\":\"s\",\"nav_position\":\"bottom-center\",\"nav_position_margin\":\"medium\",\"overlay_animation\":\"parallax\",\"overlay_position\":\"center-left\",\"show_content\":true,\"show_link\":true,\"show_meta\":true,\"show_thumbnail\":true,\"show_title\":true,\"slidenav\":\"default\",\"slidenav_breakpoint\":\"s\",\"slidenav_margin\":\"\",\"slidenav_outside_breakpoint\":\"xl\",\"slideshow_autoplay\":true,\"slideshow_autoplay_pause\":true,\"slideshow_max_height\":1400,\"slideshow_min_height\":500,\"text_color\":\"light\",\"thumbnav_height\":\"75\",\"thumbnav_svg_color\":\"emphasis\",\"thumbnav_width\":\"100\",\"title_element\":\"h3\"},\"children\":[{\"type\":\"slideshow_item\",\"props\":{\"image\":\"wp-content\\\/uploads\\\/Szkolenie_RZGW_Wroc\\u0142aw.jpg\"}},{\"type\":\"slideshow_item\",\"props\":{\"image\":\"wp-content\\\/uploads\\\/PULSAR2.jpg\"}},{\"type\":\"slideshow_item\",\"props\":{\"image\":\"wp-content\\\/uploads\\\/Szkolenie_MS1000.jpg\"}},{\"type\":\"slideshow_item\",\"props\":{\"image\":\"wp-content\\\/uploads\\\/PULSAR.jpg\"}},{\"type\":\"slideshow_item\",\"props\":{\"image\":\"wp-content\\\/uploads\\\/szkolenie_MS1000.png\"}},{\"type\":\"slideshow_item\",\"props\":{\"image\":\"wp-content\\\/uploads\\\/Szkolenie_ROV.jpg\"}},{\"type\":\"slideshow_item\",\"props\":{\"image\":\"wp-content\\\/uploads\\\/MS1000.jpg\"}}]},{\"type\":\"image\",\"props\":{\"image\":\"wp-content\\\/uploads\\\/2024\\\/02\\\/Ciemny-Niebieski-Kremowy-Schludny-Korporacyjny-Naglowek-wiadomosci-e-mail-\\u2013-wydarzenie.png\",\"image_svg_color\":\"emphasis\",\"link\":\"https:\\\/\\\/escort-technology.com\\\/szkolenia-i-wsparcie-techniczne-z-obslugi-programow-qinsy-i-qimera\\\/\",\"margin\":\"default\",\"text_align\":\"center\"}}]}]}]}],\"version\":\"4.0.13\"} --><\/p>\n","protected":false},"excerpt":{"rendered":"<p>SZKOLENIA Szkolenia i wsparcie techniczne w zakresie system\u00f3w hydrograficznych Jako firma specjalizuj\u0105ca si\u0119 w projektowaniu i instalacji zintegrowanych system\u00f3w hydrograficznych, oferujemy kompleksowe szkolenia z zakresu uruchamiania i u\u017cytkowania urz\u0105dze\u0144 pomiarowych. Nasze programy szkoleniowe s\u0105 dostosowane do indywidualnych potrzeb u\u017cytkownik\u00f3w, \u0142\u0105cz\u0105c teori\u0119 z praktyk\u0105, aby zapewni\u0107 pe\u0142n\u0105 wiedz\u0119 na temat obs\u0142ugi i wykorzystania nowoczesnych technologii hydrograficznych. [&hellip;]<\/p>\n","protected":false},"author":1,"featured_media":0,"parent":0,"menu_order":0,"comment_status":"closed","ping_status":"closed","template":"","meta":{"footnotes":""},"class_list":["post-193","page","type-page","status-publish","hentry"],"yoast_head":"<!-- This site is optimized with the Yoast SEO plugin v27.6 - https:\/\/yoast.com\/product\/yoast-seo-wordpress\/ -->\n<title>Specjalistyczne szkolenia z obs\u0142ugi system\u00f3w hydrograficznych<\/title>\n<meta name=\"description\" content=\"Oferujemy kompleksowe szkolenia z zakresu u\u017cytkowania oraz obs\u0142ugi r\u00f3\u017cnorodnych urz\u0105dze\u0144, mi\u0119dzy innymi echosond hydrograficznych, sonar\u00f3w i ich oprogramowania.\" \/>\n<meta name=\"robots\" content=\"index, follow, max-snippet:-1, max-image-preview:large, max-video-preview:-1\" \/>\n<link rel=\"canonical\" href=\"https:\/\/escort-technology.com\/pl\/szkolenia\/\" \/>\n<meta property=\"og:locale\" content=\"pl_PL\" \/>\n<meta property=\"og:type\" content=\"article\" \/>\n<meta property=\"og:title\" content=\"Specjalistyczne szkolenia z obs\u0142ugi system\u00f3w hydrograficznych\" \/>\n<meta property=\"og:description\" content=\"Oferujemy kompleksowe szkolenia z zakresu u\u017cytkowania oraz obs\u0142ugi r\u00f3\u017cnorodnych urz\u0105dze\u0144, mi\u0119dzy innymi echosond hydrograficznych, sonar\u00f3w i ich oprogramowania.\" \/>\n<meta property=\"og:url\" content=\"https:\/\/escort-technology.com\/pl\/szkolenia\/\" \/>\n<meta property=\"og:site_name\" content=\"ESCORT TECHNOLOGY\" \/>\n<meta property=\"article:publisher\" content=\"https:\/\/www.facebook.com\/elektronika.morska\/\" \/>\n<meta property=\"article:modified_time\" content=\"2024-12-09T12:03:22+00:00\" \/>\n<meta name=\"twitter:card\" content=\"summary_large_image\" \/>\n<meta name=\"twitter:label1\" content=\"Szacowany czas czytania\" \/>\n\t<meta name=\"twitter:data1\" content=\"2 minuty\" \/>\n<script type=\"application\/ld+json\" class=\"yoast-schema-graph\">{\"@context\":\"https:\\\/\\\/schema.org\",\"@graph\":[{\"@type\":\"WebPage\",\"@id\":\"https:\\\/\\\/escort-technology.com\\\/szkolenia\\\/\",\"url\":\"https:\\\/\\\/escort-technology.com\\\/szkolenia\\\/\",\"name\":\"Specjalistyczne szkolenia z obs\u0142ugi system\u00f3w hydrograficznych\",\"isPartOf\":{\"@id\":\"http:\\\/\\\/escort-technology.com\\\/de\\\/#website\"},\"datePublished\":\"2017-12-20T22:11:19+00:00\",\"dateModified\":\"2024-12-09T12:03:22+00:00\",\"description\":\"Oferujemy kompleksowe szkolenia z zakresu u\u017cytkowania oraz obs\u0142ugi r\u00f3\u017cnorodnych urz\u0105dze\u0144, mi\u0119dzy innymi echosond hydrograficznych, sonar\u00f3w i ich oprogramowania.\",\"breadcrumb\":{\"@id\":\"https:\\\/\\\/escort-technology.com\\\/szkolenia\\\/#breadcrumb\"},\"inLanguage\":\"pl-PL\",\"potentialAction\":[{\"@type\":\"ReadAction\",\"target\":[\"https:\\\/\\\/escort-technology.com\\\/szkolenia\\\/\"]}]},{\"@type\":\"BreadcrumbList\",\"@id\":\"https:\\\/\\\/escort-technology.com\\\/szkolenia\\\/#breadcrumb\",\"itemListElement\":[{\"@type\":\"ListItem\",\"position\":1,\"name\":\"Strona g\u0142\u00f3wna\",\"item\":\"https:\\\/\\\/escort-technology.com\\\/\"},{\"@type\":\"ListItem\",\"position\":2,\"name\":\"Szkolenia\"}]},{\"@type\":\"WebSite\",\"@id\":\"http:\\\/\\\/escort-technology.com\\\/de\\\/#website\",\"url\":\"http:\\\/\\\/escort-technology.com\\\/de\\\/\",\"name\":\"ESCORT TECHNOLOGY\",\"description\":\"Elektronika morska i l\u0105dowa\",\"publisher\":{\"@id\":\"http:\\\/\\\/escort-technology.com\\\/de\\\/#organization\"},\"potentialAction\":[{\"@type\":\"SearchAction\",\"target\":{\"@type\":\"EntryPoint\",\"urlTemplate\":\"http:\\\/\\\/escort-technology.com\\\/de\\\/?s={search_term_string}\"},\"query-input\":{\"@type\":\"PropertyValueSpecification\",\"valueRequired\":true,\"valueName\":\"search_term_string\"}}],\"inLanguage\":\"pl-PL\"},{\"@type\":\"Organization\",\"@id\":\"http:\\\/\\\/escort-technology.com\\\/de\\\/#organization\",\"name\":\"ESCORT TECHNOLOGY\",\"url\":\"http:\\\/\\\/escort-technology.com\\\/de\\\/\",\"logo\":{\"@type\":\"ImageObject\",\"inLanguage\":\"pl-PL\",\"@id\":\"http:\\\/\\\/escort-technology.com\\\/de\\\/#\\\/schema\\\/logo\\\/image\\\/\",\"url\":\"https:\\\/\\\/escort-technology.com\\\/wp-content\\\/uploads\\\/logo-1.jpg\",\"contentUrl\":\"https:\\\/\\\/escort-technology.com\\\/wp-content\\\/uploads\\\/logo-1.jpg\",\"width\":600,\"height\":165,\"caption\":\"ESCORT TECHNOLOGY\"},\"image\":{\"@id\":\"http:\\\/\\\/escort-technology.com\\\/de\\\/#\\\/schema\\\/logo\\\/image\\\/\"},\"sameAs\":[\"https:\\\/\\\/www.facebook.com\\\/elektronika.morska\\\/\",\"https:\\\/\\\/www.linkedin.com\\\/company\\\/escort-sp-z-o-o-\\\/\"]}]}<\/script>\n<!-- \/ Yoast SEO plugin. -->","yoast_head_json":{"title":"Specjalistyczne szkolenia z obs\u0142ugi system\u00f3w hydrograficznych","description":"Oferujemy kompleksowe szkolenia z zakresu u\u017cytkowania oraz obs\u0142ugi r\u00f3\u017cnorodnych urz\u0105dze\u0144, mi\u0119dzy innymi echosond hydrograficznych, sonar\u00f3w i ich oprogramowania.","robots":{"index":"index","follow":"follow","max-snippet":"max-snippet:-1","max-image-preview":"max-image-preview:large","max-video-preview":"max-video-preview:-1"},"canonical":"https:\/\/escort-technology.com\/pl\/szkolenia\/","og_locale":"pl_PL","og_type":"article","og_title":"Specjalistyczne szkolenia z obs\u0142ugi system\u00f3w hydrograficznych","og_description":"Oferujemy kompleksowe szkolenia z zakresu u\u017cytkowania oraz obs\u0142ugi r\u00f3\u017cnorodnych urz\u0105dze\u0144, mi\u0119dzy innymi echosond hydrograficznych, sonar\u00f3w i ich oprogramowania.","og_url":"https:\/\/escort-technology.com\/pl\/szkolenia\/","og_site_name":"ESCORT TECHNOLOGY","article_publisher":"https:\/\/www.facebook.com\/elektronika.morska\/","article_modified_time":"2024-12-09T12:03:22+00:00","twitter_card":"summary_large_image","twitter_misc":{"Szacowany czas czytania":"2 minuty"},"schema":{"@context":"https:\/\/schema.org","@graph":[{"@type":"WebPage","@id":"https:\/\/escort-technology.com\/szkolenia\/","url":"https:\/\/escort-technology.com\/szkolenia\/","name":"Specjalistyczne szkolenia z obs\u0142ugi system\u00f3w hydrograficznych","isPartOf":{"@id":"http:\/\/escort-technology.com\/de\/#website"},"datePublished":"2017-12-20T22:11:19+00:00","dateModified":"2024-12-09T12:03:22+00:00","description":"Oferujemy kompleksowe szkolenia z zakresu u\u017cytkowania oraz obs\u0142ugi r\u00f3\u017cnorodnych urz\u0105dze\u0144, mi\u0119dzy innymi echosond hydrograficznych, sonar\u00f3w i ich oprogramowania.","breadcrumb":{"@id":"https:\/\/escort-technology.com\/szkolenia\/#breadcrumb"},"inLanguage":"pl-PL","potentialAction":[{"@type":"ReadAction","target":["https:\/\/escort-technology.com\/szkolenia\/"]}]},{"@type":"BreadcrumbList","@id":"https:\/\/escort-technology.com\/szkolenia\/#breadcrumb","itemListElement":[{"@type":"ListItem","position":1,"name":"Strona g\u0142\u00f3wna","item":"https:\/\/escort-technology.com\/"},{"@type":"ListItem","position":2,"name":"Szkolenia"}]},{"@type":"WebSite","@id":"http:\/\/escort-technology.com\/de\/#website","url":"http:\/\/escort-technology.com\/de\/","name":"ESCORT TECHNOLOGY","description":"Elektronika morska i l\u0105dowa","publisher":{"@id":"http:\/\/escort-technology.com\/de\/#organization"},"potentialAction":[{"@type":"SearchAction","target":{"@type":"EntryPoint","urlTemplate":"http:\/\/escort-technology.com\/de\/?s={search_term_string}"},"query-input":{"@type":"PropertyValueSpecification","valueRequired":true,"valueName":"search_term_string"}}],"inLanguage":"pl-PL"},{"@type":"Organization","@id":"http:\/\/escort-technology.com\/de\/#organization","name":"ESCORT TECHNOLOGY","url":"http:\/\/escort-technology.com\/de\/","logo":{"@type":"ImageObject","inLanguage":"pl-PL","@id":"http:\/\/escort-technology.com\/de\/#\/schema\/logo\/image\/","url":"https:\/\/escort-technology.com\/wp-content\/uploads\/logo-1.jpg","contentUrl":"https:\/\/escort-technology.com\/wp-content\/uploads\/logo-1.jpg","width":600,"height":165,"caption":"ESCORT TECHNOLOGY"},"image":{"@id":"http:\/\/escort-technology.com\/de\/#\/schema\/logo\/image\/"},"sameAs":["https:\/\/www.facebook.com\/elektronika.morska\/","https:\/\/www.linkedin.com\/company\/escort-sp-z-o-o-\/"]}]}},"_links":{"self":[{"href":"https:\/\/escort-technology.com\/pl\/wp-json\/wp\/v2\/pages\/193","targetHints":{"allow":["GET"]}}],"collection":[{"href":"https:\/\/escort-technology.com\/pl\/wp-json\/wp\/v2\/pages"}],"about":[{"href":"https:\/\/escort-technology.com\/pl\/wp-json\/wp\/v2\/types\/page"}],"author":[{"embeddable":true,"href":"https:\/\/escort-technology.com\/pl\/wp-json\/wp\/v2\/users\/1"}],"replies":[{"embeddable":true,"href":"https:\/\/escort-technology.com\/pl\/wp-json\/wp\/v2\/comments?post=193"}],"version-history":[{"count":37,"href":"https:\/\/escort-technology.com\/pl\/wp-json\/wp\/v2\/pages\/193\/revisions"}],"predecessor-version":[{"id":14260,"href":"https:\/\/escort-technology.com\/pl\/wp-json\/wp\/v2\/pages\/193\/revisions\/14260"}],"wp:attachment":[{"href":"https:\/\/escort-technology.com\/pl\/wp-json\/wp\/v2\/media?parent=193"}],"curies":[{"name":"wp","href":"https:\/\/api.w.org\/{rel}","templated":true}]}}