{"id":2027,"date":"2018-03-08T11:34:32","date_gmt":"2018-03-08T11:34:32","guid":{"rendered":"http:\/\/escort-technology.com\/?page_id=2027"},"modified":"2023-07-25T14:26:24","modified_gmt":"2023-07-25T12:26:24","slug":"sailor-6210-vhf-6215-vhf-dsc-klasy-d","status":"publish","type":"page","link":"https:\/\/escort-technology.com\/pl\/sailor-6210-vhf-6215-vhf-dsc-klasy-d\/","title":{"rendered":"Radiotelefon SAILOR 6210 VHF"},"content":{"rendered":"<h2>SAILOR 6210 VHF<\/h2>\n<hr>\n<p><img decoding=\"async\" src=\"\/wp-content\/uploads\/sailor_6210_6215_vhf-1.jpg\" alt=\"\"><\/p>\n<div>\n<ul>\n<li>wodoodporno\u015b\u0107 na zanurzanie IPX8 oraz na zalewanie IPX6<\/li>\n<li>du\u017cy czytelny wy\u015bwietlacz, z czerwonym pod\u015bwietleniem<\/li>\n<li>g\u0142o\u015bnik o wysokiej jako\u015bci i mocy 8W<\/li>\n<li>pod\u0142\u0105czenie do 2 dodatkowych s\u0142uchawek lub punkt\u00f3w wyno\u015bnych<\/li>\n<li>od\u0142\u0105czana s\u0142uchawka z przodu i z ty\u0142u odbiornika<\/li>\n<li>funkcja powtarzania<\/li>\n<li>funkcja skanowania, potr\u00f3jny nas\u0142uch<\/li>\n<\/ul>\n<\/div>\n<p>\n    <a href=\"\/wp-content\/uploads\/sailor_6210_6215_vhf.pdf\">BROSZURA<\/a>\n<\/p>\n<div>\n<p style=\"text-align: center;\"><strong>WYMIARY RADIOTELEFONU<\/strong><\/p>\n<\/div>\n<p><a href=\"http:\/\/escort-technology.com\/wp-content\/uploads\/6222_wymiary.png\"><img decoding=\"async\" src=\"\/wp-content\/uploads\/6210_wymiary.png\" alt=\"\"><\/a><\/p>\n<div>\n<p style=\"text-align: center;\"><strong>KONFIGURACJA WYPOSA\u017bENIA OPCJONALNEGO<br \/><\/strong><\/p>\n<\/div>\n<p><a href=\"http:\/\/escort-technology.com\/wp-content\/uploads\/6222_schemat.png\"><img decoding=\"async\" src=\"\/wp-content\/uploads\/6210_plan.png\" alt=\"\"><\/a><\/p>\n<div>\n<p style=\"text-align: center;\"><strong>SPECYFIKACJA<\/strong><\/p>\n<\/div>\n<p><a href=\"http:\/\/escort-technology.com\/wp-content\/uploads\/6222_tabela1.png\"><img decoding=\"async\" src=\"\/wp-content\/uploads\/6210_tabela.png\" alt=\"\"><\/a><\/p>\n<p><!--more--><br \/>\n<!-- {\"type\":\"layout\",\"children\":[{\"name\":\"sailor\",\"type\":\"section\",\"props\":{\"animation\":\"slide-top-medium\",\"header_overlay\":\"light\",\"height_viewport\":false,\"image_fixed\":false,\"image_position\":\"bottom-center\",\"image_size\":\"cover\",\"overlap\":true,\"padding\":\"xsmall\",\"padding_remove_top\":false,\"style\":\"default\",\"title_breakpoint\":\"xl\",\"title_position\":\"top-left\",\"title_rotation\":\"left\",\"vertical_align\":\"middle\",\"width\":\"large\"},\"children\":[{\"type\":\"row\",\"children\":[{\"type\":\"column\",\"props\":{\"image_position\":\"center-center\",\"position_sticky_breakpoint\":\"m\",\"width_medium\":\"1-1\"},\"children\":[{\"type\":\"headline\",\"props\":{\"block_align\":\"center\",\"content\":\"SAILOR 6210 VHF\",\"text_align\":\"center\",\"text_align_fallback\":\"center\",\"title_element\":\"h2\",\"title_style\":\"h2\"}},{\"type\":\"divider\",\"props\":{\"divider_element\":\"hr\"}}]}]},{\"type\":\"row\",\"props\":{\"layout\":\"1-2,1-2\",\"margin\":\"medium\"},\"children\":[{\"type\":\"column\",\"props\":{\"image_position\":\"center-center\",\"position_sticky_breakpoint\":\"m\",\"width_medium\":\"1-2\"},\"children\":[{\"type\":\"image\",\"props\":{\"animation\":\"slide-right-small\",\"image\":\"wp-content\\\/uploads\\\/sailor_6210_6215_vhf-1.jpg\",\"image_box_shadow_bottom\":false,\"image_svg_color\":\"emphasis\",\"image_width\":\"400\",\"margin\":\"large\",\"margin_remove_top\":false}}]},{\"type\":\"column\",\"props\":{\"image_position\":\"center-center\",\"position_sticky_breakpoint\":\"m\",\"width_medium\":\"1-2\"},\"children\":[{\"type\":\"text\",\"props\":{\"animation\":\"slide-left-medium\",\"block_align\":\"right\",\"column_breakpoint\":\"m\",\"content\":\"\n\n<ul>\\n\n\n<li>wodoodporno\\u015b\\u0107 na zanurzanie IPX8 oraz na zalewanie IPX6<\\\/li>\\n\n\n<li>du\\u017cy czytelny wy\\u015bwietlacz, z czerwonym pod\\u015bwietleniem<\\\/li>\\n\n\n<li>g\\u0142o\\u015bnik o wysokiej jako\\u015bci i mocy 8W<\\\/li>\\n\n\n<li>pod\\u0142\\u0105czenie do 2 dodatkowych s\\u0142uchawek lub punkt\\u00f3w wyno\\u015bnych<\\\/li>\\n\n\n<li>od\\u0142\\u0105czana s\\u0142uchawka z przodu i z ty\\u0142u odbiornika<\\\/li>\\n\n\n<li>funkcja powtarzania<\\\/li>\\n\n\n<li>funkcja skanowania, potr\\u00f3jny nas\\u0142uch<\\\/li>\\n<\\\/ul>\",\"margin\":\"medium\",\"maxwidth\":\"2xlarge\",\"text_align\":\"justify\",\"text_align_breakpoint\":\"m\",\"text_align_fallback\":\"center\"}},{\"type\":\"button\",\"props\":{\"grid_column_gap\":\"medium\",\"grid_row_gap\":\"medium\",\"margin\":\"default\",\"text_align\":\"center\"},\"children\":[{\"type\":\"button_item\",\"props\":{\"button_style\":\"default\",\"content\":\"BROSZURA\",\"icon_align\":\"left\",\"link\":\"wp-content\\\/uploads\\\/sailor_6210_6215_vhf.pdf\",\"link_target\":\"blank\"}}]}]}]},{\"type\":\"row\",\"props\":{\"margin\":\"medium\"},\"children\":[{\"type\":\"column\",\"props\":{\"image_position\":\"center-center\",\"position_sticky_breakpoint\":\"m\"},\"children\":[{\"type\":\"text\",\"props\":{\"column_breakpoint\":\"m\",\"content\":\"\n\n<p style=\\\"text-align: center;\\\"><strong>WYMIARY RADIOTELEFONU<\\\/strong><\\\/p>\",\"margin\":\"default\"}},{\"type\":\"image\",\"props\":{\"image\":\"wp-content\\\/uploads\\\/6210_wymiary.png\",\"image_svg_color\":\"emphasis\",\"link\":\"http:\\\/\\\/escort-technology.com\\\/wp-content\\\/uploads\\\/6222_wymiary.png\",\"margin\":\"default\",\"text_align\":\"center\"}},{\"type\":\"text\",\"props\":{\"column_breakpoint\":\"m\",\"content\":\"\n\n<p style=\\\"text-align: center;\\\"><strong>KONFIGURACJA WYPOSA\\u017bENIA OPCJONALNEGO<br \\\/><\\\/strong><\\\/p>\",\"margin\":\"default\"}},{\"type\":\"image\",\"props\":{\"image\":\"wp-content\\\/uploads\\\/6210_plan.png\",\"image_svg_color\":\"emphasis\",\"link\":\"http:\\\/\\\/escort-technology.com\\\/wp-content\\\/uploads\\\/6222_schemat.png\",\"margin\":\"default\",\"text_align\":\"center\"}},{\"type\":\"text\",\"props\":{\"column_breakpoint\":\"m\",\"content\":\"\n\n<p style=\\\"text-align: center;\\\"><strong>SPECYFIKACJA<\\\/strong><\\\/p>\",\"margin\":\"default\"}},{\"type\":\"image\",\"props\":{\"image\":\"wp-content\\\/uploads\\\/6210_tabela.png\",\"image_svg_color\":\"emphasis\",\"link\":\"http:\\\/\\\/escort-technology.com\\\/wp-content\\\/uploads\\\/6222_tabela1.png\",\"margin\":\"default\",\"text_align\":\"center\"}}]}]}]}],\"version\":\"4.0.3\"} --><\/p>\n","protected":false},"excerpt":{"rendered":"<p>SAILOR 6210 VHF wodoodporno\u015b\u0107 na zanurzanie IPX8 oraz na zalewanie IPX6 du\u017cy czytelny wy\u015bwietlacz, z czerwonym pod\u015bwietleniem g\u0142o\u015bnik o wysokiej jako\u015bci i mocy 8W pod\u0142\u0105czenie do 2 dodatkowych s\u0142uchawek lub punkt\u00f3w wyno\u015bnych od\u0142\u0105czana s\u0142uchawka z przodu i z ty\u0142u odbiornika funkcja powtarzania funkcja skanowania, potr\u00f3jny nas\u0142uch BROSZURA WYMIARY RADIOTELEFONU KONFIGURACJA WYPOSA\u017bENIA OPCJONALNEGO SPECYFIKACJA<\/p>\n","protected":false},"author":6,"featured_media":0,"parent":0,"menu_order":0,"comment_status":"closed","ping_status":"closed","template":"","meta":{"footnotes":""},"class_list":["post-2027","page","type-page","status-publish","hentry"],"yoast_head":"<!-- This site is optimized with the Yoast SEO plugin v27.6 - https:\/\/yoast.com\/product\/yoast-seo-wordpress\/ -->\n<title>Radiotelefon SAILOR 6210 VHF - ESCORT TECHNOLOGY<\/title>\n<meta name=\"robots\" content=\"index, follow, max-snippet:-1, max-image-preview:large, max-video-preview:-1\" \/>\n<link rel=\"canonical\" href=\"https:\/\/escort-technology.com\/pl\/sailor-6210-vhf-6215-vhf-dsc-klasy-d\/\" \/>\n<meta property=\"og:locale\" content=\"pl_PL\" \/>\n<meta property=\"og:type\" content=\"article\" \/>\n<meta property=\"og:title\" content=\"Radiotelefon SAILOR 6210 VHF - ESCORT TECHNOLOGY\" \/>\n<meta property=\"og:description\" content=\"SAILOR 6210 VHF wodoodporno\u015b\u0107 na zanurzanie IPX8 oraz na zalewanie IPX6 du\u017cy czytelny wy\u015bwietlacz, z czerwonym pod\u015bwietleniem g\u0142o\u015bnik o wysokiej jako\u015bci i mocy 8W pod\u0142\u0105czenie do 2 dodatkowych s\u0142uchawek lub punkt\u00f3w wyno\u015bnych od\u0142\u0105czana s\u0142uchawka z przodu i z ty\u0142u odbiornika funkcja powtarzania funkcja skanowania, potr\u00f3jny nas\u0142uch BROSZURA WYMIARY RADIOTELEFONU KONFIGURACJA WYPOSA\u017bENIA OPCJONALNEGO SPECYFIKACJA\" \/>\n<meta property=\"og:url\" content=\"https:\/\/escort-technology.com\/pl\/sailor-6210-vhf-6215-vhf-dsc-klasy-d\/\" \/>\n<meta property=\"og:site_name\" content=\"ESCORT TECHNOLOGY\" \/>\n<meta property=\"article:publisher\" content=\"https:\/\/www.facebook.com\/elektronika.morska\/\" \/>\n<meta property=\"article:modified_time\" content=\"2023-07-25T12:26:24+00:00\" \/>\n<meta property=\"og:image\" content=\"https:\/\/escort-technology.com\/wp-content\/uploads\/sailor_6210_6215_vhf-1.jpg\" \/>\n<meta name=\"twitter:card\" content=\"summary_large_image\" \/>\n<script type=\"application\/ld+json\" class=\"yoast-schema-graph\">{\"@context\":\"https:\\\/\\\/schema.org\",\"@graph\":[{\"@type\":\"WebPage\",\"@id\":\"https:\\\/\\\/escort-technology.com\\\/en\\\/sailor-6210-vhf-6215-vhf-dsc-klasy-d\\\/\",\"url\":\"https:\\\/\\\/escort-technology.com\\\/en\\\/sailor-6210-vhf-6215-vhf-dsc-klasy-d\\\/\",\"name\":\"Radiotelefon SAILOR 6210 VHF - ESCORT TECHNOLOGY\",\"isPartOf\":{\"@id\":\"http:\\\/\\\/escort-technology.com\\\/de\\\/#website\"},\"datePublished\":\"2018-03-08T11:34:32+00:00\",\"dateModified\":\"2023-07-25T12:26:24+00:00\",\"breadcrumb\":{\"@id\":\"https:\\\/\\\/escort-technology.com\\\/en\\\/sailor-6210-vhf-6215-vhf-dsc-klasy-d\\\/#breadcrumb\"},\"inLanguage\":\"pl-PL\",\"potentialAction\":[{\"@type\":\"ReadAction\",\"target\":[\"https:\\\/\\\/escort-technology.com\\\/en\\\/sailor-6210-vhf-6215-vhf-dsc-klasy-d\\\/\"]}]},{\"@type\":\"BreadcrumbList\",\"@id\":\"https:\\\/\\\/escort-technology.com\\\/en\\\/sailor-6210-vhf-6215-vhf-dsc-klasy-d\\\/#breadcrumb\",\"itemListElement\":[{\"@type\":\"ListItem\",\"position\":1,\"name\":\"Strona g\u0142\u00f3wna\",\"item\":\"https:\\\/\\\/escort-technology.com\\\/\"},{\"@type\":\"ListItem\",\"position\":2,\"name\":\"SAILOR 6210 VHF\\\/ 6215 VHF DSC klasy D\"}]},{\"@type\":\"WebSite\",\"@id\":\"http:\\\/\\\/escort-technology.com\\\/de\\\/#website\",\"url\":\"http:\\\/\\\/escort-technology.com\\\/de\\\/\",\"name\":\"ESCORT TECHNOLOGY\",\"description\":\"Elektronika morska i l\u0105dowa\",\"publisher\":{\"@id\":\"http:\\\/\\\/escort-technology.com\\\/de\\\/#organization\"},\"potentialAction\":[{\"@type\":\"SearchAction\",\"target\":{\"@type\":\"EntryPoint\",\"urlTemplate\":\"http:\\\/\\\/escort-technology.com\\\/de\\\/?s={search_term_string}\"},\"query-input\":{\"@type\":\"PropertyValueSpecification\",\"valueRequired\":true,\"valueName\":\"search_term_string\"}}],\"inLanguage\":\"pl-PL\"},{\"@type\":\"Organization\",\"@id\":\"http:\\\/\\\/escort-technology.com\\\/de\\\/#organization\",\"name\":\"ESCORT TECHNOLOGY\",\"url\":\"http:\\\/\\\/escort-technology.com\\\/de\\\/\",\"logo\":{\"@type\":\"ImageObject\",\"inLanguage\":\"pl-PL\",\"@id\":\"http:\\\/\\\/escort-technology.com\\\/de\\\/#\\\/schema\\\/logo\\\/image\\\/\",\"url\":\"https:\\\/\\\/escort-technology.com\\\/wp-content\\\/uploads\\\/logo-1.jpg\",\"contentUrl\":\"https:\\\/\\\/escort-technology.com\\\/wp-content\\\/uploads\\\/logo-1.jpg\",\"width\":600,\"height\":165,\"caption\":\"ESCORT TECHNOLOGY\"},\"image\":{\"@id\":\"http:\\\/\\\/escort-technology.com\\\/de\\\/#\\\/schema\\\/logo\\\/image\\\/\"},\"sameAs\":[\"https:\\\/\\\/www.facebook.com\\\/elektronika.morska\\\/\",\"https:\\\/\\\/www.linkedin.com\\\/company\\\/escort-sp-z-o-o-\\\/\"]}]}<\/script>\n<!-- \/ Yoast SEO plugin. -->","yoast_head_json":{"title":"Radiotelefon SAILOR 6210 VHF - ESCORT TECHNOLOGY","robots":{"index":"index","follow":"follow","max-snippet":"max-snippet:-1","max-image-preview":"max-image-preview:large","max-video-preview":"max-video-preview:-1"},"canonical":"https:\/\/escort-technology.com\/pl\/sailor-6210-vhf-6215-vhf-dsc-klasy-d\/","og_locale":"pl_PL","og_type":"article","og_title":"Radiotelefon SAILOR 6210 VHF - ESCORT TECHNOLOGY","og_description":"SAILOR 6210 VHF wodoodporno\u015b\u0107 na zanurzanie IPX8 oraz na zalewanie IPX6 du\u017cy czytelny wy\u015bwietlacz, z czerwonym pod\u015bwietleniem g\u0142o\u015bnik o wysokiej jako\u015bci i mocy 8W pod\u0142\u0105czenie do 2 dodatkowych s\u0142uchawek lub punkt\u00f3w wyno\u015bnych od\u0142\u0105czana s\u0142uchawka z przodu i z ty\u0142u odbiornika funkcja powtarzania funkcja skanowania, potr\u00f3jny nas\u0142uch BROSZURA WYMIARY RADIOTELEFONU KONFIGURACJA WYPOSA\u017bENIA OPCJONALNEGO SPECYFIKACJA","og_url":"https:\/\/escort-technology.com\/pl\/sailor-6210-vhf-6215-vhf-dsc-klasy-d\/","og_site_name":"ESCORT TECHNOLOGY","article_publisher":"https:\/\/www.facebook.com\/elektronika.morska\/","article_modified_time":"2023-07-25T12:26:24+00:00","og_image":[{"url":"https:\/\/escort-technology.com\/wp-content\/uploads\/sailor_6210_6215_vhf-1.jpg","type":"","width":"","height":""}],"twitter_card":"summary_large_image","schema":{"@context":"https:\/\/schema.org","@graph":[{"@type":"WebPage","@id":"https:\/\/escort-technology.com\/en\/sailor-6210-vhf-6215-vhf-dsc-klasy-d\/","url":"https:\/\/escort-technology.com\/en\/sailor-6210-vhf-6215-vhf-dsc-klasy-d\/","name":"Radiotelefon SAILOR 6210 VHF - ESCORT TECHNOLOGY","isPartOf":{"@id":"http:\/\/escort-technology.com\/de\/#website"},"datePublished":"2018-03-08T11:34:32+00:00","dateModified":"2023-07-25T12:26:24+00:00","breadcrumb":{"@id":"https:\/\/escort-technology.com\/en\/sailor-6210-vhf-6215-vhf-dsc-klasy-d\/#breadcrumb"},"inLanguage":"pl-PL","potentialAction":[{"@type":"ReadAction","target":["https:\/\/escort-technology.com\/en\/sailor-6210-vhf-6215-vhf-dsc-klasy-d\/"]}]},{"@type":"BreadcrumbList","@id":"https:\/\/escort-technology.com\/en\/sailor-6210-vhf-6215-vhf-dsc-klasy-d\/#breadcrumb","itemListElement":[{"@type":"ListItem","position":1,"name":"Strona g\u0142\u00f3wna","item":"https:\/\/escort-technology.com\/"},{"@type":"ListItem","position":2,"name":"SAILOR 6210 VHF\/ 6215 VHF DSC klasy D"}]},{"@type":"WebSite","@id":"http:\/\/escort-technology.com\/de\/#website","url":"http:\/\/escort-technology.com\/de\/","name":"ESCORT TECHNOLOGY","description":"Elektronika morska i l\u0105dowa","publisher":{"@id":"http:\/\/escort-technology.com\/de\/#organization"},"potentialAction":[{"@type":"SearchAction","target":{"@type":"EntryPoint","urlTemplate":"http:\/\/escort-technology.com\/de\/?s={search_term_string}"},"query-input":{"@type":"PropertyValueSpecification","valueRequired":true,"valueName":"search_term_string"}}],"inLanguage":"pl-PL"},{"@type":"Organization","@id":"http:\/\/escort-technology.com\/de\/#organization","name":"ESCORT TECHNOLOGY","url":"http:\/\/escort-technology.com\/de\/","logo":{"@type":"ImageObject","inLanguage":"pl-PL","@id":"http:\/\/escort-technology.com\/de\/#\/schema\/logo\/image\/","url":"https:\/\/escort-technology.com\/wp-content\/uploads\/logo-1.jpg","contentUrl":"https:\/\/escort-technology.com\/wp-content\/uploads\/logo-1.jpg","width":600,"height":165,"caption":"ESCORT TECHNOLOGY"},"image":{"@id":"http:\/\/escort-technology.com\/de\/#\/schema\/logo\/image\/"},"sameAs":["https:\/\/www.facebook.com\/elektronika.morska\/","https:\/\/www.linkedin.com\/company\/escort-sp-z-o-o-\/"]}]}},"_links":{"self":[{"href":"https:\/\/escort-technology.com\/pl\/wp-json\/wp\/v2\/pages\/2027","targetHints":{"allow":["GET"]}}],"collection":[{"href":"https:\/\/escort-technology.com\/pl\/wp-json\/wp\/v2\/pages"}],"about":[{"href":"https:\/\/escort-technology.com\/pl\/wp-json\/wp\/v2\/types\/page"}],"author":[{"embeddable":true,"href":"https:\/\/escort-technology.com\/pl\/wp-json\/wp\/v2\/users\/6"}],"replies":[{"embeddable":true,"href":"https:\/\/escort-technology.com\/pl\/wp-json\/wp\/v2\/comments?post=2027"}],"version-history":[{"count":7,"href":"https:\/\/escort-technology.com\/pl\/wp-json\/wp\/v2\/pages\/2027\/revisions"}],"predecessor-version":[{"id":13110,"href":"https:\/\/escort-technology.com\/pl\/wp-json\/wp\/v2\/pages\/2027\/revisions\/13110"}],"wp:attachment":[{"href":"https:\/\/escort-technology.com\/pl\/wp-json\/wp\/v2\/media?parent=2027"}],"curies":[{"name":"wp","href":"https:\/\/api.w.org\/{rel}","templated":true}]}}