{"id":2055,"date":"2018-03-08T11:57:46","date_gmt":"2018-03-08T11:57:46","guid":{"rendered":"http:\/\/escort-technology.com\/?page_id=2055"},"modified":"2025-11-04T11:36:08","modified_gmt":"2025-11-04T10:36:08","slug":"radary-simrad-halo","status":"publish","type":"page","link":"https:\/\/escort-technology.com\/pl\/radary-simrad-halo\/","title":{"rendered":"Radary Simrad HALO"},"content":{"rendered":"<h2>Radary Simrad HALO<\/h2>\n<hr>\n<p><img decoding=\"async\" src=\"\/wp-content\/uploads\/halo-6.jpg\" alt=\"\"><br \/>\n<img decoding=\"async\" src=\"\/wp-content\/uploads\/halo-4.jpg\" alt=\"\"><br \/>\n<img decoding=\"async\" src=\"\/wp-content\/uploads\/halo-3.jpg\" alt=\"\"><br \/>\n<iframe src=\"https:\/\/www.youtube.com\/watch?v=yn4_9rZ70nE\"><\/iframe><\/p>\n<div>\n<p style=\"text-align: justify;\">Skorzystaj z bezpieczniejszej nawigacji i niezr\u00f3wnanej \u0142atwo\u015bci obs\u0142ugi dzi\u0119ki nowemu radarowi HALO\u00ae 2000 Open Array i HALO\u00ae 3000 Open Array. Zaawansowana technologia kompresji impuls\u00f3w pozwala wykrywa\u0107 ptaki, zagro\u017cenia i burze z najwy\u017csz\u0105 precyzj\u0105 zar\u00f3wno na kr\u00f3tkich, jak i d\u0142ugich dystansach. Zakres tryb\u00f3w zaprogramowanych i zwi\u0119kszona moc zapewniaj\u0105 sta\u0142y spok\u00f3j ducha.<\/p>\n<p style=\"text-align: justify;\">Radar Simrad Halo jest po\u0142\u0105czeniem radaru z tradycyjnym impulsem oraz radaru szerokopasmowego 4G.<\/p>\n<p style=\"text-align: justify;\">Urz\u0105dzenie wykorzystuj\u0119 technologi\u0119 spr\u0119\u017conego impulsu w celu uzyskania dalekiego zakresu obserwacji, dok\u0142adn\u0105 detekcj\u0119 obiekt\u00f3w oraz niski poziom zak\u0142\u00f3ce\u0144.<\/p>\n<p style=\"text-align: justify;\">Technologia ta umo\u017cliwia natychmiastow\u0105 \u00a0prac\u0119 radaru, bez potrzeby nagrzewania urz\u0105dzenia.<\/p>\n<p style=\"text-align: justify;\">Niski poziom promieniowania, umo\u017cliwia prac\u0119 radaru w marinie lub na kotwicowisku.<\/p>\n<p style=\"text-align: justify;\">\n<p style=\"text-align: justify;\">Cechy radaru HALO\u2122:<\/p>\n<ul>\n<li style=\"text-align: justify;\">Moc 50\/130 W zapewniaj\u0105ca wi\u0119kszy zasi\u0119g (od 6 m do 96 nm) i wykrywanie cel\u00f3w w wy\u017cszej rozdzielczo\u015bci.<\/li>\n<li style=\"text-align: justify;\">Zaawansowana technologia kompresji impuls\u00f3w z wyostrzaniem wi\u0105zki.<\/li>\n<li style=\"text-align: justify;\">Jednoczesna praca w trybie podw\u00f3jnego zasi\u0119gu.<\/li>\n<li style=\"text-align: justify;\">\u0141atwa obs\u0142uga dzi\u0119ki trybom Harbour, Offshore, Weather i Bird.<\/li>\n<li style=\"text-align: justify;\">\u015aledzenie do 50 cel\u00f3w dzi\u0119ki funkcji ZoneTrack.<\/li>\n<li style=\"text-align: justify;\">Technologia VelocityTrack Doppler do unikania kolizji<\/li>\n<li style=\"text-align: justify;\">Ostrze\u017cenia o niebezpiecznych celach dla cel\u00f3w radarowych i AIS<\/li>\n<li style=\"text-align: justify;\">Gotowo\u015b\u0107 do pracy natychmiast po wyj\u015bciu z trybu czuwania i w ci\u0105gu 16\u201325 sekund od w\u0142\u0105czenia zasilania<\/li>\n<li style=\"text-align: justify;\">Dost\u0119pne w wersjach 3-, 4- i 6-stopowych<\/li>\n<li>Kompatybilny z wieloma ploterami nawigacyjnymi Simrad\u00ae, w tym NSS\u2122, NSX\u2122, NSO\u2122 i GO\u2122.<\/li>\n<\/ul>\n<\/div>\n<p><!--more--><br \/>\n<!-- {\"type\":\"layout\",\"children\":[{\"name\":\"ANTENA\",\"type\":\"section\",\"props\":{\"animation\":\"slide-top-medium\",\"header_overlay\":\"light\",\"height_viewport\":false,\"image_fixed\":false,\"image_position\":\"bottom-center\",\"image_size\":\"cover\",\"overlap\":true,\"padding\":\"xsmall\",\"padding_remove_top\":false,\"style\":\"default\",\"title_breakpoint\":\"xl\",\"title_position\":\"top-left\",\"title_rotation\":\"left\",\"vertical_align\":\"middle\",\"width\":\"large\"},\"children\":[{\"type\":\"row\",\"children\":[{\"type\":\"column\",\"props\":{\"image_position\":\"center-center\",\"position_sticky_breakpoint\":\"m\",\"width_medium\":\"1-1\"},\"children\":[{\"type\":\"headline\",\"props\":{\"block_align\":\"center\",\"content\":\"Radary Simrad HALO\",\"text_align\":\"center\",\"text_align_fallback\":\"center\",\"title_element\":\"h2\",\"title_style\":\"h2\"}},{\"type\":\"divider\",\"props\":{\"divider_element\":\"hr\"}}]}]},{\"type\":\"row\",\"props\":{\"layout\":\"1-3,2-3\",\"margin\":\"medium\"},\"children\":[{\"type\":\"column\",\"props\":{\"image_position\":\"center-center\",\"position_sticky_breakpoint\":\"m\",\"width_medium\":\"1-3\"},\"children\":[{\"type\":\"image\",\"props\":{\"image\":\"wp-content\\\/uploads\\\/halo-6.jpg\",\"image_border\":\"rounded\",\"image_svg_color\":\"emphasis\",\"image_width\":\"300\",\"margin\":\"small\"}},{\"type\":\"image\",\"props\":{\"image\":\"wp-content\\\/uploads\\\/halo-4.jpg\",\"image_border\":\"rounded\",\"image_svg_color\":\"emphasis\",\"image_width\":\"300\",\"margin\":\"default\"}},{\"type\":\"image\",\"props\":{\"image\":\"wp-content\\\/uploads\\\/halo-3.jpg\",\"image_border\":\"rounded\",\"image_svg_color\":\"emphasis\",\"image_width\":\"300\",\"margin\":\"default\"}},{\"type\":\"video\",\"props\":{\"margin\":\"small\",\"video\":\"https:\\\/\\\/www.youtube.com\\\/watch?v=yn4_9rZ70nE\",\"video_controls\":true,\"video_height\":\"200\",\"video_width\":\"350\"}}]},{\"type\":\"column\",\"props\":{\"image_position\":\"center-center\",\"position_sticky_breakpoint\":\"m\",\"width_medium\":\"2-3\"},\"children\":[{\"type\":\"text\",\"props\":{\"animation\":\"slide-left-medium\",\"column_breakpoint\":\"m\",\"content\":\"\n\n<p><\\\/p>\\n\n\n<p style=\\\"text-align: justify;\\\">Skorzystaj z bezpieczniejszej nawigacji i niezr\\u00f3wnanej \\u0142atwo\\u015bci obs\\u0142ugi dzi\\u0119ki nowemu radarowi HALO\\u00ae 2000 Open Array i HALO\\u00ae 3000 Open Array. Zaawansowana technologia kompresji impuls\\u00f3w pozwala wykrywa\\u0107 ptaki, zagro\\u017cenia i burze z najwy\\u017csz\\u0105 precyzj\\u0105 zar\\u00f3wno na kr\\u00f3tkich, jak i d\\u0142ugich dystansach. Zakres tryb\\u00f3w zaprogramowanych i zwi\\u0119kszona moc zapewniaj\\u0105 sta\\u0142y spok\\u00f3j ducha.<\\\/p>\\n\n\n<p style=\\\"text-align: justify;\\\">Radar Simrad Halo jest po\\u0142\\u0105czeniem radaru z tradycyjnym impulsem oraz radaru szerokopasmowego 4G.<\\\/p>\\n\n\n<p style=\\\"text-align: justify;\\\">Urz\\u0105dzenie wykorzystuj\\u0119 technologi\\u0119 spr\\u0119\\u017conego impulsu w celu uzyskania dalekiego zakresu obserwacji, dok\\u0142adn\\u0105 detekcj\\u0119 obiekt\\u00f3w oraz niski poziom zak\\u0142\\u00f3ce\\u0144.<\\\/p>\\n\n\n<p style=\\\"text-align: justify;\\\">Technologia ta umo\\u017cliwia natychmiastow\\u0105 \\u00a0prac\\u0119 radaru, bez potrzeby nagrzewania urz\\u0105dzenia.<\\\/p>\\n\n\n<p style=\\\"text-align: justify;\\\">Niski poziom promieniowania, umo\\u017cliwia prac\\u0119 radaru w marinie lub na kotwicowisku.<\\\/p>\\n\n\n<p style=\\\"text-align: justify;\\\"><\\\/p>\\n\n\n<p style=\\\"text-align: justify;\\\">Cechy radaru HALO\\u2122:<\\\/p>\\n\n\n<ul>\\n\n\n<li style=\\\"text-align: justify;\\\">Moc 50\\\/130 W zapewniaj\\u0105ca wi\\u0119kszy zasi\\u0119g (od 6 m do 96 nm) i wykrywanie cel\\u00f3w w wy\\u017cszej rozdzielczo\\u015bci.<\\\/li>\\n\n\n<li style=\\\"text-align: justify;\\\">Zaawansowana technologia kompresji impuls\\u00f3w z wyostrzaniem wi\\u0105zki.<\\\/li>\\n\n\n<li style=\\\"text-align: justify;\\\">Jednoczesna praca w trybie podw\\u00f3jnego zasi\\u0119gu.<\\\/li>\\n\n\n<li style=\\\"text-align: justify;\\\">\\u0141atwa obs\\u0142uga dzi\\u0119ki trybom Harbour, Offshore, Weather i Bird.<\\\/li>\\n\n\n<li style=\\\"text-align: justify;\\\">\\u015aledzenie do 50 cel\\u00f3w dzi\\u0119ki funkcji ZoneTrack.<\\\/li>\\n\n\n<li style=\\\"text-align: justify;\\\">Technologia VelocityTrack Doppler do unikania kolizji<\\\/li>\\n\n\n<li style=\\\"text-align: justify;\\\">Ostrze\\u017cenia o niebezpiecznych celach dla cel\\u00f3w radarowych i AIS<\\\/li>\\n\n\n<li style=\\\"text-align: justify;\\\">Gotowo\\u015b\\u0107 do pracy natychmiast po wyj\\u015bciu z trybu czuwania i w ci\\u0105gu 16\\u201325 sekund od w\\u0142\\u0105czenia zasilania<\\\/li>\\n\n\n<li style=\\\"text-align: justify;\\\">Dost\\u0119pne w wersjach 3-, 4- i 6-stopowych<\\\/li>\\n\n\n<li>Kompatybilny z wieloma ploterami nawigacyjnymi Simrad\\u00ae, w tym NSS\\u2122, NSX\\u2122, NSO\\u2122 i GO\\u2122.<\\\/li>\\n<\\\/ul>\",\"margin\":\"medium\",\"maxwidth\":\"2xlarge\",\"text_align\":\"justify\",\"text_align_breakpoint\":\"m\",\"text_align_fallback\":\"center\"}}]}]},{\"type\":\"row\",\"props\":{\"margin\":\"large\"},\"children\":[{\"type\":\"column\",\"props\":{\"image_position\":\"center-center\",\"position_sticky_breakpoint\":\"m\",\"width_medium\":\"1-1\"}}]}]}],\"version\":\"4.0.13\"} --><\/p>\n","protected":false},"excerpt":{"rendered":"<p>Radary Simrad HALO Skorzystaj z bezpieczniejszej nawigacji i niezr\u00f3wnanej \u0142atwo\u015bci obs\u0142ugi dzi\u0119ki nowemu radarowi HALO\u00ae 2000 Open Array i HALO\u00ae 3000 Open Array. Zaawansowana technologia kompresji impuls\u00f3w pozwala wykrywa\u0107 ptaki, zagro\u017cenia i burze z najwy\u017csz\u0105 precyzj\u0105 zar\u00f3wno na kr\u00f3tkich, jak i d\u0142ugich dystansach. Zakres tryb\u00f3w zaprogramowanych i zwi\u0119kszona moc zapewniaj\u0105 sta\u0142y spok\u00f3j ducha. Radar Simrad [&hellip;]<\/p>\n","protected":false},"author":6,"featured_media":0,"parent":0,"menu_order":0,"comment_status":"closed","ping_status":"closed","template":"","meta":{"footnotes":""},"class_list":["post-2055","page","type-page","status-publish","hentry"],"yoast_head":"<!-- This site is optimized with the Yoast SEO plugin v27.5 - https:\/\/yoast.com\/product\/yoast-seo-wordpress\/ -->\n<title>Radary Simrad HALO - ESCORT TECHNOLOGY<\/title>\n<meta name=\"robots\" content=\"index, follow, max-snippet:-1, max-image-preview:large, max-video-preview:-1\" \/>\n<link rel=\"canonical\" href=\"https:\/\/escort-technology.com\/pl\/radary-simrad-halo\/\" \/>\n<meta property=\"og:locale\" content=\"pl_PL\" \/>\n<meta property=\"og:type\" content=\"article\" \/>\n<meta property=\"og:title\" content=\"Radary Simrad HALO - ESCORT TECHNOLOGY\" \/>\n<meta property=\"og:description\" content=\"Radary Simrad HALO Skorzystaj z bezpieczniejszej nawigacji i niezr\u00f3wnanej \u0142atwo\u015bci obs\u0142ugi dzi\u0119ki nowemu radarowi HALO\u00ae 2000 Open Array i HALO\u00ae 3000 Open Array. Zaawansowana technologia kompresji impuls\u00f3w pozwala wykrywa\u0107 ptaki, zagro\u017cenia i burze z najwy\u017csz\u0105 precyzj\u0105 zar\u00f3wno na kr\u00f3tkich, jak i d\u0142ugich dystansach. Zakres tryb\u00f3w zaprogramowanych i zwi\u0119kszona moc zapewniaj\u0105 sta\u0142y spok\u00f3j ducha. Radar Simrad [&hellip;]\" \/>\n<meta property=\"og:url\" content=\"https:\/\/escort-technology.com\/pl\/radary-simrad-halo\/\" \/>\n<meta property=\"og:site_name\" content=\"ESCORT TECHNOLOGY\" \/>\n<meta property=\"article:publisher\" content=\"https:\/\/www.facebook.com\/elektronika.morska\/\" \/>\n<meta property=\"article:modified_time\" content=\"2025-11-04T10:36:08+00:00\" \/>\n<meta name=\"twitter:card\" content=\"summary_large_image\" \/>\n<meta name=\"twitter:label1\" content=\"Szacowany czas czytania\" \/>\n\t<meta name=\"twitter:data1\" content=\"1 minuta\" \/>\n<script type=\"application\/ld+json\" class=\"yoast-schema-graph\">{\"@context\":\"https:\\\/\\\/schema.org\",\"@graph\":[{\"@type\":\"WebPage\",\"@id\":\"https:\\\/\\\/escort-technology.com\\\/radary-simrad-halo\\\/\",\"url\":\"https:\\\/\\\/escort-technology.com\\\/radary-simrad-halo\\\/\",\"name\":\"Radary Simrad HALO - ESCORT TECHNOLOGY\",\"isPartOf\":{\"@id\":\"http:\\\/\\\/escort-technology.com\\\/de\\\/#website\"},\"datePublished\":\"2018-03-08T11:57:46+00:00\",\"dateModified\":\"2025-11-04T10:36:08+00:00\",\"breadcrumb\":{\"@id\":\"https:\\\/\\\/escort-technology.com\\\/radary-simrad-halo\\\/#breadcrumb\"},\"inLanguage\":\"pl-PL\",\"potentialAction\":[{\"@type\":\"ReadAction\",\"target\":[\"https:\\\/\\\/escort-technology.com\\\/radary-simrad-halo\\\/\"]}]},{\"@type\":\"BreadcrumbList\",\"@id\":\"https:\\\/\\\/escort-technology.com\\\/radary-simrad-halo\\\/#breadcrumb\",\"itemListElement\":[{\"@type\":\"ListItem\",\"position\":1,\"name\":\"Strona g\u0142\u00f3wna\",\"item\":\"https:\\\/\\\/escort-technology.com\\\/\"},{\"@type\":\"ListItem\",\"position\":2,\"name\":\"Radary Simrad HALO\"}]},{\"@type\":\"WebSite\",\"@id\":\"http:\\\/\\\/escort-technology.com\\\/de\\\/#website\",\"url\":\"http:\\\/\\\/escort-technology.com\\\/de\\\/\",\"name\":\"ESCORT TECHNOLOGY\",\"description\":\"Elektronika morska i l\u0105dowa\",\"publisher\":{\"@id\":\"http:\\\/\\\/escort-technology.com\\\/de\\\/#organization\"},\"potentialAction\":[{\"@type\":\"SearchAction\",\"target\":{\"@type\":\"EntryPoint\",\"urlTemplate\":\"http:\\\/\\\/escort-technology.com\\\/de\\\/?s={search_term_string}\"},\"query-input\":{\"@type\":\"PropertyValueSpecification\",\"valueRequired\":true,\"valueName\":\"search_term_string\"}}],\"inLanguage\":\"pl-PL\"},{\"@type\":\"Organization\",\"@id\":\"http:\\\/\\\/escort-technology.com\\\/de\\\/#organization\",\"name\":\"ESCORT TECHNOLOGY\",\"url\":\"http:\\\/\\\/escort-technology.com\\\/de\\\/\",\"logo\":{\"@type\":\"ImageObject\",\"inLanguage\":\"pl-PL\",\"@id\":\"http:\\\/\\\/escort-technology.com\\\/de\\\/#\\\/schema\\\/logo\\\/image\\\/\",\"url\":\"https:\\\/\\\/escort-technology.com\\\/wp-content\\\/uploads\\\/logo-1.jpg\",\"contentUrl\":\"https:\\\/\\\/escort-technology.com\\\/wp-content\\\/uploads\\\/logo-1.jpg\",\"width\":600,\"height\":165,\"caption\":\"ESCORT TECHNOLOGY\"},\"image\":{\"@id\":\"http:\\\/\\\/escort-technology.com\\\/de\\\/#\\\/schema\\\/logo\\\/image\\\/\"},\"sameAs\":[\"https:\\\/\\\/www.facebook.com\\\/elektronika.morska\\\/\",\"https:\\\/\\\/www.linkedin.com\\\/company\\\/escort-sp-z-o-o-\\\/\"]}]}<\/script>\n<!-- \/ Yoast SEO plugin. -->","yoast_head_json":{"title":"Radary Simrad HALO - ESCORT TECHNOLOGY","robots":{"index":"index","follow":"follow","max-snippet":"max-snippet:-1","max-image-preview":"max-image-preview:large","max-video-preview":"max-video-preview:-1"},"canonical":"https:\/\/escort-technology.com\/pl\/radary-simrad-halo\/","og_locale":"pl_PL","og_type":"article","og_title":"Radary Simrad HALO - ESCORT TECHNOLOGY","og_description":"Radary Simrad HALO Skorzystaj z bezpieczniejszej nawigacji i niezr\u00f3wnanej \u0142atwo\u015bci obs\u0142ugi dzi\u0119ki nowemu radarowi HALO\u00ae 2000 Open Array i HALO\u00ae 3000 Open Array. Zaawansowana technologia kompresji impuls\u00f3w pozwala wykrywa\u0107 ptaki, zagro\u017cenia i burze z najwy\u017csz\u0105 precyzj\u0105 zar\u00f3wno na kr\u00f3tkich, jak i d\u0142ugich dystansach. Zakres tryb\u00f3w zaprogramowanych i zwi\u0119kszona moc zapewniaj\u0105 sta\u0142y spok\u00f3j ducha. Radar Simrad [&hellip;]","og_url":"https:\/\/escort-technology.com\/pl\/radary-simrad-halo\/","og_site_name":"ESCORT TECHNOLOGY","article_publisher":"https:\/\/www.facebook.com\/elektronika.morska\/","article_modified_time":"2025-11-04T10:36:08+00:00","twitter_card":"summary_large_image","twitter_misc":{"Szacowany czas czytania":"1 minuta"},"schema":{"@context":"https:\/\/schema.org","@graph":[{"@type":"WebPage","@id":"https:\/\/escort-technology.com\/radary-simrad-halo\/","url":"https:\/\/escort-technology.com\/radary-simrad-halo\/","name":"Radary Simrad HALO - ESCORT TECHNOLOGY","isPartOf":{"@id":"http:\/\/escort-technology.com\/de\/#website"},"datePublished":"2018-03-08T11:57:46+00:00","dateModified":"2025-11-04T10:36:08+00:00","breadcrumb":{"@id":"https:\/\/escort-technology.com\/radary-simrad-halo\/#breadcrumb"},"inLanguage":"pl-PL","potentialAction":[{"@type":"ReadAction","target":["https:\/\/escort-technology.com\/radary-simrad-halo\/"]}]},{"@type":"BreadcrumbList","@id":"https:\/\/escort-technology.com\/radary-simrad-halo\/#breadcrumb","itemListElement":[{"@type":"ListItem","position":1,"name":"Strona g\u0142\u00f3wna","item":"https:\/\/escort-technology.com\/"},{"@type":"ListItem","position":2,"name":"Radary Simrad HALO"}]},{"@type":"WebSite","@id":"http:\/\/escort-technology.com\/de\/#website","url":"http:\/\/escort-technology.com\/de\/","name":"ESCORT TECHNOLOGY","description":"Elektronika morska i l\u0105dowa","publisher":{"@id":"http:\/\/escort-technology.com\/de\/#organization"},"potentialAction":[{"@type":"SearchAction","target":{"@type":"EntryPoint","urlTemplate":"http:\/\/escort-technology.com\/de\/?s={search_term_string}"},"query-input":{"@type":"PropertyValueSpecification","valueRequired":true,"valueName":"search_term_string"}}],"inLanguage":"pl-PL"},{"@type":"Organization","@id":"http:\/\/escort-technology.com\/de\/#organization","name":"ESCORT TECHNOLOGY","url":"http:\/\/escort-technology.com\/de\/","logo":{"@type":"ImageObject","inLanguage":"pl-PL","@id":"http:\/\/escort-technology.com\/de\/#\/schema\/logo\/image\/","url":"https:\/\/escort-technology.com\/wp-content\/uploads\/logo-1.jpg","contentUrl":"https:\/\/escort-technology.com\/wp-content\/uploads\/logo-1.jpg","width":600,"height":165,"caption":"ESCORT TECHNOLOGY"},"image":{"@id":"http:\/\/escort-technology.com\/de\/#\/schema\/logo\/image\/"},"sameAs":["https:\/\/www.facebook.com\/elektronika.morska\/","https:\/\/www.linkedin.com\/company\/escort-sp-z-o-o-\/"]}]}},"_links":{"self":[{"href":"https:\/\/escort-technology.com\/pl\/wp-json\/wp\/v2\/pages\/2055","targetHints":{"allow":["GET"]}}],"collection":[{"href":"https:\/\/escort-technology.com\/pl\/wp-json\/wp\/v2\/pages"}],"about":[{"href":"https:\/\/escort-technology.com\/pl\/wp-json\/wp\/v2\/types\/page"}],"author":[{"embeddable":true,"href":"https:\/\/escort-technology.com\/pl\/wp-json\/wp\/v2\/users\/6"}],"replies":[{"embeddable":true,"href":"https:\/\/escort-technology.com\/pl\/wp-json\/wp\/v2\/comments?post=2055"}],"version-history":[{"count":9,"href":"https:\/\/escort-technology.com\/pl\/wp-json\/wp\/v2\/pages\/2055\/revisions"}],"predecessor-version":[{"id":14722,"href":"https:\/\/escort-technology.com\/pl\/wp-json\/wp\/v2\/pages\/2055\/revisions\/14722"}],"wp:attachment":[{"href":"https:\/\/escort-technology.com\/pl\/wp-json\/wp\/v2\/media?parent=2055"}],"curies":[{"name":"wp","href":"https:\/\/api.w.org\/{rel}","templated":true}]}}