{"id":22,"date":"2016-12-12T15:54:51","date_gmt":"2016-12-12T15:54:51","guid":{"rendered":"http:\/\/localhost\/yootheme_pro\/2017\/Fjord\/Website_WP\/index.php\/scandinavia\/"},"modified":"2018-02-01T14:50:26","modified_gmt":"2018-02-01T14:50:26","slug":"scandinavia","status":"publish","type":"page","link":"https:\/\/escort-technology.com\/pl\/scandinavia\/","title":{"rendered":"Scandinavia"},"content":{"rendered":"<p><h3>Siedziba G\u0142\u00f3wna<\/h3>\n<\/p>\n<p>ESCORT Sp. z o.o.<br \/>ul. gen. Dezyderego Ch\u0142apowskiego 8<br \/>70-103 Szczecin<br \/> tel. +48 91 43 10 400<br \/> fax +48 91 48 24 777<br \/> e-mail: <a href=\"mailto:escort@escort.com.pl\">escort<\/a><\/p>\n<p><h3>Oddzia\u0142 w Gda\u0144sku<\/h3>\n<\/p>\n<p>ESCORT Sp. z o.o.<br \/> ul. Marynarki Polskiej 80<br \/> 80-557 Gda\u0144sk<br \/> tel. +48 58 34 18 459<br \/> fax +48 58 34 18 459<br \/> e-mail: <a href=\"mailto:gdansk@escort.com.pl\">gdansk<\/a><\/p>\n<p>DZIA\u0141Y W FIRMIE<\/p>\n<p>DANE DO FAKTURY<\/p>\n<p><!-- {\"name\":\"\",\"type\":\"layout\",\"children\":[{\"name\":\"2\",\"type\":\"section\",\"props\":{\"width\":\"default\",\"padding\":\"xsmall\",\"style\":\"default\",\"text_color\":\"\",\"media\":\"\",\"height_viewport\":false,\"header_overlay\":\"light\",\"animation\":\"slide-top-medium\",\"padding_remove_top\":false,\"image_size\":\"cover\",\"image\":\"wp-content\\\/uploads\\\/home-explore.jpg\",\"image_position\":\"bottom-center\",\"image_fixed\":false,\"class\":\"\",\"overlap\":true,\"vertical_align\":\"middle\",\"title_position\":\"top-left\",\"title_rotation\":\"left\",\"title_breakpoint\":\"xl\"},\"children\":[{\"name\":\"\",\"type\":\"row\",\"props\":{\"layout\":\"1-1\",\"breakpoint\":\"m\",\"margin\":\"\",\"fixed_width\":\"large\"},\"children\":[{\"name\":\"\",\"type\":\"column\",\"props\":{\"image_position\":\"center-center\",\"widths\":[\"1-1\"]},\"children\":[{\"name\":\"\",\"type\":\"divider\",\"props\":{\"divider_element\":\"hr\",\"margin\":\"small\"}}]}]},{\"name\":\"\",\"type\":\"row\",\"props\":{\"fixed_width\":\"large\",\"breakpoint\":\"m\",\"layout\":\",\",\"vertical_align\":true,\"gutter\":\"large\",\"margin\":\"large\"},\"children\":[{\"name\":\"\",\"type\":\"column\",\"props\":{\"image_position\":\"center-center\",\"widths\":[\"\"]},\"children\":[{\"name\":\"\",\"type\":\"headline\",\"props\":{\"title_element\":\"h2\",\"content\":\"\n\n<h3>Siedziba G\\u0142\\u00f3wna<\\\/h3>\",\"animation\":\"slide-left-medium\",\"title_style\":\"h1\",\"margin\":\"small\",\"text_align\":\"left\",\"text_align_breakpoint\":\"m\",\"text_align_fallback\":\"center\"}},{\"name\":\"\",\"type\":\"text\",\"props\":{\"column_breakpoint\":\"m\",\"margin\":\"medium\",\"content\":\"\n\n<p>ESCORT Sp. z o.o.<br \\\/>ul. gen. Dezyderego Ch\\u0142apowskiego 8<br \\\/>70-103 Szczecin<br \\\/> tel. +48 91 43 10 400<br \\\/> fax +48 91 48 24 777<br \\\/> e-mail: <a href=\\\"mailto:escort@escort.com.pl\\\">escort<\\\/a><\\\/p>\",\"animation\":\"slide-left-medium\",\"text_align\":\"left\",\"text_align_breakpoint\":\"m\",\"text_align_fallback\":\"center\"}},{\"name\":\"\",\"type\":\"headline\",\"props\":{\"title_element\":\"h2\",\"content\":\"\n\n<h3>Oddzia\\u0142 w Gda\\u0144sku<\\\/h3>\",\"animation\":\"slide-left-medium\",\"title_style\":\"h1\",\"margin\":\"small\",\"text_align\":\"left\",\"text_align_breakpoint\":\"m\",\"text_align_fallback\":\"center\"}},{\"name\":\"\",\"type\":\"text\",\"props\":{\"column_breakpoint\":\"m\",\"margin\":\"medium\",\"content\":\"\n\n<p>ESCORT Sp. z o.o.<br \\\/> ul. Marynarki Polskiej 80<br \\\/> 80-557 Gda\\u0144sk<br \\\/> tel. +48 58 34 18 459<br \\\/> fax +48 58 34 18 459<br \\\/> e-mail: <a href=\\\"mailto:gdansk@escort.com.pl\\\">gdansk<\\\/a><\\\/p>\",\"animation\":\"slide-left-medium\",\"text_align\":\"left\",\"text_align_breakpoint\":\"m\",\"text_align_fallback\":\"center\"}}]},{\"name\":\"\",\"type\":\"column\",\"props\":{\"image_position\":\"center-center\",\"widths\":[\"\"]},\"children\":[{\"name\":\"\",\"type\":\"map\",\"props\":{\"show_title\":true,\"type\":\"roadmap\",\"zoom\":10,\"controls\":true,\"zooming\":false,\"dragging\":false},\"children\":[{\"name\":\"\",\"type\":\"map_marker\",\"props\":{\"location\":\"53.4131,14.5374\"}},{\"name\":\"\",\"type\":\"map_marker\",\"props\":{\"location\":\"54.387,18.6475\"}}]},{\"name\":\"\",\"type\":\"divider\",\"props\":{\"divider_element\":\"hr\"}},{\"name\":\"\",\"type\":\"map\",\"props\":{\"show_title\":true,\"type\":\"roadmap\",\"zoom\":10,\"controls\":true,\"zooming\":false,\"dragging\":false},\"children\":[{\"name\":\"\",\"type\":\"map_marker\",\"props\":{\"location\":\"54.387,18.6475\"}}]}]}]},{\"name\":\"\",\"type\":\"row\",\"props\":{\"fixed_width\":\"large\",\"breakpoint\":\"m\",\"layout\":\"1-1\",\"margin\":\"large\"},\"children\":[{\"name\":\"\",\"type\":\"column\",\"props\":{\"image_position\":\"center-center\",\"widths\":[\"1-1\"]},\"children\":[{\"name\":\"\",\"type\":\"button\",\"props\":{\"gutter\":\"small\",\"inline_align\":\"center\",\"margin\":\"\",\"text_align\":\"center\",\"button_size\":\"large\",\"animation\":\"slide-bottom-medium\"},\"children\":[{\"name\":\"\",\"type\":\"button_item\",\"props\":{\"button_style\":\"secondary\",\"content\":\"DZIA\\u0141Y W FIRMIE\",\"link\":\"index.php?page_id=22\",\"link_title\":\"Explore More\",\"icon_align\":\"left\"}},{\"name\":\"\",\"type\":\"button_item\",\"props\":{\"button_style\":\"secondary\",\"content\":\"DANE DO FAKTURY\",\"link\":\"index.php?page_id=22\",\"link_title\":\"DANE DO FAKTURY\",\"icon_align\":\"left\"}}]}]}]}]}]} --><\/p>\n","protected":false},"excerpt":{"rendered":"<p>Siedziba G\u0142\u00f3wna ESCORT Sp. z o.o.ul. gen. Dezyderego Ch\u0142apowskiego 870-103 Szczecin tel. +48 91 43 10 400 fax +48 91 48 24 777 e-mail: escort Oddzia\u0142 w Gda\u0144sku ESCORT Sp. z o.o. ul. Marynarki Polskiej 80 80-557 Gda\u0144sk tel. +48 58 34 18 459 fax +48 58 34 18 459 e-mail: gdansk DZIA\u0141Y W FIRMIE [&hellip;]<\/p>\n","protected":false},"author":1,"featured_media":0,"parent":0,"menu_order":3,"comment_status":"closed","ping_status":"closed","template":"","meta":{"footnotes":""},"class_list":["post-22","page","type-page","status-publish","hentry"],"yoast_head":"<!-- This site is optimized with the Yoast SEO plugin v27.5 - https:\/\/yoast.com\/product\/yoast-seo-wordpress\/ -->\n<title>Scandinavia - ESCORT TECHNOLOGY<\/title>\n<meta name=\"robots\" content=\"index, follow, max-snippet:-1, max-image-preview:large, max-video-preview:-1\" \/>\n<link rel=\"canonical\" href=\"https:\/\/escort-technology.com\/pl\/scandinavia\/\" \/>\n<meta property=\"og:locale\" content=\"pl_PL\" \/>\n<meta property=\"og:type\" content=\"article\" \/>\n<meta property=\"og:title\" content=\"Scandinavia - ESCORT TECHNOLOGY\" \/>\n<meta property=\"og:description\" content=\"Siedziba G\u0142\u00f3wna ESCORT Sp. z o.o.ul. gen. Dezyderego Ch\u0142apowskiego 870-103 Szczecin tel. +48 91 43 10 400 fax +48 91 48 24 777 e-mail: escort Oddzia\u0142 w Gda\u0144sku ESCORT Sp. z o.o. ul. Marynarki Polskiej 80 80-557 Gda\u0144sk tel. +48 58 34 18 459 fax +48 58 34 18 459 e-mail: gdansk DZIA\u0141Y W FIRMIE [&hellip;]\" \/>\n<meta property=\"og:url\" content=\"https:\/\/escort-technology.com\/pl\/scandinavia\/\" \/>\n<meta property=\"og:site_name\" content=\"ESCORT TECHNOLOGY\" \/>\n<meta property=\"article:publisher\" content=\"https:\/\/www.facebook.com\/elektronika.morska\/\" \/>\n<meta property=\"article:modified_time\" content=\"2018-02-01T14:50:26+00:00\" \/>\n<meta name=\"twitter:card\" content=\"summary_large_image\" \/>\n<script type=\"application\/ld+json\" class=\"yoast-schema-graph\">{\"@context\":\"https:\\\/\\\/schema.org\",\"@graph\":[{\"@type\":\"WebPage\",\"@id\":\"https:\\\/\\\/escort-technology.com\\\/en\\\/scandinavia\\\/\",\"url\":\"https:\\\/\\\/escort-technology.com\\\/en\\\/scandinavia\\\/\",\"name\":\"Scandinavia - ESCORT TECHNOLOGY\",\"isPartOf\":{\"@id\":\"http:\\\/\\\/escort-technology.com\\\/de\\\/#website\"},\"datePublished\":\"2016-12-12T15:54:51+00:00\",\"dateModified\":\"2018-02-01T14:50:26+00:00\",\"breadcrumb\":{\"@id\":\"https:\\\/\\\/escort-technology.com\\\/en\\\/scandinavia\\\/#breadcrumb\"},\"inLanguage\":\"pl-PL\",\"potentialAction\":[{\"@type\":\"ReadAction\",\"target\":[\"https:\\\/\\\/escort-technology.com\\\/en\\\/scandinavia\\\/\"]}]},{\"@type\":\"BreadcrumbList\",\"@id\":\"https:\\\/\\\/escort-technology.com\\\/en\\\/scandinavia\\\/#breadcrumb\",\"itemListElement\":[{\"@type\":\"ListItem\",\"position\":1,\"name\":\"Strona g\u0142\u00f3wna\",\"item\":\"https:\\\/\\\/escort-technology.com\\\/\"},{\"@type\":\"ListItem\",\"position\":2,\"name\":\"Scandinavia\"}]},{\"@type\":\"WebSite\",\"@id\":\"http:\\\/\\\/escort-technology.com\\\/de\\\/#website\",\"url\":\"http:\\\/\\\/escort-technology.com\\\/de\\\/\",\"name\":\"ESCORT TECHNOLOGY\",\"description\":\"Elektronika morska i l\u0105dowa\",\"publisher\":{\"@id\":\"http:\\\/\\\/escort-technology.com\\\/de\\\/#organization\"},\"potentialAction\":[{\"@type\":\"SearchAction\",\"target\":{\"@type\":\"EntryPoint\",\"urlTemplate\":\"http:\\\/\\\/escort-technology.com\\\/de\\\/?s={search_term_string}\"},\"query-input\":{\"@type\":\"PropertyValueSpecification\",\"valueRequired\":true,\"valueName\":\"search_term_string\"}}],\"inLanguage\":\"pl-PL\"},{\"@type\":\"Organization\",\"@id\":\"http:\\\/\\\/escort-technology.com\\\/de\\\/#organization\",\"name\":\"ESCORT TECHNOLOGY\",\"url\":\"http:\\\/\\\/escort-technology.com\\\/de\\\/\",\"logo\":{\"@type\":\"ImageObject\",\"inLanguage\":\"pl-PL\",\"@id\":\"http:\\\/\\\/escort-technology.com\\\/de\\\/#\\\/schema\\\/logo\\\/image\\\/\",\"url\":\"https:\\\/\\\/escort-technology.com\\\/wp-content\\\/uploads\\\/logo-1.jpg\",\"contentUrl\":\"https:\\\/\\\/escort-technology.com\\\/wp-content\\\/uploads\\\/logo-1.jpg\",\"width\":600,\"height\":165,\"caption\":\"ESCORT TECHNOLOGY\"},\"image\":{\"@id\":\"http:\\\/\\\/escort-technology.com\\\/de\\\/#\\\/schema\\\/logo\\\/image\\\/\"},\"sameAs\":[\"https:\\\/\\\/www.facebook.com\\\/elektronika.morska\\\/\",\"https:\\\/\\\/www.linkedin.com\\\/company\\\/escort-sp-z-o-o-\\\/\"]}]}<\/script>\n<!-- \/ Yoast SEO plugin. -->","yoast_head_json":{"title":"Scandinavia - ESCORT TECHNOLOGY","robots":{"index":"index","follow":"follow","max-snippet":"max-snippet:-1","max-image-preview":"max-image-preview:large","max-video-preview":"max-video-preview:-1"},"canonical":"https:\/\/escort-technology.com\/pl\/scandinavia\/","og_locale":"pl_PL","og_type":"article","og_title":"Scandinavia - ESCORT TECHNOLOGY","og_description":"Siedziba G\u0142\u00f3wna ESCORT Sp. z o.o.ul. gen. Dezyderego Ch\u0142apowskiego 870-103 Szczecin tel. +48 91 43 10 400 fax +48 91 48 24 777 e-mail: escort Oddzia\u0142 w Gda\u0144sku ESCORT Sp. z o.o. ul. Marynarki Polskiej 80 80-557 Gda\u0144sk tel. +48 58 34 18 459 fax +48 58 34 18 459 e-mail: gdansk DZIA\u0141Y W FIRMIE [&hellip;]","og_url":"https:\/\/escort-technology.com\/pl\/scandinavia\/","og_site_name":"ESCORT TECHNOLOGY","article_publisher":"https:\/\/www.facebook.com\/elektronika.morska\/","article_modified_time":"2018-02-01T14:50:26+00:00","twitter_card":"summary_large_image","schema":{"@context":"https:\/\/schema.org","@graph":[{"@type":"WebPage","@id":"https:\/\/escort-technology.com\/en\/scandinavia\/","url":"https:\/\/escort-technology.com\/en\/scandinavia\/","name":"Scandinavia - ESCORT TECHNOLOGY","isPartOf":{"@id":"http:\/\/escort-technology.com\/de\/#website"},"datePublished":"2016-12-12T15:54:51+00:00","dateModified":"2018-02-01T14:50:26+00:00","breadcrumb":{"@id":"https:\/\/escort-technology.com\/en\/scandinavia\/#breadcrumb"},"inLanguage":"pl-PL","potentialAction":[{"@type":"ReadAction","target":["https:\/\/escort-technology.com\/en\/scandinavia\/"]}]},{"@type":"BreadcrumbList","@id":"https:\/\/escort-technology.com\/en\/scandinavia\/#breadcrumb","itemListElement":[{"@type":"ListItem","position":1,"name":"Strona g\u0142\u00f3wna","item":"https:\/\/escort-technology.com\/"},{"@type":"ListItem","position":2,"name":"Scandinavia"}]},{"@type":"WebSite","@id":"http:\/\/escort-technology.com\/de\/#website","url":"http:\/\/escort-technology.com\/de\/","name":"ESCORT TECHNOLOGY","description":"Elektronika morska i l\u0105dowa","publisher":{"@id":"http:\/\/escort-technology.com\/de\/#organization"},"potentialAction":[{"@type":"SearchAction","target":{"@type":"EntryPoint","urlTemplate":"http:\/\/escort-technology.com\/de\/?s={search_term_string}"},"query-input":{"@type":"PropertyValueSpecification","valueRequired":true,"valueName":"search_term_string"}}],"inLanguage":"pl-PL"},{"@type":"Organization","@id":"http:\/\/escort-technology.com\/de\/#organization","name":"ESCORT TECHNOLOGY","url":"http:\/\/escort-technology.com\/de\/","logo":{"@type":"ImageObject","inLanguage":"pl-PL","@id":"http:\/\/escort-technology.com\/de\/#\/schema\/logo\/image\/","url":"https:\/\/escort-technology.com\/wp-content\/uploads\/logo-1.jpg","contentUrl":"https:\/\/escort-technology.com\/wp-content\/uploads\/logo-1.jpg","width":600,"height":165,"caption":"ESCORT TECHNOLOGY"},"image":{"@id":"http:\/\/escort-technology.com\/de\/#\/schema\/logo\/image\/"},"sameAs":["https:\/\/www.facebook.com\/elektronika.morska\/","https:\/\/www.linkedin.com\/company\/escort-sp-z-o-o-\/"]}]}},"_links":{"self":[{"href":"https:\/\/escort-technology.com\/pl\/wp-json\/wp\/v2\/pages\/22","targetHints":{"allow":["GET"]}}],"collection":[{"href":"https:\/\/escort-technology.com\/pl\/wp-json\/wp\/v2\/pages"}],"about":[{"href":"https:\/\/escort-technology.com\/pl\/wp-json\/wp\/v2\/types\/page"}],"author":[{"embeddable":true,"href":"https:\/\/escort-technology.com\/pl\/wp-json\/wp\/v2\/users\/1"}],"replies":[{"embeddable":true,"href":"https:\/\/escort-technology.com\/pl\/wp-json\/wp\/v2\/comments?post=22"}],"version-history":[{"count":6,"href":"https:\/\/escort-technology.com\/pl\/wp-json\/wp\/v2\/pages\/22\/revisions"}],"predecessor-version":[{"id":348,"href":"https:\/\/escort-technology.com\/pl\/wp-json\/wp\/v2\/pages\/22\/revisions\/348"}],"wp:attachment":[{"href":"https:\/\/escort-technology.com\/pl\/wp-json\/wp\/v2\/media?parent=22"}],"curies":[{"name":"wp","href":"https:\/\/api.w.org\/{rel}","templated":true}]}}