{"id":2242,"date":"2018-03-09T13:08:46","date_gmt":"2018-03-09T13:08:46","guid":{"rendered":"http:\/\/escort-technology.com\/?page_id=2242"},"modified":"2018-03-09T13:11:10","modified_gmt":"2018-03-09T13:11:10","slug":"nadajnik-wychylenia-steru-simrad-rf14xu","status":"publish","type":"page","link":"https:\/\/escort-technology.com\/pl\/nadajnik-wychylenia-steru-simrad-rf14xu\/","title":{"rendered":"Nadajnik wychylenia steru SIMRAD RF14XU"},"content":{"rendered":"<p>Nadajnik wychylenia steru SIMRAD RF14XU<\/p>\n<p>Nadajnik wychylenia steru informuje o sygnale, proporcjonalnym do k\u0105ta steru. Jest on zamontowany blisko trzonu steru, mechanicznie po\u0142\u0105czony z sterem za po\u015brednictwem \u0142\u0105cza transmisyjnego w stosunku 1: 1.<\/p>\n<p>D\u0142uga jednostka sprz\u0119\u017cenia zwrotnego z po\u0142\u0105czeniem transmisyjnym.<br \/>\nOddzielne wyj\u015bcie danych dla wska\u017anik\u00f3w k\u0105ta steru.<br \/>\nWymaga napi\u0119cia zasilania 24VDC.<\/p>\n<p>Nadajnik wychylenia steru SIMRAD RF14XU Jednostka sprz\u0119\u017cenia zwrotnego RF14XU sk\u0142ada si\u0119 z obudowy poliestrowej, odpornej na ogie\u0144 oraz z uchwytu monta\u017cowego wykonanego z aluminium odpornego na dzia\u0142anie s\u0142onej wody. Zawiera wy\u0142\u0105czniki kra\u0144cowe potencjometru i elektroniczny modu\u0142 nap\u0119dowy.<\/p>\n<p><!-- {\"name\":\"\",\"type\":\"layout\",\"children\":[{\"name\":\"ANTENA\",\"type\":\"section\",\"props\":{\"width\":\"default\",\"padding\":\"xsmall\",\"style\":\"default\",\"text_color\":\"\",\"media\":\"\",\"height_viewport\":false,\"header_overlay\":\"light\",\"animation\":\"slide-top-medium\",\"padding_remove_top\":false,\"image_size\":\"cover\",\"image\":\"\",\"image_position\":\"bottom-center\",\"image_fixed\":false,\"class\":\"\",\"overlap\":true,\"vertical_align\":\"middle\",\"title_position\":\"top-left\",\"title_rotation\":\"left\",\"title_breakpoint\":\"xl\"},\"children\":[{\"name\":\"\",\"type\":\"row\",\"props\":{\"layout\":\"1-1\",\"breakpoint\":\"m\",\"margin\":\"\",\"fixed_width\":\"large\"},\"children\":[{\"name\":\"\",\"type\":\"column\",\"props\":{\"image_position\":\"center-center\",\"widths\":[\"1-1\"]},\"children\":[{\"name\":\"\",\"type\":\"headline\",\"props\":{\"title_element\":\"h2\",\"content\":\"Nadajnik wychylenia steru SIMRAD RF14XU\",\"text_align\":\"center\",\"text_align_fallback\":\"center\",\"maxwidth_align\":\"center\",\"maxwidth\":\"\",\"title_style\":\"h2\",\"title_decoration\":\"\",\"margin\":\"\"}},{\"name\":\"\",\"type\":\"divider\",\"props\":{\"divider_element\":\"hr\"}}]}]},{\"name\":\"\",\"type\":\"row\",\"props\":{\"fixed_width\":\"large\",\"breakpoint\":\"m\",\"layout\":\",2-3\",\"margin\":\"medium\"},\"children\":[{\"name\":\"\",\"type\":\"column\",\"props\":{\"widths\":[\"\"],\"image_position\":\"center-center\"},\"children\":[{\"name\":\"\",\"type\":\"image\",\"props\":{\"margin\":\"default\",\"image\":\"wp-content\\\/uploads\\\/RF14XU_Rudder_Feedback_md.jpg\",\"image_width\":\"300\",\"image_box_shadow\":\"\",\"image_border\":\"rounded\",\"text_align\":\"center\"}}]},{\"name\":\"\",\"type\":\"column\",\"props\":{\"widths\":[\"2-3\"],\"image_position\":\"center-center\"},\"children\":[{\"name\":\"\",\"type\":\"text\",\"props\":{\"column_breakpoint\":\"m\",\"margin\":\"medium\",\"content\":\"\n\n<p>Nadajnik wychylenia steru informuje o sygnale, proporcjonalnym do k\\u0105ta steru. Jest on zamontowany blisko trzonu steru, mechanicznie po\\u0142\\u0105czony z sterem za po\\u015brednictwem \\u0142\\u0105cza transmisyjnego w stosunku 1: 1.<\\\/p>\\n\n\n<ul>\\n\n\n<li>D\\u0142uga jednostka sprz\\u0119\\u017cenia zwrotnego z po\\u0142\\u0105czeniem transmisyjnym.<\\\/li>\\n\n\n<li>Oddzielne wyj\\u015bcie danych dla wska\\u017anik\\u00f3w k\\u0105ta steru.<\\\/li>\\n\n\n<li>Wymaga napi\\u0119cia zasilania 24VDC.<\\\/li>\\n<\\\/ul>\\n\n\n<p><strong>Nadajnik wychylenia steru SIMRAD RF14XU<\\\/strong> <br \\\/>Jednostka sprz\\u0119\\u017cenia zwrotnego RF14XU sk\\u0142ada si\\u0119 z obudowy poliestrowej, odpornej na ogie\\u0144 oraz z uchwytu monta\\u017cowego wykonanego z aluminium odpornego na dzia\\u0142anie s\\u0142onej wody. Zawiera wy\\u0142\\u0105czniki kra\\u0144cowe potencjometru i elektroniczny modu\\u0142 nap\\u0119dowy.<\\\/p>\",\"animation\":\"slide-left-medium\",\"text_align\":\"justify\",\"text_align_breakpoint\":\"m\",\"text_align_fallback\":\"center\",\"text_size\":\"\",\"maxwidth\":\"xlarge\"}}]}]}]}]} --><\/p>\n","protected":false},"excerpt":{"rendered":"<p>Nadajnik wychylenia steru SIMRAD RF14XU Nadajnik wychylenia steru informuje o sygnale, proporcjonalnym do k\u0105ta steru. Jest on zamontowany blisko trzonu steru, mechanicznie po\u0142\u0105czony z sterem za po\u015brednictwem \u0142\u0105cza transmisyjnego w stosunku 1: 1. D\u0142uga jednostka sprz\u0119\u017cenia zwrotnego z po\u0142\u0105czeniem transmisyjnym. Oddzielne wyj\u015bcie danych dla wska\u017anik\u00f3w k\u0105ta steru. Wymaga napi\u0119cia zasilania 24VDC. Nadajnik wychylenia steru SIMRAD [&hellip;]<\/p>\n","protected":false},"author":6,"featured_media":0,"parent":0,"menu_order":0,"comment_status":"closed","ping_status":"closed","template":"","meta":{"footnotes":""},"class_list":["post-2242","page","type-page","status-publish","hentry"],"yoast_head":"<!-- This site is optimized with the Yoast SEO plugin v27.4 - https:\/\/yoast.com\/product\/yoast-seo-wordpress\/ -->\n<title>Nadajnik wychylenia steru SIMRAD RF14XU - ESCORT TECHNOLOGY<\/title>\n<meta name=\"robots\" content=\"index, follow, max-snippet:-1, max-image-preview:large, max-video-preview:-1\" \/>\n<link rel=\"canonical\" href=\"http:\/\/escort-technology.com\/pl\/nadajnik-wychylenia-steru-simrad-rf14xu\/\" \/>\n<meta property=\"og:locale\" content=\"pl_PL\" \/>\n<meta property=\"og:type\" content=\"article\" \/>\n<meta property=\"og:title\" content=\"Nadajnik wychylenia steru SIMRAD RF14XU - ESCORT TECHNOLOGY\" \/>\n<meta property=\"og:description\" content=\"Nadajnik wychylenia steru SIMRAD RF14XU Nadajnik wychylenia steru informuje o sygnale, proporcjonalnym do k\u0105ta steru. Jest on zamontowany blisko trzonu steru, mechanicznie po\u0142\u0105czony z sterem za po\u015brednictwem \u0142\u0105cza transmisyjnego w stosunku 1: 1. D\u0142uga jednostka sprz\u0119\u017cenia zwrotnego z po\u0142\u0105czeniem transmisyjnym. Oddzielne wyj\u015bcie danych dla wska\u017anik\u00f3w k\u0105ta steru. Wymaga napi\u0119cia zasilania 24VDC. Nadajnik wychylenia steru SIMRAD [&hellip;]\" \/>\n<meta property=\"og:url\" content=\"http:\/\/escort-technology.com\/pl\/nadajnik-wychylenia-steru-simrad-rf14xu\/\" \/>\n<meta property=\"og:site_name\" content=\"ESCORT TECHNOLOGY\" \/>\n<meta property=\"article:publisher\" content=\"https:\/\/www.facebook.com\/elektronika.morska\/\" \/>\n<meta property=\"article:modified_time\" content=\"2018-03-09T13:11:10+00:00\" \/>\n<meta name=\"twitter:card\" content=\"summary_large_image\" \/>\n<meta name=\"twitter:label1\" content=\"Szacowany czas czytania\" \/>\n\t<meta name=\"twitter:data1\" content=\"1 minuta\" \/>\n<script type=\"application\/ld+json\" class=\"yoast-schema-graph\">{\"@context\":\"https:\\\/\\\/schema.org\",\"@graph\":[{\"@type\":\"WebPage\",\"@id\":\"http:\\\/\\\/escort-technology.com\\\/en\\\/nadajnik-wychylenia-steru-simrad-rf14xu\\\/\",\"url\":\"http:\\\/\\\/escort-technology.com\\\/en\\\/nadajnik-wychylenia-steru-simrad-rf14xu\\\/\",\"name\":\"Nadajnik wychylenia steru SIMRAD RF14XU - ESCORT TECHNOLOGY\",\"isPartOf\":{\"@id\":\"http:\\\/\\\/escort-technology.com\\\/de\\\/#website\"},\"datePublished\":\"2018-03-09T13:08:46+00:00\",\"dateModified\":\"2018-03-09T13:11:10+00:00\",\"breadcrumb\":{\"@id\":\"http:\\\/\\\/escort-technology.com\\\/en\\\/nadajnik-wychylenia-steru-simrad-rf14xu\\\/#breadcrumb\"},\"inLanguage\":\"pl-PL\",\"potentialAction\":[{\"@type\":\"ReadAction\",\"target\":[\"http:\\\/\\\/escort-technology.com\\\/en\\\/nadajnik-wychylenia-steru-simrad-rf14xu\\\/\"]}]},{\"@type\":\"BreadcrumbList\",\"@id\":\"http:\\\/\\\/escort-technology.com\\\/en\\\/nadajnik-wychylenia-steru-simrad-rf14xu\\\/#breadcrumb\",\"itemListElement\":[{\"@type\":\"ListItem\",\"position\":1,\"name\":\"Strona g\u0142\u00f3wna\",\"item\":\"https:\\\/\\\/escort-technology.com\\\/\"},{\"@type\":\"ListItem\",\"position\":2,\"name\":\"Nadajnik wychylenia steru SIMRAD RF14XU\"}]},{\"@type\":\"WebSite\",\"@id\":\"http:\\\/\\\/escort-technology.com\\\/de\\\/#website\",\"url\":\"http:\\\/\\\/escort-technology.com\\\/de\\\/\",\"name\":\"ESCORT TECHNOLOGY\",\"description\":\"Elektronika morska i l\u0105dowa\",\"publisher\":{\"@id\":\"http:\\\/\\\/escort-technology.com\\\/de\\\/#organization\"},\"potentialAction\":[{\"@type\":\"SearchAction\",\"target\":{\"@type\":\"EntryPoint\",\"urlTemplate\":\"http:\\\/\\\/escort-technology.com\\\/de\\\/?s={search_term_string}\"},\"query-input\":{\"@type\":\"PropertyValueSpecification\",\"valueRequired\":true,\"valueName\":\"search_term_string\"}}],\"inLanguage\":\"pl-PL\"},{\"@type\":\"Organization\",\"@id\":\"http:\\\/\\\/escort-technology.com\\\/de\\\/#organization\",\"name\":\"ESCORT TECHNOLOGY\",\"url\":\"http:\\\/\\\/escort-technology.com\\\/de\\\/\",\"logo\":{\"@type\":\"ImageObject\",\"inLanguage\":\"pl-PL\",\"@id\":\"http:\\\/\\\/escort-technology.com\\\/de\\\/#\\\/schema\\\/logo\\\/image\\\/\",\"url\":\"https:\\\/\\\/escort-technology.com\\\/wp-content\\\/uploads\\\/logo-1.jpg\",\"contentUrl\":\"https:\\\/\\\/escort-technology.com\\\/wp-content\\\/uploads\\\/logo-1.jpg\",\"width\":600,\"height\":165,\"caption\":\"ESCORT TECHNOLOGY\"},\"image\":{\"@id\":\"http:\\\/\\\/escort-technology.com\\\/de\\\/#\\\/schema\\\/logo\\\/image\\\/\"},\"sameAs\":[\"https:\\\/\\\/www.facebook.com\\\/elektronika.morska\\\/\",\"https:\\\/\\\/www.linkedin.com\\\/company\\\/escort-sp-z-o-o-\\\/\"]}]}<\/script>\n<!-- \/ Yoast SEO plugin. -->","yoast_head_json":{"title":"Nadajnik wychylenia steru SIMRAD RF14XU - ESCORT TECHNOLOGY","robots":{"index":"index","follow":"follow","max-snippet":"max-snippet:-1","max-image-preview":"max-image-preview:large","max-video-preview":"max-video-preview:-1"},"canonical":"http:\/\/escort-technology.com\/pl\/nadajnik-wychylenia-steru-simrad-rf14xu\/","og_locale":"pl_PL","og_type":"article","og_title":"Nadajnik wychylenia steru SIMRAD RF14XU - ESCORT TECHNOLOGY","og_description":"Nadajnik wychylenia steru SIMRAD RF14XU Nadajnik wychylenia steru informuje o sygnale, proporcjonalnym do k\u0105ta steru. Jest on zamontowany blisko trzonu steru, mechanicznie po\u0142\u0105czony z sterem za po\u015brednictwem \u0142\u0105cza transmisyjnego w stosunku 1: 1. D\u0142uga jednostka sprz\u0119\u017cenia zwrotnego z po\u0142\u0105czeniem transmisyjnym. Oddzielne wyj\u015bcie danych dla wska\u017anik\u00f3w k\u0105ta steru. Wymaga napi\u0119cia zasilania 24VDC. Nadajnik wychylenia steru SIMRAD [&hellip;]","og_url":"http:\/\/escort-technology.com\/pl\/nadajnik-wychylenia-steru-simrad-rf14xu\/","og_site_name":"ESCORT TECHNOLOGY","article_publisher":"https:\/\/www.facebook.com\/elektronika.morska\/","article_modified_time":"2018-03-09T13:11:10+00:00","twitter_card":"summary_large_image","twitter_misc":{"Szacowany czas czytania":"1 minuta"},"schema":{"@context":"https:\/\/schema.org","@graph":[{"@type":"WebPage","@id":"http:\/\/escort-technology.com\/en\/nadajnik-wychylenia-steru-simrad-rf14xu\/","url":"http:\/\/escort-technology.com\/en\/nadajnik-wychylenia-steru-simrad-rf14xu\/","name":"Nadajnik wychylenia steru SIMRAD RF14XU - ESCORT TECHNOLOGY","isPartOf":{"@id":"http:\/\/escort-technology.com\/de\/#website"},"datePublished":"2018-03-09T13:08:46+00:00","dateModified":"2018-03-09T13:11:10+00:00","breadcrumb":{"@id":"http:\/\/escort-technology.com\/en\/nadajnik-wychylenia-steru-simrad-rf14xu\/#breadcrumb"},"inLanguage":"pl-PL","potentialAction":[{"@type":"ReadAction","target":["http:\/\/escort-technology.com\/en\/nadajnik-wychylenia-steru-simrad-rf14xu\/"]}]},{"@type":"BreadcrumbList","@id":"http:\/\/escort-technology.com\/en\/nadajnik-wychylenia-steru-simrad-rf14xu\/#breadcrumb","itemListElement":[{"@type":"ListItem","position":1,"name":"Strona g\u0142\u00f3wna","item":"https:\/\/escort-technology.com\/"},{"@type":"ListItem","position":2,"name":"Nadajnik wychylenia steru SIMRAD RF14XU"}]},{"@type":"WebSite","@id":"http:\/\/escort-technology.com\/de\/#website","url":"http:\/\/escort-technology.com\/de\/","name":"ESCORT TECHNOLOGY","description":"Elektronika morska i l\u0105dowa","publisher":{"@id":"http:\/\/escort-technology.com\/de\/#organization"},"potentialAction":[{"@type":"SearchAction","target":{"@type":"EntryPoint","urlTemplate":"http:\/\/escort-technology.com\/de\/?s={search_term_string}"},"query-input":{"@type":"PropertyValueSpecification","valueRequired":true,"valueName":"search_term_string"}}],"inLanguage":"pl-PL"},{"@type":"Organization","@id":"http:\/\/escort-technology.com\/de\/#organization","name":"ESCORT TECHNOLOGY","url":"http:\/\/escort-technology.com\/de\/","logo":{"@type":"ImageObject","inLanguage":"pl-PL","@id":"http:\/\/escort-technology.com\/de\/#\/schema\/logo\/image\/","url":"https:\/\/escort-technology.com\/wp-content\/uploads\/logo-1.jpg","contentUrl":"https:\/\/escort-technology.com\/wp-content\/uploads\/logo-1.jpg","width":600,"height":165,"caption":"ESCORT TECHNOLOGY"},"image":{"@id":"http:\/\/escort-technology.com\/de\/#\/schema\/logo\/image\/"},"sameAs":["https:\/\/www.facebook.com\/elektronika.morska\/","https:\/\/www.linkedin.com\/company\/escort-sp-z-o-o-\/"]}]}},"_links":{"self":[{"href":"https:\/\/escort-technology.com\/pl\/wp-json\/wp\/v2\/pages\/2242","targetHints":{"allow":["GET"]}}],"collection":[{"href":"https:\/\/escort-technology.com\/pl\/wp-json\/wp\/v2\/pages"}],"about":[{"href":"https:\/\/escort-technology.com\/pl\/wp-json\/wp\/v2\/types\/page"}],"author":[{"embeddable":true,"href":"https:\/\/escort-technology.com\/pl\/wp-json\/wp\/v2\/users\/6"}],"replies":[{"embeddable":true,"href":"https:\/\/escort-technology.com\/pl\/wp-json\/wp\/v2\/comments?post=2242"}],"version-history":[{"count":2,"href":"https:\/\/escort-technology.com\/pl\/wp-json\/wp\/v2\/pages\/2242\/revisions"}],"predecessor-version":[{"id":2245,"href":"https:\/\/escort-technology.com\/pl\/wp-json\/wp\/v2\/pages\/2242\/revisions\/2245"}],"wp:attachment":[{"href":"https:\/\/escort-technology.com\/pl\/wp-json\/wp\/v2\/media?parent=2242"}],"curies":[{"name":"wp","href":"https:\/\/api.w.org\/{rel}","templated":true}]}}