{"id":2344,"date":"2018-03-19T10:51:10","date_gmt":"2018-03-19T10:51:10","guid":{"rendered":"http:\/\/escort-technology.com\/?page_id=2344"},"modified":"2018-03-19T11:02:41","modified_gmt":"2018-03-19T11:02:41","slug":"walker-7070-mk2-log-elektromagnetyczny","status":"publish","type":"page","link":"https:\/\/escort-technology.com\/pl\/walker-7070-mk2-log-elektromagnetyczny\/","title":{"rendered":"Walker 7070 MK2 Log elektromagnetyczny"},"content":{"rendered":"<p>Walker 7070 MK2 Log elektromagnetyczny<\/p>\n<p>System Walker 7070 jest urz\u0105dzeniem dostarczaj\u0105cym informacji o pr\u0119dko\u015bci wzgl\u0119dem wody za pomoc\u0105 jednego procesora. Sprz\u0119t posiada uznanie MED dla statk\u00f3w powy\u017cej 500GRT.<\/p>\n<p>pe\u0142na kompatybilno\u015b\u0107 ze wszystkimi podzespo\u0142ami w tym przetwornikami marki Walker<br \/>\nprzedstawienie warto\u015bci \u00a0pr\u0119dko\u015bci i dystansu w spos\u00f3b cyfrowy<br \/>\n4 punkty kalibracji<br \/>\nwyj\u015bcia NMEA 0183 do komunikacji na statku<br \/>\nkompatybilny z wy\u015bwietlaczami w standardzie DIN144<br \/>\nurz\u0105dzenie \u0142atwe w monta\u017cu, obs\u0142udze i serwisowaniu\n<\/p>\n<p>BROSZURA<\/p>\n<p><!-- {\"name\":\"\",\"type\":\"layout\",\"children\":[{\"name\":\"ANTENA\",\"type\":\"section\",\"props\":{\"width\":\"default\",\"padding\":\"xsmall\",\"style\":\"default\",\"text_color\":\"\",\"media\":\"\",\"height_viewport\":false,\"header_overlay\":\"light\",\"animation\":\"slide-top-medium\",\"padding_remove_top\":false,\"image_size\":\"cover\",\"image\":\"\",\"image_position\":\"bottom-center\",\"image_fixed\":false,\"class\":\"\",\"overlap\":true,\"vertical_align\":\"middle\",\"title_position\":\"top-left\",\"title_rotation\":\"left\",\"title_breakpoint\":\"xl\"},\"children\":[{\"name\":\"\",\"type\":\"row\",\"props\":{\"layout\":\"1-1\",\"breakpoint\":\"m\",\"margin\":\"\",\"fixed_width\":\"large\"},\"children\":[{\"name\":\"\",\"type\":\"column\",\"props\":{\"image_position\":\"center-center\",\"widths\":[\"1-1\"]},\"children\":[{\"name\":\"\",\"type\":\"headline\",\"props\":{\"title_element\":\"h2\",\"content\":\"<strong>Walker 7070 MK2 Log elektromagnetyczny<\\\/strong>\",\"text_align\":\"center\",\"text_align_fallback\":\"center\",\"maxwidth_align\":\"center\",\"maxwidth\":\"\",\"title_style\":\"h2\",\"title_decoration\":\"\",\"margin\":\"\"}},{\"name\":\"\",\"type\":\"divider\",\"props\":{\"divider_element\":\"hr\"}}]}]},{\"name\":\"\",\"type\":\"row\",\"props\":{\"fixed_width\":\"large\",\"breakpoint\":\"m\",\"layout\":\",2-3\",\"margin\":\"medium\"},\"children\":[{\"name\":\"\",\"type\":\"column\",\"props\":{\"widths\":[\"\"],\"image_position\":\"center-center\"},\"children\":[{\"name\":\"\",\"type\":\"image\",\"props\":{\"margin\":\"default\",\"image\":\"wp-content\\\/uploads\\\/walker-7070.jpg\",\"image_width\":\"300\",\"image_box_shadow\":\"\",\"image_border\":\"rounded\",\"text_align\":\"center\"}},{\"name\":\"\",\"type\":\"image\",\"props\":{\"margin\":\"default\",\"image\":\"wp-content\\\/uploads\\\/walker-7070-schemat.jpg\",\"image_width\":\"300\",\"image_box_shadow\":\"\",\"image_border\":\"rounded\",\"text_align\":\"center\"}}]},{\"name\":\"\",\"type\":\"column\",\"props\":{\"widths\":[\"2-3\"],\"image_position\":\"center-center\"},\"children\":[{\"name\":\"\",\"type\":\"text\",\"props\":{\"column_breakpoint\":\"m\",\"margin\":\"medium\",\"content\":\"\n\n<p>System Walker 7070 jest urz\\u0105dzeniem dostarczaj\\u0105cym informacji o pr\\u0119dko\\u015bci wzgl\\u0119dem wody za pomoc\\u0105 jednego procesora. Sprz\\u0119t posiada uznanie MED dla statk\\u00f3w powy\\u017cej 500GRT.<\\\/p>\\n\n\n<ul>\\n\n\n<li>pe\\u0142na kompatybilno\\u015b\\u0107 ze wszystkimi podzespo\\u0142ami w tym przetwornikami marki Walker<\\\/li>\\n\n\n<li>przedstawienie warto\\u015bci \\u00a0pr\\u0119dko\\u015bci i dystansu w spos\\u00f3b cyfrowy<\\\/li>\\n\n\n<li>4 punkty kalibracji<\\\/li>\\n\n\n<li>wyj\\u015bcia NMEA 0183 do komunikacji na statku<\\\/li>\\n\n\n<li>kompatybilny z wy\\u015bwietlaczami w standardzie DIN144<\\\/li>\\n\n\n<li>urz\\u0105dzenie \\u0142atwe w monta\\u017cu, obs\\u0142udze i serwisowaniu<\\\/li>\\n<\\\/ul>\",\"animation\":\"slide-left-medium\",\"text_align\":\"justify\",\"text_align_breakpoint\":\"m\",\"text_align_fallback\":\"center\",\"text_size\":\"\",\"maxwidth\":\"xxlarge\"}}]}]},{\"name\":\"\",\"type\":\"row\",\"props\":{\"fixed_width\":\"large\",\"breakpoint\":\"m\",\"layout\":\"1-1\"},\"children\":[{\"name\":\"\",\"type\":\"column\",\"props\":{\"widths\":[\"1-1\"],\"image_position\":\"center-center\"},\"children\":[{\"name\":\"\",\"type\":\"button\",\"props\":{\"gutter\":\"large\",\"margin\":\"default\",\"text_align\":\"center\",\"button_size\":\"large\"},\"children\":[{\"name\":\"\",\"type\":\"button_item\",\"props\":{\"button_style\":\"secondary\",\"icon_align\":\"left\",\"content\":\"BROSZURA\",\"link\":\"wp-content\\\/uploads\\\/7070-Mk2-2011_aw.pdf\",\"link_target\":\"blank\"}}]}]}]}]}]} --><\/p>\n","protected":false},"excerpt":{"rendered":"<p>Walker 7070 MK2 Log elektromagnetyczny System Walker 7070 jest urz\u0105dzeniem dostarczaj\u0105cym informacji o pr\u0119dko\u015bci wzgl\u0119dem wody za pomoc\u0105 jednego procesora. Sprz\u0119t posiada uznanie MED dla statk\u00f3w powy\u017cej 500GRT. pe\u0142na kompatybilno\u015b\u0107 ze wszystkimi podzespo\u0142ami w tym przetwornikami marki Walker przedstawienie warto\u015bci \u00a0pr\u0119dko\u015bci i dystansu w spos\u00f3b cyfrowy 4 punkty kalibracji wyj\u015bcia NMEA 0183 do komunikacji na [&hellip;]<\/p>\n","protected":false},"author":6,"featured_media":0,"parent":0,"menu_order":0,"comment_status":"closed","ping_status":"closed","template":"","meta":{"footnotes":""},"class_list":["post-2344","page","type-page","status-publish","hentry"],"yoast_head":"<!-- This site is optimized with the Yoast SEO plugin v27.4 - https:\/\/yoast.com\/product\/yoast-seo-wordpress\/ -->\n<title>Walker 7070 MK2 Log elektromagnetyczny - ESCORT TECHNOLOGY<\/title>\n<meta name=\"robots\" content=\"index, follow, max-snippet:-1, max-image-preview:large, max-video-preview:-1\" \/>\n<link rel=\"canonical\" href=\"https:\/\/escort-technology.com\/pl\/walker-7070-mk2-log-elektromagnetyczny\/\" \/>\n<meta property=\"og:locale\" content=\"pl_PL\" \/>\n<meta property=\"og:type\" content=\"article\" \/>\n<meta property=\"og:title\" content=\"Walker 7070 MK2 Log elektromagnetyczny - ESCORT TECHNOLOGY\" \/>\n<meta property=\"og:description\" content=\"Walker 7070 MK2 Log elektromagnetyczny System Walker 7070 jest urz\u0105dzeniem dostarczaj\u0105cym informacji o pr\u0119dko\u015bci wzgl\u0119dem wody za pomoc\u0105 jednego procesora. Sprz\u0119t posiada uznanie MED dla statk\u00f3w powy\u017cej 500GRT. pe\u0142na kompatybilno\u015b\u0107 ze wszystkimi podzespo\u0142ami w tym przetwornikami marki Walker przedstawienie warto\u015bci \u00a0pr\u0119dko\u015bci i dystansu w spos\u00f3b cyfrowy 4 punkty kalibracji wyj\u015bcia NMEA 0183 do komunikacji na [&hellip;]\" \/>\n<meta property=\"og:url\" content=\"https:\/\/escort-technology.com\/pl\/walker-7070-mk2-log-elektromagnetyczny\/\" \/>\n<meta property=\"og:site_name\" content=\"ESCORT TECHNOLOGY\" \/>\n<meta property=\"article:publisher\" content=\"https:\/\/www.facebook.com\/elektronika.morska\/\" \/>\n<meta property=\"article:modified_time\" content=\"2018-03-19T11:02:41+00:00\" \/>\n<meta name=\"twitter:card\" content=\"summary_large_image\" \/>\n<script type=\"application\/ld+json\" class=\"yoast-schema-graph\">{\"@context\":\"https:\\\/\\\/schema.org\",\"@graph\":[{\"@type\":\"WebPage\",\"@id\":\"https:\\\/\\\/escort-technology.com\\\/pl\\\/walker-7070-mk2-log-elektromagnetyczny\\\/\",\"url\":\"https:\\\/\\\/escort-technology.com\\\/pl\\\/walker-7070-mk2-log-elektromagnetyczny\\\/\",\"name\":\"Walker 7070 MK2 Log elektromagnetyczny - ESCORT TECHNOLOGY\",\"isPartOf\":{\"@id\":\"http:\\\/\\\/escort-technology.com\\\/de\\\/#website\"},\"datePublished\":\"2018-03-19T10:51:10+00:00\",\"dateModified\":\"2018-03-19T11:02:41+00:00\",\"breadcrumb\":{\"@id\":\"https:\\\/\\\/escort-technology.com\\\/pl\\\/walker-7070-mk2-log-elektromagnetyczny\\\/#breadcrumb\"},\"inLanguage\":\"pl-PL\",\"potentialAction\":[{\"@type\":\"ReadAction\",\"target\":[\"https:\\\/\\\/escort-technology.com\\\/pl\\\/walker-7070-mk2-log-elektromagnetyczny\\\/\"]}]},{\"@type\":\"BreadcrumbList\",\"@id\":\"https:\\\/\\\/escort-technology.com\\\/pl\\\/walker-7070-mk2-log-elektromagnetyczny\\\/#breadcrumb\",\"itemListElement\":[{\"@type\":\"ListItem\",\"position\":1,\"name\":\"Strona g\u0142\u00f3wna\",\"item\":\"https:\\\/\\\/escort-technology.com\\\/\"},{\"@type\":\"ListItem\",\"position\":2,\"name\":\"Walker 7070 MK2 Log elektromagnetyczny\"}]},{\"@type\":\"WebSite\",\"@id\":\"http:\\\/\\\/escort-technology.com\\\/de\\\/#website\",\"url\":\"http:\\\/\\\/escort-technology.com\\\/de\\\/\",\"name\":\"ESCORT TECHNOLOGY\",\"description\":\"Elektronika morska i l\u0105dowa\",\"publisher\":{\"@id\":\"http:\\\/\\\/escort-technology.com\\\/de\\\/#organization\"},\"potentialAction\":[{\"@type\":\"SearchAction\",\"target\":{\"@type\":\"EntryPoint\",\"urlTemplate\":\"http:\\\/\\\/escort-technology.com\\\/de\\\/?s={search_term_string}\"},\"query-input\":{\"@type\":\"PropertyValueSpecification\",\"valueRequired\":true,\"valueName\":\"search_term_string\"}}],\"inLanguage\":\"pl-PL\"},{\"@type\":\"Organization\",\"@id\":\"http:\\\/\\\/escort-technology.com\\\/de\\\/#organization\",\"name\":\"ESCORT TECHNOLOGY\",\"url\":\"http:\\\/\\\/escort-technology.com\\\/de\\\/\",\"logo\":{\"@type\":\"ImageObject\",\"inLanguage\":\"pl-PL\",\"@id\":\"http:\\\/\\\/escort-technology.com\\\/de\\\/#\\\/schema\\\/logo\\\/image\\\/\",\"url\":\"https:\\\/\\\/escort-technology.com\\\/wp-content\\\/uploads\\\/logo-1.jpg\",\"contentUrl\":\"https:\\\/\\\/escort-technology.com\\\/wp-content\\\/uploads\\\/logo-1.jpg\",\"width\":600,\"height\":165,\"caption\":\"ESCORT TECHNOLOGY\"},\"image\":{\"@id\":\"http:\\\/\\\/escort-technology.com\\\/de\\\/#\\\/schema\\\/logo\\\/image\\\/\"},\"sameAs\":[\"https:\\\/\\\/www.facebook.com\\\/elektronika.morska\\\/\",\"https:\\\/\\\/www.linkedin.com\\\/company\\\/escort-sp-z-o-o-\\\/\"]}]}<\/script>\n<!-- \/ Yoast SEO plugin. -->","yoast_head_json":{"title":"Walker 7070 MK2 Log elektromagnetyczny - ESCORT TECHNOLOGY","robots":{"index":"index","follow":"follow","max-snippet":"max-snippet:-1","max-image-preview":"max-image-preview:large","max-video-preview":"max-video-preview:-1"},"canonical":"https:\/\/escort-technology.com\/pl\/walker-7070-mk2-log-elektromagnetyczny\/","og_locale":"pl_PL","og_type":"article","og_title":"Walker 7070 MK2 Log elektromagnetyczny - ESCORT TECHNOLOGY","og_description":"Walker 7070 MK2 Log elektromagnetyczny System Walker 7070 jest urz\u0105dzeniem dostarczaj\u0105cym informacji o pr\u0119dko\u015bci wzgl\u0119dem wody za pomoc\u0105 jednego procesora. Sprz\u0119t posiada uznanie MED dla statk\u00f3w powy\u017cej 500GRT. pe\u0142na kompatybilno\u015b\u0107 ze wszystkimi podzespo\u0142ami w tym przetwornikami marki Walker przedstawienie warto\u015bci \u00a0pr\u0119dko\u015bci i dystansu w spos\u00f3b cyfrowy 4 punkty kalibracji wyj\u015bcia NMEA 0183 do komunikacji na [&hellip;]","og_url":"https:\/\/escort-technology.com\/pl\/walker-7070-mk2-log-elektromagnetyczny\/","og_site_name":"ESCORT TECHNOLOGY","article_publisher":"https:\/\/www.facebook.com\/elektronika.morska\/","article_modified_time":"2018-03-19T11:02:41+00:00","twitter_card":"summary_large_image","schema":{"@context":"https:\/\/schema.org","@graph":[{"@type":"WebPage","@id":"https:\/\/escort-technology.com\/pl\/walker-7070-mk2-log-elektromagnetyczny\/","url":"https:\/\/escort-technology.com\/pl\/walker-7070-mk2-log-elektromagnetyczny\/","name":"Walker 7070 MK2 Log elektromagnetyczny - ESCORT TECHNOLOGY","isPartOf":{"@id":"http:\/\/escort-technology.com\/de\/#website"},"datePublished":"2018-03-19T10:51:10+00:00","dateModified":"2018-03-19T11:02:41+00:00","breadcrumb":{"@id":"https:\/\/escort-technology.com\/pl\/walker-7070-mk2-log-elektromagnetyczny\/#breadcrumb"},"inLanguage":"pl-PL","potentialAction":[{"@type":"ReadAction","target":["https:\/\/escort-technology.com\/pl\/walker-7070-mk2-log-elektromagnetyczny\/"]}]},{"@type":"BreadcrumbList","@id":"https:\/\/escort-technology.com\/pl\/walker-7070-mk2-log-elektromagnetyczny\/#breadcrumb","itemListElement":[{"@type":"ListItem","position":1,"name":"Strona g\u0142\u00f3wna","item":"https:\/\/escort-technology.com\/"},{"@type":"ListItem","position":2,"name":"Walker 7070 MK2 Log elektromagnetyczny"}]},{"@type":"WebSite","@id":"http:\/\/escort-technology.com\/de\/#website","url":"http:\/\/escort-technology.com\/de\/","name":"ESCORT TECHNOLOGY","description":"Elektronika morska i l\u0105dowa","publisher":{"@id":"http:\/\/escort-technology.com\/de\/#organization"},"potentialAction":[{"@type":"SearchAction","target":{"@type":"EntryPoint","urlTemplate":"http:\/\/escort-technology.com\/de\/?s={search_term_string}"},"query-input":{"@type":"PropertyValueSpecification","valueRequired":true,"valueName":"search_term_string"}}],"inLanguage":"pl-PL"},{"@type":"Organization","@id":"http:\/\/escort-technology.com\/de\/#organization","name":"ESCORT TECHNOLOGY","url":"http:\/\/escort-technology.com\/de\/","logo":{"@type":"ImageObject","inLanguage":"pl-PL","@id":"http:\/\/escort-technology.com\/de\/#\/schema\/logo\/image\/","url":"https:\/\/escort-technology.com\/wp-content\/uploads\/logo-1.jpg","contentUrl":"https:\/\/escort-technology.com\/wp-content\/uploads\/logo-1.jpg","width":600,"height":165,"caption":"ESCORT TECHNOLOGY"},"image":{"@id":"http:\/\/escort-technology.com\/de\/#\/schema\/logo\/image\/"},"sameAs":["https:\/\/www.facebook.com\/elektronika.morska\/","https:\/\/www.linkedin.com\/company\/escort-sp-z-o-o-\/"]}]}},"_links":{"self":[{"href":"https:\/\/escort-technology.com\/pl\/wp-json\/wp\/v2\/pages\/2344","targetHints":{"allow":["GET"]}}],"collection":[{"href":"https:\/\/escort-technology.com\/pl\/wp-json\/wp\/v2\/pages"}],"about":[{"href":"https:\/\/escort-technology.com\/pl\/wp-json\/wp\/v2\/types\/page"}],"author":[{"embeddable":true,"href":"https:\/\/escort-technology.com\/pl\/wp-json\/wp\/v2\/users\/6"}],"replies":[{"embeddable":true,"href":"https:\/\/escort-technology.com\/pl\/wp-json\/wp\/v2\/comments?post=2344"}],"version-history":[{"count":2,"href":"https:\/\/escort-technology.com\/pl\/wp-json\/wp\/v2\/pages\/2344\/revisions"}],"predecessor-version":[{"id":2349,"href":"https:\/\/escort-technology.com\/pl\/wp-json\/wp\/v2\/pages\/2344\/revisions\/2349"}],"wp:attachment":[{"href":"https:\/\/escort-technology.com\/pl\/wp-json\/wp\/v2\/media?parent=2344"}],"curies":[{"name":"wp","href":"https:\/\/api.w.org\/{rel}","templated":true}]}}