{"id":2437,"date":"2018-03-19T13:23:08","date_gmt":"2018-03-19T13:23:08","guid":{"rendered":"http:\/\/escort-technology.com\/?page_id=2437"},"modified":"2018-03-19T14:27:30","modified_gmt":"2018-03-19T14:27:30","slug":"antena-gps-simrad-gs25","status":"publish","type":"page","link":"https:\/\/escort-technology.com\/pl\/antena-gps-simrad-gs25\/","title":{"rendered":"Antena GPS SIMRAD GS25"},"content":{"rendered":"<p>Antena GPS SIMRAD GS25<\/p>\n<p>Antena GPS GS25 firmy Simrad jest idealnym rozwi\u0105zaniem, dla jednostek wymagaj\u0105cych bardzo dok\u0142adnych informacji o pozycji i pr\u0119dko\u015bci statku.<\/p>\n<p>Aktualizacja pozycji wysokiej cz\u0119stotliwo\u015bci- 10 razy na sekund\u0119<br \/>\nSzybka akwizycja sygna\u0142u<br \/>\nSta\u0142a dok\u0142adno\u015b\u0107 pozycji<br \/>\nGPS, WAAS, EGNOS i inne<br \/>\nMo\u017cliwo\u015b\u0107 monta\u017cu na relingu lub na pok\u0142adzie<\/p>\n<p>W przeciwie\u0144stwie do innych anten pozycjonuj\u0105cych, antena Simrad GS25 zapewnia informacj\u0119 o kierunku magnetycznym, zapewniaj\u0105cy precyzyjne informacje o kierunku. Urz\u0105dzenie Simrad GS25 wsp\u00f3lpracuje ze stacjami nawigacyjnymi marki Simrad NS lub z dowlonym innym urz\u0105dzeniem za pomoc\u0105 sieci NMEA 2000. Antena jest w pe\u0142ni wodoodporna i mo\u017ce by\u0107 montowana na ka\u017cdej powierzchni.<br \/>\nCz\u0119stotliwo\u015b\u0107 od\u015bwie\u017cania 10 Hz zapewnia bardzo dok\u0142adne, p\u0142ynne i natychmiastowe aktualizowanie pozycji (10 razy na sekund\u0119). 16-kana\u0142owy odbiornik zapewnia sta\u0142\u0105 dok\u0142adno\u015b\u0107 pozycji, idealnie dla du\u017cych \u0142odzi motorowych.<br \/>\nKompatybilne z systemami satelitarnymi WAAS, EGNOS, MSAS, Glonass, Galileo i QZSS. Sygna\u0142 satelitarny z 16-kana\u0142owego odbiornika. Kompatybilno\u015b\u0107 z systemem nawigacyjnym Simrad NSS, NSE lub NSO.<\/p>\n<p><!-- {\"name\":\"\",\"type\":\"layout\",\"children\":[{\"name\":\"ANTENA\",\"type\":\"section\",\"props\":{\"width\":\"default\",\"padding\":\"xsmall\",\"style\":\"default\",\"text_color\":\"\",\"media\":\"\",\"height_viewport\":false,\"header_overlay\":\"light\",\"animation\":\"slide-top-medium\",\"padding_remove_top\":false,\"image_size\":\"cover\",\"image\":\"\",\"image_position\":\"bottom-center\",\"image_fixed\":false,\"class\":\"\",\"overlap\":true,\"vertical_align\":\"middle\",\"title_position\":\"top-left\",\"title_rotation\":\"left\",\"title_breakpoint\":\"xl\"},\"children\":[{\"name\":\"\",\"type\":\"row\",\"props\":{\"layout\":\"1-1\",\"breakpoint\":\"m\",\"margin\":\"\",\"fixed_width\":\"large\"},\"children\":[{\"name\":\"\",\"type\":\"column\",\"props\":{\"image_position\":\"center-center\",\"widths\":[\"1-1\"]},\"children\":[{\"name\":\"\",\"type\":\"headline\",\"props\":{\"title_element\":\"h2\",\"content\":\"Antena GPS SIMRAD GS25\",\"text_align\":\"center\",\"text_align_fallback\":\"center\",\"maxwidth_align\":\"center\",\"maxwidth\":\"\",\"title_style\":\"h2\",\"title_decoration\":\"\",\"margin\":\"\"}},{\"name\":\"\",\"type\":\"divider\",\"props\":{\"divider_element\":\"hr\"}}]}]},{\"name\":\"\",\"type\":\"row\",\"props\":{\"fixed_width\":\"large\",\"breakpoint\":\"m\",\"layout\":\",2-3\",\"margin\":\"medium\"},\"children\":[{\"name\":\"\",\"type\":\"column\",\"props\":{\"widths\":[\"\"],\"image_position\":\"center-center\"},\"children\":[{\"name\":\"\",\"type\":\"image\",\"props\":{\"margin\":\"default\",\"image\":\"wp-content\\\/uploads\\\/GS25_md.jpg\",\"image_width\":\"300\",\"image_box_shadow\":\"\",\"image_border\":\"rounded\",\"text_align\":\"center\"}}]},{\"name\":\"\",\"type\":\"column\",\"props\":{\"widths\":[\"2-3\"],\"image_position\":\"center-center\"},\"children\":[{\"name\":\"\",\"type\":\"text\",\"props\":{\"column_breakpoint\":\"m\",\"margin\":\"medium\",\"content\":\"\n\n<p>Antena GPS GS25 firmy Simrad jest idealnym rozwi\\u0105zaniem, dla jednostek wymagaj\\u0105cych bardzo dok\\u0142adnych informacji o pozycji i pr\\u0119dko\\u015bci statku.<\\\/p>\\n\n\n<ul>\\n\n\n<li>Aktualizacja pozycji wysokiej cz\\u0119stotliwo\\u015bci- 10 razy na sekund\\u0119<\\\/li>\\n\n\n<li>Szybka akwizycja sygna\\u0142u<\\\/li>\\n\n\n<li>Sta\\u0142a dok\\u0142adno\\u015b\\u0107 pozycji<\\\/li>\\n\n\n<li>GPS, WAAS, EGNOS i inne<\\\/li>\\n\n\n<li>Mo\\u017cliwo\\u015b\\u0107 monta\\u017cu na relingu lub na pok\\u0142adzie<\\\/li>\\n<\\\/ul>\\n\n\n<p>W przeciwie\\u0144stwie do innych anten pozycjonuj\\u0105cych, antena Simrad GS25 zapewnia informacj\\u0119 o kierunku magnetycznym, zapewniaj\\u0105cy precyzyjne informacje o kierunku. Urz\\u0105dzenie Simrad GS25 wsp\\u00f3lpracuje ze stacjami nawigacyjnymi marki Simrad NS lub z dowlonym innym urz\\u0105dzeniem za pomoc\\u0105 sieci NMEA 2000. Antena jest w pe\\u0142ni wodoodporna i mo\\u017ce by\\u0107 montowana na ka\\u017cdej powierzchni.<\\\/p>\\n\n\n<p><br \\\/>Cz\\u0119stotliwo\\u015b\\u0107 od\\u015bwie\\u017cania 10 Hz zapewnia bardzo dok\\u0142adne, p\\u0142ynne i natychmiastowe aktualizowanie pozycji (10 razy na sekund\\u0119). 16-kana\\u0142owy odbiornik zapewnia sta\\u0142\\u0105 dok\\u0142adno\\u015b\\u0107 pozycji, idealnie dla du\\u017cych \\u0142odzi motorowych.<\\\/p>\\n\n\n<p><br \\\/>Kompatybilne z systemami satelitarnymi WAAS, EGNOS, MSAS, Glonass, Galileo i QZSS. Sygna\\u0142 satelitarny z 16-kana\\u0142owego odbiornika. Kompatybilno\\u015b\\u0107 z systemem nawigacyjnym Simrad NSS, NSE lub NSO.<\\\/p>\",\"animation\":\"slide-left-medium\",\"text_align\":\"justify\",\"text_align_breakpoint\":\"m\",\"text_align_fallback\":\"center\",\"text_size\":\"\",\"maxwidth\":\"xxlarge\"}}]}]}]}]} --><\/p>\n","protected":false},"excerpt":{"rendered":"<p>Antena GPS SIMRAD GS25 Antena GPS GS25 firmy Simrad jest idealnym rozwi\u0105zaniem, dla jednostek wymagaj\u0105cych bardzo dok\u0142adnych informacji o pozycji i pr\u0119dko\u015bci statku. Aktualizacja pozycji wysokiej cz\u0119stotliwo\u015bci- 10 razy na sekund\u0119 Szybka akwizycja sygna\u0142u Sta\u0142a dok\u0142adno\u015b\u0107 pozycji GPS, WAAS, EGNOS i inne Mo\u017cliwo\u015b\u0107 monta\u017cu na relingu lub na pok\u0142adzie W przeciwie\u0144stwie do innych anten pozycjonuj\u0105cych, [&hellip;]<\/p>\n","protected":false},"author":6,"featured_media":0,"parent":0,"menu_order":0,"comment_status":"closed","ping_status":"closed","template":"","meta":{"footnotes":""},"class_list":["post-2437","page","type-page","status-publish","hentry"],"yoast_head":"<!-- This site is optimized with the Yoast SEO plugin v27.5 - https:\/\/yoast.com\/product\/yoast-seo-wordpress\/ -->\n<title>Antena GPS SIMRAD GS25 - ESCORT TECHNOLOGY<\/title>\n<meta name=\"robots\" content=\"index, follow, max-snippet:-1, max-image-preview:large, max-video-preview:-1\" \/>\n<link rel=\"canonical\" href=\"http:\/\/escort-technology.com\/pl\/de\/antena-gps-simrad-gs25\/\" \/>\n<meta property=\"og:locale\" content=\"pl_PL\" \/>\n<meta property=\"og:type\" content=\"article\" \/>\n<meta property=\"og:title\" content=\"Antena GPS SIMRAD GS25 - ESCORT TECHNOLOGY\" \/>\n<meta property=\"og:description\" content=\"Antena GPS SIMRAD GS25 Antena GPS GS25 firmy Simrad jest idealnym rozwi\u0105zaniem, dla jednostek wymagaj\u0105cych bardzo dok\u0142adnych informacji o pozycji i pr\u0119dko\u015bci statku. Aktualizacja pozycji wysokiej cz\u0119stotliwo\u015bci- 10 razy na sekund\u0119 Szybka akwizycja sygna\u0142u Sta\u0142a dok\u0142adno\u015b\u0107 pozycji GPS, WAAS, EGNOS i inne Mo\u017cliwo\u015b\u0107 monta\u017cu na relingu lub na pok\u0142adzie W przeciwie\u0144stwie do innych anten pozycjonuj\u0105cych, [&hellip;]\" \/>\n<meta property=\"og:url\" content=\"http:\/\/escort-technology.com\/pl\/de\/antena-gps-simrad-gs25\/\" \/>\n<meta property=\"og:site_name\" content=\"ESCORT TECHNOLOGY\" \/>\n<meta property=\"article:publisher\" content=\"https:\/\/www.facebook.com\/elektronika.morska\/\" \/>\n<meta property=\"article:modified_time\" content=\"2018-03-19T14:27:30+00:00\" \/>\n<meta name=\"twitter:card\" content=\"summary_large_image\" \/>\n<meta name=\"twitter:label1\" content=\"Szacowany czas czytania\" \/>\n\t<meta name=\"twitter:data1\" content=\"1 minuta\" \/>\n<script type=\"application\/ld+json\" class=\"yoast-schema-graph\">{\"@context\":\"https:\\\/\\\/schema.org\",\"@graph\":[{\"@type\":\"WebPage\",\"@id\":\"http:\\\/\\\/escort-technology.com\\\/de\\\/antena-gps-simrad-gs25\\\/\",\"url\":\"http:\\\/\\\/escort-technology.com\\\/de\\\/antena-gps-simrad-gs25\\\/\",\"name\":\"Antena GPS SIMRAD GS25 - ESCORT TECHNOLOGY\",\"isPartOf\":{\"@id\":\"http:\\\/\\\/escort-technology.com\\\/de\\\/#website\"},\"datePublished\":\"2018-03-19T13:23:08+00:00\",\"dateModified\":\"2018-03-19T14:27:30+00:00\",\"breadcrumb\":{\"@id\":\"http:\\\/\\\/escort-technology.com\\\/de\\\/antena-gps-simrad-gs25\\\/#breadcrumb\"},\"inLanguage\":\"pl-PL\",\"potentialAction\":[{\"@type\":\"ReadAction\",\"target\":[\"http:\\\/\\\/escort-technology.com\\\/de\\\/antena-gps-simrad-gs25\\\/\"]}]},{\"@type\":\"BreadcrumbList\",\"@id\":\"http:\\\/\\\/escort-technology.com\\\/de\\\/antena-gps-simrad-gs25\\\/#breadcrumb\",\"itemListElement\":[{\"@type\":\"ListItem\",\"position\":1,\"name\":\"Strona g\u0142\u00f3wna\",\"item\":\"https:\\\/\\\/escort-technology.com\\\/\"},{\"@type\":\"ListItem\",\"position\":2,\"name\":\"Antena GPS SIMRAD GS25\"}]},{\"@type\":\"WebSite\",\"@id\":\"http:\\\/\\\/escort-technology.com\\\/de\\\/#website\",\"url\":\"http:\\\/\\\/escort-technology.com\\\/de\\\/\",\"name\":\"ESCORT TECHNOLOGY\",\"description\":\"Elektronika morska i l\u0105dowa\",\"publisher\":{\"@id\":\"http:\\\/\\\/escort-technology.com\\\/de\\\/#organization\"},\"potentialAction\":[{\"@type\":\"SearchAction\",\"target\":{\"@type\":\"EntryPoint\",\"urlTemplate\":\"http:\\\/\\\/escort-technology.com\\\/de\\\/?s={search_term_string}\"},\"query-input\":{\"@type\":\"PropertyValueSpecification\",\"valueRequired\":true,\"valueName\":\"search_term_string\"}}],\"inLanguage\":\"pl-PL\"},{\"@type\":\"Organization\",\"@id\":\"http:\\\/\\\/escort-technology.com\\\/de\\\/#organization\",\"name\":\"ESCORT TECHNOLOGY\",\"url\":\"http:\\\/\\\/escort-technology.com\\\/de\\\/\",\"logo\":{\"@type\":\"ImageObject\",\"inLanguage\":\"pl-PL\",\"@id\":\"http:\\\/\\\/escort-technology.com\\\/de\\\/#\\\/schema\\\/logo\\\/image\\\/\",\"url\":\"https:\\\/\\\/escort-technology.com\\\/wp-content\\\/uploads\\\/logo-1.jpg\",\"contentUrl\":\"https:\\\/\\\/escort-technology.com\\\/wp-content\\\/uploads\\\/logo-1.jpg\",\"width\":600,\"height\":165,\"caption\":\"ESCORT TECHNOLOGY\"},\"image\":{\"@id\":\"http:\\\/\\\/escort-technology.com\\\/de\\\/#\\\/schema\\\/logo\\\/image\\\/\"},\"sameAs\":[\"https:\\\/\\\/www.facebook.com\\\/elektronika.morska\\\/\",\"https:\\\/\\\/www.linkedin.com\\\/company\\\/escort-sp-z-o-o-\\\/\"]}]}<\/script>\n<!-- \/ Yoast SEO plugin. -->","yoast_head_json":{"title":"Antena GPS SIMRAD GS25 - ESCORT TECHNOLOGY","robots":{"index":"index","follow":"follow","max-snippet":"max-snippet:-1","max-image-preview":"max-image-preview:large","max-video-preview":"max-video-preview:-1"},"canonical":"http:\/\/escort-technology.com\/pl\/de\/antena-gps-simrad-gs25\/","og_locale":"pl_PL","og_type":"article","og_title":"Antena GPS SIMRAD GS25 - ESCORT TECHNOLOGY","og_description":"Antena GPS SIMRAD GS25 Antena GPS GS25 firmy Simrad jest idealnym rozwi\u0105zaniem, dla jednostek wymagaj\u0105cych bardzo dok\u0142adnych informacji o pozycji i pr\u0119dko\u015bci statku. Aktualizacja pozycji wysokiej cz\u0119stotliwo\u015bci- 10 razy na sekund\u0119 Szybka akwizycja sygna\u0142u Sta\u0142a dok\u0142adno\u015b\u0107 pozycji GPS, WAAS, EGNOS i inne Mo\u017cliwo\u015b\u0107 monta\u017cu na relingu lub na pok\u0142adzie W przeciwie\u0144stwie do innych anten pozycjonuj\u0105cych, [&hellip;]","og_url":"http:\/\/escort-technology.com\/pl\/de\/antena-gps-simrad-gs25\/","og_site_name":"ESCORT TECHNOLOGY","article_publisher":"https:\/\/www.facebook.com\/elektronika.morska\/","article_modified_time":"2018-03-19T14:27:30+00:00","twitter_card":"summary_large_image","twitter_misc":{"Szacowany czas czytania":"1 minuta"},"schema":{"@context":"https:\/\/schema.org","@graph":[{"@type":"WebPage","@id":"http:\/\/escort-technology.com\/de\/antena-gps-simrad-gs25\/","url":"http:\/\/escort-technology.com\/de\/antena-gps-simrad-gs25\/","name":"Antena GPS SIMRAD GS25 - ESCORT TECHNOLOGY","isPartOf":{"@id":"http:\/\/escort-technology.com\/de\/#website"},"datePublished":"2018-03-19T13:23:08+00:00","dateModified":"2018-03-19T14:27:30+00:00","breadcrumb":{"@id":"http:\/\/escort-technology.com\/de\/antena-gps-simrad-gs25\/#breadcrumb"},"inLanguage":"pl-PL","potentialAction":[{"@type":"ReadAction","target":["http:\/\/escort-technology.com\/de\/antena-gps-simrad-gs25\/"]}]},{"@type":"BreadcrumbList","@id":"http:\/\/escort-technology.com\/de\/antena-gps-simrad-gs25\/#breadcrumb","itemListElement":[{"@type":"ListItem","position":1,"name":"Strona g\u0142\u00f3wna","item":"https:\/\/escort-technology.com\/"},{"@type":"ListItem","position":2,"name":"Antena GPS SIMRAD GS25"}]},{"@type":"WebSite","@id":"http:\/\/escort-technology.com\/de\/#website","url":"http:\/\/escort-technology.com\/de\/","name":"ESCORT TECHNOLOGY","description":"Elektronika morska i l\u0105dowa","publisher":{"@id":"http:\/\/escort-technology.com\/de\/#organization"},"potentialAction":[{"@type":"SearchAction","target":{"@type":"EntryPoint","urlTemplate":"http:\/\/escort-technology.com\/de\/?s={search_term_string}"},"query-input":{"@type":"PropertyValueSpecification","valueRequired":true,"valueName":"search_term_string"}}],"inLanguage":"pl-PL"},{"@type":"Organization","@id":"http:\/\/escort-technology.com\/de\/#organization","name":"ESCORT TECHNOLOGY","url":"http:\/\/escort-technology.com\/de\/","logo":{"@type":"ImageObject","inLanguage":"pl-PL","@id":"http:\/\/escort-technology.com\/de\/#\/schema\/logo\/image\/","url":"https:\/\/escort-technology.com\/wp-content\/uploads\/logo-1.jpg","contentUrl":"https:\/\/escort-technology.com\/wp-content\/uploads\/logo-1.jpg","width":600,"height":165,"caption":"ESCORT TECHNOLOGY"},"image":{"@id":"http:\/\/escort-technology.com\/de\/#\/schema\/logo\/image\/"},"sameAs":["https:\/\/www.facebook.com\/elektronika.morska\/","https:\/\/www.linkedin.com\/company\/escort-sp-z-o-o-\/"]}]}},"_links":{"self":[{"href":"https:\/\/escort-technology.com\/pl\/wp-json\/wp\/v2\/pages\/2437","targetHints":{"allow":["GET"]}}],"collection":[{"href":"https:\/\/escort-technology.com\/pl\/wp-json\/wp\/v2\/pages"}],"about":[{"href":"https:\/\/escort-technology.com\/pl\/wp-json\/wp\/v2\/types\/page"}],"author":[{"embeddable":true,"href":"https:\/\/escort-technology.com\/pl\/wp-json\/wp\/v2\/users\/6"}],"replies":[{"embeddable":true,"href":"https:\/\/escort-technology.com\/pl\/wp-json\/wp\/v2\/comments?post=2437"}],"version-history":[{"count":3,"href":"https:\/\/escort-technology.com\/pl\/wp-json\/wp\/v2\/pages\/2437\/revisions"}],"predecessor-version":[{"id":2482,"href":"https:\/\/escort-technology.com\/pl\/wp-json\/wp\/v2\/pages\/2437\/revisions\/2482"}],"wp:attachment":[{"href":"https:\/\/escort-technology.com\/pl\/wp-json\/wp\/v2\/media?parent=2437"}],"curies":[{"name":"wp","href":"https:\/\/api.w.org\/{rel}","templated":true}]}}