{"id":2461,"date":"2018-03-19T13:31:41","date_gmt":"2018-03-19T13:31:41","guid":{"rendered":"http:\/\/escort-technology.com\/?page_id=2461"},"modified":"2018-03-20T10:51:36","modified_gmt":"2018-03-20T10:51:36","slug":"odbiornik-d-gps-simrad-gs70","status":"publish","type":"page","link":"https:\/\/escort-technology.com\/pl\/odbiornik-d-gps-simrad-gs70\/","title":{"rendered":"Odbiornik D\/GPS SIMRAD GS70"},"content":{"rendered":"<p>Odbiornik D\/GPS SIMRAD GS70<\/p>\n<p>System Nawigacyjny SIMRAD GN70<br \/>\nWyposa\u017cony w kolorowy wy\u015bwietlacz, wsp\u00f3\u0142pracuje z anten\u0105 GPS GS70 oraz ze wszystkimi dost\u0119pnymi na rynku antenami oraz kompasami satelitarnymi firmy SIMRAD.<br \/>\nAntena GS70 zosta\u0142a zaprojektowana specjalnie do wsp\u00f3\u0142pracy z wy\u015bwietlaczem GN70, komunikuje si\u0119 z GN70 za pomoc\u0105 protoko\u0142u NMEA2000, dodatkowo umo\u017cliwia odbi\u00f3r poprawek referencyjnych za pomoc\u0105 systemu SBAS. Antena GS70 wyposa\u017cona jest<br \/>\nw 32 kana\u0142owy odbiornik z od\u015bwie\u017ceniem informacji z cz\u0119stotliwo\u015bci\u0105 1,5 lub 10Hz, dok\u0142adno\u015b\u0107 anteny przy pracy w trybie GPS si\u0119ga 5m, natomiast przy korzystaniu z poprawek z systemu SBAS, dok\u0142adno\u015b\u0107 si\u0119ga 2m.<br \/>\nCechy g\u0142\u00f3wne:<\/p>\n<p>Interfejs NMEA2000 oraz Simnet<br \/>\nPokr\u0119t\u0142o umo\u017cliwiaj\u0105ce \u0142atw\u0105 zmian\u0119 ustawie\u0144 oraz poruszanie si\u0119 po menu<br \/>\nklawisze szybkiego wyboru<br \/>\n5&#8243; calowy wy\u015bwietlacz<br \/>\n16-bitowy kolorowy wy\u015bwietlacz TFT<br \/>\nod\u015bwie\u017canie pozycji 1,5, lub 10Hz<br \/>\nwy\u015bwietlacz GN70 mo\u017ce wsp\u00f3\u0142pracowa\u0107 z kompasem satelitarnym HS80, kt\u00f3ry posiada uznanie jako pierwsze \u017ar\u00f3d\u0142o informacji o kursie i pozycji<br \/>\nopcjonalna skrzynka po\u0142\u0105czeniowa MX610JB z 4 portami NMEA0183\n<\/p>\n<p><!-- {\"name\":\"\",\"type\":\"layout\",\"children\":[{\"name\":\"ANTENA\",\"type\":\"section\",\"props\":{\"width\":\"default\",\"padding\":\"xsmall\",\"style\":\"default\",\"text_color\":\"\",\"media\":\"\",\"height_viewport\":false,\"header_overlay\":\"light\",\"animation\":\"slide-top-medium\",\"padding_remove_top\":false,\"image_size\":\"cover\",\"image\":\"\",\"image_position\":\"bottom-center\",\"image_fixed\":false,\"class\":\"\",\"overlap\":true,\"vertical_align\":\"middle\",\"title_position\":\"top-left\",\"title_rotation\":\"left\",\"title_breakpoint\":\"xl\"},\"children\":[{\"name\":\"\",\"type\":\"row\",\"props\":{\"layout\":\"1-1\",\"breakpoint\":\"m\",\"margin\":\"\",\"fixed_width\":\"large\"},\"children\":[{\"name\":\"\",\"type\":\"column\",\"props\":{\"image_position\":\"center-center\",\"widths\":[\"1-1\"]},\"children\":[{\"name\":\"\",\"type\":\"headline\",\"props\":{\"title_element\":\"h2\",\"content\":\"Odbiornik D\\\/GPS SIMRAD GS70\",\"text_align\":\"center\",\"text_align_fallback\":\"center\",\"maxwidth_align\":\"center\",\"maxwidth\":\"\",\"title_style\":\"h2\",\"title_decoration\":\"\",\"margin\":\"\"}},{\"name\":\"\",\"type\":\"divider\",\"props\":{\"divider_element\":\"hr\"}}]}]},{\"name\":\"\",\"type\":\"row\",\"props\":{\"fixed_width\":\"large\",\"breakpoint\":\"m\",\"layout\":\",2-3\",\"margin\":\"medium\"},\"children\":[{\"name\":\"\",\"type\":\"column\",\"props\":{\"widths\":[\"\"],\"image_position\":\"center-center\"},\"children\":[{\"name\":\"\",\"type\":\"image\",\"props\":{\"margin\":\"default\",\"image\":\"wp-content\\\/uploads\\\/simrad-gn70.jpg\",\"image_width\":\"300\",\"image_box_shadow\":\"\",\"image_border\":\"rounded\",\"text_align\":\"center\"}}]},{\"name\":\"\",\"type\":\"column\",\"props\":{\"widths\":[\"2-3\"],\"image_position\":\"center-center\"},\"children\":[{\"name\":\"\",\"type\":\"text\",\"props\":{\"margin\":\"default\",\"column_breakpoint\":\"m\",\"content\":\"\n\n<p>System Nawigacyjny SIMRAD GN70<\\\/p>\\n\n\n<p>Wyposa\\u017cony w kolorowy wy\\u015bwietlacz, wsp\\u00f3\\u0142pracuje z anten\\u0105 GPS GS70 oraz ze wszystkimi dost\\u0119pnymi na rynku antenami oraz kompasami satelitarnymi firmy SIMRAD.<\\\/p>\\n\n\n<p>Antena GS70 zosta\\u0142a zaprojektowana specjalnie do wsp\\u00f3\\u0142pracy z wy\\u015bwietlaczem GN70, komunikuje si\\u0119 z GN70 za pomoc\\u0105 protoko\\u0142u NMEA2000, dodatkowo umo\\u017cliwia odbi\\u00f3r poprawek referencyjnych za pomoc\\u0105 systemu SBAS. Antena GS70 wyposa\\u017cona jest<\\\/p>\\n\n\n<p>w 32 kana\\u0142owy odbiornik z od\\u015bwie\\u017ceniem informacji z cz\\u0119stotliwo\\u015bci\\u0105 1,5 lub 10Hz, dok\\u0142adno\\u015b\\u0107 anteny przy pracy w trybie GPS si\\u0119ga 5m, natomiast przy korzystaniu z poprawek z systemu SBAS, dok\\u0142adno\\u015b\\u0107 si\\u0119ga 2m.<\\\/p>\\n\n\n<p>Cechy g\\u0142\\u00f3wne:<\\\/p>\\n\n\n<ul>\\n\n\n<li>Interfejs NMEA2000 oraz Simnet<\\\/li>\\n\n\n<li>Pokr\\u0119t\\u0142o umo\\u017cliwiaj\\u0105ce \\u0142atw\\u0105 zmian\\u0119 ustawie\\u0144 oraz poruszanie si\\u0119 po menu<\\\/li>\\n\n\n<li>klawisze szybkiego wyboru<\\\/li>\\n\n\n<li>5\\\" calowy wy\\u015bwietlacz<\\\/li>\\n\n\n<li>16-bitowy kolorowy wy\\u015bwietlacz TFT<\\\/li>\\n\n\n<li>od\\u015bwie\\u017canie pozycji 1,5, lub 10Hz<\\\/li>\\n\n\n<li>wy\\u015bwietlacz GN70 mo\\u017ce wsp\\u00f3\\u0142pracowa\\u0107 z kompasem satelitarnym HS80, kt\\u00f3ry posiada uznanie jako pierwsze \\u017ar\\u00f3d\\u0142o informacji o kursie i pozycji<\\\/li>\\n\n\n<li>opcjonalna skrzynka po\\u0142\\u0105czeniowa MX610JB z 4 portami NMEA0183<\\\/li>\\n<\\\/ul>\",\"text_align\":\"justify\",\"maxwidth\":\"xxlarge\"}}]}]}]}]} --><\/p>\n","protected":false},"excerpt":{"rendered":"<p>Odbiornik D\/GPS SIMRAD GS70 System Nawigacyjny SIMRAD GN70 Wyposa\u017cony w kolorowy wy\u015bwietlacz, wsp\u00f3\u0142pracuje z anten\u0105 GPS GS70 oraz ze wszystkimi dost\u0119pnymi na rynku antenami oraz kompasami satelitarnymi firmy SIMRAD. Antena GS70 zosta\u0142a zaprojektowana specjalnie do wsp\u00f3\u0142pracy z wy\u015bwietlaczem GN70, komunikuje si\u0119 z GN70 za pomoc\u0105 protoko\u0142u NMEA2000, dodatkowo umo\u017cliwia odbi\u00f3r poprawek referencyjnych za pomoc\u0105 systemu [&hellip;]<\/p>\n","protected":false},"author":6,"featured_media":0,"parent":0,"menu_order":0,"comment_status":"closed","ping_status":"closed","template":"","meta":{"footnotes":""},"class_list":["post-2461","page","type-page","status-publish","hentry"],"yoast_head":"<!-- This site is optimized with the Yoast SEO plugin v27.4 - https:\/\/yoast.com\/product\/yoast-seo-wordpress\/ -->\n<title>Odbiornik D\/GPS SIMRAD GS70 - ESCORT TECHNOLOGY<\/title>\n<meta name=\"robots\" content=\"index, follow, max-snippet:-1, max-image-preview:large, max-video-preview:-1\" \/>\n<link rel=\"canonical\" href=\"http:\/\/escort-technology.com\/pl\/odbiornik-d-gps-simrad-gs70\/\" \/>\n<meta property=\"og:locale\" content=\"pl_PL\" \/>\n<meta property=\"og:type\" content=\"article\" \/>\n<meta property=\"og:title\" content=\"Odbiornik D\/GPS SIMRAD GS70 - ESCORT TECHNOLOGY\" \/>\n<meta property=\"og:description\" content=\"Odbiornik D\/GPS SIMRAD GS70 System Nawigacyjny SIMRAD GN70 Wyposa\u017cony w kolorowy wy\u015bwietlacz, wsp\u00f3\u0142pracuje z anten\u0105 GPS GS70 oraz ze wszystkimi dost\u0119pnymi na rynku antenami oraz kompasami satelitarnymi firmy SIMRAD. Antena GS70 zosta\u0142a zaprojektowana specjalnie do wsp\u00f3\u0142pracy z wy\u015bwietlaczem GN70, komunikuje si\u0119 z GN70 za pomoc\u0105 protoko\u0142u NMEA2000, dodatkowo umo\u017cliwia odbi\u00f3r poprawek referencyjnych za pomoc\u0105 systemu [&hellip;]\" \/>\n<meta property=\"og:url\" content=\"http:\/\/escort-technology.com\/pl\/odbiornik-d-gps-simrad-gs70\/\" \/>\n<meta property=\"og:site_name\" content=\"ESCORT TECHNOLOGY\" \/>\n<meta property=\"article:publisher\" content=\"https:\/\/www.facebook.com\/elektronika.morska\/\" \/>\n<meta property=\"article:modified_time\" content=\"2018-03-20T10:51:36+00:00\" \/>\n<meta name=\"twitter:card\" content=\"summary_large_image\" \/>\n<meta name=\"twitter:label1\" content=\"Szacowany czas czytania\" \/>\n\t<meta name=\"twitter:data1\" content=\"1 minuta\" \/>\n<script type=\"application\/ld+json\" class=\"yoast-schema-graph\">{\"@context\":\"https:\\\/\\\/schema.org\",\"@graph\":[{\"@type\":\"WebPage\",\"@id\":\"http:\\\/\\\/escort-technology.com\\\/en\\\/odbiornik-d-gps-simrad-gs70\\\/\",\"url\":\"http:\\\/\\\/escort-technology.com\\\/en\\\/odbiornik-d-gps-simrad-gs70\\\/\",\"name\":\"Odbiornik D\\\/GPS SIMRAD GS70 - ESCORT TECHNOLOGY\",\"isPartOf\":{\"@id\":\"http:\\\/\\\/escort-technology.com\\\/de\\\/#website\"},\"datePublished\":\"2018-03-19T13:31:41+00:00\",\"dateModified\":\"2018-03-20T10:51:36+00:00\",\"breadcrumb\":{\"@id\":\"http:\\\/\\\/escort-technology.com\\\/en\\\/odbiornik-d-gps-simrad-gs70\\\/#breadcrumb\"},\"inLanguage\":\"pl-PL\",\"potentialAction\":[{\"@type\":\"ReadAction\",\"target\":[\"http:\\\/\\\/escort-technology.com\\\/en\\\/odbiornik-d-gps-simrad-gs70\\\/\"]}]},{\"@type\":\"BreadcrumbList\",\"@id\":\"http:\\\/\\\/escort-technology.com\\\/en\\\/odbiornik-d-gps-simrad-gs70\\\/#breadcrumb\",\"itemListElement\":[{\"@type\":\"ListItem\",\"position\":1,\"name\":\"Strona g\u0142\u00f3wna\",\"item\":\"https:\\\/\\\/escort-technology.com\\\/\"},{\"@type\":\"ListItem\",\"position\":2,\"name\":\"Odbiornik D\\\/GPS SIMRAD GS70\"}]},{\"@type\":\"WebSite\",\"@id\":\"http:\\\/\\\/escort-technology.com\\\/de\\\/#website\",\"url\":\"http:\\\/\\\/escort-technology.com\\\/de\\\/\",\"name\":\"ESCORT TECHNOLOGY\",\"description\":\"Elektronika morska i l\u0105dowa\",\"publisher\":{\"@id\":\"http:\\\/\\\/escort-technology.com\\\/de\\\/#organization\"},\"potentialAction\":[{\"@type\":\"SearchAction\",\"target\":{\"@type\":\"EntryPoint\",\"urlTemplate\":\"http:\\\/\\\/escort-technology.com\\\/de\\\/?s={search_term_string}\"},\"query-input\":{\"@type\":\"PropertyValueSpecification\",\"valueRequired\":true,\"valueName\":\"search_term_string\"}}],\"inLanguage\":\"pl-PL\"},{\"@type\":\"Organization\",\"@id\":\"http:\\\/\\\/escort-technology.com\\\/de\\\/#organization\",\"name\":\"ESCORT TECHNOLOGY\",\"url\":\"http:\\\/\\\/escort-technology.com\\\/de\\\/\",\"logo\":{\"@type\":\"ImageObject\",\"inLanguage\":\"pl-PL\",\"@id\":\"http:\\\/\\\/escort-technology.com\\\/de\\\/#\\\/schema\\\/logo\\\/image\\\/\",\"url\":\"https:\\\/\\\/escort-technology.com\\\/wp-content\\\/uploads\\\/logo-1.jpg\",\"contentUrl\":\"https:\\\/\\\/escort-technology.com\\\/wp-content\\\/uploads\\\/logo-1.jpg\",\"width\":600,\"height\":165,\"caption\":\"ESCORT TECHNOLOGY\"},\"image\":{\"@id\":\"http:\\\/\\\/escort-technology.com\\\/de\\\/#\\\/schema\\\/logo\\\/image\\\/\"},\"sameAs\":[\"https:\\\/\\\/www.facebook.com\\\/elektronika.morska\\\/\",\"https:\\\/\\\/www.linkedin.com\\\/company\\\/escort-sp-z-o-o-\\\/\"]}]}<\/script>\n<!-- \/ Yoast SEO plugin. -->","yoast_head_json":{"title":"Odbiornik D\/GPS SIMRAD GS70 - ESCORT TECHNOLOGY","robots":{"index":"index","follow":"follow","max-snippet":"max-snippet:-1","max-image-preview":"max-image-preview:large","max-video-preview":"max-video-preview:-1"},"canonical":"http:\/\/escort-technology.com\/pl\/odbiornik-d-gps-simrad-gs70\/","og_locale":"pl_PL","og_type":"article","og_title":"Odbiornik D\/GPS SIMRAD GS70 - ESCORT TECHNOLOGY","og_description":"Odbiornik D\/GPS SIMRAD GS70 System Nawigacyjny SIMRAD GN70 Wyposa\u017cony w kolorowy wy\u015bwietlacz, wsp\u00f3\u0142pracuje z anten\u0105 GPS GS70 oraz ze wszystkimi dost\u0119pnymi na rynku antenami oraz kompasami satelitarnymi firmy SIMRAD. Antena GS70 zosta\u0142a zaprojektowana specjalnie do wsp\u00f3\u0142pracy z wy\u015bwietlaczem GN70, komunikuje si\u0119 z GN70 za pomoc\u0105 protoko\u0142u NMEA2000, dodatkowo umo\u017cliwia odbi\u00f3r poprawek referencyjnych za pomoc\u0105 systemu [&hellip;]","og_url":"http:\/\/escort-technology.com\/pl\/odbiornik-d-gps-simrad-gs70\/","og_site_name":"ESCORT TECHNOLOGY","article_publisher":"https:\/\/www.facebook.com\/elektronika.morska\/","article_modified_time":"2018-03-20T10:51:36+00:00","twitter_card":"summary_large_image","twitter_misc":{"Szacowany czas czytania":"1 minuta"},"schema":{"@context":"https:\/\/schema.org","@graph":[{"@type":"WebPage","@id":"http:\/\/escort-technology.com\/en\/odbiornik-d-gps-simrad-gs70\/","url":"http:\/\/escort-technology.com\/en\/odbiornik-d-gps-simrad-gs70\/","name":"Odbiornik D\/GPS SIMRAD GS70 - ESCORT TECHNOLOGY","isPartOf":{"@id":"http:\/\/escort-technology.com\/de\/#website"},"datePublished":"2018-03-19T13:31:41+00:00","dateModified":"2018-03-20T10:51:36+00:00","breadcrumb":{"@id":"http:\/\/escort-technology.com\/en\/odbiornik-d-gps-simrad-gs70\/#breadcrumb"},"inLanguage":"pl-PL","potentialAction":[{"@type":"ReadAction","target":["http:\/\/escort-technology.com\/en\/odbiornik-d-gps-simrad-gs70\/"]}]},{"@type":"BreadcrumbList","@id":"http:\/\/escort-technology.com\/en\/odbiornik-d-gps-simrad-gs70\/#breadcrumb","itemListElement":[{"@type":"ListItem","position":1,"name":"Strona g\u0142\u00f3wna","item":"https:\/\/escort-technology.com\/"},{"@type":"ListItem","position":2,"name":"Odbiornik D\/GPS SIMRAD GS70"}]},{"@type":"WebSite","@id":"http:\/\/escort-technology.com\/de\/#website","url":"http:\/\/escort-technology.com\/de\/","name":"ESCORT TECHNOLOGY","description":"Elektronika morska i l\u0105dowa","publisher":{"@id":"http:\/\/escort-technology.com\/de\/#organization"},"potentialAction":[{"@type":"SearchAction","target":{"@type":"EntryPoint","urlTemplate":"http:\/\/escort-technology.com\/de\/?s={search_term_string}"},"query-input":{"@type":"PropertyValueSpecification","valueRequired":true,"valueName":"search_term_string"}}],"inLanguage":"pl-PL"},{"@type":"Organization","@id":"http:\/\/escort-technology.com\/de\/#organization","name":"ESCORT TECHNOLOGY","url":"http:\/\/escort-technology.com\/de\/","logo":{"@type":"ImageObject","inLanguage":"pl-PL","@id":"http:\/\/escort-technology.com\/de\/#\/schema\/logo\/image\/","url":"https:\/\/escort-technology.com\/wp-content\/uploads\/logo-1.jpg","contentUrl":"https:\/\/escort-technology.com\/wp-content\/uploads\/logo-1.jpg","width":600,"height":165,"caption":"ESCORT TECHNOLOGY"},"image":{"@id":"http:\/\/escort-technology.com\/de\/#\/schema\/logo\/image\/"},"sameAs":["https:\/\/www.facebook.com\/elektronika.morska\/","https:\/\/www.linkedin.com\/company\/escort-sp-z-o-o-\/"]}]}},"_links":{"self":[{"href":"https:\/\/escort-technology.com\/pl\/wp-json\/wp\/v2\/pages\/2461","targetHints":{"allow":["GET"]}}],"collection":[{"href":"https:\/\/escort-technology.com\/pl\/wp-json\/wp\/v2\/pages"}],"about":[{"href":"https:\/\/escort-technology.com\/pl\/wp-json\/wp\/v2\/types\/page"}],"author":[{"embeddable":true,"href":"https:\/\/escort-technology.com\/pl\/wp-json\/wp\/v2\/users\/6"}],"replies":[{"embeddable":true,"href":"https:\/\/escort-technology.com\/pl\/wp-json\/wp\/v2\/comments?post=2461"}],"version-history":[{"count":2,"href":"https:\/\/escort-technology.com\/pl\/wp-json\/wp\/v2\/pages\/2461\/revisions"}],"predecessor-version":[{"id":2523,"href":"https:\/\/escort-technology.com\/pl\/wp-json\/wp\/v2\/pages\/2461\/revisions\/2523"}],"wp:attachment":[{"href":"https:\/\/escort-technology.com\/pl\/wp-json\/wp\/v2\/media?parent=2461"}],"curies":[{"name":"wp","href":"https:\/\/api.w.org\/{rel}","templated":true}]}}