{"id":2471,"date":"2018-03-19T13:34:28","date_gmt":"2018-03-19T13:34:28","guid":{"rendered":"http:\/\/escort-technology.com\/?page_id=2471"},"modified":"2018-03-20T11:24:09","modified_gmt":"2018-03-20T11:24:09","slug":"odbiornik-gnss-r320","status":"publish","type":"page","link":"https:\/\/escort-technology.com\/pl\/odbiornik-gnss-r320\/","title":{"rendered":"Odbiornik GNSS R320"},"content":{"rendered":"<p>Odbiornik GNSS R320<\/p>\n<p>Dzi\u0119ki wykorzystaniu odbiornika R320&#x2122; GNSS b\u0119dziesz m\u00f3g\u0142 uko\u0144czy\u0107 swoj\u0105 prac\u0119 szybko i bardzo dok\u0142adnie. Odbiornik budowany jest na bazie nowej technologii, a jego g\u0142\u00f3wn\u0105 zalet\u0105 jest ekstramalnie szybki czas uruchomienia oraz pozyskiwania danych. W standardowej wersji urz\u0105dzenie\u00a0 \u015bledzi sygna\u0142y GPS L1\/L2, SBAS i L-band (OmniSTAR\u00ae HP\/XP\/VBS) oraz umo\u017cliwia zapisywanie danych na dysku USB w celu ich przechowywania oraz dalszej obr\u00f3bki. Zastosowana technologia &#8222;Hemisphere GPS\u2019 exclusive COAST&#x2122; technology&#8221; umo\u017cliwia dok\u0142adne pozycjonowanie w przypadku zaniku poprawek r\u00f3\u017cnicowych DGPS i SBAS. Dodatkowo urz\u0105dzenie mo\u017ce by\u0107 zaktualizowane do wersji umo\u017cliwiaj\u0105cej odbi\u00f3r poprawek RTK.<br \/>\nTechnologia Niezawodnego \u015aledzenia Sygna\u0142u (Eclipse GNSS RTK with SureTrack\u00ae)<br \/>\nOdbiornik R320 mo\u017ce by\u0107 przystosowany do odbioru sygna\u0142u poprawek RTK. Mo\u017cesz wykorzysta\u0107\u00a0 centymetrowy poziom dok\u0142adno\u015bci systemu poprzez odbi\u00f3r sygna\u0142\u00f3w L1\/L2 GPS lub zwi\u0119kszony poziom dok\u0142adno\u015bci poprzez odbi\u00f3r sygna\u0142\u00f3w L1\/L2 GNSS.<br \/>\n\u00a0<br \/>\nG\u0142\u00f3wne zalety:<\/p>\n<p>Wysoka dok\u0142adno\u015b\u0107 pozycjonowania w systemie RTK, OmniSTAR HP\/ XP\/VBS, i SBAS\/DGPS.<br \/>\nTechnologia Niezawodnego \u015aledzenia Sygna\u0142u (SureTrack technology) poprawia dodatkowo\u00a0 funkcjonalno\u015b\u0107\u00a0 systemu, szczeg\u00f3lnie\u00a0 podczas \u015bledzenia sygna\u0142\u00f3w wysy\u0142anych przez satelity systemu GLONASS<br \/>\nTechnologia COASTTM  zapewniaj\u0105ca zachowanie dok\u0142ado\u015bci nawet przez 40 minut po utracie sygna\u0142u DGPS oraz SBAS<br \/>\nMo\u017cliwo\u015b\u0107 wykorzystania standardowego dysku przeno\u015bnego USB do zapisu danych<br \/>\n\u0141atwo\u015b\u0107 monitorowania i konfiguracji dzi\u0119ki sygnalizacji statusu urz\u0105dzenia oraz przejrzystemu menu<br \/>\nSzybkie od\u015bwie\u017canie sygna\u0142u do 20 razy na sekund\u0119\n<\/p>\n<p>BROSZURA<\/p>\n<p><!-- {\"name\":\"\",\"type\":\"layout\",\"children\":[{\"name\":\"ANTENA\",\"type\":\"section\",\"props\":{\"width\":\"default\",\"padding\":\"xsmall\",\"style\":\"default\",\"text_color\":\"\",\"media\":\"\",\"height_viewport\":false,\"header_overlay\":\"light\",\"animation\":\"slide-top-medium\",\"padding_remove_top\":false,\"image_size\":\"cover\",\"image\":\"\",\"image_position\":\"bottom-center\",\"image_fixed\":false,\"class\":\"\",\"overlap\":true,\"vertical_align\":\"middle\",\"title_position\":\"top-left\",\"title_rotation\":\"left\",\"title_breakpoint\":\"xl\"},\"children\":[{\"name\":\"\",\"type\":\"row\",\"props\":{\"layout\":\"1-1\",\"breakpoint\":\"m\",\"margin\":\"\",\"fixed_width\":\"large\"},\"children\":[{\"name\":\"\",\"type\":\"column\",\"props\":{\"image_position\":\"center-center\",\"widths\":[\"1-1\"]},\"children\":[{\"name\":\"\",\"type\":\"headline\",\"props\":{\"title_element\":\"h2\",\"content\":\"Odbiornik GNSS R320\",\"text_align\":\"center\",\"text_align_fallback\":\"center\",\"maxwidth_align\":\"center\",\"maxwidth\":\"\",\"title_style\":\"h2\",\"title_decoration\":\"\",\"margin\":\"\"}},{\"name\":\"\",\"type\":\"divider\",\"props\":{\"divider_element\":\"hr\"}}]}]},{\"name\":\"\",\"type\":\"row\",\"props\":{\"fixed_width\":\"large\",\"breakpoint\":\"m\",\"layout\":\",2-3\",\"margin\":\"medium\"},\"children\":[{\"name\":\"\",\"type\":\"column\",\"props\":{\"widths\":[\"\"],\"image_position\":\"center-center\"},\"children\":[{\"name\":\"\",\"type\":\"image\",\"props\":{\"margin\":\"default\",\"image\":\"wp-content\\\/uploads\\\/R320.jpg\",\"image_width\":\"300\",\"image_box_shadow\":\"\",\"image_border\":\"rounded\",\"text_align\":\"center\"}}]},{\"name\":\"\",\"type\":\"column\",\"props\":{\"widths\":[\"2-3\"],\"image_position\":\"center-center\"},\"children\":[{\"name\":\"\",\"type\":\"text\",\"props\":{\"column_breakpoint\":\"m\",\"margin\":\"medium\",\"content\":\"\n\n<p>Dzi\\u0119ki wykorzystaniu odbiornika R320\\u2122 GNSS b\\u0119dziesz m\\u00f3g\\u0142 uko\\u0144czy\\u0107 swoj\\u0105 prac\\u0119 szybko i bardzo dok\\u0142adnie. Odbiornik budowany jest na bazie nowej technologii, a jego g\\u0142\\u00f3wn\\u0105 zalet\\u0105 jest ekstramalnie szybki czas uruchomienia oraz pozyskiwania danych. W standardowej wersji urz\\u0105dzenie\\u00a0 \\u015bledzi sygna\\u0142y GPS L1\\\/L2, SBAS i L-band (OmniSTAR\\u00ae HP\\\/XP\\\/VBS) oraz umo\\u017cliwia zapisywanie danych na dysku USB w celu ich przechowywania oraz dalszej obr\\u00f3bki. Zastosowana technologia \\\"Hemisphere GPS\\u2019 exclusive COAST\\u2122 technology\\\" umo\\u017cliwia dok\\u0142adne pozycjonowanie w przypadku zaniku poprawek r\\u00f3\\u017cnicowych DGPS i SBAS. Dodatkowo urz\\u0105dzenie mo\\u017ce by\\u0107 zaktualizowane do wersji umo\\u017cliwiaj\\u0105cej odbi\\u00f3r poprawek RTK.<\\\/p>\\n\n\n<p><strong>Technologia Niezawodnego \\u015aledzenia Sygna\\u0142u (Eclipse GNSS RTK with SureTrack\\u00ae)<\\\/strong><\\\/p>\\n\n\n<p>Odbiornik R320 mo\\u017ce by\\u0107 przystosowany do odbioru sygna\\u0142u poprawek RTK. Mo\\u017cesz wykorzysta\\u0107\\u00a0 centymetrowy poziom dok\\u0142adno\\u015bci systemu poprzez odbi\\u00f3r sygna\\u0142\\u00f3w L1\\\/L2 GPS lub zwi\\u0119kszony poziom dok\\u0142adno\\u015bci poprzez odbi\\u00f3r sygna\\u0142\\u00f3w L1\\\/L2 GNSS.<\\\/p>\\n\n\n<p>\\u00a0<\\\/p>\\n\n\n<p><strong>G\\u0142\\u00f3wne zalety:<\\\/strong><\\\/p>\\n\n\n<ul>\\n\n\n<li>Wysoka dok\\u0142adno\\u015b\\u0107 pozycjonowania w systemie RTK, OmniSTAR HP\\\/ XP\\\/VBS, i SBAS\\\/DGPS.<\\\/li>\\n\n\n<li>Technologia Niezawodnego \\u015aledzenia Sygna\\u0142u (SureTrack technology) poprawia dodatkowo\\u00a0 funkcjonalno\\u015b\\u0107\\u00a0 systemu, szczeg\\u00f3lnie\\u00a0 podczas \\u015bledzenia sygna\\u0142\\u00f3w wysy\\u0142anych przez satelity systemu GLONASS<\\\/li>\\n\n\n<li>Technologia COAST<sup>TM <\\\/sup> zapewniaj\\u0105ca zachowanie dok\\u0142ado\\u015bci nawet przez 40 minut po utracie sygna\\u0142u DGPS oraz SBAS<\\\/li>\\n\n\n<li>Mo\\u017cliwo\\u015b\\u0107 wykorzystania standardowego dysku przeno\\u015bnego USB do zapisu danych<\\\/li>\\n\n\n<li>\\u0141atwo\\u015b\\u0107 monitorowania i konfiguracji dzi\\u0119ki sygnalizacji statusu urz\\u0105dzenia oraz przejrzystemu menu<\\\/li>\\n\n\n<li>Szybkie od\\u015bwie\\u017canie sygna\\u0142u do 20 razy na sekund\\u0119<\\\/li>\\n<\\\/ul>\",\"animation\":\"slide-left-medium\",\"text_align\":\"justify\",\"text_align_breakpoint\":\"m\",\"text_align_fallback\":\"center\",\"text_size\":\"\",\"maxwidth\":\"xxlarge\"}}]}]},{\"name\":\"\",\"type\":\"row\",\"props\":{\"fixed_width\":\"large\",\"breakpoint\":\"m\",\"layout\":\"1-1\",\"margin\":\"large\"},\"children\":[{\"name\":\"\",\"type\":\"column\",\"props\":{\"image_position\":\"center-center\",\"widths\":[\"1-1\"]},\"children\":[{\"name\":\"\",\"type\":\"button\",\"props\":{\"gutter\":\"small\",\"inline_align\":\"center\",\"margin\":\"\",\"text_align\":\"center\",\"button_size\":\"large\",\"animation\":\"slide-bottom-medium\"},\"children\":[{\"name\":\"\",\"type\":\"button_item\",\"props\":{\"button_style\":\"secondary\",\"content\":\"BROSZURA\",\"link\":\"wp-content\\\/uploads\\\/R320_Data_Sheet_WEB.pdf\",\"link_title\":\"Explore More\",\"icon_align\":\"left\",\"link_target\":\"blank\"}}]}]}]}]}]} --><\/p>\n","protected":false},"excerpt":{"rendered":"<p>Odbiornik GNSS R320 Dzi\u0119ki wykorzystaniu odbiornika R320&#x2122; GNSS b\u0119dziesz m\u00f3g\u0142 uko\u0144czy\u0107 swoj\u0105 prac\u0119 szybko i bardzo dok\u0142adnie. Odbiornik budowany jest na bazie nowej technologii, a jego g\u0142\u00f3wn\u0105 zalet\u0105 jest ekstramalnie szybki czas uruchomienia oraz pozyskiwania danych. W standardowej wersji urz\u0105dzenie\u00a0 \u015bledzi sygna\u0142y GPS L1\/L2, SBAS i L-band (OmniSTAR\u00ae HP\/XP\/VBS) oraz umo\u017cliwia zapisywanie danych na dysku [&hellip;]<\/p>\n","protected":false},"author":6,"featured_media":0,"parent":0,"menu_order":0,"comment_status":"closed","ping_status":"closed","template":"","meta":{"footnotes":""},"class_list":["post-2471","page","type-page","status-publish","hentry"],"yoast_head":"<!-- This site is optimized with the Yoast SEO plugin v27.4 - https:\/\/yoast.com\/product\/yoast-seo-wordpress\/ -->\n<title>Odbiornik GNSS R320 - ESCORT TECHNOLOGY<\/title>\n<meta name=\"robots\" content=\"index, follow, max-snippet:-1, max-image-preview:large, max-video-preview:-1\" \/>\n<link rel=\"canonical\" href=\"https:\/\/escort-technology.com\/pl\/odbiornik-gnss-r320\/\" \/>\n<meta property=\"og:locale\" content=\"pl_PL\" \/>\n<meta property=\"og:type\" content=\"article\" \/>\n<meta property=\"og:title\" content=\"Odbiornik GNSS R320 - ESCORT TECHNOLOGY\" \/>\n<meta property=\"og:description\" content=\"Odbiornik GNSS R320 Dzi\u0119ki wykorzystaniu odbiornika R320&#x2122; GNSS b\u0119dziesz m\u00f3g\u0142 uko\u0144czy\u0107 swoj\u0105 prac\u0119 szybko i bardzo dok\u0142adnie. Odbiornik budowany jest na bazie nowej technologii, a jego g\u0142\u00f3wn\u0105 zalet\u0105 jest ekstramalnie szybki czas uruchomienia oraz pozyskiwania danych. W standardowej wersji urz\u0105dzenie\u00a0 \u015bledzi sygna\u0142y GPS L1\/L2, SBAS i L-band (OmniSTAR\u00ae HP\/XP\/VBS) oraz umo\u017cliwia zapisywanie danych na dysku [&hellip;]\" \/>\n<meta property=\"og:url\" content=\"https:\/\/escort-technology.com\/pl\/odbiornik-gnss-r320\/\" \/>\n<meta property=\"og:site_name\" content=\"ESCORT TECHNOLOGY\" \/>\n<meta property=\"article:publisher\" content=\"https:\/\/www.facebook.com\/elektronika.morska\/\" \/>\n<meta property=\"article:modified_time\" content=\"2018-03-20T11:24:09+00:00\" \/>\n<meta name=\"twitter:card\" content=\"summary_large_image\" \/>\n<meta name=\"twitter:label1\" content=\"Szacowany czas czytania\" \/>\n\t<meta name=\"twitter:data1\" content=\"1 minuta\" \/>\n<script type=\"application\/ld+json\" class=\"yoast-schema-graph\">{\"@context\":\"https:\\\/\\\/schema.org\",\"@graph\":[{\"@type\":\"WebPage\",\"@id\":\"https:\\\/\\\/escort-technology.com\\\/en\\\/odbiornik-gnss-r320\\\/\",\"url\":\"https:\\\/\\\/escort-technology.com\\\/en\\\/odbiornik-gnss-r320\\\/\",\"name\":\"Odbiornik GNSS R320 - ESCORT TECHNOLOGY\",\"isPartOf\":{\"@id\":\"http:\\\/\\\/escort-technology.com\\\/de\\\/#website\"},\"datePublished\":\"2018-03-19T13:34:28+00:00\",\"dateModified\":\"2018-03-20T11:24:09+00:00\",\"breadcrumb\":{\"@id\":\"https:\\\/\\\/escort-technology.com\\\/en\\\/odbiornik-gnss-r320\\\/#breadcrumb\"},\"inLanguage\":\"pl-PL\",\"potentialAction\":[{\"@type\":\"ReadAction\",\"target\":[\"https:\\\/\\\/escort-technology.com\\\/en\\\/odbiornik-gnss-r320\\\/\"]}]},{\"@type\":\"BreadcrumbList\",\"@id\":\"https:\\\/\\\/escort-technology.com\\\/en\\\/odbiornik-gnss-r320\\\/#breadcrumb\",\"itemListElement\":[{\"@type\":\"ListItem\",\"position\":1,\"name\":\"Strona g\u0142\u00f3wna\",\"item\":\"https:\\\/\\\/escort-technology.com\\\/\"},{\"@type\":\"ListItem\",\"position\":2,\"name\":\"Odbiornik GNSS R320\"}]},{\"@type\":\"WebSite\",\"@id\":\"http:\\\/\\\/escort-technology.com\\\/de\\\/#website\",\"url\":\"http:\\\/\\\/escort-technology.com\\\/de\\\/\",\"name\":\"ESCORT TECHNOLOGY\",\"description\":\"Elektronika morska i l\u0105dowa\",\"publisher\":{\"@id\":\"http:\\\/\\\/escort-technology.com\\\/de\\\/#organization\"},\"potentialAction\":[{\"@type\":\"SearchAction\",\"target\":{\"@type\":\"EntryPoint\",\"urlTemplate\":\"http:\\\/\\\/escort-technology.com\\\/de\\\/?s={search_term_string}\"},\"query-input\":{\"@type\":\"PropertyValueSpecification\",\"valueRequired\":true,\"valueName\":\"search_term_string\"}}],\"inLanguage\":\"pl-PL\"},{\"@type\":\"Organization\",\"@id\":\"http:\\\/\\\/escort-technology.com\\\/de\\\/#organization\",\"name\":\"ESCORT TECHNOLOGY\",\"url\":\"http:\\\/\\\/escort-technology.com\\\/de\\\/\",\"logo\":{\"@type\":\"ImageObject\",\"inLanguage\":\"pl-PL\",\"@id\":\"http:\\\/\\\/escort-technology.com\\\/de\\\/#\\\/schema\\\/logo\\\/image\\\/\",\"url\":\"https:\\\/\\\/escort-technology.com\\\/wp-content\\\/uploads\\\/logo-1.jpg\",\"contentUrl\":\"https:\\\/\\\/escort-technology.com\\\/wp-content\\\/uploads\\\/logo-1.jpg\",\"width\":600,\"height\":165,\"caption\":\"ESCORT TECHNOLOGY\"},\"image\":{\"@id\":\"http:\\\/\\\/escort-technology.com\\\/de\\\/#\\\/schema\\\/logo\\\/image\\\/\"},\"sameAs\":[\"https:\\\/\\\/www.facebook.com\\\/elektronika.morska\\\/\",\"https:\\\/\\\/www.linkedin.com\\\/company\\\/escort-sp-z-o-o-\\\/\"]}]}<\/script>\n<!-- \/ Yoast SEO plugin. -->","yoast_head_json":{"title":"Odbiornik GNSS R320 - ESCORT TECHNOLOGY","robots":{"index":"index","follow":"follow","max-snippet":"max-snippet:-1","max-image-preview":"max-image-preview:large","max-video-preview":"max-video-preview:-1"},"canonical":"https:\/\/escort-technology.com\/pl\/odbiornik-gnss-r320\/","og_locale":"pl_PL","og_type":"article","og_title":"Odbiornik GNSS R320 - ESCORT TECHNOLOGY","og_description":"Odbiornik GNSS R320 Dzi\u0119ki wykorzystaniu odbiornika R320&#x2122; GNSS b\u0119dziesz m\u00f3g\u0142 uko\u0144czy\u0107 swoj\u0105 prac\u0119 szybko i bardzo dok\u0142adnie. Odbiornik budowany jest na bazie nowej technologii, a jego g\u0142\u00f3wn\u0105 zalet\u0105 jest ekstramalnie szybki czas uruchomienia oraz pozyskiwania danych. W standardowej wersji urz\u0105dzenie\u00a0 \u015bledzi sygna\u0142y GPS L1\/L2, SBAS i L-band (OmniSTAR\u00ae HP\/XP\/VBS) oraz umo\u017cliwia zapisywanie danych na dysku [&hellip;]","og_url":"https:\/\/escort-technology.com\/pl\/odbiornik-gnss-r320\/","og_site_name":"ESCORT TECHNOLOGY","article_publisher":"https:\/\/www.facebook.com\/elektronika.morska\/","article_modified_time":"2018-03-20T11:24:09+00:00","twitter_card":"summary_large_image","twitter_misc":{"Szacowany czas czytania":"1 minuta"},"schema":{"@context":"https:\/\/schema.org","@graph":[{"@type":"WebPage","@id":"https:\/\/escort-technology.com\/en\/odbiornik-gnss-r320\/","url":"https:\/\/escort-technology.com\/en\/odbiornik-gnss-r320\/","name":"Odbiornik GNSS R320 - ESCORT TECHNOLOGY","isPartOf":{"@id":"http:\/\/escort-technology.com\/de\/#website"},"datePublished":"2018-03-19T13:34:28+00:00","dateModified":"2018-03-20T11:24:09+00:00","breadcrumb":{"@id":"https:\/\/escort-technology.com\/en\/odbiornik-gnss-r320\/#breadcrumb"},"inLanguage":"pl-PL","potentialAction":[{"@type":"ReadAction","target":["https:\/\/escort-technology.com\/en\/odbiornik-gnss-r320\/"]}]},{"@type":"BreadcrumbList","@id":"https:\/\/escort-technology.com\/en\/odbiornik-gnss-r320\/#breadcrumb","itemListElement":[{"@type":"ListItem","position":1,"name":"Strona g\u0142\u00f3wna","item":"https:\/\/escort-technology.com\/"},{"@type":"ListItem","position":2,"name":"Odbiornik GNSS R320"}]},{"@type":"WebSite","@id":"http:\/\/escort-technology.com\/de\/#website","url":"http:\/\/escort-technology.com\/de\/","name":"ESCORT TECHNOLOGY","description":"Elektronika morska i l\u0105dowa","publisher":{"@id":"http:\/\/escort-technology.com\/de\/#organization"},"potentialAction":[{"@type":"SearchAction","target":{"@type":"EntryPoint","urlTemplate":"http:\/\/escort-technology.com\/de\/?s={search_term_string}"},"query-input":{"@type":"PropertyValueSpecification","valueRequired":true,"valueName":"search_term_string"}}],"inLanguage":"pl-PL"},{"@type":"Organization","@id":"http:\/\/escort-technology.com\/de\/#organization","name":"ESCORT TECHNOLOGY","url":"http:\/\/escort-technology.com\/de\/","logo":{"@type":"ImageObject","inLanguage":"pl-PL","@id":"http:\/\/escort-technology.com\/de\/#\/schema\/logo\/image\/","url":"https:\/\/escort-technology.com\/wp-content\/uploads\/logo-1.jpg","contentUrl":"https:\/\/escort-technology.com\/wp-content\/uploads\/logo-1.jpg","width":600,"height":165,"caption":"ESCORT TECHNOLOGY"},"image":{"@id":"http:\/\/escort-technology.com\/de\/#\/schema\/logo\/image\/"},"sameAs":["https:\/\/www.facebook.com\/elektronika.morska\/","https:\/\/www.linkedin.com\/company\/escort-sp-z-o-o-\/"]}]}},"_links":{"self":[{"href":"https:\/\/escort-technology.com\/pl\/wp-json\/wp\/v2\/pages\/2471","targetHints":{"allow":["GET"]}}],"collection":[{"href":"https:\/\/escort-technology.com\/pl\/wp-json\/wp\/v2\/pages"}],"about":[{"href":"https:\/\/escort-technology.com\/pl\/wp-json\/wp\/v2\/types\/page"}],"author":[{"embeddable":true,"href":"https:\/\/escort-technology.com\/pl\/wp-json\/wp\/v2\/users\/6"}],"replies":[{"embeddable":true,"href":"https:\/\/escort-technology.com\/pl\/wp-json\/wp\/v2\/comments?post=2471"}],"version-history":[{"count":2,"href":"https:\/\/escort-technology.com\/pl\/wp-json\/wp\/v2\/pages\/2471\/revisions"}],"predecessor-version":[{"id":2537,"href":"https:\/\/escort-technology.com\/pl\/wp-json\/wp\/v2\/pages\/2471\/revisions\/2537"}],"wp:attachment":[{"href":"https:\/\/escort-technology.com\/pl\/wp-json\/wp\/v2\/media?parent=2471"}],"curies":[{"name":"wp","href":"https:\/\/api.w.org\/{rel}","templated":true}]}}