{"id":2544,"date":"2018-03-20T11:34:44","date_gmt":"2018-03-20T11:34:44","guid":{"rendered":"http:\/\/escort-technology.com\/?page_id=2544"},"modified":"2020-11-19T13:12:05","modified_gmt":"2020-11-19T12:12:05","slug":"transponder-ais-em-trak-sart100-2","status":"publish","type":"page","link":"https:\/\/escort-technology.com\/pl\/transponder-ais-em-trak-sart100-2\/","title":{"rendered":"Transponder AIS EM-TRAK SART100"},"content":{"rendered":"<h2>Transponder AIS EM-TRAK SART100<\/h2>\n<hr>\n<div>\n<h3 class=\"product-intro\">SEARCH &amp; RESCUE<\/h3>\n<h3 class=\"product-intro\"><span class=\"product-name\">SERIA SART 100 klasy <\/span><span class=\"product-category\">B<\/span><\/h3>\n<p>Em-trak SART100 jest certyfikowanym przez IMO-SOLAS transporterem poszukiwawczo-ratowniczym AIS. Zaprojektowany z my\u015bl\u0105 o pe\u0142nej niezawodno\u015bci. SART100 mo\u017ce by\u0107 przechowywany przez lata i w razie potrzeby mo\u017ce by\u0107 natychmiast aktywowany do transmisji awaryjnej, kt\u00f3r\u0105 wszystkie jednostki p\u0142ywaj\u0105ce, stra\u017c przybrze\u017cna i samoloty wyposa\u017cone w system AIS otrzymaj\u0105 i wska\u017c\u0105 dok\u0142adn\u0105 lokalizacj\u0119.<\/p>\n<p>Em-trak SART jest wytrzyma\u0142y &#8211; IPx6, IPx7 i IPx8 i jest dostarczany jako kompletny zestaw gotowy do pracy i mo\u017ce by\u0107 przechowywany przez wiele lat, gotowy do natychmiastowej aktywacji w razie awarii.<\/p>\n<p>\u00a0<\/p>\n<p>\u00a0<\/p>\n<p>\u00a0<\/p>\n<\/div>\n<p>\n    <a href=\"wp-content\/uploads\/Em-trak_Product_Datasheet_SART.pdf\">Broszura<\/a>\n<\/p>\n<ul>\n<li>\n<p>        <img decoding=\"async\" src=\"wp-content\/uploads\/SART-1.png\" alt=\"\"><\/p>\n<\/li>\n<li>\n<p>        <img decoding=\"async\" src=\"wp-content\/uploads\/SART-back.png\" alt=\"\"><\/p>\n<\/li>\n<\/ul>\n<ul>\n<li>\n<h3>Cechy<\/h3>\n<div>\n<ul>\n<li>Certyfikowany i zatwierdzony AIS SART IMO Solas<\/li>\n<li>Minimum 5 lat bezobs\u0142ugowego nieprzerwanego czuwania<\/li>\n<li>\u0141atwy w u\u017cyciu w sytuacjach awaryjnych<\/li>\n<li>Wytrzyma\u0142y, odporny na warunki atmosferyczne i wodoszczelny do IP66, IP67 i IP68<\/li>\n<li>Kompletny zestaw, zawieraj\u0105cy szybkozamykaj\u0105cy uchwyt monta\u017cowy i worek chwytakowy<\/li>\n<\/ul>\n<\/div>\n<\/li>\n<li>\n<h3>Specyfikacja techniczna<\/h3>\n<div>\n<h3>SPECYFIKACJA FIZYCZNA I \u015aRODOWISKOWA<\/h3>\n<p>Wielko\u015b\u0107 (wys. x szer.) &#8211; 384 x 68 mm<br \/>Waga &#8211; 360g<br \/>Temperatura pracy &#8211; -25\u00b0C do +55\u00b0C<br \/>Temperatura przechowywania &#8211; -25\u00b0C do +70\u00b0C<br \/>Stopie\u0144 ochrony &#8211; IPx6 i IPx8<\/p>\n<h3>SPECYFIKACJA ELEKTRYCZNA<\/h3>\n<p>Pojemno\u015b\u0107 akumulatora &#8211; 3000mAh<br \/>Typ akumulatora &#8211; 6V Litowe ogniwo\u00a0<br \/>\u017bywotno\u015b\u0107 baterii (domy\u015blne warunki pracy) &#8211; 96 godzin<\/p>\n<h3>ZGODNO\u015a\u0106 Z NORMAMI<\/h3>\n<p>Normy AIS &#8211; IEC 61097-14<br \/>Normy bezpiecze\u0144stwa wyrob\u00f3w &#8211; EN60950-1 2006 +A11:2009 +A1:2010 +A12:2011 +A2:2013<br \/>Normy \u015brodowiskowe &#8211; IEC 60945 Ed. 4<br \/>Normy dzia\u0142ania GNSS &#8211; IEC 61108-1 Ed 2.0<\/p>\n<h3>GNSS<\/h3>\n<p>Obs\u0142ugiwane systemy &#8211; GPS<br \/>Kana\u0142y &#8211; 48<br \/>Antena wewn\u0119trzna\/zewn\u0119trzna &#8211; Tylko wewn\u0119trzna<br \/>Czas do pierwszej pozycji od zimnego startu &#8211; 35s<\/p>\n<h3>VHF NADAWCZO-ODBIORCZY<\/h3>\n<p>Schemat dost\u0119pu VDL &#8211; Zmodyfikowany SOTDMA<br \/>Cz\u0119stotliwo\u015b\u0107 pracy &#8211; 161,975MHz i 162,025MHz<br \/>Szeroko\u015b\u0107 pasma kana\u0142u &#8211; 25kHz<br \/>Odbiorniki\/ nadajniki &#8211; 1 x nadajnik<br \/>Moc nadajnika AIS &#8211; 1W (30dBm wypromieniowana)<\/p>\n<h3>INTERFEJS U\u017bYTKOWNIK\u00d3W<\/h3>\n<p>Przyciski &#8211; Aktywacja i test<br \/>Wska\u017aniki &#8211; Wska\u017anik stanu<\/p>\n<\/div>\n<\/li>\n<li>\n<h3>W zestawie<\/h3>\n<div>\n<p>1 x AIS SART<br \/>1 x Lanyard<br \/>1 x Teleskopowy s\u0142up monta\u017cowy<br \/>1 x Uchwyt monta\u017cowy i mocowanie<br \/>1 x Torba na zestaw<\/p>\n<\/div>\n<\/li>\n<\/ul>\n<p><!-- {\"name\":\"\",\"type\":\"layout\",\"children\":[{\"name\":\"ANTENA\",\"type\":\"section\",\"props\":{\"width\":\"default\",\"padding\":\"xsmall\",\"style\":\"default\",\"text_color\":\"\",\"media\":\"\",\"height_viewport\":false,\"header_overlay\":\"light\",\"animation\":\"slide-top-medium\",\"padding_remove_top\":false,\"image_size\":\"cover\",\"image\":\"\",\"image_position\":\"bottom-center\",\"image_fixed\":false,\"class\":\"\",\"overlap\":true,\"vertical_align\":\"middle\",\"title_position\":\"top-left\",\"title_rotation\":\"left\",\"title_breakpoint\":\"xl\",\"image_effect\":\"\"},\"children\":[{\"name\":\"\",\"type\":\"row\",\"props\":{\"layout\":\"1-1\",\"breakpoint\":\"m\",\"margin\":\"\",\"fixed_width\":\"large\"},\"children\":[{\"name\":\"\",\"type\":\"column\",\"props\":{\"image_position\":\"center-center\",\"widths\":[\"1-1\"]},\"children\":[{\"name\":\"\",\"type\":\"headline\",\"props\":{\"title_element\":\"h2\",\"content\":\"Transponder AIS EM-TRAK SART100\",\"text_align\":\"center\",\"text_align_fallback\":\"center\",\"maxwidth_align\":\"center\",\"maxwidth\":\"\",\"title_style\":\"h2\",\"title_decoration\":\"\",\"margin\":\"\"}},{\"name\":\"\",\"type\":\"divider\",\"props\":{\"divider_element\":\"hr\"}}]}]}]},{\"type\":\"section\",\"props\":{\"style\":\"muted\",\"width\":\"default\",\"vertical_align\":\"middle\",\"title_position\":\"top-left\",\"title_rotation\":\"left\",\"title_breakpoint\":\"xl\",\"image_position\":\"center-center\",\"text_color\":\"\",\"width_expand\":\"\",\"height\":\"\",\"padding\":\"\",\"header_transparent\":\"\",\"animation\":\"\",\"overlap\":false},\"children\":[{\"type\":\"row\",\"props\":{\"layout\":\",\",\"breakpoint\":\"m\",\"fixed_width\":\"large\",\"gutter\":\"\",\"width\":\"\",\"width_expand\":\"\",\"height\":\"\",\"margin\":\"\"},\"children\":[{\"type\":\"column\",\"props\":{\"widths\":[\"\"],\"image_position\":\"center-center\",\"media_overlay_gradient\":\"\",\"vertical_align\":\"\",\"style\":\"\",\"text_color\":\"\",\"padding\":\"\"},\"children\":[{\"type\":\"text\",\"props\":{\"margin\":\"default\",\"column_breakpoint\":\"m\",\"text_style\":\"\",\"text_color\":\"\",\"text_size\":\"\",\"column\":\"\",\"text_align\":\"\",\"text_align_breakpoint\":\"\",\"text_align_fallback\":\"\",\"maxwidth\":\"\",\"maxwidth_align\":\"\",\"maxwidth_breakpoint\":\"\",\"animation\":\"\",\"visibility\":\"\",\"content\":\"\n\n<h3 class=\\\"product-intro\\\">SEARCH &amp; RESCUE<\\\/h3>\\n\n\n<h3 class=\\\"product-intro\\\"><span class=\\\"product-name\\\">SERIA SART 100 klasy <\\\/span><span class=\\\"product-category\\\">B<\\\/span><\\\/h3>\\n\n\n<p>Em-trak SART100 jest certyfikowanym przez IMO-SOLAS transporterem poszukiwawczo-ratowniczym AIS. Zaprojektowany z my\\u015bl\\u0105 o pe\\u0142nej niezawodno\\u015bci. SART100 mo\\u017ce by\\u0107 przechowywany przez lata i w razie potrzeby mo\\u017ce by\\u0107 natychmiast aktywowany do transmisji awaryjnej, kt\\u00f3r\\u0105 wszystkie jednostki p\\u0142ywaj\\u0105ce, stra\\u017c przybrze\\u017cna i samoloty wyposa\\u017cone w system AIS otrzymaj\\u0105 i wska\\u017c\\u0105 dok\\u0142adn\\u0105 lokalizacj\\u0119.<\\\/p>\\n\n\n<p>Em-trak SART jest wytrzyma\\u0142y - IPx6, IPx7 i IPx8 i jest dostarczany jako kompletny zestaw gotowy do pracy i mo\\u017ce by\\u0107 przechowywany przez wiele lat, gotowy do natychmiastowej aktywacji w razie awarii.<\\\/p>\\n\n\n<p>\\u00a0<\\\/p>\\n\n\n<p>\\u00a0<\\\/p>\\n\n\n<p>\\u00a0<\\\/p>\"}},{\"type\":\"button\",\"props\":{\"gutter\":\"small\",\"margin\":\"default\",\"button_size\":\"\",\"text_align\":\"center\",\"text_align_breakpoint\":\"\",\"text_align_fallback\":\"\",\"maxwidth\":\"\",\"maxwidth_align\":\"\",\"maxwidth_breakpoint\":\"\",\"animation\":\"\",\"visibility\":\"\"},\"children\":[{\"type\":\"button_item\",\"props\":{\"button_style\":\"default\",\"icon_align\":\"left\",\"link_target\":\"\",\"link\":\"wp-content\\\/uploads\\\/Em-trak_Product_Datasheet_SART.pdf\",\"content\":\"Broszura\"}}]}]},{\"type\":\"column\",\"props\":{\"widths\":[\"\"],\"image_position\":\"center-center\",\"media_overlay_gradient\":\"\",\"vertical_align\":\"\",\"style\":\"\",\"text_color\":\"\",\"padding\":\"\"},\"children\":[{\"type\":\"slideshow\",\"props\":{\"show_title\":true,\"show_meta\":true,\"show_content\":true,\"show_link\":true,\"show_thumbnail\":true,\"slideshow_min_height\":300,\"slideshow_autoplay_pause\":true,\"nav\":\"dotnav\",\"nav_position\":\"bottom-center\",\"nav_position_margin\":\"medium\",\"nav_align\":\"center\",\"nav_breakpoint\":\"s\",\"thumbnav_width\":\"100\",\"thumbnav_height\":\"75\",\"slidenav\":\"default\",\"slidenav_margin\":\"medium\",\"slidenav_breakpoint\":\"s\",\"slidenav_outside_breakpoint\":\"xl\",\"overlay_position\":\"center-left\",\"overlay_animation\":\"parallax\",\"title_element\":\"h3\",\"meta_style\":\"meta\",\"meta_align\":\"bottom\",\"link_text\":\"Read more\",\"link_style\":\"default\",\"margin\":\"default\",\"slideshow_height\":\"full\",\"text_color\":\"\",\"slideshow_box_shadow\":\"\",\"slideshow_box_decoration\":\"\",\"slideshow_animation\":\"\",\"slideshow_kenburns\":\"\",\"nav_margin\":\"\",\"nav_color\":\"\",\"slidenav_outside_color\":\"\",\"overlay_container\":\"\",\"overlay_container_padding\":\"\",\"overlay_margin\":\"\",\"overlay_style\":\"\",\"overlay_padding\":\"\",\"overlay_width\":\"\",\"title_style\":\"\",\"title_decoration\":\"\",\"title_color\":\"\",\"meta_color\":\"\",\"meta_margin\":\"\",\"content_style\":\"\",\"link_size\":\"\",\"text_align\":\"\",\"text_align_breakpoint\":\"\",\"text_align_fallback\":\"\",\"maxwidth\":\"\",\"maxwidth_align\":\"\",\"maxwidth_breakpoint\":\"\",\"animation\":\"\",\"visibility\":\"\"},\"children\":[{\"type\":\"slideshow_item\",\"props\":{\"text_color\":\"\",\"image\":\"wp-content\\\/uploads\\\/SART-1.png\"}},{\"type\":\"slideshow_item\",\"props\":{\"text_color\":\"\",\"image\":\"wp-content\\\/uploads\\\/SART-back.png\"}}]}]}]}]},{\"type\":\"section\",\"props\":{\"style\":\"default\",\"width\":\"default\",\"vertical_align\":\"middle\",\"title_position\":\"top-left\",\"title_rotation\":\"left\",\"title_breakpoint\":\"xl\",\"image_position\":\"center-center\",\"text_color\":\"\",\"width_expand\":\"\",\"height\":\"\",\"padding\":\"\",\"header_transparent\":\"\",\"animation\":\"\"},\"children\":[{\"type\":\"row\",\"props\":{\"layout\":\"1-1\",\"breakpoint\":\"m\",\"fixed_width\":\"large\",\"gutter\":\"\",\"width\":\"\",\"width_expand\":\"\",\"height\":\"\",\"margin\":\"\"},\"children\":[{\"type\":\"column\",\"props\":{\"widths\":[\"1-1\"],\"image_position\":\"center-center\",\"media_overlay_gradient\":\"\",\"vertical_align\":\"\",\"style\":\"\",\"text_color\":\"\",\"padding\":\"\"},\"children\":[{\"type\":\"switcher\",\"props\":{\"show_title\":true,\"show_meta\":true,\"show_content\":true,\"show_image\":true,\"show_link\":true,\"show_label\":true,\"show_thumbnail\":true,\"switcher_style\":\"tab\",\"switcher_position\":\"top\",\"switcher_align\":\"left\",\"switcher_grid_width\":\"auto\",\"switcher_breakpoint\":\"m\",\"switcher_animation\":\"fade\",\"switcher_height\":true,\"title_element\":\"h3\",\"meta_style\":\"meta\",\"meta_align\":\"bottom\",\"image_align\":\"top\",\"image_grid_width\":\"1-2\",\"image_breakpoint\":\"m\",\"switcher_thumbnail_width\":\"100\",\"switcher_thumbnail_height\":\"75\",\"link_text\":\"Read more\",\"link_style\":\"default\",\"margin\":\"default\",\"switcher_margin\":\"\",\"switcher_gutter\":\"\",\"title_style\":\"\",\"title_decoration\":\"\",\"title_color\":\"\",\"meta_color\":\"\",\"meta_margin\":\"\",\"content_style\":\"\",\"image_border\":\"\",\"image_box_shadow\":\"\",\"image_box_decoration\":\"\",\"image_gutter\":\"\",\"link_size\":\"\",\"text_align\":\"\",\"text_align_breakpoint\":\"\",\"text_align_fallback\":\"\",\"maxwidth\":\"\",\"maxwidth_align\":\"\",\"maxwidth_breakpoint\":\"\",\"animation\":\"\",\"visibility\":\"\"},\"children\":[{\"type\":\"switcher_item\",\"props\":{\"content\":\"\n\n<ul>\\n\n\n<li>Certyfikowany i zatwierdzony AIS SART IMO Solas<\\\/li>\\n\n\n<li>Minimum 5 lat bezobs\\u0142ugowego nieprzerwanego czuwania<\\\/li>\\n\n\n<li>\\u0141atwy w u\\u017cyciu w sytuacjach awaryjnych<\\\/li>\\n\n\n<li>Wytrzyma\\u0142y, odporny na warunki atmosferyczne i wodoszczelny do IP66, IP67 i IP68<\\\/li>\\n\n\n<li>Kompletny zestaw, zawieraj\\u0105cy szybkozamykaj\\u0105cy uchwyt monta\\u017cowy i worek chwytakowy<\\\/li>\\n<\\\/ul>\",\"title\":\"Cechy\"}},{\"type\":\"switcher_item\",\"props\":{\"content\":\"\n\n<h3>SPECYFIKACJA FIZYCZNA I \\u015aRODOWISKOWA<\\\/h3>\\n\n\n<p>Wielko\\u015b\\u0107 (wys. x szer.) - 384 x 68 mm<br \\\/>Waga - 360g<br \\\/>Temperatura pracy - -25\\u00b0C do +55\\u00b0C<br \\\/>Temperatura przechowywania - -25\\u00b0C do +70\\u00b0C<br \\\/>Stopie\\u0144 ochrony - IPx6 i IPx8<\\\/p>\\n\n\n<h3>SPECYFIKACJA ELEKTRYCZNA<\\\/h3>\\n\n\n<p>Pojemno\\u015b\\u0107 akumulatora - 3000mAh<br \\\/>Typ akumulatora - 6V Litowe ogniwo\\u00a0<br \\\/>\\u017bywotno\\u015b\\u0107 baterii (domy\\u015blne warunki pracy) - 96 godzin<\\\/p>\\n\n\n<h3>ZGODNO\\u015a\\u0106 Z NORMAMI<\\\/h3>\\n\n\n<p>Normy AIS - IEC 61097-14<br \\\/>Normy bezpiecze\\u0144stwa wyrob\\u00f3w - EN60950-1 2006 +A11:2009 +A1:2010 +A12:2011 +A2:2013<br \\\/>Normy \\u015brodowiskowe - IEC 60945 Ed. 4<br \\\/>Normy dzia\\u0142ania GNSS - IEC 61108-1 Ed 2.0<\\\/p>\\n\n\n<h3>GNSS<\\\/h3>\\n\n\n<p>Obs\\u0142ugiwane systemy - GPS<br \\\/>Kana\\u0142y - 48<br \\\/>Antena wewn\\u0119trzna\\\/zewn\\u0119trzna - Tylko wewn\\u0119trzna<br \\\/>Czas do pierwszej pozycji od zimnego startu - 35s<\\\/p>\\n\n\n<h3>VHF NADAWCZO-ODBIORCZY<\\\/h3>\\n\n\n<p>Schemat dost\\u0119pu VDL - Zmodyfikowany SOTDMA<br \\\/>Cz\\u0119stotliwo\\u015b\\u0107 pracy - 161,975MHz i 162,025MHz<br \\\/>Szeroko\\u015b\\u0107 pasma kana\\u0142u - 25kHz<br \\\/>Odbiorniki\\\/ nadajniki - 1 x nadajnik<br \\\/>Moc nadajnika AIS - 1W (30dBm wypromieniowana)<\\\/p>\\n\n\n<h3>INTERFEJS U\\u017bYTKOWNIK\\u00d3W<\\\/h3>\\n\n\n<p>Przyciski - Aktywacja i test<br \\\/>Wska\\u017aniki - Wska\\u017anik stanu<\\\/p>\",\"title\":\"Specyfikacja techniczna\"}},{\"type\":\"switcher_item\",\"props\":{\"title\":\"W zestawie\",\"content\":\"\n\n<p>1 x AIS SART<br \\\/>1 x Lanyard<br \\\/>1 x Teleskopowy s\\u0142up monta\\u017cowy<br \\\/>1 x Uchwyt monta\\u017cowy i mocowanie<br \\\/>1 x Torba na zestaw<\\\/p>\"}}]}]}]}]}],\"props\":[],\"version\":\"1.18.0\"} --><\/p>\n","protected":false},"excerpt":{"rendered":"<p>Transponder AIS EM-TRAK SART100 SEARCH &amp; RESCUE SERIA SART 100 klasy B Em-trak SART100 jest certyfikowanym przez IMO-SOLAS transporterem poszukiwawczo-ratowniczym AIS. Zaprojektowany z my\u015bl\u0105 o pe\u0142nej niezawodno\u015bci. SART100 mo\u017ce by\u0107 przechowywany przez lata i w razie potrzeby mo\u017ce by\u0107 natychmiast aktywowany do transmisji awaryjnej, kt\u00f3r\u0105 wszystkie jednostki p\u0142ywaj\u0105ce, stra\u017c przybrze\u017cna i samoloty wyposa\u017cone w system [&hellip;]<\/p>\n","protected":false},"author":6,"featured_media":0,"parent":0,"menu_order":0,"comment_status":"closed","ping_status":"closed","template":"","meta":{"footnotes":""},"class_list":["post-2544","page","type-page","status-publish","hentry"],"yoast_head":"<!-- This site is optimized with the Yoast SEO plugin v27.5 - https:\/\/yoast.com\/product\/yoast-seo-wordpress\/ -->\n<title>Transponder AIS EM-TRAK SART100 - ESCORT TECHNOLOGY<\/title>\n<meta name=\"robots\" content=\"index, follow, max-snippet:-1, max-image-preview:large, max-video-preview:-1\" \/>\n<link rel=\"canonical\" href=\"https:\/\/escort-technology.com\/pl\/transponder-ais-em-trak-sart100-2\/\" \/>\n<meta property=\"og:locale\" content=\"pl_PL\" \/>\n<meta property=\"og:type\" content=\"article\" \/>\n<meta property=\"og:title\" content=\"Transponder AIS EM-TRAK SART100 - ESCORT TECHNOLOGY\" \/>\n<meta property=\"og:description\" content=\"Transponder AIS EM-TRAK SART100 SEARCH &amp; RESCUE SERIA SART 100 klasy B Em-trak SART100 jest certyfikowanym przez IMO-SOLAS transporterem poszukiwawczo-ratowniczym AIS. Zaprojektowany z my\u015bl\u0105 o pe\u0142nej niezawodno\u015bci. SART100 mo\u017ce by\u0107 przechowywany przez lata i w razie potrzeby mo\u017ce by\u0107 natychmiast aktywowany do transmisji awaryjnej, kt\u00f3r\u0105 wszystkie jednostki p\u0142ywaj\u0105ce, stra\u017c przybrze\u017cna i samoloty wyposa\u017cone w system [&hellip;]\" \/>\n<meta property=\"og:url\" content=\"https:\/\/escort-technology.com\/pl\/transponder-ais-em-trak-sart100-2\/\" \/>\n<meta property=\"og:site_name\" content=\"ESCORT TECHNOLOGY\" \/>\n<meta property=\"article:publisher\" content=\"https:\/\/www.facebook.com\/elektronika.morska\/\" \/>\n<meta property=\"article:modified_time\" content=\"2020-11-19T12:12:05+00:00\" \/>\n<meta property=\"og:image\" content=\"http:\/\/wp-content\/uploads\/SART-1.png\" \/>\n<meta name=\"twitter:card\" content=\"summary_large_image\" \/>\n<meta name=\"twitter:label1\" content=\"Szacowany czas czytania\" \/>\n\t<meta name=\"twitter:data1\" content=\"2 minuty\" \/>\n<script type=\"application\/ld+json\" class=\"yoast-schema-graph\">{\"@context\":\"https:\\\/\\\/schema.org\",\"@graph\":[{\"@type\":\"WebPage\",\"@id\":\"https:\\\/\\\/escort-technology.com\\\/en\\\/transponder-ais-em-trak-sart100-2\\\/\",\"url\":\"https:\\\/\\\/escort-technology.com\\\/en\\\/transponder-ais-em-trak-sart100-2\\\/\",\"name\":\"Transponder AIS EM-TRAK SART100 - ESCORT TECHNOLOGY\",\"isPartOf\":{\"@id\":\"http:\\\/\\\/escort-technology.com\\\/de\\\/#website\"},\"datePublished\":\"2018-03-20T11:34:44+00:00\",\"dateModified\":\"2020-11-19T12:12:05+00:00\",\"breadcrumb\":{\"@id\":\"https:\\\/\\\/escort-technology.com\\\/en\\\/transponder-ais-em-trak-sart100-2\\\/#breadcrumb\"},\"inLanguage\":\"pl-PL\",\"potentialAction\":[{\"@type\":\"ReadAction\",\"target\":[\"https:\\\/\\\/escort-technology.com\\\/en\\\/transponder-ais-em-trak-sart100-2\\\/\"]}]},{\"@type\":\"BreadcrumbList\",\"@id\":\"https:\\\/\\\/escort-technology.com\\\/en\\\/transponder-ais-em-trak-sart100-2\\\/#breadcrumb\",\"itemListElement\":[{\"@type\":\"ListItem\",\"position\":1,\"name\":\"Strona g\u0142\u00f3wna\",\"item\":\"https:\\\/\\\/escort-technology.com\\\/\"},{\"@type\":\"ListItem\",\"position\":2,\"name\":\"Transponder AIS EM-TRAK SART100\"}]},{\"@type\":\"WebSite\",\"@id\":\"http:\\\/\\\/escort-technology.com\\\/de\\\/#website\",\"url\":\"http:\\\/\\\/escort-technology.com\\\/de\\\/\",\"name\":\"ESCORT TECHNOLOGY\",\"description\":\"Elektronika morska i l\u0105dowa\",\"publisher\":{\"@id\":\"http:\\\/\\\/escort-technology.com\\\/de\\\/#organization\"},\"potentialAction\":[{\"@type\":\"SearchAction\",\"target\":{\"@type\":\"EntryPoint\",\"urlTemplate\":\"http:\\\/\\\/escort-technology.com\\\/de\\\/?s={search_term_string}\"},\"query-input\":{\"@type\":\"PropertyValueSpecification\",\"valueRequired\":true,\"valueName\":\"search_term_string\"}}],\"inLanguage\":\"pl-PL\"},{\"@type\":\"Organization\",\"@id\":\"http:\\\/\\\/escort-technology.com\\\/de\\\/#organization\",\"name\":\"ESCORT TECHNOLOGY\",\"url\":\"http:\\\/\\\/escort-technology.com\\\/de\\\/\",\"logo\":{\"@type\":\"ImageObject\",\"inLanguage\":\"pl-PL\",\"@id\":\"http:\\\/\\\/escort-technology.com\\\/de\\\/#\\\/schema\\\/logo\\\/image\\\/\",\"url\":\"https:\\\/\\\/escort-technology.com\\\/wp-content\\\/uploads\\\/logo-1.jpg\",\"contentUrl\":\"https:\\\/\\\/escort-technology.com\\\/wp-content\\\/uploads\\\/logo-1.jpg\",\"width\":600,\"height\":165,\"caption\":\"ESCORT TECHNOLOGY\"},\"image\":{\"@id\":\"http:\\\/\\\/escort-technology.com\\\/de\\\/#\\\/schema\\\/logo\\\/image\\\/\"},\"sameAs\":[\"https:\\\/\\\/www.facebook.com\\\/elektronika.morska\\\/\",\"https:\\\/\\\/www.linkedin.com\\\/company\\\/escort-sp-z-o-o-\\\/\"]}]}<\/script>\n<!-- \/ Yoast SEO plugin. -->","yoast_head_json":{"title":"Transponder AIS EM-TRAK SART100 - ESCORT TECHNOLOGY","robots":{"index":"index","follow":"follow","max-snippet":"max-snippet:-1","max-image-preview":"max-image-preview:large","max-video-preview":"max-video-preview:-1"},"canonical":"https:\/\/escort-technology.com\/pl\/transponder-ais-em-trak-sart100-2\/","og_locale":"pl_PL","og_type":"article","og_title":"Transponder AIS EM-TRAK SART100 - ESCORT TECHNOLOGY","og_description":"Transponder AIS EM-TRAK SART100 SEARCH &amp; RESCUE SERIA SART 100 klasy B Em-trak SART100 jest certyfikowanym przez IMO-SOLAS transporterem poszukiwawczo-ratowniczym AIS. Zaprojektowany z my\u015bl\u0105 o pe\u0142nej niezawodno\u015bci. SART100 mo\u017ce by\u0107 przechowywany przez lata i w razie potrzeby mo\u017ce by\u0107 natychmiast aktywowany do transmisji awaryjnej, kt\u00f3r\u0105 wszystkie jednostki p\u0142ywaj\u0105ce, stra\u017c przybrze\u017cna i samoloty wyposa\u017cone w system [&hellip;]","og_url":"https:\/\/escort-technology.com\/pl\/transponder-ais-em-trak-sart100-2\/","og_site_name":"ESCORT TECHNOLOGY","article_publisher":"https:\/\/www.facebook.com\/elektronika.morska\/","article_modified_time":"2020-11-19T12:12:05+00:00","og_image":[{"url":"wp-content\/uploads\/SART-1.png","type":"","width":"","height":""}],"twitter_card":"summary_large_image","twitter_misc":{"Szacowany czas czytania":"2 minuty"},"schema":{"@context":"https:\/\/schema.org","@graph":[{"@type":"WebPage","@id":"https:\/\/escort-technology.com\/en\/transponder-ais-em-trak-sart100-2\/","url":"https:\/\/escort-technology.com\/en\/transponder-ais-em-trak-sart100-2\/","name":"Transponder AIS EM-TRAK SART100 - ESCORT TECHNOLOGY","isPartOf":{"@id":"http:\/\/escort-technology.com\/de\/#website"},"datePublished":"2018-03-20T11:34:44+00:00","dateModified":"2020-11-19T12:12:05+00:00","breadcrumb":{"@id":"https:\/\/escort-technology.com\/en\/transponder-ais-em-trak-sart100-2\/#breadcrumb"},"inLanguage":"pl-PL","potentialAction":[{"@type":"ReadAction","target":["https:\/\/escort-technology.com\/en\/transponder-ais-em-trak-sart100-2\/"]}]},{"@type":"BreadcrumbList","@id":"https:\/\/escort-technology.com\/en\/transponder-ais-em-trak-sart100-2\/#breadcrumb","itemListElement":[{"@type":"ListItem","position":1,"name":"Strona g\u0142\u00f3wna","item":"https:\/\/escort-technology.com\/"},{"@type":"ListItem","position":2,"name":"Transponder AIS EM-TRAK SART100"}]},{"@type":"WebSite","@id":"http:\/\/escort-technology.com\/de\/#website","url":"http:\/\/escort-technology.com\/de\/","name":"ESCORT TECHNOLOGY","description":"Elektronika morska i l\u0105dowa","publisher":{"@id":"http:\/\/escort-technology.com\/de\/#organization"},"potentialAction":[{"@type":"SearchAction","target":{"@type":"EntryPoint","urlTemplate":"http:\/\/escort-technology.com\/de\/?s={search_term_string}"},"query-input":{"@type":"PropertyValueSpecification","valueRequired":true,"valueName":"search_term_string"}}],"inLanguage":"pl-PL"},{"@type":"Organization","@id":"http:\/\/escort-technology.com\/de\/#organization","name":"ESCORT TECHNOLOGY","url":"http:\/\/escort-technology.com\/de\/","logo":{"@type":"ImageObject","inLanguage":"pl-PL","@id":"http:\/\/escort-technology.com\/de\/#\/schema\/logo\/image\/","url":"https:\/\/escort-technology.com\/wp-content\/uploads\/logo-1.jpg","contentUrl":"https:\/\/escort-technology.com\/wp-content\/uploads\/logo-1.jpg","width":600,"height":165,"caption":"ESCORT TECHNOLOGY"},"image":{"@id":"http:\/\/escort-technology.com\/de\/#\/schema\/logo\/image\/"},"sameAs":["https:\/\/www.facebook.com\/elektronika.morska\/","https:\/\/www.linkedin.com\/company\/escort-sp-z-o-o-\/"]}]}},"_links":{"self":[{"href":"https:\/\/escort-technology.com\/pl\/wp-json\/wp\/v2\/pages\/2544","targetHints":{"allow":["GET"]}}],"collection":[{"href":"https:\/\/escort-technology.com\/pl\/wp-json\/wp\/v2\/pages"}],"about":[{"href":"https:\/\/escort-technology.com\/pl\/wp-json\/wp\/v2\/types\/page"}],"author":[{"embeddable":true,"href":"https:\/\/escort-technology.com\/pl\/wp-json\/wp\/v2\/users\/6"}],"replies":[{"embeddable":true,"href":"https:\/\/escort-technology.com\/pl\/wp-json\/wp\/v2\/comments?post=2544"}],"version-history":[{"count":7,"href":"https:\/\/escort-technology.com\/pl\/wp-json\/wp\/v2\/pages\/2544\/revisions"}],"predecessor-version":[{"id":7832,"href":"https:\/\/escort-technology.com\/pl\/wp-json\/wp\/v2\/pages\/2544\/revisions\/7832"}],"wp:attachment":[{"href":"https:\/\/escort-technology.com\/pl\/wp-json\/wp\/v2\/media?parent=2544"}],"curies":[{"name":"wp","href":"https:\/\/api.w.org\/{rel}","templated":true}]}}