{"id":2689,"date":"2018-03-21T09:16:41","date_gmt":"2018-03-21T09:16:41","guid":{"rendered":"http:\/\/escort-technology.com\/?page_id=2689"},"modified":"2018-03-21T09:36:30","modified_gmt":"2018-03-21T09:36:30","slug":"walker-2050-mk2-wiatromierz","status":"publish","type":"page","link":"https:\/\/escort-technology.com\/pl\/walker-2050-mk2-wiatromierz\/","title":{"rendered":"Walker 2050 MK2 Wiatromierz"},"content":{"rendered":"<p>Walker 2050 MK2 Wiatromierz<\/p>\n<p>Wiatromierz Walker 2050 MK2 jest urz\u0105dzeniem mierz\u0105cym kierunek oraz si\u0142\u0119 wiatru, z przeznaczeniem do zastosowa\u0144 profesjonalnych.<br \/>\nCechy urz\u0105dzenia:<\/p>\n<p>komunikacja z innymi urz\u0105dzeniami za pomoc\u0105 NMEA1083\/RS422 ( sentencja MWV)<br \/>\nwodoodporno\u015b\u0107 czujnika IP56<br \/>\nkabel przy czujniku 40 m<br \/>\nzasilanie 24V DC<br \/>\nwyb\u00f3r jednostek<\/p>\n<p>Zestaw zawiera:<br \/>\nczujnik wiatru, procesor w wypadku otrzymania wiatru rzeczywistego oraz wska\u017anik.<\/p>\n<p>BROSZURA<\/p>\n<p><!-- {\"name\":\"\",\"type\":\"layout\",\"children\":[{\"name\":\"ANTENA\",\"type\":\"section\",\"props\":{\"width\":\"default\",\"padding\":\"xsmall\",\"style\":\"default\",\"text_color\":\"\",\"media\":\"\",\"height_viewport\":false,\"header_overlay\":\"light\",\"animation\":\"slide-top-medium\",\"padding_remove_top\":false,\"image_size\":\"cover\",\"image\":\"\",\"image_position\":\"bottom-center\",\"image_fixed\":false,\"class\":\"\",\"overlap\":true,\"vertical_align\":\"middle\",\"title_position\":\"top-left\",\"title_rotation\":\"left\",\"title_breakpoint\":\"xl\"},\"children\":[{\"name\":\"\",\"type\":\"row\",\"props\":{\"layout\":\"1-1\",\"breakpoint\":\"m\",\"margin\":\"\",\"fixed_width\":\"large\"},\"children\":[{\"name\":\"\",\"type\":\"column\",\"props\":{\"image_position\":\"center-center\",\"widths\":[\"1-1\"]},\"children\":[{\"name\":\"\",\"type\":\"headline\",\"props\":{\"title_element\":\"h2\",\"content\":\"Walker 2050 MK2 Wiatromierz\",\"text_align\":\"center\",\"text_align_fallback\":\"center\",\"maxwidth_align\":\"center\",\"maxwidth\":\"\",\"title_style\":\"h2\",\"title_decoration\":\"\",\"margin\":\"\"}},{\"name\":\"\",\"type\":\"divider\",\"props\":{\"divider_element\":\"hr\"}}]}]},{\"name\":\"\",\"type\":\"row\",\"props\":{\"fixed_width\":\"large\",\"breakpoint\":\"m\",\"layout\":\",2-3\",\"margin\":\"medium\"},\"children\":[{\"name\":\"\",\"type\":\"column\",\"props\":{\"widths\":[\"\"],\"image_position\":\"center-center\"},\"children\":[{\"name\":\"\",\"type\":\"image\",\"props\":{\"margin\":\"default\",\"image\":\"wp-content\\\/uploads\\\/walker-2050.jpg\",\"image_width\":\"300\",\"image_box_shadow\":\"\",\"image_border\":\"rounded\",\"text_align\":\"center\"}},{\"name\":\"\",\"type\":\"image\",\"props\":{\"margin\":\"default\",\"image\":\"wp-content\\\/uploads\\\/walker-2050-schemat.jpg\",\"image_width\":\"400\",\"image_box_shadow\":\"\",\"image_border\":\"rounded\",\"text_align\":\"center\",\"link\":\"http:\\\/\\\/escort-technology.com\\\/wp-content\\\/uploads\\\/walker-2050-schemat.jpg\"}}]},{\"name\":\"\",\"type\":\"column\",\"props\":{\"widths\":[\"2-3\"],\"image_position\":\"center-center\"},\"children\":[{\"name\":\"\",\"type\":\"text\",\"props\":{\"column_breakpoint\":\"m\",\"margin\":\"medium\",\"content\":\"\n\n<p>Wiatromierz Walker 2050 MK2 jest urz\\u0105dzeniem mierz\\u0105cym kierunek oraz si\\u0142\\u0119 wiatru, z przeznaczeniem do zastosowa\\u0144 profesjonalnych.<\\\/p>\\n\n\n<p>Cechy urz\\u0105dzenia:<\\\/p>\\n\n\n<ul>\\n\n\n<li>komunikacja z innymi urz\\u0105dzeniami za pomoc\\u0105 NMEA1083\\\/RS422 ( sentencja MWV)<\\\/li>\\n\n\n<li>wodoodporno\\u015b\\u0107 czujnika IP56<\\\/li>\\n\n\n<li>kabel przy czujniku 40 m<\\\/li>\\n\n\n<li>zasilanie 24V DC<\\\/li>\\n\n\n<li>wyb\\u00f3r jednostek<\\\/li>\\n<\\\/ul>\\n\n\n<p>Zestaw zawiera:<\\\/p>\\n\n\n<p>czujnik wiatru, procesor w wypadku otrzymania wiatru rzeczywistego oraz wska\\u017anik.<\\\/p>\",\"animation\":\"slide-left-medium\",\"text_align\":\"justify\",\"text_align_breakpoint\":\"m\",\"text_align_fallback\":\"center\",\"text_size\":\"\",\"maxwidth\":\"xxlarge\"}}]}]},{\"name\":\"\",\"type\":\"row\",\"props\":{\"fixed_width\":\"large\",\"breakpoint\":\"m\",\"layout\":\"1-1\",\"margin\":\"large\"},\"children\":[{\"name\":\"\",\"type\":\"column\",\"props\":{\"image_position\":\"center-center\",\"widths\":[\"1-1\"]},\"children\":[{\"name\":\"\",\"type\":\"button\",\"props\":{\"gutter\":\"small\",\"inline_align\":\"center\",\"margin\":\"\",\"text_align\":\"center\",\"button_size\":\"large\",\"animation\":\"slide-bottom-medium\"},\"children\":[{\"name\":\"\",\"type\":\"button_item\",\"props\":{\"button_style\":\"secondary\",\"content\":\"BROSZURA\",\"link\":\"wp-content\\\/uploads\\\/08-3472_ACG_LGE-Walker-2050-Mk2.pdf\",\"link_title\":\"Explore More\",\"icon_align\":\"left\",\"link_target\":\"blank\"}}]}]}]}]}]} --><\/p>\n","protected":false},"excerpt":{"rendered":"<p>Walker 2050 MK2 Wiatromierz Wiatromierz Walker 2050 MK2 jest urz\u0105dzeniem mierz\u0105cym kierunek oraz si\u0142\u0119 wiatru, z przeznaczeniem do zastosowa\u0144 profesjonalnych. Cechy urz\u0105dzenia: komunikacja z innymi urz\u0105dzeniami za pomoc\u0105 NMEA1083\/RS422 ( sentencja MWV) wodoodporno\u015b\u0107 czujnika IP56 kabel przy czujniku 40 m zasilanie 24V DC wyb\u00f3r jednostek Zestaw zawiera: czujnik wiatru, procesor w wypadku otrzymania wiatru rzeczywistego [&hellip;]<\/p>\n","protected":false},"author":6,"featured_media":0,"parent":0,"menu_order":0,"comment_status":"closed","ping_status":"closed","template":"","meta":{"footnotes":""},"class_list":["post-2689","page","type-page","status-publish","hentry"],"yoast_head":"<!-- This site is optimized with the Yoast SEO plugin v27.5 - https:\/\/yoast.com\/product\/yoast-seo-wordpress\/ -->\n<title>Walker 2050 MK2 Wiatromierz - ESCORT TECHNOLOGY<\/title>\n<meta name=\"robots\" content=\"index, follow, max-snippet:-1, max-image-preview:large, max-video-preview:-1\" \/>\n<link rel=\"canonical\" href=\"http:\/\/escort-technology.com\/pl\/walker-2050-mk2-wiatromierz\/\" \/>\n<meta property=\"og:locale\" content=\"pl_PL\" \/>\n<meta property=\"og:type\" content=\"article\" \/>\n<meta property=\"og:title\" content=\"Walker 2050 MK2 Wiatromierz - ESCORT TECHNOLOGY\" \/>\n<meta property=\"og:description\" content=\"Walker 2050 MK2 Wiatromierz Wiatromierz Walker 2050 MK2 jest urz\u0105dzeniem mierz\u0105cym kierunek oraz si\u0142\u0119 wiatru, z przeznaczeniem do zastosowa\u0144 profesjonalnych. Cechy urz\u0105dzenia: komunikacja z innymi urz\u0105dzeniami za pomoc\u0105 NMEA1083\/RS422 ( sentencja MWV) wodoodporno\u015b\u0107 czujnika IP56 kabel przy czujniku 40 m zasilanie 24V DC wyb\u00f3r jednostek Zestaw zawiera: czujnik wiatru, procesor w wypadku otrzymania wiatru rzeczywistego [&hellip;]\" \/>\n<meta property=\"og:url\" content=\"http:\/\/escort-technology.com\/pl\/walker-2050-mk2-wiatromierz\/\" \/>\n<meta property=\"og:site_name\" content=\"ESCORT TECHNOLOGY\" \/>\n<meta property=\"article:publisher\" content=\"https:\/\/www.facebook.com\/elektronika.morska\/\" \/>\n<meta property=\"article:modified_time\" content=\"2018-03-21T09:36:30+00:00\" \/>\n<meta name=\"twitter:card\" content=\"summary_large_image\" \/>\n<script type=\"application\/ld+json\" class=\"yoast-schema-graph\">{\"@context\":\"https:\\\/\\\/schema.org\",\"@graph\":[{\"@type\":\"WebPage\",\"@id\":\"http:\\\/\\\/escort-technology.com\\\/pl\\\/walker-2050-mk2-wiatromierz\\\/\",\"url\":\"http:\\\/\\\/escort-technology.com\\\/pl\\\/walker-2050-mk2-wiatromierz\\\/\",\"name\":\"Walker 2050 MK2 Wiatromierz - ESCORT TECHNOLOGY\",\"isPartOf\":{\"@id\":\"http:\\\/\\\/escort-technology.com\\\/de\\\/#website\"},\"datePublished\":\"2018-03-21T09:16:41+00:00\",\"dateModified\":\"2018-03-21T09:36:30+00:00\",\"breadcrumb\":{\"@id\":\"http:\\\/\\\/escort-technology.com\\\/pl\\\/walker-2050-mk2-wiatromierz\\\/#breadcrumb\"},\"inLanguage\":\"pl-PL\",\"potentialAction\":[{\"@type\":\"ReadAction\",\"target\":[\"http:\\\/\\\/escort-technology.com\\\/pl\\\/walker-2050-mk2-wiatromierz\\\/\"]}]},{\"@type\":\"BreadcrumbList\",\"@id\":\"http:\\\/\\\/escort-technology.com\\\/pl\\\/walker-2050-mk2-wiatromierz\\\/#breadcrumb\",\"itemListElement\":[{\"@type\":\"ListItem\",\"position\":1,\"name\":\"Strona g\u0142\u00f3wna\",\"item\":\"https:\\\/\\\/escort-technology.com\\\/\"},{\"@type\":\"ListItem\",\"position\":2,\"name\":\"Walker 2050 MK2 Wiatromierz\"}]},{\"@type\":\"WebSite\",\"@id\":\"http:\\\/\\\/escort-technology.com\\\/de\\\/#website\",\"url\":\"http:\\\/\\\/escort-technology.com\\\/de\\\/\",\"name\":\"ESCORT TECHNOLOGY\",\"description\":\"Elektronika morska i l\u0105dowa\",\"publisher\":{\"@id\":\"http:\\\/\\\/escort-technology.com\\\/de\\\/#organization\"},\"potentialAction\":[{\"@type\":\"SearchAction\",\"target\":{\"@type\":\"EntryPoint\",\"urlTemplate\":\"http:\\\/\\\/escort-technology.com\\\/de\\\/?s={search_term_string}\"},\"query-input\":{\"@type\":\"PropertyValueSpecification\",\"valueRequired\":true,\"valueName\":\"search_term_string\"}}],\"inLanguage\":\"pl-PL\"},{\"@type\":\"Organization\",\"@id\":\"http:\\\/\\\/escort-technology.com\\\/de\\\/#organization\",\"name\":\"ESCORT TECHNOLOGY\",\"url\":\"http:\\\/\\\/escort-technology.com\\\/de\\\/\",\"logo\":{\"@type\":\"ImageObject\",\"inLanguage\":\"pl-PL\",\"@id\":\"http:\\\/\\\/escort-technology.com\\\/de\\\/#\\\/schema\\\/logo\\\/image\\\/\",\"url\":\"https:\\\/\\\/escort-technology.com\\\/wp-content\\\/uploads\\\/logo-1.jpg\",\"contentUrl\":\"https:\\\/\\\/escort-technology.com\\\/wp-content\\\/uploads\\\/logo-1.jpg\",\"width\":600,\"height\":165,\"caption\":\"ESCORT TECHNOLOGY\"},\"image\":{\"@id\":\"http:\\\/\\\/escort-technology.com\\\/de\\\/#\\\/schema\\\/logo\\\/image\\\/\"},\"sameAs\":[\"https:\\\/\\\/www.facebook.com\\\/elektronika.morska\\\/\",\"https:\\\/\\\/www.linkedin.com\\\/company\\\/escort-sp-z-o-o-\\\/\"]}]}<\/script>\n<!-- \/ Yoast SEO plugin. -->","yoast_head_json":{"title":"Walker 2050 MK2 Wiatromierz - ESCORT TECHNOLOGY","robots":{"index":"index","follow":"follow","max-snippet":"max-snippet:-1","max-image-preview":"max-image-preview:large","max-video-preview":"max-video-preview:-1"},"canonical":"http:\/\/escort-technology.com\/pl\/walker-2050-mk2-wiatromierz\/","og_locale":"pl_PL","og_type":"article","og_title":"Walker 2050 MK2 Wiatromierz - ESCORT TECHNOLOGY","og_description":"Walker 2050 MK2 Wiatromierz Wiatromierz Walker 2050 MK2 jest urz\u0105dzeniem mierz\u0105cym kierunek oraz si\u0142\u0119 wiatru, z przeznaczeniem do zastosowa\u0144 profesjonalnych. Cechy urz\u0105dzenia: komunikacja z innymi urz\u0105dzeniami za pomoc\u0105 NMEA1083\/RS422 ( sentencja MWV) wodoodporno\u015b\u0107 czujnika IP56 kabel przy czujniku 40 m zasilanie 24V DC wyb\u00f3r jednostek Zestaw zawiera: czujnik wiatru, procesor w wypadku otrzymania wiatru rzeczywistego [&hellip;]","og_url":"http:\/\/escort-technology.com\/pl\/walker-2050-mk2-wiatromierz\/","og_site_name":"ESCORT TECHNOLOGY","article_publisher":"https:\/\/www.facebook.com\/elektronika.morska\/","article_modified_time":"2018-03-21T09:36:30+00:00","twitter_card":"summary_large_image","schema":{"@context":"https:\/\/schema.org","@graph":[{"@type":"WebPage","@id":"http:\/\/escort-technology.com\/pl\/walker-2050-mk2-wiatromierz\/","url":"http:\/\/escort-technology.com\/pl\/walker-2050-mk2-wiatromierz\/","name":"Walker 2050 MK2 Wiatromierz - ESCORT TECHNOLOGY","isPartOf":{"@id":"http:\/\/escort-technology.com\/de\/#website"},"datePublished":"2018-03-21T09:16:41+00:00","dateModified":"2018-03-21T09:36:30+00:00","breadcrumb":{"@id":"http:\/\/escort-technology.com\/pl\/walker-2050-mk2-wiatromierz\/#breadcrumb"},"inLanguage":"pl-PL","potentialAction":[{"@type":"ReadAction","target":["http:\/\/escort-technology.com\/pl\/walker-2050-mk2-wiatromierz\/"]}]},{"@type":"BreadcrumbList","@id":"http:\/\/escort-technology.com\/pl\/walker-2050-mk2-wiatromierz\/#breadcrumb","itemListElement":[{"@type":"ListItem","position":1,"name":"Strona g\u0142\u00f3wna","item":"https:\/\/escort-technology.com\/"},{"@type":"ListItem","position":2,"name":"Walker 2050 MK2 Wiatromierz"}]},{"@type":"WebSite","@id":"http:\/\/escort-technology.com\/de\/#website","url":"http:\/\/escort-technology.com\/de\/","name":"ESCORT TECHNOLOGY","description":"Elektronika morska i l\u0105dowa","publisher":{"@id":"http:\/\/escort-technology.com\/de\/#organization"},"potentialAction":[{"@type":"SearchAction","target":{"@type":"EntryPoint","urlTemplate":"http:\/\/escort-technology.com\/de\/?s={search_term_string}"},"query-input":{"@type":"PropertyValueSpecification","valueRequired":true,"valueName":"search_term_string"}}],"inLanguage":"pl-PL"},{"@type":"Organization","@id":"http:\/\/escort-technology.com\/de\/#organization","name":"ESCORT TECHNOLOGY","url":"http:\/\/escort-technology.com\/de\/","logo":{"@type":"ImageObject","inLanguage":"pl-PL","@id":"http:\/\/escort-technology.com\/de\/#\/schema\/logo\/image\/","url":"https:\/\/escort-technology.com\/wp-content\/uploads\/logo-1.jpg","contentUrl":"https:\/\/escort-technology.com\/wp-content\/uploads\/logo-1.jpg","width":600,"height":165,"caption":"ESCORT TECHNOLOGY"},"image":{"@id":"http:\/\/escort-technology.com\/de\/#\/schema\/logo\/image\/"},"sameAs":["https:\/\/www.facebook.com\/elektronika.morska\/","https:\/\/www.linkedin.com\/company\/escort-sp-z-o-o-\/"]}]}},"_links":{"self":[{"href":"https:\/\/escort-technology.com\/pl\/wp-json\/wp\/v2\/pages\/2689","targetHints":{"allow":["GET"]}}],"collection":[{"href":"https:\/\/escort-technology.com\/pl\/wp-json\/wp\/v2\/pages"}],"about":[{"href":"https:\/\/escort-technology.com\/pl\/wp-json\/wp\/v2\/types\/page"}],"author":[{"embeddable":true,"href":"https:\/\/escort-technology.com\/pl\/wp-json\/wp\/v2\/users\/6"}],"replies":[{"embeddable":true,"href":"https:\/\/escort-technology.com\/pl\/wp-json\/wp\/v2\/comments?post=2689"}],"version-history":[{"count":2,"href":"https:\/\/escort-technology.com\/pl\/wp-json\/wp\/v2\/pages\/2689\/revisions"}],"predecessor-version":[{"id":2702,"href":"https:\/\/escort-technology.com\/pl\/wp-json\/wp\/v2\/pages\/2689\/revisions\/2702"}],"wp:attachment":[{"href":"https:\/\/escort-technology.com\/pl\/wp-json\/wp\/v2\/media?parent=2689"}],"curies":[{"name":"wp","href":"https:\/\/api.w.org\/{rel}","templated":true}]}}