{"id":2691,"date":"2018-03-21T09:17:05","date_gmt":"2018-03-21T09:17:05","guid":{"rendered":"http:\/\/escort-technology.com\/?page_id=2691"},"modified":"2018-03-21T09:41:15","modified_gmt":"2018-03-21T09:41:15","slug":"stacja-pogodowa-airmar","status":"publish","type":"page","link":"https:\/\/escort-technology.com\/pl\/stacja-pogodowa-airmar\/","title":{"rendered":"Stacja pogodowa AIRMAR"},"content":{"rendered":"<p>Stacja pogodowa AIRMAR<\/p>\n<p>100WX<br \/>\nWskazania wiatru pozornego<br \/>\nRekomendowana dla stacji bazowych.<\/p>\n<p>Pomiar kierunku oraz pr\u0119dko\u015bci wiatru pozornego<br \/>\nZakres pr\u0119dko\u015bci do 40m\/s<br \/>\nPomiar ci\u015bnienia atmosferycznego<br \/>\nPomiar temperatury powietrza<br \/>\nKalkulowanie temperatury odczuwalnej<br \/>\nWyj\u015bcia danych: NMEA0183 (RS422), NMEA0183 (RS232)<\/p>\n<p>150WX<br \/>\nWskazania wiatru pozornego i rzeczywistego<br \/>\nRekomendowana dla stacji bazowych oraz pojazd\u00f3w<br \/>\nZawiera wszystkie cechy stacji 100WX oraz dodatkowo:<\/p>\n<p>Pomiar kierunku oraz pr\u0119dko\u015bci wiatru rzeczywistego<br \/>\nOdbiornik GPS- 10Hz (COG\/SOG\/ pozycja)<br \/>\nDwuosiowy kompas<br \/>\nTr\u00f3josiowy akcelerometr<br \/>\nWyj\u015bcia danych:RS422\/CAN, RS232\/CAN BUS<\/p>\n<p>110WX<br \/>\nZawiera wszystkie cechy stacji pogodowej 100WX oraz dodatkowo:<\/p>\n<p>Opcja pomiaru wilgotno\u015bci wzgl\u0119dnej<br \/>\nObliczanie temperatury punktu rosy<br \/>\nObliczanie indeksu temperatury w stosunku do wilgotno\u015bci<br \/>\nOpcja: podgrzewacz<br \/>\nWyj\u015bcia danych: RS422\/CAN BUS RS232\/CAN BUS<\/p>\n<p>200WX<br \/>\nZawiera wszystkie cechy stacji pogodowej 150WX oraz dodatkowo:<\/p>\n<p>tr\u00f3josiowy kompas ze stabilizacj\u0105<br \/>\nDok\u0142adno\u015b\u0107 statyczna lepsza ni\u017c 1\u00b0<br \/>\nDok\u0142adno\u015b\u0107 dynamiczna kompasu 2\u00b0<br \/>\nPomiar ROT<br \/>\nDok\u0142adno\u015b\u0107 wzd\u0142u\u017cna i poprzeczna<br \/>\nWyj\u015bcia danych: RS422\/CAN BUS, RS232\/CAN BUS<\/p>\n<p>Oprogramowanie WeatherCaster<br \/>\nOprogramowanie dost\u0119pne ze wszystkimi modelami serii WX.<br \/>\nProgram umo\u017cliwiaj\u0105cy przedstawienie otrzymanych danych w formie cyfrowej lub analogowej, z mo\u017cliwo\u015bci\u0105 zmiany ustawie\u0144 i wy\u015bwietlanych informacji.<\/p>\n<p><!-- {\"name\":\"\",\"type\":\"layout\",\"children\":[{\"name\":\"ANTENA\",\"type\":\"section\",\"props\":{\"width\":\"default\",\"padding\":\"xsmall\",\"style\":\"default\",\"text_color\":\"\",\"media\":\"\",\"height_viewport\":false,\"header_overlay\":\"light\",\"animation\":\"slide-top-medium\",\"padding_remove_top\":false,\"image_size\":\"cover\",\"image\":\"\",\"image_position\":\"bottom-center\",\"image_fixed\":false,\"class\":\"\",\"overlap\":true,\"vertical_align\":\"middle\",\"title_position\":\"top-left\",\"title_rotation\":\"left\",\"title_breakpoint\":\"xl\"},\"children\":[{\"name\":\"\",\"type\":\"row\",\"props\":{\"layout\":\"1-1\",\"breakpoint\":\"m\",\"margin\":\"\",\"fixed_width\":\"large\"},\"children\":[{\"name\":\"\",\"type\":\"column\",\"props\":{\"image_position\":\"center-center\",\"widths\":[\"1-1\"]},\"children\":[{\"name\":\"\",\"type\":\"headline\",\"props\":{\"title_element\":\"h2\",\"content\":\"Stacja pogodowa AIRMAR\",\"text_align\":\"center\",\"text_align_fallback\":\"center\",\"maxwidth_align\":\"center\",\"maxwidth\":\"\",\"title_style\":\"h2\",\"title_decoration\":\"\",\"margin\":\"\"}},{\"name\":\"\",\"type\":\"divider\",\"props\":{\"divider_element\":\"hr\"}}]}]},{\"name\":\"\",\"type\":\"row\",\"props\":{\"fixed_width\":\"large\",\"breakpoint\":\"m\",\"layout\":\",2-3\",\"margin\":\"medium\"},\"children\":[{\"name\":\"\",\"type\":\"column\",\"props\":{\"widths\":[\"\"],\"image_position\":\"center-center\"},\"children\":[{\"name\":\"\",\"type\":\"image\",\"props\":{\"margin\":\"default\",\"image\":\"wp-content\\\/uploads\\\/airmar-150wx.jpg\",\"image_width\":\"200\",\"image_box_shadow\":\"\",\"image_border\":\"rounded\",\"text_align\":\"center\"}},{\"name\":\"\",\"type\":\"image\",\"props\":{\"margin\":\"default\",\"image\":\"wp-content\\\/uploads\\\/airmar-wc.jpg\",\"image_width\":\"200\",\"image_box_shadow\":\"\",\"image_border\":\"rounded\",\"text_align\":\"center\"}}]},{\"name\":\"\",\"type\":\"column\",\"props\":{\"widths\":[\"2-3\"],\"image_position\":\"center-center\"},\"children\":[{\"name\":\"\",\"type\":\"text\",\"props\":{\"column_breakpoint\":\"m\",\"margin\":\"medium\",\"content\":\"\n\n<p style=\\\"text-align: center;\\\"><strong>100WX<\\\/strong><\\\/p>\\n\n\n<p style=\\\"text-align: justify;\\\">Wskazania wiatru pozornego<\\\/p>\\n\n\n<p style=\\\"text-align: justify;\\\">Rekomendowana dla stacji bazowych.<\\\/p>\\n\n\n<ul style=\\\"text-align: justify;\\\">\\n\n\n<li>Pomiar kierunku oraz pr\\u0119dko\\u015bci wiatru pozornego<\\\/li>\\n\n\n<li>Zakres pr\\u0119dko\\u015bci do 40m\\\/s<\\\/li>\\n\n\n<li>Pomiar ci\\u015bnienia atmosferycznego<\\\/li>\\n\n\n<li>Pomiar temperatury powietrza<\\\/li>\\n\n\n<li>Kalkulowanie temperatury odczuwalnej<\\\/li>\\n\n\n<li>Wyj\\u015bcia danych: NMEA0183 (RS422), NMEA0183 (RS232)<\\\/li>\\n<\\\/ul>\\n\n\n<p style=\\\"text-align: center;\\\"><strong>150WX <\\\/strong><\\\/p>\\n\n\n<p style=\\\"text-align: justify;\\\">Wskazania wiatru pozornego i rzeczywistego<\\\/p>\\n\n\n<p style=\\\"text-align: justify;\\\">Rekomendowana dla stacji bazowych oraz pojazd\\u00f3w<\\\/p>\\n\n\n<p style=\\\"text-align: justify;\\\">Zawiera wszystkie cechy stacji 100WX oraz dodatkowo:<\\\/p>\\n\n\n<ul style=\\\"text-align: justify;\\\">\\n\n\n<li>Pomiar kierunku oraz pr\\u0119dko\\u015bci wiatru rzeczywistego<\\\/li>\\n\n\n<li>Odbiornik GPS- 10Hz (COG\\\/SOG\\\/ pozycja)<\\\/li>\\n\n\n<li>Dwuosiowy kompas<\\\/li>\\n\n\n<li>Tr\\u00f3josiowy akcelerometr<\\\/li>\\n\n\n<li>Wyj\\u015bcia danych:RS422\\\/CAN, RS232\\\/CAN BUS<strong><br \\\/><\\\/strong><\\\/li>\\n<\\\/ul>\\n\n\n<p style=\\\"text-align: center;\\\"><strong>110WX<\\\/strong><\\\/p>\\n\n\n<p style=\\\"text-align: justify;\\\">Zawiera wszystkie cechy stacji pogodowej 100WX oraz dodatkowo:<\\\/p>\\n\n\n<ul>\\n\n\n<li style=\\\"text-align: justify;\\\">Opcja pomiaru wilgotno\\u015bci wzgl\\u0119dnej<\\\/li>\\n\n\n<li style=\\\"text-align: justify;\\\">Obliczanie temperatury punktu rosy<\\\/li>\\n\n\n<li style=\\\"text-align: justify;\\\">Obliczanie indeksu temperatury w stosunku do wilgotno\\u015bci<\\\/li>\\n\n\n<li style=\\\"text-align: justify;\\\">Opcja: podgrzewacz<\\\/li>\\n\n\n<li style=\\\"text-align: justify;\\\">Wyj\\u015bcia danych: RS422\\\/CAN BUS RS232\\\/CAN BUS<\\\/li>\\n<\\\/ul>\\n\n\n<p style=\\\"text-align: center;\\\"><strong>200WX<\\\/strong><\\\/p>\\n\n\n<p style=\\\"text-align: justify;\\\">Zawiera wszystkie cechy stacji pogodowej 150WX oraz dodatkowo:<\\\/p>\\n\n\n<ul>\\n\n\n<li style=\\\"text-align: justify;\\\">tr\\u00f3josiowy kompas ze stabilizacj\\u0105<\\\/li>\\n\n\n<li style=\\\"text-align: justify;\\\">Dok\\u0142adno\\u015b\\u0107 statyczna lepsza ni\\u017c 1\\u00b0<\\\/li>\\n\n\n<li style=\\\"text-align: justify;\\\">Dok\\u0142adno\\u015b\\u0107 dynamiczna kompasu 2\\u00b0<\\\/li>\\n\n\n<li style=\\\"text-align: justify;\\\">Pomiar ROT<\\\/li>\\n\n\n<li style=\\\"text-align: justify;\\\">Dok\\u0142adno\\u015b\\u0107 wzd\\u0142u\\u017cna i poprzeczna<\\\/li>\\n\n\n<li style=\\\"text-align: justify;\\\">Wyj\\u015bcia danych: RS422\\\/CAN BUS, RS232\\\/CAN BUS<\\\/li>\\n<\\\/ul>\\n\n\n<p style=\\\"text-align: center;\\\"><strong>Oprogramowanie WeatherCaster<\\\/strong><\\\/p>\\n\n\n<p style=\\\"text-align: justify;\\\">Oprogramowanie dost\\u0119pne ze wszystkimi modelami serii WX.<\\\/p>\\n\n\n<p style=\\\"text-align: justify;\\\">Program umo\\u017cliwiaj\\u0105cy przedstawienie otrzymanych danych w formie cyfrowej lub analogowej, z mo\\u017cliwo\\u015bci\\u0105 zmiany ustawie\\u0144 i wy\\u015bwietlanych informacji.<\\\/p>\",\"animation\":\"slide-left-medium\",\"text_align\":\"justify\",\"text_align_breakpoint\":\"m\",\"text_align_fallback\":\"center\",\"text_size\":\"\",\"maxwidth\":\"xxlarge\"}}]}]}]}]} --><\/p>\n","protected":false},"excerpt":{"rendered":"<p>Stacja pogodowa AIRMAR 100WX Wskazania wiatru pozornego Rekomendowana dla stacji bazowych. Pomiar kierunku oraz pr\u0119dko\u015bci wiatru pozornego Zakres pr\u0119dko\u015bci do 40m\/s Pomiar ci\u015bnienia atmosferycznego Pomiar temperatury powietrza Kalkulowanie temperatury odczuwalnej Wyj\u015bcia danych: NMEA0183 (RS422), NMEA0183 (RS232) 150WX Wskazania wiatru pozornego i rzeczywistego Rekomendowana dla stacji bazowych oraz pojazd\u00f3w Zawiera wszystkie cechy stacji 100WX oraz dodatkowo: [&hellip;]<\/p>\n","protected":false},"author":6,"featured_media":0,"parent":0,"menu_order":0,"comment_status":"closed","ping_status":"closed","template":"","meta":{"footnotes":""},"class_list":["post-2691","page","type-page","status-publish","hentry"],"yoast_head":"<!-- This site is optimized with the Yoast SEO plugin v27.5 - https:\/\/yoast.com\/product\/yoast-seo-wordpress\/ -->\n<title>Stacja pogodowa AIRMAR - ESCORT TECHNOLOGY<\/title>\n<meta name=\"robots\" content=\"index, follow, max-snippet:-1, max-image-preview:large, max-video-preview:-1\" \/>\n<link rel=\"canonical\" href=\"https:\/\/escort-technology.com\/pl\/de\/stacja-pogodowa-airmar\/\" \/>\n<meta property=\"og:locale\" content=\"pl_PL\" \/>\n<meta property=\"og:type\" content=\"article\" \/>\n<meta property=\"og:title\" content=\"Stacja pogodowa AIRMAR - ESCORT TECHNOLOGY\" \/>\n<meta property=\"og:description\" content=\"Stacja pogodowa AIRMAR 100WX Wskazania wiatru pozornego Rekomendowana dla stacji bazowych. Pomiar kierunku oraz pr\u0119dko\u015bci wiatru pozornego Zakres pr\u0119dko\u015bci do 40m\/s Pomiar ci\u015bnienia atmosferycznego Pomiar temperatury powietrza Kalkulowanie temperatury odczuwalnej Wyj\u015bcia danych: NMEA0183 (RS422), NMEA0183 (RS232) 150WX Wskazania wiatru pozornego i rzeczywistego Rekomendowana dla stacji bazowych oraz pojazd\u00f3w Zawiera wszystkie cechy stacji 100WX oraz dodatkowo: [&hellip;]\" \/>\n<meta property=\"og:url\" content=\"https:\/\/escort-technology.com\/pl\/de\/stacja-pogodowa-airmar\/\" \/>\n<meta property=\"og:site_name\" content=\"ESCORT TECHNOLOGY\" \/>\n<meta property=\"article:publisher\" content=\"https:\/\/www.facebook.com\/elektronika.morska\/\" \/>\n<meta property=\"article:modified_time\" content=\"2018-03-21T09:41:15+00:00\" \/>\n<meta name=\"twitter:card\" content=\"summary_large_image\" \/>\n<meta name=\"twitter:label1\" content=\"Szacowany czas czytania\" \/>\n\t<meta name=\"twitter:data1\" content=\"1 minuta\" \/>\n<script type=\"application\/ld+json\" class=\"yoast-schema-graph\">{\"@context\":\"https:\\\/\\\/schema.org\",\"@graph\":[{\"@type\":\"WebPage\",\"@id\":\"https:\\\/\\\/escort-technology.com\\\/de\\\/stacja-pogodowa-airmar\\\/\",\"url\":\"https:\\\/\\\/escort-technology.com\\\/de\\\/stacja-pogodowa-airmar\\\/\",\"name\":\"Stacja pogodowa AIRMAR - ESCORT TECHNOLOGY\",\"isPartOf\":{\"@id\":\"http:\\\/\\\/escort-technology.com\\\/de\\\/#website\"},\"datePublished\":\"2018-03-21T09:17:05+00:00\",\"dateModified\":\"2018-03-21T09:41:15+00:00\",\"breadcrumb\":{\"@id\":\"https:\\\/\\\/escort-technology.com\\\/de\\\/stacja-pogodowa-airmar\\\/#breadcrumb\"},\"inLanguage\":\"pl-PL\",\"potentialAction\":[{\"@type\":\"ReadAction\",\"target\":[\"https:\\\/\\\/escort-technology.com\\\/de\\\/stacja-pogodowa-airmar\\\/\"]}]},{\"@type\":\"BreadcrumbList\",\"@id\":\"https:\\\/\\\/escort-technology.com\\\/de\\\/stacja-pogodowa-airmar\\\/#breadcrumb\",\"itemListElement\":[{\"@type\":\"ListItem\",\"position\":1,\"name\":\"Strona g\u0142\u00f3wna\",\"item\":\"https:\\\/\\\/escort-technology.com\\\/\"},{\"@type\":\"ListItem\",\"position\":2,\"name\":\"Stacja pogodowa AIRMAR\"}]},{\"@type\":\"WebSite\",\"@id\":\"http:\\\/\\\/escort-technology.com\\\/de\\\/#website\",\"url\":\"http:\\\/\\\/escort-technology.com\\\/de\\\/\",\"name\":\"ESCORT TECHNOLOGY\",\"description\":\"Elektronika morska i l\u0105dowa\",\"publisher\":{\"@id\":\"http:\\\/\\\/escort-technology.com\\\/de\\\/#organization\"},\"potentialAction\":[{\"@type\":\"SearchAction\",\"target\":{\"@type\":\"EntryPoint\",\"urlTemplate\":\"http:\\\/\\\/escort-technology.com\\\/de\\\/?s={search_term_string}\"},\"query-input\":{\"@type\":\"PropertyValueSpecification\",\"valueRequired\":true,\"valueName\":\"search_term_string\"}}],\"inLanguage\":\"pl-PL\"},{\"@type\":\"Organization\",\"@id\":\"http:\\\/\\\/escort-technology.com\\\/de\\\/#organization\",\"name\":\"ESCORT TECHNOLOGY\",\"url\":\"http:\\\/\\\/escort-technology.com\\\/de\\\/\",\"logo\":{\"@type\":\"ImageObject\",\"inLanguage\":\"pl-PL\",\"@id\":\"http:\\\/\\\/escort-technology.com\\\/de\\\/#\\\/schema\\\/logo\\\/image\\\/\",\"url\":\"https:\\\/\\\/escort-technology.com\\\/wp-content\\\/uploads\\\/logo-1.jpg\",\"contentUrl\":\"https:\\\/\\\/escort-technology.com\\\/wp-content\\\/uploads\\\/logo-1.jpg\",\"width\":600,\"height\":165,\"caption\":\"ESCORT TECHNOLOGY\"},\"image\":{\"@id\":\"http:\\\/\\\/escort-technology.com\\\/de\\\/#\\\/schema\\\/logo\\\/image\\\/\"},\"sameAs\":[\"https:\\\/\\\/www.facebook.com\\\/elektronika.morska\\\/\",\"https:\\\/\\\/www.linkedin.com\\\/company\\\/escort-sp-z-o-o-\\\/\"]}]}<\/script>\n<!-- \/ Yoast SEO plugin. -->","yoast_head_json":{"title":"Stacja pogodowa AIRMAR - ESCORT TECHNOLOGY","robots":{"index":"index","follow":"follow","max-snippet":"max-snippet:-1","max-image-preview":"max-image-preview:large","max-video-preview":"max-video-preview:-1"},"canonical":"https:\/\/escort-technology.com\/pl\/de\/stacja-pogodowa-airmar\/","og_locale":"pl_PL","og_type":"article","og_title":"Stacja pogodowa AIRMAR - ESCORT TECHNOLOGY","og_description":"Stacja pogodowa AIRMAR 100WX Wskazania wiatru pozornego Rekomendowana dla stacji bazowych. Pomiar kierunku oraz pr\u0119dko\u015bci wiatru pozornego Zakres pr\u0119dko\u015bci do 40m\/s Pomiar ci\u015bnienia atmosferycznego Pomiar temperatury powietrza Kalkulowanie temperatury odczuwalnej Wyj\u015bcia danych: NMEA0183 (RS422), NMEA0183 (RS232) 150WX Wskazania wiatru pozornego i rzeczywistego Rekomendowana dla stacji bazowych oraz pojazd\u00f3w Zawiera wszystkie cechy stacji 100WX oraz dodatkowo: [&hellip;]","og_url":"https:\/\/escort-technology.com\/pl\/de\/stacja-pogodowa-airmar\/","og_site_name":"ESCORT TECHNOLOGY","article_publisher":"https:\/\/www.facebook.com\/elektronika.morska\/","article_modified_time":"2018-03-21T09:41:15+00:00","twitter_card":"summary_large_image","twitter_misc":{"Szacowany czas czytania":"1 minuta"},"schema":{"@context":"https:\/\/schema.org","@graph":[{"@type":"WebPage","@id":"https:\/\/escort-technology.com\/de\/stacja-pogodowa-airmar\/","url":"https:\/\/escort-technology.com\/de\/stacja-pogodowa-airmar\/","name":"Stacja pogodowa AIRMAR - ESCORT TECHNOLOGY","isPartOf":{"@id":"http:\/\/escort-technology.com\/de\/#website"},"datePublished":"2018-03-21T09:17:05+00:00","dateModified":"2018-03-21T09:41:15+00:00","breadcrumb":{"@id":"https:\/\/escort-technology.com\/de\/stacja-pogodowa-airmar\/#breadcrumb"},"inLanguage":"pl-PL","potentialAction":[{"@type":"ReadAction","target":["https:\/\/escort-technology.com\/de\/stacja-pogodowa-airmar\/"]}]},{"@type":"BreadcrumbList","@id":"https:\/\/escort-technology.com\/de\/stacja-pogodowa-airmar\/#breadcrumb","itemListElement":[{"@type":"ListItem","position":1,"name":"Strona g\u0142\u00f3wna","item":"https:\/\/escort-technology.com\/"},{"@type":"ListItem","position":2,"name":"Stacja pogodowa AIRMAR"}]},{"@type":"WebSite","@id":"http:\/\/escort-technology.com\/de\/#website","url":"http:\/\/escort-technology.com\/de\/","name":"ESCORT TECHNOLOGY","description":"Elektronika morska i l\u0105dowa","publisher":{"@id":"http:\/\/escort-technology.com\/de\/#organization"},"potentialAction":[{"@type":"SearchAction","target":{"@type":"EntryPoint","urlTemplate":"http:\/\/escort-technology.com\/de\/?s={search_term_string}"},"query-input":{"@type":"PropertyValueSpecification","valueRequired":true,"valueName":"search_term_string"}}],"inLanguage":"pl-PL"},{"@type":"Organization","@id":"http:\/\/escort-technology.com\/de\/#organization","name":"ESCORT TECHNOLOGY","url":"http:\/\/escort-technology.com\/de\/","logo":{"@type":"ImageObject","inLanguage":"pl-PL","@id":"http:\/\/escort-technology.com\/de\/#\/schema\/logo\/image\/","url":"https:\/\/escort-technology.com\/wp-content\/uploads\/logo-1.jpg","contentUrl":"https:\/\/escort-technology.com\/wp-content\/uploads\/logo-1.jpg","width":600,"height":165,"caption":"ESCORT TECHNOLOGY"},"image":{"@id":"http:\/\/escort-technology.com\/de\/#\/schema\/logo\/image\/"},"sameAs":["https:\/\/www.facebook.com\/elektronika.morska\/","https:\/\/www.linkedin.com\/company\/escort-sp-z-o-o-\/"]}]}},"_links":{"self":[{"href":"https:\/\/escort-technology.com\/pl\/wp-json\/wp\/v2\/pages\/2691","targetHints":{"allow":["GET"]}}],"collection":[{"href":"https:\/\/escort-technology.com\/pl\/wp-json\/wp\/v2\/pages"}],"about":[{"href":"https:\/\/escort-technology.com\/pl\/wp-json\/wp\/v2\/types\/page"}],"author":[{"embeddable":true,"href":"https:\/\/escort-technology.com\/pl\/wp-json\/wp\/v2\/users\/6"}],"replies":[{"embeddable":true,"href":"https:\/\/escort-technology.com\/pl\/wp-json\/wp\/v2\/comments?post=2691"}],"version-history":[{"count":2,"href":"https:\/\/escort-technology.com\/pl\/wp-json\/wp\/v2\/pages\/2691\/revisions"}],"predecessor-version":[{"id":2705,"href":"https:\/\/escort-technology.com\/pl\/wp-json\/wp\/v2\/pages\/2691\/revisions\/2705"}],"wp:attachment":[{"href":"https:\/\/escort-technology.com\/pl\/wp-json\/wp\/v2\/media?parent=2691"}],"curies":[{"name":"wp","href":"https:\/\/api.w.org\/{rel}","templated":true}]}}