{"id":2785,"date":"2018-03-21T13:03:48","date_gmt":"2018-03-21T13:03:48","guid":{"rendered":"http:\/\/escort-technology.com\/?page_id=2785"},"modified":"2018-03-21T13:50:14","modified_gmt":"2018-03-21T13:50:14","slug":"statki-specjalistyczne","status":"publish","type":"page","link":"https:\/\/escort-technology.com\/pl\/statki-specjalistyczne\/","title":{"rendered":"Statki specjalistyczne"},"content":{"rendered":"<p>Statki specjalistyczne<\/p>\n<p>Ekran radarowy\u00a0 ARGUS<br \/>\nRadar spe\u0142niaj\u0105cy wymogi IMO.<\/p>\n<p>Repetytor analogowy AR80<br \/>\nRepetytor wsp\u00f3\u0142pracuj\u0105cy ze urz\u0105dzeniami SIMRAD.<\/p>\n<p>Transponder AIS klasy A<br \/>\nTransponder AIS w wersji BB.<\/p>\n<p>Antena radarowa TX06S<br \/>\n6 kW, cyfrowa antena radarowa.\u00a0<\/p>\n<p>Wska\u017anik wiatru WI80<br \/>\nProfesjonalny wska\u017anik kierunku oraz si\u0142y wiatru.<\/p>\n<p>Antena GPS MX521A<br \/>\nAntena GPS z 12 kana\u0142owym wbudowanym\u00a0 odbiornikiem.<\/p>\n<p>Radiotelefon RS87<br \/>\nSystem radiotelefonii VHF.<\/p>\n<p>Nadajnik po\u0142o\u017cenia steru RF45X<br \/>\nNadajnik po\u0142o\u017cenia steru wsp\u00f3\u0142pracuj\u0105cy z autopilotem AP70.<\/p>\n<p>Radiotelefon GMDSS AX50<br \/>\nUrz\u0105dzenie do komunikacji w niebezpiecze\u0144stwie<\/p>\n<p>\u017byrokompas GC80<br \/>\nNiezawodne \u017ar\u00f3d\u0142o informacji o kursie.<\/p>\n<p>Autopilot AP 70<br \/>\nNowa seria autopilot\u00f3w, spe\u0142niaj\u0105ca wymogi IMO.<\/p>\n<p> Radiop\u0142awa EPIRB EP70<br \/>\nUrz\u0105dzenie\u00a0 do nadawania sygna\u0142\u00f3w w niebezpiecze\u0144stwie w celu wykrycia pozycji jednostki.<\/p>\n<p><!-- {\"name\":\"\",\"type\":\"layout\",\"children\":[{\"name\":\"statki specj\",\"type\":\"section\",\"props\":{\"width\":\"default\",\"padding\":\"xsmall\",\"style\":\"default\",\"text_color\":\"\",\"media\":\"\",\"height_viewport\":false,\"header_overlay\":\"light\",\"animation\":\"slide-top-medium\",\"padding_remove_top\":false,\"image_size\":\"cover\",\"image\":\"\",\"image_position\":\"bottom-center\",\"image_fixed\":false,\"class\":\"\",\"overlap\":true,\"vertical_align\":\"middle\",\"title_position\":\"top-left\",\"title_rotation\":\"left\",\"title_breakpoint\":\"xl\"},\"children\":[{\"name\":\"\",\"type\":\"row\",\"props\":{\"layout\":\"1-1\",\"breakpoint\":\"m\",\"margin\":\"\",\"fixed_width\":\"large\"},\"children\":[{\"name\":\"\",\"type\":\"column\",\"props\":{\"image_position\":\"center-center\",\"widths\":[\"1-1\"]},\"children\":[{\"name\":\"\",\"type\":\"headline\",\"props\":{\"title_element\":\"h2\",\"content\":\"Statki specjalistyczne\",\"text_align\":\"center\",\"text_align_fallback\":\"center\",\"maxwidth_align\":\"center\",\"maxwidth\":\"\",\"title_style\":\"h2\",\"title_decoration\":\"\",\"margin\":\"\"}},{\"name\":\"\",\"type\":\"divider\",\"props\":{\"divider_element\":\"hr\"}}]}]},{\"name\":\"\",\"type\":\"row\",\"props\":{\"fixed_width\":\"large\",\"breakpoint\":\"m\",\"layout\":\",2-3\"},\"children\":[{\"name\":\"\",\"type\":\"column\",\"props\":{\"widths\":[\"\"],\"image_position\":\"center-center\"},\"children\":[{\"name\":\"\",\"type\":\"image\",\"props\":{\"margin\":\"default\",\"image\":\"wp-content\\\/uploads\\\/statki_specjalne.png\",\"text_align\":\"center\"}}]},{\"name\":\"\",\"type\":\"column\",\"props\":{\"widths\":[\"2-3\"],\"image_position\":\"center-center\"},\"children\":[{\"name\":\"\",\"type\":\"image\",\"props\":{\"margin\":\"default\",\"image\":\"wp-content\\\/uploads\\\/statki_specjalistyczne1.png\",\"text_align\":\"center\",\"image_width\":\"600\"}}]}]},{\"name\":\"\",\"type\":\"row\",\"props\":{\"fixed_width\":\"large\",\"breakpoint\":\"m\",\"layout\":\"1-1\"},\"children\":[{\"name\":\"\",\"type\":\"column\",\"props\":{\"widths\":[\"1-1\"],\"image_position\":\"center-center\"},\"children\":[{\"name\":\"\",\"type\":\"divider\",\"props\":{\"divider_element\":\"hr\"}}]}]},{\"name\":\"\",\"type\":\"row\",\"props\":{\"fixed_width\":\"large\",\"breakpoint\":\"m\",\"layout\":\",,,|1-2,1-2,1-2,1-2\",\"width\":\"\",\"margin\":\"large\"},\"children\":[{\"name\":\"\",\"type\":\"column\",\"props\":{\"widths\":[\"\",\"1-2\"],\"image_position\":\"center-center\"},\"children\":[{\"name\":\"\",\"type\":\"image\",\"props\":{\"margin\":\"default\",\"image\":\"wp-content\\\/uploads\\\/Ekran_ARGUS.png\",\"image_width\":\"\",\"text_align\":\"center\",\"image_height\":\"100\"}},{\"name\":\"\",\"type\":\"text\",\"props\":{\"margin\":\"default\",\"column_breakpoint\":\"m\",\"content\":\"\n\n<p style=\\\"text-align: center;\\\"><a href=\\\"http:\\\/\\\/escort-technology.com\\\/radar-argus\\\/\\\"><strong><span style=\\\"color: #333333;\\\"><span style=\\\"color: #808080;\\\">Ekran radarowy\\u00a0 ARGUS<\\\/span><\\\/span><\\\/strong><\\\/a><\\\/p>\\n\n\n<p style=\\\"text-align: center;\\\">Radar spe\\u0142niaj\\u0105cy wymogi IMO.<\\\/p>\",\"text_align\":\"justify\",\"maxwidth\":\"\"}},{\"name\":\"\",\"type\":\"image\",\"props\":{\"margin\":\"default\",\"image\":\"wp-content\\\/uploads\\\/SIMRAD_AR80.png\",\"image_width\":\"\",\"text_align\":\"center\",\"image_height\":\"100\"}},{\"name\":\"\",\"type\":\"text\",\"props\":{\"margin\":\"default\",\"column_breakpoint\":\"m\",\"content\":\"\n\n<p style=\\\"text-align: center;\\\"><strong>Repetytor analogowy AR80 <\\\/strong><\\\/p>\\n\n\n<p style=\\\"text-align: center;\\\">Repetytor wsp\\u00f3\\u0142pracuj\\u0105cy ze urz\\u0105dzeniami SIMRAD.<\\\/p>\",\"text_align\":\"justify\",\"maxwidth\":\"\"}},{\"name\":\"\",\"type\":\"image\",\"props\":{\"margin\":\"default\",\"image\":\"wp-content\\\/uploads\\\/simrad_mx535.jpg\",\"image_width\":\"\",\"text_align\":\"center\",\"image_height\":\"100\"}},{\"name\":\"\",\"type\":\"text\",\"props\":{\"margin\":\"default\",\"column_breakpoint\":\"m\",\"content\":\"\n\n<p style=\\\"text-align: center;\\\"><strong>Transponder AIS klasy A<\\\/strong><\\\/p>\\n\n\n<p style=\\\"text-align: center;\\\">Transponder AIS w wersji BB.<\\\/p>\",\"text_align\":\"justify\",\"maxwidth\":\"\"}}]},{\"name\":\"\",\"type\":\"column\",\"props\":{\"widths\":[\"\",\"1-2\"],\"image_position\":\"center-center\"},\"children\":[{\"name\":\"\",\"type\":\"image\",\"props\":{\"margin\":\"default\",\"image\":\"wp-content\\\/uploads\\\/SIMRAD_TX10.png\",\"image_width\":\"\",\"text_align\":\"center\",\"image_height\":\"100\"}},{\"name\":\"\",\"type\":\"text\",\"props\":{\"margin\":\"default\",\"column_breakpoint\":\"m\",\"content\":\"\n\n<p style=\\\"text-align: center;\\\"><a href=\\\"http:\\\/\\\/escort-technology.com\\\/radar-6-kw\\\/\\\"><span style=\\\"color: #808080;\\\"><strong>Antena radarowa TX06S<\\\/strong><\\\/span><\\\/a><\\\/p>\\n\n\n<p style=\\\"text-align: center;\\\">6 kW, cyfrowa antena radarowa.\\u00a0<\\\/p>\",\"text_align\":\"justify\",\"maxwidth\":\"\"}},{\"name\":\"\",\"type\":\"image\",\"props\":{\"margin\":\"default\",\"image\":\"wp-content\\\/uploads\\\/SIMRAD_WI80.png\",\"image_width\":\"\",\"text_align\":\"center\",\"image_height\":\"100\"}},{\"name\":\"\",\"type\":\"text\",\"props\":{\"margin\":\"default\",\"column_breakpoint\":\"m\",\"content\":\"\n\n<p style=\\\"text-align: center;\\\"><strong>Wska\\u017anik wiatru WI80 <\\\/strong><\\\/p>\\n\n\n<p style=\\\"text-align: center;\\\">Profesjonalny wska\\u017anik kierunku oraz si\\u0142y wiatru.<\\\/p>\",\"text_align\":\"justify\",\"maxwidth\":\"\"}},{\"name\":\"\",\"type\":\"image\",\"props\":{\"margin\":\"default\",\"image\":\"wp-content\\\/uploads\\\/SIMRAD_MX521A.jpg\",\"image_width\":\"\",\"text_align\":\"center\",\"image_height\":\"100\"}},{\"name\":\"\",\"type\":\"text\",\"props\":{\"margin\":\"default\",\"column_breakpoint\":\"m\",\"content\":\"\n\n<p style=\\\"text-align: center;\\\"><strong>Antena GPS MX521A<\\\/strong><\\\/p>\\n\n\n<p style=\\\"text-align: center;\\\">Antena GPS z 12 kana\\u0142owym wbudowanym\\u00a0 odbiornikiem.<\\\/p>\",\"text_align\":\"justify\",\"maxwidth\":\"\"}}]},{\"name\":\"\",\"type\":\"column\",\"props\":{\"widths\":[\"\",\"1-2\"],\"image_position\":\"center-center\"},\"children\":[{\"name\":\"\",\"type\":\"image\",\"props\":{\"margin\":\"default\",\"image\":\"wp-content\\\/uploads\\\/rs86-87.jpg\",\"image_width\":\"\",\"text_align\":\"center\",\"image_height\":\"100\"}},{\"name\":\"\",\"type\":\"text\",\"props\":{\"margin\":\"default\",\"column_breakpoint\":\"m\",\"content\":\"\n\n<p style=\\\"text-align: center;\\\"><strong>Radiotelefon RS87 <\\\/strong><\\\/p>\\n\n\n<p style=\\\"text-align: center;\\\">System radiotelefonii VHF.<\\\/p>\",\"text_align\":\"justify\",\"maxwidth\":\"\"}},{\"name\":\"\",\"type\":\"image\",\"props\":{\"margin\":\"default\",\"image\":\"wp-content\\\/uploads\\\/simrad_rf45.jpg\",\"image_width\":\"\",\"text_align\":\"center\",\"image_height\":\"100\"}},{\"name\":\"\",\"type\":\"text\",\"props\":{\"margin\":\"default\",\"column_breakpoint\":\"m\",\"content\":\"\n\n<p style=\\\"text-align: center;\\\"><strong>Nadajnik po\\u0142o\\u017cenia steru RF45X<\\\/strong><\\\/p>\\n\n\n<p style=\\\"text-align: center;\\\">Nadajnik po\\u0142o\\u017cenia steru wsp\\u00f3\\u0142pracuj\\u0105cy z autopilotem AP70.<\\\/p>\",\"text_align\":\"justify\",\"maxwidth\":\"\"}},{\"name\":\"\",\"type\":\"image\",\"props\":{\"margin\":\"default\",\"image\":\"wp-content\\\/uploads\\\/SIMRAD_AX50.png\",\"image_width\":\"\",\"text_align\":\"center\",\"image_height\":\"100\"}},{\"name\":\"\",\"type\":\"text\",\"props\":{\"margin\":\"default\",\"column_breakpoint\":\"m\",\"content\":\"\n\n<p style=\\\"text-align: center;\\\"><strong>Radiotelefon GMDSS AX50<\\\/strong><\\\/p>\\n\n\n<p style=\\\"text-align: center;\\\">Urz\\u0105dzenie do komunikacji w niebezpiecze\\u0144stwie<\\\/p>\",\"text_align\":\"justify\",\"maxwidth\":\"\"}}]},{\"name\":\"\",\"type\":\"column\",\"props\":{\"widths\":[\"\",\"1-2\"],\"image_position\":\"center-center\"},\"children\":[{\"name\":\"\",\"type\":\"image\",\"props\":{\"margin\":\"default\",\"image\":\"wp-content\\\/uploads\\\/rgc50.jpg\",\"image_width\":\"\",\"text_align\":\"center\",\"image_height\":\"100\"}},{\"name\":\"\",\"type\":\"text\",\"props\":{\"margin\":\"default\",\"column_breakpoint\":\"m\",\"content\":\"\n\n<p style=\\\"text-align: center;\\\"><strong>\\u017byrokompas GC80<\\\/strong><\\\/p>\\n\n\n<p style=\\\"text-align: center;\\\">Niezawodne \\u017ar\\u00f3d\\u0142o informacji o kursie.<\\\/p>\",\"text_align\":\"justify\",\"maxwidth\":\"\"}},{\"name\":\"\",\"type\":\"image\",\"props\":{\"margin\":\"default\",\"image\":\"wp-content\\\/uploads\\\/AP70-1.png\",\"image_width\":\"\",\"text_align\":\"center\",\"image_height\":\"100\"}},{\"name\":\"\",\"type\":\"text\",\"props\":{\"margin\":\"default\",\"column_breakpoint\":\"m\",\"content\":\"\n\n<p style=\\\"text-align: center;\\\"><span style=\\\"color: #808080;\\\"><a style=\\\"color: #808080;\\\" href=\\\"http:\\\/\\\/escort-technology.com\\\/autopiloty-simrad-ap70-i-ap80\\\/\\\"><strong>Autopilot AP 70<\\\/strong><\\\/a><\\\/span><\\\/p>\\n\n\n<p style=\\\"text-align: center;\\\">Nowa seria autopilot\\u00f3w, spe\\u0142niaj\\u0105ca wymogi IMO.<\\\/p>\",\"text_align\":\"justify\",\"maxwidth\":\"\"}},{\"name\":\"\",\"type\":\"image\",\"props\":{\"margin\":\"default\",\"image\":\"wp-content\\\/uploads\\\/EP70Man-1.jpg\",\"image_width\":\"\",\"text_align\":\"center\",\"image_height\":\"100\"}},{\"name\":\"\",\"type\":\"text\",\"props\":{\"margin\":\"default\",\"column_breakpoint\":\"m\",\"content\":\"\n\n<p style=\\\"text-align: center;\\\"><strong><span style=\\\"color: #808080;\\\"><a style=\\\"color: #808080;\\\" href=\\\"http:\\\/\\\/escort-technology.com\\\/radioplawy-epirb-firmy-simrad\\\/\\\"> Radiop\\u0142awa EPIRB EP70<\\\/a><\\\/span><\\\/strong><\\\/p>\\n\n\n<p style=\\\"text-align: center;\\\">Urz\\u0105dzenie\\u00a0 do nadawania sygna\\u0142\\u00f3w w niebezpiecze\\u0144stwie w celu wykrycia pozycji jednostki.<\\\/p>\",\"text_align\":\"justify\",\"maxwidth\":\"\"}}]}]}]}]} --><\/p>\n","protected":false},"excerpt":{"rendered":"<p>Statki specjalistyczne Ekran radarowy\u00a0 ARGUS Radar spe\u0142niaj\u0105cy wymogi IMO. Repetytor analogowy AR80 Repetytor wsp\u00f3\u0142pracuj\u0105cy ze urz\u0105dzeniami SIMRAD. Transponder AIS klasy A Transponder AIS w wersji BB. Antena radarowa TX06S 6 kW, cyfrowa antena radarowa.\u00a0 Wska\u017anik wiatru WI80 Profesjonalny wska\u017anik kierunku oraz si\u0142y wiatru. Antena GPS MX521A Antena GPS z 12 kana\u0142owym wbudowanym\u00a0 odbiornikiem. Radiotelefon RS87 [&hellip;]<\/p>\n","protected":false},"author":6,"featured_media":0,"parent":0,"menu_order":0,"comment_status":"closed","ping_status":"closed","template":"","meta":{"footnotes":""},"class_list":["post-2785","page","type-page","status-publish","hentry"],"yoast_head":"<!-- This site is optimized with the Yoast SEO plugin v27.5 - https:\/\/yoast.com\/product\/yoast-seo-wordpress\/ -->\n<title>Statki specjalistyczne - ESCORT TECHNOLOGY<\/title>\n<meta name=\"robots\" content=\"index, follow, max-snippet:-1, max-image-preview:large, max-video-preview:-1\" \/>\n<link rel=\"canonical\" href=\"http:\/\/escort-technology.com\/pl\/de\/statki-specjalistyczne\/\" \/>\n<meta property=\"og:locale\" content=\"pl_PL\" \/>\n<meta property=\"og:type\" content=\"article\" \/>\n<meta property=\"og:title\" content=\"Statki specjalistyczne - ESCORT TECHNOLOGY\" \/>\n<meta property=\"og:description\" content=\"Statki specjalistyczne Ekran radarowy\u00a0 ARGUS Radar spe\u0142niaj\u0105cy wymogi IMO. Repetytor analogowy AR80 Repetytor wsp\u00f3\u0142pracuj\u0105cy ze urz\u0105dzeniami SIMRAD. Transponder AIS klasy A Transponder AIS w wersji BB. Antena radarowa TX06S 6 kW, cyfrowa antena radarowa.\u00a0 Wska\u017anik wiatru WI80 Profesjonalny wska\u017anik kierunku oraz si\u0142y wiatru. Antena GPS MX521A Antena GPS z 12 kana\u0142owym wbudowanym\u00a0 odbiornikiem. Radiotelefon RS87 [&hellip;]\" \/>\n<meta property=\"og:url\" content=\"http:\/\/escort-technology.com\/pl\/de\/statki-specjalistyczne\/\" \/>\n<meta property=\"og:site_name\" content=\"ESCORT TECHNOLOGY\" \/>\n<meta property=\"article:publisher\" content=\"https:\/\/www.facebook.com\/elektronika.morska\/\" \/>\n<meta property=\"article:modified_time\" content=\"2018-03-21T13:50:14+00:00\" \/>\n<meta name=\"twitter:card\" content=\"summary_large_image\" \/>\n<meta name=\"twitter:label1\" content=\"Szacowany czas czytania\" \/>\n\t<meta name=\"twitter:data1\" content=\"1 minuta\" \/>\n<script type=\"application\/ld+json\" class=\"yoast-schema-graph\">{\"@context\":\"https:\\\/\\\/schema.org\",\"@graph\":[{\"@type\":\"WebPage\",\"@id\":\"http:\\\/\\\/escort-technology.com\\\/de\\\/statki-specjalistyczne\\\/\",\"url\":\"http:\\\/\\\/escort-technology.com\\\/de\\\/statki-specjalistyczne\\\/\",\"name\":\"Statki specjalistyczne - ESCORT TECHNOLOGY\",\"isPartOf\":{\"@id\":\"http:\\\/\\\/escort-technology.com\\\/de\\\/#website\"},\"datePublished\":\"2018-03-21T13:03:48+00:00\",\"dateModified\":\"2018-03-21T13:50:14+00:00\",\"breadcrumb\":{\"@id\":\"http:\\\/\\\/escort-technology.com\\\/de\\\/statki-specjalistyczne\\\/#breadcrumb\"},\"inLanguage\":\"pl-PL\",\"potentialAction\":[{\"@type\":\"ReadAction\",\"target\":[\"http:\\\/\\\/escort-technology.com\\\/de\\\/statki-specjalistyczne\\\/\"]}]},{\"@type\":\"BreadcrumbList\",\"@id\":\"http:\\\/\\\/escort-technology.com\\\/de\\\/statki-specjalistyczne\\\/#breadcrumb\",\"itemListElement\":[{\"@type\":\"ListItem\",\"position\":1,\"name\":\"Strona g\u0142\u00f3wna\",\"item\":\"https:\\\/\\\/escort-technology.com\\\/\"},{\"@type\":\"ListItem\",\"position\":2,\"name\":\"Statki specjalistyczne\"}]},{\"@type\":\"WebSite\",\"@id\":\"http:\\\/\\\/escort-technology.com\\\/de\\\/#website\",\"url\":\"http:\\\/\\\/escort-technology.com\\\/de\\\/\",\"name\":\"ESCORT TECHNOLOGY\",\"description\":\"Elektronika morska i l\u0105dowa\",\"publisher\":{\"@id\":\"http:\\\/\\\/escort-technology.com\\\/de\\\/#organization\"},\"potentialAction\":[{\"@type\":\"SearchAction\",\"target\":{\"@type\":\"EntryPoint\",\"urlTemplate\":\"http:\\\/\\\/escort-technology.com\\\/de\\\/?s={search_term_string}\"},\"query-input\":{\"@type\":\"PropertyValueSpecification\",\"valueRequired\":true,\"valueName\":\"search_term_string\"}}],\"inLanguage\":\"pl-PL\"},{\"@type\":\"Organization\",\"@id\":\"http:\\\/\\\/escort-technology.com\\\/de\\\/#organization\",\"name\":\"ESCORT TECHNOLOGY\",\"url\":\"http:\\\/\\\/escort-technology.com\\\/de\\\/\",\"logo\":{\"@type\":\"ImageObject\",\"inLanguage\":\"pl-PL\",\"@id\":\"http:\\\/\\\/escort-technology.com\\\/de\\\/#\\\/schema\\\/logo\\\/image\\\/\",\"url\":\"https:\\\/\\\/escort-technology.com\\\/wp-content\\\/uploads\\\/logo-1.jpg\",\"contentUrl\":\"https:\\\/\\\/escort-technology.com\\\/wp-content\\\/uploads\\\/logo-1.jpg\",\"width\":600,\"height\":165,\"caption\":\"ESCORT TECHNOLOGY\"},\"image\":{\"@id\":\"http:\\\/\\\/escort-technology.com\\\/de\\\/#\\\/schema\\\/logo\\\/image\\\/\"},\"sameAs\":[\"https:\\\/\\\/www.facebook.com\\\/elektronika.morska\\\/\",\"https:\\\/\\\/www.linkedin.com\\\/company\\\/escort-sp-z-o-o-\\\/\"]}]}<\/script>\n<!-- \/ Yoast SEO plugin. -->","yoast_head_json":{"title":"Statki specjalistyczne - ESCORT TECHNOLOGY","robots":{"index":"index","follow":"follow","max-snippet":"max-snippet:-1","max-image-preview":"max-image-preview:large","max-video-preview":"max-video-preview:-1"},"canonical":"http:\/\/escort-technology.com\/pl\/de\/statki-specjalistyczne\/","og_locale":"pl_PL","og_type":"article","og_title":"Statki specjalistyczne - ESCORT TECHNOLOGY","og_description":"Statki specjalistyczne Ekran radarowy\u00a0 ARGUS Radar spe\u0142niaj\u0105cy wymogi IMO. Repetytor analogowy AR80 Repetytor wsp\u00f3\u0142pracuj\u0105cy ze urz\u0105dzeniami SIMRAD. Transponder AIS klasy A Transponder AIS w wersji BB. Antena radarowa TX06S 6 kW, cyfrowa antena radarowa.\u00a0 Wska\u017anik wiatru WI80 Profesjonalny wska\u017anik kierunku oraz si\u0142y wiatru. Antena GPS MX521A Antena GPS z 12 kana\u0142owym wbudowanym\u00a0 odbiornikiem. Radiotelefon RS87 [&hellip;]","og_url":"http:\/\/escort-technology.com\/pl\/de\/statki-specjalistyczne\/","og_site_name":"ESCORT TECHNOLOGY","article_publisher":"https:\/\/www.facebook.com\/elektronika.morska\/","article_modified_time":"2018-03-21T13:50:14+00:00","twitter_card":"summary_large_image","twitter_misc":{"Szacowany czas czytania":"1 minuta"},"schema":{"@context":"https:\/\/schema.org","@graph":[{"@type":"WebPage","@id":"http:\/\/escort-technology.com\/de\/statki-specjalistyczne\/","url":"http:\/\/escort-technology.com\/de\/statki-specjalistyczne\/","name":"Statki specjalistyczne - ESCORT TECHNOLOGY","isPartOf":{"@id":"http:\/\/escort-technology.com\/de\/#website"},"datePublished":"2018-03-21T13:03:48+00:00","dateModified":"2018-03-21T13:50:14+00:00","breadcrumb":{"@id":"http:\/\/escort-technology.com\/de\/statki-specjalistyczne\/#breadcrumb"},"inLanguage":"pl-PL","potentialAction":[{"@type":"ReadAction","target":["http:\/\/escort-technology.com\/de\/statki-specjalistyczne\/"]}]},{"@type":"BreadcrumbList","@id":"http:\/\/escort-technology.com\/de\/statki-specjalistyczne\/#breadcrumb","itemListElement":[{"@type":"ListItem","position":1,"name":"Strona g\u0142\u00f3wna","item":"https:\/\/escort-technology.com\/"},{"@type":"ListItem","position":2,"name":"Statki specjalistyczne"}]},{"@type":"WebSite","@id":"http:\/\/escort-technology.com\/de\/#website","url":"http:\/\/escort-technology.com\/de\/","name":"ESCORT TECHNOLOGY","description":"Elektronika morska i l\u0105dowa","publisher":{"@id":"http:\/\/escort-technology.com\/de\/#organization"},"potentialAction":[{"@type":"SearchAction","target":{"@type":"EntryPoint","urlTemplate":"http:\/\/escort-technology.com\/de\/?s={search_term_string}"},"query-input":{"@type":"PropertyValueSpecification","valueRequired":true,"valueName":"search_term_string"}}],"inLanguage":"pl-PL"},{"@type":"Organization","@id":"http:\/\/escort-technology.com\/de\/#organization","name":"ESCORT TECHNOLOGY","url":"http:\/\/escort-technology.com\/de\/","logo":{"@type":"ImageObject","inLanguage":"pl-PL","@id":"http:\/\/escort-technology.com\/de\/#\/schema\/logo\/image\/","url":"https:\/\/escort-technology.com\/wp-content\/uploads\/logo-1.jpg","contentUrl":"https:\/\/escort-technology.com\/wp-content\/uploads\/logo-1.jpg","width":600,"height":165,"caption":"ESCORT TECHNOLOGY"},"image":{"@id":"http:\/\/escort-technology.com\/de\/#\/schema\/logo\/image\/"},"sameAs":["https:\/\/www.facebook.com\/elektronika.morska\/","https:\/\/www.linkedin.com\/company\/escort-sp-z-o-o-\/"]}]}},"_links":{"self":[{"href":"https:\/\/escort-technology.com\/pl\/wp-json\/wp\/v2\/pages\/2785","targetHints":{"allow":["GET"]}}],"collection":[{"href":"https:\/\/escort-technology.com\/pl\/wp-json\/wp\/v2\/pages"}],"about":[{"href":"https:\/\/escort-technology.com\/pl\/wp-json\/wp\/v2\/types\/page"}],"author":[{"embeddable":true,"href":"https:\/\/escort-technology.com\/pl\/wp-json\/wp\/v2\/users\/6"}],"replies":[{"embeddable":true,"href":"https:\/\/escort-technology.com\/pl\/wp-json\/wp\/v2\/comments?post=2785"}],"version-history":[{"count":5,"href":"https:\/\/escort-technology.com\/pl\/wp-json\/wp\/v2\/pages\/2785\/revisions"}],"predecessor-version":[{"id":2819,"href":"https:\/\/escort-technology.com\/pl\/wp-json\/wp\/v2\/pages\/2785\/revisions\/2819"}],"wp:attachment":[{"href":"https:\/\/escort-technology.com\/pl\/wp-json\/wp\/v2\/media?parent=2785"}],"curies":[{"name":"wp","href":"https:\/\/api.w.org\/{rel}","templated":true}]}}