{"id":2847,"date":"2018-03-22T07:31:48","date_gmt":"2018-03-22T07:31:48","guid":{"rendered":"http:\/\/escort-technology.com\/?page_id=2847"},"modified":"2018-03-22T07:44:45","modified_gmt":"2018-03-22T07:44:45","slug":"radiotelefon-vhf-gmdss-ic-gm1600e-2","status":"publish","type":"page","link":"https:\/\/escort-technology.com\/pl\/radiotelefon-vhf-gmdss-ic-gm1600e-2\/","title":{"rendered":"Radiotelefon VHF GMDSS IC-GM1600E"},"content":{"rendered":"<p>Radiotelefon VHF GMDSS IC-GM1600E<\/p>\n<p>Radiotelefon VHF r\u0119czny GMDSS do tratw ratunkowych \u00a0<\/p>\n<p>Spe\u0142nia wymagania dla urz\u0105dze\u0144 GMDSS\u00a0\u00a0\u00a0 <\/p>\n<p>Radiotelefon IC-GM1600E spe\u0142nia wymogi odno\u015bnie temperatury, wibracji, upadk\u00f3w, wstrz\u0105s\u00f3w. Dodatkowo radiotelefon spe\u0142nia wymagania odno\u015bnie wodoodporno\u015bci opisanych w rezolucji IMO MSC.149(77).<\/p>\n<p>Bateria litowa odporna na temperatur\u0119<\/p>\n<p>Opcjonalna bateria litowa BP-234 nie\u0142adowalna o pojemno\u015bci 3300mAh zapewnia minimum 8 godzin pracy w temperaturze \u201320\u00b0C.<\/p>\n<p>Du\u017ca czytelna klawiatura<\/p>\n<p>Du\u017ce, czytelne klawisze oraz pokr\u0119t\u0142o obrotowe dla u\u0142atwienia dzia\u0142ania podczas sytuacji niebezpiecznej.<\/p>\n<p>Spe\u0142nia wymagania MED 2014\/90\/EU, \u201cWheel mark\u201d<\/p>\n<p>Szeroki k\u0105t ekranu LCD <\/p>\n<p>Szeroki k\u0105t ekranu LCD \u00a0oferuje czysty i czytelny obraz. Wska\u017anik LED w g\u00f3rnej cz\u0119\u015bci ekranu wskazuje warunki pracy.<\/p>\n<p>\u0141atwa, intuicyjna obs\u0142uga \u00a0<\/p>\n<p>Instrukcja obs\u0142ugi jest wydrukowana na tylnej obudowie. Ca\u0142a obs\u0142uga urz\u0105dzenia mo\u017ce by\u0107 wykonywana jedn\u0105 r\u0119k\u0105.<\/p>\n<p>Inne cechy <\/p>\n<p>Szybki dost\u0119p do kana\u0142u 16 lub u\u017cywanego kana\u0142u<br \/>\nWysoka widzialno\u015b\u0107 dzi\u0119ki \u017c\u00f3\u0142tej obudowie Highly<br \/>\nOpcjonalny zestaw s\u0142uchawkowy VOX \u00a0do pracy na statku\u00a0\n<\/p>\n<p>BROSZURA<\/p>\n<p><!-- {\"name\":\"\",\"type\":\"layout\",\"children\":[{\"name\":\"ANTENA\",\"type\":\"section\",\"props\":{\"width\":\"default\",\"padding\":\"xsmall\",\"style\":\"default\",\"text_color\":\"\",\"media\":\"\",\"height_viewport\":false,\"header_overlay\":\"light\",\"animation\":\"slide-top-medium\",\"padding_remove_top\":false,\"image_size\":\"cover\",\"image\":\"\",\"image_position\":\"bottom-center\",\"image_fixed\":false,\"class\":\"\",\"overlap\":true,\"vertical_align\":\"middle\",\"title_position\":\"top-left\",\"title_rotation\":\"left\",\"title_breakpoint\":\"xl\"},\"children\":[{\"name\":\"\",\"type\":\"row\",\"props\":{\"layout\":\"1-1\",\"breakpoint\":\"m\",\"margin\":\"\",\"fixed_width\":\"large\"},\"children\":[{\"name\":\"\",\"type\":\"column\",\"props\":{\"image_position\":\"center-center\",\"widths\":[\"1-1\"]},\"children\":[{\"name\":\"\",\"type\":\"headline\",\"props\":{\"title_element\":\"h2\",\"content\":\"Radiotelefon VHF GMDSS IC-GM1600E\",\"text_align\":\"center\",\"text_align_fallback\":\"center\",\"maxwidth_align\":\"center\",\"maxwidth\":\"\",\"title_style\":\"h2\",\"title_decoration\":\"\",\"margin\":\"\"}},{\"name\":\"\",\"type\":\"divider\",\"props\":{\"divider_element\":\"hr\"}}]}]},{\"name\":\"\",\"type\":\"row\",\"props\":{\"fixed_width\":\"large\",\"breakpoint\":\"m\",\"layout\":\",2-3\",\"margin\":\"medium\"},\"children\":[{\"name\":\"\",\"type\":\"column\",\"props\":{\"widths\":[\"\"],\"image_position\":\"center-center\"},\"children\":[{\"name\":\"\",\"type\":\"image\",\"props\":{\"margin\":\"default\",\"image\":\"wp-content\\\/uploads\\\/icgm1600e-2.jpg\",\"image_width\":\"\",\"image_box_shadow\":\"\",\"image_border\":\"rounded\",\"image_height\":\"500\",\"text_align\":\"center\"}}]},{\"name\":\"\",\"type\":\"column\",\"props\":{\"widths\":[\"2-3\"],\"image_position\":\"center-center\"},\"children\":[{\"name\":\"\",\"type\":\"text\",\"props\":{\"column_breakpoint\":\"m\",\"margin\":\"medium\",\"content\":\"\n\n<p><strong>Radiotelefon VHF r\\u0119czny GMDSS do tratw ratunkowych \\u00a0<\\\/strong><\\\/p>\\n\n\n<div>\\n\n\n<p><strong>Spe\\u0142nia wymagania dla urz\\u0105dze\\u0144 GMDSS\\u00a0\\u00a0\\u00a0 <\\\/strong><img src=\\\"http:\\\/\\\/www.escort.com.pl\\\/images\\\/escort\\\/oferta\\\/radiotelefon\\\/waterproof.gif\\\" \\\/><\\\/p>\\n<\\\/div>\\n\n\n<p>Radiotelefon IC-GM1600E spe\\u0142nia wymogi odno\\u015bnie temperatury, wibracji, upadk\\u00f3w, wstrz\\u0105s\\u00f3w. Dodatkowo radiotelefon spe\\u0142nia wymagania odno\\u015bnie wodoodporno\\u015bci opisanych w rezolucji IMO MSC.149(77).<\\\/p>\\n\n\n<div>\\n\n\n<p><strong>Bateria litowa odporna na temperatur\\u0119<\\\/strong><\\\/p>\\n<\\\/div>\\n\n\n<p>Opcjonalna bateria litowa BP-234 nie\\u0142adowalna o pojemno\\u015bci 3300mAh zapewnia minimum 8 godzin pracy w temperaturze \\u201320\\u00b0C.<\\\/p>\\n\n\n<div>\\n\n\n<p><strong>Du\\u017ca czytelna klawiatura<\\\/strong><\\\/p>\\n<\\\/div>\\n\n\n<p>Du\\u017ce, czytelne klawisze oraz pokr\\u0119t\\u0142o obrotowe dla u\\u0142atwienia dzia\\u0142ania podczas sytuacji niebezpiecznej.<\\\/p>\\n\n\n<div>\\n\n\n<p><strong>Spe\\u0142nia wymagania MED 2014\\\/90\\\/EU, \\u201cWheel mark\\u201d<\\\/strong><\\\/p>\\n<img src=\\\"http:\\\/\\\/www.escort.com.pl\\\/images\\\/escort\\\/oferta\\\/wheelmark_20.jpg\\\" \\\/>\\n\n\n<p><strong>Szeroki k\\u0105t ekranu LCD <\\\/strong><\\\/p>\\n<\\\/div>\\n\n\n<p>Szeroki k\\u0105t ekranu LCD \\u00a0oferuje czysty i czytelny obraz. Wska\\u017anik LED w g\\u00f3rnej cz\\u0119\\u015bci ekranu wskazuje warunki pracy.<\\\/p>\\n\n\n<div>\\n\n\n<p><strong>\\u0141atwa, intuicyjna obs\\u0142uga \\u00a0<\\\/strong><\\\/p>\\n<\\\/div>\\n\n\n<p>Instrukcja obs\\u0142ugi jest wydrukowana na tylnej obudowie. Ca\\u0142a obs\\u0142uga urz\\u0105dzenia mo\\u017ce by\\u0107 wykonywana jedn\\u0105 r\\u0119k\\u0105.<\\\/p>\\n\n\n<div>\\n\n\n<p><strong>Inne cechy <\\\/strong><\\\/p>\\n<\\\/div>\\n\n\n<ul>\\n\n\n<li>Szybki dost\\u0119p do kana\\u0142u 16 lub u\\u017cywanego kana\\u0142u<\\\/li>\\n\n\n<li>Wysoka widzialno\\u015b\\u0107 dzi\\u0119ki \\u017c\\u00f3\\u0142tej obudowie Highly<\\\/li>\\n\n\n<li>Opcjonalny zestaw s\\u0142uchawkowy VOX \\u00a0do pracy na statku\\u00a0<\\\/li>\\n<\\\/ul>\",\"animation\":\"slide-left-medium\",\"text_align\":\"justify\",\"text_align_breakpoint\":\"m\",\"text_align_fallback\":\"center\",\"text_size\":\"\",\"maxwidth\":\"xxlarge\"}}]}]},{\"name\":\"\",\"type\":\"row\",\"props\":{\"fixed_width\":\"large\",\"breakpoint\":\"m\",\"layout\":\"1-1\",\"margin\":\"large\"},\"children\":[{\"name\":\"\",\"type\":\"column\",\"props\":{\"image_position\":\"center-center\",\"widths\":[\"1-1\"]},\"children\":[{\"name\":\"\",\"type\":\"button\",\"props\":{\"gutter\":\"small\",\"inline_align\":\"center\",\"margin\":\"\",\"text_align\":\"center\",\"button_size\":\"large\",\"animation\":\"slide-bottom-medium\"},\"children\":[{\"name\":\"\",\"type\":\"button_item\",\"props\":{\"button_style\":\"secondary\",\"content\":\"BROSZURA\",\"link\":\"wp-content\\\/uploads\\\/Radiotelefon_ICOM_IC-GM1600-min1.pdf\",\"link_title\":\"Explore More\",\"icon_align\":\"left\",\"link_target\":\"blank\"}}]}]}]}]}]} --><\/p>\n","protected":false},"excerpt":{"rendered":"<p>Radiotelefon VHF GMDSS IC-GM1600E Radiotelefon VHF r\u0119czny GMDSS do tratw ratunkowych \u00a0 Spe\u0142nia wymagania dla urz\u0105dze\u0144 GMDSS\u00a0\u00a0\u00a0 Radiotelefon IC-GM1600E spe\u0142nia wymogi odno\u015bnie temperatury, wibracji, upadk\u00f3w, wstrz\u0105s\u00f3w. Dodatkowo radiotelefon spe\u0142nia wymagania odno\u015bnie wodoodporno\u015bci opisanych w rezolucji IMO MSC.149(77). Bateria litowa odporna na temperatur\u0119 Opcjonalna bateria litowa BP-234 nie\u0142adowalna o pojemno\u015bci 3300mAh zapewnia minimum 8 godzin pracy [&hellip;]<\/p>\n","protected":false},"author":6,"featured_media":0,"parent":0,"menu_order":0,"comment_status":"closed","ping_status":"closed","template":"","meta":{"footnotes":""},"class_list":["post-2847","page","type-page","status-publish","hentry"],"yoast_head":"<!-- This site is optimized with the Yoast SEO plugin v27.4 - https:\/\/yoast.com\/product\/yoast-seo-wordpress\/ -->\n<title>Radiotelefon VHF GMDSS IC-GM1600E - ESCORT TECHNOLOGY<\/title>\n<meta name=\"robots\" content=\"index, follow, max-snippet:-1, max-image-preview:large, max-video-preview:-1\" \/>\n<link rel=\"canonical\" href=\"https:\/\/escort-technology.com\/pl\/radiotelefon-vhf-gmdss-ic-gm1600e-2\/\" \/>\n<meta property=\"og:locale\" content=\"pl_PL\" \/>\n<meta property=\"og:type\" content=\"article\" \/>\n<meta property=\"og:title\" content=\"Radiotelefon VHF GMDSS IC-GM1600E - ESCORT TECHNOLOGY\" \/>\n<meta property=\"og:description\" content=\"Radiotelefon VHF GMDSS IC-GM1600E Radiotelefon VHF r\u0119czny GMDSS do tratw ratunkowych \u00a0 Spe\u0142nia wymagania dla urz\u0105dze\u0144 GMDSS\u00a0\u00a0\u00a0 Radiotelefon IC-GM1600E spe\u0142nia wymogi odno\u015bnie temperatury, wibracji, upadk\u00f3w, wstrz\u0105s\u00f3w. Dodatkowo radiotelefon spe\u0142nia wymagania odno\u015bnie wodoodporno\u015bci opisanych w rezolucji IMO MSC.149(77). Bateria litowa odporna na temperatur\u0119 Opcjonalna bateria litowa BP-234 nie\u0142adowalna o pojemno\u015bci 3300mAh zapewnia minimum 8 godzin pracy [&hellip;]\" \/>\n<meta property=\"og:url\" content=\"https:\/\/escort-technology.com\/pl\/radiotelefon-vhf-gmdss-ic-gm1600e-2\/\" \/>\n<meta property=\"og:site_name\" content=\"ESCORT TECHNOLOGY\" \/>\n<meta property=\"article:publisher\" content=\"https:\/\/www.facebook.com\/elektronika.morska\/\" \/>\n<meta property=\"article:modified_time\" content=\"2018-03-22T07:44:45+00:00\" \/>\n<meta name=\"twitter:card\" content=\"summary_large_image\" \/>\n<meta name=\"twitter:label1\" content=\"Szacowany czas czytania\" \/>\n\t<meta name=\"twitter:data1\" content=\"1 minuta\" \/>\n<script type=\"application\/ld+json\" class=\"yoast-schema-graph\">{\"@context\":\"https:\\\/\\\/schema.org\",\"@graph\":[{\"@type\":\"WebPage\",\"@id\":\"https:\\\/\\\/escort-technology.com\\\/en\\\/radiotelefon-vhf-gmdss-ic-gm1600e-2\\\/\",\"url\":\"https:\\\/\\\/escort-technology.com\\\/en\\\/radiotelefon-vhf-gmdss-ic-gm1600e-2\\\/\",\"name\":\"Radiotelefon VHF GMDSS IC-GM1600E - ESCORT TECHNOLOGY\",\"isPartOf\":{\"@id\":\"http:\\\/\\\/escort-technology.com\\\/de\\\/#website\"},\"datePublished\":\"2018-03-22T07:31:48+00:00\",\"dateModified\":\"2018-03-22T07:44:45+00:00\",\"breadcrumb\":{\"@id\":\"https:\\\/\\\/escort-technology.com\\\/en\\\/radiotelefon-vhf-gmdss-ic-gm1600e-2\\\/#breadcrumb\"},\"inLanguage\":\"pl-PL\",\"potentialAction\":[{\"@type\":\"ReadAction\",\"target\":[\"https:\\\/\\\/escort-technology.com\\\/en\\\/radiotelefon-vhf-gmdss-ic-gm1600e-2\\\/\"]}]},{\"@type\":\"BreadcrumbList\",\"@id\":\"https:\\\/\\\/escort-technology.com\\\/en\\\/radiotelefon-vhf-gmdss-ic-gm1600e-2\\\/#breadcrumb\",\"itemListElement\":[{\"@type\":\"ListItem\",\"position\":1,\"name\":\"Strona g\u0142\u00f3wna\",\"item\":\"https:\\\/\\\/escort-technology.com\\\/\"},{\"@type\":\"ListItem\",\"position\":2,\"name\":\"Radiotelefon VHF GMDSS IC-GM1600E\"}]},{\"@type\":\"WebSite\",\"@id\":\"http:\\\/\\\/escort-technology.com\\\/de\\\/#website\",\"url\":\"http:\\\/\\\/escort-technology.com\\\/de\\\/\",\"name\":\"ESCORT TECHNOLOGY\",\"description\":\"Elektronika morska i l\u0105dowa\",\"publisher\":{\"@id\":\"http:\\\/\\\/escort-technology.com\\\/de\\\/#organization\"},\"potentialAction\":[{\"@type\":\"SearchAction\",\"target\":{\"@type\":\"EntryPoint\",\"urlTemplate\":\"http:\\\/\\\/escort-technology.com\\\/de\\\/?s={search_term_string}\"},\"query-input\":{\"@type\":\"PropertyValueSpecification\",\"valueRequired\":true,\"valueName\":\"search_term_string\"}}],\"inLanguage\":\"pl-PL\"},{\"@type\":\"Organization\",\"@id\":\"http:\\\/\\\/escort-technology.com\\\/de\\\/#organization\",\"name\":\"ESCORT TECHNOLOGY\",\"url\":\"http:\\\/\\\/escort-technology.com\\\/de\\\/\",\"logo\":{\"@type\":\"ImageObject\",\"inLanguage\":\"pl-PL\",\"@id\":\"http:\\\/\\\/escort-technology.com\\\/de\\\/#\\\/schema\\\/logo\\\/image\\\/\",\"url\":\"https:\\\/\\\/escort-technology.com\\\/wp-content\\\/uploads\\\/logo-1.jpg\",\"contentUrl\":\"https:\\\/\\\/escort-technology.com\\\/wp-content\\\/uploads\\\/logo-1.jpg\",\"width\":600,\"height\":165,\"caption\":\"ESCORT TECHNOLOGY\"},\"image\":{\"@id\":\"http:\\\/\\\/escort-technology.com\\\/de\\\/#\\\/schema\\\/logo\\\/image\\\/\"},\"sameAs\":[\"https:\\\/\\\/www.facebook.com\\\/elektronika.morska\\\/\",\"https:\\\/\\\/www.linkedin.com\\\/company\\\/escort-sp-z-o-o-\\\/\"]}]}<\/script>\n<!-- \/ Yoast SEO plugin. -->","yoast_head_json":{"title":"Radiotelefon VHF GMDSS IC-GM1600E - ESCORT TECHNOLOGY","robots":{"index":"index","follow":"follow","max-snippet":"max-snippet:-1","max-image-preview":"max-image-preview:large","max-video-preview":"max-video-preview:-1"},"canonical":"https:\/\/escort-technology.com\/pl\/radiotelefon-vhf-gmdss-ic-gm1600e-2\/","og_locale":"pl_PL","og_type":"article","og_title":"Radiotelefon VHF GMDSS IC-GM1600E - ESCORT TECHNOLOGY","og_description":"Radiotelefon VHF GMDSS IC-GM1600E Radiotelefon VHF r\u0119czny GMDSS do tratw ratunkowych \u00a0 Spe\u0142nia wymagania dla urz\u0105dze\u0144 GMDSS\u00a0\u00a0\u00a0 Radiotelefon IC-GM1600E spe\u0142nia wymogi odno\u015bnie temperatury, wibracji, upadk\u00f3w, wstrz\u0105s\u00f3w. Dodatkowo radiotelefon spe\u0142nia wymagania odno\u015bnie wodoodporno\u015bci opisanych w rezolucji IMO MSC.149(77). Bateria litowa odporna na temperatur\u0119 Opcjonalna bateria litowa BP-234 nie\u0142adowalna o pojemno\u015bci 3300mAh zapewnia minimum 8 godzin pracy [&hellip;]","og_url":"https:\/\/escort-technology.com\/pl\/radiotelefon-vhf-gmdss-ic-gm1600e-2\/","og_site_name":"ESCORT TECHNOLOGY","article_publisher":"https:\/\/www.facebook.com\/elektronika.morska\/","article_modified_time":"2018-03-22T07:44:45+00:00","twitter_card":"summary_large_image","twitter_misc":{"Szacowany czas czytania":"1 minuta"},"schema":{"@context":"https:\/\/schema.org","@graph":[{"@type":"WebPage","@id":"https:\/\/escort-technology.com\/en\/radiotelefon-vhf-gmdss-ic-gm1600e-2\/","url":"https:\/\/escort-technology.com\/en\/radiotelefon-vhf-gmdss-ic-gm1600e-2\/","name":"Radiotelefon VHF GMDSS IC-GM1600E - ESCORT TECHNOLOGY","isPartOf":{"@id":"http:\/\/escort-technology.com\/de\/#website"},"datePublished":"2018-03-22T07:31:48+00:00","dateModified":"2018-03-22T07:44:45+00:00","breadcrumb":{"@id":"https:\/\/escort-technology.com\/en\/radiotelefon-vhf-gmdss-ic-gm1600e-2\/#breadcrumb"},"inLanguage":"pl-PL","potentialAction":[{"@type":"ReadAction","target":["https:\/\/escort-technology.com\/en\/radiotelefon-vhf-gmdss-ic-gm1600e-2\/"]}]},{"@type":"BreadcrumbList","@id":"https:\/\/escort-technology.com\/en\/radiotelefon-vhf-gmdss-ic-gm1600e-2\/#breadcrumb","itemListElement":[{"@type":"ListItem","position":1,"name":"Strona g\u0142\u00f3wna","item":"https:\/\/escort-technology.com\/"},{"@type":"ListItem","position":2,"name":"Radiotelefon VHF GMDSS IC-GM1600E"}]},{"@type":"WebSite","@id":"http:\/\/escort-technology.com\/de\/#website","url":"http:\/\/escort-technology.com\/de\/","name":"ESCORT TECHNOLOGY","description":"Elektronika morska i l\u0105dowa","publisher":{"@id":"http:\/\/escort-technology.com\/de\/#organization"},"potentialAction":[{"@type":"SearchAction","target":{"@type":"EntryPoint","urlTemplate":"http:\/\/escort-technology.com\/de\/?s={search_term_string}"},"query-input":{"@type":"PropertyValueSpecification","valueRequired":true,"valueName":"search_term_string"}}],"inLanguage":"pl-PL"},{"@type":"Organization","@id":"http:\/\/escort-technology.com\/de\/#organization","name":"ESCORT TECHNOLOGY","url":"http:\/\/escort-technology.com\/de\/","logo":{"@type":"ImageObject","inLanguage":"pl-PL","@id":"http:\/\/escort-technology.com\/de\/#\/schema\/logo\/image\/","url":"https:\/\/escort-technology.com\/wp-content\/uploads\/logo-1.jpg","contentUrl":"https:\/\/escort-technology.com\/wp-content\/uploads\/logo-1.jpg","width":600,"height":165,"caption":"ESCORT TECHNOLOGY"},"image":{"@id":"http:\/\/escort-technology.com\/de\/#\/schema\/logo\/image\/"},"sameAs":["https:\/\/www.facebook.com\/elektronika.morska\/","https:\/\/www.linkedin.com\/company\/escort-sp-z-o-o-\/"]}]}},"_links":{"self":[{"href":"https:\/\/escort-technology.com\/pl\/wp-json\/wp\/v2\/pages\/2847","targetHints":{"allow":["GET"]}}],"collection":[{"href":"https:\/\/escort-technology.com\/pl\/wp-json\/wp\/v2\/pages"}],"about":[{"href":"https:\/\/escort-technology.com\/pl\/wp-json\/wp\/v2\/types\/page"}],"author":[{"embeddable":true,"href":"https:\/\/escort-technology.com\/pl\/wp-json\/wp\/v2\/users\/6"}],"replies":[{"embeddable":true,"href":"https:\/\/escort-technology.com\/pl\/wp-json\/wp\/v2\/comments?post=2847"}],"version-history":[{"count":2,"href":"https:\/\/escort-technology.com\/pl\/wp-json\/wp\/v2\/pages\/2847\/revisions"}],"predecessor-version":[{"id":2860,"href":"https:\/\/escort-technology.com\/pl\/wp-json\/wp\/v2\/pages\/2847\/revisions\/2860"}],"wp:attachment":[{"href":"https:\/\/escort-technology.com\/pl\/wp-json\/wp\/v2\/media?parent=2847"}],"curies":[{"name":"wp","href":"https:\/\/api.w.org\/{rel}","templated":true}]}}