{"id":3053,"date":"2018-03-23T12:43:20","date_gmt":"2018-03-23T12:43:20","guid":{"rendered":"http:\/\/escort-technology.com\/?page_id=3053"},"modified":"2018-03-23T13:27:58","modified_gmt":"2018-03-23T13:27:58","slug":"modul-echosondy-simrad-s5100","status":"publish","type":"page","link":"https:\/\/escort-technology.com\/pl\/modul-echosondy-simrad-s5100\/","title":{"rendered":"Modu\u0142 echosondy SIMRAD S5100"},"content":{"rendered":"<p>Modu\u0142 echosondy SIMRAD S5100<\/p>\n<p>S5100<br \/>\nModu\u0142 SIMRAD CHIRP S5100 o wysokiej wydajno\u015bci wyposa\u017cony jest w trzy w pe\u0142ni niezale\u017cne kana\u0142y, kt\u00f3re zapewniaj\u0105 zasi\u0119g sonaru o wysokiej rozdzielczo\u015bci w r\u00f3\u017cnych zakresach g\u0142\u0119boko\u015bci. Jednocze\u015bnie rozdzielczo\u015b\u0107 ekranu umo\u017cliwia ca\u0142kowit\u0105 kontrol\u0119 nad kolumn\u0105 wodny, \u200b\u200ba zaawansowana technologia przetwarzania umo\u017cliwia uzyskanie du\u017cej przejrzysto\u015bci obrazu. Modu\u0142 echosondy umo\u017cliwia dostosowanie cz\u0119stotliwo\u015bci CHIRP od 28 do 250 kHz, \u00a0do konkretnych cel\u00f3w u\u017cytkownika.<br \/>\nKluczowe cechy:<\/p>\n<p>Trzy w pe\u0142ni niezale\u017cne kana\u0142y zapewniaj\u0105 wysok\u0105 rozdzielczo\u015b\u0107<br \/>\nWysoka klarowno\u015b\u0107 we wszystkich zakresach g\u0142\u0119boko\u015bci<br \/>\n\u0141\u0105czenie dowolnych trzech zakres\u00f3w cz\u0119stotliwo\u015bci w celu dopasowania do wielu g\u0142\u0119boko\u015bci, w tym Ultra-Low, Low, Medium lub High CHIRP<br \/>\nKompatybilny z szerokok\u0105tnymi przetwornikami CHIRP dla wi\u0119kszego pokrycia s\u0142upa wody<br \/>\nJednoczesne wy\u015bwietlanie wielu obraz\u00f3w na r\u00f3\u017cnych ekranach<br \/>\nMaksymalna g\u0142\u0119boko\u015b\u0107 3000 metr\u00f3w \/ 10000 st\u00f3p (zale\u017cy od przetwornika)<br \/>\n\u0141atwa instalacja przetwornik\u00f3w za pomoc\u0105 wtyku 9-pin\u00f3w<br \/>\nKompatybilny z wielofunkcyjnymi wy\u015bwietlaczami Simrad NSS evo3 i NSS evo2, systemami NSO evo2 i seriami S2000<\/p>\n<p>Przegl\u0105d<br \/>\nModu\u0142 echosondy\u00a0 S5100 jest pierwszym modu\u0142em, wyposa\u017conym w trzy w pe\u0142ni niezale\u017cne kana\u0142y, zapewniaj\u0105ce r\u00f3wne pokrycie nawet trzech r\u00f3\u017cnych zakres\u00f3w g\u0142\u0119boko\u015bci, przy bezkompromisowej wydajno\u015bci w ka\u017cdym zakresie. Pod\u0142\u0105czenie trzech przetwornik\u00f3w jednokana\u0142owych lub dopasowanie jednego przetwornika jednokana\u0142owego i jednego dwukana\u0142owego. \u00a0<br \/>\nSygna\u0142\u00a0 CHIRP \u00a0wykorzystuje impulsy, zapewniaj\u0105c lepsz\u0105 rozdzielczo\u015b\u0107 docelow\u0105 i odrzucenie zak\u0142\u00f3ce\u0144 w por\u00f3wnaniu z tradycyjn\u0105 echosond\u0105 o pojedynczej cz\u0119stotliwo\u015bci.<br \/>\nEchosonda Simrad S5100 jest kompatybilna z szerokok\u0105tnymi seriami przetwornik\u00f3w CHIRP firmy Airmar. Idealnie nadaj\u0105ce si\u0119 do lokalizacji ryb z gatunk\u00f3w pelagicznych, z wi\u0119kszym zasi\u0119giem g\u00f3rnej cz\u0119\u015bci s\u0142upa wody. Przetworniki szerokok\u0105tne s\u0105 r\u00f3wnie\u017c przydatne w p\u0142ytkiej wodzie, gdzie tradycyjne w\u0105skie wi\u0105zki mog\u0105 zapewni\u0107 ograniczone pokrycie.<br \/>\nModu\u0142 echosondy zapewnia wy\u015bwietlanie podzielonego ekranu z r\u00f3\u017cnymi zakresami g\u0142\u0119boko\u015bci jednocze\u015bnie. \u00a0Poniewa\u017c wszystkie trzy kana\u0142y sonarowe s\u0105 ca\u0142kowicie niezale\u017cne, r\u00f3\u017cne zakresy cz\u0119stotliwo\u015bci mo\u017cna wy\u015bwietla\u0107 jednocze\u015bnie w czasie rzeczywistym na jednym wy\u015bwietlaczu.<br \/>\nZgodno\u015b\u0107 z funkcj\u0105 Plug-and-Play Modu\u0142 S5100 \u0142\u0105czy si\u0119 z wy\u015bwietlaczami wielofunkcyjnymi Simrad NSS evo3 i NSS evo2, systemami NSO Evo2 i seriami S2000. Szybka \u0142\u0105czno\u015b\u0107 Ethernetowa umo\u017cliwia \u0142atw\u0105 instalacj\u0119 niemal wsz\u0119dzie na pok\u0142adzie.\u00a0<\/p>\n<p>BROSZURA<\/p>\n<p><!-- {\"name\":\"\",\"type\":\"layout\",\"children\":[{\"name\":\"ANTENA\",\"type\":\"section\",\"props\":{\"width\":\"default\",\"padding\":\"xsmall\",\"style\":\"default\",\"text_color\":\"\",\"media\":\"\",\"height_viewport\":false,\"header_overlay\":\"light\",\"animation\":\"slide-top-medium\",\"padding_remove_top\":false,\"image_size\":\"cover\",\"image\":\"\",\"image_position\":\"bottom-center\",\"image_fixed\":false,\"class\":\"\",\"overlap\":true,\"vertical_align\":\"middle\",\"title_position\":\"top-left\",\"title_rotation\":\"left\",\"title_breakpoint\":\"xl\"},\"children\":[{\"name\":\"\",\"type\":\"row\",\"props\":{\"layout\":\"1-1\",\"breakpoint\":\"m\",\"margin\":\"\",\"fixed_width\":\"large\"},\"children\":[{\"name\":\"\",\"type\":\"column\",\"props\":{\"image_position\":\"center-center\",\"widths\":[\"1-1\"]},\"children\":[{\"name\":\"\",\"type\":\"headline\",\"props\":{\"title_element\":\"h2\",\"content\":\"Modu\\u0142 echosondy SIMRAD S5100\",\"text_align\":\"center\",\"text_align_fallback\":\"center\",\"maxwidth_align\":\"center\",\"maxwidth\":\"\",\"title_style\":\"h2\",\"title_decoration\":\"\",\"margin\":\"\"}},{\"name\":\"\",\"type\":\"divider\",\"props\":{\"divider_element\":\"hr\"}}]}]},{\"name\":\"\",\"type\":\"row\",\"props\":{\"fixed_width\":\"large\",\"breakpoint\":\"m\",\"layout\":\",2-3\",\"margin\":\"medium\"},\"children\":[{\"name\":\"\",\"type\":\"column\",\"props\":{\"widths\":[\"\"],\"image_position\":\"center-center\"},\"children\":[{\"name\":\"\",\"type\":\"image\",\"props\":{\"margin\":\"default\",\"image\":\"wp-content\\\/uploads\\\/a_S5100_Hero_17412_md.jpg\",\"image_width\":\"300\",\"image_box_shadow\":\"\",\"image_border\":\"rounded\",\"text_align\":\"center\"}}]},{\"name\":\"\",\"type\":\"column\",\"props\":{\"widths\":[\"2-3\"],\"image_position\":\"center-center\"},\"children\":[{\"name\":\"\",\"type\":\"text\",\"props\":{\"column_breakpoint\":\"m\",\"margin\":\"medium\",\"content\":\"\n\n<p><strong>S5100<\\\/strong><\\\/p>\\n\n\n<p>Modu\\u0142 SIMRAD CHIRP S5100 o wysokiej wydajno\\u015bci wyposa\\u017cony jest w trzy w pe\\u0142ni niezale\\u017cne kana\\u0142y, kt\\u00f3re zapewniaj\\u0105 zasi\\u0119g sonaru o wysokiej rozdzielczo\\u015bci w r\\u00f3\\u017cnych zakresach g\\u0142\\u0119boko\\u015bci. Jednocze\\u015bnie rozdzielczo\\u015b\\u0107 ekranu umo\\u017cliwia ca\\u0142kowit\\u0105 kontrol\\u0119 nad kolumn\\u0105 wodny, \\u200b\\u200ba zaawansowana technologia przetwarzania umo\\u017cliwia uzyskanie du\\u017cej przejrzysto\\u015bci obrazu. Modu\\u0142 echosondy umo\\u017cliwia dostosowanie cz\\u0119stotliwo\\u015bci CHIRP od 28 do 250 kHz, \\u00a0do konkretnych cel\\u00f3w u\\u017cytkownika.<\\\/p>\\n\n\n<p>Kluczowe cechy:<\\\/p>\\n\n\n<ul>\\n\n\n<li>Trzy w pe\\u0142ni niezale\\u017cne kana\\u0142y zapewniaj\\u0105 wysok\\u0105 rozdzielczo\\u015b\\u0107<\\\/li>\\n\n\n<li>Wysoka klarowno\\u015b\\u0107 we wszystkich zakresach g\\u0142\\u0119boko\\u015bci<\\\/li>\\n\n\n<li>\\u0141\\u0105czenie dowolnych trzech zakres\\u00f3w cz\\u0119stotliwo\\u015bci w celu dopasowania do wielu g\\u0142\\u0119boko\\u015bci, w tym Ultra-Low, Low, Medium lub High CHIRP<\\\/li>\\n\n\n<li>Kompatybilny z szerokok\\u0105tnymi przetwornikami CHIRP dla wi\\u0119kszego pokrycia s\\u0142upa wody<\\\/li>\\n\n\n<li>Jednoczesne wy\\u015bwietlanie wielu obraz\\u00f3w na r\\u00f3\\u017cnych ekranach<\\\/li>\\n\n\n<li>Maksymalna g\\u0142\\u0119boko\\u015b\\u0107 3000 metr\\u00f3w \\\/ 10000 st\\u00f3p (zale\\u017cy od przetwornika)<\\\/li>\\n\n\n<li>\\u0141atwa instalacja przetwornik\\u00f3w za pomoc\\u0105 wtyku 9-pin\\u00f3w<\\\/li>\\n\n\n<li>Kompatybilny z wielofunkcyjnymi wy\\u015bwietlaczami Simrad NSS evo3 i NSS evo2, systemami NSO evo2 i seriami S2000<\\\/li>\\n<\\\/ul>\\n\n\n<p>Przegl\\u0105d<\\\/p>\\n\n\n<p>Modu\\u0142 echosondy\\u00a0 S5100 jest pierwszym modu\\u0142em, wyposa\\u017conym w trzy w pe\\u0142ni niezale\\u017cne kana\\u0142y, zapewniaj\\u0105ce r\\u00f3wne pokrycie nawet trzech r\\u00f3\\u017cnych zakres\\u00f3w g\\u0142\\u0119boko\\u015bci, przy bezkompromisowej wydajno\\u015bci w ka\\u017cdym zakresie. Pod\\u0142\\u0105czenie trzech przetwornik\\u00f3w jednokana\\u0142owych lub dopasowanie jednego przetwornika jednokana\\u0142owego i jednego dwukana\\u0142owego. \\u00a0<\\\/p>\\n\n\n<p>Sygna\\u0142\\u00a0 CHIRP \\u00a0wykorzystuje impulsy, zapewniaj\\u0105c lepsz\\u0105 rozdzielczo\\u015b\\u0107 docelow\\u0105 i odrzucenie zak\\u0142\\u00f3ce\\u0144 w por\\u00f3wnaniu z tradycyjn\\u0105 echosond\\u0105 o pojedynczej cz\\u0119stotliwo\\u015bci.<\\\/p>\\n\n\n<p>Echosonda Simrad S5100 jest kompatybilna z szerokok\\u0105tnymi seriami przetwornik\\u00f3w CHIRP firmy Airmar. Idealnie nadaj\\u0105ce si\\u0119 do lokalizacji ryb z gatunk\\u00f3w pelagicznych, z wi\\u0119kszym zasi\\u0119giem g\\u00f3rnej cz\\u0119\\u015bci s\\u0142upa wody. Przetworniki szerokok\\u0105tne s\\u0105 r\\u00f3wnie\\u017c przydatne w p\\u0142ytkiej wodzie, gdzie tradycyjne w\\u0105skie wi\\u0105zki mog\\u0105 zapewni\\u0107 ograniczone pokrycie.<\\\/p>\\n\n\n<p>Modu\\u0142 echosondy zapewnia wy\\u015bwietlanie podzielonego ekranu z r\\u00f3\\u017cnymi zakresami g\\u0142\\u0119boko\\u015bci jednocze\\u015bnie. \\u00a0Poniewa\\u017c wszystkie trzy kana\\u0142y sonarowe s\\u0105 ca\\u0142kowicie niezale\\u017cne, r\\u00f3\\u017cne zakresy cz\\u0119stotliwo\\u015bci mo\\u017cna wy\\u015bwietla\\u0107 jednocze\\u015bnie w czasie rzeczywistym na jednym wy\\u015bwietlaczu.<\\\/p>\\n\n\n<p>Zgodno\\u015b\\u0107 z funkcj\\u0105 Plug-and-Play Modu\\u0142 S5100 \\u0142\\u0105czy si\\u0119 z wy\\u015bwietlaczami wielofunkcyjnymi Simrad NSS evo3 i NSS evo2, systemami NSO Evo2 i seriami S2000. Szybka \\u0142\\u0105czno\\u015b\\u0107 Ethernetowa umo\\u017cliwia \\u0142atw\\u0105 instalacj\\u0119 niemal wsz\\u0119dzie na pok\\u0142adzie.\\u00a0<\\\/p>\",\"animation\":\"slide-left-medium\",\"text_align\":\"justify\",\"text_align_breakpoint\":\"m\",\"text_align_fallback\":\"center\",\"text_size\":\"\",\"maxwidth\":\"xxlarge\"}}]}]},{\"name\":\"\",\"type\":\"row\",\"props\":{\"fixed_width\":\"large\",\"breakpoint\":\"m\",\"layout\":\"1-1\",\"margin\":\"large\"},\"children\":[{\"name\":\"\",\"type\":\"column\",\"props\":{\"image_position\":\"center-center\",\"widths\":[\"1-1\"]},\"children\":[{\"name\":\"\",\"type\":\"button\",\"props\":{\"gutter\":\"small\",\"inline_align\":\"center\",\"margin\":\"\",\"text_align\":\"center\",\"button_size\":\"large\",\"animation\":\"slide-bottom-medium\"},\"children\":[{\"name\":\"\",\"type\":\"button_item\",\"props\":{\"button_style\":\"secondary\",\"content\":\"BROSZURA\",\"link\":\"wp-content\\\/uploads\\\/SIMRAD_przetworniki.pdf\",\"link_title\":\"Explore More\",\"icon_align\":\"left\",\"link_target\":\"blank\"}}]}]}]}]}]} --><\/p>\n","protected":false},"excerpt":{"rendered":"<p>Modu\u0142 echosondy SIMRAD S5100 S5100 Modu\u0142 SIMRAD CHIRP S5100 o wysokiej wydajno\u015bci wyposa\u017cony jest w trzy w pe\u0142ni niezale\u017cne kana\u0142y, kt\u00f3re zapewniaj\u0105 zasi\u0119g sonaru o wysokiej rozdzielczo\u015bci w r\u00f3\u017cnych zakresach g\u0142\u0119boko\u015bci. Jednocze\u015bnie rozdzielczo\u015b\u0107 ekranu umo\u017cliwia ca\u0142kowit\u0105 kontrol\u0119 nad kolumn\u0105 wodny, \u200b\u200ba zaawansowana technologia przetwarzania umo\u017cliwia uzyskanie du\u017cej przejrzysto\u015bci obrazu. Modu\u0142 echosondy umo\u017cliwia dostosowanie cz\u0119stotliwo\u015bci CHIRP [&hellip;]<\/p>\n","protected":false},"author":6,"featured_media":0,"parent":0,"menu_order":0,"comment_status":"closed","ping_status":"closed","template":"","meta":{"footnotes":""},"class_list":["post-3053","page","type-page","status-publish","hentry"],"yoast_head":"<!-- This site is optimized with the Yoast SEO plugin v27.4 - https:\/\/yoast.com\/product\/yoast-seo-wordpress\/ -->\n<title>Modu\u0142 echosondy SIMRAD S5100 - ESCORT TECHNOLOGY<\/title>\n<meta name=\"robots\" content=\"index, follow, max-snippet:-1, max-image-preview:large, max-video-preview:-1\" \/>\n<link rel=\"canonical\" href=\"https:\/\/escort-technology.com\/pl\/de\/modul-echosondy-simrad-s5100\/\" \/>\n<meta property=\"og:locale\" content=\"pl_PL\" \/>\n<meta property=\"og:type\" content=\"article\" \/>\n<meta property=\"og:title\" content=\"Modu\u0142 echosondy SIMRAD S5100 - ESCORT TECHNOLOGY\" \/>\n<meta property=\"og:description\" content=\"Modu\u0142 echosondy SIMRAD S5100 S5100 Modu\u0142 SIMRAD CHIRP S5100 o wysokiej wydajno\u015bci wyposa\u017cony jest w trzy w pe\u0142ni niezale\u017cne kana\u0142y, kt\u00f3re zapewniaj\u0105 zasi\u0119g sonaru o wysokiej rozdzielczo\u015bci w r\u00f3\u017cnych zakresach g\u0142\u0119boko\u015bci. Jednocze\u015bnie rozdzielczo\u015b\u0107 ekranu umo\u017cliwia ca\u0142kowit\u0105 kontrol\u0119 nad kolumn\u0105 wodny, \u200b\u200ba zaawansowana technologia przetwarzania umo\u017cliwia uzyskanie du\u017cej przejrzysto\u015bci obrazu. Modu\u0142 echosondy umo\u017cliwia dostosowanie cz\u0119stotliwo\u015bci CHIRP [&hellip;]\" \/>\n<meta property=\"og:url\" content=\"https:\/\/escort-technology.com\/pl\/de\/modul-echosondy-simrad-s5100\/\" \/>\n<meta property=\"og:site_name\" content=\"ESCORT TECHNOLOGY\" \/>\n<meta property=\"article:publisher\" content=\"https:\/\/www.facebook.com\/elektronika.morska\/\" \/>\n<meta property=\"article:modified_time\" content=\"2018-03-23T13:27:58+00:00\" \/>\n<meta name=\"twitter:card\" content=\"summary_large_image\" \/>\n<meta name=\"twitter:label1\" content=\"Szacowany czas czytania\" \/>\n\t<meta name=\"twitter:data1\" content=\"2 minuty\" \/>\n<script type=\"application\/ld+json\" class=\"yoast-schema-graph\">{\"@context\":\"https:\\\/\\\/schema.org\",\"@graph\":[{\"@type\":\"WebPage\",\"@id\":\"https:\\\/\\\/escort-technology.com\\\/de\\\/modul-echosondy-simrad-s5100\\\/\",\"url\":\"https:\\\/\\\/escort-technology.com\\\/de\\\/modul-echosondy-simrad-s5100\\\/\",\"name\":\"Modu\u0142 echosondy SIMRAD S5100 - ESCORT TECHNOLOGY\",\"isPartOf\":{\"@id\":\"http:\\\/\\\/escort-technology.com\\\/de\\\/#website\"},\"datePublished\":\"2018-03-23T12:43:20+00:00\",\"dateModified\":\"2018-03-23T13:27:58+00:00\",\"breadcrumb\":{\"@id\":\"https:\\\/\\\/escort-technology.com\\\/de\\\/modul-echosondy-simrad-s5100\\\/#breadcrumb\"},\"inLanguage\":\"pl-PL\",\"potentialAction\":[{\"@type\":\"ReadAction\",\"target\":[\"https:\\\/\\\/escort-technology.com\\\/de\\\/modul-echosondy-simrad-s5100\\\/\"]}]},{\"@type\":\"BreadcrumbList\",\"@id\":\"https:\\\/\\\/escort-technology.com\\\/de\\\/modul-echosondy-simrad-s5100\\\/#breadcrumb\",\"itemListElement\":[{\"@type\":\"ListItem\",\"position\":1,\"name\":\"Strona g\u0142\u00f3wna\",\"item\":\"https:\\\/\\\/escort-technology.com\\\/\"},{\"@type\":\"ListItem\",\"position\":2,\"name\":\"Modu\u0142 echosondy SIMRAD S5100\"}]},{\"@type\":\"WebSite\",\"@id\":\"http:\\\/\\\/escort-technology.com\\\/de\\\/#website\",\"url\":\"http:\\\/\\\/escort-technology.com\\\/de\\\/\",\"name\":\"ESCORT TECHNOLOGY\",\"description\":\"Elektronika morska i l\u0105dowa\",\"publisher\":{\"@id\":\"http:\\\/\\\/escort-technology.com\\\/de\\\/#organization\"},\"potentialAction\":[{\"@type\":\"SearchAction\",\"target\":{\"@type\":\"EntryPoint\",\"urlTemplate\":\"http:\\\/\\\/escort-technology.com\\\/de\\\/?s={search_term_string}\"},\"query-input\":{\"@type\":\"PropertyValueSpecification\",\"valueRequired\":true,\"valueName\":\"search_term_string\"}}],\"inLanguage\":\"pl-PL\"},{\"@type\":\"Organization\",\"@id\":\"http:\\\/\\\/escort-technology.com\\\/de\\\/#organization\",\"name\":\"ESCORT TECHNOLOGY\",\"url\":\"http:\\\/\\\/escort-technology.com\\\/de\\\/\",\"logo\":{\"@type\":\"ImageObject\",\"inLanguage\":\"pl-PL\",\"@id\":\"http:\\\/\\\/escort-technology.com\\\/de\\\/#\\\/schema\\\/logo\\\/image\\\/\",\"url\":\"https:\\\/\\\/escort-technology.com\\\/wp-content\\\/uploads\\\/logo-1.jpg\",\"contentUrl\":\"https:\\\/\\\/escort-technology.com\\\/wp-content\\\/uploads\\\/logo-1.jpg\",\"width\":600,\"height\":165,\"caption\":\"ESCORT TECHNOLOGY\"},\"image\":{\"@id\":\"http:\\\/\\\/escort-technology.com\\\/de\\\/#\\\/schema\\\/logo\\\/image\\\/\"},\"sameAs\":[\"https:\\\/\\\/www.facebook.com\\\/elektronika.morska\\\/\",\"https:\\\/\\\/www.linkedin.com\\\/company\\\/escort-sp-z-o-o-\\\/\"]}]}<\/script>\n<!-- \/ Yoast SEO plugin. -->","yoast_head_json":{"title":"Modu\u0142 echosondy SIMRAD S5100 - ESCORT TECHNOLOGY","robots":{"index":"index","follow":"follow","max-snippet":"max-snippet:-1","max-image-preview":"max-image-preview:large","max-video-preview":"max-video-preview:-1"},"canonical":"https:\/\/escort-technology.com\/pl\/de\/modul-echosondy-simrad-s5100\/","og_locale":"pl_PL","og_type":"article","og_title":"Modu\u0142 echosondy SIMRAD S5100 - ESCORT TECHNOLOGY","og_description":"Modu\u0142 echosondy SIMRAD S5100 S5100 Modu\u0142 SIMRAD CHIRP S5100 o wysokiej wydajno\u015bci wyposa\u017cony jest w trzy w pe\u0142ni niezale\u017cne kana\u0142y, kt\u00f3re zapewniaj\u0105 zasi\u0119g sonaru o wysokiej rozdzielczo\u015bci w r\u00f3\u017cnych zakresach g\u0142\u0119boko\u015bci. Jednocze\u015bnie rozdzielczo\u015b\u0107 ekranu umo\u017cliwia ca\u0142kowit\u0105 kontrol\u0119 nad kolumn\u0105 wodny, \u200b\u200ba zaawansowana technologia przetwarzania umo\u017cliwia uzyskanie du\u017cej przejrzysto\u015bci obrazu. Modu\u0142 echosondy umo\u017cliwia dostosowanie cz\u0119stotliwo\u015bci CHIRP [&hellip;]","og_url":"https:\/\/escort-technology.com\/pl\/de\/modul-echosondy-simrad-s5100\/","og_site_name":"ESCORT TECHNOLOGY","article_publisher":"https:\/\/www.facebook.com\/elektronika.morska\/","article_modified_time":"2018-03-23T13:27:58+00:00","twitter_card":"summary_large_image","twitter_misc":{"Szacowany czas czytania":"2 minuty"},"schema":{"@context":"https:\/\/schema.org","@graph":[{"@type":"WebPage","@id":"https:\/\/escort-technology.com\/de\/modul-echosondy-simrad-s5100\/","url":"https:\/\/escort-technology.com\/de\/modul-echosondy-simrad-s5100\/","name":"Modu\u0142 echosondy SIMRAD S5100 - ESCORT TECHNOLOGY","isPartOf":{"@id":"http:\/\/escort-technology.com\/de\/#website"},"datePublished":"2018-03-23T12:43:20+00:00","dateModified":"2018-03-23T13:27:58+00:00","breadcrumb":{"@id":"https:\/\/escort-technology.com\/de\/modul-echosondy-simrad-s5100\/#breadcrumb"},"inLanguage":"pl-PL","potentialAction":[{"@type":"ReadAction","target":["https:\/\/escort-technology.com\/de\/modul-echosondy-simrad-s5100\/"]}]},{"@type":"BreadcrumbList","@id":"https:\/\/escort-technology.com\/de\/modul-echosondy-simrad-s5100\/#breadcrumb","itemListElement":[{"@type":"ListItem","position":1,"name":"Strona g\u0142\u00f3wna","item":"https:\/\/escort-technology.com\/"},{"@type":"ListItem","position":2,"name":"Modu\u0142 echosondy SIMRAD S5100"}]},{"@type":"WebSite","@id":"http:\/\/escort-technology.com\/de\/#website","url":"http:\/\/escort-technology.com\/de\/","name":"ESCORT TECHNOLOGY","description":"Elektronika morska i l\u0105dowa","publisher":{"@id":"http:\/\/escort-technology.com\/de\/#organization"},"potentialAction":[{"@type":"SearchAction","target":{"@type":"EntryPoint","urlTemplate":"http:\/\/escort-technology.com\/de\/?s={search_term_string}"},"query-input":{"@type":"PropertyValueSpecification","valueRequired":true,"valueName":"search_term_string"}}],"inLanguage":"pl-PL"},{"@type":"Organization","@id":"http:\/\/escort-technology.com\/de\/#organization","name":"ESCORT TECHNOLOGY","url":"http:\/\/escort-technology.com\/de\/","logo":{"@type":"ImageObject","inLanguage":"pl-PL","@id":"http:\/\/escort-technology.com\/de\/#\/schema\/logo\/image\/","url":"https:\/\/escort-technology.com\/wp-content\/uploads\/logo-1.jpg","contentUrl":"https:\/\/escort-technology.com\/wp-content\/uploads\/logo-1.jpg","width":600,"height":165,"caption":"ESCORT TECHNOLOGY"},"image":{"@id":"http:\/\/escort-technology.com\/de\/#\/schema\/logo\/image\/"},"sameAs":["https:\/\/www.facebook.com\/elektronika.morska\/","https:\/\/www.linkedin.com\/company\/escort-sp-z-o-o-\/"]}]}},"_links":{"self":[{"href":"https:\/\/escort-technology.com\/pl\/wp-json\/wp\/v2\/pages\/3053","targetHints":{"allow":["GET"]}}],"collection":[{"href":"https:\/\/escort-technology.com\/pl\/wp-json\/wp\/v2\/pages"}],"about":[{"href":"https:\/\/escort-technology.com\/pl\/wp-json\/wp\/v2\/types\/page"}],"author":[{"embeddable":true,"href":"https:\/\/escort-technology.com\/pl\/wp-json\/wp\/v2\/users\/6"}],"replies":[{"embeddable":true,"href":"https:\/\/escort-technology.com\/pl\/wp-json\/wp\/v2\/comments?post=3053"}],"version-history":[{"count":2,"href":"https:\/\/escort-technology.com\/pl\/wp-json\/wp\/v2\/pages\/3053\/revisions"}],"predecessor-version":[{"id":3072,"href":"https:\/\/escort-technology.com\/pl\/wp-json\/wp\/v2\/pages\/3053\/revisions\/3072"}],"wp:attachment":[{"href":"https:\/\/escort-technology.com\/pl\/wp-json\/wp\/v2\/media?parent=3053"}],"curies":[{"name":"wp","href":"https:\/\/api.w.org\/{rel}","templated":true}]}}