{"id":3059,"date":"2018-03-23T12:47:40","date_gmt":"2018-03-23T12:47:40","guid":{"rendered":"http:\/\/escort-technology.com\/?page_id=3059"},"modified":"2018-03-23T13:45:24","modified_gmt":"2018-03-23T13:45:24","slug":"echosonda-simrad-serii-2000","status":"publish","type":"page","link":"https:\/\/escort-technology.com\/pl\/echosonda-simrad-serii-2000\/","title":{"rendered":"Echosonda SIMRAD serii 2000"},"content":{"rendered":"<p>Echosonda SIMRAD serii 2000<\/p>\n<p>Echosonda SIMRAD S2009\/ S2016<br \/>\nSeria echosond S2000, \u0142\u0105czy ze sob\u0105 echosond\u0119 szerokopasmow\u0105 1kW z wy\u015bwietlaczem 9 lub 16 calowym.<br \/>\n16 calowy ekran charakteryzuje si\u0119 szerokim obrazem, umo\u017cliwiaj\u0105cym przedstawienie wi\u0119kszej liczby szczeg\u00f3\u0142\u00f3w.<br \/>\nEchosondy tej serii s\u0105 w pe\u0142ni kompatybilne z urz\u0105dzeniami firmy SIMRAD. Wy\u015bwietlacze mog\u0105 by\u0107 montowane<br \/>\nzar\u00f3wno na uchwycie jak i wpuszczone w pulpit.<br \/>\nG\u0142\u00f3wne cechy:<\/p>\n<p>Dedykowana echosonda z integrowanym modu\u0142em echosondy szerokopasmowej CHIRP.<br \/>\nPraca na du\u017cych g\u0142\u0119boko\u015bciach<br \/>\nKompensacja pionowych ko\u0142ysa\u0144<br \/>\n9\u00a0 i 16 calowy wy\u015bwietlacz<br \/>\nWysoka jasno\u015b\u0107 kolor\u00f3w, umo\u017cliwiaj\u0105ca prac\u0119 na zewn\u0105trz<br \/>\nProsta obs\u0142uga z 8 klawiszami menu<br \/>\nMonta\u017c na uchwycie lub w pulpicie<br \/>\nNMEA0183, NMEA2000, Ethernet\n<\/p>\n<p>BROSZURA<\/p>\n<p><!-- {\"name\":\"\",\"type\":\"layout\",\"children\":[{\"name\":\"ANTENA\",\"type\":\"section\",\"props\":{\"width\":\"default\",\"padding\":\"xsmall\",\"style\":\"default\",\"text_color\":\"\",\"media\":\"\",\"height_viewport\":false,\"header_overlay\":\"light\",\"animation\":\"slide-top-medium\",\"padding_remove_top\":false,\"image_size\":\"cover\",\"image\":\"\",\"image_position\":\"bottom-center\",\"image_fixed\":false,\"class\":\"\",\"overlap\":true,\"vertical_align\":\"middle\",\"title_position\":\"top-left\",\"title_rotation\":\"left\",\"title_breakpoint\":\"xl\"},\"children\":[{\"name\":\"\",\"type\":\"row\",\"props\":{\"layout\":\"1-1\",\"breakpoint\":\"m\",\"margin\":\"\",\"fixed_width\":\"large\"},\"children\":[{\"name\":\"\",\"type\":\"column\",\"props\":{\"image_position\":\"center-center\",\"widths\":[\"1-1\"]},\"children\":[{\"name\":\"\",\"type\":\"headline\",\"props\":{\"title_element\":\"h2\",\"content\":\"Echosonda SIMRAD serii 2000\",\"text_align\":\"center\",\"text_align_fallback\":\"center\",\"maxwidth_align\":\"center\",\"maxwidth\":\"\",\"title_style\":\"h2\",\"title_decoration\":\"\",\"margin\":\"\"}},{\"name\":\"\",\"type\":\"divider\",\"props\":{\"divider_element\":\"hr\"}}]}]},{\"name\":\"\",\"type\":\"row\",\"props\":{\"fixed_width\":\"large\",\"breakpoint\":\"m\",\"layout\":\",2-3\",\"margin\":\"medium\"},\"children\":[{\"name\":\"\",\"type\":\"column\",\"props\":{\"widths\":[\"\"],\"image_position\":\"center-center\"},\"children\":[{\"name\":\"\",\"type\":\"image\",\"props\":{\"margin\":\"default\",\"image\":\"wp-content\\\/uploads\\\/SIMRAD_S2009-S2016-2.jpg\",\"image_width\":\"300\",\"image_box_shadow\":\"\",\"image_border\":\"rounded\",\"text_align\":\"center\"}}]},{\"name\":\"\",\"type\":\"column\",\"props\":{\"widths\":[\"2-3\"],\"image_position\":\"center-center\"},\"children\":[{\"name\":\"\",\"type\":\"text\",\"props\":{\"column_breakpoint\":\"m\",\"margin\":\"medium\",\"content\":\"\n\n<p><strong>Echosonda SIMRAD S2009\\\/ S2016 <\\\/strong><\\\/p>\\n\n\n<p>Seria echosond S2000, \\u0142\\u0105czy ze sob\\u0105 echosond\\u0119 szerokopasmow\\u0105 1kW z wy\\u015bwietlaczem 9 lub 16 calowym.<\\\/p>\\n\n\n<p>16 calowy ekran charakteryzuje si\\u0119 szerokim obrazem, umo\\u017cliwiaj\\u0105cym przedstawienie wi\\u0119kszej liczby szczeg\\u00f3\\u0142\\u00f3w.<\\\/p>\\n\n\n<p>Echosondy tej serii s\\u0105 w pe\\u0142ni kompatybilne z urz\\u0105dzeniami firmy SIMRAD. Wy\\u015bwietlacze mog\\u0105 by\\u0107 montowane<\\\/p>\\n\n\n<p>zar\\u00f3wno na uchwycie jak i wpuszczone w pulpit.<\\\/p>\\n\n\n<p>G\\u0142\\u00f3wne cechy:<\\\/p>\\n\n\n<ul>\\n\n\n<li>Dedykowana echosonda z integrowanym modu\\u0142em echosondy szerokopasmowej CHIRP.<\\\/li>\\n\n\n<li>Praca na du\\u017cych g\\u0142\\u0119boko\\u015bciach<\\\/li>\\n\n\n<li>Kompensacja pionowych ko\\u0142ysa\\u0144<\\\/li>\\n\n\n<li>9\\u00a0 i 16 calowy wy\\u015bwietlacz<\\\/li>\\n\n\n<li>Wysoka jasno\\u015b\\u0107 kolor\\u00f3w, umo\\u017cliwiaj\\u0105ca prac\\u0119 na zewn\\u0105trz<\\\/li>\\n\n\n<li>Prosta obs\\u0142uga z 8 klawiszami menu<\\\/li>\\n\n\n<li>Monta\\u017c na uchwycie lub w pulpicie<\\\/li>\\n\n\n<li>NMEA0183, NMEA2000, Ethernet<\\\/li>\\n<\\\/ul>\",\"animation\":\"slide-left-medium\",\"text_align\":\"justify\",\"text_align_breakpoint\":\"m\",\"text_align_fallback\":\"center\",\"text_size\":\"\",\"maxwidth\":\"xxlarge\"}}]}]},{\"name\":\"\",\"type\":\"row\",\"props\":{\"fixed_width\":\"large\",\"breakpoint\":\"m\",\"layout\":\"1-1\",\"margin\":\"large\"},\"children\":[{\"name\":\"\",\"type\":\"column\",\"props\":{\"image_position\":\"center-center\",\"widths\":[\"1-1\"]},\"children\":[{\"name\":\"\",\"type\":\"button\",\"props\":{\"gutter\":\"small\",\"inline_align\":\"center\",\"margin\":\"\",\"text_align\":\"center\",\"button_size\":\"large\",\"animation\":\"slide-bottom-medium\"},\"children\":[{\"name\":\"\",\"type\":\"button_item\",\"props\":{\"button_style\":\"secondary\",\"content\":\"BROSZURA\",\"link\":\"wp-content\\\/uploads\\\/Echosonda_Simrad_serii_2000.pdf\",\"link_title\":\"Explore More\",\"icon_align\":\"left\",\"link_target\":\"blank\"}}]}]}]}]}]} --><\/p>\n","protected":false},"excerpt":{"rendered":"<p>Echosonda SIMRAD serii 2000 Echosonda SIMRAD S2009\/ S2016 Seria echosond S2000, \u0142\u0105czy ze sob\u0105 echosond\u0119 szerokopasmow\u0105 1kW z wy\u015bwietlaczem 9 lub 16 calowym. 16 calowy ekran charakteryzuje si\u0119 szerokim obrazem, umo\u017cliwiaj\u0105cym przedstawienie wi\u0119kszej liczby szczeg\u00f3\u0142\u00f3w. Echosondy tej serii s\u0105 w pe\u0142ni kompatybilne z urz\u0105dzeniami firmy SIMRAD. Wy\u015bwietlacze mog\u0105 by\u0107 montowane zar\u00f3wno na uchwycie jak i [&hellip;]<\/p>\n","protected":false},"author":6,"featured_media":0,"parent":0,"menu_order":0,"comment_status":"closed","ping_status":"closed","template":"","meta":{"footnotes":""},"class_list":["post-3059","page","type-page","status-publish","hentry"],"yoast_head":"<!-- This site is optimized with the Yoast SEO plugin v27.4 - https:\/\/yoast.com\/product\/yoast-seo-wordpress\/ -->\n<title>Echosonda SIMRAD serii 2000 - ESCORT TECHNOLOGY<\/title>\n<meta name=\"robots\" content=\"index, follow, max-snippet:-1, max-image-preview:large, max-video-preview:-1\" \/>\n<link rel=\"canonical\" href=\"http:\/\/escort-technology.com\/pl\/echosonda-simrad-serii-2000\/\" \/>\n<meta property=\"og:locale\" content=\"pl_PL\" \/>\n<meta property=\"og:type\" content=\"article\" \/>\n<meta property=\"og:title\" content=\"Echosonda SIMRAD serii 2000 - ESCORT TECHNOLOGY\" \/>\n<meta property=\"og:description\" content=\"Echosonda SIMRAD serii 2000 Echosonda SIMRAD S2009\/ S2016 Seria echosond S2000, \u0142\u0105czy ze sob\u0105 echosond\u0119 szerokopasmow\u0105 1kW z wy\u015bwietlaczem 9 lub 16 calowym. 16 calowy ekran charakteryzuje si\u0119 szerokim obrazem, umo\u017cliwiaj\u0105cym przedstawienie wi\u0119kszej liczby szczeg\u00f3\u0142\u00f3w. Echosondy tej serii s\u0105 w pe\u0142ni kompatybilne z urz\u0105dzeniami firmy SIMRAD. Wy\u015bwietlacze mog\u0105 by\u0107 montowane zar\u00f3wno na uchwycie jak i [&hellip;]\" \/>\n<meta property=\"og:url\" content=\"http:\/\/escort-technology.com\/pl\/echosonda-simrad-serii-2000\/\" \/>\n<meta property=\"og:site_name\" content=\"ESCORT TECHNOLOGY\" \/>\n<meta property=\"article:publisher\" content=\"https:\/\/www.facebook.com\/elektronika.morska\/\" \/>\n<meta property=\"article:modified_time\" content=\"2018-03-23T13:45:24+00:00\" \/>\n<meta name=\"twitter:card\" content=\"summary_large_image\" \/>\n<meta name=\"twitter:label1\" content=\"Szacowany czas czytania\" \/>\n\t<meta name=\"twitter:data1\" content=\"1 minuta\" \/>\n<script type=\"application\/ld+json\" class=\"yoast-schema-graph\">{\"@context\":\"https:\\\/\\\/schema.org\",\"@graph\":[{\"@type\":\"WebPage\",\"@id\":\"http:\\\/\\\/escort-technology.com\\\/en\\\/echosonda-simrad-serii-2000\\\/\",\"url\":\"http:\\\/\\\/escort-technology.com\\\/en\\\/echosonda-simrad-serii-2000\\\/\",\"name\":\"Echosonda SIMRAD serii 2000 - ESCORT TECHNOLOGY\",\"isPartOf\":{\"@id\":\"http:\\\/\\\/escort-technology.com\\\/de\\\/#website\"},\"datePublished\":\"2018-03-23T12:47:40+00:00\",\"dateModified\":\"2018-03-23T13:45:24+00:00\",\"breadcrumb\":{\"@id\":\"http:\\\/\\\/escort-technology.com\\\/en\\\/echosonda-simrad-serii-2000\\\/#breadcrumb\"},\"inLanguage\":\"pl-PL\",\"potentialAction\":[{\"@type\":\"ReadAction\",\"target\":[\"http:\\\/\\\/escort-technology.com\\\/en\\\/echosonda-simrad-serii-2000\\\/\"]}]},{\"@type\":\"BreadcrumbList\",\"@id\":\"http:\\\/\\\/escort-technology.com\\\/en\\\/echosonda-simrad-serii-2000\\\/#breadcrumb\",\"itemListElement\":[{\"@type\":\"ListItem\",\"position\":1,\"name\":\"Strona g\u0142\u00f3wna\",\"item\":\"https:\\\/\\\/escort-technology.com\\\/\"},{\"@type\":\"ListItem\",\"position\":2,\"name\":\"Echosonda SIMRAD serii 2000\"}]},{\"@type\":\"WebSite\",\"@id\":\"http:\\\/\\\/escort-technology.com\\\/de\\\/#website\",\"url\":\"http:\\\/\\\/escort-technology.com\\\/de\\\/\",\"name\":\"ESCORT TECHNOLOGY\",\"description\":\"Elektronika morska i l\u0105dowa\",\"publisher\":{\"@id\":\"http:\\\/\\\/escort-technology.com\\\/de\\\/#organization\"},\"potentialAction\":[{\"@type\":\"SearchAction\",\"target\":{\"@type\":\"EntryPoint\",\"urlTemplate\":\"http:\\\/\\\/escort-technology.com\\\/de\\\/?s={search_term_string}\"},\"query-input\":{\"@type\":\"PropertyValueSpecification\",\"valueRequired\":true,\"valueName\":\"search_term_string\"}}],\"inLanguage\":\"pl-PL\"},{\"@type\":\"Organization\",\"@id\":\"http:\\\/\\\/escort-technology.com\\\/de\\\/#organization\",\"name\":\"ESCORT TECHNOLOGY\",\"url\":\"http:\\\/\\\/escort-technology.com\\\/de\\\/\",\"logo\":{\"@type\":\"ImageObject\",\"inLanguage\":\"pl-PL\",\"@id\":\"http:\\\/\\\/escort-technology.com\\\/de\\\/#\\\/schema\\\/logo\\\/image\\\/\",\"url\":\"https:\\\/\\\/escort-technology.com\\\/wp-content\\\/uploads\\\/logo-1.jpg\",\"contentUrl\":\"https:\\\/\\\/escort-technology.com\\\/wp-content\\\/uploads\\\/logo-1.jpg\",\"width\":600,\"height\":165,\"caption\":\"ESCORT TECHNOLOGY\"},\"image\":{\"@id\":\"http:\\\/\\\/escort-technology.com\\\/de\\\/#\\\/schema\\\/logo\\\/image\\\/\"},\"sameAs\":[\"https:\\\/\\\/www.facebook.com\\\/elektronika.morska\\\/\",\"https:\\\/\\\/www.linkedin.com\\\/company\\\/escort-sp-z-o-o-\\\/\"]}]}<\/script>\n<!-- \/ Yoast SEO plugin. -->","yoast_head_json":{"title":"Echosonda SIMRAD serii 2000 - ESCORT TECHNOLOGY","robots":{"index":"index","follow":"follow","max-snippet":"max-snippet:-1","max-image-preview":"max-image-preview:large","max-video-preview":"max-video-preview:-1"},"canonical":"http:\/\/escort-technology.com\/pl\/echosonda-simrad-serii-2000\/","og_locale":"pl_PL","og_type":"article","og_title":"Echosonda SIMRAD serii 2000 - ESCORT TECHNOLOGY","og_description":"Echosonda SIMRAD serii 2000 Echosonda SIMRAD S2009\/ S2016 Seria echosond S2000, \u0142\u0105czy ze sob\u0105 echosond\u0119 szerokopasmow\u0105 1kW z wy\u015bwietlaczem 9 lub 16 calowym. 16 calowy ekran charakteryzuje si\u0119 szerokim obrazem, umo\u017cliwiaj\u0105cym przedstawienie wi\u0119kszej liczby szczeg\u00f3\u0142\u00f3w. Echosondy tej serii s\u0105 w pe\u0142ni kompatybilne z urz\u0105dzeniami firmy SIMRAD. Wy\u015bwietlacze mog\u0105 by\u0107 montowane zar\u00f3wno na uchwycie jak i [&hellip;]","og_url":"http:\/\/escort-technology.com\/pl\/echosonda-simrad-serii-2000\/","og_site_name":"ESCORT TECHNOLOGY","article_publisher":"https:\/\/www.facebook.com\/elektronika.morska\/","article_modified_time":"2018-03-23T13:45:24+00:00","twitter_card":"summary_large_image","twitter_misc":{"Szacowany czas czytania":"1 minuta"},"schema":{"@context":"https:\/\/schema.org","@graph":[{"@type":"WebPage","@id":"http:\/\/escort-technology.com\/en\/echosonda-simrad-serii-2000\/","url":"http:\/\/escort-technology.com\/en\/echosonda-simrad-serii-2000\/","name":"Echosonda SIMRAD serii 2000 - ESCORT TECHNOLOGY","isPartOf":{"@id":"http:\/\/escort-technology.com\/de\/#website"},"datePublished":"2018-03-23T12:47:40+00:00","dateModified":"2018-03-23T13:45:24+00:00","breadcrumb":{"@id":"http:\/\/escort-technology.com\/en\/echosonda-simrad-serii-2000\/#breadcrumb"},"inLanguage":"pl-PL","potentialAction":[{"@type":"ReadAction","target":["http:\/\/escort-technology.com\/en\/echosonda-simrad-serii-2000\/"]}]},{"@type":"BreadcrumbList","@id":"http:\/\/escort-technology.com\/en\/echosonda-simrad-serii-2000\/#breadcrumb","itemListElement":[{"@type":"ListItem","position":1,"name":"Strona g\u0142\u00f3wna","item":"https:\/\/escort-technology.com\/"},{"@type":"ListItem","position":2,"name":"Echosonda SIMRAD serii 2000"}]},{"@type":"WebSite","@id":"http:\/\/escort-technology.com\/de\/#website","url":"http:\/\/escort-technology.com\/de\/","name":"ESCORT TECHNOLOGY","description":"Elektronika morska i l\u0105dowa","publisher":{"@id":"http:\/\/escort-technology.com\/de\/#organization"},"potentialAction":[{"@type":"SearchAction","target":{"@type":"EntryPoint","urlTemplate":"http:\/\/escort-technology.com\/de\/?s={search_term_string}"},"query-input":{"@type":"PropertyValueSpecification","valueRequired":true,"valueName":"search_term_string"}}],"inLanguage":"pl-PL"},{"@type":"Organization","@id":"http:\/\/escort-technology.com\/de\/#organization","name":"ESCORT TECHNOLOGY","url":"http:\/\/escort-technology.com\/de\/","logo":{"@type":"ImageObject","inLanguage":"pl-PL","@id":"http:\/\/escort-technology.com\/de\/#\/schema\/logo\/image\/","url":"https:\/\/escort-technology.com\/wp-content\/uploads\/logo-1.jpg","contentUrl":"https:\/\/escort-technology.com\/wp-content\/uploads\/logo-1.jpg","width":600,"height":165,"caption":"ESCORT TECHNOLOGY"},"image":{"@id":"http:\/\/escort-technology.com\/de\/#\/schema\/logo\/image\/"},"sameAs":["https:\/\/www.facebook.com\/elektronika.morska\/","https:\/\/www.linkedin.com\/company\/escort-sp-z-o-o-\/"]}]}},"_links":{"self":[{"href":"https:\/\/escort-technology.com\/pl\/wp-json\/wp\/v2\/pages\/3059","targetHints":{"allow":["GET"]}}],"collection":[{"href":"https:\/\/escort-technology.com\/pl\/wp-json\/wp\/v2\/pages"}],"about":[{"href":"https:\/\/escort-technology.com\/pl\/wp-json\/wp\/v2\/types\/page"}],"author":[{"embeddable":true,"href":"https:\/\/escort-technology.com\/pl\/wp-json\/wp\/v2\/users\/6"}],"replies":[{"embeddable":true,"href":"https:\/\/escort-technology.com\/pl\/wp-json\/wp\/v2\/comments?post=3059"}],"version-history":[{"count":2,"href":"https:\/\/escort-technology.com\/pl\/wp-json\/wp\/v2\/pages\/3059\/revisions"}],"predecessor-version":[{"id":3082,"href":"https:\/\/escort-technology.com\/pl\/wp-json\/wp\/v2\/pages\/3059\/revisions\/3082"}],"wp:attachment":[{"href":"https:\/\/escort-technology.com\/pl\/wp-json\/wp\/v2\/media?parent=3059"}],"curies":[{"name":"wp","href":"https:\/\/api.w.org\/{rel}","templated":true}]}}