{"id":3061,"date":"2018-03-23T12:48:16","date_gmt":"2018-03-23T12:48:16","guid":{"rendered":"http:\/\/escort-technology.com\/?page_id=3061"},"modified":"2018-03-23T13:50:04","modified_gmt":"2018-03-23T13:50:04","slug":"echosonda-advansea-z-ploterem-i-gps","status":"publish","type":"page","link":"https:\/\/escort-technology.com\/pl\/echosonda-advansea-z-ploterem-i-gps\/","title":{"rendered":"Echosonda Advansea z ploterem i GPS"},"content":{"rendered":"<p>Echosonda Advansea z ploterem i GPS<\/p>\n<p>5,6&#8243; GPS COMBO PLOTER Z ECHOSOND\u0104<\/p>\n<p>Ekran 5,6&#8243;( 640x 480)<br \/>\nEchosonda pracuj\u0105ca w dw\u00f3ch cz\u0119stotliwo\u015bciach 50\/200 kHz o mocy 600W, z mo\u017cliwo\u015bci\u0105 wy\u015bwietlania ech do 600m<br \/>\nCyfrowe wy\u015bwietlanie danych o pr\u0119dko\u015bci i temperaturze<br \/>\nFunkcja zapisu obrazu sondowania w wbudowanej pami\u0119ci o pojemno\u015bci 128MB, lub na karcie SD, z mo\u017cliwo\u015bci\u0105 przenoszenia danych na komputer<br \/>\nKompatybilno\u015b\u0107 z mapami C-MAP MAX,<br \/>\nProtok\u00f3\u0142 NMEA0183: 2x wej\u015bcie\/ wyj\u015bcie<br \/>\nProtok\u00f3\u0142 NMEA2000: do wy\u015bwietlania lub przetwarzania danych z innych urz\u0105dze\u0144<br \/>\nKompatybilno\u015b\u0107 z AIS<br \/>\nKlasa wodoszczelno\u015bci\n<\/p>\n<p>Wbudowana echosonda<br \/>\nWysoka moc (600W), oraz podw\u00f3jna cz\u0119stotliwo\u015b\u0107 pracy (50\/200kHz) pozwala na wy\u015bwietlanie obrazu do 600m g\u0142\u0119boko\u015bci. Z mo\u017cliwo\u015bci\u0105 zapisu danych oraz szybkiego ich odtwarzania.<\/p>\n<p>Kompatybilno\u015b\u0107 plotera z mapami C-MAP<br \/>\nPe\u0142na wizualizacja szczeg\u00f3\u0142\u00f3w mapy C-MAP na ploterze COMBO C.56. Z mo\u017cliwo\u015bci\u0105 \u015bledzenia obiekt\u00f3w systemu AIS. Po pod\u0142\u0105czeniu kompatybilnego odbiornika lub transpondera.<\/p>\n<p>Podzia\u0142 ekranu<br \/>\nOptymalizacja funkcjonalno\u015bci urz\u0105dzenia w czasie rzeczywistym, dzi\u0119ki mo\u017cliwo\u015bci podzia\u0142u ekranu na 4 ikony z r\u00f3\u017cnymi funkcjami.<\/p>\n<p>Podzia\u0142 ekranu<br \/>\nOptymalizacja funkcjonalno\u015bci urz\u0105dzenia w czasie rzeczywistym, dzi\u0119ki mo\u017cliwo\u015bci podzia\u0142u ekranu na 4 ikony z r\u00f3\u017cnymi funkcjami.<\/p>\n<p><!-- {\"name\":\"\",\"type\":\"layout\",\"children\":[{\"name\":\"ANTENA\",\"type\":\"section\",\"props\":{\"width\":\"default\",\"padding\":\"xsmall\",\"style\":\"default\",\"text_color\":\"\",\"media\":\"\",\"height_viewport\":false,\"header_overlay\":\"light\",\"animation\":\"slide-top-medium\",\"padding_remove_top\":false,\"image_size\":\"cover\",\"image\":\"\",\"image_position\":\"bottom-center\",\"image_fixed\":false,\"class\":\"\",\"overlap\":true,\"vertical_align\":\"middle\",\"title_position\":\"top-left\",\"title_rotation\":\"left\",\"title_breakpoint\":\"xl\"},\"children\":[{\"name\":\"\",\"type\":\"row\",\"props\":{\"layout\":\"1-1\",\"breakpoint\":\"m\",\"margin\":\"\",\"fixed_width\":\"large\"},\"children\":[{\"name\":\"\",\"type\":\"column\",\"props\":{\"image_position\":\"center-center\",\"widths\":[\"1-1\"]},\"children\":[{\"name\":\"\",\"type\":\"headline\",\"props\":{\"title_element\":\"h2\",\"content\":\"Echosonda Advansea z ploterem i GPS\",\"text_align\":\"center\",\"text_align_fallback\":\"center\",\"maxwidth_align\":\"center\",\"maxwidth\":\"\",\"title_style\":\"h2\",\"title_decoration\":\"\",\"margin\":\"\"}},{\"name\":\"\",\"type\":\"divider\",\"props\":{\"divider_element\":\"hr\"}}]}]},{\"name\":\"\",\"type\":\"row\",\"props\":{\"fixed_width\":\"large\",\"breakpoint\":\"m\",\"layout\":\",2-3\",\"margin\":\"medium\"},\"children\":[{\"name\":\"\",\"type\":\"column\",\"props\":{\"widths\":[\"\"],\"image_position\":\"center-center\"},\"children\":[{\"name\":\"\",\"type\":\"image\",\"props\":{\"margin\":\"default\",\"image\":\"wp-content\\\/uploads\\\/COMBO_C.56.png\",\"image_width\":\"300\",\"image_box_shadow\":\"\",\"image_border\":\"rounded\",\"text_align\":\"center\"}}]},{\"name\":\"\",\"type\":\"column\",\"props\":{\"widths\":[\"2-3\"],\"image_position\":\"center-center\"},\"children\":[{\"name\":\"\",\"type\":\"text\",\"props\":{\"column_breakpoint\":\"m\",\"margin\":\"medium\",\"content\":\"\n\n<p><strong>5,6\\\" GPS COMBO PLOTER Z ECHOSOND\\u0104<\\\/strong><\\\/p>\\n\n\n<ul>\\n\n\n<li>Ekran 5,6\\\"( 640x 480)<\\\/li>\\n\n\n<li>Echosonda pracuj\\u0105ca w dw\\u00f3ch cz\\u0119stotliwo\\u015bciach 50\\\/200 kHz o mocy 600W, z mo\\u017cliwo\\u015bci\\u0105 wy\\u015bwietlania ech do 600m<\\\/li>\\n\n\n<li>Cyfrowe wy\\u015bwietlanie danych o pr\\u0119dko\\u015bci i temperaturze<\\\/li>\\n\n\n<li>Funkcja zapisu obrazu sondowania w wbudowanej pami\\u0119ci o pojemno\\u015bci 128MB, lub na karcie SD, z mo\\u017cliwo\\u015bci\\u0105 przenoszenia danych na komputer<\\\/li>\\n\n\n<li>Kompatybilno\\u015b\\u0107 z mapami C-MAP MAX,<\\\/li>\\n\n\n<li>Protok\\u00f3\\u0142 NMEA0183: 2x wej\\u015bcie\\\/ wyj\\u015bcie<\\\/li>\\n\n\n<li>Protok\\u00f3\\u0142 NMEA2000: do wy\\u015bwietlania lub przetwarzania danych z innych urz\\u0105dze\\u0144<\\\/li>\\n\n\n<li>Kompatybilno\\u015b\\u0107 z AIS<\\\/li>\\n\n\n<li>Klasa wodoszczelno\\u015bci<\\\/li>\\n<\\\/ul>\",\"animation\":\"slide-left-medium\",\"text_align\":\"justify\",\"text_align_breakpoint\":\"m\",\"text_align_fallback\":\"center\",\"text_size\":\"\",\"maxwidth\":\"xxlarge\"}}]}]},{\"name\":\"\",\"type\":\"row\",\"props\":{\"fixed_width\":\"large\",\"breakpoint\":\"m\",\"layout\":\",2-3\",\"margin\":\"medium\"},\"children\":[{\"name\":\"\",\"type\":\"column\",\"props\":{\"widths\":[\"\"],\"image_position\":\"center-center\"},\"children\":[{\"name\":\"\",\"type\":\"image\",\"props\":{\"margin\":\"default\",\"image\":\"wp-content\\\/uploads\\\/COMBO1.png\",\"image_width\":\"\",\"image_box_shadow\":\"\",\"image_border\":\"rounded\",\"text_align\":\"center\"}}]},{\"name\":\"\",\"type\":\"column\",\"props\":{\"widths\":[\"2-3\"],\"image_position\":\"center-center\"},\"children\":[{\"name\":\"\",\"type\":\"text\",\"props\":{\"column_breakpoint\":\"m\",\"margin\":\"medium\",\"content\":\"\n\n<p><strong>Wbudowana echosonda<\\\/strong><\\\/p>\\n\n\n<p>Wysoka moc (600W), oraz podw\\u00f3jna cz\\u0119stotliwo\\u015b\\u0107 pracy (50\\\/200kHz) pozwala na wy\\u015bwietlanie obrazu do 600m g\\u0142\\u0119boko\\u015bci. Z mo\\u017cliwo\\u015bci\\u0105 zapisu danych oraz szybkiego ich odtwarzania.<\\\/p>\",\"animation\":\"slide-left-medium\",\"text_align\":\"justify\",\"text_align_breakpoint\":\"m\",\"text_align_fallback\":\"center\",\"text_size\":\"\",\"maxwidth\":\"large\"}}]}]},{\"name\":\"\",\"type\":\"row\",\"props\":{\"fixed_width\":\"large\",\"breakpoint\":\"m\",\"layout\":\",2-3\",\"margin\":\"medium\"},\"children\":[{\"name\":\"\",\"type\":\"column\",\"props\":{\"widths\":[\"\"],\"image_position\":\"center-center\"},\"children\":[{\"name\":\"\",\"type\":\"image\",\"props\":{\"margin\":\"default\",\"image\":\"wp-content\\\/uploads\\\/COMBO2.png\",\"image_width\":\"\",\"image_box_shadow\":\"\",\"image_border\":\"rounded\",\"text_align\":\"center\"}}]},{\"name\":\"\",\"type\":\"column\",\"props\":{\"widths\":[\"2-3\"],\"image_position\":\"center-center\"},\"children\":[{\"name\":\"\",\"type\":\"text\",\"props\":{\"column_breakpoint\":\"m\",\"margin\":\"medium\",\"content\":\"\n\n<p><strong>Kompatybilno\\u015b\\u0107 plotera z mapami C-MAP<\\\/strong><\\\/p>\\n\n\n<p>Pe\\u0142na wizualizacja szczeg\\u00f3\\u0142\\u00f3w mapy C-MAP na ploterze COMBO C.56. Z mo\\u017cliwo\\u015bci\\u0105 \\u015bledzenia obiekt\\u00f3w systemu AIS. Po pod\\u0142\\u0105czeniu kompatybilnego odbiornika lub transpondera.<\\\/p>\",\"animation\":\"slide-left-medium\",\"text_align\":\"justify\",\"text_align_breakpoint\":\"m\",\"text_align_fallback\":\"center\",\"text_size\":\"\",\"maxwidth\":\"large\"}}]}]},{\"name\":\"\",\"type\":\"row\",\"props\":{\"fixed_width\":\"large\",\"breakpoint\":\"m\",\"layout\":\",2-3\",\"margin\":\"medium\"},\"children\":[{\"name\":\"\",\"type\":\"column\",\"props\":{\"widths\":[\"\"],\"image_position\":\"center-center\"},\"children\":[{\"name\":\"\",\"type\":\"image\",\"props\":{\"margin\":\"default\",\"image\":\"wp-content\\\/uploads\\\/COMBO3.png\",\"image_width\":\"\",\"image_box_shadow\":\"\",\"image_border\":\"rounded\",\"text_align\":\"center\"}}]},{\"name\":\"\",\"type\":\"column\",\"props\":{\"widths\":[\"2-3\"],\"image_position\":\"center-center\"},\"children\":[{\"name\":\"\",\"type\":\"text\",\"props\":{\"column_breakpoint\":\"m\",\"margin\":\"medium\",\"content\":\"\n\n<p><strong>Podzia\\u0142 ekranu<\\\/strong><\\\/p>\\n\n\n<p>Optymalizacja funkcjonalno\\u015bci urz\\u0105dzenia w czasie rzeczywistym, dzi\\u0119ki mo\\u017cliwo\\u015bci podzia\\u0142u ekranu na 4 ikony z r\\u00f3\\u017cnymi funkcjami.<\\\/p>\",\"animation\":\"slide-left-medium\",\"text_align\":\"justify\",\"text_align_breakpoint\":\"m\",\"text_align_fallback\":\"center\",\"text_size\":\"\",\"maxwidth\":\"large\"}}]}]},{\"name\":\"\",\"type\":\"row\",\"props\":{\"fixed_width\":\"large\",\"breakpoint\":\"m\",\"layout\":\",2-3\",\"margin\":\"medium\"},\"children\":[{\"name\":\"\",\"type\":\"column\",\"props\":{\"widths\":[\"\"],\"image_position\":\"center-center\"},\"children\":[{\"name\":\"\",\"type\":\"image\",\"props\":{\"margin\":\"default\",\"image\":\"wp-content\\\/uploads\\\/COMBO4.png\",\"image_width\":\"\",\"image_box_shadow\":\"\",\"image_border\":\"rounded\",\"text_align\":\"center\"}}]},{\"name\":\"\",\"type\":\"column\",\"props\":{\"widths\":[\"2-3\"],\"image_position\":\"center-center\"},\"children\":[{\"name\":\"\",\"type\":\"text\",\"props\":{\"column_breakpoint\":\"m\",\"margin\":\"medium\",\"content\":\"\n\n<p><strong>Podzia\\u0142 ekranu<\\\/strong><\\\/p>\\n\n\n<p>Optymalizacja funkcjonalno\\u015bci urz\\u0105dzenia w czasie rzeczywistym, dzi\\u0119ki mo\\u017cliwo\\u015bci podzia\\u0142u ekranu na 4 ikony z r\\u00f3\\u017cnymi funkcjami.<\\\/p>\",\"animation\":\"slide-left-medium\",\"text_align\":\"justify\",\"text_align_breakpoint\":\"m\",\"text_align_fallback\":\"center\",\"text_size\":\"\",\"maxwidth\":\"large\"}}]}]}]}]} --><\/p>\n","protected":false},"excerpt":{"rendered":"<p>Echosonda Advansea z ploterem i GPS 5,6&#8243; GPS COMBO PLOTER Z ECHOSOND\u0104 Ekran 5,6&#8243;( 640x 480) Echosonda pracuj\u0105ca w dw\u00f3ch cz\u0119stotliwo\u015bciach 50\/200 kHz o mocy 600W, z mo\u017cliwo\u015bci\u0105 wy\u015bwietlania ech do 600m Cyfrowe wy\u015bwietlanie danych o pr\u0119dko\u015bci i temperaturze Funkcja zapisu obrazu sondowania w wbudowanej pami\u0119ci o pojemno\u015bci 128MB, lub na karcie SD, z mo\u017cliwo\u015bci\u0105 [&hellip;]<\/p>\n","protected":false},"author":6,"featured_media":0,"parent":0,"menu_order":0,"comment_status":"closed","ping_status":"closed","template":"","meta":{"footnotes":""},"class_list":["post-3061","page","type-page","status-publish","hentry"],"yoast_head":"<!-- This site is optimized with the Yoast SEO plugin v27.4 - https:\/\/yoast.com\/product\/yoast-seo-wordpress\/ -->\n<title>Echosonda Advansea z ploterem i GPS - ESCORT TECHNOLOGY<\/title>\n<meta name=\"robots\" content=\"index, follow, max-snippet:-1, max-image-preview:large, max-video-preview:-1\" \/>\n<link rel=\"canonical\" href=\"http:\/\/escort-technology.com\/pl\/echosonda-advansea-z-ploterem-i-gps\/\" \/>\n<meta property=\"og:locale\" content=\"pl_PL\" \/>\n<meta property=\"og:type\" content=\"article\" \/>\n<meta property=\"og:title\" content=\"Echosonda Advansea z ploterem i GPS - ESCORT TECHNOLOGY\" \/>\n<meta property=\"og:description\" content=\"Echosonda Advansea z ploterem i GPS 5,6&#8243; GPS COMBO PLOTER Z ECHOSOND\u0104 Ekran 5,6&#8243;( 640x 480) Echosonda pracuj\u0105ca w dw\u00f3ch cz\u0119stotliwo\u015bciach 50\/200 kHz o mocy 600W, z mo\u017cliwo\u015bci\u0105 wy\u015bwietlania ech do 600m Cyfrowe wy\u015bwietlanie danych o pr\u0119dko\u015bci i temperaturze Funkcja zapisu obrazu sondowania w wbudowanej pami\u0119ci o pojemno\u015bci 128MB, lub na karcie SD, z mo\u017cliwo\u015bci\u0105 [&hellip;]\" \/>\n<meta property=\"og:url\" content=\"http:\/\/escort-technology.com\/pl\/echosonda-advansea-z-ploterem-i-gps\/\" \/>\n<meta property=\"og:site_name\" content=\"ESCORT TECHNOLOGY\" \/>\n<meta property=\"article:publisher\" content=\"https:\/\/www.facebook.com\/elektronika.morska\/\" \/>\n<meta property=\"article:modified_time\" content=\"2018-03-23T13:50:04+00:00\" \/>\n<meta name=\"twitter:card\" content=\"summary_large_image\" \/>\n<meta name=\"twitter:label1\" content=\"Szacowany czas czytania\" \/>\n\t<meta name=\"twitter:data1\" content=\"1 minuta\" \/>\n<script type=\"application\/ld+json\" class=\"yoast-schema-graph\">{\"@context\":\"https:\\\/\\\/schema.org\",\"@graph\":[{\"@type\":\"WebPage\",\"@id\":\"http:\\\/\\\/escort-technology.com\\\/en\\\/echosonda-advansea-z-ploterem-i-gps\\\/\",\"url\":\"http:\\\/\\\/escort-technology.com\\\/en\\\/echosonda-advansea-z-ploterem-i-gps\\\/\",\"name\":\"Echosonda Advansea z ploterem i GPS - ESCORT TECHNOLOGY\",\"isPartOf\":{\"@id\":\"http:\\\/\\\/escort-technology.com\\\/de\\\/#website\"},\"datePublished\":\"2018-03-23T12:48:16+00:00\",\"dateModified\":\"2018-03-23T13:50:04+00:00\",\"breadcrumb\":{\"@id\":\"http:\\\/\\\/escort-technology.com\\\/en\\\/echosonda-advansea-z-ploterem-i-gps\\\/#breadcrumb\"},\"inLanguage\":\"pl-PL\",\"potentialAction\":[{\"@type\":\"ReadAction\",\"target\":[\"http:\\\/\\\/escort-technology.com\\\/en\\\/echosonda-advansea-z-ploterem-i-gps\\\/\"]}]},{\"@type\":\"BreadcrumbList\",\"@id\":\"http:\\\/\\\/escort-technology.com\\\/en\\\/echosonda-advansea-z-ploterem-i-gps\\\/#breadcrumb\",\"itemListElement\":[{\"@type\":\"ListItem\",\"position\":1,\"name\":\"Strona g\u0142\u00f3wna\",\"item\":\"https:\\\/\\\/escort-technology.com\\\/\"},{\"@type\":\"ListItem\",\"position\":2,\"name\":\"Echosonda Advansea z ploterem i GPS\"}]},{\"@type\":\"WebSite\",\"@id\":\"http:\\\/\\\/escort-technology.com\\\/de\\\/#website\",\"url\":\"http:\\\/\\\/escort-technology.com\\\/de\\\/\",\"name\":\"ESCORT TECHNOLOGY\",\"description\":\"Elektronika morska i l\u0105dowa\",\"publisher\":{\"@id\":\"http:\\\/\\\/escort-technology.com\\\/de\\\/#organization\"},\"potentialAction\":[{\"@type\":\"SearchAction\",\"target\":{\"@type\":\"EntryPoint\",\"urlTemplate\":\"http:\\\/\\\/escort-technology.com\\\/de\\\/?s={search_term_string}\"},\"query-input\":{\"@type\":\"PropertyValueSpecification\",\"valueRequired\":true,\"valueName\":\"search_term_string\"}}],\"inLanguage\":\"pl-PL\"},{\"@type\":\"Organization\",\"@id\":\"http:\\\/\\\/escort-technology.com\\\/de\\\/#organization\",\"name\":\"ESCORT TECHNOLOGY\",\"url\":\"http:\\\/\\\/escort-technology.com\\\/de\\\/\",\"logo\":{\"@type\":\"ImageObject\",\"inLanguage\":\"pl-PL\",\"@id\":\"http:\\\/\\\/escort-technology.com\\\/de\\\/#\\\/schema\\\/logo\\\/image\\\/\",\"url\":\"https:\\\/\\\/escort-technology.com\\\/wp-content\\\/uploads\\\/logo-1.jpg\",\"contentUrl\":\"https:\\\/\\\/escort-technology.com\\\/wp-content\\\/uploads\\\/logo-1.jpg\",\"width\":600,\"height\":165,\"caption\":\"ESCORT TECHNOLOGY\"},\"image\":{\"@id\":\"http:\\\/\\\/escort-technology.com\\\/de\\\/#\\\/schema\\\/logo\\\/image\\\/\"},\"sameAs\":[\"https:\\\/\\\/www.facebook.com\\\/elektronika.morska\\\/\",\"https:\\\/\\\/www.linkedin.com\\\/company\\\/escort-sp-z-o-o-\\\/\"]}]}<\/script>\n<!-- \/ Yoast SEO plugin. -->","yoast_head_json":{"title":"Echosonda Advansea z ploterem i GPS - ESCORT TECHNOLOGY","robots":{"index":"index","follow":"follow","max-snippet":"max-snippet:-1","max-image-preview":"max-image-preview:large","max-video-preview":"max-video-preview:-1"},"canonical":"http:\/\/escort-technology.com\/pl\/echosonda-advansea-z-ploterem-i-gps\/","og_locale":"pl_PL","og_type":"article","og_title":"Echosonda Advansea z ploterem i GPS - ESCORT TECHNOLOGY","og_description":"Echosonda Advansea z ploterem i GPS 5,6&#8243; GPS COMBO PLOTER Z ECHOSOND\u0104 Ekran 5,6&#8243;( 640x 480) Echosonda pracuj\u0105ca w dw\u00f3ch cz\u0119stotliwo\u015bciach 50\/200 kHz o mocy 600W, z mo\u017cliwo\u015bci\u0105 wy\u015bwietlania ech do 600m Cyfrowe wy\u015bwietlanie danych o pr\u0119dko\u015bci i temperaturze Funkcja zapisu obrazu sondowania w wbudowanej pami\u0119ci o pojemno\u015bci 128MB, lub na karcie SD, z mo\u017cliwo\u015bci\u0105 [&hellip;]","og_url":"http:\/\/escort-technology.com\/pl\/echosonda-advansea-z-ploterem-i-gps\/","og_site_name":"ESCORT TECHNOLOGY","article_publisher":"https:\/\/www.facebook.com\/elektronika.morska\/","article_modified_time":"2018-03-23T13:50:04+00:00","twitter_card":"summary_large_image","twitter_misc":{"Szacowany czas czytania":"1 minuta"},"schema":{"@context":"https:\/\/schema.org","@graph":[{"@type":"WebPage","@id":"http:\/\/escort-technology.com\/en\/echosonda-advansea-z-ploterem-i-gps\/","url":"http:\/\/escort-technology.com\/en\/echosonda-advansea-z-ploterem-i-gps\/","name":"Echosonda Advansea z ploterem i GPS - ESCORT TECHNOLOGY","isPartOf":{"@id":"http:\/\/escort-technology.com\/de\/#website"},"datePublished":"2018-03-23T12:48:16+00:00","dateModified":"2018-03-23T13:50:04+00:00","breadcrumb":{"@id":"http:\/\/escort-technology.com\/en\/echosonda-advansea-z-ploterem-i-gps\/#breadcrumb"},"inLanguage":"pl-PL","potentialAction":[{"@type":"ReadAction","target":["http:\/\/escort-technology.com\/en\/echosonda-advansea-z-ploterem-i-gps\/"]}]},{"@type":"BreadcrumbList","@id":"http:\/\/escort-technology.com\/en\/echosonda-advansea-z-ploterem-i-gps\/#breadcrumb","itemListElement":[{"@type":"ListItem","position":1,"name":"Strona g\u0142\u00f3wna","item":"https:\/\/escort-technology.com\/"},{"@type":"ListItem","position":2,"name":"Echosonda Advansea z ploterem i GPS"}]},{"@type":"WebSite","@id":"http:\/\/escort-technology.com\/de\/#website","url":"http:\/\/escort-technology.com\/de\/","name":"ESCORT TECHNOLOGY","description":"Elektronika morska i l\u0105dowa","publisher":{"@id":"http:\/\/escort-technology.com\/de\/#organization"},"potentialAction":[{"@type":"SearchAction","target":{"@type":"EntryPoint","urlTemplate":"http:\/\/escort-technology.com\/de\/?s={search_term_string}"},"query-input":{"@type":"PropertyValueSpecification","valueRequired":true,"valueName":"search_term_string"}}],"inLanguage":"pl-PL"},{"@type":"Organization","@id":"http:\/\/escort-technology.com\/de\/#organization","name":"ESCORT TECHNOLOGY","url":"http:\/\/escort-technology.com\/de\/","logo":{"@type":"ImageObject","inLanguage":"pl-PL","@id":"http:\/\/escort-technology.com\/de\/#\/schema\/logo\/image\/","url":"https:\/\/escort-technology.com\/wp-content\/uploads\/logo-1.jpg","contentUrl":"https:\/\/escort-technology.com\/wp-content\/uploads\/logo-1.jpg","width":600,"height":165,"caption":"ESCORT TECHNOLOGY"},"image":{"@id":"http:\/\/escort-technology.com\/de\/#\/schema\/logo\/image\/"},"sameAs":["https:\/\/www.facebook.com\/elektronika.morska\/","https:\/\/www.linkedin.com\/company\/escort-sp-z-o-o-\/"]}]}},"_links":{"self":[{"href":"https:\/\/escort-technology.com\/pl\/wp-json\/wp\/v2\/pages\/3061","targetHints":{"allow":["GET"]}}],"collection":[{"href":"https:\/\/escort-technology.com\/pl\/wp-json\/wp\/v2\/pages"}],"about":[{"href":"https:\/\/escort-technology.com\/pl\/wp-json\/wp\/v2\/types\/page"}],"author":[{"embeddable":true,"href":"https:\/\/escort-technology.com\/pl\/wp-json\/wp\/v2\/users\/6"}],"replies":[{"embeddable":true,"href":"https:\/\/escort-technology.com\/pl\/wp-json\/wp\/v2\/comments?post=3061"}],"version-history":[{"count":2,"href":"https:\/\/escort-technology.com\/pl\/wp-json\/wp\/v2\/pages\/3061\/revisions"}],"predecessor-version":[{"id":3088,"href":"https:\/\/escort-technology.com\/pl\/wp-json\/wp\/v2\/pages\/3061\/revisions\/3088"}],"wp:attachment":[{"href":"https:\/\/escort-technology.com\/pl\/wp-json\/wp\/v2\/media?parent=3061"}],"curies":[{"name":"wp","href":"https:\/\/api.w.org\/{rel}","templated":true}]}}