{"id":3238,"date":"2018-05-08T08:09:17","date_gmt":"2018-05-08T08:09:17","guid":{"rendered":"http:\/\/escort-technology.com\/?page_id=3238"},"modified":"2018-05-08T08:26:03","modified_gmt":"2018-05-08T08:26:03","slug":"radiotelefon-vhf-icom-ic-m423g","status":"publish","type":"page","link":"https:\/\/escort-technology.com\/pl\/radiotelefon-vhf-icom-ic-m423g\/","title":{"rendered":"Radiotelefon VHF ICOM IC-M423G"},"content":{"rendered":"<p>Radiotelefon VHF ICOM IC-M423G<\/p>\n<p>Technologia aktywnej redukcji szum\u00f3w, prosta instalacja, wbudowany odbiornik GPS. \u00a0<\/p>\n<p>Intuicyjny interfejs \u00a0u\u017cytkownika<\/p>\n<p>Interfejs w urz\u0105dzeniach marki ICOM, zapewniaj\u0105 prost\u0105 obs\u0142ug\u0119 dla u\u017cytkownik\u00f3w. Obrotowe pokr\u0119t\u0142o oraz klawisze ze strza\u0142kami zapewniaj\u0105 intuicyjn\u0105 obs\u0142ug\u0119 urz\u0105dzenia. Rozdzielczo\u015b\u0107 ekranu pozwala na \u0142atwy odczyt informacji.<\/p>\n<p>Aktywna redukcja szum\u00f3w \u00a0<\/p>\n<p>Wbudowana aktywna redukcja szum\u00f3w, ogranicza do 90% szum\u00f3w odebranego sygna\u0142u, oraz 30 % w nadawanym. \u00a0<\/p>\n<p>Moc sygna\u0142u d\u017awi\u0119kowego 10W, \u00a0Rozg\u0142o\u015bnia statkowa i rug mg\u0142owy <\/p>\n<p>Radiotelefon IC-M423G posiada wbudowany 10W wzmacniacz, kt\u00f3ry zwi\u0119ksza mocy wyj\u015bciow\u0105 d\u017awi\u0119ku. Radiotelefon ma dodatkow\u0105 funkcj\u0119 rozg\u0142o\u015bni kt\u00f3ra umo\u017cliwia przekazywanie informacji za\u0142odze z mostku na pok\u0142ad statku. Przy zamontowaniu g\u0142o\u015bnika zewn\u0119trznego mo\u017cliwe jest r\u00f3wnie\u017c nadawanie sygna\u0142\u00f3w rogu mg\u0142owego. \u00a0\u00a0<\/p>\n<p>\u00a0Wbudowane DSC klasy D <\/p>\n<p>Za pomoc\u0105 modu\u0142u DSC, mo\u017cliwe jest prowadzenie nas\u0142uchu na kanale 70, kt\u00f3ry pozostaje aktywny nawet podczas odbioru z innego kana\u0142u. Funkcja DSC zawiera wywo\u0142ania: w niebezpiecze\u0144stwie, indywidualne, grupowe, do wszystkich statk\u00f3w, pilne, dot. bezpiecze\u0144stwa,\u00a0 pro\u015bba podania pozycji, pro\u015bba dot. zanieczyszczenia, test wywo\u0142ania DSC.<\/p>\n<p>Wbudowany odbiornik GPS<\/p>\n<p>Wbudowany odbiornik GPS umo\u017cliwia wskazywanie aktualnej pozycji oraz czasu, mo\u017ce by\u0107 r\u00f3wnie\u017c u\u017cywany do wywo\u0142ania DSC. \u0179r\u00f3d\u0142o danych mo\u017ce by\u0107 wybrane za pomoc\u0105 ustawie\u0144.<\/p>\n<p>Opcjonalny mikrofon COMMANDMIC&#x2122; HM-195GB\/GW<\/p>\n<p>Opcjonalny mikrofon COMMANDMIC umo\u017cliwia, korzystanie z radiotelefonu z innego pomieszczenia. \u00a0IC-M423G.Wszystkie funkcje s\u0105 mo\u017cliwe do kontroli za pomoc\u0105 COMMANDMIC .<\/p>\n<p>Kompatybilno\u015b\u0107 z Transponderem AIS \u00a0MA-500TR<\/p>\n<p>Radiotelefon IC-M323\/G mo\u017ce by\u0107 zintegrowany z transponderem AIS klasy B MA-500TR, co pozwala na prostsze wykonywanie wywo\u0142ywania DSC z ekranu Transpondera.<\/p>\n<p>Inne cechy <\/p>\n<p>Prosta obs\u0142uga z mikrofonem \u00a0HM-205B\/SW<br \/>\nKompatybilno\u015b\u0107 z NMEA 0183<br \/>\nKompatybilno\u015b\u0107 MarineCommander&#x2122;<br \/>\nFunkcja AquaQuake&#x2122;<br \/>\nWodoszczelno\u015b\u0107 IPX7 \u00a0(1m g\u0142\u0119boko\u015bci na 30 minut)<br \/>\nFunkcja podw\u00f3jnego-potr\u00f3jnego nas\u0142uch na kanale 16 i kana\u0142u roboczego<br \/>\nSkanowanie normalne i z pierwsze\u0144stwem<br \/>\nDost\u0119pne dwie wersje kolorystyczne bia\u0142a i czarna.\n<\/p>\n<p>BROSZURA<\/p>\n<p><!-- {\"name\":\"\",\"type\":\"layout\",\"children\":[{\"name\":\"radiotelefon\",\"type\":\"section\",\"props\":{\"width\":\"default\",\"padding\":\"xsmall\",\"style\":\"default\",\"text_color\":\"\",\"media\":\"\",\"height_viewport\":false,\"header_overlay\":\"light\",\"animation\":\"slide-top-medium\",\"padding_remove_top\":false,\"image_size\":\"cover\",\"image\":\"\",\"image_position\":\"bottom-center\",\"image_fixed\":false,\"class\":\"\",\"overlap\":true,\"vertical_align\":\"middle\",\"title_position\":\"top-left\",\"title_rotation\":\"left\",\"title_breakpoint\":\"xl\"},\"children\":[{\"name\":\"\",\"type\":\"row\",\"props\":{\"layout\":\"1-1\",\"breakpoint\":\"m\",\"margin\":\"\",\"fixed_width\":\"large\"},\"children\":[{\"name\":\"\",\"type\":\"column\",\"props\":{\"image_position\":\"center-center\",\"widths\":[\"1-1\"]},\"children\":[{\"name\":\"\",\"type\":\"headline\",\"props\":{\"title_element\":\"h2\",\"content\":\"Radiotelefon VHF ICOM IC-M423G\",\"text_align\":\"center\",\"text_align_fallback\":\"center\",\"maxwidth_align\":\"center\",\"maxwidth\":\"\",\"title_style\":\"h2\",\"title_decoration\":\"\",\"margin\":\"\"}},{\"name\":\"\",\"type\":\"divider\",\"props\":{\"divider_element\":\"hr\"}}]}]},{\"name\":\"\",\"type\":\"row\",\"props\":{\"fixed_width\":\"large\",\"breakpoint\":\"m\",\"layout\":\",2-3\"},\"children\":[{\"name\":\"\",\"type\":\"column\",\"props\":{\"widths\":[\"\"],\"image_position\":\"center-center\"},\"children\":[{\"name\":\"\",\"type\":\"image\",\"props\":{\"margin\":\"default\",\"image\":\"wp-content\\\/uploads\\\/M423g.jpg\",\"image_width\":\"300\",\"image_box_shadow\":\"\",\"image_border\":\"rounded\"}}]},{\"name\":\"\",\"type\":\"column\",\"props\":{\"widths\":[\"2-3\"],\"image_position\":\"center-center\"},\"children\":[{\"name\":\"\",\"type\":\"text\",\"props\":{\"column_breakpoint\":\"m\",\"margin\":\"large\",\"content\":\"\n\n<p><strong>Technologia aktywnej redukcji szum\\u00f3w, prosta instalacja, wbudowany odbiornik GPS. \\u00a0<\\\/strong><\\\/p>\\n\n\n<div>\\n\n\n<p><strong>Intuicyjny interfejs \\u00a0u\\u017cytkownika<\\\/strong><\\\/p>\\n<\\\/div>\\n\n\n<p>Interfejs w urz\\u0105dzeniach marki ICOM, zapewniaj\\u0105 prost\\u0105 obs\\u0142ug\\u0119 dla u\\u017cytkownik\\u00f3w. Obrotowe pokr\\u0119t\\u0142o oraz klawisze ze strza\\u0142kami zapewniaj\\u0105 intuicyjn\\u0105 obs\\u0142ug\\u0119 urz\\u0105dzenia. Rozdzielczo\\u015b\\u0107 ekranu pozwala na \\u0142atwy odczyt informacji.<\\\/p>\\n\n\n<div>\\n\n\n<p><strong>Aktywna redukcja szum\\u00f3w \\u00a0<\\\/strong><\\\/p>\\n<\\\/div>\\n\n\n<p>Wbudowana aktywna redukcja szum\\u00f3w, ogranicza do 90% szum\\u00f3w odebranego sygna\\u0142u, oraz 30 % w nadawanym. \\u00a0<\\\/p>\\n\n\n<div>\\n\n\n<p><strong>Moc sygna\\u0142u d\\u017awi\\u0119kowego 10W, \\u00a0Rozg\\u0142o\\u015bnia statkowa i rug mg\\u0142owy <\\\/strong><\\\/p>\\n<\\\/div>\\n\n\n<p>Radiotelefon IC-M423G posiada wbudowany 10W wzmacniacz, kt\\u00f3ry zwi\\u0119ksza mocy wyj\\u015bciow\\u0105 d\\u017awi\\u0119ku. Radiotelefon ma dodatkow\\u0105 funkcj\\u0119 rozg\\u0142o\\u015bni kt\\u00f3ra umo\\u017cliwia przekazywanie informacji za\\u0142odze z mostku na pok\\u0142ad statku. Przy zamontowaniu g\\u0142o\\u015bnika zewn\\u0119trznego mo\\u017cliwe jest r\\u00f3wnie\\u017c nadawanie sygna\\u0142\\u00f3w rogu mg\\u0142owego. \\u00a0\\u00a0<\\\/p>\\n\n\n<div>\\n\n\n<p><strong>\\u00a0Wbudowane DSC klasy D <\\\/strong><\\\/p>\\n<\\\/div>\\n\n\n<p>Za pomoc\\u0105 modu\\u0142u DSC, mo\\u017cliwe jest prowadzenie nas\\u0142uchu na kanale 70, kt\\u00f3ry pozostaje aktywny nawet podczas odbioru z innego kana\\u0142u. Funkcja DSC zawiera wywo\\u0142ania: w niebezpiecze\\u0144stwie, indywidualne, grupowe, do wszystkich statk\\u00f3w, pilne, dot. bezpiecze\\u0144stwa,\\u00a0 pro\\u015bba podania pozycji, pro\\u015bba dot. zanieczyszczenia, test wywo\\u0142ania DSC.<\\\/p>\\n\n\n<div>\\n\n\n<p><strong>Wbudowany odbiornik GPS<\\\/strong><\\\/p>\\n<\\\/div>\\n\n\n<p>Wbudowany odbiornik GPS umo\\u017cliwia wskazywanie aktualnej pozycji oraz czasu, mo\\u017ce by\\u0107 r\\u00f3wnie\\u017c u\\u017cywany do wywo\\u0142ania DSC. \\u0179r\\u00f3d\\u0142o danych mo\\u017ce by\\u0107 wybrane za pomoc\\u0105 ustawie\\u0144.<\\\/p>\\n\n\n<div>\\n\n\n<p><strong>Opcjonalny mikrofon COMMANDMIC\\u2122 HM-195GB\\\/GW<\\\/strong><\\\/p>\\n<\\\/div>\\n\n\n<p>Opcjonalny mikrofon COMMANDMIC umo\\u017cliwia, korzystanie z radiotelefonu z innego pomieszczenia. \\u00a0IC-M423G.Wszystkie funkcje s\\u0105 mo\\u017cliwe do kontroli za pomoc\\u0105 COMMANDMIC .<\\\/p>\\n\n\n<div>\\n\n\n<p><strong>Kompatybilno\\u015b\\u0107 z Transponderem AIS \\u00a0MA-500TR<\\\/strong><\\\/p>\\n<\\\/div>\\n\n\n<p>Radiotelefon IC-M323\\\/G mo\\u017ce by\\u0107 zintegrowany z transponderem AIS klasy B <a href=\\\"https:\\\/\\\/www.icom.co.jp\\\/world\\\/products\\\/marine\\\/ais\\\/ma-500tr\\\/\\\" target=\\\"_blank\\\" rel=\\\"noopener\\\">MA-500TR<\\\/a>, co pozwala na prostsze wykonywanie wywo\\u0142ywania DSC z ekranu Transpondera.<\\\/p>\\n\n\n<div>\\n\n\n<p><strong>Inne cechy <\\\/strong><\\\/p>\\n<\\\/div>\\n\n\n<ul>\\n\n\n<li>Prosta obs\\u0142uga z mikrofonem \\u00a0HM-205B\\\/SW<\\\/li>\\n\n\n<li>Kompatybilno\\u015b\\u0107 z NMEA 0183<\\\/li>\\n\n\n<li>Kompatybilno\\u015b\\u0107 MarineCommander\\u2122<\\\/li>\\n\n\n<li>Funkcja AquaQuake\\u2122<\\\/li>\\n\n\n<li>Wodoszczelno\\u015b\\u0107 IPX7 \\u00a0(1m g\\u0142\\u0119boko\\u015bci na 30 minut)<\\\/li>\\n\n\n<li>Funkcja podw\\u00f3jnego-potr\\u00f3jnego nas\\u0142uch na kanale 16 i kana\\u0142u roboczego<\\\/li>\\n\n\n<li>Skanowanie normalne i z pierwsze\\u0144stwem<\\\/li>\\n\n\n<li>Dost\\u0119pne dwie wersje kolorystyczne bia\\u0142a i czarna.<\\\/li>\\n<\\\/ul>\",\"animation\":\"slide-left-medium\",\"text_align\":\"justify\",\"text_align_breakpoint\":\"m\",\"text_align_fallback\":\"center\",\"text_size\":\"\",\"maxwidth\":\"xxlarge\"}}]}]},{\"name\":\"\",\"type\":\"row\",\"props\":{\"fixed_width\":\"large\",\"breakpoint\":\"m\",\"layout\":\"1-1\",\"margin\":\"large\"},\"children\":[{\"name\":\"\",\"type\":\"column\",\"props\":{\"image_position\":\"center-center\",\"widths\":[\"1-1\"]},\"children\":[{\"name\":\"\",\"type\":\"button\",\"props\":{\"gutter\":\"small\",\"inline_align\":\"center\",\"margin\":\"\",\"text_align\":\"center\",\"button_size\":\"large\",\"animation\":\"slide-bottom-medium\"},\"children\":[{\"name\":\"\",\"type\":\"button_item\",\"props\":{\"button_style\":\"secondary\",\"content\":\"BROSZURA\",\"link\":\"wp-content\\\/uploads\\\/Radiotelefon_ICOM_IC-M423G-min.pdf\",\"link_title\":\"Explore More\",\"icon_align\":\"left\",\"link_target\":\"blank\"}}]}]}]}]}]} --><\/p>\n","protected":false},"excerpt":{"rendered":"<p>Radiotelefon VHF ICOM IC-M423G Technologia aktywnej redukcji szum\u00f3w, prosta instalacja, wbudowany odbiornik GPS. \u00a0 Intuicyjny interfejs \u00a0u\u017cytkownika Interfejs w urz\u0105dzeniach marki ICOM, zapewniaj\u0105 prost\u0105 obs\u0142ug\u0119 dla u\u017cytkownik\u00f3w. Obrotowe pokr\u0119t\u0142o oraz klawisze ze strza\u0142kami zapewniaj\u0105 intuicyjn\u0105 obs\u0142ug\u0119 urz\u0105dzenia. Rozdzielczo\u015b\u0107 ekranu pozwala na \u0142atwy odczyt informacji. Aktywna redukcja szum\u00f3w \u00a0 Wbudowana aktywna redukcja szum\u00f3w, ogranicza do 90% [&hellip;]<\/p>\n","protected":false},"author":6,"featured_media":0,"parent":0,"menu_order":0,"comment_status":"closed","ping_status":"closed","template":"","meta":{"footnotes":""},"class_list":["post-3238","page","type-page","status-publish","hentry"],"yoast_head":"<!-- This site is optimized with the Yoast SEO plugin v27.5 - https:\/\/yoast.com\/product\/yoast-seo-wordpress\/ -->\n<title>Radiotelefon VHF ICOM IC-M423G - ESCORT TECHNOLOGY<\/title>\n<meta name=\"robots\" content=\"index, follow, max-snippet:-1, max-image-preview:large, max-video-preview:-1\" \/>\n<link rel=\"canonical\" href=\"https:\/\/escort-technology.com\/pl\/de\/radiotelefon-vhf-icom-ic-m423g\/\" \/>\n<meta property=\"og:locale\" content=\"pl_PL\" \/>\n<meta property=\"og:type\" content=\"article\" \/>\n<meta property=\"og:title\" content=\"Radiotelefon VHF ICOM IC-M423G - ESCORT TECHNOLOGY\" \/>\n<meta property=\"og:description\" content=\"Radiotelefon VHF ICOM IC-M423G Technologia aktywnej redukcji szum\u00f3w, prosta instalacja, wbudowany odbiornik GPS. \u00a0 Intuicyjny interfejs \u00a0u\u017cytkownika Interfejs w urz\u0105dzeniach marki ICOM, zapewniaj\u0105 prost\u0105 obs\u0142ug\u0119 dla u\u017cytkownik\u00f3w. Obrotowe pokr\u0119t\u0142o oraz klawisze ze strza\u0142kami zapewniaj\u0105 intuicyjn\u0105 obs\u0142ug\u0119 urz\u0105dzenia. Rozdzielczo\u015b\u0107 ekranu pozwala na \u0142atwy odczyt informacji. Aktywna redukcja szum\u00f3w \u00a0 Wbudowana aktywna redukcja szum\u00f3w, ogranicza do 90% [&hellip;]\" \/>\n<meta property=\"og:url\" content=\"https:\/\/escort-technology.com\/pl\/de\/radiotelefon-vhf-icom-ic-m423g\/\" \/>\n<meta property=\"og:site_name\" content=\"ESCORT TECHNOLOGY\" \/>\n<meta property=\"article:publisher\" content=\"https:\/\/www.facebook.com\/elektronika.morska\/\" \/>\n<meta property=\"article:modified_time\" content=\"2018-05-08T08:26:03+00:00\" \/>\n<meta name=\"twitter:card\" content=\"summary_large_image\" \/>\n<meta name=\"twitter:label1\" content=\"Szacowany czas czytania\" \/>\n\t<meta name=\"twitter:data1\" content=\"2 minuty\" \/>\n<script type=\"application\/ld+json\" class=\"yoast-schema-graph\">{\"@context\":\"https:\\\/\\\/schema.org\",\"@graph\":[{\"@type\":\"WebPage\",\"@id\":\"https:\\\/\\\/escort-technology.com\\\/de\\\/radiotelefon-vhf-icom-ic-m423g\\\/\",\"url\":\"https:\\\/\\\/escort-technology.com\\\/de\\\/radiotelefon-vhf-icom-ic-m423g\\\/\",\"name\":\"Radiotelefon VHF ICOM IC-M423G - ESCORT TECHNOLOGY\",\"isPartOf\":{\"@id\":\"http:\\\/\\\/escort-technology.com\\\/de\\\/#website\"},\"datePublished\":\"2018-05-08T08:09:17+00:00\",\"dateModified\":\"2018-05-08T08:26:03+00:00\",\"breadcrumb\":{\"@id\":\"https:\\\/\\\/escort-technology.com\\\/de\\\/radiotelefon-vhf-icom-ic-m423g\\\/#breadcrumb\"},\"inLanguage\":\"pl-PL\",\"potentialAction\":[{\"@type\":\"ReadAction\",\"target\":[\"https:\\\/\\\/escort-technology.com\\\/de\\\/radiotelefon-vhf-icom-ic-m423g\\\/\"]}]},{\"@type\":\"BreadcrumbList\",\"@id\":\"https:\\\/\\\/escort-technology.com\\\/de\\\/radiotelefon-vhf-icom-ic-m423g\\\/#breadcrumb\",\"itemListElement\":[{\"@type\":\"ListItem\",\"position\":1,\"name\":\"Strona g\u0142\u00f3wna\",\"item\":\"https:\\\/\\\/escort-technology.com\\\/\"},{\"@type\":\"ListItem\",\"position\":2,\"name\":\"Radiotelefon VHF ICOM IC-M423G\"}]},{\"@type\":\"WebSite\",\"@id\":\"http:\\\/\\\/escort-technology.com\\\/de\\\/#website\",\"url\":\"http:\\\/\\\/escort-technology.com\\\/de\\\/\",\"name\":\"ESCORT TECHNOLOGY\",\"description\":\"Elektronika morska i l\u0105dowa\",\"publisher\":{\"@id\":\"http:\\\/\\\/escort-technology.com\\\/de\\\/#organization\"},\"potentialAction\":[{\"@type\":\"SearchAction\",\"target\":{\"@type\":\"EntryPoint\",\"urlTemplate\":\"http:\\\/\\\/escort-technology.com\\\/de\\\/?s={search_term_string}\"},\"query-input\":{\"@type\":\"PropertyValueSpecification\",\"valueRequired\":true,\"valueName\":\"search_term_string\"}}],\"inLanguage\":\"pl-PL\"},{\"@type\":\"Organization\",\"@id\":\"http:\\\/\\\/escort-technology.com\\\/de\\\/#organization\",\"name\":\"ESCORT TECHNOLOGY\",\"url\":\"http:\\\/\\\/escort-technology.com\\\/de\\\/\",\"logo\":{\"@type\":\"ImageObject\",\"inLanguage\":\"pl-PL\",\"@id\":\"http:\\\/\\\/escort-technology.com\\\/de\\\/#\\\/schema\\\/logo\\\/image\\\/\",\"url\":\"https:\\\/\\\/escort-technology.com\\\/wp-content\\\/uploads\\\/logo-1.jpg\",\"contentUrl\":\"https:\\\/\\\/escort-technology.com\\\/wp-content\\\/uploads\\\/logo-1.jpg\",\"width\":600,\"height\":165,\"caption\":\"ESCORT TECHNOLOGY\"},\"image\":{\"@id\":\"http:\\\/\\\/escort-technology.com\\\/de\\\/#\\\/schema\\\/logo\\\/image\\\/\"},\"sameAs\":[\"https:\\\/\\\/www.facebook.com\\\/elektronika.morska\\\/\",\"https:\\\/\\\/www.linkedin.com\\\/company\\\/escort-sp-z-o-o-\\\/\"]}]}<\/script>\n<!-- \/ Yoast SEO plugin. -->","yoast_head_json":{"title":"Radiotelefon VHF ICOM IC-M423G - ESCORT TECHNOLOGY","robots":{"index":"index","follow":"follow","max-snippet":"max-snippet:-1","max-image-preview":"max-image-preview:large","max-video-preview":"max-video-preview:-1"},"canonical":"https:\/\/escort-technology.com\/pl\/de\/radiotelefon-vhf-icom-ic-m423g\/","og_locale":"pl_PL","og_type":"article","og_title":"Radiotelefon VHF ICOM IC-M423G - ESCORT TECHNOLOGY","og_description":"Radiotelefon VHF ICOM IC-M423G Technologia aktywnej redukcji szum\u00f3w, prosta instalacja, wbudowany odbiornik GPS. \u00a0 Intuicyjny interfejs \u00a0u\u017cytkownika Interfejs w urz\u0105dzeniach marki ICOM, zapewniaj\u0105 prost\u0105 obs\u0142ug\u0119 dla u\u017cytkownik\u00f3w. Obrotowe pokr\u0119t\u0142o oraz klawisze ze strza\u0142kami zapewniaj\u0105 intuicyjn\u0105 obs\u0142ug\u0119 urz\u0105dzenia. Rozdzielczo\u015b\u0107 ekranu pozwala na \u0142atwy odczyt informacji. Aktywna redukcja szum\u00f3w \u00a0 Wbudowana aktywna redukcja szum\u00f3w, ogranicza do 90% [&hellip;]","og_url":"https:\/\/escort-technology.com\/pl\/de\/radiotelefon-vhf-icom-ic-m423g\/","og_site_name":"ESCORT TECHNOLOGY","article_publisher":"https:\/\/www.facebook.com\/elektronika.morska\/","article_modified_time":"2018-05-08T08:26:03+00:00","twitter_card":"summary_large_image","twitter_misc":{"Szacowany czas czytania":"2 minuty"},"schema":{"@context":"https:\/\/schema.org","@graph":[{"@type":"WebPage","@id":"https:\/\/escort-technology.com\/de\/radiotelefon-vhf-icom-ic-m423g\/","url":"https:\/\/escort-technology.com\/de\/radiotelefon-vhf-icom-ic-m423g\/","name":"Radiotelefon VHF ICOM IC-M423G - ESCORT TECHNOLOGY","isPartOf":{"@id":"http:\/\/escort-technology.com\/de\/#website"},"datePublished":"2018-05-08T08:09:17+00:00","dateModified":"2018-05-08T08:26:03+00:00","breadcrumb":{"@id":"https:\/\/escort-technology.com\/de\/radiotelefon-vhf-icom-ic-m423g\/#breadcrumb"},"inLanguage":"pl-PL","potentialAction":[{"@type":"ReadAction","target":["https:\/\/escort-technology.com\/de\/radiotelefon-vhf-icom-ic-m423g\/"]}]},{"@type":"BreadcrumbList","@id":"https:\/\/escort-technology.com\/de\/radiotelefon-vhf-icom-ic-m423g\/#breadcrumb","itemListElement":[{"@type":"ListItem","position":1,"name":"Strona g\u0142\u00f3wna","item":"https:\/\/escort-technology.com\/"},{"@type":"ListItem","position":2,"name":"Radiotelefon VHF ICOM IC-M423G"}]},{"@type":"WebSite","@id":"http:\/\/escort-technology.com\/de\/#website","url":"http:\/\/escort-technology.com\/de\/","name":"ESCORT TECHNOLOGY","description":"Elektronika morska i l\u0105dowa","publisher":{"@id":"http:\/\/escort-technology.com\/de\/#organization"},"potentialAction":[{"@type":"SearchAction","target":{"@type":"EntryPoint","urlTemplate":"http:\/\/escort-technology.com\/de\/?s={search_term_string}"},"query-input":{"@type":"PropertyValueSpecification","valueRequired":true,"valueName":"search_term_string"}}],"inLanguage":"pl-PL"},{"@type":"Organization","@id":"http:\/\/escort-technology.com\/de\/#organization","name":"ESCORT TECHNOLOGY","url":"http:\/\/escort-technology.com\/de\/","logo":{"@type":"ImageObject","inLanguage":"pl-PL","@id":"http:\/\/escort-technology.com\/de\/#\/schema\/logo\/image\/","url":"https:\/\/escort-technology.com\/wp-content\/uploads\/logo-1.jpg","contentUrl":"https:\/\/escort-technology.com\/wp-content\/uploads\/logo-1.jpg","width":600,"height":165,"caption":"ESCORT TECHNOLOGY"},"image":{"@id":"http:\/\/escort-technology.com\/de\/#\/schema\/logo\/image\/"},"sameAs":["https:\/\/www.facebook.com\/elektronika.morska\/","https:\/\/www.linkedin.com\/company\/escort-sp-z-o-o-\/"]}]}},"_links":{"self":[{"href":"https:\/\/escort-technology.com\/pl\/wp-json\/wp\/v2\/pages\/3238","targetHints":{"allow":["GET"]}}],"collection":[{"href":"https:\/\/escort-technology.com\/pl\/wp-json\/wp\/v2\/pages"}],"about":[{"href":"https:\/\/escort-technology.com\/pl\/wp-json\/wp\/v2\/types\/page"}],"author":[{"embeddable":true,"href":"https:\/\/escort-technology.com\/pl\/wp-json\/wp\/v2\/users\/6"}],"replies":[{"embeddable":true,"href":"https:\/\/escort-technology.com\/pl\/wp-json\/wp\/v2\/comments?post=3238"}],"version-history":[{"count":2,"href":"https:\/\/escort-technology.com\/pl\/wp-json\/wp\/v2\/pages\/3238\/revisions"}],"predecessor-version":[{"id":3253,"href":"https:\/\/escort-technology.com\/pl\/wp-json\/wp\/v2\/pages\/3238\/revisions\/3253"}],"wp:attachment":[{"href":"https:\/\/escort-technology.com\/pl\/wp-json\/wp\/v2\/media?parent=3238"}],"curies":[{"name":"wp","href":"https:\/\/api.w.org\/{rel}","templated":true}]}}