{"id":3362,"date":"2018-05-08T11:38:56","date_gmt":"2018-05-08T11:38:56","guid":{"rendered":"http:\/\/escort-technology.com\/?page_id=3362"},"modified":"2023-03-29T09:05:35","modified_gmt":"2023-03-29T07:05:35","slug":"mapy-navionics","status":"publish","type":"page","link":"https:\/\/escort-technology.com\/pl\/mapy-navionics\/","title":{"rendered":"Mapy Navionics+"},"content":{"rendered":"<h2>Mapy Navionics+<\/h2>\n<hr>\n<p><img decoding=\"async\" src=\"\/wp-content\/uploads\/Polska.png\" alt=\"\"><\/p>\n<ul>\n<li>\n<p>        <img decoding=\"async\" src=\"\/wp-content\/uploads\/STANDARD_A_800x560_NC-CE_2.jpg\" alt=\"\"><\/p>\n<\/li>\n<li>\n<p>        <img decoding=\"async\" src=\"\/wp-content\/uploads\/SC_16_800x560_nc_1_1.jpg\" alt=\"\"><\/p>\n<\/li>\n<li>\n<p>        <img decoding=\"async\" src=\"\/wp-content\/uploads\/STANDARD_A_800x560_NC-SC_1.jpg\" alt=\"\"><\/p>\n<\/li>\n<\/ul>\n<div>\n<h3>MAPY NAUTYCZNE<\/h3>\n<p>P\u0142ywanie \u0142odzi\u0105 z dok\u0142adnymi mapami pochodz\u0105cymi z wielu \u017ar\u00f3de\u0142 oficjalnych, rz\u0105dowych i prywatnych, wy\u015bwietlanymi w znajomy spos\u00f3b.<\/p>\n<h3>SONARCHART&#x2122;<\/h3>\n<p>Zrozumienie g\u0142\u0119boko\u015bci i szczeg\u00f3\u0142\u00f3w dna dzi\u0119ki naszym innowacyjnym mapom batymetrycznym 1ft\/0,5 m stworzonym przy u\u017cyciu zastrze\u017conych system\u00f3w Navionics, kt\u00f3re przetwarzaj\u0105 dane sonarowe dostarczone przez \u017ceglarzy z istniej\u0105c\u0105 zawarto\u015bci\u0105.<\/p>\n<h3>COMMUNITY EDITS<\/h3>\n<p>Zdob\u0105d\u017a u\u017cyteczn\u0105 wiedz\u0119 lokaln\u0105 od innych \u017ceglarzy w tej warstwie tre\u015bci wype\u0142nionej ciekawymi punktami, pomocami nawigacyjnymi i r\u00f3\u017cnymi edycjami dokonywanymi przez u\u017cytkownik\u00f3w naszej aplikacji \u017ceglarskiej.<\/p>\n<h3>SPO\u0141ECZNO\u015a\u0106 ACTIVECAPTAIN<\/h3>\n<p>Skorzystaj z dodatkowego \u017ar\u00f3d\u0142a informacji udost\u0119pnianych przez spo\u0142eczno\u015b\u0107 ActiveCaptain\u00ae w aplikacji Boating. Znajd\u017a du\u017cy i zr\u00f3\u017cnicowany zestaw punkt\u00f3w POI, takich jak przystanie jachtowe, miejsca kotwiczenia, zagro\u017cenia, firmy i wiele innych.<\/p>\n<\/div>\n<p><img decoding=\"async\" src=\"\/wp-content\/uploads\/Heatmap_Standard_A_800x560_9.jpg\" alt=\"\"><\/p>\n<div>\n<h3>Codzienne aktualizacje<\/h3>\n<p>Nieustannie wzbogacamy nasze mapy o nowe i zmienione tre\u015bci pochodz\u0105ce z oficjalnych \u017ar\u00f3de\u0142 hydrograficznych, bada\u0144 publicznych i prywatnych, a tak\u017ce o miliony danych od \u017ceglarzy.<\/p>\n<p>Ka\u017cdego dnia tworzymy do 5.000 aktualizacji maj\u0105cych wp\u0142yw na wszystkie warstwy map.<\/p>\n<\/div>\n<p>\n    <a href=\"https:\/\/www.navionics.com\/media\/wysiwyg\/docs\/Compatibility_Guides\/GPS_Plotter_Cards_Compatibility_Guide.pdf\">Sprawd\u017a kompatybilno\u015b\u0107 <\/a>\n<\/p>\n<p><img decoding=\"async\" src=\"\/wp-content\/uploads\/PSync-Subscription_653x456_2_2_2.png\" alt=\"\"><\/p>\n<div>\n<h2>Subskrypcja Navionics<\/h2>\n<p>Do ka\u017cdego nowego produktu do\u0142\u0105czona jest roczna subskrypcja na codzienne aktualizacje i wiele zaawansowanych funkcji.<\/p>\n<p>Karty do Ploter\u00f3w GPS<br \/>To, co dostaniesz:<br \/>&#8211; Pobieranie warstw map<br \/>&#8211; Codzienne aktualizacje<br \/>&#8211; Dock-to-dock Autorouting<br \/>&#8211; Zaawansowane opcje mapy<br \/>&#8211; Synchronizacja Plotera<\/p>\n<p>Sprawd\u017a, czy Tw\u00f3j model plotera GPS jest kompatybilny z zaawansowanymi funkcjami i upewnij si\u0119, \u017ce jest on wyposa\u017cony w najnowsze oprogramowanie.<br \/>Aktywuj swoj\u0105 subskrypcj\u0119 online w ci\u0105gu 2 miesi\u0119cy od daty zakupu.<\/p>\n<p>Aplikacja mobilna<br \/>To, co dostaniesz:<br \/>&#8211; Pobieranie warstw map<br \/>&#8211; Codzienne aktualizacje<br \/>&#8211; Dock-to-dock Autorouting<br \/>&#8211; Zaawansowane opcje mapy<br \/>&#8211; Pogoda i fale<br \/>&#8211; AIS<br \/>&#8211; GPX Import\/Eksport<br \/>&#8211; Synchronizacja Plotera<br \/>&#8211; Nak\u0142adka satelitarna z cieniowaniem SonarChart&#x2122;<\/p>\n<p>Abonament wygas\u0142? Po roku mo\u017cna wykupi\u0107 odnowienie subskrypcji. Je\u015bli tego nie zrobisz, mo\u017cesz nadal korzysta\u0107 z warstw map i pobra\u0107 reszt\u0119 swojego obszaru pokrycia.<\/p>\n<p>Wy\u017cej wymienione zaawansowane funkcje lub pobieranie aktualizacji map wymagaj\u0105 aktywnej subskrypcji.<\/p>\n<\/div>\n<p><!--more--><br \/>\n<!-- {\"name\":\"\",\"type\":\"layout\",\"children\":[{\"name\":\"ANTENA\",\"type\":\"section\",\"props\":{\"animation\":\"slide-top-medium\",\"class\":\"\",\"header_overlay\":\"light\",\"height_viewport\":false,\"image\":\"\",\"image_fixed\":false,\"image_position\":\"bottom-center\",\"image_size\":\"cover\",\"media\":\"\",\"overlap\":true,\"padding\":\"xsmall\",\"padding_remove_top\":false,\"style\":\"default\",\"title_breakpoint\":\"xl\",\"title_position\":\"top-left\",\"title_rotation\":\"left\",\"vertical_align\":\"middle\",\"width\":\"large\"},\"children\":[{\"name\":\"\",\"type\":\"row\",\"children\":[{\"name\":\"\",\"type\":\"column\",\"props\":{\"image_position\":\"center-center\",\"media_overlay_gradient\":\"\",\"position_sticky_breakpoint\":\"m\",\"width_medium\":\"1-1\"},\"children\":[{\"name\":\"\",\"type\":\"headline\",\"props\":{\"block_align\":\"center\",\"content\":\"Mapy Navionics+\",\"text_align\":\"center\",\"text_align_fallback\":\"center\",\"title_element\":\"h2\",\"title_style\":\"h2\"}},{\"name\":\"\",\"type\":\"divider\",\"props\":{\"divider_element\":\"hr\"}}]}]},{\"type\":\"row\",\"children\":[{\"type\":\"column\",\"props\":{\"image_position\":\"center-center\",\"media_overlay_gradient\":\"\",\"position_sticky_breakpoint\":\"m\",\"width_medium\":\"1-1\"},\"children\":[{\"type\":\"image\",\"props\":{\"image\":\"wp-content\\\/uploads\\\/Polska.png\",\"image_svg_color\":\"emphasis\",\"margin\":\"default\"}}]}]},{\"name\":\"\",\"type\":\"row\",\"props\":{\"layout\":\"1-2,1-2\",\"margin\":\"medium\"},\"children\":[{\"name\":\"\",\"type\":\"column\",\"props\":{\"image_position\":\"center-center\",\"media_overlay_gradient\":\"\",\"position_sticky_breakpoint\":\"m\",\"width_medium\":\"1-2\"},\"children\":[{\"type\":\"slideshow\",\"props\":{\"link_style\":\"default\",\"link_text\":\"Read more\",\"margin\":\"default\",\"meta_align\":\"below-title\",\"meta_element\":\"div\",\"meta_style\":\"text-meta\",\"nav\":\"dotnav\",\"nav_align\":\"center\",\"nav_breakpoint\":\"s\",\"nav_color\":\"\",\"nav_margin\":\"\",\"nav_position\":\"bottom-center\",\"nav_position_margin\":\"medium\",\"overlay_animation\":\"parallax\",\"overlay_container\":\"\",\"overlay_container_padding\":\"\",\"overlay_position\":\"center-left\",\"overlay_width\":\"\",\"show_content\":true,\"show_link\":true,\"show_meta\":true,\"show_thumbnail\":true,\"show_title\":true,\"slidenav\":\"default\",\"slidenav_breakpoint\":\"s\",\"slidenav_margin\":\"medium\",\"slidenav_outside_breakpoint\":\"xl\",\"slidenav_outside_color\":\"\",\"slideshow_animation\":\"\",\"slideshow_autoplay_pause\":true,\"slideshow_box_decoration\":\"\",\"slideshow_box_shadow\":\"\",\"slideshow_height\":\"\",\"slideshow_kenburns\":\"\",\"slideshow_min_height\":300,\"thumbnav_height\":\"75\",\"thumbnav_svg_color\":\"emphasis\",\"thumbnav_width\":\"100\",\"title_element\":\"h3\"},\"children\":[{\"type\":\"slideshow_item\",\"props\":{\"image\":\"wp-content\\\/uploads\\\/STANDARD_A_800x560_NC-CE_2.jpg\"}},{\"type\":\"slideshow_item\",\"props\":{\"image\":\"wp-content\\\/uploads\\\/SC_16_800x560_nc_1_1.jpg\"}},{\"type\":\"slideshow_item\",\"props\":{\"image\":\"wp-content\\\/uploads\\\/STANDARD_A_800x560_NC-SC_1.jpg\"}}]}]},{\"name\":\"\",\"type\":\"column\",\"props\":{\"image_position\":\"center-center\",\"media_overlay_gradient\":\"\",\"position_sticky_breakpoint\":\"m\",\"width_medium\":\"1-2\"},\"children\":[{\"name\":\"\",\"type\":\"text\",\"props\":{\"animation\":\"slide-left-medium\",\"column_breakpoint\":\"m\",\"content\":\"\n\n<h3>MAPY NAUTYCZNE<\\\/h3>\\n\n\n<p>P\\u0142ywanie \\u0142odzi\\u0105 z dok\\u0142adnymi mapami pochodz\\u0105cymi z wielu \\u017ar\\u00f3de\\u0142 oficjalnych, rz\\u0105dowych i prywatnych, wy\\u015bwietlanymi w znajomy spos\\u00f3b.<\\\/p>\\n\n\n<h3>SONARCHART\\u2122<\\\/h3>\\n\n\n<p>Zrozumienie g\\u0142\\u0119boko\\u015bci i szczeg\\u00f3\\u0142\\u00f3w dna dzi\\u0119ki naszym innowacyjnym mapom batymetrycznym 1ft\\\/0,5 m stworzonym przy u\\u017cyciu zastrze\\u017conych system\\u00f3w Navionics, kt\\u00f3re przetwarzaj\\u0105 dane sonarowe dostarczone przez \\u017ceglarzy z istniej\\u0105c\\u0105 zawarto\\u015bci\\u0105.<\\\/p>\\n\n\n<h3>COMMUNITY EDITS<\\\/h3>\\n\n\n<p>Zdob\\u0105d\\u017a u\\u017cyteczn\\u0105 wiedz\\u0119 lokaln\\u0105 od innych \\u017ceglarzy w tej warstwie tre\\u015bci wype\\u0142nionej ciekawymi punktami, pomocami nawigacyjnymi i r\\u00f3\\u017cnymi edycjami dokonywanymi przez u\\u017cytkownik\\u00f3w naszej aplikacji \\u017ceglarskiej.<\\\/p>\\n\n\n<h3>SPO\\u0141ECZNO\\u015a\\u0106 ACTIVECAPTAIN<\\\/h3>\\n\n\n<p>Skorzystaj z dodatkowego \\u017ar\\u00f3d\\u0142a informacji udost\\u0119pnianych przez spo\\u0142eczno\\u015b\\u0107 ActiveCaptain\\u00ae w aplikacji Boating. Znajd\\u017a du\\u017cy i zr\\u00f3\\u017cnicowany zestaw punkt\\u00f3w POI, takich jak przystanie jachtowe, miejsca kotwiczenia, zagro\\u017cenia, firmy i wiele innych.<\\\/p>\",\"margin\":\"medium\",\"maxwidth\":\"2xlarge\",\"text_align\":\"justify\",\"text_align_breakpoint\":\"m\",\"text_align_fallback\":\"center\"}}]}]}]},{\"type\":\"section\",\"props\":{\"image_position\":\"center-center\",\"style\":\"muted\",\"title_breakpoint\":\"xl\",\"title_position\":\"top-left\",\"title_rotation\":\"left\",\"vertical_align\":\"middle\",\"width\":\"large\"},\"children\":[{\"type\":\"row\",\"props\":{\"layout\":\"1-2,1-2\"},\"children\":[{\"type\":\"column\",\"props\":{\"image_position\":\"center-center\",\"media_overlay_gradient\":\"\",\"position_sticky_breakpoint\":\"m\",\"width_medium\":\"1-2\"},\"children\":[{\"type\":\"image\",\"props\":{\"image\":\"wp-content\\\/uploads\\\/Heatmap_Standard_A_800x560_9.jpg\",\"image_svg_color\":\"emphasis\",\"margin\":\"default\"}}]},{\"type\":\"column\",\"props\":{\"image_position\":\"center-center\",\"media_overlay_gradient\":\"\",\"position_sticky_breakpoint\":\"m\",\"width_medium\":\"1-2\"},\"children\":[{\"type\":\"text\",\"props\":{\"column_breakpoint\":\"m\",\"content\":\"\n\n<h3>Codzienne aktualizacje<\\\/h3>\\n\n\n<p>Nieustannie wzbogacamy nasze mapy o nowe i zmienione tre\\u015bci pochodz\\u0105ce z oficjalnych \\u017ar\\u00f3de\\u0142 hydrograficznych, bada\\u0144 publicznych i prywatnych, a tak\\u017ce o miliony danych od \\u017ceglarzy.<\\\/p>\\n\n\n<p>Ka\\u017cdego dnia tworzymy do 5.000 aktualizacji maj\\u0105cych wp\\u0142yw na wszystkie warstwy map.<\\\/p>\",\"margin\":\"default\"}},{\"type\":\"button\",\"props\":{\"grid_column_gap\":\"small\",\"grid_row_gap\":\"small\",\"margin\":\"default\",\"text_align\":\"center\"},\"children\":[{\"type\":\"button_item\",\"props\":{\"button_style\":\"default\",\"content\":\"Sprawd\\u017a kompatybilno\\u015b\\u0107 \",\"icon_align\":\"left\",\"link\":\"https:\\\/\\\/www.navionics.com\\\/media\\\/wysiwyg\\\/docs\\\/Compatibility_Guides\\\/GPS_Plotter_Cards_Compatibility_Guide.pdf\"}}]}]}]}]},{\"type\":\"section\",\"props\":{\"image_position\":\"center-center\",\"style\":\"default\",\"title_breakpoint\":\"xl\",\"title_position\":\"top-left\",\"title_rotation\":\"left\",\"vertical_align\":\"middle\",\"width\":\"large\"},\"children\":[{\"type\":\"row\",\"props\":{\"layout\":\"1-2,1-2\"},\"children\":[{\"type\":\"column\",\"props\":{\"image_position\":\"center-center\",\"media_overlay_gradient\":\"\",\"position_sticky_breakpoint\":\"m\",\"width_medium\":\"1-2\"},\"children\":[{\"type\":\"image\",\"props\":{\"image\":\"wp-content\\\/uploads\\\/PSync-Subscription_653x456_2_2_2.png\",\"image_svg_color\":\"emphasis\",\"margin\":\"default\"}}]},{\"type\":\"column\",\"props\":{\"image_position\":\"center-center\",\"media_overlay_gradient\":\"\",\"position_sticky_breakpoint\":\"m\",\"width_medium\":\"1-2\"},\"children\":[{\"type\":\"text\",\"props\":{\"column_breakpoint\":\"m\",\"content\":\"\n\n<h2>Subskrypcja Navionics<\\\/h2>\\n\n\n<p>Do ka\\u017cdego nowego produktu do\\u0142\\u0105czona jest roczna subskrypcja na codzienne aktualizacje i wiele zaawansowanych funkcji.<\\\/p>\\n\n\n<p>Karty do Ploter\\u00f3w GPS<br \\\/>To, co dostaniesz:<br \\\/>- Pobieranie warstw map<br \\\/>- Codzienne aktualizacje<br \\\/>- Dock-to-dock Autorouting<br \\\/>- Zaawansowane opcje mapy<br \\\/>- Synchronizacja Plotera<\\\/p>\\n\n\n<p>Sprawd\\u017a, czy Tw\\u00f3j model plotera GPS jest kompatybilny z zaawansowanymi funkcjami i upewnij si\\u0119, \\u017ce jest on wyposa\\u017cony w najnowsze oprogramowanie.<br \\\/>Aktywuj swoj\\u0105 subskrypcj\\u0119 online w ci\\u0105gu 2 miesi\\u0119cy od daty zakupu.<\\\/p>\\n\n\n<p>Aplikacja mobilna<br \\\/>To, co dostaniesz:<br \\\/>- Pobieranie warstw map<br \\\/>- Codzienne aktualizacje<br \\\/>- Dock-to-dock Autorouting<br \\\/>- Zaawansowane opcje mapy<br \\\/>- Pogoda i fale<br \\\/>- AIS<br \\\/>- GPX Import\\\/Eksport<br \\\/>- Synchronizacja Plotera<br \\\/>- Nak\\u0142adka satelitarna z cieniowaniem SonarChart\\u2122<\\\/p>\\n\n\n<p>Abonament wygas\\u0142? Po roku mo\\u017cna wykupi\\u0107 odnowienie subskrypcji. Je\\u015bli tego nie zrobisz, mo\\u017cesz nadal korzysta\\u0107 z warstw map i pobra\\u0107 reszt\\u0119 swojego obszaru pokrycia.<\\\/p>\\n\n\n<p>Wy\\u017cej wymienione zaawansowane funkcje lub pobieranie aktualizacji map wymagaj\\u0105 aktywnej subskrypcji.<\\\/p>\",\"margin\":\"default\"}}]}]}]}],\"version\":\"3.0.25\"} --><\/p>\n","protected":false},"excerpt":{"rendered":"<p>Mapy Navionics+ MAPY NAUTYCZNE P\u0142ywanie \u0142odzi\u0105 z dok\u0142adnymi mapami pochodz\u0105cymi z wielu \u017ar\u00f3de\u0142 oficjalnych, rz\u0105dowych i prywatnych, wy\u015bwietlanymi w znajomy spos\u00f3b. SONARCHART&#x2122; Zrozumienie g\u0142\u0119boko\u015bci i szczeg\u00f3\u0142\u00f3w dna dzi\u0119ki naszym innowacyjnym mapom batymetrycznym 1ft\/0,5 m stworzonym przy u\u017cyciu zastrze\u017conych system\u00f3w Navionics, kt\u00f3re przetwarzaj\u0105 dane sonarowe dostarczone przez \u017ceglarzy z istniej\u0105c\u0105 zawarto\u015bci\u0105. COMMUNITY EDITS Zdob\u0105d\u017a u\u017cyteczn\u0105 wiedz\u0119 [&hellip;]<\/p>\n","protected":false},"author":6,"featured_media":0,"parent":0,"menu_order":0,"comment_status":"closed","ping_status":"closed","template":"","meta":{"footnotes":""},"class_list":["post-3362","page","type-page","status-publish","hentry"],"yoast_head":"<!-- This site is optimized with the Yoast SEO plugin v27.5 - https:\/\/yoast.com\/product\/yoast-seo-wordpress\/ -->\n<title>Mapy Navionics+ - ESCORT TECHNOLOGY<\/title>\n<meta name=\"robots\" content=\"index, follow, max-snippet:-1, max-image-preview:large, max-video-preview:-1\" \/>\n<link rel=\"canonical\" href=\"http:\/\/escort-technology.com\/pl\/mapy-navionics\/\" \/>\n<meta property=\"og:locale\" content=\"pl_PL\" \/>\n<meta property=\"og:type\" content=\"article\" \/>\n<meta property=\"og:title\" content=\"Mapy Navionics+ - ESCORT TECHNOLOGY\" \/>\n<meta property=\"og:description\" content=\"Mapy Navionics+ MAPY NAUTYCZNE P\u0142ywanie \u0142odzi\u0105 z dok\u0142adnymi mapami pochodz\u0105cymi z wielu \u017ar\u00f3de\u0142 oficjalnych, rz\u0105dowych i prywatnych, wy\u015bwietlanymi w znajomy spos\u00f3b. SONARCHART&#x2122; Zrozumienie g\u0142\u0119boko\u015bci i szczeg\u00f3\u0142\u00f3w dna dzi\u0119ki naszym innowacyjnym mapom batymetrycznym 1ft\/0,5 m stworzonym przy u\u017cyciu zastrze\u017conych system\u00f3w Navionics, kt\u00f3re przetwarzaj\u0105 dane sonarowe dostarczone przez \u017ceglarzy z istniej\u0105c\u0105 zawarto\u015bci\u0105. COMMUNITY EDITS Zdob\u0105d\u017a u\u017cyteczn\u0105 wiedz\u0119 [&hellip;]\" \/>\n<meta property=\"og:url\" content=\"http:\/\/escort-technology.com\/pl\/mapy-navionics\/\" \/>\n<meta property=\"og:site_name\" content=\"ESCORT TECHNOLOGY\" \/>\n<meta property=\"article:publisher\" content=\"https:\/\/www.facebook.com\/elektronika.morska\/\" \/>\n<meta property=\"article:modified_time\" content=\"2023-03-29T07:05:35+00:00\" \/>\n<meta property=\"og:image\" content=\"http:\/\/wp-content\/uploads\/Polska.png\" \/>\n<meta name=\"twitter:card\" content=\"summary_large_image\" \/>\n<meta name=\"twitter:label1\" content=\"Szacowany czas czytania\" \/>\n\t<meta name=\"twitter:data1\" content=\"2 minuty\" \/>\n<script type=\"application\/ld+json\" class=\"yoast-schema-graph\">{\"@context\":\"https:\\\/\\\/schema.org\",\"@graph\":[{\"@type\":\"WebPage\",\"@id\":\"http:\\\/\\\/escort-technology.com\\\/en\\\/mapy-navionics\\\/\",\"url\":\"http:\\\/\\\/escort-technology.com\\\/en\\\/mapy-navionics\\\/\",\"name\":\"Mapy Navionics+ - ESCORT TECHNOLOGY\",\"isPartOf\":{\"@id\":\"http:\\\/\\\/escort-technology.com\\\/de\\\/#website\"},\"datePublished\":\"2018-05-08T11:38:56+00:00\",\"dateModified\":\"2023-03-29T07:05:35+00:00\",\"breadcrumb\":{\"@id\":\"http:\\\/\\\/escort-technology.com\\\/en\\\/mapy-navionics\\\/#breadcrumb\"},\"inLanguage\":\"pl-PL\",\"potentialAction\":[{\"@type\":\"ReadAction\",\"target\":[\"http:\\\/\\\/escort-technology.com\\\/en\\\/mapy-navionics\\\/\"]}]},{\"@type\":\"BreadcrumbList\",\"@id\":\"http:\\\/\\\/escort-technology.com\\\/en\\\/mapy-navionics\\\/#breadcrumb\",\"itemListElement\":[{\"@type\":\"ListItem\",\"position\":1,\"name\":\"Strona g\u0142\u00f3wna\",\"item\":\"https:\\\/\\\/escort-technology.com\\\/\"},{\"@type\":\"ListItem\",\"position\":2,\"name\":\"Mapy Navionics+\"}]},{\"@type\":\"WebSite\",\"@id\":\"http:\\\/\\\/escort-technology.com\\\/de\\\/#website\",\"url\":\"http:\\\/\\\/escort-technology.com\\\/de\\\/\",\"name\":\"ESCORT TECHNOLOGY\",\"description\":\"Elektronika morska i l\u0105dowa\",\"publisher\":{\"@id\":\"http:\\\/\\\/escort-technology.com\\\/de\\\/#organization\"},\"potentialAction\":[{\"@type\":\"SearchAction\",\"target\":{\"@type\":\"EntryPoint\",\"urlTemplate\":\"http:\\\/\\\/escort-technology.com\\\/de\\\/?s={search_term_string}\"},\"query-input\":{\"@type\":\"PropertyValueSpecification\",\"valueRequired\":true,\"valueName\":\"search_term_string\"}}],\"inLanguage\":\"pl-PL\"},{\"@type\":\"Organization\",\"@id\":\"http:\\\/\\\/escort-technology.com\\\/de\\\/#organization\",\"name\":\"ESCORT TECHNOLOGY\",\"url\":\"http:\\\/\\\/escort-technology.com\\\/de\\\/\",\"logo\":{\"@type\":\"ImageObject\",\"inLanguage\":\"pl-PL\",\"@id\":\"http:\\\/\\\/escort-technology.com\\\/de\\\/#\\\/schema\\\/logo\\\/image\\\/\",\"url\":\"https:\\\/\\\/escort-technology.com\\\/wp-content\\\/uploads\\\/logo-1.jpg\",\"contentUrl\":\"https:\\\/\\\/escort-technology.com\\\/wp-content\\\/uploads\\\/logo-1.jpg\",\"width\":600,\"height\":165,\"caption\":\"ESCORT TECHNOLOGY\"},\"image\":{\"@id\":\"http:\\\/\\\/escort-technology.com\\\/de\\\/#\\\/schema\\\/logo\\\/image\\\/\"},\"sameAs\":[\"https:\\\/\\\/www.facebook.com\\\/elektronika.morska\\\/\",\"https:\\\/\\\/www.linkedin.com\\\/company\\\/escort-sp-z-o-o-\\\/\"]}]}<\/script>\n<!-- \/ Yoast SEO plugin. -->","yoast_head_json":{"title":"Mapy Navionics+ - ESCORT TECHNOLOGY","robots":{"index":"index","follow":"follow","max-snippet":"max-snippet:-1","max-image-preview":"max-image-preview:large","max-video-preview":"max-video-preview:-1"},"canonical":"http:\/\/escort-technology.com\/pl\/mapy-navionics\/","og_locale":"pl_PL","og_type":"article","og_title":"Mapy Navionics+ - ESCORT TECHNOLOGY","og_description":"Mapy Navionics+ MAPY NAUTYCZNE P\u0142ywanie \u0142odzi\u0105 z dok\u0142adnymi mapami pochodz\u0105cymi z wielu \u017ar\u00f3de\u0142 oficjalnych, rz\u0105dowych i prywatnych, wy\u015bwietlanymi w znajomy spos\u00f3b. SONARCHART&#x2122; Zrozumienie g\u0142\u0119boko\u015bci i szczeg\u00f3\u0142\u00f3w dna dzi\u0119ki naszym innowacyjnym mapom batymetrycznym 1ft\/0,5 m stworzonym przy u\u017cyciu zastrze\u017conych system\u00f3w Navionics, kt\u00f3re przetwarzaj\u0105 dane sonarowe dostarczone przez \u017ceglarzy z istniej\u0105c\u0105 zawarto\u015bci\u0105. COMMUNITY EDITS Zdob\u0105d\u017a u\u017cyteczn\u0105 wiedz\u0119 [&hellip;]","og_url":"http:\/\/escort-technology.com\/pl\/mapy-navionics\/","og_site_name":"ESCORT TECHNOLOGY","article_publisher":"https:\/\/www.facebook.com\/elektronika.morska\/","article_modified_time":"2023-03-29T07:05:35+00:00","og_image":[{"url":"wp-content\/uploads\/Polska.png","type":"","width":"","height":""}],"twitter_card":"summary_large_image","twitter_misc":{"Szacowany czas czytania":"2 minuty"},"schema":{"@context":"https:\/\/schema.org","@graph":[{"@type":"WebPage","@id":"http:\/\/escort-technology.com\/en\/mapy-navionics\/","url":"http:\/\/escort-technology.com\/en\/mapy-navionics\/","name":"Mapy Navionics+ - ESCORT TECHNOLOGY","isPartOf":{"@id":"http:\/\/escort-technology.com\/de\/#website"},"datePublished":"2018-05-08T11:38:56+00:00","dateModified":"2023-03-29T07:05:35+00:00","breadcrumb":{"@id":"http:\/\/escort-technology.com\/en\/mapy-navionics\/#breadcrumb"},"inLanguage":"pl-PL","potentialAction":[{"@type":"ReadAction","target":["http:\/\/escort-technology.com\/en\/mapy-navionics\/"]}]},{"@type":"BreadcrumbList","@id":"http:\/\/escort-technology.com\/en\/mapy-navionics\/#breadcrumb","itemListElement":[{"@type":"ListItem","position":1,"name":"Strona g\u0142\u00f3wna","item":"https:\/\/escort-technology.com\/"},{"@type":"ListItem","position":2,"name":"Mapy Navionics+"}]},{"@type":"WebSite","@id":"http:\/\/escort-technology.com\/de\/#website","url":"http:\/\/escort-technology.com\/de\/","name":"ESCORT TECHNOLOGY","description":"Elektronika morska i l\u0105dowa","publisher":{"@id":"http:\/\/escort-technology.com\/de\/#organization"},"potentialAction":[{"@type":"SearchAction","target":{"@type":"EntryPoint","urlTemplate":"http:\/\/escort-technology.com\/de\/?s={search_term_string}"},"query-input":{"@type":"PropertyValueSpecification","valueRequired":true,"valueName":"search_term_string"}}],"inLanguage":"pl-PL"},{"@type":"Organization","@id":"http:\/\/escort-technology.com\/de\/#organization","name":"ESCORT TECHNOLOGY","url":"http:\/\/escort-technology.com\/de\/","logo":{"@type":"ImageObject","inLanguage":"pl-PL","@id":"http:\/\/escort-technology.com\/de\/#\/schema\/logo\/image\/","url":"https:\/\/escort-technology.com\/wp-content\/uploads\/logo-1.jpg","contentUrl":"https:\/\/escort-technology.com\/wp-content\/uploads\/logo-1.jpg","width":600,"height":165,"caption":"ESCORT TECHNOLOGY"},"image":{"@id":"http:\/\/escort-technology.com\/de\/#\/schema\/logo\/image\/"},"sameAs":["https:\/\/www.facebook.com\/elektronika.morska\/","https:\/\/www.linkedin.com\/company\/escort-sp-z-o-o-\/"]}]}},"_links":{"self":[{"href":"https:\/\/escort-technology.com\/pl\/wp-json\/wp\/v2\/pages\/3362","targetHints":{"allow":["GET"]}}],"collection":[{"href":"https:\/\/escort-technology.com\/pl\/wp-json\/wp\/v2\/pages"}],"about":[{"href":"https:\/\/escort-technology.com\/pl\/wp-json\/wp\/v2\/types\/page"}],"author":[{"embeddable":true,"href":"https:\/\/escort-technology.com\/pl\/wp-json\/wp\/v2\/users\/6"}],"replies":[{"embeddable":true,"href":"https:\/\/escort-technology.com\/pl\/wp-json\/wp\/v2\/comments?post=3362"}],"version-history":[{"count":12,"href":"https:\/\/escort-technology.com\/pl\/wp-json\/wp\/v2\/pages\/3362\/revisions"}],"predecessor-version":[{"id":12338,"href":"https:\/\/escort-technology.com\/pl\/wp-json\/wp\/v2\/pages\/3362\/revisions\/12338"}],"wp:attachment":[{"href":"https:\/\/escort-technology.com\/pl\/wp-json\/wp\/v2\/media?parent=3362"}],"curies":[{"name":"wp","href":"https:\/\/api.w.org\/{rel}","templated":true}]}}