{"id":3396,"date":"2018-05-08T12:16:06","date_gmt":"2018-05-08T12:16:06","guid":{"rendered":"http:\/\/escort-technology.com\/?page_id=3396"},"modified":"2018-05-09T06:38:12","modified_gmt":"2018-05-09T06:38:12","slug":"przewodnik-po-systemie-ais","status":"publish","type":"page","link":"https:\/\/escort-technology.com\/pl\/przewodnik-po-systemie-ais\/","title":{"rendered":"Przewodnik po systemie AIS"},"content":{"rendered":"<p>Przewodnik po systemie AIS<\/p>\n<p>Co to jest system AIS?<br \/>\nAutomatic Identification System (AIS) jest mi\u0119dzynarodowym systemem opracowanym przez Mi\u0119dzynarodow\u0105 Organizacj\u0119 morsk\u0105 w skr\u00f3cie IMO.<br \/>\nSystem pozwala na wymian\u0119 niezb\u0119dnych danych mi\u0119dzy statkami za po\u015brednictwem fal radiowych. Dane wysy\u0142ane pomi\u0119dzy statkami oraz stacjami brzegowymi, mo\u017cemy podzieli\u0107 na trzy typy:<\/p>\n<p>dane statyczne \u2013 ilo\u015b\u0107 pasa\u017cer\u00f3w na dan\u0105 podr\u00f3\u017c, zanurzenie, \u0142adunek, port przeznaczenia, itd.<br \/>\ndane dynamiczne- kurs, pr\u0119dko\u015b\u0107, pozycja, itd.<br \/>\ndane identyfikacyjne jednostki \u2013 numer MMSI, nazwa statku, Call sign,\n<\/p>\n<p>Na rynku dost\u0119pne s\u0105 dwa typy urz\u0105dze\u0144, w zale\u017cno\u015bci od wielko\u015bci jednostki. Przepisy IMO dla du\u017cych statk\u00f3w, wymagaj\u0105 posiadania na burcie statku, transponder\u00f3w AIS klasy A, kt\u00f3re charakteryzuj\u0105 si\u0119 wi\u0119ksz\u0105 moc\u0105 oraz ilo\u015bci\u0105 przesy\u0142anych informacji. Na mniejsze jednostki lepszym rozwi\u0105zaniem s\u0105 urz\u0105dzenia klasy B , znacznie ta\u0144sze bez certyfikatu MED. W\u015br\u00f3d urz\u0105dze\u0144 wyr\u00f3\u017cniamy:<\/p>\n<p>Transpondery klasy A \u2013 przeznaczone dna du\u017ce jednostki, obj\u0119te konwencj\u0105 SOLAS. Urz\u0105dzenia posiadaj\u0105 uznanie MED.<br \/>\nTranspondery klasy B \u2013 przeznaczone na mniejsze jednostki, bez wymogu posiadania transponder\u00f3w klasy A. Urz\u0105dzenia znacznie ta\u0144sze, bez uznania MED.<br \/>\nOdbiorniki AIS- urz\u0105dzenia s\u0142u\u017c\u0105ce tylko do odbioru informacji od innych stacji, bez mo\u017cliwo\u015bci nadawania.<br \/>\nRozdzielacze antenowe \u2013 splitery- urz\u0105dzenia pozwalaj\u0105ce na u\u017cycie na jednostce jednej anteny zar\u00f3wno do radiotelefonu VHF jak i odbioru, lub odbioru i nadawania informacji AIS. Rozwi\u0105zanie polecane jedynie dla jednostek z ograniczonym miejscem na monta\u017c drugiej anteny.\n<\/p>\n<p>Zaletami systemu s\u0105:<br \/>\nW wypadku \u017ceglugi blisko brzegu, radar nie jest w stanie wykry\u0107 obiekt\u00f3w znajduj\u0105cych si\u0119 za przeszkod\u0105 jak\u0105 stanowi na przyk\u0142ad l\u0105d. Nak\u0142adanie danych AIS na obraz radarowy jest r\u00f3wnie\u017c doskona\u0142\u0105 pomoc\u0105 podczas prowadzenia nawigacji, umo\u017cliwiaj\u0105c lepsz\u0105 obserwacj\u0119. U\u0142atwia tak\u017ce, \u017ceglug\u0119 podczas ograniczonej widoczno\u015bci, przy zredukowanych zdolno\u015bciach obserwacyjnych nawigatora.<br \/>\nJakie urz\u0105dzenia s\u0105 dost\u0119pne na rynku?<\/p>\n<p>Transpondery z wy\u015bwietlaczem- urz\u0105dzenia kompletne z regu\u0142y w zestawie z anten\u0105 GPS oraz kablem, do ca\u0142ego systemu nale\u017cy zakupi\u0107 anten\u0119 VHF oraz kabel.<br \/>\nTranspondery, odbiorniki, rozdzielacze antenowe w postaci black box \u2013 do pod\u0142\u0105czenia z komputerem lub monitorem. Urz\u0105dzenie wymaga dokupienia anten i okablowania.<br \/>\nNadajniki AIS SART- do u\u017cycia w niebezpiecze\u0144stwie, umo\u017cliwiaj\u0105 szybk\u0105 lokalizacj\u0119 statku znajduj\u0105cego si\u0119 w niebezpiecze\u0144stwie.<\/p>\n<p>\u015aledzenie obiekt\u00f3w mo\u017cliwe za po\u015brednictwem strony internetowej na portalu\u00a0https:\/\/www.marinetraffic.com\/pl\/<br \/>\n\u00a0<\/p>\n<p><!-- {\"name\":\"\",\"type\":\"layout\",\"children\":[{\"name\":\"ANTENA\",\"type\":\"section\",\"props\":{\"width\":\"default\",\"padding\":\"xsmall\",\"style\":\"default\",\"text_color\":\"\",\"media\":\"\",\"height_viewport\":false,\"header_overlay\":\"light\",\"animation\":\"slide-top-medium\",\"padding_remove_top\":false,\"image_size\":\"cover\",\"image\":\"\",\"image_position\":\"bottom-center\",\"image_fixed\":false,\"class\":\"\",\"overlap\":true,\"vertical_align\":\"middle\",\"title_position\":\"top-left\",\"title_rotation\":\"left\",\"title_breakpoint\":\"xl\"},\"children\":[{\"name\":\"\",\"type\":\"row\",\"props\":{\"layout\":\"1-1\",\"breakpoint\":\"m\",\"margin\":\"\",\"fixed_width\":\"large\"},\"children\":[{\"name\":\"\",\"type\":\"column\",\"props\":{\"image_position\":\"center-center\",\"widths\":[\"1-1\"]},\"children\":[{\"name\":\"\",\"type\":\"headline\",\"props\":{\"title_element\":\"h2\",\"content\":\"Przewodnik po systemie AIS\",\"text_align\":\"center\",\"text_align_fallback\":\"center\",\"maxwidth_align\":\"center\",\"maxwidth\":\"\",\"title_style\":\"h2\",\"title_decoration\":\"\",\"margin\":\"\"}},{\"name\":\"\",\"type\":\"divider\",\"props\":{\"divider_element\":\"hr\"}},{\"name\":\"\",\"type\":\"text\",\"props\":{\"column_breakpoint\":\"m\",\"margin\":\"medium\",\"content\":\"\n\n<p><strong>Co to jest system AIS?<\\\/strong><\\\/p>\\n\n\n<p><strong>Automatic Identification System (AIS)<\\\/strong> jest mi\\u0119dzynarodowym systemem opracowanym przez Mi\\u0119dzynarodow\\u0105 Organizacj\\u0119 morsk\\u0105 w skr\\u00f3cie IMO.<\\\/p>\\n\n\n<p>System pozwala na wymian\\u0119 niezb\\u0119dnych danych mi\\u0119dzy statkami za po\\u015brednictwem fal radiowych. Dane wysy\\u0142ane pomi\\u0119dzy statkami oraz stacjami brzegowymi, mo\\u017cemy podzieli\\u0107 na trzy typy:<\\\/p>\\n\n\n<ul>\\n\n\n<li>dane statyczne \\u2013 ilo\\u015b\\u0107 pasa\\u017cer\\u00f3w na dan\\u0105 podr\\u00f3\\u017c, zanurzenie, \\u0142adunek, port przeznaczenia, itd.<\\\/li>\\n\n\n<li>dane dynamiczne- kurs, pr\\u0119dko\\u015b\\u0107, pozycja, itd.<\\\/li>\\n\n\n<li>dane identyfikacyjne jednostki \\u2013 numer MMSI, nazwa statku, Call sign,<\\\/li>\\n<\\\/ul>\",\"animation\":\"slide-left-medium\",\"text_align\":\"justify\",\"text_align_breakpoint\":\"m\",\"text_align_fallback\":\"center\",\"text_size\":\"\",\"maxwidth\":\"\",\"maxwidth_align\":\"center\"}},{\"name\":\"\",\"type\":\"image\",\"props\":{\"margin\":\"default\",\"image\":\"wp-content\\\/uploads\\\/ais-diagram.png\",\"text_align\":\"center\"}},{\"name\":\"\",\"type\":\"text\",\"props\":{\"margin\":\"default\",\"column_breakpoint\":\"m\",\"content\":\"\n\n<p>Na rynku dost\\u0119pne s\\u0105 dwa typy urz\\u0105dze\\u0144, w zale\\u017cno\\u015bci od wielko\\u015bci jednostki. Przepisy IMO dla du\\u017cych statk\\u00f3w, wymagaj\\u0105 posiadania na burcie statku, transponder\\u00f3w AIS klasy A, kt\\u00f3re charakteryzuj\\u0105 si\\u0119 wi\\u0119ksz\\u0105 moc\\u0105 oraz ilo\\u015bci\\u0105 przesy\\u0142anych informacji. Na mniejsze jednostki lepszym rozwi\\u0105zaniem s\\u0105 urz\\u0105dzenia klasy B , znacznie ta\\u0144sze bez certyfikatu MED. W\\u015br\\u00f3d urz\\u0105dze\\u0144 wyr\\u00f3\\u017cniamy:<\\\/p>\\n\n\n<ul>\\n\n\n<li>Transpondery klasy A \\u2013 przeznaczone dna du\\u017ce jednostki, obj\\u0119te konwencj\\u0105 SOLAS. Urz\\u0105dzenia posiadaj\\u0105 uznanie MED.<\\\/li>\\n\n\n<li>Transpondery klasy B \\u2013 przeznaczone na mniejsze jednostki, bez wymogu posiadania transponder\\u00f3w klasy A. Urz\\u0105dzenia znacznie ta\\u0144sze, bez uznania MED.<\\\/li>\\n\n\n<li>Odbiorniki AIS- urz\\u0105dzenia s\\u0142u\\u017c\\u0105ce tylko do odbioru informacji od innych stacji, bez mo\\u017cliwo\\u015bci nadawania.<\\\/li>\\n\n\n<li>Rozdzielacze antenowe \\u2013 splitery- urz\\u0105dzenia pozwalaj\\u0105ce na u\\u017cycie na jednostce jednej anteny zar\\u00f3wno do radiotelefonu VHF jak i odbioru, lub odbioru i nadawania informacji AIS. Rozwi\\u0105zanie polecane jedynie dla jednostek z ograniczonym miejscem na monta\\u017c drugiej anteny.<\\\/li>\\n<\\\/ul>\",\"text_align\":\"justify\"}},{\"name\":\"\",\"type\":\"image\",\"props\":{\"margin\":\"default\",\"image\":\"wp-content\\\/uploads\\\/AI50_screen_01.jpg\",\"text_align\":\"center\",\"image_height\":\"300\"}},{\"name\":\"\",\"type\":\"text\",\"props\":{\"margin\":\"default\",\"column_breakpoint\":\"m\",\"content\":\"\n\n<p>Zaletami systemu s\\u0105:<\\\/p>\\n\n\n<p>W wypadku \\u017ceglugi blisko brzegu, radar nie jest w stanie wykry\\u0107 obiekt\\u00f3w znajduj\\u0105cych si\\u0119 za przeszkod\\u0105 jak\\u0105 stanowi na przyk\\u0142ad l\\u0105d. Nak\\u0142adanie danych AIS na obraz radarowy jest r\\u00f3wnie\\u017c doskona\\u0142\\u0105 pomoc\\u0105 podczas prowadzenia nawigacji, umo\\u017cliwiaj\\u0105c lepsz\\u0105 obserwacj\\u0119. U\\u0142atwia tak\\u017ce, \\u017ceglug\\u0119 podczas ograniczonej widoczno\\u015bci, przy zredukowanych zdolno\\u015bciach obserwacyjnych nawigatora.<\\\/p>\\n\n\n<p>Jakie urz\\u0105dzenia s\\u0105 dost\\u0119pne na rynku?<\\\/p>\\n\n\n<ul>\\n\n\n<li>Transpondery z wy\\u015bwietlaczem- urz\\u0105dzenia kompletne z regu\\u0142y w zestawie z anten\\u0105 GPS oraz kablem, do ca\\u0142ego systemu nale\\u017cy zakupi\\u0107 anten\\u0119 VHF oraz kabel.<\\\/li>\\n\n\n<li>Transpondery, odbiorniki, rozdzielacze antenowe w postaci black box \\u2013 do pod\\u0142\\u0105czenia z komputerem lub monitorem. Urz\\u0105dzenie wymaga dokupienia anten i okablowania.<\\\/li>\\n\n\n<li>Nadajniki AIS SART- do u\\u017cycia w niebezpiecze\\u0144stwie, umo\\u017cliwiaj\\u0105 szybk\\u0105 lokalizacj\\u0119 statku znajduj\\u0105cego si\\u0119 w niebezpiecze\\u0144stwie.<\\\/li>\\n<\\\/ul>\\n\n\n<p>\\u015aledzenie obiekt\\u00f3w mo\\u017cliwe za po\\u015brednictwem strony internetowej na portalu<span style=\\\"color: #808080;\\\">\\u00a0<\\\/span><a href=\\\"https:\\\/\\\/www.marinetraffic.com\\\/pl\\\/\\\"><span style=\\\"color: #808080;\\\">https:\\\/\\\/www.marinetraffic.com\\\/pl\\\/<\\\/span><\\\/a><\\\/p>\\n\n\n<p>\\u00a0<\\\/p>\"}}]}]}]}]} --><\/p>\n","protected":false},"excerpt":{"rendered":"<p>Przewodnik po systemie AIS Co to jest system AIS? Automatic Identification System (AIS) jest mi\u0119dzynarodowym systemem opracowanym przez Mi\u0119dzynarodow\u0105 Organizacj\u0119 morsk\u0105 w skr\u00f3cie IMO. System pozwala na wymian\u0119 niezb\u0119dnych danych mi\u0119dzy statkami za po\u015brednictwem fal radiowych. Dane wysy\u0142ane pomi\u0119dzy statkami oraz stacjami brzegowymi, mo\u017cemy podzieli\u0107 na trzy typy: dane statyczne \u2013 ilo\u015b\u0107 pasa\u017cer\u00f3w na dan\u0105 [&hellip;]<\/p>\n","protected":false},"author":6,"featured_media":0,"parent":0,"menu_order":0,"comment_status":"closed","ping_status":"closed","template":"","meta":{"footnotes":""},"class_list":["post-3396","page","type-page","status-publish","hentry"],"yoast_head":"<!-- This site is optimized with the Yoast SEO plugin v27.5 - https:\/\/yoast.com\/product\/yoast-seo-wordpress\/ -->\n<title>Przewodnik po systemie AIS - ESCORT TECHNOLOGY<\/title>\n<meta name=\"robots\" content=\"index, follow, max-snippet:-1, max-image-preview:large, max-video-preview:-1\" \/>\n<link rel=\"canonical\" href=\"https:\/\/escort-technology.com\/pl\/przewodnik-po-systemie-ais\/\" \/>\n<meta property=\"og:locale\" content=\"pl_PL\" \/>\n<meta property=\"og:type\" content=\"article\" \/>\n<meta property=\"og:title\" content=\"Przewodnik po systemie AIS - ESCORT TECHNOLOGY\" \/>\n<meta property=\"og:description\" content=\"Przewodnik po systemie AIS Co to jest system AIS? Automatic Identification System (AIS) jest mi\u0119dzynarodowym systemem opracowanym przez Mi\u0119dzynarodow\u0105 Organizacj\u0119 morsk\u0105 w skr\u00f3cie IMO. System pozwala na wymian\u0119 niezb\u0119dnych danych mi\u0119dzy statkami za po\u015brednictwem fal radiowych. Dane wysy\u0142ane pomi\u0119dzy statkami oraz stacjami brzegowymi, mo\u017cemy podzieli\u0107 na trzy typy: dane statyczne \u2013 ilo\u015b\u0107 pasa\u017cer\u00f3w na dan\u0105 [&hellip;]\" \/>\n<meta property=\"og:url\" content=\"https:\/\/escort-technology.com\/pl\/przewodnik-po-systemie-ais\/\" \/>\n<meta property=\"og:site_name\" content=\"ESCORT TECHNOLOGY\" \/>\n<meta property=\"article:publisher\" content=\"https:\/\/www.facebook.com\/elektronika.morska\/\" \/>\n<meta property=\"article:modified_time\" content=\"2018-05-09T06:38:12+00:00\" \/>\n<meta name=\"twitter:card\" content=\"summary_large_image\" \/>\n<meta name=\"twitter:label1\" content=\"Szacowany czas czytania\" \/>\n\t<meta name=\"twitter:data1\" content=\"2 minuty\" \/>\n<script type=\"application\/ld+json\" class=\"yoast-schema-graph\">{\"@context\":\"https:\\\/\\\/schema.org\",\"@graph\":[{\"@type\":\"WebPage\",\"@id\":\"https:\\\/\\\/escort-technology.com\\\/en\\\/przewodnik-po-systemie-ais\\\/\",\"url\":\"https:\\\/\\\/escort-technology.com\\\/en\\\/przewodnik-po-systemie-ais\\\/\",\"name\":\"Przewodnik po systemie AIS - ESCORT TECHNOLOGY\",\"isPartOf\":{\"@id\":\"http:\\\/\\\/escort-technology.com\\\/de\\\/#website\"},\"datePublished\":\"2018-05-08T12:16:06+00:00\",\"dateModified\":\"2018-05-09T06:38:12+00:00\",\"breadcrumb\":{\"@id\":\"https:\\\/\\\/escort-technology.com\\\/en\\\/przewodnik-po-systemie-ais\\\/#breadcrumb\"},\"inLanguage\":\"pl-PL\",\"potentialAction\":[{\"@type\":\"ReadAction\",\"target\":[\"https:\\\/\\\/escort-technology.com\\\/en\\\/przewodnik-po-systemie-ais\\\/\"]}]},{\"@type\":\"BreadcrumbList\",\"@id\":\"https:\\\/\\\/escort-technology.com\\\/en\\\/przewodnik-po-systemie-ais\\\/#breadcrumb\",\"itemListElement\":[{\"@type\":\"ListItem\",\"position\":1,\"name\":\"Strona g\u0142\u00f3wna\",\"item\":\"https:\\\/\\\/escort-technology.com\\\/\"},{\"@type\":\"ListItem\",\"position\":2,\"name\":\"Przewodnik po systemie AIS\"}]},{\"@type\":\"WebSite\",\"@id\":\"http:\\\/\\\/escort-technology.com\\\/de\\\/#website\",\"url\":\"http:\\\/\\\/escort-technology.com\\\/de\\\/\",\"name\":\"ESCORT TECHNOLOGY\",\"description\":\"Elektronika morska i l\u0105dowa\",\"publisher\":{\"@id\":\"http:\\\/\\\/escort-technology.com\\\/de\\\/#organization\"},\"potentialAction\":[{\"@type\":\"SearchAction\",\"target\":{\"@type\":\"EntryPoint\",\"urlTemplate\":\"http:\\\/\\\/escort-technology.com\\\/de\\\/?s={search_term_string}\"},\"query-input\":{\"@type\":\"PropertyValueSpecification\",\"valueRequired\":true,\"valueName\":\"search_term_string\"}}],\"inLanguage\":\"pl-PL\"},{\"@type\":\"Organization\",\"@id\":\"http:\\\/\\\/escort-technology.com\\\/de\\\/#organization\",\"name\":\"ESCORT TECHNOLOGY\",\"url\":\"http:\\\/\\\/escort-technology.com\\\/de\\\/\",\"logo\":{\"@type\":\"ImageObject\",\"inLanguage\":\"pl-PL\",\"@id\":\"http:\\\/\\\/escort-technology.com\\\/de\\\/#\\\/schema\\\/logo\\\/image\\\/\",\"url\":\"https:\\\/\\\/escort-technology.com\\\/wp-content\\\/uploads\\\/logo-1.jpg\",\"contentUrl\":\"https:\\\/\\\/escort-technology.com\\\/wp-content\\\/uploads\\\/logo-1.jpg\",\"width\":600,\"height\":165,\"caption\":\"ESCORT TECHNOLOGY\"},\"image\":{\"@id\":\"http:\\\/\\\/escort-technology.com\\\/de\\\/#\\\/schema\\\/logo\\\/image\\\/\"},\"sameAs\":[\"https:\\\/\\\/www.facebook.com\\\/elektronika.morska\\\/\",\"https:\\\/\\\/www.linkedin.com\\\/company\\\/escort-sp-z-o-o-\\\/\"]}]}<\/script>\n<!-- \/ Yoast SEO plugin. -->","yoast_head_json":{"title":"Przewodnik po systemie AIS - ESCORT TECHNOLOGY","robots":{"index":"index","follow":"follow","max-snippet":"max-snippet:-1","max-image-preview":"max-image-preview:large","max-video-preview":"max-video-preview:-1"},"canonical":"https:\/\/escort-technology.com\/pl\/przewodnik-po-systemie-ais\/","og_locale":"pl_PL","og_type":"article","og_title":"Przewodnik po systemie AIS - ESCORT TECHNOLOGY","og_description":"Przewodnik po systemie AIS Co to jest system AIS? Automatic Identification System (AIS) jest mi\u0119dzynarodowym systemem opracowanym przez Mi\u0119dzynarodow\u0105 Organizacj\u0119 morsk\u0105 w skr\u00f3cie IMO. System pozwala na wymian\u0119 niezb\u0119dnych danych mi\u0119dzy statkami za po\u015brednictwem fal radiowych. Dane wysy\u0142ane pomi\u0119dzy statkami oraz stacjami brzegowymi, mo\u017cemy podzieli\u0107 na trzy typy: dane statyczne \u2013 ilo\u015b\u0107 pasa\u017cer\u00f3w na dan\u0105 [&hellip;]","og_url":"https:\/\/escort-technology.com\/pl\/przewodnik-po-systemie-ais\/","og_site_name":"ESCORT TECHNOLOGY","article_publisher":"https:\/\/www.facebook.com\/elektronika.morska\/","article_modified_time":"2018-05-09T06:38:12+00:00","twitter_card":"summary_large_image","twitter_misc":{"Szacowany czas czytania":"2 minuty"},"schema":{"@context":"https:\/\/schema.org","@graph":[{"@type":"WebPage","@id":"https:\/\/escort-technology.com\/en\/przewodnik-po-systemie-ais\/","url":"https:\/\/escort-technology.com\/en\/przewodnik-po-systemie-ais\/","name":"Przewodnik po systemie AIS - ESCORT TECHNOLOGY","isPartOf":{"@id":"http:\/\/escort-technology.com\/de\/#website"},"datePublished":"2018-05-08T12:16:06+00:00","dateModified":"2018-05-09T06:38:12+00:00","breadcrumb":{"@id":"https:\/\/escort-technology.com\/en\/przewodnik-po-systemie-ais\/#breadcrumb"},"inLanguage":"pl-PL","potentialAction":[{"@type":"ReadAction","target":["https:\/\/escort-technology.com\/en\/przewodnik-po-systemie-ais\/"]}]},{"@type":"BreadcrumbList","@id":"https:\/\/escort-technology.com\/en\/przewodnik-po-systemie-ais\/#breadcrumb","itemListElement":[{"@type":"ListItem","position":1,"name":"Strona g\u0142\u00f3wna","item":"https:\/\/escort-technology.com\/"},{"@type":"ListItem","position":2,"name":"Przewodnik po systemie AIS"}]},{"@type":"WebSite","@id":"http:\/\/escort-technology.com\/de\/#website","url":"http:\/\/escort-technology.com\/de\/","name":"ESCORT TECHNOLOGY","description":"Elektronika morska i l\u0105dowa","publisher":{"@id":"http:\/\/escort-technology.com\/de\/#organization"},"potentialAction":[{"@type":"SearchAction","target":{"@type":"EntryPoint","urlTemplate":"http:\/\/escort-technology.com\/de\/?s={search_term_string}"},"query-input":{"@type":"PropertyValueSpecification","valueRequired":true,"valueName":"search_term_string"}}],"inLanguage":"pl-PL"},{"@type":"Organization","@id":"http:\/\/escort-technology.com\/de\/#organization","name":"ESCORT TECHNOLOGY","url":"http:\/\/escort-technology.com\/de\/","logo":{"@type":"ImageObject","inLanguage":"pl-PL","@id":"http:\/\/escort-technology.com\/de\/#\/schema\/logo\/image\/","url":"https:\/\/escort-technology.com\/wp-content\/uploads\/logo-1.jpg","contentUrl":"https:\/\/escort-technology.com\/wp-content\/uploads\/logo-1.jpg","width":600,"height":165,"caption":"ESCORT TECHNOLOGY"},"image":{"@id":"http:\/\/escort-technology.com\/de\/#\/schema\/logo\/image\/"},"sameAs":["https:\/\/www.facebook.com\/elektronika.morska\/","https:\/\/www.linkedin.com\/company\/escort-sp-z-o-o-\/"]}]}},"_links":{"self":[{"href":"https:\/\/escort-technology.com\/pl\/wp-json\/wp\/v2\/pages\/3396","targetHints":{"allow":["GET"]}}],"collection":[{"href":"https:\/\/escort-technology.com\/pl\/wp-json\/wp\/v2\/pages"}],"about":[{"href":"https:\/\/escort-technology.com\/pl\/wp-json\/wp\/v2\/types\/page"}],"author":[{"embeddable":true,"href":"https:\/\/escort-technology.com\/pl\/wp-json\/wp\/v2\/users\/6"}],"replies":[{"embeddable":true,"href":"https:\/\/escort-technology.com\/pl\/wp-json\/wp\/v2\/comments?post=3396"}],"version-history":[{"count":2,"href":"https:\/\/escort-technology.com\/pl\/wp-json\/wp\/v2\/pages\/3396\/revisions"}],"predecessor-version":[{"id":3429,"href":"https:\/\/escort-technology.com\/pl\/wp-json\/wp\/v2\/pages\/3396\/revisions\/3429"}],"wp:attachment":[{"href":"https:\/\/escort-technology.com\/pl\/wp-json\/wp\/v2\/media?parent=3396"}],"curies":[{"name":"wp","href":"https:\/\/api.w.org\/{rel}","templated":true}]}}