{"id":3402,"date":"2018-05-08T12:17:43","date_gmt":"2018-05-08T12:17:43","guid":{"rendered":"http:\/\/escort-technology.com\/?page_id=3402"},"modified":"2020-11-25T13:29:27","modified_gmt":"2020-11-25T12:29:27","slug":"nadajnik-ais-klasy-b-em-trak-i100","status":"publish","type":"page","link":"https:\/\/escort-technology.com\/pl\/nadajnik-ais-klasy-b-em-trak-i100\/","title":{"rendered":"Nadajnik AIS klasy B EM-TRAK I100"},"content":{"rendered":"<h2>Nadajnik AIS klasy B EM-TRAK I100<\/h2>\n<hr>\n<div>\n<p>W PE\u0141NI ZINTEGROWANY TRANSPONDER<\/p>\n<p>SERIA I100\u00a0 Small Vessel Tracker<\/p>\n<p>Identyfikator AIS I100 em-trak jest w pe\u0142ni zintegrowanym transporterem AIS klasy B do \u015bledzenia statk\u00f3w. Wszystkie anteny VHF i GPS oraz ca\u0142a elektronika i baterie s\u0105 zintegrowane w szczelnej, wodoodpornej obudowie IPx8. Wewn\u0119trzny akumulator daje ponad 5 dni ci\u0105g\u0142ej pracy w ramach \u0142adowania. Identyfikator I100 jest dostarczany jako kompletny zestaw z uchwytem do monta\u017cu na statku i zasilaniem sieciowym doku szybkiego \u0142adowania.<\/p>\n<p>UWAGA: Urz\u0105dzenie nie b\u0119dzie dzia\u0142a\u0142o, dop\u00f3ki nie zostanie zaprogramowane z danymi statku i numerem\u00a0 MMSI. Pojedyncze jednostki mog\u0105 by\u0107 zaprogramowane przed wysy\u0142k\u0105 lub wiele jednostek mo\u017ce by\u0107 zaprogramowanych za pomoc\u0105 I100 zestawu do konfiguracji\u00a0 p\/n 417-0047.<\/p>\n<p>\u00a0<\/p>\n<p>\u00a0<\/p>\n<\/div>\n<p>\n    <a href=\"wp-content\/uploads\/Em-trak_Product_Datasheet_I100.pdf\">BROSZURA<\/a>\n<\/p>\n<ul>\n<li>\n<p>        <img decoding=\"async\" src=\"wp-content\/uploads\/I100-front.png\" alt=\"\"><\/p>\n<\/li>\n<li>\n<p>        <img decoding=\"async\" src=\"wp-content\/uploads\/I100-back.png\" alt=\"\"><\/p>\n<\/li>\n<\/ul>\n<ul>\n<li>\n<h3>Cechy<\/h3>\n<div>\n<ul>\n<li>Ma\u0142a i lekka obudowa<\/li>\n<li>5 dni nieprzerwanego u\u017cytkowania z jego wewn\u0119trznej baterii<\/li>\n<li>Ca\u0142kowite na\u0142adowanie zajmuje tylko 5 godzin.<\/li>\n<li>Wytrzyma\u0142a konstrukcja IPx8 zapewnia wydajno\u015b\u0107 operacyjn\u0105<\/li>\n<\/ul>\n<\/div>\n<\/li>\n<li>\n<h3>Specyfikacja<\/h3>\n<div>\n<p>SPECYFIKACJA FIZYCZNA I \u015aRODOWISKOWA<br \/>Wielko\u015b\u0107 (wys. x szer.) &#8211; 370 x 67 mm<br \/>Waga &#8211; 355g<br \/>Temperatura pracy &#8211; -25\u00b0C do +55\u00b0C<br \/>Temperatura przechowywania &#8211; -25\u00b0C do +70\u00b0C<br \/>Stopie\u0144 ochrony &#8211; IPx6 i IPx8<\/p>\n<p>SPECYFIKACJA ELEKTRYCZNA<br \/>Pojemno\u015b\u0107 akumulatora &#8211; 2300mAh<br \/>Typ akumulatora &#8211; 3,7 V Li-Ion \u0142adowalny<br \/>\u017bywotno\u015b\u0107 baterii (domy\u015blne warunki pracy) &#8211; 120 godzin<\/p>\n<p>PRZESTRZEGANIE STANDARD\u00d3W<br \/>Normy AIS &#8211; IEC 62287-1 Ed. 3. ITU-R M.1371.5<br \/>Normy bezpiecze\u0144stwa wyrob\u00f3w &#8211; EN60950-1 2006 +A11:2009 +A1:2010 +A12:2011 +A2:2013<br \/>Normy \u015brodowiskowe &#8211; IEC 60945 Ed. 4<br \/>Normy dzia\u0142ania GNSS &#8211; IEC 61108-1 Ed 2.0<\/p>\n<p>GNSS<br \/>Obs\u0142ugiwane systemy &#8211; GPS<br \/>Kana\u0142y &#8211; 50<br \/>Antena wewn\u0119trzna\/zewn\u0119trzna &#8211; Tylko wewn\u0119trzna<br \/>Czas na pierwsz\u0105 napraw\u0119 od zimnego startu &#8211; 37s<\/p>\n<p>VHF NADAWCZO-ODBIORCZY<br \/>System dost\u0119pu VDL &#8211; CSTDMA<br \/>Cz\u0119stotliwo\u015b\u0107 pracy &#8211; 156,025MHz &#8211; 162,025MHz<br \/>Szeroko\u015b\u0107 pasma kana\u0142u &#8211; 25kHz<br \/>Odbiorniki\/ nadajniki &#8211; 1 x nadajnik<br \/>Moc nadajnika AIS &#8211; 1W (30dBm wypromieniowana)<\/p>\n<p>INTERFEJS U\u017bYTKOWNIK\u00d3W<br \/>Przyciski &#8211; SOS<br \/>Wska\u017aniki &#8211; Wska\u017anik stanu<\/p>\n<p>\u0141ADOWANIE DOKU<br \/>Wielko\u015b\u0107 (wys. x szer. x g\u0142.) &#8211; 110 mm x 120 mm x 78 mm<br \/>Waga &#8211; 360g<br \/>Zasilanie &#8211; 115V \/ 240V AC<\/p>\n<p>DOK KONFIGURACYJNY<br \/>Wielko\u015b\u0107 (wys. x szer. x g\u0142.) &#8211; 110 mm x 120 mm x 78 mm<br \/>Waga &#8211; 360g<br \/>Zasilanie &#8211; 115V \/ 240V AC<br \/>Interfejs PC &#8211; USB (kabel w zestawie)<\/p>\n<\/div>\n<\/li>\n<li>\n<h3>Zestaw zawiera<\/h3>\n<div>\n<ul>\n<li>1 x Identyfikator<\/li>\n<li>1 x Wspornik statku i pakiet mocuj\u0105cy<\/li>\n<li>1 x Dok \u0142aduj\u0105cy<\/li>\n<\/ul>\n<\/div>\n<\/li>\n<\/ul>\n<p><!-- {\"name\":\"\",\"type\":\"layout\",\"children\":[{\"name\":\"ANTENA\",\"type\":\"section\",\"props\":{\"width\":\"default\",\"padding\":\"xsmall\",\"style\":\"default\",\"text_color\":\"\",\"media\":\"\",\"height_viewport\":false,\"header_overlay\":\"light\",\"animation\":\"slide-top-medium\",\"padding_remove_top\":false,\"image_size\":\"cover\",\"image\":\"\",\"image_position\":\"bottom-center\",\"image_fixed\":false,\"class\":\"\",\"overlap\":true,\"vertical_align\":\"middle\",\"title_position\":\"top-left\",\"title_rotation\":\"left\",\"title_breakpoint\":\"xl\",\"image_effect\":\"\"},\"children\":[{\"name\":\"\",\"type\":\"row\",\"props\":{\"layout\":\"1-1\",\"breakpoint\":\"m\",\"margin\":\"\",\"fixed_width\":\"large\"},\"children\":[{\"name\":\"\",\"type\":\"column\",\"props\":{\"image_position\":\"center-center\",\"widths\":[\"1-1\"]},\"children\":[{\"name\":\"\",\"type\":\"headline\",\"props\":{\"title_element\":\"h2\",\"content\":\"Nadajnik AIS klasy B EM-TRAK I100\",\"text_align\":\"center\",\"text_align_fallback\":\"center\",\"maxwidth_align\":\"center\",\"maxwidth\":\"\",\"title_style\":\"h2\",\"title_decoration\":\"\",\"margin\":\"\"}},{\"name\":\"\",\"type\":\"divider\",\"props\":{\"divider_element\":\"hr\"}}]}]}]},{\"type\":\"section\",\"props\":{\"style\":\"muted\",\"width\":\"default\",\"vertical_align\":\"middle\",\"title_position\":\"top-left\",\"title_rotation\":\"left\",\"title_breakpoint\":\"xl\",\"image_position\":\"center-center\",\"text_color\":\"\",\"width_expand\":\"\",\"height\":\"\",\"padding\":\"\",\"header_transparent\":\"\",\"animation\":\"\"},\"children\":[{\"type\":\"row\",\"props\":{\"layout\":\",\",\"breakpoint\":\"m\",\"fixed_width\":\"large\",\"gutter\":\"\",\"width\":\"\",\"width_expand\":\"\",\"height\":\"\",\"margin\":\"\"},\"children\":[{\"type\":\"column\",\"props\":{\"widths\":[\"\"],\"image_position\":\"center-center\",\"media_overlay_gradient\":\"\",\"vertical_align\":\"\",\"style\":\"\",\"text_color\":\"\",\"padding\":\"\"},\"children\":[{\"type\":\"text\",\"props\":{\"margin\":\"default\",\"column_breakpoint\":\"m\",\"text_style\":\"\",\"text_color\":\"\",\"text_size\":\"\",\"column\":\"\",\"text_align\":\"\",\"text_align_breakpoint\":\"\",\"text_align_fallback\":\"\",\"maxwidth\":\"\",\"maxwidth_align\":\"\",\"maxwidth_breakpoint\":\"\",\"animation\":\"\",\"visibility\":\"\",\"content\":\"\n\n<p>W PE\\u0141NI ZINTEGROWANY TRANSPONDER<\\\/p>\\n\n\n<p>SERIA I100\\u00a0 Small Vessel Tracker<\\\/p>\\n\n\n<p>Identyfikator AIS I100 em-trak jest w pe\\u0142ni zintegrowanym transporterem AIS klasy B do \\u015bledzenia statk\\u00f3w. Wszystkie anteny VHF i GPS oraz ca\\u0142a elektronika i baterie s\\u0105 zintegrowane w szczelnej, wodoodpornej obudowie IPx8. Wewn\\u0119trzny akumulator daje ponad 5 dni ci\\u0105g\\u0142ej pracy w ramach \\u0142adowania. Identyfikator I100 jest dostarczany jako kompletny zestaw z uchwytem do monta\\u017cu na statku i zasilaniem sieciowym doku szybkiego \\u0142adowania.<\\\/p>\\n\n\n<p>UWAGA: Urz\\u0105dzenie nie b\\u0119dzie dzia\\u0142a\\u0142o, dop\\u00f3ki nie zostanie zaprogramowane z danymi statku i numerem\\u00a0 MMSI. Pojedyncze jednostki mog\\u0105 by\\u0107 zaprogramowane przed wysy\\u0142k\\u0105 lub wiele jednostek mo\\u017ce by\\u0107 zaprogramowanych za pomoc\\u0105 I100 zestawu do konfiguracji\\u00a0 p\\\/n 417-0047.<\\\/p>\\n\n\n<p>\\u00a0<\\\/p>\\n\n\n<p>\\u00a0<\\\/p>\"}},{\"type\":\"button\",\"props\":{\"gutter\":\"small\",\"margin\":\"default\",\"button_size\":\"\",\"text_align\":\"center\",\"text_align_breakpoint\":\"\",\"text_align_fallback\":\"\",\"maxwidth\":\"\",\"maxwidth_align\":\"\",\"maxwidth_breakpoint\":\"\",\"animation\":\"\",\"visibility\":\"\"},\"children\":[{\"type\":\"button_item\",\"props\":{\"button_style\":\"default\",\"icon_align\":\"left\",\"link_target\":\"\",\"content\":\"BROSZURA\",\"link\":\"wp-content\\\/uploads\\\/Em-trak_Product_Datasheet_I100.pdf\"}}]}]},{\"type\":\"column\",\"props\":{\"widths\":[\"\"],\"image_position\":\"center-center\",\"media_overlay_gradient\":\"\",\"vertical_align\":\"\",\"style\":\"\",\"text_color\":\"\",\"padding\":\"\"},\"children\":[{\"type\":\"slideshow\",\"props\":{\"show_title\":true,\"show_meta\":true,\"show_content\":true,\"show_link\":true,\"show_thumbnail\":true,\"slideshow_min_height\":300,\"slideshow_autoplay_pause\":true,\"nav\":\"dotnav\",\"nav_position\":\"bottom-center\",\"nav_position_margin\":\"medium\",\"nav_align\":\"center\",\"nav_breakpoint\":\"s\",\"thumbnav_width\":\"100\",\"thumbnav_height\":\"75\",\"slidenav\":\"default\",\"slidenav_margin\":\"medium\",\"slidenav_breakpoint\":\"s\",\"slidenav_outside_breakpoint\":\"xl\",\"overlay_position\":\"center-left\",\"overlay_animation\":\"parallax\",\"title_element\":\"h3\",\"meta_style\":\"meta\",\"meta_align\":\"bottom\",\"link_text\":\"Read more\",\"link_style\":\"default\",\"margin\":\"default\",\"slideshow_height\":\"percent\",\"text_color\":\"\",\"slideshow_box_shadow\":\"\",\"slideshow_box_decoration\":\"\",\"slideshow_animation\":\"\",\"slideshow_kenburns\":\"\",\"nav_margin\":\"\",\"nav_color\":\"\",\"slidenav_outside_color\":\"\",\"overlay_container\":\"\",\"overlay_container_padding\":\"\",\"overlay_margin\":\"\",\"overlay_style\":\"\",\"overlay_padding\":\"\",\"overlay_width\":\"\",\"title_style\":\"\",\"title_decoration\":\"\",\"title_color\":\"\",\"meta_color\":\"\",\"meta_margin\":\"\",\"content_style\":\"\",\"link_size\":\"\",\"text_align\":\"\",\"text_align_breakpoint\":\"\",\"text_align_fallback\":\"\",\"maxwidth\":\"\",\"maxwidth_align\":\"\",\"maxwidth_breakpoint\":\"\",\"animation\":\"\",\"visibility\":\"\"},\"children\":[{\"type\":\"slideshow_item\",\"props\":{\"text_color\":\"\",\"image\":\"wp-content\\\/uploads\\\/I100-front.png\"}},{\"type\":\"slideshow_item\",\"props\":{\"text_color\":\"\",\"image\":\"wp-content\\\/uploads\\\/I100-back.png\"}}]}]}]}]},{\"type\":\"section\",\"props\":{\"style\":\"default\",\"width\":\"default\",\"vertical_align\":\"middle\",\"title_position\":\"top-left\",\"title_rotation\":\"left\",\"title_breakpoint\":\"xl\",\"image_position\":\"center-center\",\"text_color\":\"\",\"width_expand\":\"\",\"height\":\"\",\"padding\":\"\",\"header_transparent\":\"\",\"animation\":\"\"},\"children\":[{\"type\":\"row\",\"props\":{\"layout\":\"1-1\",\"breakpoint\":\"m\",\"fixed_width\":\"large\",\"gutter\":\"\",\"width\":\"\",\"width_expand\":\"\",\"height\":\"\",\"margin\":\"\"},\"children\":[{\"type\":\"column\",\"props\":{\"widths\":[\"1-1\"],\"image_position\":\"center-center\",\"media_overlay_gradient\":\"\",\"vertical_align\":\"\",\"style\":\"\",\"text_color\":\"\",\"padding\":\"\"},\"children\":[{\"type\":\"switcher\",\"props\":{\"show_title\":true,\"show_meta\":true,\"show_content\":true,\"show_image\":true,\"show_link\":true,\"show_label\":true,\"show_thumbnail\":true,\"switcher_style\":\"tab\",\"switcher_position\":\"top\",\"switcher_align\":\"left\",\"switcher_grid_width\":\"auto\",\"switcher_breakpoint\":\"m\",\"switcher_animation\":\"fade\",\"switcher_height\":true,\"title_element\":\"h3\",\"meta_style\":\"meta\",\"meta_align\":\"bottom\",\"image_align\":\"top\",\"image_grid_width\":\"1-2\",\"image_breakpoint\":\"m\",\"switcher_thumbnail_width\":\"100\",\"switcher_thumbnail_height\":\"75\",\"link_text\":\"Read more\",\"link_style\":\"default\",\"margin\":\"default\",\"switcher_margin\":\"\",\"switcher_gutter\":\"\",\"title_style\":\"\",\"title_decoration\":\"\",\"title_color\":\"\",\"meta_color\":\"\",\"meta_margin\":\"\",\"content_style\":\"\",\"image_border\":\"\",\"image_box_shadow\":\"\",\"image_box_decoration\":\"\",\"image_gutter\":\"\",\"link_size\":\"\",\"text_align\":\"\",\"text_align_breakpoint\":\"\",\"text_align_fallback\":\"\",\"maxwidth\":\"\",\"maxwidth_align\":\"\",\"maxwidth_breakpoint\":\"\",\"animation\":\"\",\"visibility\":\"\"},\"children\":[{\"type\":\"switcher_item\",\"props\":{\"title\":\"Cechy\",\"content\":\"\n\n<ul>\\n\n\n<li>Ma\\u0142a i lekka obudowa<\\\/li>\\n\n\n<li>5 dni nieprzerwanego u\\u017cytkowania z jego wewn\\u0119trznej baterii<\\\/li>\\n\n\n<li>Ca\\u0142kowite na\\u0142adowanie zajmuje tylko 5 godzin.<\\\/li>\\n\n\n<li>Wytrzyma\\u0142a konstrukcja IPx8 zapewnia wydajno\\u015b\\u0107 operacyjn\\u0105<\\\/li>\\n<\\\/ul>\"}},{\"type\":\"switcher_item\",\"props\":{\"content\":\"\n\n<p>SPECYFIKACJA FIZYCZNA I \\u015aRODOWISKOWA<br \\\/>Wielko\\u015b\\u0107 (wys. x szer.) - 370 x 67 mm<br \\\/>Waga - 355g<br \\\/>Temperatura pracy - -25\\u00b0C do +55\\u00b0C<br \\\/>Temperatura przechowywania - -25\\u00b0C do +70\\u00b0C<br \\\/>Stopie\\u0144 ochrony - IPx6 i IPx8<\\\/p>\\n\n\n<p>SPECYFIKACJA ELEKTRYCZNA<br \\\/>Pojemno\\u015b\\u0107 akumulatora - 2300mAh<br \\\/>Typ akumulatora - 3,7 V Li-Ion \\u0142adowalny<br \\\/>\\u017bywotno\\u015b\\u0107 baterii (domy\\u015blne warunki pracy) - 120 godzin<\\\/p>\\n\n\n<p>PRZESTRZEGANIE STANDARD\\u00d3W<br \\\/>Normy AIS - IEC 62287-1 Ed. 3. ITU-R M.1371.5<br \\\/>Normy bezpiecze\\u0144stwa wyrob\\u00f3w - EN60950-1 2006 +A11:2009 +A1:2010 +A12:2011 +A2:2013<br \\\/>Normy \\u015brodowiskowe - IEC 60945 Ed. 4<br \\\/>Normy dzia\\u0142ania GNSS - IEC 61108-1 Ed 2.0<\\\/p>\\n\n\n<p>GNSS<br \\\/>Obs\\u0142ugiwane systemy - GPS<br \\\/>Kana\\u0142y - 50<br \\\/>Antena wewn\\u0119trzna\\\/zewn\\u0119trzna - Tylko wewn\\u0119trzna<br \\\/>Czas na pierwsz\\u0105 napraw\\u0119 od zimnego startu - 37s<\\\/p>\\n\n\n<p>VHF NADAWCZO-ODBIORCZY<br \\\/>System dost\\u0119pu VDL - CSTDMA<br \\\/>Cz\\u0119stotliwo\\u015b\\u0107 pracy - 156,025MHz - 162,025MHz<br \\\/>Szeroko\\u015b\\u0107 pasma kana\\u0142u - 25kHz<br \\\/>Odbiorniki\\\/ nadajniki - 1 x nadajnik<br \\\/>Moc nadajnika AIS - 1W (30dBm wypromieniowana)<\\\/p>\\n\n\n<p>INTERFEJS U\\u017bYTKOWNIK\\u00d3W<br \\\/>Przyciski - SOS<br \\\/>Wska\\u017aniki - Wska\\u017anik stanu<\\\/p>\\n\n\n<p>\\u0141ADOWANIE DOKU<br \\\/>Wielko\\u015b\\u0107 (wys. x szer. x g\\u0142.) - 110 mm x 120 mm x 78 mm<br \\\/>Waga - 360g<br \\\/>Zasilanie - 115V \\\/ 240V AC<\\\/p>\\n\n\n<p>DOK KONFIGURACYJNY<br \\\/>Wielko\\u015b\\u0107 (wys. x szer. x g\\u0142.) - 110 mm x 120 mm x 78 mm<br \\\/>Waga - 360g<br \\\/>Zasilanie - 115V \\\/ 240V AC<br \\\/>Interfejs PC - USB (kabel w zestawie)<\\\/p>\",\"title\":\"Specyfikacja\"}},{\"type\":\"switcher_item\",\"props\":{\"title\":\"Zestaw zawiera\",\"content\":\"\n\n<ul>\\n\n\n<li>1 x Identyfikator<\\\/li>\\n\n\n<li>1 x Wspornik statku i pakiet mocuj\\u0105cy<\\\/li>\\n\n\n<li>1 x Dok \\u0142aduj\\u0105cy<\\\/li>\\n<\\\/ul>\"}}]}]}]}]}],\"props\":[],\"version\":\"1.18.0\"} --><\/p>\n","protected":false},"excerpt":{"rendered":"<p>Nadajnik AIS klasy B EM-TRAK I100 W PE\u0141NI ZINTEGROWANY TRANSPONDER SERIA I100\u00a0 Small Vessel Tracker Identyfikator AIS I100 em-trak jest w pe\u0142ni zintegrowanym transporterem AIS klasy B do \u015bledzenia statk\u00f3w. Wszystkie anteny VHF i GPS oraz ca\u0142a elektronika i baterie s\u0105 zintegrowane w szczelnej, wodoodpornej obudowie IPx8. Wewn\u0119trzny akumulator daje ponad 5 dni ci\u0105g\u0142ej pracy [&hellip;]<\/p>\n","protected":false},"author":6,"featured_media":0,"parent":0,"menu_order":0,"comment_status":"closed","ping_status":"closed","template":"","meta":{"footnotes":""},"class_list":["post-3402","page","type-page","status-publish","hentry"],"yoast_head":"<!-- This site is optimized with the Yoast SEO plugin v27.6 - https:\/\/yoast.com\/product\/yoast-seo-wordpress\/ -->\n<title>Nadajnik AIS klasy B EM-TRAK I100 - ESCORT TECHNOLOGY<\/title>\n<meta name=\"robots\" content=\"index, follow, max-snippet:-1, max-image-preview:large, max-video-preview:-1\" \/>\n<link rel=\"canonical\" href=\"http:\/\/escort-technology.com\/pl\/de\/nadajnik-ais-klasy-b-em-trak-i100\/\" \/>\n<meta property=\"og:locale\" content=\"pl_PL\" \/>\n<meta property=\"og:type\" content=\"article\" \/>\n<meta property=\"og:title\" content=\"Nadajnik AIS klasy B EM-TRAK I100 - ESCORT TECHNOLOGY\" \/>\n<meta property=\"og:description\" content=\"Nadajnik AIS klasy B EM-TRAK I100 W PE\u0141NI ZINTEGROWANY TRANSPONDER SERIA I100\u00a0 Small Vessel Tracker Identyfikator AIS I100 em-trak jest w pe\u0142ni zintegrowanym transporterem AIS klasy B do \u015bledzenia statk\u00f3w. Wszystkie anteny VHF i GPS oraz ca\u0142a elektronika i baterie s\u0105 zintegrowane w szczelnej, wodoodpornej obudowie IPx8. Wewn\u0119trzny akumulator daje ponad 5 dni ci\u0105g\u0142ej pracy [&hellip;]\" \/>\n<meta property=\"og:url\" content=\"http:\/\/escort-technology.com\/pl\/de\/nadajnik-ais-klasy-b-em-trak-i100\/\" \/>\n<meta property=\"og:site_name\" content=\"ESCORT TECHNOLOGY\" \/>\n<meta property=\"article:publisher\" content=\"https:\/\/www.facebook.com\/elektronika.morska\/\" \/>\n<meta property=\"article:modified_time\" content=\"2020-11-25T12:29:27+00:00\" \/>\n<meta property=\"og:image\" content=\"http:\/\/wp-content\/uploads\/I100-front.png\" \/>\n<meta name=\"twitter:card\" content=\"summary_large_image\" \/>\n<meta name=\"twitter:label1\" content=\"Szacowany czas czytania\" \/>\n\t<meta name=\"twitter:data1\" content=\"2 minuty\" \/>\n<script type=\"application\/ld+json\" class=\"yoast-schema-graph\">{\"@context\":\"https:\\\/\\\/schema.org\",\"@graph\":[{\"@type\":\"WebPage\",\"@id\":\"http:\\\/\\\/escort-technology.com\\\/de\\\/nadajnik-ais-klasy-b-em-trak-i100\\\/\",\"url\":\"http:\\\/\\\/escort-technology.com\\\/de\\\/nadajnik-ais-klasy-b-em-trak-i100\\\/\",\"name\":\"Nadajnik AIS klasy B EM-TRAK I100 - ESCORT TECHNOLOGY\",\"isPartOf\":{\"@id\":\"http:\\\/\\\/escort-technology.com\\\/de\\\/#website\"},\"datePublished\":\"2018-05-08T12:17:43+00:00\",\"dateModified\":\"2020-11-25T12:29:27+00:00\",\"breadcrumb\":{\"@id\":\"http:\\\/\\\/escort-technology.com\\\/de\\\/nadajnik-ais-klasy-b-em-trak-i100\\\/#breadcrumb\"},\"inLanguage\":\"pl-PL\",\"potentialAction\":[{\"@type\":\"ReadAction\",\"target\":[\"http:\\\/\\\/escort-technology.com\\\/de\\\/nadajnik-ais-klasy-b-em-trak-i100\\\/\"]}]},{\"@type\":\"BreadcrumbList\",\"@id\":\"http:\\\/\\\/escort-technology.com\\\/de\\\/nadajnik-ais-klasy-b-em-trak-i100\\\/#breadcrumb\",\"itemListElement\":[{\"@type\":\"ListItem\",\"position\":1,\"name\":\"Strona g\u0142\u00f3wna\",\"item\":\"https:\\\/\\\/escort-technology.com\\\/\"},{\"@type\":\"ListItem\",\"position\":2,\"name\":\"Nadajnik AIS klasy B EM-TRAK I100\"}]},{\"@type\":\"WebSite\",\"@id\":\"http:\\\/\\\/escort-technology.com\\\/de\\\/#website\",\"url\":\"http:\\\/\\\/escort-technology.com\\\/de\\\/\",\"name\":\"ESCORT TECHNOLOGY\",\"description\":\"Elektronika morska i l\u0105dowa\",\"publisher\":{\"@id\":\"http:\\\/\\\/escort-technology.com\\\/de\\\/#organization\"},\"potentialAction\":[{\"@type\":\"SearchAction\",\"target\":{\"@type\":\"EntryPoint\",\"urlTemplate\":\"http:\\\/\\\/escort-technology.com\\\/de\\\/?s={search_term_string}\"},\"query-input\":{\"@type\":\"PropertyValueSpecification\",\"valueRequired\":true,\"valueName\":\"search_term_string\"}}],\"inLanguage\":\"pl-PL\"},{\"@type\":\"Organization\",\"@id\":\"http:\\\/\\\/escort-technology.com\\\/de\\\/#organization\",\"name\":\"ESCORT TECHNOLOGY\",\"url\":\"http:\\\/\\\/escort-technology.com\\\/de\\\/\",\"logo\":{\"@type\":\"ImageObject\",\"inLanguage\":\"pl-PL\",\"@id\":\"http:\\\/\\\/escort-technology.com\\\/de\\\/#\\\/schema\\\/logo\\\/image\\\/\",\"url\":\"https:\\\/\\\/escort-technology.com\\\/wp-content\\\/uploads\\\/logo-1.jpg\",\"contentUrl\":\"https:\\\/\\\/escort-technology.com\\\/wp-content\\\/uploads\\\/logo-1.jpg\",\"width\":600,\"height\":165,\"caption\":\"ESCORT TECHNOLOGY\"},\"image\":{\"@id\":\"http:\\\/\\\/escort-technology.com\\\/de\\\/#\\\/schema\\\/logo\\\/image\\\/\"},\"sameAs\":[\"https:\\\/\\\/www.facebook.com\\\/elektronika.morska\\\/\",\"https:\\\/\\\/www.linkedin.com\\\/company\\\/escort-sp-z-o-o-\\\/\"]}]}<\/script>\n<!-- \/ Yoast SEO plugin. -->","yoast_head_json":{"title":"Nadajnik AIS klasy B EM-TRAK I100 - ESCORT TECHNOLOGY","robots":{"index":"index","follow":"follow","max-snippet":"max-snippet:-1","max-image-preview":"max-image-preview:large","max-video-preview":"max-video-preview:-1"},"canonical":"http:\/\/escort-technology.com\/pl\/de\/nadajnik-ais-klasy-b-em-trak-i100\/","og_locale":"pl_PL","og_type":"article","og_title":"Nadajnik AIS klasy B EM-TRAK I100 - ESCORT TECHNOLOGY","og_description":"Nadajnik AIS klasy B EM-TRAK I100 W PE\u0141NI ZINTEGROWANY TRANSPONDER SERIA I100\u00a0 Small Vessel Tracker Identyfikator AIS I100 em-trak jest w pe\u0142ni zintegrowanym transporterem AIS klasy B do \u015bledzenia statk\u00f3w. Wszystkie anteny VHF i GPS oraz ca\u0142a elektronika i baterie s\u0105 zintegrowane w szczelnej, wodoodpornej obudowie IPx8. Wewn\u0119trzny akumulator daje ponad 5 dni ci\u0105g\u0142ej pracy [&hellip;]","og_url":"http:\/\/escort-technology.com\/pl\/de\/nadajnik-ais-klasy-b-em-trak-i100\/","og_site_name":"ESCORT TECHNOLOGY","article_publisher":"https:\/\/www.facebook.com\/elektronika.morska\/","article_modified_time":"2020-11-25T12:29:27+00:00","og_image":[{"url":"wp-content\/uploads\/I100-front.png","type":"","width":"","height":""}],"twitter_card":"summary_large_image","twitter_misc":{"Szacowany czas czytania":"2 minuty"},"schema":{"@context":"https:\/\/schema.org","@graph":[{"@type":"WebPage","@id":"http:\/\/escort-technology.com\/de\/nadajnik-ais-klasy-b-em-trak-i100\/","url":"http:\/\/escort-technology.com\/de\/nadajnik-ais-klasy-b-em-trak-i100\/","name":"Nadajnik AIS klasy B EM-TRAK I100 - ESCORT TECHNOLOGY","isPartOf":{"@id":"http:\/\/escort-technology.com\/de\/#website"},"datePublished":"2018-05-08T12:17:43+00:00","dateModified":"2020-11-25T12:29:27+00:00","breadcrumb":{"@id":"http:\/\/escort-technology.com\/de\/nadajnik-ais-klasy-b-em-trak-i100\/#breadcrumb"},"inLanguage":"pl-PL","potentialAction":[{"@type":"ReadAction","target":["http:\/\/escort-technology.com\/de\/nadajnik-ais-klasy-b-em-trak-i100\/"]}]},{"@type":"BreadcrumbList","@id":"http:\/\/escort-technology.com\/de\/nadajnik-ais-klasy-b-em-trak-i100\/#breadcrumb","itemListElement":[{"@type":"ListItem","position":1,"name":"Strona g\u0142\u00f3wna","item":"https:\/\/escort-technology.com\/"},{"@type":"ListItem","position":2,"name":"Nadajnik AIS klasy B EM-TRAK I100"}]},{"@type":"WebSite","@id":"http:\/\/escort-technology.com\/de\/#website","url":"http:\/\/escort-technology.com\/de\/","name":"ESCORT TECHNOLOGY","description":"Elektronika morska i l\u0105dowa","publisher":{"@id":"http:\/\/escort-technology.com\/de\/#organization"},"potentialAction":[{"@type":"SearchAction","target":{"@type":"EntryPoint","urlTemplate":"http:\/\/escort-technology.com\/de\/?s={search_term_string}"},"query-input":{"@type":"PropertyValueSpecification","valueRequired":true,"valueName":"search_term_string"}}],"inLanguage":"pl-PL"},{"@type":"Organization","@id":"http:\/\/escort-technology.com\/de\/#organization","name":"ESCORT TECHNOLOGY","url":"http:\/\/escort-technology.com\/de\/","logo":{"@type":"ImageObject","inLanguage":"pl-PL","@id":"http:\/\/escort-technology.com\/de\/#\/schema\/logo\/image\/","url":"https:\/\/escort-technology.com\/wp-content\/uploads\/logo-1.jpg","contentUrl":"https:\/\/escort-technology.com\/wp-content\/uploads\/logo-1.jpg","width":600,"height":165,"caption":"ESCORT TECHNOLOGY"},"image":{"@id":"http:\/\/escort-technology.com\/de\/#\/schema\/logo\/image\/"},"sameAs":["https:\/\/www.facebook.com\/elektronika.morska\/","https:\/\/www.linkedin.com\/company\/escort-sp-z-o-o-\/"]}]}},"_links":{"self":[{"href":"https:\/\/escort-technology.com\/pl\/wp-json\/wp\/v2\/pages\/3402","targetHints":{"allow":["GET"]}}],"collection":[{"href":"https:\/\/escort-technology.com\/pl\/wp-json\/wp\/v2\/pages"}],"about":[{"href":"https:\/\/escort-technology.com\/pl\/wp-json\/wp\/v2\/types\/page"}],"author":[{"embeddable":true,"href":"https:\/\/escort-technology.com\/pl\/wp-json\/wp\/v2\/users\/6"}],"replies":[{"embeddable":true,"href":"https:\/\/escort-technology.com\/pl\/wp-json\/wp\/v2\/comments?post=3402"}],"version-history":[{"count":11,"href":"https:\/\/escort-technology.com\/pl\/wp-json\/wp\/v2\/pages\/3402\/revisions"}],"predecessor-version":[{"id":7920,"href":"https:\/\/escort-technology.com\/pl\/wp-json\/wp\/v2\/pages\/3402\/revisions\/7920"}],"wp:attachment":[{"href":"https:\/\/escort-technology.com\/pl\/wp-json\/wp\/v2\/media?parent=3402"}],"curies":[{"name":"wp","href":"https:\/\/api.w.org\/{rel}","templated":true}]}}