{"id":3416,"date":"2018-05-08T12:20:06","date_gmt":"2018-05-08T12:20:06","guid":{"rendered":"http:\/\/escort-technology.com\/?page_id=3416"},"modified":"2018-05-09T08:06:51","modified_gmt":"2018-05-09T08:06:51","slug":"comar-systems-ast-200","status":"publish","type":"page","link":"https:\/\/escort-technology.com\/pl\/comar-systems-ast-200\/","title":{"rendered":"Comar Systems AST-200"},"content":{"rendered":"<p>Comar Systems AST-200<\/p>\n<p>Rozdzielacz antenowy AST-200 stwo\u017cony do wsp\u00f3\u0142pracy razem z transponderem CSB-200. Pozwala na dzielenie instalacji radiofonu VHF razem z systemem AIS.<\/p>\n<p>\u0142atwy i szybki w instalacji wymaga u\u017cycia jednej anteny dla systemu radiotelefonu VHF i dla systemu AIS.<br \/>\nurz\u0105dzenie gwarantuj\u0119, \u017ce \u0142\u0105czno\u015b\u0107 radiotelefoniczna posiada priorytetow\u0105 wa\u017cno\u015b\u0107 nad odbieraniem informacji z systemu AIS.<br \/>\ndodatkowe wyj\u015bcie do pod\u0142\u0105czenia anteny AM<br \/>\ndiody LED, wskazuj\u0105 wykonywane w danym czasie dzia\u0142ania<br \/>\nzasilanie 12\/24 VDC\n<\/p>\n<p>BROSZURA<\/p>\n<p><!-- {\"name\":\"\",\"type\":\"layout\",\"children\":[{\"name\":\"ANTENA\",\"type\":\"section\",\"props\":{\"width\":\"default\",\"padding\":\"xsmall\",\"style\":\"default\",\"text_color\":\"\",\"media\":\"\",\"height_viewport\":false,\"header_overlay\":\"light\",\"animation\":\"slide-top-medium\",\"padding_remove_top\":false,\"image_size\":\"cover\",\"image\":\"\",\"image_position\":\"bottom-center\",\"image_fixed\":false,\"class\":\"\",\"overlap\":true,\"vertical_align\":\"middle\",\"title_position\":\"top-left\",\"title_rotation\":\"left\",\"title_breakpoint\":\"xl\"},\"children\":[{\"name\":\"\",\"type\":\"row\",\"props\":{\"layout\":\"1-1\",\"breakpoint\":\"m\",\"margin\":\"\",\"fixed_width\":\"large\"},\"children\":[{\"name\":\"\",\"type\":\"column\",\"props\":{\"image_position\":\"center-center\",\"widths\":[\"1-1\"]},\"children\":[{\"name\":\"\",\"type\":\"headline\",\"props\":{\"title_element\":\"h2\",\"content\":\"Comar Systems AST-200\",\"text_align\":\"center\",\"text_align_fallback\":\"center\",\"maxwidth_align\":\"center\",\"maxwidth\":\"\",\"title_style\":\"h2\",\"title_decoration\":\"\",\"margin\":\"\"}},{\"name\":\"\",\"type\":\"divider\",\"props\":{\"divider_element\":\"hr\"}}]}]},{\"name\":\"\",\"type\":\"row\",\"props\":{\"fixed_width\":\"large\",\"breakpoint\":\"m\",\"layout\":\",2-3\",\"margin\":\"medium\"},\"children\":[{\"name\":\"\",\"type\":\"column\",\"props\":{\"widths\":[\"\"],\"image_position\":\"center-center\"},\"children\":[{\"name\":\"\",\"type\":\"image\",\"props\":{\"margin\":\"default\",\"image\":\"wp-content\\\/uploads\\\/AST-200.jpg\",\"image_width\":\"400\",\"image_box_shadow\":\"\",\"image_border\":\"rounded\"}}]},{\"name\":\"\",\"type\":\"column\",\"props\":{\"widths\":[\"2-3\"],\"image_position\":\"center-center\"},\"children\":[{\"name\":\"\",\"type\":\"text\",\"props\":{\"column_breakpoint\":\"m\",\"margin\":\"medium\",\"content\":\"\n\n<p>Rozdzielacz antenowy AST-200 stwo\\u017cony do wsp\\u00f3\\u0142pracy razem z transponderem CSB-200. Pozwala na dzielenie instalacji radiofonu VHF razem z systemem AIS.<\\\/p>\\n\n\n<ul>\\n\n\n<li>\\u0142atwy i szybki w instalacji wymaga u\\u017cycia jednej anteny dla systemu radiotelefonu VHF i dla systemu AIS.<\\\/li>\\n\n\n<li>urz\\u0105dzenie gwarantuj\\u0119, \\u017ce \\u0142\\u0105czno\\u015b\\u0107 radiotelefoniczna posiada priorytetow\\u0105 wa\\u017cno\\u015b\\u0107 nad odbieraniem informacji z systemu AIS.<\\\/li>\\n\n\n<li>dodatkowe wyj\\u015bcie do pod\\u0142\\u0105czenia anteny AM<\\\/li>\\n\n\n<li>diody LED, wskazuj\\u0105 wykonywane w danym czasie dzia\\u0142ania<\\\/li>\\n\n\n<li>zasilanie 12\\\/24 VDC<\\\/li>\\n<\\\/ul>\",\"animation\":\"slide-left-medium\",\"text_align\":\"justify\",\"text_align_breakpoint\":\"m\",\"text_align_fallback\":\"center\",\"text_size\":\"\",\"maxwidth\":\"xxlarge\"}}]}]},{\"name\":\"\",\"type\":\"row\",\"props\":{\"fixed_width\":\"large\",\"breakpoint\":\"m\",\"layout\":\"1-1\",\"margin\":\"large\"},\"children\":[{\"name\":\"\",\"type\":\"column\",\"props\":{\"image_position\":\"center-center\",\"widths\":[\"1-1\"]},\"children\":[{\"name\":\"\",\"type\":\"button\",\"props\":{\"gutter\":\"small\",\"inline_align\":\"center\",\"margin\":\"\",\"text_align\":\"center\",\"button_size\":\"large\",\"animation\":\"slide-bottom-medium\"},\"children\":[{\"name\":\"\",\"type\":\"button_item\",\"props\":{\"button_style\":\"secondary\",\"content\":\"BROSZURA\",\"link\":\"wp-content\\\/uploads\\\/comar_ASR_AST_splitters.pdf\",\"link_title\":\"Explore More\",\"icon_align\":\"left\",\"link_target\":\"blank\"}}]}]}]}]}]} --><\/p>\n","protected":false},"excerpt":{"rendered":"<p>Comar Systems AST-200 Rozdzielacz antenowy AST-200 stwo\u017cony do wsp\u00f3\u0142pracy razem z transponderem CSB-200. Pozwala na dzielenie instalacji radiofonu VHF razem z systemem AIS. \u0142atwy i szybki w instalacji wymaga u\u017cycia jednej anteny dla systemu radiotelefonu VHF i dla systemu AIS. urz\u0105dzenie gwarantuj\u0119, \u017ce \u0142\u0105czno\u015b\u0107 radiotelefoniczna posiada priorytetow\u0105 wa\u017cno\u015b\u0107 nad odbieraniem informacji z systemu AIS. dodatkowe [&hellip;]<\/p>\n","protected":false},"author":6,"featured_media":0,"parent":0,"menu_order":0,"comment_status":"closed","ping_status":"closed","template":"","meta":{"footnotes":""},"class_list":["post-3416","page","type-page","status-publish","hentry"],"yoast_head":"<!-- This site is optimized with the Yoast SEO plugin v27.5 - https:\/\/yoast.com\/product\/yoast-seo-wordpress\/ -->\n<title>Comar Systems AST-200 - ESCORT TECHNOLOGY<\/title>\n<meta name=\"robots\" content=\"index, follow, max-snippet:-1, max-image-preview:large, max-video-preview:-1\" \/>\n<link rel=\"canonical\" href=\"https:\/\/escort-technology.com\/pl\/comar-systems-ast-200\/\" \/>\n<meta property=\"og:locale\" content=\"pl_PL\" \/>\n<meta property=\"og:type\" content=\"article\" \/>\n<meta property=\"og:title\" content=\"Comar Systems AST-200 - ESCORT TECHNOLOGY\" \/>\n<meta property=\"og:description\" content=\"Comar Systems AST-200 Rozdzielacz antenowy AST-200 stwo\u017cony do wsp\u00f3\u0142pracy razem z transponderem CSB-200. Pozwala na dzielenie instalacji radiofonu VHF razem z systemem AIS. \u0142atwy i szybki w instalacji wymaga u\u017cycia jednej anteny dla systemu radiotelefonu VHF i dla systemu AIS. urz\u0105dzenie gwarantuj\u0119, \u017ce \u0142\u0105czno\u015b\u0107 radiotelefoniczna posiada priorytetow\u0105 wa\u017cno\u015b\u0107 nad odbieraniem informacji z systemu AIS. dodatkowe [&hellip;]\" \/>\n<meta property=\"og:url\" content=\"https:\/\/escort-technology.com\/pl\/comar-systems-ast-200\/\" \/>\n<meta property=\"og:site_name\" content=\"ESCORT TECHNOLOGY\" \/>\n<meta property=\"article:publisher\" content=\"https:\/\/www.facebook.com\/elektronika.morska\/\" \/>\n<meta property=\"article:modified_time\" content=\"2018-05-09T08:06:51+00:00\" \/>\n<meta name=\"twitter:card\" content=\"summary_large_image\" \/>\n<script type=\"application\/ld+json\" class=\"yoast-schema-graph\">{\"@context\":\"https:\\\/\\\/schema.org\",\"@graph\":[{\"@type\":\"WebPage\",\"@id\":\"https:\\\/\\\/escort-technology.com\\\/en\\\/comar-systems-ast-200\\\/\",\"url\":\"https:\\\/\\\/escort-technology.com\\\/en\\\/comar-systems-ast-200\\\/\",\"name\":\"Comar Systems AST-200 - ESCORT TECHNOLOGY\",\"isPartOf\":{\"@id\":\"http:\\\/\\\/escort-technology.com\\\/de\\\/#website\"},\"datePublished\":\"2018-05-08T12:20:06+00:00\",\"dateModified\":\"2018-05-09T08:06:51+00:00\",\"breadcrumb\":{\"@id\":\"https:\\\/\\\/escort-technology.com\\\/en\\\/comar-systems-ast-200\\\/#breadcrumb\"},\"inLanguage\":\"pl-PL\",\"potentialAction\":[{\"@type\":\"ReadAction\",\"target\":[\"https:\\\/\\\/escort-technology.com\\\/en\\\/comar-systems-ast-200\\\/\"]}]},{\"@type\":\"BreadcrumbList\",\"@id\":\"https:\\\/\\\/escort-technology.com\\\/en\\\/comar-systems-ast-200\\\/#breadcrumb\",\"itemListElement\":[{\"@type\":\"ListItem\",\"position\":1,\"name\":\"Strona g\u0142\u00f3wna\",\"item\":\"https:\\\/\\\/escort-technology.com\\\/\"},{\"@type\":\"ListItem\",\"position\":2,\"name\":\"Comar Systems AST-200\"}]},{\"@type\":\"WebSite\",\"@id\":\"http:\\\/\\\/escort-technology.com\\\/de\\\/#website\",\"url\":\"http:\\\/\\\/escort-technology.com\\\/de\\\/\",\"name\":\"ESCORT TECHNOLOGY\",\"description\":\"Elektronika morska i l\u0105dowa\",\"publisher\":{\"@id\":\"http:\\\/\\\/escort-technology.com\\\/de\\\/#organization\"},\"potentialAction\":[{\"@type\":\"SearchAction\",\"target\":{\"@type\":\"EntryPoint\",\"urlTemplate\":\"http:\\\/\\\/escort-technology.com\\\/de\\\/?s={search_term_string}\"},\"query-input\":{\"@type\":\"PropertyValueSpecification\",\"valueRequired\":true,\"valueName\":\"search_term_string\"}}],\"inLanguage\":\"pl-PL\"},{\"@type\":\"Organization\",\"@id\":\"http:\\\/\\\/escort-technology.com\\\/de\\\/#organization\",\"name\":\"ESCORT TECHNOLOGY\",\"url\":\"http:\\\/\\\/escort-technology.com\\\/de\\\/\",\"logo\":{\"@type\":\"ImageObject\",\"inLanguage\":\"pl-PL\",\"@id\":\"http:\\\/\\\/escort-technology.com\\\/de\\\/#\\\/schema\\\/logo\\\/image\\\/\",\"url\":\"https:\\\/\\\/escort-technology.com\\\/wp-content\\\/uploads\\\/logo-1.jpg\",\"contentUrl\":\"https:\\\/\\\/escort-technology.com\\\/wp-content\\\/uploads\\\/logo-1.jpg\",\"width\":600,\"height\":165,\"caption\":\"ESCORT TECHNOLOGY\"},\"image\":{\"@id\":\"http:\\\/\\\/escort-technology.com\\\/de\\\/#\\\/schema\\\/logo\\\/image\\\/\"},\"sameAs\":[\"https:\\\/\\\/www.facebook.com\\\/elektronika.morska\\\/\",\"https:\\\/\\\/www.linkedin.com\\\/company\\\/escort-sp-z-o-o-\\\/\"]}]}<\/script>\n<!-- \/ Yoast SEO plugin. -->","yoast_head_json":{"title":"Comar Systems AST-200 - ESCORT TECHNOLOGY","robots":{"index":"index","follow":"follow","max-snippet":"max-snippet:-1","max-image-preview":"max-image-preview:large","max-video-preview":"max-video-preview:-1"},"canonical":"https:\/\/escort-technology.com\/pl\/comar-systems-ast-200\/","og_locale":"pl_PL","og_type":"article","og_title":"Comar Systems AST-200 - ESCORT TECHNOLOGY","og_description":"Comar Systems AST-200 Rozdzielacz antenowy AST-200 stwo\u017cony do wsp\u00f3\u0142pracy razem z transponderem CSB-200. Pozwala na dzielenie instalacji radiofonu VHF razem z systemem AIS. \u0142atwy i szybki w instalacji wymaga u\u017cycia jednej anteny dla systemu radiotelefonu VHF i dla systemu AIS. urz\u0105dzenie gwarantuj\u0119, \u017ce \u0142\u0105czno\u015b\u0107 radiotelefoniczna posiada priorytetow\u0105 wa\u017cno\u015b\u0107 nad odbieraniem informacji z systemu AIS. dodatkowe [&hellip;]","og_url":"https:\/\/escort-technology.com\/pl\/comar-systems-ast-200\/","og_site_name":"ESCORT TECHNOLOGY","article_publisher":"https:\/\/www.facebook.com\/elektronika.morska\/","article_modified_time":"2018-05-09T08:06:51+00:00","twitter_card":"summary_large_image","schema":{"@context":"https:\/\/schema.org","@graph":[{"@type":"WebPage","@id":"https:\/\/escort-technology.com\/en\/comar-systems-ast-200\/","url":"https:\/\/escort-technology.com\/en\/comar-systems-ast-200\/","name":"Comar Systems AST-200 - ESCORT TECHNOLOGY","isPartOf":{"@id":"http:\/\/escort-technology.com\/de\/#website"},"datePublished":"2018-05-08T12:20:06+00:00","dateModified":"2018-05-09T08:06:51+00:00","breadcrumb":{"@id":"https:\/\/escort-technology.com\/en\/comar-systems-ast-200\/#breadcrumb"},"inLanguage":"pl-PL","potentialAction":[{"@type":"ReadAction","target":["https:\/\/escort-technology.com\/en\/comar-systems-ast-200\/"]}]},{"@type":"BreadcrumbList","@id":"https:\/\/escort-technology.com\/en\/comar-systems-ast-200\/#breadcrumb","itemListElement":[{"@type":"ListItem","position":1,"name":"Strona g\u0142\u00f3wna","item":"https:\/\/escort-technology.com\/"},{"@type":"ListItem","position":2,"name":"Comar Systems AST-200"}]},{"@type":"WebSite","@id":"http:\/\/escort-technology.com\/de\/#website","url":"http:\/\/escort-technology.com\/de\/","name":"ESCORT TECHNOLOGY","description":"Elektronika morska i l\u0105dowa","publisher":{"@id":"http:\/\/escort-technology.com\/de\/#organization"},"potentialAction":[{"@type":"SearchAction","target":{"@type":"EntryPoint","urlTemplate":"http:\/\/escort-technology.com\/de\/?s={search_term_string}"},"query-input":{"@type":"PropertyValueSpecification","valueRequired":true,"valueName":"search_term_string"}}],"inLanguage":"pl-PL"},{"@type":"Organization","@id":"http:\/\/escort-technology.com\/de\/#organization","name":"ESCORT TECHNOLOGY","url":"http:\/\/escort-technology.com\/de\/","logo":{"@type":"ImageObject","inLanguage":"pl-PL","@id":"http:\/\/escort-technology.com\/de\/#\/schema\/logo\/image\/","url":"https:\/\/escort-technology.com\/wp-content\/uploads\/logo-1.jpg","contentUrl":"https:\/\/escort-technology.com\/wp-content\/uploads\/logo-1.jpg","width":600,"height":165,"caption":"ESCORT TECHNOLOGY"},"image":{"@id":"http:\/\/escort-technology.com\/de\/#\/schema\/logo\/image\/"},"sameAs":["https:\/\/www.facebook.com\/elektronika.morska\/","https:\/\/www.linkedin.com\/company\/escort-sp-z-o-o-\/"]}]}},"_links":{"self":[{"href":"https:\/\/escort-technology.com\/pl\/wp-json\/wp\/v2\/pages\/3416","targetHints":{"allow":["GET"]}}],"collection":[{"href":"https:\/\/escort-technology.com\/pl\/wp-json\/wp\/v2\/pages"}],"about":[{"href":"https:\/\/escort-technology.com\/pl\/wp-json\/wp\/v2\/types\/page"}],"author":[{"embeddable":true,"href":"https:\/\/escort-technology.com\/pl\/wp-json\/wp\/v2\/users\/6"}],"replies":[{"embeddable":true,"href":"https:\/\/escort-technology.com\/pl\/wp-json\/wp\/v2\/comments?post=3416"}],"version-history":[{"count":3,"href":"https:\/\/escort-technology.com\/pl\/wp-json\/wp\/v2\/pages\/3416\/revisions"}],"predecessor-version":[{"id":3469,"href":"https:\/\/escort-technology.com\/pl\/wp-json\/wp\/v2\/pages\/3416\/revisions\/3469"}],"wp:attachment":[{"href":"https:\/\/escort-technology.com\/pl\/wp-json\/wp\/v2\/media?parent=3416"}],"curies":[{"name":"wp","href":"https:\/\/api.w.org\/{rel}","templated":true}]}}