{"id":3663,"date":"2018-05-15T13:27:11","date_gmt":"2018-05-15T13:27:11","guid":{"rendered":"http:\/\/escort-technology.com\/?page_id=3663"},"modified":"2018-05-15T13:35:51","modified_gmt":"2018-05-15T13:35:51","slug":"simrad-px-trawleye-bezkablowa-echosonda","status":"publish","type":"page","link":"https:\/\/escort-technology.com\/pl\/simrad-px-trawleye-bezkablowa-echosonda\/","title":{"rendered":"SIMRAD PX TrawlEye bezkablowa echosonda"},"content":{"rendered":"<p>SIMRAD PX TrawlEye bezkablowa echosonda<\/p>\n<p>Specyfikacja<\/p>\n<p>Cz\u0119stotliwo\u015b\u0107 pracy: 200 kHz<br \/>\nZakresy: 5, 7.5, 10, 15, 20, 25, 30, 50, 100m<br \/>\nSzeroko\u015b\u0107 wi\u0105zki 33 stopnie<br \/>\nCz\u0119sto\u015b\u0107 pingowania 1 do 7 sek<br \/>\nD\u0142ugo\u015b\u0107 impulsu: 64 do 1024\u03bcsek zale\u017cnie od zakresu<br \/>\nBateria: typ LiFePO4, 4200 mAh<br \/>\nCzas pracy zale\u017cnie od mocy wyj\u015bciowej i cz\u0119sto\u015bci pingowania, przeci\u0119tnie 20 godzin<\/p>\n<p>Dane z czujnik\u00f3w:<\/p>\n<p>przechy\u0142y boczne co 20s<br \/>\nprzechy\u0142y wzd\u0142u\u017cne co 20s<br \/>\ndane o g\u0142\u0119boko\u015bci co 20s<br \/>\nstan baterii co 60s<br \/>\ntemperatura* co 20s<br \/>\ng\u0142\u0119boko\u015b\u0107* co 20s<\/p>\n<p>\u00a0\u00a0\u00a0\u00a0\u00a0\u00a0\u00a0\u00a0\u00a0 *mo\u017cliwo\u015bci opcjonalne<br \/>\nW\u0142a\u015bciwo\u015bci fizyczne<\/p>\n<p>zakres g\u0142\u0119boko\u015bci: 1000m<br \/>\nci\u0119\u017car w powietrzu 7,5kg<br \/>\nci\u0119\u017car w wodzie 4,5kg<\/p>\n<p>Hydrofon komunikacyjny<\/p>\n<p>cz\u0119stotliwo\u015b\u0107 39 do 49 kHz<br \/>\n8 kana\u0142\u00f3w komunikacyjnych<br \/>\nwi\u0105zka 40&#215;50 stopni<br \/>\nmoc wyj\u015bciowa regulowana przez u\u017cytkownika<br \/>\nzakres do statku 1200m zale\u017cnie od stanu morza\n<\/p>\n<p>BROSZURA<\/p>\n<p><!-- {\"name\":\"\",\"type\":\"layout\",\"children\":[{\"name\":\"ANTENA\",\"type\":\"section\",\"props\":{\"width\":\"default\",\"padding\":\"xsmall\",\"style\":\"default\",\"text_color\":\"\",\"media\":\"\",\"height_viewport\":false,\"header_overlay\":\"light\",\"animation\":\"slide-top-medium\",\"padding_remove_top\":false,\"image_size\":\"cover\",\"image\":\"\",\"image_position\":\"bottom-center\",\"image_fixed\":false,\"class\":\"\",\"overlap\":true,\"vertical_align\":\"middle\",\"title_position\":\"top-left\",\"title_rotation\":\"left\",\"title_breakpoint\":\"xl\"},\"children\":[{\"name\":\"\",\"type\":\"row\",\"props\":{\"layout\":\"1-1\",\"breakpoint\":\"m\",\"margin\":\"\",\"fixed_width\":\"large\"},\"children\":[{\"name\":\"\",\"type\":\"column\",\"props\":{\"image_position\":\"center-center\",\"widths\":[\"1-1\"]},\"children\":[{\"name\":\"\",\"type\":\"headline\",\"props\":{\"title_element\":\"h2\",\"content\":\"SIMRAD PX TrawlEye bezkablowa echosonda\",\"text_align\":\"center\",\"text_align_fallback\":\"center\",\"maxwidth_align\":\"center\",\"maxwidth\":\"\",\"title_style\":\"h2\",\"title_decoration\":\"\",\"margin\":\"\"}},{\"name\":\"\",\"type\":\"divider\",\"props\":{\"divider_element\":\"hr\"}}]}]},{\"name\":\"\",\"type\":\"row\",\"props\":{\"fixed_width\":\"large\",\"breakpoint\":\"m\",\"layout\":\",2-3\",\"margin\":\"medium\"},\"children\":[{\"name\":\"\",\"type\":\"column\",\"props\":{\"widths\":[\"\"],\"image_position\":\"center-center\"},\"children\":[{\"name\":\"\",\"type\":\"image\",\"props\":{\"margin\":\"default\",\"image\":\"wp-content\\\/uploads\\\/px-trawleye.jpg\",\"image_width\":\"300\",\"image_box_shadow\":\"\",\"image_border\":\"rounded\"}}]},{\"name\":\"\",\"type\":\"column\",\"props\":{\"widths\":[\"2-3\"],\"image_position\":\"center-center\"},\"children\":[{\"name\":\"\",\"type\":\"text\",\"props\":{\"column_breakpoint\":\"m\",\"margin\":\"medium\",\"content\":\"\n\n<p>Specyfikacja<\\\/p>\\n\n\n<ul>\\n\n\n<li>Cz\\u0119stotliwo\\u015b\\u0107 pracy: 200 kHz<\\\/li>\\n\n\n<li>Zakresy: 5, 7.5, 10, 15, 20, 25, 30, 50, 100m<\\\/li>\\n\n\n<li>Szeroko\\u015b\\u0107 wi\\u0105zki 33 stopnie<\\\/li>\\n\n\n<li>Cz\\u0119sto\\u015b\\u0107 pingowania 1 do 7 sek<\\\/li>\\n\n\n<li>D\\u0142ugo\\u015b\\u0107 impulsu: 64 do 1024\\u03bcsek zale\\u017cnie od zakresu<\\\/li>\\n\n\n<li>Bateria: typ LiFePO4, 4200 mAh<\\\/li>\\n\n\n<li>Czas pracy zale\\u017cnie od mocy wyj\\u015bciowej i cz\\u0119sto\\u015bci pingowania, przeci\\u0119tnie 20 godzin<\\\/li>\\n<\\\/ul>\\n\n\n<p>Dane z czujnik\\u00f3w:<\\\/p>\\n\n\n<ul>\\n\n\n<li>przechy\\u0142y boczne co 20s<\\\/li>\\n\n\n<li>przechy\\u0142y wzd\\u0142u\\u017cne co 20s<\\\/li>\\n\n\n<li>dane o g\\u0142\\u0119boko\\u015bci co 20s<\\\/li>\\n\n\n<li>stan baterii co 60s<\\\/li>\\n\n\n<li>temperatura* co 20s<\\\/li>\\n\n\n<li>g\\u0142\\u0119boko\\u015b\\u0107* co 20s<\\\/li>\\n<\\\/ul>\\n\n\n<p>\\u00a0\\u00a0\\u00a0\\u00a0\\u00a0\\u00a0\\u00a0\\u00a0\\u00a0 *mo\\u017cliwo\\u015bci opcjonalne<\\\/p>\\n\n\n<p>W\\u0142a\\u015bciwo\\u015bci fizyczne<\\\/p>\\n\n\n<ul>\\n\n\n<li>zakres g\\u0142\\u0119boko\\u015bci: 1000m<\\\/li>\\n\n\n<li>ci\\u0119\\u017car w powietrzu 7,5kg<\\\/li>\\n\n\n<li>ci\\u0119\\u017car w wodzie 4,5kg<\\\/li>\\n<\\\/ul>\\n\n\n<p>Hydrofon komunikacyjny<\\\/p>\\n\n\n<ul>\\n\n\n<li>cz\\u0119stotliwo\\u015b\\u0107 39 do 49 kHz<\\\/li>\\n\n\n<li>8 kana\\u0142\\u00f3w komunikacyjnych<\\\/li>\\n\n\n<li>wi\\u0105zka 40x50 stopni<\\\/li>\\n\n\n<li>moc wyj\\u015bciowa regulowana przez u\\u017cytkownika<\\\/li>\\n\n\n<li>zakres do statku 1200m zale\\u017cnie od stanu morza<\\\/li>\\n<\\\/ul>\",\"animation\":\"slide-left-medium\",\"text_align\":\"justify\",\"text_align_breakpoint\":\"m\",\"text_align_fallback\":\"center\",\"text_size\":\"\",\"maxwidth\":\"xxlarge\"}}]}]},{\"name\":\"\",\"type\":\"row\",\"props\":{\"fixed_width\":\"large\",\"breakpoint\":\"m\",\"layout\":\"1-1\",\"margin\":\"large\"},\"children\":[{\"name\":\"\",\"type\":\"column\",\"props\":{\"image_position\":\"center-center\",\"widths\":[\"1-1\"]},\"children\":[{\"name\":\"\",\"type\":\"button\",\"props\":{\"gutter\":\"small\",\"inline_align\":\"center\",\"margin\":\"\",\"text_align\":\"center\",\"button_size\":\"large\",\"animation\":\"slide-bottom-medium\"},\"children\":[{\"name\":\"\",\"type\":\"button_item\",\"props\":{\"button_style\":\"secondary\",\"content\":\"BROSZURA\",\"link\":\"wp-content\\\/uploads\\\/simrad-px-trawleye-pol.pdf\",\"link_title\":\"Explore More\",\"icon_align\":\"left\",\"link_target\":\"blank\"}}]}]}]}]}]} --><\/p>\n","protected":false},"excerpt":{"rendered":"<p>SIMRAD PX TrawlEye bezkablowa echosonda Specyfikacja Cz\u0119stotliwo\u015b\u0107 pracy: 200 kHz Zakresy: 5, 7.5, 10, 15, 20, 25, 30, 50, 100m Szeroko\u015b\u0107 wi\u0105zki 33 stopnie Cz\u0119sto\u015b\u0107 pingowania 1 do 7 sek D\u0142ugo\u015b\u0107 impulsu: 64 do 1024\u03bcsek zale\u017cnie od zakresu Bateria: typ LiFePO4, 4200 mAh Czas pracy zale\u017cnie od mocy wyj\u015bciowej i cz\u0119sto\u015bci pingowania, przeci\u0119tnie 20 godzin [&hellip;]<\/p>\n","protected":false},"author":6,"featured_media":0,"parent":0,"menu_order":0,"comment_status":"closed","ping_status":"closed","template":"","meta":{"footnotes":""},"class_list":["post-3663","page","type-page","status-publish","hentry"],"yoast_head":"<!-- This site is optimized with the Yoast SEO plugin v27.6 - https:\/\/yoast.com\/product\/yoast-seo-wordpress\/ -->\n<title>SIMRAD PX TrawlEye bezkablowa echosonda - ESCORT TECHNOLOGY<\/title>\n<meta name=\"robots\" content=\"index, follow, max-snippet:-1, max-image-preview:large, max-video-preview:-1\" \/>\n<link rel=\"canonical\" href=\"http:\/\/escort-technology.com\/pl\/de\/simrad-px-trawleye-bezkablowa-echosonda\/\" \/>\n<meta property=\"og:locale\" content=\"pl_PL\" \/>\n<meta property=\"og:type\" content=\"article\" \/>\n<meta property=\"og:title\" content=\"SIMRAD PX TrawlEye bezkablowa echosonda - ESCORT TECHNOLOGY\" \/>\n<meta property=\"og:description\" content=\"SIMRAD PX TrawlEye bezkablowa echosonda Specyfikacja Cz\u0119stotliwo\u015b\u0107 pracy: 200 kHz Zakresy: 5, 7.5, 10, 15, 20, 25, 30, 50, 100m Szeroko\u015b\u0107 wi\u0105zki 33 stopnie Cz\u0119sto\u015b\u0107 pingowania 1 do 7 sek D\u0142ugo\u015b\u0107 impulsu: 64 do 1024\u03bcsek zale\u017cnie od zakresu Bateria: typ LiFePO4, 4200 mAh Czas pracy zale\u017cnie od mocy wyj\u015bciowej i cz\u0119sto\u015bci pingowania, przeci\u0119tnie 20 godzin [&hellip;]\" \/>\n<meta property=\"og:url\" content=\"http:\/\/escort-technology.com\/pl\/de\/simrad-px-trawleye-bezkablowa-echosonda\/\" \/>\n<meta property=\"og:site_name\" content=\"ESCORT TECHNOLOGY\" \/>\n<meta property=\"article:publisher\" content=\"https:\/\/www.facebook.com\/elektronika.morska\/\" \/>\n<meta property=\"article:modified_time\" content=\"2018-05-15T13:35:51+00:00\" \/>\n<meta name=\"twitter:card\" content=\"summary_large_image\" \/>\n<meta name=\"twitter:label1\" content=\"Szacowany czas czytania\" \/>\n\t<meta name=\"twitter:data1\" content=\"1 minuta\" \/>\n<script type=\"application\/ld+json\" class=\"yoast-schema-graph\">{\"@context\":\"https:\\\/\\\/schema.org\",\"@graph\":[{\"@type\":\"WebPage\",\"@id\":\"http:\\\/\\\/escort-technology.com\\\/de\\\/simrad-px-trawleye-bezkablowa-echosonda\\\/\",\"url\":\"http:\\\/\\\/escort-technology.com\\\/de\\\/simrad-px-trawleye-bezkablowa-echosonda\\\/\",\"name\":\"SIMRAD PX TrawlEye bezkablowa echosonda - ESCORT TECHNOLOGY\",\"isPartOf\":{\"@id\":\"http:\\\/\\\/escort-technology.com\\\/de\\\/#website\"},\"datePublished\":\"2018-05-15T13:27:11+00:00\",\"dateModified\":\"2018-05-15T13:35:51+00:00\",\"breadcrumb\":{\"@id\":\"http:\\\/\\\/escort-technology.com\\\/de\\\/simrad-px-trawleye-bezkablowa-echosonda\\\/#breadcrumb\"},\"inLanguage\":\"pl-PL\",\"potentialAction\":[{\"@type\":\"ReadAction\",\"target\":[\"http:\\\/\\\/escort-technology.com\\\/de\\\/simrad-px-trawleye-bezkablowa-echosonda\\\/\"]}]},{\"@type\":\"BreadcrumbList\",\"@id\":\"http:\\\/\\\/escort-technology.com\\\/de\\\/simrad-px-trawleye-bezkablowa-echosonda\\\/#breadcrumb\",\"itemListElement\":[{\"@type\":\"ListItem\",\"position\":1,\"name\":\"Strona g\u0142\u00f3wna\",\"item\":\"https:\\\/\\\/escort-technology.com\\\/\"},{\"@type\":\"ListItem\",\"position\":2,\"name\":\"SIMRAD PX TrawlEye bezkablowa echosonda\"}]},{\"@type\":\"WebSite\",\"@id\":\"http:\\\/\\\/escort-technology.com\\\/de\\\/#website\",\"url\":\"http:\\\/\\\/escort-technology.com\\\/de\\\/\",\"name\":\"ESCORT TECHNOLOGY\",\"description\":\"Elektronika morska i l\u0105dowa\",\"publisher\":{\"@id\":\"http:\\\/\\\/escort-technology.com\\\/de\\\/#organization\"},\"potentialAction\":[{\"@type\":\"SearchAction\",\"target\":{\"@type\":\"EntryPoint\",\"urlTemplate\":\"http:\\\/\\\/escort-technology.com\\\/de\\\/?s={search_term_string}\"},\"query-input\":{\"@type\":\"PropertyValueSpecification\",\"valueRequired\":true,\"valueName\":\"search_term_string\"}}],\"inLanguage\":\"pl-PL\"},{\"@type\":\"Organization\",\"@id\":\"http:\\\/\\\/escort-technology.com\\\/de\\\/#organization\",\"name\":\"ESCORT TECHNOLOGY\",\"url\":\"http:\\\/\\\/escort-technology.com\\\/de\\\/\",\"logo\":{\"@type\":\"ImageObject\",\"inLanguage\":\"pl-PL\",\"@id\":\"http:\\\/\\\/escort-technology.com\\\/de\\\/#\\\/schema\\\/logo\\\/image\\\/\",\"url\":\"https:\\\/\\\/escort-technology.com\\\/wp-content\\\/uploads\\\/logo-1.jpg\",\"contentUrl\":\"https:\\\/\\\/escort-technology.com\\\/wp-content\\\/uploads\\\/logo-1.jpg\",\"width\":600,\"height\":165,\"caption\":\"ESCORT TECHNOLOGY\"},\"image\":{\"@id\":\"http:\\\/\\\/escort-technology.com\\\/de\\\/#\\\/schema\\\/logo\\\/image\\\/\"},\"sameAs\":[\"https:\\\/\\\/www.facebook.com\\\/elektronika.morska\\\/\",\"https:\\\/\\\/www.linkedin.com\\\/company\\\/escort-sp-z-o-o-\\\/\"]}]}<\/script>\n<!-- \/ Yoast SEO plugin. -->","yoast_head_json":{"title":"SIMRAD PX TrawlEye bezkablowa echosonda - ESCORT TECHNOLOGY","robots":{"index":"index","follow":"follow","max-snippet":"max-snippet:-1","max-image-preview":"max-image-preview:large","max-video-preview":"max-video-preview:-1"},"canonical":"http:\/\/escort-technology.com\/pl\/de\/simrad-px-trawleye-bezkablowa-echosonda\/","og_locale":"pl_PL","og_type":"article","og_title":"SIMRAD PX TrawlEye bezkablowa echosonda - ESCORT TECHNOLOGY","og_description":"SIMRAD PX TrawlEye bezkablowa echosonda Specyfikacja Cz\u0119stotliwo\u015b\u0107 pracy: 200 kHz Zakresy: 5, 7.5, 10, 15, 20, 25, 30, 50, 100m Szeroko\u015b\u0107 wi\u0105zki 33 stopnie Cz\u0119sto\u015b\u0107 pingowania 1 do 7 sek D\u0142ugo\u015b\u0107 impulsu: 64 do 1024\u03bcsek zale\u017cnie od zakresu Bateria: typ LiFePO4, 4200 mAh Czas pracy zale\u017cnie od mocy wyj\u015bciowej i cz\u0119sto\u015bci pingowania, przeci\u0119tnie 20 godzin [&hellip;]","og_url":"http:\/\/escort-technology.com\/pl\/de\/simrad-px-trawleye-bezkablowa-echosonda\/","og_site_name":"ESCORT TECHNOLOGY","article_publisher":"https:\/\/www.facebook.com\/elektronika.morska\/","article_modified_time":"2018-05-15T13:35:51+00:00","twitter_card":"summary_large_image","twitter_misc":{"Szacowany czas czytania":"1 minuta"},"schema":{"@context":"https:\/\/schema.org","@graph":[{"@type":"WebPage","@id":"http:\/\/escort-technology.com\/de\/simrad-px-trawleye-bezkablowa-echosonda\/","url":"http:\/\/escort-technology.com\/de\/simrad-px-trawleye-bezkablowa-echosonda\/","name":"SIMRAD PX TrawlEye bezkablowa echosonda - ESCORT TECHNOLOGY","isPartOf":{"@id":"http:\/\/escort-technology.com\/de\/#website"},"datePublished":"2018-05-15T13:27:11+00:00","dateModified":"2018-05-15T13:35:51+00:00","breadcrumb":{"@id":"http:\/\/escort-technology.com\/de\/simrad-px-trawleye-bezkablowa-echosonda\/#breadcrumb"},"inLanguage":"pl-PL","potentialAction":[{"@type":"ReadAction","target":["http:\/\/escort-technology.com\/de\/simrad-px-trawleye-bezkablowa-echosonda\/"]}]},{"@type":"BreadcrumbList","@id":"http:\/\/escort-technology.com\/de\/simrad-px-trawleye-bezkablowa-echosonda\/#breadcrumb","itemListElement":[{"@type":"ListItem","position":1,"name":"Strona g\u0142\u00f3wna","item":"https:\/\/escort-technology.com\/"},{"@type":"ListItem","position":2,"name":"SIMRAD PX TrawlEye bezkablowa echosonda"}]},{"@type":"WebSite","@id":"http:\/\/escort-technology.com\/de\/#website","url":"http:\/\/escort-technology.com\/de\/","name":"ESCORT TECHNOLOGY","description":"Elektronika morska i l\u0105dowa","publisher":{"@id":"http:\/\/escort-technology.com\/de\/#organization"},"potentialAction":[{"@type":"SearchAction","target":{"@type":"EntryPoint","urlTemplate":"http:\/\/escort-technology.com\/de\/?s={search_term_string}"},"query-input":{"@type":"PropertyValueSpecification","valueRequired":true,"valueName":"search_term_string"}}],"inLanguage":"pl-PL"},{"@type":"Organization","@id":"http:\/\/escort-technology.com\/de\/#organization","name":"ESCORT TECHNOLOGY","url":"http:\/\/escort-technology.com\/de\/","logo":{"@type":"ImageObject","inLanguage":"pl-PL","@id":"http:\/\/escort-technology.com\/de\/#\/schema\/logo\/image\/","url":"https:\/\/escort-technology.com\/wp-content\/uploads\/logo-1.jpg","contentUrl":"https:\/\/escort-technology.com\/wp-content\/uploads\/logo-1.jpg","width":600,"height":165,"caption":"ESCORT TECHNOLOGY"},"image":{"@id":"http:\/\/escort-technology.com\/de\/#\/schema\/logo\/image\/"},"sameAs":["https:\/\/www.facebook.com\/elektronika.morska\/","https:\/\/www.linkedin.com\/company\/escort-sp-z-o-o-\/"]}]}},"_links":{"self":[{"href":"https:\/\/escort-technology.com\/pl\/wp-json\/wp\/v2\/pages\/3663","targetHints":{"allow":["GET"]}}],"collection":[{"href":"https:\/\/escort-technology.com\/pl\/wp-json\/wp\/v2\/pages"}],"about":[{"href":"https:\/\/escort-technology.com\/pl\/wp-json\/wp\/v2\/types\/page"}],"author":[{"embeddable":true,"href":"https:\/\/escort-technology.com\/pl\/wp-json\/wp\/v2\/users\/6"}],"replies":[{"embeddable":true,"href":"https:\/\/escort-technology.com\/pl\/wp-json\/wp\/v2\/comments?post=3663"}],"version-history":[{"count":2,"href":"https:\/\/escort-technology.com\/pl\/wp-json\/wp\/v2\/pages\/3663\/revisions"}],"predecessor-version":[{"id":3667,"href":"https:\/\/escort-technology.com\/pl\/wp-json\/wp\/v2\/pages\/3663\/revisions\/3667"}],"wp:attachment":[{"href":"https:\/\/escort-technology.com\/pl\/wp-json\/wp\/v2\/media?parent=3663"}],"curies":[{"name":"wp","href":"https:\/\/api.w.org\/{rel}","templated":true}]}}