{"id":3688,"date":"2018-05-18T12:38:53","date_gmt":"2018-05-18T12:38:53","guid":{"rendered":"http:\/\/escort-technology.com\/?page_id=3688"},"modified":"2021-05-14T11:15:24","modified_gmt":"2021-05-14T09:15:24","slug":"kamery-akustyczne-aris","status":"publish","type":"page","link":"https:\/\/escort-technology.com\/pl\/kamery-akustyczne-aris\/","title":{"rendered":"Kamery akustyczne ARIS"},"content":{"rendered":"<h2>Kamery akustyczne ARIS<\/h2>\n<hr>\n<p><a href=\"https:\/\/escort-technology.com\/?page_id=5233&#038;preview=true\"><img decoding=\"async\" src=\"\/wp-content\/uploads\/Screenshot_2019-09-16-Sound-Metrics-Products.png\" alt=\"\"><\/a><\/p>\n<div>\n<div class=\"content\">\n<h2>ARIS VOYAGER 3000:<\/h2>\n<p>Cz\u0119stotliwo\u015b\u0107 identyfikacji:\u00a0 3.0 MHz<\/p>\n<p>Cz\u0119stotliwo\u015b\u0107 detekcji: \u00a01.8 MHz<\/p>\n<p>Zakres pracy:\u00a0 4000m<\/p>\n<\/div>\n<\/div>\n<p><a href=\"https:\/\/escort-technology.com\/?page_id=9198&#038;preview=true\"><img decoding=\"async\" src=\"\/wp-content\/uploads\/Bez-tytu%C5%82u.jpg\" alt=\"\"><\/a><\/p>\n<div>\n<div class=\"content\">\n<h2>ARIS DEFENDER 1800:<\/h2>\n<p>Cz\u0119stotliwo\u015b\u0107 identyfikacji:\u00a0 1.8 MHz<\/p>\n<p>Cz\u0119stotliwo\u015b\u0107 detekcji: \u00a01.1 MHz<\/p>\n<p>Zakres pracy:\u00a0 100m<\/p>\n<\/div>\n<\/div>\n<p><a href=\"https:\/\/escort-technology.com\/?page_id=9212&#038;preview=true\"><img decoding=\"async\" src=\"\/wp-content\/uploads\/Screenshot_2019-09-16-Sound-Metrics-Products1.png\" alt=\"\"><\/a><\/p>\n<div>\n<div class=\"content\">\n<h2>ARIS EXPLORER 1800:<\/h2>\n<p>Cz\u0119stotliwo\u015b\u0107 identyfikacji: \u00a01.8 MHz<\/p>\n<p>Cz\u0119stotliwo\u015b\u0107 detekcji: \u00a01.1 MHz<\/p>\n<p>Zakres pracy: \u00a0300m<\/p>\n<\/div>\n<\/div>\n<p><a href=\"https:\/\/escort-technology.com\/rotator-sound-metrics-ar2\/\"><img decoding=\"async\" src=\"\/wp-content\/uploads\/Screenshot_2019-09-16-Sound-Metrics-Products5.png\" alt=\"\"><\/a><\/p>\n<div>\n<h2>Rotator AR2<\/h2>\n<p>Rotator u\u0142atwia prac\u0119 kamery akustycznej ARIS Explorer, zapewniaj\u0105c kontrol\u0119 w dw\u00f3ch osiach:\u00a0 Pan i Tilt lub Tilt i Ro. <\/p>\n<pre id=\"tw-target-text\" class=\"tw-data-text tw-text-large tw-ta\" dir=\"ltr\" data-placeholder=\"T\u0142umaczenie\"><span lang=\"pl\" tabindex=\"0\">\u00a0<\/span><\/pre>\n<\/div>\n<p><a href=\"https:\/\/escort-technology.com\/?page_id=9191&#038;preview=true\"><img decoding=\"async\" src=\"\/wp-content\/uploads\/Screenshot_2019-09-16-Sound-Metrics-ARIS-Defender-3000.png\" alt=\"\"><\/a><\/p>\n<div>\n<div class=\"content\">\n<h2>ARIS DEFENDER 3000:<\/h2>\n<div>\n<p>Cz\u0119stotliwo\u015b\u0107 identyfikacji: \u00a03.0 MHz<\/p>\n<p>Cz\u0119stotliwo\u015b\u0107 detekcji: \u00a01.8 MHz<\/p>\n<p>Zakres pracy: \u00a0100 m<\/p>\n<\/div>\n<\/div>\n<\/div>\n<p><a href=\"https:\/\/escort-technology.com\/?page_id=9206&#038;preview=true\"><img decoding=\"async\" src=\"\/wp-content\/uploads\/Screenshot_2019-09-16-Sound-Metrics-Products3.png\" alt=\"\"><\/a><\/p>\n<div>\n<div class=\"content\">\n<h2>ARIS EXPLORER 3000:<\/h2>\n<p>Cz\u0119stotliwo\u015b\u0107 identyfikacji: \u00a03.0 MHz<\/p>\n<p>Cz\u0119stotliwo\u015b\u0107 detekcji: \u00a01.8 MHz<\/p>\n<p>Zakres pracy: \u00a0300m<\/p>\n<\/div>\n<\/div>\n<p><a href=\"https:\/\/escort-technology.com\/kamera-akustyczna-aris-explorer-1200\/\"><img decoding=\"async\" src=\"\/wp-content\/uploads\/Screenshot_2019-09-16-Sound-Metrics-Products2.png\" alt=\"\"><\/a><\/p>\n<div>\n<div class=\"content\">\n<h2>ARIS EXPLORER 1200:<\/h2>\n<p>Cz\u0119stotliwo\u015b\u0107 identyfikacji: \u00a01.2 MHz<\/p>\n<p>Cz\u0119stotliwo\u015b\u0107 detekcji: \u00a00.7 MHz<\/p>\n<p>Zakres pracy: \u00a0300m<\/p>\n<\/div>\n<\/div>\n<p><a href=\"https:\/\/escort-technology.com\/?page_id=9232&#038;preview=true\"><img decoding=\"async\" src=\"\/wp-content\/uploads\/Screenshot_2019-09-16-Sound-Metrics-Products6.png\" alt=\"\"><\/a><\/p>\n<div>\n<h2>Rotator R3 <\/h2>\n<p>Rotator u\u0142atwia prac\u0119 kamery akustycznej ARIS Explorer, zapewniaj\u0105c kontrol\u0119 w trzech osiach:\u00a0 Pan\/Tilt\/Ro<\/p>\n<\/div>\n<p><!--more--><br \/>\n<!-- {\"name\":\"\",\"type\":\"layout\",\"children\":[{\"name\":\"ANTENA\",\"type\":\"section\",\"props\":{\"width\":\"large\",\"padding\":\"xsmall\",\"style\":\"default\",\"media\":\"\",\"height_viewport\":false,\"header_overlay\":\"light\",\"animation\":\"slide-top-medium\",\"padding_remove_top\":false,\"image_size\":\"cover\",\"image\":\"\",\"image_position\":\"bottom-center\",\"image_fixed\":false,\"class\":\"\",\"overlap\":true,\"vertical_align\":\"middle\",\"title_position\":\"top-left\",\"title_rotation\":\"left\",\"title_breakpoint\":\"xl\"},\"children\":[{\"name\":\"\",\"type\":\"row\",\"children\":[{\"name\":\"\",\"type\":\"column\",\"props\":{\"image_position\":\"center-center\",\"width_medium\":\"1-1\",\"media_overlay_gradient\":\"\"},\"children\":[{\"name\":\"\",\"type\":\"headline\",\"props\":{\"title_element\":\"h2\",\"content\":\"Kamery akustyczne ARIS\",\"text_align\":\"center\",\"text_align_fallback\":\"center\",\"title_style\":\"h2\",\"block_align\":\"center\"}},{\"name\":\"\",\"type\":\"divider\",\"props\":{\"divider_element\":\"hr\"}}]}]},{\"name\":\"\",\"type\":\"row\",\"props\":{\"layout\":\"1-2,1-2\",\"margin\":\"large\"},\"children\":[{\"name\":\"\",\"type\":\"column\",\"props\":{\"image_position\":\"center-center\",\"width_medium\":\"1-2\",\"media_overlay_gradient\":\"\"},\"children\":[{\"name\":\"\",\"type\":\"image\",\"props\":{\"margin\":\"default\",\"image\":\"wp-content\\\/uploads\\\/Screenshot_2019-09-16-Sound-Metrics-Products.png\",\"image_width\":\"300\",\"link\":\"https:\\\/\\\/escort-technology.com\\\/?page_id=5233&preview=true\",\"image_svg_color\":\"emphasis\"}},{\"name\":\"\",\"type\":\"text\",\"props\":{\"margin\":\"default\",\"column_breakpoint\":\"m\",\"content\":\"\n\n<div class=\\\"content\\\">\\n\n\n<h2>ARIS VOYAGER 3000:<\\\/h2>\\n\n\n<p>Cz\\u0119stotliwo\\u015b\\u0107 identyfikacji:\\u00a0 3.0 MHz<\\\/p>\\n\n\n<p>Cz\\u0119stotliwo\\u015b\\u0107 detekcji: \\u00a01.8 MHz<\\\/p>\\n\n\n<p>Zakres pracy:\\u00a0 4000m<\\\/p>\\n<\\\/div>\"}},{\"name\":\"\",\"type\":\"image\",\"props\":{\"margin\":\"default\",\"image\":\"wp-content\\\/uploads\\\/Bez-tytu\\u0142u.jpg\",\"image_width\":\"300\",\"image_svg_color\":\"emphasis\",\"link\":\"https:\\\/\\\/escort-technology.com\\\/?page_id=9198&preview=true\"}},{\"name\":\"\",\"type\":\"text\",\"props\":{\"margin\":\"default\",\"column_breakpoint\":\"m\",\"content\":\"\n\n<div class=\\\"content\\\">\\n\n\n<h2>ARIS DEFENDER 1800:<\\\/h2>\\n\n\n<p>Cz\\u0119stotliwo\\u015b\\u0107 identyfikacji:\\u00a0 1.8 MHz<\\\/p>\\n\n\n<p>Cz\\u0119stotliwo\\u015b\\u0107 detekcji: \\u00a01.1 MHz<\\\/p>\\n\n\n<p>Zakres pracy:\\u00a0 100m<\\\/p>\\n<\\\/div>\"}},{\"name\":\"\",\"type\":\"image\",\"props\":{\"margin\":\"default\",\"image\":\"wp-content\\\/uploads\\\/Screenshot_2019-09-16-Sound-Metrics-Products1.png\",\"image_width\":\"300\",\"image_svg_color\":\"emphasis\",\"link\":\"https:\\\/\\\/escort-technology.com\\\/?page_id=9212&preview=true\"}},{\"name\":\"\",\"type\":\"text\",\"props\":{\"margin\":\"default\",\"column_breakpoint\":\"m\",\"content\":\"\n\n<div class=\\\"content\\\">\\n\n\n<h2>ARIS EXPLORER 1800:<\\\/h2>\\n\n\n<p>Cz\\u0119stotliwo\\u015b\\u0107 identyfikacji: \\u00a01.8 MHz<\\\/p>\\n\n\n<p>Cz\\u0119stotliwo\\u015b\\u0107 detekcji: \\u00a01.1 MHz<\\\/p>\\n\n\n<p>Zakres pracy: \\u00a0300m<\\\/p>\\n<\\\/div>\"}},{\"name\":\"\",\"type\":\"image\",\"props\":{\"margin\":\"default\",\"image\":\"wp-content\\\/uploads\\\/Screenshot_2019-09-16-Sound-Metrics-Products5.png\",\"image_width\":\"300\",\"image_svg_color\":\"emphasis\",\"link\":\"https:\\\/\\\/escort-technology.com\\\/rotator-sound-metrics-ar2\\\/\"}},{\"name\":\"\",\"type\":\"text\",\"props\":{\"margin\":\"default\",\"column_breakpoint\":\"m\",\"content\":\"\n\n<h2>Rotator AR2<\\\/h2>\\n\n\n<p>Rotator u\\u0142atwia prac\\u0119 kamery akustycznej ARIS Explorer, zapewniaj\\u0105c kontrol\\u0119 w dw\\u00f3ch osiach:\\u00a0 Pan i Tilt lub Tilt i Ro. <\\\/p>\\n\n\n<pre id=\\\"tw-target-text\\\" class=\\\"tw-data-text tw-text-large tw-ta\\\" dir=\\\"ltr\\\" data-placeholder=\\\"T\\u0142umaczenie\\\"><span lang=\\\"pl\\\" tabindex=\\\"0\\\">\\u00a0<\\\/span><\\\/pre>\"}}]},{\"name\":\"\",\"type\":\"column\",\"props\":{\"image_position\":\"center-center\",\"width_medium\":\"1-2\",\"media_overlay_gradient\":\"\"},\"children\":[{\"name\":\"\",\"type\":\"image\",\"props\":{\"margin\":\"default\",\"image\":\"wp-content\\\/uploads\\\/Screenshot_2019-09-16-Sound-Metrics-ARIS-Defender-3000.png\",\"image_width\":\"300\",\"image_svg_color\":\"emphasis\",\"link\":\"https:\\\/\\\/escort-technology.com\\\/?page_id=9191&preview=true\"}},{\"name\":\"\",\"type\":\"text\",\"props\":{\"margin\":\"default\",\"column_breakpoint\":\"m\",\"content\":\"\n\n<div class=\\\"content\\\">\\n\n\n<h2>ARIS DEFENDER 3000:<\\\/h2>\\n\n\n<div>\\n\n\n<p>Cz\\u0119stotliwo\\u015b\\u0107 identyfikacji: \\u00a03.0 MHz<\\\/p>\\n\n\n<p>Cz\\u0119stotliwo\\u015b\\u0107 detekcji: \\u00a01.8 MHz<\\\/p>\\n\n\n<p>Zakres pracy: \\u00a0100 m<\\\/p>\\n<\\\/div>\\n<\\\/div>\"}},{\"name\":\"\",\"type\":\"image\",\"props\":{\"margin\":\"default\",\"image\":\"wp-content\\\/uploads\\\/Screenshot_2019-09-16-Sound-Metrics-Products3.png\",\"image_width\":\"300\",\"image_svg_color\":\"emphasis\",\"link\":\"https:\\\/\\\/escort-technology.com\\\/?page_id=9206&preview=true\"}},{\"name\":\"\",\"type\":\"text\",\"props\":{\"margin\":\"default\",\"column_breakpoint\":\"m\",\"content\":\"\n\n<div class=\\\"content\\\">\\n\n\n<h2>ARIS EXPLORER 3000:<\\\/h2>\\n\n\n<p>Cz\\u0119stotliwo\\u015b\\u0107 identyfikacji: \\u00a03.0 MHz<\\\/p>\\n\n\n<p>Cz\\u0119stotliwo\\u015b\\u0107 detekcji: \\u00a01.8 MHz<\\\/p>\\n\n\n<p>Zakres pracy: \\u00a0300m<\\\/p>\\n<\\\/div>\"}},{\"name\":\"\",\"type\":\"image\",\"props\":{\"margin\":\"default\",\"image\":\"wp-content\\\/uploads\\\/Screenshot_2019-09-16-Sound-Metrics-Products2.png\",\"image_width\":\"300\",\"image_svg_color\":\"emphasis\",\"link\":\"https:\\\/\\\/escort-technology.com\\\/kamera-akustyczna-aris-explorer-1200\\\/\"}},{\"name\":\"\",\"type\":\"text\",\"props\":{\"margin\":\"default\",\"column_breakpoint\":\"m\",\"content\":\"\n\n<div class=\\\"content\\\">\\n\n\n<h2>ARIS EXPLORER 1200:<\\\/h2>\\n\n\n<p>Cz\\u0119stotliwo\\u015b\\u0107 identyfikacji: \\u00a01.2 MHz<\\\/p>\\n\n\n<p>Cz\\u0119stotliwo\\u015b\\u0107 detekcji: \\u00a00.7 MHz<\\\/p>\\n\n\n<p>Zakres pracy: \\u00a0300m<\\\/p>\\n<\\\/div>\"}},{\"name\":\"\",\"type\":\"image\",\"props\":{\"margin\":\"default\",\"image\":\"wp-content\\\/uploads\\\/Screenshot_2019-09-16-Sound-Metrics-Products6.png\",\"image_width\":\"300\",\"image_svg_color\":\"emphasis\",\"link\":\"https:\\\/\\\/escort-technology.com\\\/?page_id=9232&preview=true\"}},{\"name\":\"\",\"type\":\"text\",\"props\":{\"margin\":\"default\",\"column_breakpoint\":\"m\",\"content\":\"\n\n<h2>Rotator R3 <\\\/h2>\\n\n\n<p>Rotator u\\u0142atwia prac\\u0119 kamery akustycznej ARIS Explorer, zapewniaj\\u0105c kontrol\\u0119 w trzech osiach:\\u00a0 Pan\\\/Tilt\\\/Ro<\\\/p>\"}}]}]},{\"name\":\"\",\"type\":\"row\",\"children\":[{\"name\":\"\",\"type\":\"column\",\"props\":{\"image_position\":\"center-center\",\"width_medium\":\"1-1\",\"media_overlay_gradient\":\"\"},\"children\":[{\"name\":\"\",\"type\":\"totop\",\"props\":{\"margin\":\"default\",\"title_grid_column_gap\":\"small\",\"title_grid_row_gap\":\"small\"}}]}]}]}],\"version\":\"2.4.14\"} --><\/p>\n","protected":false},"excerpt":{"rendered":"<p>Kamery akustyczne ARIS ARIS VOYAGER 3000: Cz\u0119stotliwo\u015b\u0107 identyfikacji:\u00a0 3.0 MHz Cz\u0119stotliwo\u015b\u0107 detekcji: \u00a01.8 MHz Zakres pracy:\u00a0 4000m ARIS DEFENDER 1800: Cz\u0119stotliwo\u015b\u0107 identyfikacji:\u00a0 1.8 MHz Cz\u0119stotliwo\u015b\u0107 detekcji: \u00a01.1 MHz Zakres pracy:\u00a0 100m ARIS EXPLORER 1800: Cz\u0119stotliwo\u015b\u0107 identyfikacji: \u00a01.8 MHz Cz\u0119stotliwo\u015b\u0107 detekcji: \u00a01.1 MHz Zakres pracy: \u00a0300m Rotator AR2 Rotator u\u0142atwia prac\u0119 kamery akustycznej ARIS Explorer, zapewniaj\u0105c [&hellip;]<\/p>\n","protected":false},"author":6,"featured_media":0,"parent":0,"menu_order":0,"comment_status":"closed","ping_status":"closed","template":"","meta":{"footnotes":""},"class_list":["post-3688","page","type-page","status-publish","hentry"],"yoast_head":"<!-- This site is optimized with the Yoast SEO plugin v27.5 - https:\/\/yoast.com\/product\/yoast-seo-wordpress\/ -->\n<title>Kamery akustyczne ARIS - ESCORT TECHNOLOGY<\/title>\n<meta name=\"robots\" content=\"index, follow, max-snippet:-1, max-image-preview:large, max-video-preview:-1\" \/>\n<link rel=\"canonical\" href=\"https:\/\/escort-technology.com\/pl\/kamery-akustyczne-aris\/\" \/>\n<meta property=\"og:locale\" content=\"pl_PL\" \/>\n<meta property=\"og:type\" content=\"article\" \/>\n<meta property=\"og:title\" content=\"Kamery akustyczne ARIS - ESCORT TECHNOLOGY\" \/>\n<meta property=\"og:description\" content=\"Kamery akustyczne ARIS ARIS VOYAGER 3000: Cz\u0119stotliwo\u015b\u0107 identyfikacji:\u00a0 3.0 MHz Cz\u0119stotliwo\u015b\u0107 detekcji: \u00a01.8 MHz Zakres pracy:\u00a0 4000m ARIS DEFENDER 1800: Cz\u0119stotliwo\u015b\u0107 identyfikacji:\u00a0 1.8 MHz Cz\u0119stotliwo\u015b\u0107 detekcji: \u00a01.1 MHz Zakres pracy:\u00a0 100m ARIS EXPLORER 1800: Cz\u0119stotliwo\u015b\u0107 identyfikacji: \u00a01.8 MHz Cz\u0119stotliwo\u015b\u0107 detekcji: \u00a01.1 MHz Zakres pracy: \u00a0300m Rotator AR2 Rotator u\u0142atwia prac\u0119 kamery akustycznej ARIS Explorer, zapewniaj\u0105c [&hellip;]\" \/>\n<meta property=\"og:url\" content=\"https:\/\/escort-technology.com\/pl\/kamery-akustyczne-aris\/\" \/>\n<meta property=\"og:site_name\" content=\"ESCORT TECHNOLOGY\" \/>\n<meta property=\"article:publisher\" content=\"https:\/\/www.facebook.com\/elektronika.morska\/\" \/>\n<meta property=\"article:modified_time\" content=\"2021-05-14T09:15:24+00:00\" \/>\n<meta property=\"og:image\" content=\"https:\/\/escort-technology.com\/wp-content\/uploads\/Screenshot_2019-09-16-Sound-Metrics-Products.png\" \/>\n<meta name=\"twitter:card\" content=\"summary_large_image\" \/>\n<meta name=\"twitter:label1\" content=\"Szacowany czas czytania\" \/>\n\t<meta name=\"twitter:data1\" content=\"1 minuta\" \/>\n<script type=\"application\/ld+json\" class=\"yoast-schema-graph\">{\"@context\":\"https:\\\/\\\/schema.org\",\"@graph\":[{\"@type\":\"WebPage\",\"@id\":\"https:\\\/\\\/escort-technology.com\\\/en\\\/kamery-akustyczne-aris\\\/\",\"url\":\"https:\\\/\\\/escort-technology.com\\\/en\\\/kamery-akustyczne-aris\\\/\",\"name\":\"Kamery akustyczne ARIS - ESCORT TECHNOLOGY\",\"isPartOf\":{\"@id\":\"http:\\\/\\\/escort-technology.com\\\/de\\\/#website\"},\"datePublished\":\"2018-05-18T12:38:53+00:00\",\"dateModified\":\"2021-05-14T09:15:24+00:00\",\"breadcrumb\":{\"@id\":\"https:\\\/\\\/escort-technology.com\\\/en\\\/kamery-akustyczne-aris\\\/#breadcrumb\"},\"inLanguage\":\"pl-PL\",\"potentialAction\":[{\"@type\":\"ReadAction\",\"target\":[\"https:\\\/\\\/escort-technology.com\\\/en\\\/kamery-akustyczne-aris\\\/\"]}]},{\"@type\":\"BreadcrumbList\",\"@id\":\"https:\\\/\\\/escort-technology.com\\\/en\\\/kamery-akustyczne-aris\\\/#breadcrumb\",\"itemListElement\":[{\"@type\":\"ListItem\",\"position\":1,\"name\":\"Strona g\u0142\u00f3wna\",\"item\":\"https:\\\/\\\/escort-technology.com\\\/\"},{\"@type\":\"ListItem\",\"position\":2,\"name\":\"Kamery akustyczne ARIS\"}]},{\"@type\":\"WebSite\",\"@id\":\"http:\\\/\\\/escort-technology.com\\\/de\\\/#website\",\"url\":\"http:\\\/\\\/escort-technology.com\\\/de\\\/\",\"name\":\"ESCORT TECHNOLOGY\",\"description\":\"Elektronika morska i l\u0105dowa\",\"publisher\":{\"@id\":\"http:\\\/\\\/escort-technology.com\\\/de\\\/#organization\"},\"potentialAction\":[{\"@type\":\"SearchAction\",\"target\":{\"@type\":\"EntryPoint\",\"urlTemplate\":\"http:\\\/\\\/escort-technology.com\\\/de\\\/?s={search_term_string}\"},\"query-input\":{\"@type\":\"PropertyValueSpecification\",\"valueRequired\":true,\"valueName\":\"search_term_string\"}}],\"inLanguage\":\"pl-PL\"},{\"@type\":\"Organization\",\"@id\":\"http:\\\/\\\/escort-technology.com\\\/de\\\/#organization\",\"name\":\"ESCORT TECHNOLOGY\",\"url\":\"http:\\\/\\\/escort-technology.com\\\/de\\\/\",\"logo\":{\"@type\":\"ImageObject\",\"inLanguage\":\"pl-PL\",\"@id\":\"http:\\\/\\\/escort-technology.com\\\/de\\\/#\\\/schema\\\/logo\\\/image\\\/\",\"url\":\"https:\\\/\\\/escort-technology.com\\\/wp-content\\\/uploads\\\/logo-1.jpg\",\"contentUrl\":\"https:\\\/\\\/escort-technology.com\\\/wp-content\\\/uploads\\\/logo-1.jpg\",\"width\":600,\"height\":165,\"caption\":\"ESCORT TECHNOLOGY\"},\"image\":{\"@id\":\"http:\\\/\\\/escort-technology.com\\\/de\\\/#\\\/schema\\\/logo\\\/image\\\/\"},\"sameAs\":[\"https:\\\/\\\/www.facebook.com\\\/elektronika.morska\\\/\",\"https:\\\/\\\/www.linkedin.com\\\/company\\\/escort-sp-z-o-o-\\\/\"]}]}<\/script>\n<!-- \/ Yoast SEO plugin. -->","yoast_head_json":{"title":"Kamery akustyczne ARIS - ESCORT TECHNOLOGY","robots":{"index":"index","follow":"follow","max-snippet":"max-snippet:-1","max-image-preview":"max-image-preview:large","max-video-preview":"max-video-preview:-1"},"canonical":"https:\/\/escort-technology.com\/pl\/kamery-akustyczne-aris\/","og_locale":"pl_PL","og_type":"article","og_title":"Kamery akustyczne ARIS - ESCORT TECHNOLOGY","og_description":"Kamery akustyczne ARIS ARIS VOYAGER 3000: Cz\u0119stotliwo\u015b\u0107 identyfikacji:\u00a0 3.0 MHz Cz\u0119stotliwo\u015b\u0107 detekcji: \u00a01.8 MHz Zakres pracy:\u00a0 4000m ARIS DEFENDER 1800: Cz\u0119stotliwo\u015b\u0107 identyfikacji:\u00a0 1.8 MHz Cz\u0119stotliwo\u015b\u0107 detekcji: \u00a01.1 MHz Zakres pracy:\u00a0 100m ARIS EXPLORER 1800: Cz\u0119stotliwo\u015b\u0107 identyfikacji: \u00a01.8 MHz Cz\u0119stotliwo\u015b\u0107 detekcji: \u00a01.1 MHz Zakres pracy: \u00a0300m Rotator AR2 Rotator u\u0142atwia prac\u0119 kamery akustycznej ARIS Explorer, zapewniaj\u0105c [&hellip;]","og_url":"https:\/\/escort-technology.com\/pl\/kamery-akustyczne-aris\/","og_site_name":"ESCORT TECHNOLOGY","article_publisher":"https:\/\/www.facebook.com\/elektronika.morska\/","article_modified_time":"2021-05-14T09:15:24+00:00","og_image":[{"url":"https:\/\/escort-technology.com\/wp-content\/uploads\/Screenshot_2019-09-16-Sound-Metrics-Products.png","type":"","width":"","height":""}],"twitter_card":"summary_large_image","twitter_misc":{"Szacowany czas czytania":"1 minuta"},"schema":{"@context":"https:\/\/schema.org","@graph":[{"@type":"WebPage","@id":"https:\/\/escort-technology.com\/en\/kamery-akustyczne-aris\/","url":"https:\/\/escort-technology.com\/en\/kamery-akustyczne-aris\/","name":"Kamery akustyczne ARIS - ESCORT TECHNOLOGY","isPartOf":{"@id":"http:\/\/escort-technology.com\/de\/#website"},"datePublished":"2018-05-18T12:38:53+00:00","dateModified":"2021-05-14T09:15:24+00:00","breadcrumb":{"@id":"https:\/\/escort-technology.com\/en\/kamery-akustyczne-aris\/#breadcrumb"},"inLanguage":"pl-PL","potentialAction":[{"@type":"ReadAction","target":["https:\/\/escort-technology.com\/en\/kamery-akustyczne-aris\/"]}]},{"@type":"BreadcrumbList","@id":"https:\/\/escort-technology.com\/en\/kamery-akustyczne-aris\/#breadcrumb","itemListElement":[{"@type":"ListItem","position":1,"name":"Strona g\u0142\u00f3wna","item":"https:\/\/escort-technology.com\/"},{"@type":"ListItem","position":2,"name":"Kamery akustyczne ARIS"}]},{"@type":"WebSite","@id":"http:\/\/escort-technology.com\/de\/#website","url":"http:\/\/escort-technology.com\/de\/","name":"ESCORT TECHNOLOGY","description":"Elektronika morska i l\u0105dowa","publisher":{"@id":"http:\/\/escort-technology.com\/de\/#organization"},"potentialAction":[{"@type":"SearchAction","target":{"@type":"EntryPoint","urlTemplate":"http:\/\/escort-technology.com\/de\/?s={search_term_string}"},"query-input":{"@type":"PropertyValueSpecification","valueRequired":true,"valueName":"search_term_string"}}],"inLanguage":"pl-PL"},{"@type":"Organization","@id":"http:\/\/escort-technology.com\/de\/#organization","name":"ESCORT TECHNOLOGY","url":"http:\/\/escort-technology.com\/de\/","logo":{"@type":"ImageObject","inLanguage":"pl-PL","@id":"http:\/\/escort-technology.com\/de\/#\/schema\/logo\/image\/","url":"https:\/\/escort-technology.com\/wp-content\/uploads\/logo-1.jpg","contentUrl":"https:\/\/escort-technology.com\/wp-content\/uploads\/logo-1.jpg","width":600,"height":165,"caption":"ESCORT TECHNOLOGY"},"image":{"@id":"http:\/\/escort-technology.com\/de\/#\/schema\/logo\/image\/"},"sameAs":["https:\/\/www.facebook.com\/elektronika.morska\/","https:\/\/www.linkedin.com\/company\/escort-sp-z-o-o-\/"]}]}},"_links":{"self":[{"href":"https:\/\/escort-technology.com\/pl\/wp-json\/wp\/v2\/pages\/3688","targetHints":{"allow":["GET"]}}],"collection":[{"href":"https:\/\/escort-technology.com\/pl\/wp-json\/wp\/v2\/pages"}],"about":[{"href":"https:\/\/escort-technology.com\/pl\/wp-json\/wp\/v2\/types\/page"}],"author":[{"embeddable":true,"href":"https:\/\/escort-technology.com\/pl\/wp-json\/wp\/v2\/users\/6"}],"replies":[{"embeddable":true,"href":"https:\/\/escort-technology.com\/pl\/wp-json\/wp\/v2\/comments?post=3688"}],"version-history":[{"count":20,"href":"https:\/\/escort-technology.com\/pl\/wp-json\/wp\/v2\/pages\/3688\/revisions"}],"predecessor-version":[{"id":9234,"href":"https:\/\/escort-technology.com\/pl\/wp-json\/wp\/v2\/pages\/3688\/revisions\/9234"}],"wp:attachment":[{"href":"https:\/\/escort-technology.com\/pl\/wp-json\/wp\/v2\/media?parent=3688"}],"curies":[{"name":"wp","href":"https:\/\/api.w.org\/{rel}","templated":true}]}}