{"id":3709,"date":"2018-05-18T13:28:35","date_gmt":"2018-05-18T13:28:35","guid":{"rendered":"http:\/\/escort-technology.com\/?page_id=3709"},"modified":"2018-05-18T13:55:09","modified_gmt":"2018-05-18T13:55:09","slug":"funkcjonalnosc-ploterow-firmy-advansea","status":"publish","type":"page","link":"https:\/\/escort-technology.com\/pl\/funkcjonalnosc-ploterow-firmy-advansea\/","title":{"rendered":"Funkcjonalno\u015b\u0107 Ploter\u00f3w firmy AdvanSea"},"content":{"rendered":"<p>Funkcjonalno\u015b\u0107 Ploter\u00f3w firmy AdvanSea<\/p>\n<p>Urz\u0105dzenie \u0142\u0105cz\u0105ce funkcj\u0119 plotera oraz echosondy. Wy\u015bwietlacz wysokiej rozdzielczo\u015bci w po\u0142\u0105czeniu z dwucz\u0119stotliwo\u015bciow\u0105 echosond\u0105<\/p>\n<p>Ekran 5,6&#8243; VGA (640&#215;480)<br \/>\nEchosonda pracuj\u0105ca w dw\u00f3ch cz\u0119stotliwo\u015bciach 50\/200 kHz o mocy 600W, z mo\u017cliwo\u015bci\u0105 wy\u015bwietlania ech do 600m.<br \/>\nCyfrowe wy\u015bwietlanie danych o pr\u0119dko\u015bci i temperaturze<br \/>\nFunkcje zapisu obrazu: mo\u017cliwo\u015b\u0107 zapisu obrazu w wbudowanej pami\u0119ci o pojemno\u015bci 128MB, lub na karcie SD, z mo\u017cliwo\u015bci\u0105 przenoszenia danych na komputer<br \/>\nKompatybilno\u015b\u0107 z mapami C-MAP MAX, z czytnikiem kart w formacie SD.<br \/>\nProtok\u00f3\u0142 NMEA0183: 2x wej\u015bcie\/ wyj\u015bcie<br \/>\nProtok\u00f3\u0142 NMEA2000: do wy\u015bwietlania lub przetwarzania danych z innych urz\u0105dze\u0144.<br \/>\nKompatybilno\u015b\u0107 z AIS<br \/>\nWodoszczelno\u015b\u0107 klasa IPX7\n<\/p>\n<p>Ploter wyposa\u017cony w wysokiej rozdzielczo\u015bci ekran VGA, z mo\u017cliwo\u015bci\u0105 pod\u0142\u0105czenia urz\u0105dze\u0144, dzi\u0119ki standardom NMEA0183 oraz NMEA2000. GPS T.56 pozwala na wy\u015bwietlanie wszystkich danych z kompatybilnych urz\u0105dze\u0144 nawigacyjnych.<\/p>\n<p>Ekran 5,6&#8243; VGA(640&#215;480)<br \/>\nCyfrowe wy\u015bwietlanie danych o pr\u0119dko\u015bci i temperaturze<br \/>\nFunkcja zapisu obrazu: mo\u017cliwo\u015b\u0107 zapisu obrazy mapy w wbudowanej pami\u0119ci o pojemno\u015bci 128MB, lub na karcie SD, z mo\u017cliwo\u015bci\u0105 przenoszenia danych na komputer.<br \/>\nKompatybilno\u015b\u0107 z mapami C-MAP MAX, z czytnikiem kart w formacie SD.<br \/>\nProtok\u00f3\u0142 NMEA0183: 2x wej\u015bcie\/ wyj\u015bcie<br \/>\nProtok\u00f3\u0142 NMEA2000: do wy\u015bwietlania lub przetwarzania danych z innych urz\u0105dze\u0144.<br \/>\nKompatybilno\u015b\u0107 z AIS<br \/>\nWodoszczelno\u015b\u0107 klasa IPX7\n<\/p>\n<p>Ploter z wyra\u017anym i dok\u0142adnym ekranem QVGA. \u0141\u0105czy pe\u0142en zestaw funkcji s\u0142u\u017c\u0105cych do nawigacji wraz z intuicyjnym oprogramowaniem, pozwalaj\u0105c na szybki i prosty dost\u0119p do cz\u0119sto u\u017cywanych funkcji.<\/p>\n<p>Ekran 5&#8243; QVGA(320x 240)<br \/>\nFunkcja zapisu obrazu: mo\u017cliwo\u015b\u0107 zapisu obrazy mapy w wbudowanej pami\u0119ci o pojemno\u015bci 128MB, lub na karcie SD, z mo\u017cliwo\u015bci\u0105 przenoszenia danych na komputerem.<br \/>\nKompatybilno\u015b\u0107 z mapami C-MAP MAX, z czytnikiem kart w formacie SD.<br \/>\nProtok\u00f3\u0142 NMEA0183: 2x wej\u015bcie\/ wyj\u015bcie<br \/>\nKompatybilno\u015b\u0107 z AIS<br \/>\nWodoszczelno\u015b\u0107 klasa IPX7\n<\/p>\n<p><!-- {\"name\":\"\",\"type\":\"layout\",\"children\":[{\"name\":\"ANTENA\",\"type\":\"section\",\"props\":{\"width\":\"default\",\"padding\":\"xsmall\",\"style\":\"default\",\"text_color\":\"\",\"media\":\"\",\"height_viewport\":false,\"header_overlay\":\"light\",\"animation\":\"slide-top-medium\",\"padding_remove_top\":false,\"image_size\":\"cover\",\"image\":\"\",\"image_position\":\"bottom-center\",\"image_fixed\":false,\"class\":\"\",\"overlap\":true,\"vertical_align\":\"middle\",\"title_position\":\"top-left\",\"title_rotation\":\"left\",\"title_breakpoint\":\"xl\"},\"children\":[{\"name\":\"\",\"type\":\"row\",\"props\":{\"layout\":\"1-1\",\"breakpoint\":\"m\",\"margin\":\"\",\"fixed_width\":\"large\"},\"children\":[{\"name\":\"\",\"type\":\"column\",\"props\":{\"image_position\":\"center-center\",\"widths\":[\"1-1\"]},\"children\":[{\"name\":\"\",\"type\":\"headline\",\"props\":{\"title_element\":\"h2\",\"content\":\"Funkcjonalno\\u015b\\u0107 Ploter\\u00f3w firmy AdvanSea\",\"text_align\":\"center\",\"text_align_fallback\":\"center\",\"maxwidth_align\":\"center\",\"maxwidth\":\"\",\"title_style\":\"h2\",\"title_decoration\":\"\",\"margin\":\"\"}},{\"name\":\"\",\"type\":\"divider\",\"props\":{\"divider_element\":\"hr\"}}]}]},{\"name\":\"\",\"type\":\"row\",\"props\":{\"fixed_width\":\"large\",\"breakpoint\":\"m\",\"layout\":\",2-3\"},\"children\":[{\"name\":\"\",\"type\":\"column\",\"props\":{\"widths\":[\"\"],\"image_position\":\"center-center\"},\"children\":[{\"name\":\"\",\"type\":\"image\",\"props\":{\"margin\":\"default\",\"image\":\"wp-content\\\/uploads\\\/COMBO_C.56-1.png\",\"text_align\":\"center\",\"image_width\":\"200\"}}]},{\"name\":\"\",\"type\":\"column\",\"props\":{\"widths\":[\"2-3\"],\"image_position\":\"center-center\"},\"children\":[{\"name\":\"\",\"type\":\"text\",\"props\":{\"margin\":\"default\",\"column_breakpoint\":\"m\",\"content\":\"\n\n<p><strong>Urz\\u0105dzenie \\u0142\\u0105cz\\u0105ce funkcj\\u0119 plotera oraz echosondy. Wy\\u015bwietlacz wysokiej rozdzielczo\\u015bci w po\\u0142\\u0105czeniu z dwucz\\u0119stotliwo\\u015bciow\\u0105 echosond\\u0105<\\\/strong><\\\/p>\\n\n\n<ul>\\n\n\n<li>Ekran 5,6\\\" VGA (640x480)<\\\/li>\\n\n\n<li>Echosonda pracuj\\u0105ca w dw\\u00f3ch cz\\u0119stotliwo\\u015bciach 50\\\/200 kHz o mocy 600W, z mo\\u017cliwo\\u015bci\\u0105 wy\\u015bwietlania ech do 600m.<\\\/li>\\n\n\n<li>Cyfrowe wy\\u015bwietlanie danych o pr\\u0119dko\\u015bci i temperaturze<\\\/li>\\n\n\n<li>Funkcje zapisu obrazu: mo\\u017cliwo\\u015b\\u0107 zapisu obrazu w wbudowanej pami\\u0119ci o pojemno\\u015bci 128MB, lub na karcie SD, z mo\\u017cliwo\\u015bci\\u0105 przenoszenia danych na komputer<\\\/li>\\n\n\n<li>Kompatybilno\\u015b\\u0107 z mapami C-MAP MAX, z czytnikiem kart w formacie SD.<\\\/li>\\n\n\n<li>Protok\\u00f3\\u0142 NMEA0183: 2x wej\\u015bcie\\\/ wyj\\u015bcie<\\\/li>\\n\n\n<li>Protok\\u00f3\\u0142 NMEA2000: do wy\\u015bwietlania lub przetwarzania danych z innych urz\\u0105dze\\u0144.<\\\/li>\\n\n\n<li>Kompatybilno\\u015b\\u0107 z AIS<\\\/li>\\n\n\n<li>Wodoszczelno\\u015b\\u0107 klasa IPX7<\\\/li>\\n<\\\/ul>\",\"maxwidth\":\"xxlarge\"}}]}]},{\"name\":\"\",\"type\":\"row\",\"props\":{\"fixed_width\":\"large\",\"breakpoint\":\"m\",\"layout\":\",2-3\"},\"children\":[{\"name\":\"\",\"type\":\"column\",\"props\":{\"widths\":[\"\"],\"image_position\":\"center-center\"},\"children\":[{\"name\":\"\",\"type\":\"image\",\"props\":{\"margin\":\"default\",\"image\":\"wp-content\\\/uploads\\\/GPS_T.56.png\",\"text_align\":\"center\",\"image_width\":\"200\"}}]},{\"name\":\"\",\"type\":\"column\",\"props\":{\"widths\":[\"2-3\"],\"image_position\":\"center-center\"},\"children\":[{\"name\":\"\",\"type\":\"text\",\"props\":{\"margin\":\"default\",\"column_breakpoint\":\"m\",\"content\":\"\n\n<p><strong>Ploter wyposa\\u017cony w wysokiej rozdzielczo\\u015bci ekran VGA, z mo\\u017cliwo\\u015bci\\u0105 pod\\u0142\\u0105czenia urz\\u0105dze\\u0144, dzi\\u0119ki standardom NMEA0183 oraz NMEA2000. GPS T.56 pozwala na wy\\u015bwietlanie wszystkich danych z kompatybilnych urz\\u0105dze\\u0144 nawigacyjnych.<\\\/strong><\\\/p>\\n\n\n<ul>\\n\n\n<li>Ekran 5,6\\\" VGA(640x480)<\\\/li>\\n\n\n<li>Cyfrowe wy\\u015bwietlanie danych o pr\\u0119dko\\u015bci i temperaturze<\\\/li>\\n\n\n<li>Funkcja zapisu obrazu: mo\\u017cliwo\\u015b\\u0107 zapisu obrazy mapy w wbudowanej pami\\u0119ci o pojemno\\u015bci 128MB, lub na karcie SD, z mo\\u017cliwo\\u015bci\\u0105 przenoszenia danych na komputer.<\\\/li>\\n\n\n<li>Kompatybilno\\u015b\\u0107 z mapami C-MAP MAX, z czytnikiem kart w formacie SD.<\\\/li>\\n\n\n<li>Protok\\u00f3\\u0142 NMEA0183: 2x wej\\u015bcie\\\/ wyj\\u015bcie<\\\/li>\\n\n\n<li>Protok\\u00f3\\u0142 NMEA2000: do wy\\u015bwietlania lub przetwarzania danych z innych urz\\u0105dze\\u0144.<\\\/li>\\n\n\n<li>Kompatybilno\\u015b\\u0107 z AIS<\\\/li>\\n\n\n<li>Wodoszczelno\\u015b\\u0107 klasa IPX7<\\\/li>\\n<\\\/ul>\",\"maxwidth\":\"xxlarge\"}}]}]},{\"name\":\"\",\"type\":\"row\",\"props\":{\"fixed_width\":\"large\",\"breakpoint\":\"m\",\"layout\":\",2-3\"},\"children\":[{\"name\":\"\",\"type\":\"column\",\"props\":{\"widths\":[\"\"],\"image_position\":\"center-center\"},\"children\":[{\"name\":\"\",\"type\":\"image\",\"props\":{\"margin\":\"default\",\"image\":\"wp-content\\\/uploads\\\/GPS_T.50.png\",\"text_align\":\"center\",\"image_width\":\"200\"}}]},{\"name\":\"\",\"type\":\"column\",\"props\":{\"widths\":[\"2-3\"],\"image_position\":\"center-center\"},\"children\":[{\"name\":\"\",\"type\":\"text\",\"props\":{\"margin\":\"default\",\"column_breakpoint\":\"m\",\"content\":\"\n\n<p><strong>Ploter z wyra\\u017anym i dok\\u0142adnym ekranem QVGA. \\u0141\\u0105czy pe\\u0142en zestaw funkcji s\\u0142u\\u017c\\u0105cych do nawigacji wraz z intuicyjnym oprogramowaniem, pozwalaj\\u0105c na szybki i prosty dost\\u0119p do cz\\u0119sto u\\u017cywanych funkcji.<\\\/strong><\\\/p>\\n\n\n<ul>\\n\n\n<li>Ekran 5\\\" QVGA(320x 240)<\\\/li>\\n\n\n<li>Funkcja zapisu obrazu: mo\\u017cliwo\\u015b\\u0107 zapisu obrazy mapy w wbudowanej pami\\u0119ci o pojemno\\u015bci 128MB, lub na karcie SD, z mo\\u017cliwo\\u015bci\\u0105 przenoszenia danych na komputerem.<\\\/li>\\n\n\n<li>Kompatybilno\\u015b\\u0107 z mapami C-MAP MAX, z czytnikiem kart w formacie SD.<\\\/li>\\n\n\n<li>Protok\\u00f3\\u0142 NMEA0183: 2x wej\\u015bcie\\\/ wyj\\u015bcie<\\\/li>\\n\n\n<li>Kompatybilno\\u015b\\u0107 z AIS<\\\/li>\\n\n\n<li>Wodoszczelno\\u015b\\u0107 klasa IPX7<\\\/li>\\n<\\\/ul>\",\"maxwidth\":\"xxlarge\"}}]}]}]}]} --><\/p>\n","protected":false},"excerpt":{"rendered":"<p>Funkcjonalno\u015b\u0107 Ploter\u00f3w firmy AdvanSea Urz\u0105dzenie \u0142\u0105cz\u0105ce funkcj\u0119 plotera oraz echosondy. Wy\u015bwietlacz wysokiej rozdzielczo\u015bci w po\u0142\u0105czeniu z dwucz\u0119stotliwo\u015bciow\u0105 echosond\u0105 Ekran 5,6&#8243; VGA (640&#215;480) Echosonda pracuj\u0105ca w dw\u00f3ch cz\u0119stotliwo\u015bciach 50\/200 kHz o mocy 600W, z mo\u017cliwo\u015bci\u0105 wy\u015bwietlania ech do 600m. Cyfrowe wy\u015bwietlanie danych o pr\u0119dko\u015bci i temperaturze Funkcje zapisu obrazu: mo\u017cliwo\u015b\u0107 zapisu obrazu w wbudowanej pami\u0119ci o [&hellip;]<\/p>\n","protected":false},"author":6,"featured_media":0,"parent":0,"menu_order":0,"comment_status":"closed","ping_status":"closed","template":"","meta":{"footnotes":""},"class_list":["post-3709","page","type-page","status-publish","hentry"],"yoast_head":"<!-- This site is optimized with the Yoast SEO plugin v27.5 - https:\/\/yoast.com\/product\/yoast-seo-wordpress\/ -->\n<title>Funkcjonalno\u015b\u0107 Ploter\u00f3w firmy AdvanSea - ESCORT TECHNOLOGY<\/title>\n<meta name=\"robots\" content=\"index, follow, max-snippet:-1, max-image-preview:large, max-video-preview:-1\" \/>\n<link rel=\"canonical\" href=\"http:\/\/escort-technology.com\/pl\/de\/funkcjonalnosc-ploterow-firmy-advansea\/\" \/>\n<meta property=\"og:locale\" content=\"pl_PL\" \/>\n<meta property=\"og:type\" content=\"article\" \/>\n<meta property=\"og:title\" content=\"Funkcjonalno\u015b\u0107 Ploter\u00f3w firmy AdvanSea - ESCORT TECHNOLOGY\" \/>\n<meta property=\"og:description\" content=\"Funkcjonalno\u015b\u0107 Ploter\u00f3w firmy AdvanSea Urz\u0105dzenie \u0142\u0105cz\u0105ce funkcj\u0119 plotera oraz echosondy. Wy\u015bwietlacz wysokiej rozdzielczo\u015bci w po\u0142\u0105czeniu z dwucz\u0119stotliwo\u015bciow\u0105 echosond\u0105 Ekran 5,6&#8243; VGA (640&#215;480) Echosonda pracuj\u0105ca w dw\u00f3ch cz\u0119stotliwo\u015bciach 50\/200 kHz o mocy 600W, z mo\u017cliwo\u015bci\u0105 wy\u015bwietlania ech do 600m. Cyfrowe wy\u015bwietlanie danych o pr\u0119dko\u015bci i temperaturze Funkcje zapisu obrazu: mo\u017cliwo\u015b\u0107 zapisu obrazu w wbudowanej pami\u0119ci o [&hellip;]\" \/>\n<meta property=\"og:url\" content=\"http:\/\/escort-technology.com\/pl\/de\/funkcjonalnosc-ploterow-firmy-advansea\/\" \/>\n<meta property=\"og:site_name\" content=\"ESCORT TECHNOLOGY\" \/>\n<meta property=\"article:publisher\" content=\"https:\/\/www.facebook.com\/elektronika.morska\/\" \/>\n<meta property=\"article:modified_time\" content=\"2018-05-18T13:55:09+00:00\" \/>\n<meta name=\"twitter:card\" content=\"summary_large_image\" \/>\n<meta name=\"twitter:label1\" content=\"Szacowany czas czytania\" \/>\n\t<meta name=\"twitter:data1\" content=\"2 minuty\" \/>\n<script type=\"application\/ld+json\" class=\"yoast-schema-graph\">{\"@context\":\"https:\\\/\\\/schema.org\",\"@graph\":[{\"@type\":\"WebPage\",\"@id\":\"http:\\\/\\\/escort-technology.com\\\/de\\\/funkcjonalnosc-ploterow-firmy-advansea\\\/\",\"url\":\"http:\\\/\\\/escort-technology.com\\\/de\\\/funkcjonalnosc-ploterow-firmy-advansea\\\/\",\"name\":\"Funkcjonalno\u015b\u0107 Ploter\u00f3w firmy AdvanSea - ESCORT TECHNOLOGY\",\"isPartOf\":{\"@id\":\"http:\\\/\\\/escort-technology.com\\\/de\\\/#website\"},\"datePublished\":\"2018-05-18T13:28:35+00:00\",\"dateModified\":\"2018-05-18T13:55:09+00:00\",\"breadcrumb\":{\"@id\":\"http:\\\/\\\/escort-technology.com\\\/de\\\/funkcjonalnosc-ploterow-firmy-advansea\\\/#breadcrumb\"},\"inLanguage\":\"pl-PL\",\"potentialAction\":[{\"@type\":\"ReadAction\",\"target\":[\"http:\\\/\\\/escort-technology.com\\\/de\\\/funkcjonalnosc-ploterow-firmy-advansea\\\/\"]}]},{\"@type\":\"BreadcrumbList\",\"@id\":\"http:\\\/\\\/escort-technology.com\\\/de\\\/funkcjonalnosc-ploterow-firmy-advansea\\\/#breadcrumb\",\"itemListElement\":[{\"@type\":\"ListItem\",\"position\":1,\"name\":\"Strona g\u0142\u00f3wna\",\"item\":\"https:\\\/\\\/escort-technology.com\\\/\"},{\"@type\":\"ListItem\",\"position\":2,\"name\":\"Funkcjonalno\u015b\u0107 Ploter\u00f3w firmy AdvanSea\"}]},{\"@type\":\"WebSite\",\"@id\":\"http:\\\/\\\/escort-technology.com\\\/de\\\/#website\",\"url\":\"http:\\\/\\\/escort-technology.com\\\/de\\\/\",\"name\":\"ESCORT TECHNOLOGY\",\"description\":\"Elektronika morska i l\u0105dowa\",\"publisher\":{\"@id\":\"http:\\\/\\\/escort-technology.com\\\/de\\\/#organization\"},\"potentialAction\":[{\"@type\":\"SearchAction\",\"target\":{\"@type\":\"EntryPoint\",\"urlTemplate\":\"http:\\\/\\\/escort-technology.com\\\/de\\\/?s={search_term_string}\"},\"query-input\":{\"@type\":\"PropertyValueSpecification\",\"valueRequired\":true,\"valueName\":\"search_term_string\"}}],\"inLanguage\":\"pl-PL\"},{\"@type\":\"Organization\",\"@id\":\"http:\\\/\\\/escort-technology.com\\\/de\\\/#organization\",\"name\":\"ESCORT TECHNOLOGY\",\"url\":\"http:\\\/\\\/escort-technology.com\\\/de\\\/\",\"logo\":{\"@type\":\"ImageObject\",\"inLanguage\":\"pl-PL\",\"@id\":\"http:\\\/\\\/escort-technology.com\\\/de\\\/#\\\/schema\\\/logo\\\/image\\\/\",\"url\":\"https:\\\/\\\/escort-technology.com\\\/wp-content\\\/uploads\\\/logo-1.jpg\",\"contentUrl\":\"https:\\\/\\\/escort-technology.com\\\/wp-content\\\/uploads\\\/logo-1.jpg\",\"width\":600,\"height\":165,\"caption\":\"ESCORT TECHNOLOGY\"},\"image\":{\"@id\":\"http:\\\/\\\/escort-technology.com\\\/de\\\/#\\\/schema\\\/logo\\\/image\\\/\"},\"sameAs\":[\"https:\\\/\\\/www.facebook.com\\\/elektronika.morska\\\/\",\"https:\\\/\\\/www.linkedin.com\\\/company\\\/escort-sp-z-o-o-\\\/\"]}]}<\/script>\n<!-- \/ Yoast SEO plugin. -->","yoast_head_json":{"title":"Funkcjonalno\u015b\u0107 Ploter\u00f3w firmy AdvanSea - ESCORT TECHNOLOGY","robots":{"index":"index","follow":"follow","max-snippet":"max-snippet:-1","max-image-preview":"max-image-preview:large","max-video-preview":"max-video-preview:-1"},"canonical":"http:\/\/escort-technology.com\/pl\/de\/funkcjonalnosc-ploterow-firmy-advansea\/","og_locale":"pl_PL","og_type":"article","og_title":"Funkcjonalno\u015b\u0107 Ploter\u00f3w firmy AdvanSea - ESCORT TECHNOLOGY","og_description":"Funkcjonalno\u015b\u0107 Ploter\u00f3w firmy AdvanSea Urz\u0105dzenie \u0142\u0105cz\u0105ce funkcj\u0119 plotera oraz echosondy. Wy\u015bwietlacz wysokiej rozdzielczo\u015bci w po\u0142\u0105czeniu z dwucz\u0119stotliwo\u015bciow\u0105 echosond\u0105 Ekran 5,6&#8243; VGA (640&#215;480) Echosonda pracuj\u0105ca w dw\u00f3ch cz\u0119stotliwo\u015bciach 50\/200 kHz o mocy 600W, z mo\u017cliwo\u015bci\u0105 wy\u015bwietlania ech do 600m. Cyfrowe wy\u015bwietlanie danych o pr\u0119dko\u015bci i temperaturze Funkcje zapisu obrazu: mo\u017cliwo\u015b\u0107 zapisu obrazu w wbudowanej pami\u0119ci o [&hellip;]","og_url":"http:\/\/escort-technology.com\/pl\/de\/funkcjonalnosc-ploterow-firmy-advansea\/","og_site_name":"ESCORT TECHNOLOGY","article_publisher":"https:\/\/www.facebook.com\/elektronika.morska\/","article_modified_time":"2018-05-18T13:55:09+00:00","twitter_card":"summary_large_image","twitter_misc":{"Szacowany czas czytania":"2 minuty"},"schema":{"@context":"https:\/\/schema.org","@graph":[{"@type":"WebPage","@id":"http:\/\/escort-technology.com\/de\/funkcjonalnosc-ploterow-firmy-advansea\/","url":"http:\/\/escort-technology.com\/de\/funkcjonalnosc-ploterow-firmy-advansea\/","name":"Funkcjonalno\u015b\u0107 Ploter\u00f3w firmy AdvanSea - ESCORT TECHNOLOGY","isPartOf":{"@id":"http:\/\/escort-technology.com\/de\/#website"},"datePublished":"2018-05-18T13:28:35+00:00","dateModified":"2018-05-18T13:55:09+00:00","breadcrumb":{"@id":"http:\/\/escort-technology.com\/de\/funkcjonalnosc-ploterow-firmy-advansea\/#breadcrumb"},"inLanguage":"pl-PL","potentialAction":[{"@type":"ReadAction","target":["http:\/\/escort-technology.com\/de\/funkcjonalnosc-ploterow-firmy-advansea\/"]}]},{"@type":"BreadcrumbList","@id":"http:\/\/escort-technology.com\/de\/funkcjonalnosc-ploterow-firmy-advansea\/#breadcrumb","itemListElement":[{"@type":"ListItem","position":1,"name":"Strona g\u0142\u00f3wna","item":"https:\/\/escort-technology.com\/"},{"@type":"ListItem","position":2,"name":"Funkcjonalno\u015b\u0107 Ploter\u00f3w firmy AdvanSea"}]},{"@type":"WebSite","@id":"http:\/\/escort-technology.com\/de\/#website","url":"http:\/\/escort-technology.com\/de\/","name":"ESCORT TECHNOLOGY","description":"Elektronika morska i l\u0105dowa","publisher":{"@id":"http:\/\/escort-technology.com\/de\/#organization"},"potentialAction":[{"@type":"SearchAction","target":{"@type":"EntryPoint","urlTemplate":"http:\/\/escort-technology.com\/de\/?s={search_term_string}"},"query-input":{"@type":"PropertyValueSpecification","valueRequired":true,"valueName":"search_term_string"}}],"inLanguage":"pl-PL"},{"@type":"Organization","@id":"http:\/\/escort-technology.com\/de\/#organization","name":"ESCORT TECHNOLOGY","url":"http:\/\/escort-technology.com\/de\/","logo":{"@type":"ImageObject","inLanguage":"pl-PL","@id":"http:\/\/escort-technology.com\/de\/#\/schema\/logo\/image\/","url":"https:\/\/escort-technology.com\/wp-content\/uploads\/logo-1.jpg","contentUrl":"https:\/\/escort-technology.com\/wp-content\/uploads\/logo-1.jpg","width":600,"height":165,"caption":"ESCORT TECHNOLOGY"},"image":{"@id":"http:\/\/escort-technology.com\/de\/#\/schema\/logo\/image\/"},"sameAs":["https:\/\/www.facebook.com\/elektronika.morska\/","https:\/\/www.linkedin.com\/company\/escort-sp-z-o-o-\/"]}]}},"_links":{"self":[{"href":"https:\/\/escort-technology.com\/pl\/wp-json\/wp\/v2\/pages\/3709","targetHints":{"allow":["GET"]}}],"collection":[{"href":"https:\/\/escort-technology.com\/pl\/wp-json\/wp\/v2\/pages"}],"about":[{"href":"https:\/\/escort-technology.com\/pl\/wp-json\/wp\/v2\/types\/page"}],"author":[{"embeddable":true,"href":"https:\/\/escort-technology.com\/pl\/wp-json\/wp\/v2\/users\/6"}],"replies":[{"embeddable":true,"href":"https:\/\/escort-technology.com\/pl\/wp-json\/wp\/v2\/comments?post=3709"}],"version-history":[{"count":2,"href":"https:\/\/escort-technology.com\/pl\/wp-json\/wp\/v2\/pages\/3709\/revisions"}],"predecessor-version":[{"id":3724,"href":"https:\/\/escort-technology.com\/pl\/wp-json\/wp\/v2\/pages\/3709\/revisions\/3724"}],"wp:attachment":[{"href":"https:\/\/escort-technology.com\/pl\/wp-json\/wp\/v2\/media?parent=3709"}],"curies":[{"name":"wp","href":"https:\/\/api.w.org\/{rel}","templated":true}]}}