{"id":3749,"date":"2018-05-21T07:01:03","date_gmt":"2018-05-21T07:01:03","guid":{"rendered":"http:\/\/escort-technology.com\/?page_id=3749"},"modified":"2018-05-21T07:03:34","modified_gmt":"2018-05-21T07:03:34","slug":"ploter-nawigacyjny-olex","status":"publish","type":"page","link":"https:\/\/escort-technology.com\/pl\/ploter-nawigacyjny-olex\/","title":{"rendered":"Ploter nawigacyjny OLEX"},"content":{"rendered":"<p>Ploter nawigacyjny OLEX<\/p>\n<p>OLEX jest to unikalny ploter rybacji, kt\u00f3ry doskonale nadaje si\u0119 do nawigacji oraz tworzenia i wy\u015bwietlania bardzo realistycznych map dna morskiego. Zosta\u0142 opracowywany i produkowany przez norwesk\u0105 firm\u0119 OLEX AS. Program korzystaj\u0105c z danych pochodz\u0105cych z pok\u0142adowej echosondy oraz odbiornika GPS gromadzi szczeg\u00f3\u0142owe informacje dotycz\u0105ce dna morskiego nieustannie je aktualizuj\u0105c podczas ka\u017cdego przej\u015bcia nad danym rejonem. Wynik wy\u015bwietlany jest na ekranie jako realistyczny obraz 3D dna morskiego. OLEX podczas pracy mo\u017ce wykorzysta\u0107 komercyjne mapy S-57, C-MAP WGS84 lub PRIMAR. Oprogramowanie posiada te\u017c funkcj\u0119 okre\u015blania twardo\u015bci dna wykorzystywan\u0105 przy wsp\u00f3\u0142pracy z echosond\u0105 SIMRAD ES60. OLEX potrafi wsp\u00f3\u0142pracowa\u0107 r\u00f3wnie\u017c z wi\u0119kszo\u015bci\u0105 popularnych echosond wielowi\u0105zkowych w tym z echosond\u0105 WASSP przeznaczon\u0105 g\u0142\u00f3wnie dla rybak\u00f3w.<\/p>\n<p>BROSZURA<\/p>\n<p>Automatyczne tworzenie map<\/p>\n<p><!-- {\"name\":\"\",\"type\":\"layout\",\"children\":[{\"name\":\"ANTENA\",\"type\":\"section\",\"props\":{\"width\":\"default\",\"padding\":\"xsmall\",\"style\":\"default\",\"text_color\":\"\",\"media\":\"\",\"height_viewport\":false,\"header_overlay\":\"light\",\"animation\":\"slide-top-medium\",\"padding_remove_top\":false,\"image_size\":\"cover\",\"image\":\"\",\"image_position\":\"bottom-center\",\"image_fixed\":false,\"class\":\"\",\"overlap\":true,\"vertical_align\":\"middle\",\"title_position\":\"top-left\",\"title_rotation\":\"left\",\"title_breakpoint\":\"xl\"},\"children\":[{\"name\":\"\",\"type\":\"row\",\"props\":{\"layout\":\"1-1\",\"breakpoint\":\"m\",\"margin\":\"\",\"fixed_width\":\"large\"},\"children\":[{\"name\":\"\",\"type\":\"column\",\"props\":{\"image_position\":\"center-center\",\"widths\":[\"1-1\"]},\"children\":[{\"name\":\"\",\"type\":\"headline\",\"props\":{\"title_element\":\"h2\",\"content\":\"Ploter nawigacyjny OLEX\",\"text_align\":\"center\",\"text_align_fallback\":\"center\",\"maxwidth_align\":\"center\",\"maxwidth\":\"\",\"title_style\":\"h2\",\"title_decoration\":\"\",\"margin\":\"\"}},{\"name\":\"\",\"type\":\"divider\",\"props\":{\"divider_element\":\"hr\"}}]}]},{\"name\":\"\",\"type\":\"row\",\"props\":{\"fixed_width\":\"large\",\"breakpoint\":\"m\",\"layout\":\",2-3\",\"margin\":\"medium\"},\"children\":[{\"name\":\"\",\"type\":\"column\",\"props\":{\"widths\":[\"\"],\"image_position\":\"center-center\"},\"children\":[{\"name\":\"\",\"type\":\"image\",\"props\":{\"margin\":\"default\",\"image\":\"wp-content\\\/uploads\\\/olex1.png\",\"image_width\":\"300\",\"image_box_shadow\":\"\",\"image_border\":\"rounded\",\"text_align\":\"center\"}}]},{\"name\":\"\",\"type\":\"column\",\"props\":{\"widths\":[\"2-3\"],\"image_position\":\"center-center\"},\"children\":[{\"name\":\"\",\"type\":\"text\",\"props\":{\"column_breakpoint\":\"m\",\"margin\":\"medium\",\"content\":\"\n\n<p>OLEX jest to unikalny ploter rybacji, kt\\u00f3ry doskonale nadaje si\\u0119 do nawigacji oraz tworzenia i wy\\u015bwietlania bardzo realistycznych map dna morskiego. Zosta\\u0142 opracowywany i produkowany przez norwesk\\u0105 firm\\u0119 OLEX AS. Program korzystaj\\u0105c z danych pochodz\\u0105cych z pok\\u0142adowej echosondy oraz odbiornika GPS gromadzi szczeg\\u00f3\\u0142owe informacje dotycz\\u0105ce dna morskiego nieustannie je aktualizuj\\u0105c podczas ka\\u017cdego przej\\u015bcia nad danym rejonem. Wynik wy\\u015bwietlany jest na ekranie jako realistyczny obraz 3D dna morskiego. OLEX podczas pracy mo\\u017ce wykorzysta\\u0107 komercyjne mapy S-57, C-MAP WGS84 lub PRIMAR. Oprogramowanie posiada te\\u017c funkcj\\u0119 okre\\u015blania twardo\\u015bci dna wykorzystywan\\u0105 przy wsp\\u00f3\\u0142pracy z echosond\\u0105 SIMRAD ES60. OLEX potrafi wsp\\u00f3\\u0142pracowa\\u0107 r\\u00f3wnie\\u017c z wi\\u0119kszo\\u015bci\\u0105 popularnych echosond wielowi\\u0105zkowych w tym z echosond\\u0105 WASSP przeznaczon\\u0105 g\\u0142\\u00f3wnie dla rybak\\u00f3w.<\\\/p>\",\"animation\":\"slide-left-medium\",\"text_align\":\"justify\",\"text_align_breakpoint\":\"m\",\"text_align_fallback\":\"center\",\"text_size\":\"\",\"maxwidth\":\"xxlarge\"}}]}]},{\"name\":\"\",\"type\":\"row\",\"props\":{\"fixed_width\":\"large\",\"breakpoint\":\"m\",\"layout\":\",\",\"margin\":\"large\"},\"children\":[{\"name\":\"\",\"type\":\"column\",\"props\":{\"image_position\":\"center-center\",\"widths\":[\"\"]},\"children\":[{\"name\":\"\",\"type\":\"button\",\"props\":{\"gutter\":\"small\",\"inline_align\":\"center\",\"margin\":\"\",\"text_align\":\"center\",\"button_size\":\"large\",\"animation\":\"slide-bottom-medium\"},\"children\":[{\"name\":\"\",\"type\":\"button_item\",\"props\":{\"button_style\":\"secondary\",\"content\":\"BROSZURA\",\"link\":\"wp-content\\\/uploads\\\/Olex_engelsk.pdf\",\"link_title\":\"Explore More\",\"icon_align\":\"left\",\"link_target\":\"blank\"}}]}]},{\"name\":\"\",\"type\":\"column\",\"props\":{\"widths\":[\"\"],\"image_position\":\"center-center\"},\"children\":[{\"name\":\"\",\"type\":\"button\",\"props\":{\"gutter\":\"small\",\"inline_align\":\"center\",\"margin\":\"\",\"text_align\":\"center\",\"button_size\":\"large\",\"animation\":\"slide-bottom-medium\"},\"children\":[{\"name\":\"\",\"type\":\"button_item\",\"props\":{\"button_style\":\"secondary\",\"content\":\"Automatyczne tworzenie map\",\"link\":\"wp-content\\\/uploads\\\/CM60-Olex_pol.pdf\",\"link_title\":\"Explore More\",\"icon_align\":\"left\",\"link_target\":\"blank\"}}]}]}]}]}]} --><\/p>\n","protected":false},"excerpt":{"rendered":"<p>Ploter nawigacyjny OLEX OLEX jest to unikalny ploter rybacji, kt\u00f3ry doskonale nadaje si\u0119 do nawigacji oraz tworzenia i wy\u015bwietlania bardzo realistycznych map dna morskiego. Zosta\u0142 opracowywany i produkowany przez norwesk\u0105 firm\u0119 OLEX AS. Program korzystaj\u0105c z danych pochodz\u0105cych z pok\u0142adowej echosondy oraz odbiornika GPS gromadzi szczeg\u00f3\u0142owe informacje dotycz\u0105ce dna morskiego nieustannie je aktualizuj\u0105c podczas ka\u017cdego [&hellip;]<\/p>\n","protected":false},"author":6,"featured_media":0,"parent":0,"menu_order":0,"comment_status":"closed","ping_status":"closed","template":"","meta":{"footnotes":""},"class_list":["post-3749","page","type-page","status-publish","hentry"],"yoast_head":"<!-- This site is optimized with the Yoast SEO plugin v27.5 - https:\/\/yoast.com\/product\/yoast-seo-wordpress\/ -->\n<title>Ploter nawigacyjny OLEX - ESCORT TECHNOLOGY<\/title>\n<meta name=\"robots\" content=\"index, follow, max-snippet:-1, max-image-preview:large, max-video-preview:-1\" \/>\n<link rel=\"canonical\" href=\"https:\/\/escort-technology.com\/pl\/ploter-nawigacyjny-olex\/\" \/>\n<meta property=\"og:locale\" content=\"pl_PL\" \/>\n<meta property=\"og:type\" content=\"article\" \/>\n<meta property=\"og:title\" content=\"Ploter nawigacyjny OLEX - ESCORT TECHNOLOGY\" \/>\n<meta property=\"og:description\" content=\"Ploter nawigacyjny OLEX OLEX jest to unikalny ploter rybacji, kt\u00f3ry doskonale nadaje si\u0119 do nawigacji oraz tworzenia i wy\u015bwietlania bardzo realistycznych map dna morskiego. Zosta\u0142 opracowywany i produkowany przez norwesk\u0105 firm\u0119 OLEX AS. Program korzystaj\u0105c z danych pochodz\u0105cych z pok\u0142adowej echosondy oraz odbiornika GPS gromadzi szczeg\u00f3\u0142owe informacje dotycz\u0105ce dna morskiego nieustannie je aktualizuj\u0105c podczas ka\u017cdego [&hellip;]\" \/>\n<meta property=\"og:url\" content=\"https:\/\/escort-technology.com\/pl\/ploter-nawigacyjny-olex\/\" \/>\n<meta property=\"og:site_name\" content=\"ESCORT TECHNOLOGY\" \/>\n<meta property=\"article:publisher\" content=\"https:\/\/www.facebook.com\/elektronika.morska\/\" \/>\n<meta property=\"article:modified_time\" content=\"2018-05-21T07:03:34+00:00\" \/>\n<meta name=\"twitter:card\" content=\"summary_large_image\" \/>\n<meta name=\"twitter:label1\" content=\"Szacowany czas czytania\" \/>\n\t<meta name=\"twitter:data1\" content=\"1 minuta\" \/>\n<script type=\"application\/ld+json\" class=\"yoast-schema-graph\">{\"@context\":\"https:\\\/\\\/schema.org\",\"@graph\":[{\"@type\":\"WebPage\",\"@id\":\"https:\\\/\\\/escort-technology.com\\\/en\\\/ploter-nawigacyjny-olex\\\/\",\"url\":\"https:\\\/\\\/escort-technology.com\\\/en\\\/ploter-nawigacyjny-olex\\\/\",\"name\":\"Ploter nawigacyjny OLEX - ESCORT TECHNOLOGY\",\"isPartOf\":{\"@id\":\"http:\\\/\\\/escort-technology.com\\\/de\\\/#website\"},\"datePublished\":\"2018-05-21T07:01:03+00:00\",\"dateModified\":\"2018-05-21T07:03:34+00:00\",\"breadcrumb\":{\"@id\":\"https:\\\/\\\/escort-technology.com\\\/en\\\/ploter-nawigacyjny-olex\\\/#breadcrumb\"},\"inLanguage\":\"pl-PL\",\"potentialAction\":[{\"@type\":\"ReadAction\",\"target\":[\"https:\\\/\\\/escort-technology.com\\\/en\\\/ploter-nawigacyjny-olex\\\/\"]}]},{\"@type\":\"BreadcrumbList\",\"@id\":\"https:\\\/\\\/escort-technology.com\\\/en\\\/ploter-nawigacyjny-olex\\\/#breadcrumb\",\"itemListElement\":[{\"@type\":\"ListItem\",\"position\":1,\"name\":\"Strona g\u0142\u00f3wna\",\"item\":\"https:\\\/\\\/escort-technology.com\\\/\"},{\"@type\":\"ListItem\",\"position\":2,\"name\":\"Ploter nawigacyjny OLEX\"}]},{\"@type\":\"WebSite\",\"@id\":\"http:\\\/\\\/escort-technology.com\\\/de\\\/#website\",\"url\":\"http:\\\/\\\/escort-technology.com\\\/de\\\/\",\"name\":\"ESCORT TECHNOLOGY\",\"description\":\"Elektronika morska i l\u0105dowa\",\"publisher\":{\"@id\":\"http:\\\/\\\/escort-technology.com\\\/de\\\/#organization\"},\"potentialAction\":[{\"@type\":\"SearchAction\",\"target\":{\"@type\":\"EntryPoint\",\"urlTemplate\":\"http:\\\/\\\/escort-technology.com\\\/de\\\/?s={search_term_string}\"},\"query-input\":{\"@type\":\"PropertyValueSpecification\",\"valueRequired\":true,\"valueName\":\"search_term_string\"}}],\"inLanguage\":\"pl-PL\"},{\"@type\":\"Organization\",\"@id\":\"http:\\\/\\\/escort-technology.com\\\/de\\\/#organization\",\"name\":\"ESCORT TECHNOLOGY\",\"url\":\"http:\\\/\\\/escort-technology.com\\\/de\\\/\",\"logo\":{\"@type\":\"ImageObject\",\"inLanguage\":\"pl-PL\",\"@id\":\"http:\\\/\\\/escort-technology.com\\\/de\\\/#\\\/schema\\\/logo\\\/image\\\/\",\"url\":\"https:\\\/\\\/escort-technology.com\\\/wp-content\\\/uploads\\\/logo-1.jpg\",\"contentUrl\":\"https:\\\/\\\/escort-technology.com\\\/wp-content\\\/uploads\\\/logo-1.jpg\",\"width\":600,\"height\":165,\"caption\":\"ESCORT TECHNOLOGY\"},\"image\":{\"@id\":\"http:\\\/\\\/escort-technology.com\\\/de\\\/#\\\/schema\\\/logo\\\/image\\\/\"},\"sameAs\":[\"https:\\\/\\\/www.facebook.com\\\/elektronika.morska\\\/\",\"https:\\\/\\\/www.linkedin.com\\\/company\\\/escort-sp-z-o-o-\\\/\"]}]}<\/script>\n<!-- \/ Yoast SEO plugin. -->","yoast_head_json":{"title":"Ploter nawigacyjny OLEX - ESCORT TECHNOLOGY","robots":{"index":"index","follow":"follow","max-snippet":"max-snippet:-1","max-image-preview":"max-image-preview:large","max-video-preview":"max-video-preview:-1"},"canonical":"https:\/\/escort-technology.com\/pl\/ploter-nawigacyjny-olex\/","og_locale":"pl_PL","og_type":"article","og_title":"Ploter nawigacyjny OLEX - ESCORT TECHNOLOGY","og_description":"Ploter nawigacyjny OLEX OLEX jest to unikalny ploter rybacji, kt\u00f3ry doskonale nadaje si\u0119 do nawigacji oraz tworzenia i wy\u015bwietlania bardzo realistycznych map dna morskiego. Zosta\u0142 opracowywany i produkowany przez norwesk\u0105 firm\u0119 OLEX AS. Program korzystaj\u0105c z danych pochodz\u0105cych z pok\u0142adowej echosondy oraz odbiornika GPS gromadzi szczeg\u00f3\u0142owe informacje dotycz\u0105ce dna morskiego nieustannie je aktualizuj\u0105c podczas ka\u017cdego [&hellip;]","og_url":"https:\/\/escort-technology.com\/pl\/ploter-nawigacyjny-olex\/","og_site_name":"ESCORT TECHNOLOGY","article_publisher":"https:\/\/www.facebook.com\/elektronika.morska\/","article_modified_time":"2018-05-21T07:03:34+00:00","twitter_card":"summary_large_image","twitter_misc":{"Szacowany czas czytania":"1 minuta"},"schema":{"@context":"https:\/\/schema.org","@graph":[{"@type":"WebPage","@id":"https:\/\/escort-technology.com\/en\/ploter-nawigacyjny-olex\/","url":"https:\/\/escort-technology.com\/en\/ploter-nawigacyjny-olex\/","name":"Ploter nawigacyjny OLEX - ESCORT TECHNOLOGY","isPartOf":{"@id":"http:\/\/escort-technology.com\/de\/#website"},"datePublished":"2018-05-21T07:01:03+00:00","dateModified":"2018-05-21T07:03:34+00:00","breadcrumb":{"@id":"https:\/\/escort-technology.com\/en\/ploter-nawigacyjny-olex\/#breadcrumb"},"inLanguage":"pl-PL","potentialAction":[{"@type":"ReadAction","target":["https:\/\/escort-technology.com\/en\/ploter-nawigacyjny-olex\/"]}]},{"@type":"BreadcrumbList","@id":"https:\/\/escort-technology.com\/en\/ploter-nawigacyjny-olex\/#breadcrumb","itemListElement":[{"@type":"ListItem","position":1,"name":"Strona g\u0142\u00f3wna","item":"https:\/\/escort-technology.com\/"},{"@type":"ListItem","position":2,"name":"Ploter nawigacyjny OLEX"}]},{"@type":"WebSite","@id":"http:\/\/escort-technology.com\/de\/#website","url":"http:\/\/escort-technology.com\/de\/","name":"ESCORT TECHNOLOGY","description":"Elektronika morska i l\u0105dowa","publisher":{"@id":"http:\/\/escort-technology.com\/de\/#organization"},"potentialAction":[{"@type":"SearchAction","target":{"@type":"EntryPoint","urlTemplate":"http:\/\/escort-technology.com\/de\/?s={search_term_string}"},"query-input":{"@type":"PropertyValueSpecification","valueRequired":true,"valueName":"search_term_string"}}],"inLanguage":"pl-PL"},{"@type":"Organization","@id":"http:\/\/escort-technology.com\/de\/#organization","name":"ESCORT TECHNOLOGY","url":"http:\/\/escort-technology.com\/de\/","logo":{"@type":"ImageObject","inLanguage":"pl-PL","@id":"http:\/\/escort-technology.com\/de\/#\/schema\/logo\/image\/","url":"https:\/\/escort-technology.com\/wp-content\/uploads\/logo-1.jpg","contentUrl":"https:\/\/escort-technology.com\/wp-content\/uploads\/logo-1.jpg","width":600,"height":165,"caption":"ESCORT TECHNOLOGY"},"image":{"@id":"http:\/\/escort-technology.com\/de\/#\/schema\/logo\/image\/"},"sameAs":["https:\/\/www.facebook.com\/elektronika.morska\/","https:\/\/www.linkedin.com\/company\/escort-sp-z-o-o-\/"]}]}},"_links":{"self":[{"href":"https:\/\/escort-technology.com\/pl\/wp-json\/wp\/v2\/pages\/3749","targetHints":{"allow":["GET"]}}],"collection":[{"href":"https:\/\/escort-technology.com\/pl\/wp-json\/wp\/v2\/pages"}],"about":[{"href":"https:\/\/escort-technology.com\/pl\/wp-json\/wp\/v2\/types\/page"}],"author":[{"embeddable":true,"href":"https:\/\/escort-technology.com\/pl\/wp-json\/wp\/v2\/users\/6"}],"replies":[{"embeddable":true,"href":"https:\/\/escort-technology.com\/pl\/wp-json\/wp\/v2\/comments?post=3749"}],"version-history":[{"count":2,"href":"https:\/\/escort-technology.com\/pl\/wp-json\/wp\/v2\/pages\/3749\/revisions"}],"predecessor-version":[{"id":3754,"href":"https:\/\/escort-technology.com\/pl\/wp-json\/wp\/v2\/pages\/3749\/revisions\/3754"}],"wp:attachment":[{"href":"https:\/\/escort-technology.com\/pl\/wp-json\/wp\/v2\/media?parent=3749"}],"curies":[{"name":"wp","href":"https:\/\/api.w.org\/{rel}","templated":true}]}}