{"id":3773,"date":"2018-05-21T07:31:02","date_gmt":"2018-05-21T07:31:02","guid":{"rendered":"http:\/\/escort-technology.com\/?page_id=3773"},"modified":"2018-05-21T07:57:19","modified_gmt":"2018-05-21T07:57:19","slug":"sailor-fleet-broadband-150","status":"publish","type":"page","link":"https:\/\/escort-technology.com\/pl\/sailor-fleet-broadband-150\/","title":{"rendered":"SAILOR Fleet Broadband 150"},"content":{"rendered":"<p>SAILOR Fleet Broadband 150<\/p>\n<p>Jest kompaktowym, lekkim, \u0142atwym w monta\u017cu systemem komunikacji satelitarnej. Zapewniaj\u0105cy dost\u0119p do internetu z mo\u017cliwo\u015bci\u0105 wysy\u0142ania wiadomo\u015bci tekstowych oraz komunikacji g\u0142osowej.<br \/>\nSystem wykorzystuje t\u0105 sam\u0105 technologi\u0119 co zaawansowane systemy u\u017cywane na du\u017cych statkach. System \u0142\u0105czy mo\u017cliwo\u015b\u0107 u\u017cywania internetu oraz jednoczesne korzystanie z po\u0142\u0105cze\u0144 g\u0142osowych.<br \/>\nSystem jest dedykowany dla pojedynczych u\u017cytkownik\u00f3w oraz dla og\u00f3lnych zastosowa\u0144 numeru IP.<\/p>\n<p>BROSZURA<\/p>\n<p><!-- {\"name\":\"\",\"type\":\"layout\",\"children\":[{\"name\":\"ANTENA\",\"type\":\"section\",\"props\":{\"width\":\"default\",\"padding\":\"xsmall\",\"style\":\"default\",\"text_color\":\"\",\"media\":\"\",\"height_viewport\":false,\"header_overlay\":\"light\",\"animation\":\"slide-top-medium\",\"padding_remove_top\":false,\"image_size\":\"cover\",\"image\":\"\",\"image_position\":\"bottom-center\",\"image_fixed\":false,\"class\":\"\",\"overlap\":true,\"vertical_align\":\"middle\",\"title_position\":\"top-left\",\"title_rotation\":\"left\",\"title_breakpoint\":\"xl\"},\"children\":[{\"name\":\"\",\"type\":\"row\",\"props\":{\"layout\":\"1-1\",\"breakpoint\":\"m\",\"margin\":\"\",\"fixed_width\":\"large\"},\"children\":[{\"name\":\"\",\"type\":\"column\",\"props\":{\"image_position\":\"center-center\",\"widths\":[\"1-1\"]},\"children\":[{\"name\":\"\",\"type\":\"headline\",\"props\":{\"title_element\":\"h2\",\"content\":\"SAILOR Fleet Broadband 150\",\"text_align\":\"center\",\"text_align_fallback\":\"center\",\"maxwidth_align\":\"center\",\"maxwidth\":\"\",\"title_style\":\"h2\",\"title_decoration\":\"\",\"margin\":\"\"}},{\"name\":\"\",\"type\":\"divider\",\"props\":{\"divider_element\":\"hr\"}}]}]},{\"name\":\"\",\"type\":\"row\",\"props\":{\"fixed_width\":\"large\",\"breakpoint\":\"m\",\"layout\":\",2-3\",\"margin\":\"medium\"},\"children\":[{\"name\":\"\",\"type\":\"column\",\"props\":{\"widths\":[\"\"],\"image_position\":\"center-center\"},\"children\":[{\"name\":\"\",\"type\":\"image\",\"props\":{\"margin\":\"default\",\"image\":\"wp-content\\\/uploads\\\/fb-150-1.jpg\",\"image_width\":\"300\",\"image_box_shadow\":\"\",\"image_border\":\"rounded\",\"text_align\":\"center\"}}]},{\"name\":\"\",\"type\":\"column\",\"props\":{\"widths\":[\"2-3\"],\"image_position\":\"center-center\"},\"children\":[{\"name\":\"\",\"type\":\"text\",\"props\":{\"column_breakpoint\":\"m\",\"margin\":\"medium\",\"content\":\"\n\n<p>Jest kompaktowym, lekkim, \\u0142atwym w monta\\u017cu systemem komunikacji satelitarnej. Zapewniaj\\u0105cy dost\\u0119p do internetu z mo\\u017cliwo\\u015bci\\u0105 wysy\\u0142ania wiadomo\\u015bci tekstowych oraz komunikacji g\\u0142osowej.<\\\/p>\\n\n\n<p>System wykorzystuje t\\u0105 sam\\u0105 technologi\\u0119 co zaawansowane systemy u\\u017cywane na du\\u017cych statkach. System \\u0142\\u0105czy mo\\u017cliwo\\u015b\\u0107 u\\u017cywania internetu oraz jednoczesne korzystanie z po\\u0142\\u0105cze\\u0144 g\\u0142osowych.<\\\/p>\\n\n\n<p>System jest dedykowany dla pojedynczych u\\u017cytkownik\\u00f3w oraz dla og\\u00f3lnych zastosowa\\u0144 numeru IP.<\\\/p>\",\"animation\":\"slide-left-medium\",\"text_align\":\"justify\",\"text_align_breakpoint\":\"m\",\"text_align_fallback\":\"center\",\"text_size\":\"\",\"maxwidth\":\"large\",\"maxwidth_align\":\"center\"}}]}]},{\"name\":\"\",\"type\":\"row\",\"props\":{\"fixed_width\":\"large\",\"breakpoint\":\"m\",\"layout\":\"1-1\",\"margin\":\"large\"},\"children\":[{\"name\":\"\",\"type\":\"column\",\"props\":{\"image_position\":\"center-center\",\"widths\":[\"1-1\"]},\"children\":[{\"name\":\"\",\"type\":\"button\",\"props\":{\"gutter\":\"small\",\"inline_align\":\"center\",\"margin\":\"\",\"text_align\":\"center\",\"button_size\":\"large\",\"animation\":\"slide-bottom-medium\"},\"children\":[{\"name\":\"\",\"type\":\"button_item\",\"props\":{\"button_style\":\"secondary\",\"content\":\"BROSZURA\",\"link\":\"wp-content\\\/uploads\\\/SAILOR-150-FleetBroadband-Product-Sheet.pdf\",\"link_title\":\"Explore More\",\"icon_align\":\"left\",\"link_target\":\"blank\"}}]}]}]}]}]} --><\/p>\n","protected":false},"excerpt":{"rendered":"<p>SAILOR Fleet Broadband 150 Jest kompaktowym, lekkim, \u0142atwym w monta\u017cu systemem komunikacji satelitarnej. Zapewniaj\u0105cy dost\u0119p do internetu z mo\u017cliwo\u015bci\u0105 wysy\u0142ania wiadomo\u015bci tekstowych oraz komunikacji g\u0142osowej. System wykorzystuje t\u0105 sam\u0105 technologi\u0119 co zaawansowane systemy u\u017cywane na du\u017cych statkach. System \u0142\u0105czy mo\u017cliwo\u015b\u0107 u\u017cywania internetu oraz jednoczesne korzystanie z po\u0142\u0105cze\u0144 g\u0142osowych. System jest dedykowany dla pojedynczych u\u017cytkownik\u00f3w oraz [&hellip;]<\/p>\n","protected":false},"author":6,"featured_media":0,"parent":0,"menu_order":0,"comment_status":"closed","ping_status":"closed","template":"","meta":{"footnotes":""},"class_list":["post-3773","page","type-page","status-publish","hentry"],"yoast_head":"<!-- This site is optimized with the Yoast SEO plugin v27.4 - https:\/\/yoast.com\/product\/yoast-seo-wordpress\/ -->\n<title>SAILOR Fleet Broadband 150 - ESCORT TECHNOLOGY<\/title>\n<meta name=\"robots\" content=\"index, follow, max-snippet:-1, max-image-preview:large, max-video-preview:-1\" \/>\n<link rel=\"canonical\" href=\"https:\/\/escort-technology.com\/pl\/sailor-fleet-broadband-150\/\" \/>\n<meta property=\"og:locale\" content=\"pl_PL\" \/>\n<meta property=\"og:type\" content=\"article\" \/>\n<meta property=\"og:title\" content=\"SAILOR Fleet Broadband 150 - ESCORT TECHNOLOGY\" \/>\n<meta property=\"og:description\" content=\"SAILOR Fleet Broadband 150 Jest kompaktowym, lekkim, \u0142atwym w monta\u017cu systemem komunikacji satelitarnej. Zapewniaj\u0105cy dost\u0119p do internetu z mo\u017cliwo\u015bci\u0105 wysy\u0142ania wiadomo\u015bci tekstowych oraz komunikacji g\u0142osowej. System wykorzystuje t\u0105 sam\u0105 technologi\u0119 co zaawansowane systemy u\u017cywane na du\u017cych statkach. System \u0142\u0105czy mo\u017cliwo\u015b\u0107 u\u017cywania internetu oraz jednoczesne korzystanie z po\u0142\u0105cze\u0144 g\u0142osowych. System jest dedykowany dla pojedynczych u\u017cytkownik\u00f3w oraz [&hellip;]\" \/>\n<meta property=\"og:url\" content=\"https:\/\/escort-technology.com\/pl\/sailor-fleet-broadband-150\/\" \/>\n<meta property=\"og:site_name\" content=\"ESCORT TECHNOLOGY\" \/>\n<meta property=\"article:publisher\" content=\"https:\/\/www.facebook.com\/elektronika.morska\/\" \/>\n<meta property=\"article:modified_time\" content=\"2018-05-21T07:57:19+00:00\" \/>\n<meta name=\"twitter:card\" content=\"summary_large_image\" \/>\n<script type=\"application\/ld+json\" class=\"yoast-schema-graph\">{\"@context\":\"https:\\\/\\\/schema.org\",\"@graph\":[{\"@type\":\"WebPage\",\"@id\":\"https:\\\/\\\/escort-technology.com\\\/en\\\/sailor-fleet-broadband-150\\\/\",\"url\":\"https:\\\/\\\/escort-technology.com\\\/en\\\/sailor-fleet-broadband-150\\\/\",\"name\":\"SAILOR Fleet Broadband 150 - ESCORT TECHNOLOGY\",\"isPartOf\":{\"@id\":\"http:\\\/\\\/escort-technology.com\\\/de\\\/#website\"},\"datePublished\":\"2018-05-21T07:31:02+00:00\",\"dateModified\":\"2018-05-21T07:57:19+00:00\",\"breadcrumb\":{\"@id\":\"https:\\\/\\\/escort-technology.com\\\/en\\\/sailor-fleet-broadband-150\\\/#breadcrumb\"},\"inLanguage\":\"pl-PL\",\"potentialAction\":[{\"@type\":\"ReadAction\",\"target\":[\"https:\\\/\\\/escort-technology.com\\\/en\\\/sailor-fleet-broadband-150\\\/\"]}]},{\"@type\":\"BreadcrumbList\",\"@id\":\"https:\\\/\\\/escort-technology.com\\\/en\\\/sailor-fleet-broadband-150\\\/#breadcrumb\",\"itemListElement\":[{\"@type\":\"ListItem\",\"position\":1,\"name\":\"Strona g\u0142\u00f3wna\",\"item\":\"https:\\\/\\\/escort-technology.com\\\/\"},{\"@type\":\"ListItem\",\"position\":2,\"name\":\"SAILOR Fleet Broadband 150\"}]},{\"@type\":\"WebSite\",\"@id\":\"http:\\\/\\\/escort-technology.com\\\/de\\\/#website\",\"url\":\"http:\\\/\\\/escort-technology.com\\\/de\\\/\",\"name\":\"ESCORT TECHNOLOGY\",\"description\":\"Elektronika morska i l\u0105dowa\",\"publisher\":{\"@id\":\"http:\\\/\\\/escort-technology.com\\\/de\\\/#organization\"},\"potentialAction\":[{\"@type\":\"SearchAction\",\"target\":{\"@type\":\"EntryPoint\",\"urlTemplate\":\"http:\\\/\\\/escort-technology.com\\\/de\\\/?s={search_term_string}\"},\"query-input\":{\"@type\":\"PropertyValueSpecification\",\"valueRequired\":true,\"valueName\":\"search_term_string\"}}],\"inLanguage\":\"pl-PL\"},{\"@type\":\"Organization\",\"@id\":\"http:\\\/\\\/escort-technology.com\\\/de\\\/#organization\",\"name\":\"ESCORT TECHNOLOGY\",\"url\":\"http:\\\/\\\/escort-technology.com\\\/de\\\/\",\"logo\":{\"@type\":\"ImageObject\",\"inLanguage\":\"pl-PL\",\"@id\":\"http:\\\/\\\/escort-technology.com\\\/de\\\/#\\\/schema\\\/logo\\\/image\\\/\",\"url\":\"https:\\\/\\\/escort-technology.com\\\/wp-content\\\/uploads\\\/logo-1.jpg\",\"contentUrl\":\"https:\\\/\\\/escort-technology.com\\\/wp-content\\\/uploads\\\/logo-1.jpg\",\"width\":600,\"height\":165,\"caption\":\"ESCORT TECHNOLOGY\"},\"image\":{\"@id\":\"http:\\\/\\\/escort-technology.com\\\/de\\\/#\\\/schema\\\/logo\\\/image\\\/\"},\"sameAs\":[\"https:\\\/\\\/www.facebook.com\\\/elektronika.morska\\\/\",\"https:\\\/\\\/www.linkedin.com\\\/company\\\/escort-sp-z-o-o-\\\/\"]}]}<\/script>\n<!-- \/ Yoast SEO plugin. -->","yoast_head_json":{"title":"SAILOR Fleet Broadband 150 - ESCORT TECHNOLOGY","robots":{"index":"index","follow":"follow","max-snippet":"max-snippet:-1","max-image-preview":"max-image-preview:large","max-video-preview":"max-video-preview:-1"},"canonical":"https:\/\/escort-technology.com\/pl\/sailor-fleet-broadband-150\/","og_locale":"pl_PL","og_type":"article","og_title":"SAILOR Fleet Broadband 150 - ESCORT TECHNOLOGY","og_description":"SAILOR Fleet Broadband 150 Jest kompaktowym, lekkim, \u0142atwym w monta\u017cu systemem komunikacji satelitarnej. Zapewniaj\u0105cy dost\u0119p do internetu z mo\u017cliwo\u015bci\u0105 wysy\u0142ania wiadomo\u015bci tekstowych oraz komunikacji g\u0142osowej. System wykorzystuje t\u0105 sam\u0105 technologi\u0119 co zaawansowane systemy u\u017cywane na du\u017cych statkach. System \u0142\u0105czy mo\u017cliwo\u015b\u0107 u\u017cywania internetu oraz jednoczesne korzystanie z po\u0142\u0105cze\u0144 g\u0142osowych. System jest dedykowany dla pojedynczych u\u017cytkownik\u00f3w oraz [&hellip;]","og_url":"https:\/\/escort-technology.com\/pl\/sailor-fleet-broadband-150\/","og_site_name":"ESCORT TECHNOLOGY","article_publisher":"https:\/\/www.facebook.com\/elektronika.morska\/","article_modified_time":"2018-05-21T07:57:19+00:00","twitter_card":"summary_large_image","schema":{"@context":"https:\/\/schema.org","@graph":[{"@type":"WebPage","@id":"https:\/\/escort-technology.com\/en\/sailor-fleet-broadband-150\/","url":"https:\/\/escort-technology.com\/en\/sailor-fleet-broadband-150\/","name":"SAILOR Fleet Broadband 150 - ESCORT TECHNOLOGY","isPartOf":{"@id":"http:\/\/escort-technology.com\/de\/#website"},"datePublished":"2018-05-21T07:31:02+00:00","dateModified":"2018-05-21T07:57:19+00:00","breadcrumb":{"@id":"https:\/\/escort-technology.com\/en\/sailor-fleet-broadband-150\/#breadcrumb"},"inLanguage":"pl-PL","potentialAction":[{"@type":"ReadAction","target":["https:\/\/escort-technology.com\/en\/sailor-fleet-broadband-150\/"]}]},{"@type":"BreadcrumbList","@id":"https:\/\/escort-technology.com\/en\/sailor-fleet-broadband-150\/#breadcrumb","itemListElement":[{"@type":"ListItem","position":1,"name":"Strona g\u0142\u00f3wna","item":"https:\/\/escort-technology.com\/"},{"@type":"ListItem","position":2,"name":"SAILOR Fleet Broadband 150"}]},{"@type":"WebSite","@id":"http:\/\/escort-technology.com\/de\/#website","url":"http:\/\/escort-technology.com\/de\/","name":"ESCORT TECHNOLOGY","description":"Elektronika morska i l\u0105dowa","publisher":{"@id":"http:\/\/escort-technology.com\/de\/#organization"},"potentialAction":[{"@type":"SearchAction","target":{"@type":"EntryPoint","urlTemplate":"http:\/\/escort-technology.com\/de\/?s={search_term_string}"},"query-input":{"@type":"PropertyValueSpecification","valueRequired":true,"valueName":"search_term_string"}}],"inLanguage":"pl-PL"},{"@type":"Organization","@id":"http:\/\/escort-technology.com\/de\/#organization","name":"ESCORT TECHNOLOGY","url":"http:\/\/escort-technology.com\/de\/","logo":{"@type":"ImageObject","inLanguage":"pl-PL","@id":"http:\/\/escort-technology.com\/de\/#\/schema\/logo\/image\/","url":"https:\/\/escort-technology.com\/wp-content\/uploads\/logo-1.jpg","contentUrl":"https:\/\/escort-technology.com\/wp-content\/uploads\/logo-1.jpg","width":600,"height":165,"caption":"ESCORT TECHNOLOGY"},"image":{"@id":"http:\/\/escort-technology.com\/de\/#\/schema\/logo\/image\/"},"sameAs":["https:\/\/www.facebook.com\/elektronika.morska\/","https:\/\/www.linkedin.com\/company\/escort-sp-z-o-o-\/"]}]}},"_links":{"self":[{"href":"https:\/\/escort-technology.com\/pl\/wp-json\/wp\/v2\/pages\/3773","targetHints":{"allow":["GET"]}}],"collection":[{"href":"https:\/\/escort-technology.com\/pl\/wp-json\/wp\/v2\/pages"}],"about":[{"href":"https:\/\/escort-technology.com\/pl\/wp-json\/wp\/v2\/types\/page"}],"author":[{"embeddable":true,"href":"https:\/\/escort-technology.com\/pl\/wp-json\/wp\/v2\/users\/6"}],"replies":[{"embeddable":true,"href":"https:\/\/escort-technology.com\/pl\/wp-json\/wp\/v2\/comments?post=3773"}],"version-history":[{"count":2,"href":"https:\/\/escort-technology.com\/pl\/wp-json\/wp\/v2\/pages\/3773\/revisions"}],"predecessor-version":[{"id":3806,"href":"https:\/\/escort-technology.com\/pl\/wp-json\/wp\/v2\/pages\/3773\/revisions\/3806"}],"wp:attachment":[{"href":"https:\/\/escort-technology.com\/pl\/wp-json\/wp\/v2\/media?parent=3773"}],"curies":[{"name":"wp","href":"https:\/\/api.w.org\/{rel}","templated":true}]}}