{"id":3780,"date":"2018-05-21T07:35:04","date_gmt":"2018-05-21T07:35:04","guid":{"rendered":"http:\/\/escort-technology.com\/?page_id=3780"},"modified":"2018-05-21T07:41:56","modified_gmt":"2018-05-21T07:41:56","slug":"radiotelefon-profesjonalny-vhf-uhf-icom-ic-f3002-ic-f4002","status":"publish","type":"page","link":"https:\/\/escort-technology.com\/pl\/radiotelefon-profesjonalny-vhf-uhf-icom-ic-f3002-ic-f4002\/","title":{"rendered":"Radiotelefon profesjonalny VHF\/UHF ICOM IC-F3002\/ IC-F4002"},"content":{"rendered":"<p>Radiotelefon profesjonalny VHF\/UHF ICOM IC-F3002\/ IC-F4002<\/p>\n<p>\nProsta obs\u0142uga umo\u017cliwiaj\u0105ca szybk\u0105 komunikacji <\/p>\n<p>Obs\u0142uga radiotelefonu serii IC-F3002 nie wymaga szkolenia. Klawisze i pokr\u0119t\u0142a s\u0105 przystosowane, aby zapewni\u0107 \u0142atwo\u015b\u0107 obs\u0142ugi. Zosta\u0142y zaprojektowane w celu zapobiegni\u0119cia przypadkowych przesuni\u0119\u0107, umo\u017cliwiaj\u0105c zmian\u0119 ustawie\u0144 nawet w r\u0119kawiczkach.<\/p>\n<p>Dobra s\u0142yszalno\u015b\u0107 w g\u0142o\u015bnych pomieszczeniach<\/p>\n<p>Wbudowany wzmacniacz (BTL) zapewnia moc d\u017awi\u0119ku 800mW z g\u0142o\u015bnika 45mm. Radiotelefon oferuje dobr\u0105 s\u0142yszalno\u015b\u0107 nawet w g\u0142o\u015bnym miejscu. \u00a0<\/p>\n<p>D\u0142u\u017cszy czas pracy <\/p>\n<p>Nowa technologia w radiotelefonie IC-F3002 redukuje pob\u00f3r mocy, zapewniaj\u0105c z bateri\u0105 BP-265 2000mAh do 20 godzin pracy. Przy u\u017cyciu baterii BP-264 radiotelefon oferuj\u0119 14 godzin dzia\u0142ania.<\/p>\n<p>Obudowa odporna na zalanie, py\u0142 oraz uszkodzenia<\/p>\n<p>Radiotelefon posiada obudow\u0119 o wysoko\u015bci 111mm. Przetestowan\u0105 na py\u0142, wod\u0119 posiadaj\u0105c standard IP, oraz wojskow\u0105\u00a0 kategori\u0119\u00a0 MILSTD- 810. Radiotelefon IC-F3002 posiada odporn\u0105 obudow\u0119. \u00a0<\/p>\n<p>\u00a0Wbudowana funkcja VOX <\/p>\n<p>Radiotelefon posiada wbudowan\u0105 funkcj\u0119 VOX, pozwalaj\u0105c\u0105 na prowadzenie rozmowy bez u\u017cycia r\u0105k. Opcjonalny zestaw s\u0142uchawkowy nale\u017cy u\u017cywa\u0107 razem z przed\u0142u\u017caczem OPC-2004.<\/p>\n<p>Cechy skanowania <\/p>\n<p>Pierwsze\u0144stwo skanowania pozwala na monitorowanie jednego lub dw\u00f3ch kana\u0142\u00f3w podczas skanowania innych kana\u0142\u00f3w. Funkcja kana\u0142u nadawczego pozwala na wykonanie szybkiej odpowiedzi podczas skanowania.\u00a0<\/p>\n<p>Inne cechy <\/p>\n<p>Automatyczne wybieranie DTMF<br \/>\nKodowanie i dekodowanie CTCSS\/DTCS<br \/>\nTransmisja BIIS PTT ID<br \/>\nMDC PTT ID<br \/>\nAlarm niskiego poziomu baterii<br \/>\n2 stopniowy poziom oszcz\u0119dzania baterii<br \/>\nMo\u017cliwo\u015b\u0107 programowania z komputera<br \/>\nFunkcja Talk around<br \/>\nFunkcja pojedynczego pracownika<br \/>\n3-color LED<br \/>\nFunkcja monitoringu\u00a0\n<\/p>\n<p>BROSZURA<\/p>\n<p><!-- {\"name\":\"\",\"type\":\"layout\",\"children\":[{\"name\":\"ANTENA\",\"type\":\"section\",\"props\":{\"width\":\"default\",\"padding\":\"xsmall\",\"style\":\"default\",\"text_color\":\"\",\"media\":\"\",\"height_viewport\":false,\"header_overlay\":\"light\",\"animation\":\"slide-top-medium\",\"padding_remove_top\":false,\"image_size\":\"cover\",\"image\":\"\",\"image_position\":\"bottom-center\",\"image_fixed\":false,\"class\":\"\",\"overlap\":true,\"vertical_align\":\"middle\",\"title_position\":\"top-left\",\"title_rotation\":\"left\",\"title_breakpoint\":\"xl\"},\"children\":[{\"name\":\"\",\"type\":\"row\",\"props\":{\"layout\":\"1-1\",\"breakpoint\":\"m\",\"margin\":\"\",\"fixed_width\":\"large\"},\"children\":[{\"name\":\"\",\"type\":\"column\",\"props\":{\"image_position\":\"center-center\",\"widths\":[\"1-1\"]},\"children\":[{\"name\":\"\",\"type\":\"headline\",\"props\":{\"title_element\":\"h2\",\"content\":\"Radiotelefon profesjonalny VHF\\\/UHF ICOM IC-F3002\\\/ IC-F4002\",\"text_align\":\"center\",\"text_align_fallback\":\"center\",\"maxwidth_align\":\"center\",\"maxwidth\":\"\",\"title_style\":\"h2\",\"title_decoration\":\"\",\"margin\":\"\"}},{\"name\":\"\",\"type\":\"divider\",\"props\":{\"divider_element\":\"hr\"}}]}]},{\"name\":\"\",\"type\":\"row\",\"props\":{\"fixed_width\":\"large\",\"breakpoint\":\"m\",\"layout\":\",2-3\",\"margin\":\"medium\"},\"children\":[{\"name\":\"\",\"type\":\"column\",\"props\":{\"widths\":[\"\"],\"image_position\":\"center-center\"},\"children\":[{\"name\":\"\",\"type\":\"image\",\"props\":{\"margin\":\"default\",\"image\":\"wp-content\\\/uploads\\\/product_photo.jpg\",\"image_width\":\"300\",\"image_box_shadow\":\"\",\"image_border\":\"rounded\",\"text_align\":\"center\"}}]},{\"name\":\"\",\"type\":\"column\",\"props\":{\"widths\":[\"2-3\"],\"image_position\":\"center-center\"},\"children\":[{\"name\":\"\",\"type\":\"text\",\"props\":{\"column_breakpoint\":\"m\",\"margin\":\"medium\",\"content\":\"\n\n<div>\\n\n\n<p><strong>Prosta obs\\u0142uga umo\\u017cliwiaj\\u0105ca szybk\\u0105 komunikacji <\\\/strong><\\\/p>\\n<\\\/div>\\n\n\n<p>Obs\\u0142uga radiotelefonu serii IC-F3002 nie wymaga szkolenia. Klawisze i pokr\\u0119t\\u0142a s\\u0105 przystosowane, aby zapewni\\u0107 \\u0142atwo\\u015b\\u0107 obs\\u0142ugi. Zosta\\u0142y zaprojektowane w celu zapobiegni\\u0119cia przypadkowych przesuni\\u0119\\u0107, umo\\u017cliwiaj\\u0105c zmian\\u0119 ustawie\\u0144 nawet w r\\u0119kawiczkach.<\\\/p>\\n\n\n<div>\\n\n\n<p><strong>Dobra s\\u0142yszalno\\u015b\\u0107 w g\\u0142o\\u015bnych pomieszczeniach<\\\/strong><\\\/p>\\n<\\\/div>\\n\n\n<p>Wbudowany wzmacniacz (BTL) zapewnia moc d\\u017awi\\u0119ku 800mW z g\\u0142o\\u015bnika 45mm. Radiotelefon oferuje dobr\\u0105 s\\u0142yszalno\\u015b\\u0107 nawet w g\\u0142o\\u015bnym miejscu. \\u00a0<\\\/p>\\n\n\n<div>\\n\n\n<p><strong>D\\u0142u\\u017cszy czas pracy <\\\/strong><\\\/p>\\n<\\\/div>\\n\n\n<p>Nowa technologia w radiotelefonie IC-F3002 redukuje pob\\u00f3r mocy, zapewniaj\\u0105c z bateri\\u0105 BP-265 2000mAh do 20 godzin pracy. Przy u\\u017cyciu baterii BP-264 radiotelefon oferuj\\u0119 14 godzin dzia\\u0142ania.<\\\/p>\\n\n\n<div>\\n\n\n<p><strong>Obudowa odporna na zalanie, py\\u0142 oraz uszkodzenia<\\\/strong><\\\/p>\\n<\\\/div>\\n\n\n<p>Radiotelefon posiada obudow\\u0119 o wysoko\\u015bci 111mm. Przetestowan\\u0105 na py\\u0142, wod\\u0119 posiadaj\\u0105c standard IP, oraz wojskow\\u0105\\u00a0 kategori\\u0119\\u00a0 MILSTD- 810. Radiotelefon IC-F3002 posiada odporn\\u0105 obudow\\u0119. \\u00a0<\\\/p>\\n\n\n<div>\\n\n\n<p><strong>\\u00a0Wbudowana funkcja VOX <\\\/strong><\\\/p>\\n<\\\/div>\\n\n\n<p>Radiotelefon posiada wbudowan\\u0105 funkcj\\u0119 VOX, pozwalaj\\u0105c\\u0105 na prowadzenie rozmowy bez u\\u017cycia r\\u0105k. Opcjonalny zestaw s\\u0142uchawkowy nale\\u017cy u\\u017cywa\\u0107 razem z przed\\u0142u\\u017caczem OPC-2004.<\\\/p>\\n\n\n<div>\\n\n\n<p><strong>Cechy skanowania <\\\/strong><\\\/p>\\n<\\\/div>\\n\n\n<p>Pierwsze\\u0144stwo skanowania pozwala na monitorowanie jednego lub dw\\u00f3ch kana\\u0142\\u00f3w podczas skanowania innych kana\\u0142\\u00f3w. Funkcja kana\\u0142u nadawczego pozwala na wykonanie szybkiej odpowiedzi podczas skanowania.\\u00a0<\\\/p>\\n\n\n<div>\\n\n\n<p><strong>Inne cechy <\\\/strong><\\\/p>\\n<\\\/div>\\n\n\n<ul>\\n\n\n<li>Automatyczne wybieranie DTMF<\\\/li>\\n\n\n<li>Kodowanie i dekodowanie CTCSS\\\/DTCS<\\\/li>\\n\n\n<li>Transmisja BIIS PTT ID<\\\/li>\\n\n\n<li>MDC PTT ID<\\\/li>\\n\n\n<li>Alarm niskiego poziomu baterii<\\\/li>\\n\n\n<li>2 stopniowy poziom oszcz\\u0119dzania baterii<\\\/li>\\n\n\n<li>Mo\\u017cliwo\\u015b\\u0107 programowania z komputera<\\\/li>\\n\n\n<li>Funkcja Talk around<\\\/li>\\n\n\n<li>Funkcja pojedynczego pracownika<\\\/li>\\n\n\n<li>3-color LED<\\\/li>\\n\n\n<li>Funkcja monitoringu\\u00a0<\\\/li>\\n<\\\/ul>\",\"animation\":\"slide-left-medium\",\"text_align\":\"justify\",\"text_align_breakpoint\":\"m\",\"text_align_fallback\":\"center\",\"text_size\":\"\",\"maxwidth\":\"xxlarge\"}}]}]},{\"name\":\"\",\"type\":\"row\",\"props\":{\"fixed_width\":\"large\",\"breakpoint\":\"m\",\"layout\":\"1-1\",\"margin\":\"large\"},\"children\":[{\"name\":\"\",\"type\":\"column\",\"props\":{\"image_position\":\"center-center\",\"widths\":[\"1-1\"]},\"children\":[{\"name\":\"\",\"type\":\"button\",\"props\":{\"gutter\":\"small\",\"inline_align\":\"center\",\"margin\":\"\",\"text_align\":\"center\",\"button_size\":\"large\",\"animation\":\"slide-bottom-medium\"},\"children\":[{\"name\":\"\",\"type\":\"button_item\",\"props\":{\"button_style\":\"secondary\",\"content\":\"BROSZURA\",\"link\":\"wp-content\\\/uploads\\\/Radiotelefon_profesjonalny_IC-F3002_IC-F4002.pdf\",\"link_title\":\"Explore More\",\"icon_align\":\"left\",\"link_target\":\"blank\"}}]}]}]}]}]} --><\/p>\n","protected":false},"excerpt":{"rendered":"<p>Radiotelefon profesjonalny VHF\/UHF ICOM IC-F3002\/ IC-F4002 Prosta obs\u0142uga umo\u017cliwiaj\u0105ca szybk\u0105 komunikacji Obs\u0142uga radiotelefonu serii IC-F3002 nie wymaga szkolenia. Klawisze i pokr\u0119t\u0142a s\u0105 przystosowane, aby zapewni\u0107 \u0142atwo\u015b\u0107 obs\u0142ugi. Zosta\u0142y zaprojektowane w celu zapobiegni\u0119cia przypadkowych przesuni\u0119\u0107, umo\u017cliwiaj\u0105c zmian\u0119 ustawie\u0144 nawet w r\u0119kawiczkach. Dobra s\u0142yszalno\u015b\u0107 w g\u0142o\u015bnych pomieszczeniach Wbudowany wzmacniacz (BTL) zapewnia moc d\u017awi\u0119ku 800mW z g\u0142o\u015bnika 45mm. [&hellip;]<\/p>\n","protected":false},"author":6,"featured_media":0,"parent":0,"menu_order":0,"comment_status":"closed","ping_status":"closed","template":"","meta":{"footnotes":""},"class_list":["post-3780","page","type-page","status-publish","hentry"],"yoast_head":"<!-- This site is optimized with the Yoast SEO plugin v27.5 - https:\/\/yoast.com\/product\/yoast-seo-wordpress\/ -->\n<title>Radiotelefon profesjonalny VHF\/UHF ICOM IC-F3002\/ IC-F4002 - ESCORT TECHNOLOGY<\/title>\n<meta name=\"robots\" content=\"index, follow, max-snippet:-1, max-image-preview:large, max-video-preview:-1\" \/>\n<link rel=\"canonical\" href=\"https:\/\/escort-technology.com\/pl\/de\/radiotelefon-profesjonalny-vhf-uhf-icom-ic-f3002-ic-f4002\/\" \/>\n<meta property=\"og:locale\" content=\"pl_PL\" \/>\n<meta property=\"og:type\" content=\"article\" \/>\n<meta property=\"og:title\" content=\"Radiotelefon profesjonalny VHF\/UHF ICOM IC-F3002\/ IC-F4002 - ESCORT TECHNOLOGY\" \/>\n<meta property=\"og:description\" content=\"Radiotelefon profesjonalny VHF\/UHF ICOM IC-F3002\/ IC-F4002 Prosta obs\u0142uga umo\u017cliwiaj\u0105ca szybk\u0105 komunikacji Obs\u0142uga radiotelefonu serii IC-F3002 nie wymaga szkolenia. Klawisze i pokr\u0119t\u0142a s\u0105 przystosowane, aby zapewni\u0107 \u0142atwo\u015b\u0107 obs\u0142ugi. Zosta\u0142y zaprojektowane w celu zapobiegni\u0119cia przypadkowych przesuni\u0119\u0107, umo\u017cliwiaj\u0105c zmian\u0119 ustawie\u0144 nawet w r\u0119kawiczkach. Dobra s\u0142yszalno\u015b\u0107 w g\u0142o\u015bnych pomieszczeniach Wbudowany wzmacniacz (BTL) zapewnia moc d\u017awi\u0119ku 800mW z g\u0142o\u015bnika 45mm. [&hellip;]\" \/>\n<meta property=\"og:url\" content=\"https:\/\/escort-technology.com\/pl\/de\/radiotelefon-profesjonalny-vhf-uhf-icom-ic-f3002-ic-f4002\/\" \/>\n<meta property=\"og:site_name\" content=\"ESCORT TECHNOLOGY\" \/>\n<meta property=\"article:publisher\" content=\"https:\/\/www.facebook.com\/elektronika.morska\/\" \/>\n<meta property=\"article:modified_time\" content=\"2018-05-21T07:41:56+00:00\" \/>\n<meta name=\"twitter:card\" content=\"summary_large_image\" \/>\n<meta name=\"twitter:label1\" content=\"Szacowany czas czytania\" \/>\n\t<meta name=\"twitter:data1\" content=\"1 minuta\" \/>\n<script type=\"application\/ld+json\" class=\"yoast-schema-graph\">{\"@context\":\"https:\\\/\\\/schema.org\",\"@graph\":[{\"@type\":\"WebPage\",\"@id\":\"https:\\\/\\\/escort-technology.com\\\/de\\\/radiotelefon-profesjonalny-vhf-uhf-icom-ic-f3002-ic-f4002\\\/\",\"url\":\"https:\\\/\\\/escort-technology.com\\\/de\\\/radiotelefon-profesjonalny-vhf-uhf-icom-ic-f3002-ic-f4002\\\/\",\"name\":\"Radiotelefon profesjonalny VHF\\\/UHF ICOM IC-F3002\\\/ IC-F4002 - ESCORT TECHNOLOGY\",\"isPartOf\":{\"@id\":\"http:\\\/\\\/escort-technology.com\\\/de\\\/#website\"},\"datePublished\":\"2018-05-21T07:35:04+00:00\",\"dateModified\":\"2018-05-21T07:41:56+00:00\",\"breadcrumb\":{\"@id\":\"https:\\\/\\\/escort-technology.com\\\/de\\\/radiotelefon-profesjonalny-vhf-uhf-icom-ic-f3002-ic-f4002\\\/#breadcrumb\"},\"inLanguage\":\"pl-PL\",\"potentialAction\":[{\"@type\":\"ReadAction\",\"target\":[\"https:\\\/\\\/escort-technology.com\\\/de\\\/radiotelefon-profesjonalny-vhf-uhf-icom-ic-f3002-ic-f4002\\\/\"]}]},{\"@type\":\"BreadcrumbList\",\"@id\":\"https:\\\/\\\/escort-technology.com\\\/de\\\/radiotelefon-profesjonalny-vhf-uhf-icom-ic-f3002-ic-f4002\\\/#breadcrumb\",\"itemListElement\":[{\"@type\":\"ListItem\",\"position\":1,\"name\":\"Strona g\u0142\u00f3wna\",\"item\":\"https:\\\/\\\/escort-technology.com\\\/\"},{\"@type\":\"ListItem\",\"position\":2,\"name\":\"Radiotelefon profesjonalny VHF\\\/UHF ICOM IC-F3002\\\/ IC-F4002\"}]},{\"@type\":\"WebSite\",\"@id\":\"http:\\\/\\\/escort-technology.com\\\/de\\\/#website\",\"url\":\"http:\\\/\\\/escort-technology.com\\\/de\\\/\",\"name\":\"ESCORT TECHNOLOGY\",\"description\":\"Elektronika morska i l\u0105dowa\",\"publisher\":{\"@id\":\"http:\\\/\\\/escort-technology.com\\\/de\\\/#organization\"},\"potentialAction\":[{\"@type\":\"SearchAction\",\"target\":{\"@type\":\"EntryPoint\",\"urlTemplate\":\"http:\\\/\\\/escort-technology.com\\\/de\\\/?s={search_term_string}\"},\"query-input\":{\"@type\":\"PropertyValueSpecification\",\"valueRequired\":true,\"valueName\":\"search_term_string\"}}],\"inLanguage\":\"pl-PL\"},{\"@type\":\"Organization\",\"@id\":\"http:\\\/\\\/escort-technology.com\\\/de\\\/#organization\",\"name\":\"ESCORT TECHNOLOGY\",\"url\":\"http:\\\/\\\/escort-technology.com\\\/de\\\/\",\"logo\":{\"@type\":\"ImageObject\",\"inLanguage\":\"pl-PL\",\"@id\":\"http:\\\/\\\/escort-technology.com\\\/de\\\/#\\\/schema\\\/logo\\\/image\\\/\",\"url\":\"https:\\\/\\\/escort-technology.com\\\/wp-content\\\/uploads\\\/logo-1.jpg\",\"contentUrl\":\"https:\\\/\\\/escort-technology.com\\\/wp-content\\\/uploads\\\/logo-1.jpg\",\"width\":600,\"height\":165,\"caption\":\"ESCORT TECHNOLOGY\"},\"image\":{\"@id\":\"http:\\\/\\\/escort-technology.com\\\/de\\\/#\\\/schema\\\/logo\\\/image\\\/\"},\"sameAs\":[\"https:\\\/\\\/www.facebook.com\\\/elektronika.morska\\\/\",\"https:\\\/\\\/www.linkedin.com\\\/company\\\/escort-sp-z-o-o-\\\/\"]}]}<\/script>\n<!-- \/ Yoast SEO plugin. -->","yoast_head_json":{"title":"Radiotelefon profesjonalny VHF\/UHF ICOM IC-F3002\/ IC-F4002 - ESCORT TECHNOLOGY","robots":{"index":"index","follow":"follow","max-snippet":"max-snippet:-1","max-image-preview":"max-image-preview:large","max-video-preview":"max-video-preview:-1"},"canonical":"https:\/\/escort-technology.com\/pl\/de\/radiotelefon-profesjonalny-vhf-uhf-icom-ic-f3002-ic-f4002\/","og_locale":"pl_PL","og_type":"article","og_title":"Radiotelefon profesjonalny VHF\/UHF ICOM IC-F3002\/ IC-F4002 - ESCORT TECHNOLOGY","og_description":"Radiotelefon profesjonalny VHF\/UHF ICOM IC-F3002\/ IC-F4002 Prosta obs\u0142uga umo\u017cliwiaj\u0105ca szybk\u0105 komunikacji Obs\u0142uga radiotelefonu serii IC-F3002 nie wymaga szkolenia. Klawisze i pokr\u0119t\u0142a s\u0105 przystosowane, aby zapewni\u0107 \u0142atwo\u015b\u0107 obs\u0142ugi. Zosta\u0142y zaprojektowane w celu zapobiegni\u0119cia przypadkowych przesuni\u0119\u0107, umo\u017cliwiaj\u0105c zmian\u0119 ustawie\u0144 nawet w r\u0119kawiczkach. Dobra s\u0142yszalno\u015b\u0107 w g\u0142o\u015bnych pomieszczeniach Wbudowany wzmacniacz (BTL) zapewnia moc d\u017awi\u0119ku 800mW z g\u0142o\u015bnika 45mm. [&hellip;]","og_url":"https:\/\/escort-technology.com\/pl\/de\/radiotelefon-profesjonalny-vhf-uhf-icom-ic-f3002-ic-f4002\/","og_site_name":"ESCORT TECHNOLOGY","article_publisher":"https:\/\/www.facebook.com\/elektronika.morska\/","article_modified_time":"2018-05-21T07:41:56+00:00","twitter_card":"summary_large_image","twitter_misc":{"Szacowany czas czytania":"1 minuta"},"schema":{"@context":"https:\/\/schema.org","@graph":[{"@type":"WebPage","@id":"https:\/\/escort-technology.com\/de\/radiotelefon-profesjonalny-vhf-uhf-icom-ic-f3002-ic-f4002\/","url":"https:\/\/escort-technology.com\/de\/radiotelefon-profesjonalny-vhf-uhf-icom-ic-f3002-ic-f4002\/","name":"Radiotelefon profesjonalny VHF\/UHF ICOM IC-F3002\/ IC-F4002 - ESCORT TECHNOLOGY","isPartOf":{"@id":"http:\/\/escort-technology.com\/de\/#website"},"datePublished":"2018-05-21T07:35:04+00:00","dateModified":"2018-05-21T07:41:56+00:00","breadcrumb":{"@id":"https:\/\/escort-technology.com\/de\/radiotelefon-profesjonalny-vhf-uhf-icom-ic-f3002-ic-f4002\/#breadcrumb"},"inLanguage":"pl-PL","potentialAction":[{"@type":"ReadAction","target":["https:\/\/escort-technology.com\/de\/radiotelefon-profesjonalny-vhf-uhf-icom-ic-f3002-ic-f4002\/"]}]},{"@type":"BreadcrumbList","@id":"https:\/\/escort-technology.com\/de\/radiotelefon-profesjonalny-vhf-uhf-icom-ic-f3002-ic-f4002\/#breadcrumb","itemListElement":[{"@type":"ListItem","position":1,"name":"Strona g\u0142\u00f3wna","item":"https:\/\/escort-technology.com\/"},{"@type":"ListItem","position":2,"name":"Radiotelefon profesjonalny VHF\/UHF ICOM IC-F3002\/ IC-F4002"}]},{"@type":"WebSite","@id":"http:\/\/escort-technology.com\/de\/#website","url":"http:\/\/escort-technology.com\/de\/","name":"ESCORT TECHNOLOGY","description":"Elektronika morska i l\u0105dowa","publisher":{"@id":"http:\/\/escort-technology.com\/de\/#organization"},"potentialAction":[{"@type":"SearchAction","target":{"@type":"EntryPoint","urlTemplate":"http:\/\/escort-technology.com\/de\/?s={search_term_string}"},"query-input":{"@type":"PropertyValueSpecification","valueRequired":true,"valueName":"search_term_string"}}],"inLanguage":"pl-PL"},{"@type":"Organization","@id":"http:\/\/escort-technology.com\/de\/#organization","name":"ESCORT TECHNOLOGY","url":"http:\/\/escort-technology.com\/de\/","logo":{"@type":"ImageObject","inLanguage":"pl-PL","@id":"http:\/\/escort-technology.com\/de\/#\/schema\/logo\/image\/","url":"https:\/\/escort-technology.com\/wp-content\/uploads\/logo-1.jpg","contentUrl":"https:\/\/escort-technology.com\/wp-content\/uploads\/logo-1.jpg","width":600,"height":165,"caption":"ESCORT TECHNOLOGY"},"image":{"@id":"http:\/\/escort-technology.com\/de\/#\/schema\/logo\/image\/"},"sameAs":["https:\/\/www.facebook.com\/elektronika.morska\/","https:\/\/www.linkedin.com\/company\/escort-sp-z-o-o-\/"]}]}},"_links":{"self":[{"href":"https:\/\/escort-technology.com\/pl\/wp-json\/wp\/v2\/pages\/3780","targetHints":{"allow":["GET"]}}],"collection":[{"href":"https:\/\/escort-technology.com\/pl\/wp-json\/wp\/v2\/pages"}],"about":[{"href":"https:\/\/escort-technology.com\/pl\/wp-json\/wp\/v2\/types\/page"}],"author":[{"embeddable":true,"href":"https:\/\/escort-technology.com\/pl\/wp-json\/wp\/v2\/users\/6"}],"replies":[{"embeddable":true,"href":"https:\/\/escort-technology.com\/pl\/wp-json\/wp\/v2\/comments?post=3780"}],"version-history":[{"count":2,"href":"https:\/\/escort-technology.com\/pl\/wp-json\/wp\/v2\/pages\/3780\/revisions"}],"predecessor-version":[{"id":3791,"href":"https:\/\/escort-technology.com\/pl\/wp-json\/wp\/v2\/pages\/3780\/revisions\/3791"}],"wp:attachment":[{"href":"https:\/\/escort-technology.com\/pl\/wp-json\/wp\/v2\/media?parent=3780"}],"curies":[{"name":"wp","href":"https:\/\/api.w.org\/{rel}","templated":true}]}}