{"id":3836,"date":"2018-05-22T06:43:08","date_gmt":"2018-05-22T06:43:08","guid":{"rendered":"http:\/\/escort-technology.com\/?page_id=3836"},"modified":"2018-05-22T08:42:33","modified_gmt":"2018-05-22T08:42:33","slug":"oceantools-ma200-ma500","status":"publish","type":"page","link":"https:\/\/escort-technology.com\/pl\/oceantools-ma200-ma500\/","title":{"rendered":"Oceantools MA200 &#038; MA500"},"content":{"rendered":"<p>Oceantools MA200 &amp; MA500<\/p>\n<p>Wysoko\u015bciomierz MA200 &amp; MA500 wyposa\u017cony w technologi\u0119 CHRIP pozwala osi\u0105gn\u0105\u0107 milimetrow\u0105 dok\u0142adno\u015b\u0107 wskaza\u0144. Odej\u015bcie od analogowej elektroniki do cyfrowej zmniejszy\u0142o podatno\u015b\u0107 wysoko\u015bciomierzy na zak\u0142\u00f3cenia akustyczne. Zapewniony liczbowy format danych wyj\u015bciowych, pozwala na wsp\u00f3\u0142prace z r\u00f3\u017cnego typu urz\u0105dzeniami pracuj\u0105cymi pod wod\u0105, w\u0142\u0105czaj\u0105c pojazdy podwodne, systemy pomiaru pod lodem, czy zestawy czujnik\u00f3w CTD. <\/p>\n<p>szeroki zakres napi\u0119cia wej\u015bciowego oraz niski pob\u00f3r mocy<br \/>\nwyj\u015bcie analogowe i cyfrowe<br \/>\npr\u0119dko\u015b\u0107 d\u017awi\u0119ku definiowana przez u\u017cytkownika<br \/>\nobudowa wykonana ze stali nierdzewnej lub aluminium z opcj\u0105 pracy do 3000m\n<\/p>\n<p>BROSZURA<\/p>\n<p><!-- {\"name\":\"\",\"type\":\"layout\",\"children\":[{\"name\":\"ANTENA\",\"type\":\"section\",\"props\":{\"width\":\"default\",\"padding\":\"xsmall\",\"style\":\"default\",\"text_color\":\"\",\"media\":\"\",\"height_viewport\":false,\"header_overlay\":\"light\",\"animation\":\"slide-top-medium\",\"padding_remove_top\":false,\"image_size\":\"cover\",\"image\":\"\",\"image_position\":\"bottom-center\",\"image_fixed\":false,\"class\":\"\",\"overlap\":true,\"vertical_align\":\"middle\",\"title_position\":\"top-left\",\"title_rotation\":\"left\",\"title_breakpoint\":\"xl\"},\"children\":[{\"name\":\"\",\"type\":\"row\",\"props\":{\"layout\":\"1-1\",\"breakpoint\":\"m\",\"margin\":\"\",\"fixed_width\":\"large\"},\"children\":[{\"name\":\"\",\"type\":\"column\",\"props\":{\"image_position\":\"center-center\",\"widths\":[\"1-1\"]},\"children\":[{\"name\":\"\",\"type\":\"headline\",\"props\":{\"title_element\":\"h2\",\"content\":\"Oceantools MA200 &amp; MA500\",\"text_align\":\"center\",\"text_align_fallback\":\"center\",\"maxwidth_align\":\"center\",\"maxwidth\":\"\",\"title_style\":\"h2\",\"title_decoration\":\"\",\"margin\":\"\"}},{\"name\":\"\",\"type\":\"divider\",\"props\":{\"divider_element\":\"hr\"}}]}]},{\"name\":\"\",\"type\":\"row\",\"props\":{\"fixed_width\":\"large\",\"breakpoint\":\"m\",\"layout\":\",2-3\",\"margin\":\"medium\"},\"children\":[{\"name\":\"\",\"type\":\"column\",\"props\":{\"widths\":[\"\"],\"image_position\":\"center-center\"},\"children\":[{\"name\":\"\",\"type\":\"image\",\"props\":{\"margin\":\"default\",\"image\":\"wp-content\\\/uploads\\\/MA200500.jpg\",\"image_width\":\"300\",\"image_box_shadow\":\"\",\"image_border\":\"rounded\",\"text_align\":\"center\"}}]},{\"name\":\"\",\"type\":\"column\",\"props\":{\"widths\":[\"2-3\"],\"image_position\":\"center-center\"},\"children\":[{\"name\":\"\",\"type\":\"text\",\"props\":{\"column_breakpoint\":\"m\",\"margin\":\"medium\",\"content\":\"\n\n<p>Wysoko\\u015bciomierz MA200 &amp; MA500 wyposa\\u017cony w technologi\\u0119 CHRIP pozwala osi\\u0105gn\\u0105\\u0107 milimetrow\\u0105 dok\\u0142adno\\u015b\\u0107 wskaza\\u0144. Odej\\u015bcie od analogowej elektroniki do cyfrowej zmniejszy\\u0142o podatno\\u015b\\u0107 wysoko\\u015bciomierzy na zak\\u0142\\u00f3cenia akustyczne. Zapewniony liczbowy format danych wyj\\u015bciowych, pozwala na wsp\\u00f3\\u0142prace z r\\u00f3\\u017cnego typu urz\\u0105dzeniami pracuj\\u0105cymi pod wod\\u0105, w\\u0142\\u0105czaj\\u0105c pojazdy podwodne, systemy pomiaru pod lodem, czy zestawy czujnik\\u00f3w CTD. <br \\\/><br \\\/><\\\/p>\\n\n\n<ul>\\n\n\n<li>szeroki zakres napi\\u0119cia wej\\u015bciowego oraz niski pob\\u00f3r mocy<\\\/li>\\n\n\n<li>wyj\\u015bcie analogowe i cyfrowe<\\\/li>\\n\n\n<li>pr\\u0119dko\\u015b\\u0107 d\\u017awi\\u0119ku definiowana przez u\\u017cytkownika<\\\/li>\\n\n\n<li>obudowa wykonana ze stali nierdzewnej lub aluminium z opcj\\u0105 pracy do 3000m<\\\/li>\\n<\\\/ul>\",\"animation\":\"slide-left-medium\",\"text_align\":\"justify\",\"text_align_breakpoint\":\"m\",\"text_align_fallback\":\"center\",\"text_size\":\"\",\"maxwidth\":\"xxlarge\"}}]}]},{\"name\":\"\",\"type\":\"row\",\"props\":{\"fixed_width\":\"large\",\"breakpoint\":\"m\",\"layout\":\"1-1\",\"margin\":\"large\"},\"children\":[{\"name\":\"\",\"type\":\"column\",\"props\":{\"image_position\":\"center-center\",\"widths\":[\"1-1\"]},\"children\":[{\"name\":\"\",\"type\":\"button\",\"props\":{\"gutter\":\"small\",\"inline_align\":\"center\",\"margin\":\"\",\"text_align\":\"center\",\"button_size\":\"large\",\"animation\":\"slide-bottom-medium\"},\"children\":[{\"name\":\"\",\"type\":\"button_item\",\"props\":{\"button_style\":\"secondary\",\"content\":\"BROSZURA\",\"link\":\"wp-content\\\/uploads\\\/MA200-and-MA500-Altimeters.pdf\",\"link_title\":\"Explore More\",\"icon_align\":\"left\",\"link_target\":\"blank\"}}]}]}]}]}]} --><\/p>\n","protected":false},"excerpt":{"rendered":"<p>Oceantools MA200 &amp; MA500 Wysoko\u015bciomierz MA200 &amp; MA500 wyposa\u017cony w technologi\u0119 CHRIP pozwala osi\u0105gn\u0105\u0107 milimetrow\u0105 dok\u0142adno\u015b\u0107 wskaza\u0144. Odej\u015bcie od analogowej elektroniki do cyfrowej zmniejszy\u0142o podatno\u015b\u0107 wysoko\u015bciomierzy na zak\u0142\u00f3cenia akustyczne. Zapewniony liczbowy format danych wyj\u015bciowych, pozwala na wsp\u00f3\u0142prace z r\u00f3\u017cnego typu urz\u0105dzeniami pracuj\u0105cymi pod wod\u0105, w\u0142\u0105czaj\u0105c pojazdy podwodne, systemy pomiaru pod lodem, czy zestawy czujnik\u00f3w CTD. [&hellip;]<\/p>\n","protected":false},"author":6,"featured_media":0,"parent":0,"menu_order":0,"comment_status":"closed","ping_status":"closed","template":"","meta":{"footnotes":""},"class_list":["post-3836","page","type-page","status-publish","hentry"],"yoast_head":"<!-- This site is optimized with the Yoast SEO plugin v27.5 - https:\/\/yoast.com\/product\/yoast-seo-wordpress\/ -->\n<title>Oceantools MA200 &amp; MA500 - ESCORT TECHNOLOGY<\/title>\n<meta name=\"robots\" content=\"index, follow, max-snippet:-1, max-image-preview:large, max-video-preview:-1\" \/>\n<link rel=\"canonical\" href=\"https:\/\/escort-technology.com\/pl\/de\/oceantools-ma200-ma500\/\" \/>\n<meta property=\"og:locale\" content=\"pl_PL\" \/>\n<meta property=\"og:type\" content=\"article\" \/>\n<meta property=\"og:title\" content=\"Oceantools MA200 &amp; MA500 - ESCORT TECHNOLOGY\" \/>\n<meta property=\"og:description\" content=\"Oceantools MA200 &amp; MA500 Wysoko\u015bciomierz MA200 &amp; MA500 wyposa\u017cony w technologi\u0119 CHRIP pozwala osi\u0105gn\u0105\u0107 milimetrow\u0105 dok\u0142adno\u015b\u0107 wskaza\u0144. Odej\u015bcie od analogowej elektroniki do cyfrowej zmniejszy\u0142o podatno\u015b\u0107 wysoko\u015bciomierzy na zak\u0142\u00f3cenia akustyczne. Zapewniony liczbowy format danych wyj\u015bciowych, pozwala na wsp\u00f3\u0142prace z r\u00f3\u017cnego typu urz\u0105dzeniami pracuj\u0105cymi pod wod\u0105, w\u0142\u0105czaj\u0105c pojazdy podwodne, systemy pomiaru pod lodem, czy zestawy czujnik\u00f3w CTD. [&hellip;]\" \/>\n<meta property=\"og:url\" content=\"https:\/\/escort-technology.com\/pl\/de\/oceantools-ma200-ma500\/\" \/>\n<meta property=\"og:site_name\" content=\"ESCORT TECHNOLOGY\" \/>\n<meta property=\"article:publisher\" content=\"https:\/\/www.facebook.com\/elektronika.morska\/\" \/>\n<meta property=\"article:modified_time\" content=\"2018-05-22T08:42:33+00:00\" \/>\n<meta name=\"twitter:card\" content=\"summary_large_image\" \/>\n<meta name=\"twitter:label1\" content=\"Szacowany czas czytania\" \/>\n\t<meta name=\"twitter:data1\" content=\"1 minuta\" \/>\n<script type=\"application\/ld+json\" class=\"yoast-schema-graph\">{\"@context\":\"https:\\\/\\\/schema.org\",\"@graph\":[{\"@type\":\"WebPage\",\"@id\":\"https:\\\/\\\/escort-technology.com\\\/de\\\/oceantools-ma200-ma500\\\/\",\"url\":\"https:\\\/\\\/escort-technology.com\\\/de\\\/oceantools-ma200-ma500\\\/\",\"name\":\"Oceantools MA200 & MA500 - ESCORT TECHNOLOGY\",\"isPartOf\":{\"@id\":\"http:\\\/\\\/escort-technology.com\\\/de\\\/#website\"},\"datePublished\":\"2018-05-22T06:43:08+00:00\",\"dateModified\":\"2018-05-22T08:42:33+00:00\",\"breadcrumb\":{\"@id\":\"https:\\\/\\\/escort-technology.com\\\/de\\\/oceantools-ma200-ma500\\\/#breadcrumb\"},\"inLanguage\":\"pl-PL\",\"potentialAction\":[{\"@type\":\"ReadAction\",\"target\":[\"https:\\\/\\\/escort-technology.com\\\/de\\\/oceantools-ma200-ma500\\\/\"]}]},{\"@type\":\"BreadcrumbList\",\"@id\":\"https:\\\/\\\/escort-technology.com\\\/de\\\/oceantools-ma200-ma500\\\/#breadcrumb\",\"itemListElement\":[{\"@type\":\"ListItem\",\"position\":1,\"name\":\"Strona g\u0142\u00f3wna\",\"item\":\"https:\\\/\\\/escort-technology.com\\\/\"},{\"@type\":\"ListItem\",\"position\":2,\"name\":\"Oceantools MA200 &#038; MA500\"}]},{\"@type\":\"WebSite\",\"@id\":\"http:\\\/\\\/escort-technology.com\\\/de\\\/#website\",\"url\":\"http:\\\/\\\/escort-technology.com\\\/de\\\/\",\"name\":\"ESCORT TECHNOLOGY\",\"description\":\"Elektronika morska i l\u0105dowa\",\"publisher\":{\"@id\":\"http:\\\/\\\/escort-technology.com\\\/de\\\/#organization\"},\"potentialAction\":[{\"@type\":\"SearchAction\",\"target\":{\"@type\":\"EntryPoint\",\"urlTemplate\":\"http:\\\/\\\/escort-technology.com\\\/de\\\/?s={search_term_string}\"},\"query-input\":{\"@type\":\"PropertyValueSpecification\",\"valueRequired\":true,\"valueName\":\"search_term_string\"}}],\"inLanguage\":\"pl-PL\"},{\"@type\":\"Organization\",\"@id\":\"http:\\\/\\\/escort-technology.com\\\/de\\\/#organization\",\"name\":\"ESCORT TECHNOLOGY\",\"url\":\"http:\\\/\\\/escort-technology.com\\\/de\\\/\",\"logo\":{\"@type\":\"ImageObject\",\"inLanguage\":\"pl-PL\",\"@id\":\"http:\\\/\\\/escort-technology.com\\\/de\\\/#\\\/schema\\\/logo\\\/image\\\/\",\"url\":\"https:\\\/\\\/escort-technology.com\\\/wp-content\\\/uploads\\\/logo-1.jpg\",\"contentUrl\":\"https:\\\/\\\/escort-technology.com\\\/wp-content\\\/uploads\\\/logo-1.jpg\",\"width\":600,\"height\":165,\"caption\":\"ESCORT TECHNOLOGY\"},\"image\":{\"@id\":\"http:\\\/\\\/escort-technology.com\\\/de\\\/#\\\/schema\\\/logo\\\/image\\\/\"},\"sameAs\":[\"https:\\\/\\\/www.facebook.com\\\/elektronika.morska\\\/\",\"https:\\\/\\\/www.linkedin.com\\\/company\\\/escort-sp-z-o-o-\\\/\"]}]}<\/script>\n<!-- \/ Yoast SEO plugin. -->","yoast_head_json":{"title":"Oceantools MA200 & MA500 - ESCORT TECHNOLOGY","robots":{"index":"index","follow":"follow","max-snippet":"max-snippet:-1","max-image-preview":"max-image-preview:large","max-video-preview":"max-video-preview:-1"},"canonical":"https:\/\/escort-technology.com\/pl\/de\/oceantools-ma200-ma500\/","og_locale":"pl_PL","og_type":"article","og_title":"Oceantools MA200 & MA500 - ESCORT TECHNOLOGY","og_description":"Oceantools MA200 &amp; MA500 Wysoko\u015bciomierz MA200 &amp; MA500 wyposa\u017cony w technologi\u0119 CHRIP pozwala osi\u0105gn\u0105\u0107 milimetrow\u0105 dok\u0142adno\u015b\u0107 wskaza\u0144. Odej\u015bcie od analogowej elektroniki do cyfrowej zmniejszy\u0142o podatno\u015b\u0107 wysoko\u015bciomierzy na zak\u0142\u00f3cenia akustyczne. Zapewniony liczbowy format danych wyj\u015bciowych, pozwala na wsp\u00f3\u0142prace z r\u00f3\u017cnego typu urz\u0105dzeniami pracuj\u0105cymi pod wod\u0105, w\u0142\u0105czaj\u0105c pojazdy podwodne, systemy pomiaru pod lodem, czy zestawy czujnik\u00f3w CTD. [&hellip;]","og_url":"https:\/\/escort-technology.com\/pl\/de\/oceantools-ma200-ma500\/","og_site_name":"ESCORT TECHNOLOGY","article_publisher":"https:\/\/www.facebook.com\/elektronika.morska\/","article_modified_time":"2018-05-22T08:42:33+00:00","twitter_card":"summary_large_image","twitter_misc":{"Szacowany czas czytania":"1 minuta"},"schema":{"@context":"https:\/\/schema.org","@graph":[{"@type":"WebPage","@id":"https:\/\/escort-technology.com\/de\/oceantools-ma200-ma500\/","url":"https:\/\/escort-technology.com\/de\/oceantools-ma200-ma500\/","name":"Oceantools MA200 & MA500 - ESCORT TECHNOLOGY","isPartOf":{"@id":"http:\/\/escort-technology.com\/de\/#website"},"datePublished":"2018-05-22T06:43:08+00:00","dateModified":"2018-05-22T08:42:33+00:00","breadcrumb":{"@id":"https:\/\/escort-technology.com\/de\/oceantools-ma200-ma500\/#breadcrumb"},"inLanguage":"pl-PL","potentialAction":[{"@type":"ReadAction","target":["https:\/\/escort-technology.com\/de\/oceantools-ma200-ma500\/"]}]},{"@type":"BreadcrumbList","@id":"https:\/\/escort-technology.com\/de\/oceantools-ma200-ma500\/#breadcrumb","itemListElement":[{"@type":"ListItem","position":1,"name":"Strona g\u0142\u00f3wna","item":"https:\/\/escort-technology.com\/"},{"@type":"ListItem","position":2,"name":"Oceantools MA200 &#038; MA500"}]},{"@type":"WebSite","@id":"http:\/\/escort-technology.com\/de\/#website","url":"http:\/\/escort-technology.com\/de\/","name":"ESCORT TECHNOLOGY","description":"Elektronika morska i l\u0105dowa","publisher":{"@id":"http:\/\/escort-technology.com\/de\/#organization"},"potentialAction":[{"@type":"SearchAction","target":{"@type":"EntryPoint","urlTemplate":"http:\/\/escort-technology.com\/de\/?s={search_term_string}"},"query-input":{"@type":"PropertyValueSpecification","valueRequired":true,"valueName":"search_term_string"}}],"inLanguage":"pl-PL"},{"@type":"Organization","@id":"http:\/\/escort-technology.com\/de\/#organization","name":"ESCORT TECHNOLOGY","url":"http:\/\/escort-technology.com\/de\/","logo":{"@type":"ImageObject","inLanguage":"pl-PL","@id":"http:\/\/escort-technology.com\/de\/#\/schema\/logo\/image\/","url":"https:\/\/escort-technology.com\/wp-content\/uploads\/logo-1.jpg","contentUrl":"https:\/\/escort-technology.com\/wp-content\/uploads\/logo-1.jpg","width":600,"height":165,"caption":"ESCORT TECHNOLOGY"},"image":{"@id":"http:\/\/escort-technology.com\/de\/#\/schema\/logo\/image\/"},"sameAs":["https:\/\/www.facebook.com\/elektronika.morska\/","https:\/\/www.linkedin.com\/company\/escort-sp-z-o-o-\/"]}]}},"_links":{"self":[{"href":"https:\/\/escort-technology.com\/pl\/wp-json\/wp\/v2\/pages\/3836","targetHints":{"allow":["GET"]}}],"collection":[{"href":"https:\/\/escort-technology.com\/pl\/wp-json\/wp\/v2\/pages"}],"about":[{"href":"https:\/\/escort-technology.com\/pl\/wp-json\/wp\/v2\/types\/page"}],"author":[{"embeddable":true,"href":"https:\/\/escort-technology.com\/pl\/wp-json\/wp\/v2\/users\/6"}],"replies":[{"embeddable":true,"href":"https:\/\/escort-technology.com\/pl\/wp-json\/wp\/v2\/comments?post=3836"}],"version-history":[{"count":2,"href":"https:\/\/escort-technology.com\/pl\/wp-json\/wp\/v2\/pages\/3836\/revisions"}],"predecessor-version":[{"id":3897,"href":"https:\/\/escort-technology.com\/pl\/wp-json\/wp\/v2\/pages\/3836\/revisions\/3897"}],"wp:attachment":[{"href":"https:\/\/escort-technology.com\/pl\/wp-json\/wp\/v2\/media?parent=3836"}],"curies":[{"name":"wp","href":"https:\/\/api.w.org\/{rel}","templated":true}]}}