{"id":3951,"date":"2018-05-23T06:37:36","date_gmt":"2018-05-23T06:37:36","guid":{"rendered":"http:\/\/escort-technology.com\/?page_id=3951"},"modified":"2020-10-05T15:26:30","modified_gmt":"2020-10-05T13:26:30","slug":"miernik-predkosci-valeport-uv-svp","status":"publish","type":"page","link":"https:\/\/escort-technology.com\/pl\/miernik-predkosci-valeport-uv-svp\/","title":{"rendered":"Miernik pr\u0119dko\u015bci Valeport UV-SVP"},"content":{"rendered":"<h2>Miernik pr\u0119dko\u015bci Valeport UV-SVP<\/h2>\n<hr>\n<p><img decoding=\"async\" src=\"wp-content\/uploads\/vale-products_0000_UV-SVP-Hero-1536x1024-2.jpg\" alt=\"\"><\/p>\n<div>\n<h2>Pomiar pr\u0119dko\u015bci d\u017awi\u0119ku, temperatury i ci\u015bnienienia dla pojazd\u00f3w podwodnych.<\/h2>\n<p>Zaprojektowany dla pojazd\u00f3w podwodnych, gdzie przestrze\u0144 jest na wag\u0119 z\u0142ota, UV-SVP jest oparty na Valeport miniSVS. Wyposa\u017cony w wiod\u0105cy w swojej klasie czujnik pr\u0119dko\u015bci d\u017awi\u0119ku Valeport, czujnik temperatury PRT i czujnik ci\u015bnienia 0,01% w kompaktowej obudowie o wadze zaledwie 750 gram\u00f3w (w powietrzu), lekka tytanowa obudowa daje mo\u017cliwo\u015b\u0107 pomiaru g\u0142\u0119boko\u015bci do 3000m. Szeroki zakres (9-30V DC) izolowanego zasilania i komunikacja RS232 dope\u0142niaj\u0105 pakiet. <\/p>\n<\/div>\n<p><img decoding=\"async\" src=\"wp-content\/uploads\/UV-SVP-Additional-1-800x660-1.jpg\" alt=\"\"><br \/>\n<img decoding=\"async\" src=\"wp-content\/uploads\/UV-SVP-Additional-2-800x660-1.jpg\" alt=\"\"><\/p>\n<div>\n<p><a href=\"https:\/\/www.valeport.co.uk\/content\/uploads\/2020\/04\/UV-SVP-Datasheet-April-2020.pdf\">Karta katalogowa UV-SVP <\/a><\/p>\n<p><a href=\"https:\/\/www.valeport.co.uk\/content\/uploads\/2020\/03\/UV-SVP-Operating-Manual-06508142b.pdf\">Instrukcja obs\u0142ugi UV-SVP<\/a><\/p>\n<p><a href=\"https:\/\/www.valeport.co.uk\/content\/uploads\/2020\/03\/Datalog-Terminal-X2-04008333B.pdf\">Instrukcja oprogramowania DataLog X2<\/a><\/p>\n<\/div>\n<p><!-- {\"name\":\"\",\"type\":\"layout\",\"children\":[{\"name\":\"ANTENA\",\"type\":\"section\",\"props\":{\"width\":\"default\",\"padding\":\"xsmall\",\"style\":\"default\",\"text_color\":\"\",\"media\":\"\",\"height_viewport\":false,\"header_overlay\":\"light\",\"animation\":\"slide-top-medium\",\"padding_remove_top\":false,\"image_size\":\"cover\",\"image\":\"\",\"image_position\":\"bottom-center\",\"image_fixed\":false,\"class\":\"\",\"overlap\":true,\"vertical_align\":\"middle\",\"title_position\":\"top-left\",\"title_rotation\":\"left\",\"title_breakpoint\":\"xl\",\"image_effect\":\"\"},\"children\":[{\"name\":\"\",\"type\":\"row\",\"props\":{\"layout\":\"1-1\",\"breakpoint\":\"m\",\"margin\":\"\",\"fixed_width\":\"large\"},\"children\":[{\"name\":\"\",\"type\":\"column\",\"props\":{\"image_position\":\"center-center\",\"widths\":[\"1-1\"]},\"children\":[{\"name\":\"\",\"type\":\"headline\",\"props\":{\"title_element\":\"h2\",\"content\":\"Miernik pr\\u0119dko\\u015bci Valeport UV-SVP\",\"text_align\":\"center\",\"text_align_fallback\":\"center\",\"maxwidth_align\":\"center\",\"maxwidth\":\"\",\"title_style\":\"h2\",\"title_decoration\":\"\",\"margin\":\"\"}},{\"name\":\"\",\"type\":\"divider\",\"props\":{\"divider_element\":\"hr\"}},{\"type\":\"image\",\"props\":{\"margin\":\"default\",\"link_target\":\"\",\"image_border\":\"\",\"image_box_shadow\":\"\",\"image_hover_box_shadow\":\"\",\"image_box_decoration\":\"\",\"text_align\":\"\",\"text_align_breakpoint\":\"\",\"text_align_fallback\":\"\",\"maxwidth\":\"\",\"maxwidth_align\":\"\",\"maxwidth_breakpoint\":\"\",\"animation\":\"\",\"visibility\":\"\",\"image\":\"wp-content\\\/uploads\\\/vale-products_0000_UV-SVP-Hero-1536x1024-2.jpg\"}}]}]},{\"name\":\"\",\"type\":\"row\",\"props\":{\"fixed_width\":\"large\",\"breakpoint\":\"m\",\"layout\":\",\",\"margin\":\"medium\",\"gutter\":\"\",\"width\":\"\",\"height\":\"\"},\"children\":[{\"name\":\"\",\"type\":\"column\",\"props\":{\"widths\":[\"\"],\"image_position\":\"center-center\"},\"children\":[{\"type\":\"text\",\"props\":{\"margin\":\"default\",\"column_breakpoint\":\"m\",\"text_style\":\"\",\"text_color\":\"\",\"text_size\":\"\",\"column\":\"\",\"text_align\":\"\",\"text_align_breakpoint\":\"\",\"text_align_fallback\":\"\",\"maxwidth\":\"\",\"maxwidth_align\":\"\",\"maxwidth_breakpoint\":\"\",\"animation\":\"\",\"visibility\":\"\",\"content\":\"\n\n<h2>Pomiar pr\\u0119dko\\u015bci d\\u017awi\\u0119ku, temperatury i ci\\u015bnienienia dla pojazd\\u00f3w podwodnych.<\\\/h2>\\n\n\n<p><br \\\/>Zaprojektowany dla pojazd\\u00f3w podwodnych, gdzie przestrze\\u0144 jest na wag\\u0119 z\\u0142ota, UV-SVP jest oparty na Valeport miniSVS. Wyposa\\u017cony w wiod\\u0105cy w swojej klasie czujnik pr\\u0119dko\\u015bci d\\u017awi\\u0119ku Valeport, czujnik temperatury PRT i czujnik ci\\u015bnienia 0,01% w kompaktowej obudowie o wadze zaledwie 750 gram\\u00f3w (w powietrzu), lekka tytanowa obudowa daje mo\\u017cliwo\\u015b\\u0107 pomiaru g\\u0142\\u0119boko\\u015bci do 3000m. Szeroki zakres (9-30V DC) izolowanego zasilania i komunikacja RS232 dope\\u0142niaj\\u0105 pakiet. <\\\/p>\"}},{\"type\":\"image\",\"props\":{\"margin\":\"default\",\"link_target\":\"\",\"image_border\":\"\",\"image_box_shadow\":\"\",\"image_hover_box_shadow\":\"\",\"image_box_decoration\":\"\",\"text_align\":\"\",\"text_align_breakpoint\":\"\",\"text_align_fallback\":\"\",\"maxwidth\":\"\",\"maxwidth_align\":\"\",\"maxwidth_breakpoint\":\"\",\"animation\":\"\",\"visibility\":\"\",\"image\":\"wp-content\\\/uploads\\\/UV-SVP-Additional-1-800x660-1.jpg\"}}]},{\"name\":\"\",\"type\":\"column\",\"props\":{\"widths\":[\"\"],\"image_position\":\"center-center\"},\"children\":[{\"type\":\"image\",\"props\":{\"margin\":\"default\",\"link_target\":\"\",\"image_border\":\"\",\"image_box_shadow\":\"\",\"image_hover_box_shadow\":\"\",\"image_box_decoration\":\"\",\"text_align\":\"\",\"text_align_breakpoint\":\"\",\"text_align_fallback\":\"\",\"maxwidth\":\"\",\"maxwidth_align\":\"\",\"maxwidth_breakpoint\":\"\",\"animation\":\"\",\"visibility\":\"\",\"image\":\"wp-content\\\/uploads\\\/UV-SVP-Additional-2-800x660-1.jpg\"}}]}]}]},{\"type\":\"section\",\"props\":{\"style\":\"secondary\",\"width\":\"default\",\"vertical_align\":\"middle\",\"title_position\":\"top-left\",\"title_rotation\":\"left\",\"title_breakpoint\":\"xl\",\"image_position\":\"center-center\",\"text_color\":\"\",\"width_expand\":\"\",\"height\":\"\",\"padding\":\"\",\"header_transparent\":\"\",\"animation\":\"\"},\"children\":[{\"type\":\"row\",\"props\":{\"layout\":\"1-1\",\"breakpoint\":\"m\",\"fixed_width\":\"large\",\"gutter\":\"\",\"width\":\"\",\"width_expand\":\"\",\"height\":\"\",\"margin\":\"\"},\"children\":[{\"type\":\"column\",\"props\":{\"widths\":[\"1-1\"],\"image_position\":\"center-center\",\"media_overlay_gradient\":\"\",\"vertical_align\":\"\",\"style\":\"\",\"text_color\":\"\",\"padding\":\"\"},\"children\":[{\"type\":\"text\",\"props\":{\"margin\":\"default\",\"column_breakpoint\":\"m\",\"text_style\":\"\",\"text_color\":\"\",\"text_size\":\"\",\"column\":\"\",\"text_align\":\"\",\"text_align_breakpoint\":\"\",\"text_align_fallback\":\"\",\"maxwidth\":\"\",\"maxwidth_align\":\"\",\"maxwidth_breakpoint\":\"\",\"animation\":\"\",\"visibility\":\"\",\"content\":\"\n\n<p><a href=\\\"https:\\\/\\\/www.valeport.co.uk\\\/content\\\/uploads\\\/2020\\\/04\\\/UV-SVP-Datasheet-April-2020.pdf\\\">Karta katalogowa UV-SVP <\\\/a><\\\/p>\\n\n\n<p><a href=\\\"https:\\\/\\\/www.valeport.co.uk\\\/content\\\/uploads\\\/2020\\\/03\\\/UV-SVP-Operating-Manual-06508142b.pdf\\\">Instrukcja obs\\u0142ugi UV-SVP<\\\/a><\\\/p>\\n\n\n<p><a href=\\\"https:\\\/\\\/www.valeport.co.uk\\\/content\\\/uploads\\\/2020\\\/03\\\/Datalog-Terminal-X2-04008333B.pdf\\\">Instrukcja oprogramowania DataLog X2<\\\/a><\\\/p>\"}}]}]}]}],\"props\":[],\"version\":\"1.18.0\"} --><\/p>\n","protected":false},"excerpt":{"rendered":"<p>Miernik pr\u0119dko\u015bci Valeport UV-SVP Pomiar pr\u0119dko\u015bci d\u017awi\u0119ku, temperatury i ci\u015bnienienia dla pojazd\u00f3w podwodnych. Zaprojektowany dla pojazd\u00f3w podwodnych, gdzie przestrze\u0144 jest na wag\u0119 z\u0142ota, UV-SVP jest oparty na Valeport miniSVS. Wyposa\u017cony w wiod\u0105cy w swojej klasie czujnik pr\u0119dko\u015bci d\u017awi\u0119ku Valeport, czujnik temperatury PRT i czujnik ci\u015bnienia 0,01% w kompaktowej obudowie o wadze zaledwie 750 gram\u00f3w (w [&hellip;]<\/p>\n","protected":false},"author":6,"featured_media":0,"parent":0,"menu_order":0,"comment_status":"closed","ping_status":"closed","template":"","meta":{"footnotes":""},"class_list":["post-3951","page","type-page","status-publish","hentry"],"yoast_head":"<!-- This site is optimized with the Yoast SEO plugin v27.4 - https:\/\/yoast.com\/product\/yoast-seo-wordpress\/ -->\n<title>Miernik pr\u0119dko\u015bci Valeport UV-SVP - ESCORT TECHNOLOGY<\/title>\n<meta name=\"robots\" content=\"index, follow, max-snippet:-1, max-image-preview:large, max-video-preview:-1\" \/>\n<link rel=\"canonical\" href=\"http:\/\/escort-technology.com\/pl\/miernik-predkosci-valeport-uv-svp\/\" \/>\n<meta property=\"og:locale\" content=\"pl_PL\" \/>\n<meta property=\"og:type\" content=\"article\" \/>\n<meta property=\"og:title\" content=\"Miernik pr\u0119dko\u015bci Valeport UV-SVP - ESCORT TECHNOLOGY\" \/>\n<meta property=\"og:description\" content=\"Miernik pr\u0119dko\u015bci Valeport UV-SVP Pomiar pr\u0119dko\u015bci d\u017awi\u0119ku, temperatury i ci\u015bnienienia dla pojazd\u00f3w podwodnych. Zaprojektowany dla pojazd\u00f3w podwodnych, gdzie przestrze\u0144 jest na wag\u0119 z\u0142ota, UV-SVP jest oparty na Valeport miniSVS. Wyposa\u017cony w wiod\u0105cy w swojej klasie czujnik pr\u0119dko\u015bci d\u017awi\u0119ku Valeport, czujnik temperatury PRT i czujnik ci\u015bnienia 0,01% w kompaktowej obudowie o wadze zaledwie 750 gram\u00f3w (w [&hellip;]\" \/>\n<meta property=\"og:url\" content=\"http:\/\/escort-technology.com\/pl\/miernik-predkosci-valeport-uv-svp\/\" \/>\n<meta property=\"og:site_name\" content=\"ESCORT TECHNOLOGY\" \/>\n<meta property=\"article:publisher\" content=\"https:\/\/www.facebook.com\/elektronika.morska\/\" \/>\n<meta property=\"article:modified_time\" content=\"2020-10-05T13:26:30+00:00\" \/>\n<meta property=\"og:image\" content=\"http:\/\/wp-content\/uploads\/vale-products_0000_UV-SVP-Hero-1536x1024-2.jpg\" \/>\n<meta name=\"twitter:card\" content=\"summary_large_image\" \/>\n<meta name=\"twitter:label1\" content=\"Szacowany czas czytania\" \/>\n\t<meta name=\"twitter:data1\" content=\"1 minuta\" \/>\n<script type=\"application\/ld+json\" class=\"yoast-schema-graph\">{\"@context\":\"https:\\\/\\\/schema.org\",\"@graph\":[{\"@type\":\"WebPage\",\"@id\":\"http:\\\/\\\/escort-technology.com\\\/en\\\/miernik-predkosci-valeport-uv-svp\\\/\",\"url\":\"http:\\\/\\\/escort-technology.com\\\/en\\\/miernik-predkosci-valeport-uv-svp\\\/\",\"name\":\"Miernik pr\u0119dko\u015bci Valeport UV-SVP - ESCORT TECHNOLOGY\",\"isPartOf\":{\"@id\":\"http:\\\/\\\/escort-technology.com\\\/de\\\/#website\"},\"datePublished\":\"2018-05-23T06:37:36+00:00\",\"dateModified\":\"2020-10-05T13:26:30+00:00\",\"breadcrumb\":{\"@id\":\"http:\\\/\\\/escort-technology.com\\\/en\\\/miernik-predkosci-valeport-uv-svp\\\/#breadcrumb\"},\"inLanguage\":\"pl-PL\",\"potentialAction\":[{\"@type\":\"ReadAction\",\"target\":[\"http:\\\/\\\/escort-technology.com\\\/en\\\/miernik-predkosci-valeport-uv-svp\\\/\"]}]},{\"@type\":\"BreadcrumbList\",\"@id\":\"http:\\\/\\\/escort-technology.com\\\/en\\\/miernik-predkosci-valeport-uv-svp\\\/#breadcrumb\",\"itemListElement\":[{\"@type\":\"ListItem\",\"position\":1,\"name\":\"Strona g\u0142\u00f3wna\",\"item\":\"https:\\\/\\\/escort-technology.com\\\/\"},{\"@type\":\"ListItem\",\"position\":2,\"name\":\"Miernik pr\u0119dko\u015bci Valeport UV-SVP\"}]},{\"@type\":\"WebSite\",\"@id\":\"http:\\\/\\\/escort-technology.com\\\/de\\\/#website\",\"url\":\"http:\\\/\\\/escort-technology.com\\\/de\\\/\",\"name\":\"ESCORT TECHNOLOGY\",\"description\":\"Elektronika morska i l\u0105dowa\",\"publisher\":{\"@id\":\"http:\\\/\\\/escort-technology.com\\\/de\\\/#organization\"},\"potentialAction\":[{\"@type\":\"SearchAction\",\"target\":{\"@type\":\"EntryPoint\",\"urlTemplate\":\"http:\\\/\\\/escort-technology.com\\\/de\\\/?s={search_term_string}\"},\"query-input\":{\"@type\":\"PropertyValueSpecification\",\"valueRequired\":true,\"valueName\":\"search_term_string\"}}],\"inLanguage\":\"pl-PL\"},{\"@type\":\"Organization\",\"@id\":\"http:\\\/\\\/escort-technology.com\\\/de\\\/#organization\",\"name\":\"ESCORT TECHNOLOGY\",\"url\":\"http:\\\/\\\/escort-technology.com\\\/de\\\/\",\"logo\":{\"@type\":\"ImageObject\",\"inLanguage\":\"pl-PL\",\"@id\":\"http:\\\/\\\/escort-technology.com\\\/de\\\/#\\\/schema\\\/logo\\\/image\\\/\",\"url\":\"https:\\\/\\\/escort-technology.com\\\/wp-content\\\/uploads\\\/logo-1.jpg\",\"contentUrl\":\"https:\\\/\\\/escort-technology.com\\\/wp-content\\\/uploads\\\/logo-1.jpg\",\"width\":600,\"height\":165,\"caption\":\"ESCORT TECHNOLOGY\"},\"image\":{\"@id\":\"http:\\\/\\\/escort-technology.com\\\/de\\\/#\\\/schema\\\/logo\\\/image\\\/\"},\"sameAs\":[\"https:\\\/\\\/www.facebook.com\\\/elektronika.morska\\\/\",\"https:\\\/\\\/www.linkedin.com\\\/company\\\/escort-sp-z-o-o-\\\/\"]}]}<\/script>\n<!-- \/ Yoast SEO plugin. -->","yoast_head_json":{"title":"Miernik pr\u0119dko\u015bci Valeport UV-SVP - ESCORT TECHNOLOGY","robots":{"index":"index","follow":"follow","max-snippet":"max-snippet:-1","max-image-preview":"max-image-preview:large","max-video-preview":"max-video-preview:-1"},"canonical":"http:\/\/escort-technology.com\/pl\/miernik-predkosci-valeport-uv-svp\/","og_locale":"pl_PL","og_type":"article","og_title":"Miernik pr\u0119dko\u015bci Valeport UV-SVP - ESCORT TECHNOLOGY","og_description":"Miernik pr\u0119dko\u015bci Valeport UV-SVP Pomiar pr\u0119dko\u015bci d\u017awi\u0119ku, temperatury i ci\u015bnienienia dla pojazd\u00f3w podwodnych. Zaprojektowany dla pojazd\u00f3w podwodnych, gdzie przestrze\u0144 jest na wag\u0119 z\u0142ota, UV-SVP jest oparty na Valeport miniSVS. Wyposa\u017cony w wiod\u0105cy w swojej klasie czujnik pr\u0119dko\u015bci d\u017awi\u0119ku Valeport, czujnik temperatury PRT i czujnik ci\u015bnienia 0,01% w kompaktowej obudowie o wadze zaledwie 750 gram\u00f3w (w [&hellip;]","og_url":"http:\/\/escort-technology.com\/pl\/miernik-predkosci-valeport-uv-svp\/","og_site_name":"ESCORT TECHNOLOGY","article_publisher":"https:\/\/www.facebook.com\/elektronika.morska\/","article_modified_time":"2020-10-05T13:26:30+00:00","og_image":[{"url":"wp-content\/uploads\/vale-products_0000_UV-SVP-Hero-1536x1024-2.jpg","type":"","width":"","height":""}],"twitter_card":"summary_large_image","twitter_misc":{"Szacowany czas czytania":"1 minuta"},"schema":{"@context":"https:\/\/schema.org","@graph":[{"@type":"WebPage","@id":"http:\/\/escort-technology.com\/en\/miernik-predkosci-valeport-uv-svp\/","url":"http:\/\/escort-technology.com\/en\/miernik-predkosci-valeport-uv-svp\/","name":"Miernik pr\u0119dko\u015bci Valeport UV-SVP - ESCORT TECHNOLOGY","isPartOf":{"@id":"http:\/\/escort-technology.com\/de\/#website"},"datePublished":"2018-05-23T06:37:36+00:00","dateModified":"2020-10-05T13:26:30+00:00","breadcrumb":{"@id":"http:\/\/escort-technology.com\/en\/miernik-predkosci-valeport-uv-svp\/#breadcrumb"},"inLanguage":"pl-PL","potentialAction":[{"@type":"ReadAction","target":["http:\/\/escort-technology.com\/en\/miernik-predkosci-valeport-uv-svp\/"]}]},{"@type":"BreadcrumbList","@id":"http:\/\/escort-technology.com\/en\/miernik-predkosci-valeport-uv-svp\/#breadcrumb","itemListElement":[{"@type":"ListItem","position":1,"name":"Strona g\u0142\u00f3wna","item":"https:\/\/escort-technology.com\/"},{"@type":"ListItem","position":2,"name":"Miernik pr\u0119dko\u015bci Valeport UV-SVP"}]},{"@type":"WebSite","@id":"http:\/\/escort-technology.com\/de\/#website","url":"http:\/\/escort-technology.com\/de\/","name":"ESCORT TECHNOLOGY","description":"Elektronika morska i l\u0105dowa","publisher":{"@id":"http:\/\/escort-technology.com\/de\/#organization"},"potentialAction":[{"@type":"SearchAction","target":{"@type":"EntryPoint","urlTemplate":"http:\/\/escort-technology.com\/de\/?s={search_term_string}"},"query-input":{"@type":"PropertyValueSpecification","valueRequired":true,"valueName":"search_term_string"}}],"inLanguage":"pl-PL"},{"@type":"Organization","@id":"http:\/\/escort-technology.com\/de\/#organization","name":"ESCORT TECHNOLOGY","url":"http:\/\/escort-technology.com\/de\/","logo":{"@type":"ImageObject","inLanguage":"pl-PL","@id":"http:\/\/escort-technology.com\/de\/#\/schema\/logo\/image\/","url":"https:\/\/escort-technology.com\/wp-content\/uploads\/logo-1.jpg","contentUrl":"https:\/\/escort-technology.com\/wp-content\/uploads\/logo-1.jpg","width":600,"height":165,"caption":"ESCORT TECHNOLOGY"},"image":{"@id":"http:\/\/escort-technology.com\/de\/#\/schema\/logo\/image\/"},"sameAs":["https:\/\/www.facebook.com\/elektronika.morska\/","https:\/\/www.linkedin.com\/company\/escort-sp-z-o-o-\/"]}]}},"_links":{"self":[{"href":"https:\/\/escort-technology.com\/pl\/wp-json\/wp\/v2\/pages\/3951","targetHints":{"allow":["GET"]}}],"collection":[{"href":"https:\/\/escort-technology.com\/pl\/wp-json\/wp\/v2\/pages"}],"about":[{"href":"https:\/\/escort-technology.com\/pl\/wp-json\/wp\/v2\/types\/page"}],"author":[{"embeddable":true,"href":"https:\/\/escort-technology.com\/pl\/wp-json\/wp\/v2\/users\/6"}],"replies":[{"embeddable":true,"href":"https:\/\/escort-technology.com\/pl\/wp-json\/wp\/v2\/comments?post=3951"}],"version-history":[{"count":3,"href":"https:\/\/escort-technology.com\/pl\/wp-json\/wp\/v2\/pages\/3951\/revisions"}],"predecessor-version":[{"id":7287,"href":"https:\/\/escort-technology.com\/pl\/wp-json\/wp\/v2\/pages\/3951\/revisions\/7287"}],"wp:attachment":[{"href":"https:\/\/escort-technology.com\/pl\/wp-json\/wp\/v2\/media?parent=3951"}],"curies":[{"name":"wp","href":"https:\/\/api.w.org\/{rel}","templated":true}]}}