{"id":3955,"date":"2018-05-23T06:38:10","date_gmt":"2018-05-23T06:38:10","guid":{"rendered":"http:\/\/escort-technology.com\/?page_id=3955"},"modified":"2020-10-20T09:05:46","modified_gmt":"2020-10-20T07:05:46","slug":"profilomierz-valeport-swift-svp","status":"publish","type":"page","link":"https:\/\/escort-technology.com\/pl\/profilomierz-valeport-swift-svp\/","title":{"rendered":"Profilomierz Valeport SWiFT SVP"},"content":{"rendered":"<h2>Profilomierz Valeport SWiFT SVP<\/h2>\n<hr>\n<p><img decoding=\"async\" src=\"wp-content\/uploads\/SWiFT-SVP-blue-Hero-1-2048x1365-1.jpg\" alt=\"\"><\/p>\n<div>\n<h1>SWiFT SVP, zaprojektowany do u\u017cytku dla przybrze\u017cnych, portowych i \u015br\u00f3dl\u0105dowych bada\u0144 hydrograficznych, sprawia, \u017ce p\u0142ynny przep\u0142yw pracy staje si\u0119 rzeczywisto\u015bci\u0105 w kompaktowej, solidnej i przeno\u015bnej obudowie.<\/h1>\n<p>Czujnik SWiFT SVP posiada wbudowany GPS do lokalizacji ka\u017cdego profilu. Nowa kompaktowa jednostka jest wyposa\u017cona w czujniki SV, ci\u015bnienia i temperatury, jak r\u00f3wnie\u017c zintegrowany GPS, akumulator do ponownego \u0142adowania, wska\u017aniki LED dla GPS, baterii i komunikacji. Dane mog\u0105 by\u0107 \u0142atwo i szybko pobierane, sprawdzane i t\u0142umaczone na popularne formaty SVP, bezprzewodowo za po\u015brednictwem technologii Bluetooth, przy u\u017cyciu aplikacji SWiFT na urz\u0105dzeniach z iOS, gdzie dane mog\u0105 by\u0107 natychmiast udost\u0119pniane za po\u015brednictwem us\u0142ug FTP, poczty elektronicznej i us\u0142ug typu cloud. Nasze standardowe oprogramowanie DataLog X2 do komputer\u00f3w PC b\u0119dzie r\u00f3wnie\u017c obs\u0142ugiwa\u0107 oprogramowanie SWiFT. Dzi\u0119ki trwa\u0142o\u015bci akumulatora (nawet do jednego tygodnia) oraz \u0142atwemu \u0142adowaniu przez USB SWiFT.\u00a0 Urz\u0105dzenie SVP jest przeznaczone do zastosowa\u0144 hydrograficznych przybrze\u017cnych, portowych i \u015br\u00f3dl\u0105dowych oraz oferuje najwy\u017cszej jako\u015bci profile pr\u0119dko\u015bci d\u017awi\u0119ku w kompaktowej, wytrzyma\u0142ej i przeno\u015bnej obudowie.<\/p>\n<\/div>\n<p><img decoding=\"async\" src=\"wp-content\/uploads\/SWiFT-SVP-blue-Additional-4-800x660-1.jpg\" alt=\"\"><br \/>\n<img decoding=\"async\" src=\"wp-content\/uploads\/SWiFT-SVP-in-TC-Additional-1-800x660-1.jpg\" alt=\"\"><\/p>\n<div>\n<div>\n<div class=\"uk-section-default uk-section\">\n<div class=\"uk-container\">\n<div class=\"uk-grid-margin uk-grid uk-grid-stack\" uk-grid=\"\">\n<div class=\"uk-width-1-1@m uk-first-column\">\n<div class=\"uk-card uk-card-secondary uk-card-body uk-margin\">\n<div class=\"el-content uk-margin\">\n<h3 style=\"text-align: center;\"><strong>Do pobrania<\/strong><\/h3>\n<p><a href=\"https:\/\/www.valeport.co.uk\/content\/uploads\/2020\/04\/SWiFT-SVP-Datasheet-April-2020.pdf\">Karta katalogowa SWiFT SVP<\/a><\/p>\n<p><a href=\"https:\/\/www.valeport.co.uk\/content\/uploads\/2020\/03\/SWiFT-SVP-SWiFTplus-Operating-Manual-0660879g.pdf\">Instrukcja obs\u0142ugi miniCTD<\/a><\/p>\n<p><a href=\"https:\/\/www.valeport.co.uk\/content\/uploads\/2020\/03\/Connect-Software-Operating-Manual-8500800b.pdf\">Instrukcja oprogramowania<\/a><\/p>\n<\/div>\n<\/div>\n<\/div>\n<\/div>\n<\/div>\n<\/div>\n<\/div>\n<\/div>\n<p><!-- {\"name\":\"\",\"type\":\"layout\",\"children\":[{\"name\":\"ANTENA\",\"type\":\"section\",\"props\":{\"width\":\"default\",\"padding\":\"xsmall\",\"style\":\"default\",\"text_color\":\"\",\"media\":\"\",\"height_viewport\":false,\"header_overlay\":\"light\",\"animation\":\"slide-top-medium\",\"padding_remove_top\":false,\"image_size\":\"cover\",\"image\":\"\",\"image_position\":\"bottom-center\",\"image_fixed\":false,\"class\":\"\",\"overlap\":true,\"vertical_align\":\"middle\",\"title_position\":\"top-left\",\"title_rotation\":\"left\",\"title_breakpoint\":\"xl\",\"image_effect\":\"\"},\"children\":[{\"name\":\"\",\"type\":\"row\",\"props\":{\"layout\":\"1-1\",\"breakpoint\":\"m\",\"margin\":\"\",\"fixed_width\":\"large\"},\"children\":[{\"name\":\"\",\"type\":\"column\",\"props\":{\"image_position\":\"center-center\",\"widths\":[\"1-1\"]},\"children\":[{\"name\":\"\",\"type\":\"headline\",\"props\":{\"title_element\":\"h2\",\"content\":\"Profilomierz Valeport SWiFT SVP\",\"text_align\":\"center\",\"text_align_fallback\":\"center\",\"maxwidth_align\":\"center\",\"maxwidth\":\"\",\"title_style\":\"h2\",\"title_decoration\":\"\",\"margin\":\"\"}},{\"name\":\"\",\"type\":\"divider\",\"props\":{\"divider_element\":\"hr\"}},{\"type\":\"image\",\"props\":{\"margin\":\"default\",\"link_target\":\"\",\"image_border\":\"\",\"image_box_shadow\":\"\",\"image_hover_box_shadow\":\"\",\"image_box_decoration\":\"\",\"text_align\":\"\",\"text_align_breakpoint\":\"\",\"text_align_fallback\":\"\",\"maxwidth\":\"\",\"maxwidth_align\":\"\",\"maxwidth_breakpoint\":\"\",\"animation\":\"\",\"visibility\":\"\",\"image\":\"wp-content\\\/uploads\\\/SWiFT-SVP-blue-Hero-1-2048x1365-1.jpg\",\"image_width\":\"1500\",\"image_height\":\"500\"}}]}]},{\"name\":\"\",\"type\":\"row\",\"props\":{\"fixed_width\":\"large\",\"breakpoint\":\"m\",\"layout\":\",\",\"margin\":\"medium\",\"gutter\":\"\",\"width\":\"\",\"height\":\"\"},\"children\":[{\"name\":\"\",\"type\":\"column\",\"props\":{\"widths\":[\"\"],\"image_position\":\"center-center\"},\"children\":[{\"type\":\"text\",\"props\":{\"margin\":\"default\",\"column_breakpoint\":\"m\",\"text_style\":\"\",\"text_color\":\"\",\"text_size\":\"\",\"column\":\"\",\"text_align\":\"left\",\"text_align_breakpoint\":\"\",\"text_align_fallback\":\"\",\"maxwidth\":\"\",\"maxwidth_align\":\"\",\"maxwidth_breakpoint\":\"\",\"animation\":\"none\",\"visibility\":\"\",\"content\":\"\n\n<h1>SWiFT SVP, zaprojektowany do u\\u017cytku dla przybrze\\u017cnych, portowych i \\u015br\\u00f3dl\\u0105dowych bada\\u0144 hydrograficznych, sprawia, \\u017ce p\\u0142ynny przep\\u0142yw pracy staje si\\u0119 rzeczywisto\\u015bci\\u0105 w kompaktowej, solidnej i przeno\\u015bnej obudowie.<\\\/h1>\\n\n\n<p>Czujnik SWiFT SVP posiada wbudowany GPS do lokalizacji ka\\u017cdego profilu. Nowa kompaktowa jednostka jest wyposa\\u017cona w czujniki SV, ci\\u015bnienia i temperatury, jak r\\u00f3wnie\\u017c zintegrowany GPS, akumulator do ponownego \\u0142adowania, wska\\u017aniki LED dla GPS, baterii i komunikacji. Dane mog\\u0105 by\\u0107 \\u0142atwo i szybko pobierane, sprawdzane i t\\u0142umaczone na popularne formaty SVP, bezprzewodowo za po\\u015brednictwem technologii Bluetooth, przy u\\u017cyciu aplikacji SWiFT na urz\\u0105dzeniach z iOS, gdzie dane mog\\u0105 by\\u0107 natychmiast udost\\u0119pniane za po\\u015brednictwem us\\u0142ug FTP, poczty elektronicznej i us\\u0142ug typu cloud. Nasze standardowe oprogramowanie DataLog X2 do komputer\\u00f3w PC b\\u0119dzie r\\u00f3wnie\\u017c obs\\u0142ugiwa\\u0107 oprogramowanie SWiFT. Dzi\\u0119ki trwa\\u0142o\\u015bci akumulatora (nawet do jednego tygodnia) oraz \\u0142atwemu \\u0142adowaniu przez USB SWiFT.\\u00a0 Urz\\u0105dzenie SVP jest przeznaczone do zastosowa\\u0144 hydrograficznych przybrze\\u017cnych, portowych i \\u015br\\u00f3dl\\u0105dowych oraz oferuje najwy\\u017cszej jako\\u015bci profile pr\\u0119dko\\u015bci d\\u017awi\\u0119ku w kompaktowej, wytrzyma\\u0142ej i przeno\\u015bnej obudowie.<\\\/p>\",\"margin_remove_top\":false}},{\"type\":\"image\",\"props\":{\"margin\":\"default\",\"link_target\":\"\",\"image_border\":\"\",\"image_box_shadow\":\"\",\"image_hover_box_shadow\":\"\",\"image_box_decoration\":\"\",\"text_align\":\"\",\"text_align_breakpoint\":\"\",\"text_align_fallback\":\"\",\"maxwidth\":\"\",\"maxwidth_align\":\"\",\"maxwidth_breakpoint\":\"\",\"animation\":\"\",\"visibility\":\"\",\"image\":\"wp-content\\\/uploads\\\/SWiFT-SVP-blue-Additional-4-800x660-1.jpg\"}}]},{\"name\":\"\",\"type\":\"column\",\"props\":{\"widths\":[\"\"],\"image_position\":\"center-center\"},\"children\":[{\"type\":\"image\",\"props\":{\"margin\":\"default\",\"link_target\":\"\",\"image_border\":\"\",\"image_box_shadow\":\"\",\"image_hover_box_shadow\":\"\",\"image_box_decoration\":\"\",\"text_align\":\"\",\"text_align_breakpoint\":\"\",\"text_align_fallback\":\"\",\"maxwidth\":\"\",\"maxwidth_align\":\"\",\"maxwidth_breakpoint\":\"\",\"animation\":\"\",\"visibility\":\"\",\"image\":\"wp-content\\\/uploads\\\/SWiFT-SVP-in-TC-Additional-1-800x660-1.jpg\"}}]}]},{\"name\":\"\",\"type\":\"row\",\"props\":{\"fixed_width\":\"large\",\"breakpoint\":\"m\",\"layout\":\"1-1\",\"margin\":\"large\"},\"children\":[{\"name\":\"\",\"type\":\"column\",\"props\":{\"image_position\":\"center-center\",\"widths\":[\"1-1\"]},\"children\":[{\"type\":\"panel\",\"props\":{\"link_text\":\"Read more\",\"title_element\":\"h3\",\"meta_style\":\"meta\",\"meta_align\":\"bottom\",\"icon_ratio\":4,\"image_align\":\"top\",\"image_grid_width\":\"1-2\",\"image_breakpoint\":\"m\",\"link_style\":\"default\",\"margin\":\"default\",\"panel_style\":\"\",\"panel_size\":\"\",\"title_style\":\"\",\"title_decoration\":\"\",\"title_color\":\"\",\"meta_color\":\"\",\"meta_margin\":\"\",\"content_style\":\"\",\"image_border\":\"\",\"image_box_shadow\":\"\",\"image_hover_box_shadow\":\"\",\"image_box_decoration\":\"\",\"icon_color\":\"\",\"image_gutter\":\"\",\"link_size\":\"\",\"text_align\":\"\",\"text_align_breakpoint\":\"\",\"text_align_fallback\":\"\",\"maxwidth\":\"\",\"maxwidth_align\":\"\",\"maxwidth_breakpoint\":\"\",\"animation\":\"\",\"visibility\":\"\",\"content\":\"\n\n<div class=\\\"uk-section-default uk-section\\\">\\n\n\n<div class=\\\"uk-container\\\">\\n\n\n<div class=\\\"uk-grid-margin uk-grid uk-grid-stack\\\" uk-grid=\\\"\\\">\\n\n\n<div class=\\\"uk-width-1-1@m uk-first-column\\\">\\n\n\n<div class=\\\"uk-card uk-card-secondary uk-card-body uk-margin\\\">\\n\n\n<div class=\\\"el-content uk-margin\\\">\\n\n\n<h3 style=\\\"text-align: center;\\\"><strong>Do pobrania<\\\/strong><\\\/h3>\\n\n\n<p><a href=\\\"https:\\\/\\\/www.valeport.co.uk\\\/content\\\/uploads\\\/2020\\\/04\\\/SWiFT-SVP-Datasheet-April-2020.pdf\\\">Karta katalogowa SWiFT SVP<\\\/a><\\\/p>\\n\n\n<p><a href=\\\"https:\\\/\\\/www.valeport.co.uk\\\/content\\\/uploads\\\/2020\\\/03\\\/SWiFT-SVP-SWiFTplus-Operating-Manual-0660879g.pdf\\\">Instrukcja obs\\u0142ugi miniCTD<\\\/a><\\\/p>\\n\n\n<p><a href=\\\"https:\\\/\\\/www.valeport.co.uk\\\/content\\\/uploads\\\/2020\\\/03\\\/Connect-Software-Operating-Manual-8500800b.pdf\\\">Instrukcja oprogramowania<\\\/a><\\\/p>\\n<\\\/div>\\n<\\\/div>\\n<\\\/div>\\n<\\\/div>\\n<\\\/div>\\n<\\\/div>\"}}]}]}]}],\"props\":[],\"version\":\"1.18.0\"} --><\/p>\n","protected":false},"excerpt":{"rendered":"<p>Profilomierz Valeport SWiFT SVP SWiFT SVP, zaprojektowany do u\u017cytku dla przybrze\u017cnych, portowych i \u015br\u00f3dl\u0105dowych bada\u0144 hydrograficznych, sprawia, \u017ce p\u0142ynny przep\u0142yw pracy staje si\u0119 rzeczywisto\u015bci\u0105 w kompaktowej, solidnej i przeno\u015bnej obudowie. Czujnik SWiFT SVP posiada wbudowany GPS do lokalizacji ka\u017cdego profilu. Nowa kompaktowa jednostka jest wyposa\u017cona w czujniki SV, ci\u015bnienia i temperatury, jak r\u00f3wnie\u017c zintegrowany GPS, [&hellip;]<\/p>\n","protected":false},"author":6,"featured_media":0,"parent":0,"menu_order":0,"comment_status":"closed","ping_status":"closed","template":"","meta":{"footnotes":""},"class_list":["post-3955","page","type-page","status-publish","hentry"],"yoast_head":"<!-- This site is optimized with the Yoast SEO plugin v27.5 - https:\/\/yoast.com\/product\/yoast-seo-wordpress\/ -->\n<title>Profilomierz Valeport SWiFT SVP - ESCORT TECHNOLOGY<\/title>\n<meta name=\"robots\" content=\"index, follow, max-snippet:-1, max-image-preview:large, max-video-preview:-1\" \/>\n<link rel=\"canonical\" href=\"http:\/\/escort-technology.com\/pl\/de\/profilomierz-valeport-swift-svp\/\" \/>\n<meta property=\"og:locale\" content=\"pl_PL\" \/>\n<meta property=\"og:type\" content=\"article\" \/>\n<meta property=\"og:title\" content=\"Profilomierz Valeport SWiFT SVP - ESCORT TECHNOLOGY\" \/>\n<meta property=\"og:description\" content=\"Profilomierz Valeport SWiFT SVP SWiFT SVP, zaprojektowany do u\u017cytku dla przybrze\u017cnych, portowych i \u015br\u00f3dl\u0105dowych bada\u0144 hydrograficznych, sprawia, \u017ce p\u0142ynny przep\u0142yw pracy staje si\u0119 rzeczywisto\u015bci\u0105 w kompaktowej, solidnej i przeno\u015bnej obudowie. Czujnik SWiFT SVP posiada wbudowany GPS do lokalizacji ka\u017cdego profilu. Nowa kompaktowa jednostka jest wyposa\u017cona w czujniki SV, ci\u015bnienia i temperatury, jak r\u00f3wnie\u017c zintegrowany GPS, [&hellip;]\" \/>\n<meta property=\"og:url\" content=\"http:\/\/escort-technology.com\/pl\/de\/profilomierz-valeport-swift-svp\/\" \/>\n<meta property=\"og:site_name\" content=\"ESCORT TECHNOLOGY\" \/>\n<meta property=\"article:publisher\" content=\"https:\/\/www.facebook.com\/elektronika.morska\/\" \/>\n<meta property=\"article:modified_time\" content=\"2020-10-20T07:05:46+00:00\" \/>\n<meta property=\"og:image\" content=\"http:\/\/wp-content\/uploads\/SWiFT-SVP-blue-Hero-1-2048x1365-1.jpg\" \/>\n<meta name=\"twitter:card\" content=\"summary_large_image\" \/>\n<meta name=\"twitter:label1\" content=\"Szacowany czas czytania\" \/>\n\t<meta name=\"twitter:data1\" content=\"1 minuta\" \/>\n<script type=\"application\/ld+json\" class=\"yoast-schema-graph\">{\"@context\":\"https:\\\/\\\/schema.org\",\"@graph\":[{\"@type\":\"WebPage\",\"@id\":\"http:\\\/\\\/escort-technology.com\\\/de\\\/profilomierz-valeport-swift-svp\\\/\",\"url\":\"http:\\\/\\\/escort-technology.com\\\/de\\\/profilomierz-valeport-swift-svp\\\/\",\"name\":\"Profilomierz Valeport SWiFT SVP - ESCORT TECHNOLOGY\",\"isPartOf\":{\"@id\":\"http:\\\/\\\/escort-technology.com\\\/de\\\/#website\"},\"datePublished\":\"2018-05-23T06:38:10+00:00\",\"dateModified\":\"2020-10-20T07:05:46+00:00\",\"breadcrumb\":{\"@id\":\"http:\\\/\\\/escort-technology.com\\\/de\\\/profilomierz-valeport-swift-svp\\\/#breadcrumb\"},\"inLanguage\":\"pl-PL\",\"potentialAction\":[{\"@type\":\"ReadAction\",\"target\":[\"http:\\\/\\\/escort-technology.com\\\/de\\\/profilomierz-valeport-swift-svp\\\/\"]}]},{\"@type\":\"BreadcrumbList\",\"@id\":\"http:\\\/\\\/escort-technology.com\\\/de\\\/profilomierz-valeport-swift-svp\\\/#breadcrumb\",\"itemListElement\":[{\"@type\":\"ListItem\",\"position\":1,\"name\":\"Strona g\u0142\u00f3wna\",\"item\":\"https:\\\/\\\/escort-technology.com\\\/\"},{\"@type\":\"ListItem\",\"position\":2,\"name\":\"Profilomierz Valeport SWiFT SVP\"}]},{\"@type\":\"WebSite\",\"@id\":\"http:\\\/\\\/escort-technology.com\\\/de\\\/#website\",\"url\":\"http:\\\/\\\/escort-technology.com\\\/de\\\/\",\"name\":\"ESCORT TECHNOLOGY\",\"description\":\"Elektronika morska i l\u0105dowa\",\"publisher\":{\"@id\":\"http:\\\/\\\/escort-technology.com\\\/de\\\/#organization\"},\"potentialAction\":[{\"@type\":\"SearchAction\",\"target\":{\"@type\":\"EntryPoint\",\"urlTemplate\":\"http:\\\/\\\/escort-technology.com\\\/de\\\/?s={search_term_string}\"},\"query-input\":{\"@type\":\"PropertyValueSpecification\",\"valueRequired\":true,\"valueName\":\"search_term_string\"}}],\"inLanguage\":\"pl-PL\"},{\"@type\":\"Organization\",\"@id\":\"http:\\\/\\\/escort-technology.com\\\/de\\\/#organization\",\"name\":\"ESCORT TECHNOLOGY\",\"url\":\"http:\\\/\\\/escort-technology.com\\\/de\\\/\",\"logo\":{\"@type\":\"ImageObject\",\"inLanguage\":\"pl-PL\",\"@id\":\"http:\\\/\\\/escort-technology.com\\\/de\\\/#\\\/schema\\\/logo\\\/image\\\/\",\"url\":\"https:\\\/\\\/escort-technology.com\\\/wp-content\\\/uploads\\\/logo-1.jpg\",\"contentUrl\":\"https:\\\/\\\/escort-technology.com\\\/wp-content\\\/uploads\\\/logo-1.jpg\",\"width\":600,\"height\":165,\"caption\":\"ESCORT TECHNOLOGY\"},\"image\":{\"@id\":\"http:\\\/\\\/escort-technology.com\\\/de\\\/#\\\/schema\\\/logo\\\/image\\\/\"},\"sameAs\":[\"https:\\\/\\\/www.facebook.com\\\/elektronika.morska\\\/\",\"https:\\\/\\\/www.linkedin.com\\\/company\\\/escort-sp-z-o-o-\\\/\"]}]}<\/script>\n<!-- \/ Yoast SEO plugin. -->","yoast_head_json":{"title":"Profilomierz Valeport SWiFT SVP - ESCORT TECHNOLOGY","robots":{"index":"index","follow":"follow","max-snippet":"max-snippet:-1","max-image-preview":"max-image-preview:large","max-video-preview":"max-video-preview:-1"},"canonical":"http:\/\/escort-technology.com\/pl\/de\/profilomierz-valeport-swift-svp\/","og_locale":"pl_PL","og_type":"article","og_title":"Profilomierz Valeport SWiFT SVP - ESCORT TECHNOLOGY","og_description":"Profilomierz Valeport SWiFT SVP SWiFT SVP, zaprojektowany do u\u017cytku dla przybrze\u017cnych, portowych i \u015br\u00f3dl\u0105dowych bada\u0144 hydrograficznych, sprawia, \u017ce p\u0142ynny przep\u0142yw pracy staje si\u0119 rzeczywisto\u015bci\u0105 w kompaktowej, solidnej i przeno\u015bnej obudowie. Czujnik SWiFT SVP posiada wbudowany GPS do lokalizacji ka\u017cdego profilu. Nowa kompaktowa jednostka jest wyposa\u017cona w czujniki SV, ci\u015bnienia i temperatury, jak r\u00f3wnie\u017c zintegrowany GPS, [&hellip;]","og_url":"http:\/\/escort-technology.com\/pl\/de\/profilomierz-valeport-swift-svp\/","og_site_name":"ESCORT TECHNOLOGY","article_publisher":"https:\/\/www.facebook.com\/elektronika.morska\/","article_modified_time":"2020-10-20T07:05:46+00:00","og_image":[{"url":"wp-content\/uploads\/SWiFT-SVP-blue-Hero-1-2048x1365-1.jpg","type":"","width":"","height":""}],"twitter_card":"summary_large_image","twitter_misc":{"Szacowany czas czytania":"1 minuta"},"schema":{"@context":"https:\/\/schema.org","@graph":[{"@type":"WebPage","@id":"http:\/\/escort-technology.com\/de\/profilomierz-valeport-swift-svp\/","url":"http:\/\/escort-technology.com\/de\/profilomierz-valeport-swift-svp\/","name":"Profilomierz Valeport SWiFT SVP - ESCORT TECHNOLOGY","isPartOf":{"@id":"http:\/\/escort-technology.com\/de\/#website"},"datePublished":"2018-05-23T06:38:10+00:00","dateModified":"2020-10-20T07:05:46+00:00","breadcrumb":{"@id":"http:\/\/escort-technology.com\/de\/profilomierz-valeport-swift-svp\/#breadcrumb"},"inLanguage":"pl-PL","potentialAction":[{"@type":"ReadAction","target":["http:\/\/escort-technology.com\/de\/profilomierz-valeport-swift-svp\/"]}]},{"@type":"BreadcrumbList","@id":"http:\/\/escort-technology.com\/de\/profilomierz-valeport-swift-svp\/#breadcrumb","itemListElement":[{"@type":"ListItem","position":1,"name":"Strona g\u0142\u00f3wna","item":"https:\/\/escort-technology.com\/"},{"@type":"ListItem","position":2,"name":"Profilomierz Valeport SWiFT SVP"}]},{"@type":"WebSite","@id":"http:\/\/escort-technology.com\/de\/#website","url":"http:\/\/escort-technology.com\/de\/","name":"ESCORT TECHNOLOGY","description":"Elektronika morska i l\u0105dowa","publisher":{"@id":"http:\/\/escort-technology.com\/de\/#organization"},"potentialAction":[{"@type":"SearchAction","target":{"@type":"EntryPoint","urlTemplate":"http:\/\/escort-technology.com\/de\/?s={search_term_string}"},"query-input":{"@type":"PropertyValueSpecification","valueRequired":true,"valueName":"search_term_string"}}],"inLanguage":"pl-PL"},{"@type":"Organization","@id":"http:\/\/escort-technology.com\/de\/#organization","name":"ESCORT TECHNOLOGY","url":"http:\/\/escort-technology.com\/de\/","logo":{"@type":"ImageObject","inLanguage":"pl-PL","@id":"http:\/\/escort-technology.com\/de\/#\/schema\/logo\/image\/","url":"https:\/\/escort-technology.com\/wp-content\/uploads\/logo-1.jpg","contentUrl":"https:\/\/escort-technology.com\/wp-content\/uploads\/logo-1.jpg","width":600,"height":165,"caption":"ESCORT TECHNOLOGY"},"image":{"@id":"http:\/\/escort-technology.com\/de\/#\/schema\/logo\/image\/"},"sameAs":["https:\/\/www.facebook.com\/elektronika.morska\/","https:\/\/www.linkedin.com\/company\/escort-sp-z-o-o-\/"]}]}},"_links":{"self":[{"href":"https:\/\/escort-technology.com\/pl\/wp-json\/wp\/v2\/pages\/3955","targetHints":{"allow":["GET"]}}],"collection":[{"href":"https:\/\/escort-technology.com\/pl\/wp-json\/wp\/v2\/pages"}],"about":[{"href":"https:\/\/escort-technology.com\/pl\/wp-json\/wp\/v2\/types\/page"}],"author":[{"embeddable":true,"href":"https:\/\/escort-technology.com\/pl\/wp-json\/wp\/v2\/users\/6"}],"replies":[{"embeddable":true,"href":"https:\/\/escort-technology.com\/pl\/wp-json\/wp\/v2\/comments?post=3955"}],"version-history":[{"count":4,"href":"https:\/\/escort-technology.com\/pl\/wp-json\/wp\/v2\/pages\/3955\/revisions"}],"predecessor-version":[{"id":7526,"href":"https:\/\/escort-technology.com\/pl\/wp-json\/wp\/v2\/pages\/3955\/revisions\/7526"}],"wp:attachment":[{"href":"https:\/\/escort-technology.com\/pl\/wp-json\/wp\/v2\/media?parent=3955"}],"curies":[{"name":"wp","href":"https:\/\/api.w.org\/{rel}","templated":true}]}}