{"id":3965,"date":"2018-05-23T06:39:32","date_gmt":"2018-05-23T06:39:32","guid":{"rendered":"http:\/\/escort-technology.com\/?page_id=3965"},"modified":"2018-05-23T07:13:41","modified_gmt":"2018-05-23T07:13:41","slug":"valeport-monitor-svp-profil-predkosci-dzwieku","status":"publish","type":"page","link":"https:\/\/escort-technology.com\/pl\/valeport-monitor-svp-profil-predkosci-dzwieku\/","title":{"rendered":"Valeport Monitor SVP Profil pr\u0119dko\u015bci d\u017awi\u0119ku"},"content":{"rendered":"<p>Valeport Monitor SVP Profil pr\u0119dko\u015bci d\u017awi\u0119ku<\/p>\n<p>Monitor SVP s\u0142u\u017c\u0105cy do zbierania profili pr\u0119dko\u015bci d\u017awi\u0119ku w wodzie firmy Valeport. Wykorzystuje cyfrow\u0105 technologi\u0119 &#8222;time of flight&#8221; oraz technologi\u0119 synchronizacji pr\u00f3bek, a przy tym jest ma\u0142y i lekki. Przeznaczony do wykorzystania na ma\u0142ych \u0142\u00f3dkach i p\u0142ytkich akwenach.<\/p>\n<p>Pr\u0119dko\u015b\u0107 d\u017awi\u0119ku<br \/>\n\u00a0<\/p>\n<p>Zakres:<br \/>\n1400 &#8211; 1600m\/s standard<\/p>\n<p>Rozdzielczo\u015b\u0107:<br \/>\n0.001m\/s<\/p>\n<p>Dok\u0142adno\u015b\u0107:<br \/>\n\u00b10,06m\/s<\/p>\n<p>\u00a0<br \/>\n\u00a0<\/p>\n<p>Temperatura<br \/>\n\u00a0<\/p>\n<p>Zakres:<br \/>\n-5\u00b0C do +35\u00b0C<\/p>\n<p>Rozdzielczo\u015b\u0107:<br \/>\n0.001\u00b0C<\/p>\n<p>Dok\u0142adno\u015b\u0107:<br \/>\n\u00b10,01\u00b0C<\/p>\n<p>\u00a0<br \/>\n\u00a0<\/p>\n<p>Ci\u015bnienie<br \/>\n\u00a0<\/p>\n<p>Zakres:<br \/>\n50 Bar standard<\/p>\n<p>Rozdzielczo\u015b\u0107:<br \/>\n0,001 % zakresu<\/p>\n<p>Dok\u0142adno\u015b\u0107:<br \/>\n\u00b10,05% zakresu<\/p>\n<p>\u00a0<br \/>\n\u00a0<\/p>\n<p>Komunikacja<br \/>\n\u00a0<\/p>\n<p>Format danych:<br \/>\nRS232, RS485 lub RS422, USB (opcja)<\/p>\n<p>\u00a0<br \/>\n\u00a0<\/p>\n<p>Zasilanie<br \/>\n\u00a0<\/p>\n<p>Zasilanie:<br \/>\nwewn\u0119trzne: 1,5V DC lub 3,6V DC<\/p>\n<p>\u00a0<br \/>\nzewn\u0119trzne: 9 &#8211; 30V DC<\/p>\n<p>Pob\u00f3r mocy:<br \/>\n0,6W (sampling), &lt;1mW (standby)<\/p>\n<p>Z\u0142\u0105cze:<br \/>\nSubconn MCBH10F<\/p>\n<p>\u00a0<br \/>\n\u00a0<\/p>\n<p>Dane fizyczne<br \/>\n\u00a0<\/p>\n<p>Max zanu\u017cenie pracy<br \/>\n500m<\/p>\n<p>Waga:<br \/>\n7,5kg w powietrzu;\u00a0 4,5kg w wodzie<\/p>\n<p>BROSZURA<\/p>\n<p><!-- {\"name\":\"\",\"type\":\"layout\",\"children\":[{\"name\":\"ANTENA\",\"type\":\"section\",\"props\":{\"width\":\"default\",\"padding\":\"xsmall\",\"style\":\"default\",\"text_color\":\"\",\"media\":\"\",\"height_viewport\":false,\"header_overlay\":\"light\",\"animation\":\"slide-top-medium\",\"padding_remove_top\":false,\"image_size\":\"cover\",\"image\":\"\",\"image_position\":\"bottom-center\",\"image_fixed\":false,\"class\":\"\",\"overlap\":true,\"vertical_align\":\"middle\",\"title_position\":\"top-left\",\"title_rotation\":\"left\",\"title_breakpoint\":\"xl\"},\"children\":[{\"name\":\"\",\"type\":\"row\",\"props\":{\"layout\":\"1-1\",\"breakpoint\":\"m\",\"margin\":\"\",\"fixed_width\":\"large\"},\"children\":[{\"name\":\"\",\"type\":\"column\",\"props\":{\"image_position\":\"center-center\",\"widths\":[\"1-1\"]},\"children\":[{\"name\":\"\",\"type\":\"headline\",\"props\":{\"title_element\":\"h2\",\"content\":\"Valeport Monitor SVP Profil pr\\u0119dko\\u015bci d\\u017awi\\u0119ku\",\"text_align\":\"center\",\"text_align_fallback\":\"center\",\"maxwidth_align\":\"center\",\"maxwidth\":\"\",\"title_style\":\"h2\",\"title_decoration\":\"\",\"margin\":\"\"}},{\"name\":\"\",\"type\":\"divider\",\"props\":{\"divider_element\":\"hr\"}}]}]},{\"name\":\"\",\"type\":\"row\",\"props\":{\"fixed_width\":\"large\",\"breakpoint\":\"m\",\"layout\":\",2-3\",\"margin\":\"medium\"},\"children\":[{\"name\":\"\",\"type\":\"column\",\"props\":{\"widths\":[\"\"],\"image_position\":\"center-center\"},\"children\":[{\"name\":\"\",\"type\":\"image\",\"props\":{\"margin\":\"default\",\"image\":\"wp-content\\\/uploads\\\/Valeport_MONITOR_SVP.jpg\",\"image_width\":\"300\",\"image_box_shadow\":\"\",\"image_border\":\"rounded\",\"text_align\":\"center\"}}]},{\"name\":\"\",\"type\":\"column\",\"props\":{\"widths\":[\"2-3\"],\"image_position\":\"center-center\"},\"children\":[{\"name\":\"\",\"type\":\"text\",\"props\":{\"column_breakpoint\":\"m\",\"margin\":\"medium\",\"content\":\"\n\n<p>Monitor SVP s\\u0142u\\u017c\\u0105cy do zbierania profili pr\\u0119dko\\u015bci d\\u017awi\\u0119ku w wodzie firmy Valeport. Wykorzystuje cyfrow\\u0105 technologi\\u0119 \\\"time of flight\\\" oraz technologi\\u0119 synchronizacji pr\\u00f3bek, a przy tym jest ma\\u0142y i lekki. Przeznaczony do wykorzystania na ma\\u0142ych \\u0142\\u00f3dkach i p\\u0142ytkich akwenach.<\\\/p>\\n\n\n<table border=\\\"0\\\" align=\\\"center\\\">\\n\n\n<tbody>\\n\n\n<tr>\\n\n\n<td><strong>Pr\\u0119dko\\u015b\\u0107 d\\u017awi\\u0119ku<\\\/strong><\\\/td>\\n\n\n<td>\\u00a0<\\\/td>\\n<\\\/tr>\\n\n\n<tr>\\n\n\n<td>Zakres:<\\\/td>\\n\n\n<td>1400 - 1600m\\\/s standard<\\\/td>\\n<\\\/tr>\\n\n\n<tr>\\n\n\n<td>Rozdzielczo\\u015b\\u0107:<\\\/td>\\n\n\n<td>0.001m\\\/s<\\\/td>\\n<\\\/tr>\\n\n\n<tr>\\n\n\n<td>Dok\\u0142adno\\u015b\\u0107:<\\\/td>\\n\n\n<td>\\u00b10,06m\\\/s<\\\/td>\\n<\\\/tr>\\n\n\n<tr>\\n\n\n<td>\\u00a0<\\\/td>\\n\n\n<td>\\u00a0<\\\/td>\\n<\\\/tr>\\n\n\n<tr>\\n\n\n<td><strong>Temperatura<\\\/strong><\\\/td>\\n\n\n<td>\\u00a0<\\\/td>\\n<\\\/tr>\\n\n\n<tr>\\n\n\n<td>Zakres:<\\\/td>\\n\n\n<td>-5\\u00b0C do +35\\u00b0C<\\\/td>\\n<\\\/tr>\\n\n\n<tr>\\n\n\n<td>Rozdzielczo\\u015b\\u0107:<\\\/td>\\n\n\n<td>0.001\\u00b0C<\\\/td>\\n<\\\/tr>\\n\n\n<tr>\\n\n\n<td>Dok\\u0142adno\\u015b\\u0107:<\\\/td>\\n\n\n<td>\\u00b10,01\\u00b0C<\\\/td>\\n<\\\/tr>\\n\n\n<tr>\\n\n\n<td>\\u00a0<\\\/td>\\n\n\n<td>\\u00a0<\\\/td>\\n<\\\/tr>\\n\n\n<tr>\\n\n\n<td><strong>Ci\\u015bnienie<\\\/strong><\\\/td>\\n\n\n<td>\\u00a0<\\\/td>\\n<\\\/tr>\\n\n\n<tr>\\n\n\n<td>Zakres:<\\\/td>\\n\n\n<td>50 Bar standard<\\\/td>\\n<\\\/tr>\\n\n\n<tr>\\n\n\n<td>Rozdzielczo\\u015b\\u0107:<\\\/td>\\n\n\n<td>0,001 % zakresu<\\\/td>\\n<\\\/tr>\\n\n\n<tr>\\n\n\n<td>Dok\\u0142adno\\u015b\\u0107:<\\\/td>\\n\n\n<td>\\u00b10,05% zakresu<\\\/td>\\n<\\\/tr>\\n\n\n<tr>\\n\n\n<td>\\u00a0<\\\/td>\\n\n\n<td>\\u00a0<\\\/td>\\n<\\\/tr>\\n\n\n<tr>\\n\n\n<td><strong>Komunikacja<\\\/strong><\\\/td>\\n\n\n<td>\\u00a0<\\\/td>\\n<\\\/tr>\\n\n\n<tr>\\n\n\n<td>Format danych:<\\\/td>\\n\n\n<td>RS232, RS485 lub RS422, USB (opcja)<\\\/td>\\n<\\\/tr>\\n\n\n<tr>\\n\n\n<td>\\u00a0<\\\/td>\\n\n\n<td>\\u00a0<\\\/td>\\n<\\\/tr>\\n\n\n<tr>\\n\n\n<td><strong>Zasilanie<\\\/strong><\\\/td>\\n\n\n<td>\\u00a0<\\\/td>\\n<\\\/tr>\\n\n\n<tr>\\n\n\n<td>Zasilanie:<\\\/td>\\n\n\n<td>wewn\\u0119trzne: 1,5V DC lub 3,6V DC<\\\/td>\\n<\\\/tr>\\n\n\n<tr>\\n\n\n<td>\\u00a0<\\\/td>\\n\n\n<td>zewn\\u0119trzne: 9 - 30V DC<\\\/td>\\n<\\\/tr>\\n\n\n<tr>\\n\n\n<td>Pob\\u00f3r mocy:<\\\/td>\\n\n\n<td>0,6W (sampling), &lt;1mW (standby)<\\\/td>\\n<\\\/tr>\\n\n\n<tr>\\n\n\n<td>Z\\u0142\\u0105cze:<\\\/td>\\n\n\n<td>Subconn MCBH10F<\\\/td>\\n<\\\/tr>\\n\n\n<tr>\\n\n\n<td>\\u00a0<\\\/td>\\n\n\n<td>\\u00a0<\\\/td>\\n<\\\/tr>\\n\n\n<tr>\\n\n\n<td><strong>Dane fizyczne<\\\/strong><\\\/td>\\n\n\n<td>\\u00a0<\\\/td>\\n<\\\/tr>\\n\n\n<tr>\\n\n\n<td>Max zanu\\u017cenie pracy<\\\/td>\\n\n\n<td>500m<\\\/td>\\n<\\\/tr>\\n\n\n<tr>\\n\n\n<td>Waga:<\\\/td>\\n\n\n<td>7,5kg w powietrzu;\\u00a0 4,5kg w wodzie<\\\/td>\\n<\\\/tr>\\n<\\\/tbody>\\n<\\\/table>\",\"animation\":\"slide-left-medium\",\"text_align\":\"justify\",\"text_align_breakpoint\":\"m\",\"text_align_fallback\":\"center\",\"text_size\":\"\",\"maxwidth\":\"xxlarge\"}}]}]},{\"name\":\"\",\"type\":\"row\",\"props\":{\"fixed_width\":\"large\",\"breakpoint\":\"m\",\"layout\":\"1-1\",\"margin\":\"large\"},\"children\":[{\"name\":\"\",\"type\":\"column\",\"props\":{\"image_position\":\"center-center\",\"widths\":[\"1-1\"]},\"children\":[{\"name\":\"\",\"type\":\"button\",\"props\":{\"gutter\":\"small\",\"inline_align\":\"center\",\"margin\":\"\",\"text_align\":\"center\",\"button_size\":\"large\",\"animation\":\"slide-bottom-medium\"},\"children\":[{\"name\":\"\",\"type\":\"button_item\",\"props\":{\"button_style\":\"secondary\",\"content\":\"BROSZURA\",\"link\":\"wp-content\\\/uploads\\\/Monitor_SVP_v1b_A4LR1.pdf\",\"link_title\":\"Explore More\",\"icon_align\":\"left\",\"link_target\":\"blank\"}}]}]}]}]}]} --><\/p>\n","protected":false},"excerpt":{"rendered":"<p>Valeport Monitor SVP Profil pr\u0119dko\u015bci d\u017awi\u0119ku Monitor SVP s\u0142u\u017c\u0105cy do zbierania profili pr\u0119dko\u015bci d\u017awi\u0119ku w wodzie firmy Valeport. Wykorzystuje cyfrow\u0105 technologi\u0119 &#8222;time of flight&#8221; oraz technologi\u0119 synchronizacji pr\u00f3bek, a przy tym jest ma\u0142y i lekki. Przeznaczony do wykorzystania na ma\u0142ych \u0142\u00f3dkach i p\u0142ytkich akwenach. Pr\u0119dko\u015b\u0107 d\u017awi\u0119ku \u00a0 Zakres: 1400 &#8211; 1600m\/s standard Rozdzielczo\u015b\u0107: 0.001m\/s Dok\u0142adno\u015b\u0107: [&hellip;]<\/p>\n","protected":false},"author":6,"featured_media":0,"parent":0,"menu_order":0,"comment_status":"closed","ping_status":"closed","template":"","meta":{"footnotes":""},"class_list":["post-3965","page","type-page","status-publish","hentry"],"yoast_head":"<!-- This site is optimized with the Yoast SEO plugin v27.5 - https:\/\/yoast.com\/product\/yoast-seo-wordpress\/ -->\n<title>Valeport Monitor SVP Profil pr\u0119dko\u015bci d\u017awi\u0119ku - ESCORT TECHNOLOGY<\/title>\n<meta name=\"robots\" content=\"index, follow, max-snippet:-1, max-image-preview:large, max-video-preview:-1\" \/>\n<link rel=\"canonical\" href=\"https:\/\/escort-technology.com\/pl\/de\/valeport-monitor-svp-profil-predkosci-dzwieku\/\" \/>\n<meta property=\"og:locale\" content=\"pl_PL\" \/>\n<meta property=\"og:type\" content=\"article\" \/>\n<meta property=\"og:title\" content=\"Valeport Monitor SVP Profil pr\u0119dko\u015bci d\u017awi\u0119ku - ESCORT TECHNOLOGY\" \/>\n<meta property=\"og:description\" content=\"Valeport Monitor SVP Profil pr\u0119dko\u015bci d\u017awi\u0119ku Monitor SVP s\u0142u\u017c\u0105cy do zbierania profili pr\u0119dko\u015bci d\u017awi\u0119ku w wodzie firmy Valeport. Wykorzystuje cyfrow\u0105 technologi\u0119 &#8222;time of flight&#8221; oraz technologi\u0119 synchronizacji pr\u00f3bek, a przy tym jest ma\u0142y i lekki. Przeznaczony do wykorzystania na ma\u0142ych \u0142\u00f3dkach i p\u0142ytkich akwenach. Pr\u0119dko\u015b\u0107 d\u017awi\u0119ku \u00a0 Zakres: 1400 &#8211; 1600m\/s standard Rozdzielczo\u015b\u0107: 0.001m\/s Dok\u0142adno\u015b\u0107: [&hellip;]\" \/>\n<meta property=\"og:url\" content=\"https:\/\/escort-technology.com\/pl\/de\/valeport-monitor-svp-profil-predkosci-dzwieku\/\" \/>\n<meta property=\"og:site_name\" content=\"ESCORT TECHNOLOGY\" \/>\n<meta property=\"article:publisher\" content=\"https:\/\/www.facebook.com\/elektronika.morska\/\" \/>\n<meta property=\"article:modified_time\" content=\"2018-05-23T07:13:41+00:00\" \/>\n<meta name=\"twitter:card\" content=\"summary_large_image\" \/>\n<meta name=\"twitter:label1\" content=\"Szacowany czas czytania\" \/>\n\t<meta name=\"twitter:data1\" content=\"1 minuta\" \/>\n<script type=\"application\/ld+json\" class=\"yoast-schema-graph\">{\"@context\":\"https:\\\/\\\/schema.org\",\"@graph\":[{\"@type\":\"WebPage\",\"@id\":\"https:\\\/\\\/escort-technology.com\\\/de\\\/valeport-monitor-svp-profil-predkosci-dzwieku\\\/\",\"url\":\"https:\\\/\\\/escort-technology.com\\\/de\\\/valeport-monitor-svp-profil-predkosci-dzwieku\\\/\",\"name\":\"Valeport Monitor SVP Profil pr\u0119dko\u015bci d\u017awi\u0119ku - ESCORT TECHNOLOGY\",\"isPartOf\":{\"@id\":\"http:\\\/\\\/escort-technology.com\\\/de\\\/#website\"},\"datePublished\":\"2018-05-23T06:39:32+00:00\",\"dateModified\":\"2018-05-23T07:13:41+00:00\",\"breadcrumb\":{\"@id\":\"https:\\\/\\\/escort-technology.com\\\/de\\\/valeport-monitor-svp-profil-predkosci-dzwieku\\\/#breadcrumb\"},\"inLanguage\":\"pl-PL\",\"potentialAction\":[{\"@type\":\"ReadAction\",\"target\":[\"https:\\\/\\\/escort-technology.com\\\/de\\\/valeport-monitor-svp-profil-predkosci-dzwieku\\\/\"]}]},{\"@type\":\"BreadcrumbList\",\"@id\":\"https:\\\/\\\/escort-technology.com\\\/de\\\/valeport-monitor-svp-profil-predkosci-dzwieku\\\/#breadcrumb\",\"itemListElement\":[{\"@type\":\"ListItem\",\"position\":1,\"name\":\"Strona g\u0142\u00f3wna\",\"item\":\"https:\\\/\\\/escort-technology.com\\\/\"},{\"@type\":\"ListItem\",\"position\":2,\"name\":\"Valeport Monitor SVP Profil pr\u0119dko\u015bci d\u017awi\u0119ku\"}]},{\"@type\":\"WebSite\",\"@id\":\"http:\\\/\\\/escort-technology.com\\\/de\\\/#website\",\"url\":\"http:\\\/\\\/escort-technology.com\\\/de\\\/\",\"name\":\"ESCORT TECHNOLOGY\",\"description\":\"Elektronika morska i l\u0105dowa\",\"publisher\":{\"@id\":\"http:\\\/\\\/escort-technology.com\\\/de\\\/#organization\"},\"potentialAction\":[{\"@type\":\"SearchAction\",\"target\":{\"@type\":\"EntryPoint\",\"urlTemplate\":\"http:\\\/\\\/escort-technology.com\\\/de\\\/?s={search_term_string}\"},\"query-input\":{\"@type\":\"PropertyValueSpecification\",\"valueRequired\":true,\"valueName\":\"search_term_string\"}}],\"inLanguage\":\"pl-PL\"},{\"@type\":\"Organization\",\"@id\":\"http:\\\/\\\/escort-technology.com\\\/de\\\/#organization\",\"name\":\"ESCORT TECHNOLOGY\",\"url\":\"http:\\\/\\\/escort-technology.com\\\/de\\\/\",\"logo\":{\"@type\":\"ImageObject\",\"inLanguage\":\"pl-PL\",\"@id\":\"http:\\\/\\\/escort-technology.com\\\/de\\\/#\\\/schema\\\/logo\\\/image\\\/\",\"url\":\"https:\\\/\\\/escort-technology.com\\\/wp-content\\\/uploads\\\/logo-1.jpg\",\"contentUrl\":\"https:\\\/\\\/escort-technology.com\\\/wp-content\\\/uploads\\\/logo-1.jpg\",\"width\":600,\"height\":165,\"caption\":\"ESCORT TECHNOLOGY\"},\"image\":{\"@id\":\"http:\\\/\\\/escort-technology.com\\\/de\\\/#\\\/schema\\\/logo\\\/image\\\/\"},\"sameAs\":[\"https:\\\/\\\/www.facebook.com\\\/elektronika.morska\\\/\",\"https:\\\/\\\/www.linkedin.com\\\/company\\\/escort-sp-z-o-o-\\\/\"]}]}<\/script>\n<!-- \/ Yoast SEO plugin. -->","yoast_head_json":{"title":"Valeport Monitor SVP Profil pr\u0119dko\u015bci d\u017awi\u0119ku - ESCORT TECHNOLOGY","robots":{"index":"index","follow":"follow","max-snippet":"max-snippet:-1","max-image-preview":"max-image-preview:large","max-video-preview":"max-video-preview:-1"},"canonical":"https:\/\/escort-technology.com\/pl\/de\/valeport-monitor-svp-profil-predkosci-dzwieku\/","og_locale":"pl_PL","og_type":"article","og_title":"Valeport Monitor SVP Profil pr\u0119dko\u015bci d\u017awi\u0119ku - ESCORT TECHNOLOGY","og_description":"Valeport Monitor SVP Profil pr\u0119dko\u015bci d\u017awi\u0119ku Monitor SVP s\u0142u\u017c\u0105cy do zbierania profili pr\u0119dko\u015bci d\u017awi\u0119ku w wodzie firmy Valeport. Wykorzystuje cyfrow\u0105 technologi\u0119 &#8222;time of flight&#8221; oraz technologi\u0119 synchronizacji pr\u00f3bek, a przy tym jest ma\u0142y i lekki. Przeznaczony do wykorzystania na ma\u0142ych \u0142\u00f3dkach i p\u0142ytkich akwenach. Pr\u0119dko\u015b\u0107 d\u017awi\u0119ku \u00a0 Zakres: 1400 &#8211; 1600m\/s standard Rozdzielczo\u015b\u0107: 0.001m\/s Dok\u0142adno\u015b\u0107: [&hellip;]","og_url":"https:\/\/escort-technology.com\/pl\/de\/valeport-monitor-svp-profil-predkosci-dzwieku\/","og_site_name":"ESCORT TECHNOLOGY","article_publisher":"https:\/\/www.facebook.com\/elektronika.morska\/","article_modified_time":"2018-05-23T07:13:41+00:00","twitter_card":"summary_large_image","twitter_misc":{"Szacowany czas czytania":"1 minuta"},"schema":{"@context":"https:\/\/schema.org","@graph":[{"@type":"WebPage","@id":"https:\/\/escort-technology.com\/de\/valeport-monitor-svp-profil-predkosci-dzwieku\/","url":"https:\/\/escort-technology.com\/de\/valeport-monitor-svp-profil-predkosci-dzwieku\/","name":"Valeport Monitor SVP Profil pr\u0119dko\u015bci d\u017awi\u0119ku - ESCORT TECHNOLOGY","isPartOf":{"@id":"http:\/\/escort-technology.com\/de\/#website"},"datePublished":"2018-05-23T06:39:32+00:00","dateModified":"2018-05-23T07:13:41+00:00","breadcrumb":{"@id":"https:\/\/escort-technology.com\/de\/valeport-monitor-svp-profil-predkosci-dzwieku\/#breadcrumb"},"inLanguage":"pl-PL","potentialAction":[{"@type":"ReadAction","target":["https:\/\/escort-technology.com\/de\/valeport-monitor-svp-profil-predkosci-dzwieku\/"]}]},{"@type":"BreadcrumbList","@id":"https:\/\/escort-technology.com\/de\/valeport-monitor-svp-profil-predkosci-dzwieku\/#breadcrumb","itemListElement":[{"@type":"ListItem","position":1,"name":"Strona g\u0142\u00f3wna","item":"https:\/\/escort-technology.com\/"},{"@type":"ListItem","position":2,"name":"Valeport Monitor SVP Profil pr\u0119dko\u015bci d\u017awi\u0119ku"}]},{"@type":"WebSite","@id":"http:\/\/escort-technology.com\/de\/#website","url":"http:\/\/escort-technology.com\/de\/","name":"ESCORT TECHNOLOGY","description":"Elektronika morska i l\u0105dowa","publisher":{"@id":"http:\/\/escort-technology.com\/de\/#organization"},"potentialAction":[{"@type":"SearchAction","target":{"@type":"EntryPoint","urlTemplate":"http:\/\/escort-technology.com\/de\/?s={search_term_string}"},"query-input":{"@type":"PropertyValueSpecification","valueRequired":true,"valueName":"search_term_string"}}],"inLanguage":"pl-PL"},{"@type":"Organization","@id":"http:\/\/escort-technology.com\/de\/#organization","name":"ESCORT TECHNOLOGY","url":"http:\/\/escort-technology.com\/de\/","logo":{"@type":"ImageObject","inLanguage":"pl-PL","@id":"http:\/\/escort-technology.com\/de\/#\/schema\/logo\/image\/","url":"https:\/\/escort-technology.com\/wp-content\/uploads\/logo-1.jpg","contentUrl":"https:\/\/escort-technology.com\/wp-content\/uploads\/logo-1.jpg","width":600,"height":165,"caption":"ESCORT TECHNOLOGY"},"image":{"@id":"http:\/\/escort-technology.com\/de\/#\/schema\/logo\/image\/"},"sameAs":["https:\/\/www.facebook.com\/elektronika.morska\/","https:\/\/www.linkedin.com\/company\/escort-sp-z-o-o-\/"]}]}},"_links":{"self":[{"href":"https:\/\/escort-technology.com\/pl\/wp-json\/wp\/v2\/pages\/3965","targetHints":{"allow":["GET"]}}],"collection":[{"href":"https:\/\/escort-technology.com\/pl\/wp-json\/wp\/v2\/pages"}],"about":[{"href":"https:\/\/escort-technology.com\/pl\/wp-json\/wp\/v2\/types\/page"}],"author":[{"embeddable":true,"href":"https:\/\/escort-technology.com\/pl\/wp-json\/wp\/v2\/users\/6"}],"replies":[{"embeddable":true,"href":"https:\/\/escort-technology.com\/pl\/wp-json\/wp\/v2\/comments?post=3965"}],"version-history":[{"count":3,"href":"https:\/\/escort-technology.com\/pl\/wp-json\/wp\/v2\/pages\/3965\/revisions"}],"predecessor-version":[{"id":4284,"href":"https:\/\/escort-technology.com\/pl\/wp-json\/wp\/v2\/pages\/3965\/revisions\/4284"}],"wp:attachment":[{"href":"https:\/\/escort-technology.com\/pl\/wp-json\/wp\/v2\/media?parent=3965"}],"curies":[{"name":"wp","href":"https:\/\/api.w.org\/{rel}","templated":true}]}}