{"id":4079,"date":"2018-05-24T09:12:32","date_gmt":"2018-05-24T09:12:32","guid":{"rendered":"http:\/\/escort-technology.com\/?page_id=4079"},"modified":"2020-11-13T09:01:16","modified_gmt":"2020-11-13T08:01:16","slug":"czujnik-cisnienia-valeport-miniips","status":"publish","type":"page","link":"https:\/\/escort-technology.com\/pl\/czujnik-cisnienia-valeport-miniips\/","title":{"rendered":"Czujnik ci\u015bnienia Valeport miniIPS"},"content":{"rendered":"<h2>Czujnik ci\u015bnienia Valeport miniIPS<\/h2>\n<hr>\n<div>\n<h2>MiniIPS jest precyzyjnym, podwodnym czujnikiem ci\u015bnienia; dok\u0142adno\u015b\u0107 0,01%, tytanowa obudowa i wyb\u00f3r zakres\u00f3w ci\u015bnienia sprawiaj\u0105, \u017ce jest to ekonomiczne rozwi\u0105zanie dla in\u017cynier\u00f3w morskich, pilot\u00f3w pojazd\u00f3w i innych operator\u00f3w, kt\u00f3rzy potrzebuj\u0105 bardzo dok\u0142adnych informacji o g\u0142\u0119boko\u015bci w czasie rzeczywistym.<\/h2>\n<p>MiniIPS jest r\u00f3wnie\u017c kompatybilny z oprogramowaniem MIDAS BathyPack i BathyLog firmy Valeport, co pozwala na ci\u0105g\u0142\u0105 aktualizacj\u0119 danych g\u0142\u0119boko\u015bciowych dla zmian g\u0119sto\u015bci s\u0142upa wody.<\/p>\n<\/div>\n<p><img decoding=\"async\" src=\"wp-content\/uploads\/MiniIPS-Additional-2-800x660-1.jpg\" alt=\"\"><br \/>\n<img decoding=\"async\" src=\"wp-content\/uploads\/MiniIPS-Additional-1-800x660-1.jpg\" alt=\"\"><\/p>\n<div>\n<h3 style=\"text-align: center;\">Do pobrania<\/h3>\n<p><a href=\"https:\/\/www.valeport.co.uk\/content\/uploads\/2020\/04\/miniIPS-Datasheet-April-2020.pdf\">Karta katalogowa miniIPS<\/a><\/p>\n<p><a href=\"https:\/\/www.valeport.co.uk\/content\/uploads\/2020\/03\/miniIPS-Operating-Manual-0760824b.pdf\">Instrukcja obs\u0142ugi miniIPS<\/a><\/p>\n<\/div>\n<p><!-- {\"name\":\"\",\"type\":\"layout\",\"children\":[{\"name\":\"ANTENA\",\"type\":\"section\",\"props\":{\"width\":\"default\",\"padding\":\"xsmall\",\"style\":\"default\",\"text_color\":\"\",\"media\":\"\",\"height_viewport\":false,\"header_overlay\":\"light\",\"animation\":\"slide-top-medium\",\"padding_remove_top\":false,\"image_size\":\"cover\",\"image\":\"\",\"image_position\":\"bottom-center\",\"image_fixed\":false,\"class\":\"\",\"overlap\":true,\"vertical_align\":\"middle\",\"title_position\":\"top-left\",\"title_rotation\":\"left\",\"title_breakpoint\":\"xl\",\"image_effect\":\"\"},\"children\":[{\"name\":\"\",\"type\":\"row\",\"props\":{\"layout\":\"1-1\",\"breakpoint\":\"m\",\"margin\":\"\",\"fixed_width\":\"large\"},\"children\":[{\"name\":\"\",\"type\":\"column\",\"props\":{\"image_position\":\"center-center\",\"widths\":[\"1-1\"]},\"children\":[{\"name\":\"\",\"type\":\"headline\",\"props\":{\"title_element\":\"h2\",\"content\":\"Czujnik ci\\u015bnienia Valeport miniIPS\",\"text_align\":\"center\",\"text_align_fallback\":\"center\",\"maxwidth_align\":\"center\",\"maxwidth\":\"\",\"title_style\":\"h2\",\"title_decoration\":\"\",\"margin\":\"\"}},{\"name\":\"\",\"type\":\"divider\",\"props\":{\"divider_element\":\"hr\"}}]}]}]},{\"type\":\"section\",\"props\":{\"style\":\"default\",\"width\":\"expand\",\"vertical_align\":\"middle\",\"title_position\":\"top-left\",\"title_rotation\":\"left\",\"title_breakpoint\":\"xl\",\"image_position\":\"center-center\",\"text_color\":\"\",\"width_expand\":\"\",\"height\":\"full\",\"padding\":\"\",\"header_transparent\":\"\",\"animation\":\"\",\"image\":\"wp-content\\\/uploads\\\/MiniIPS-Hero-2048x1366-2.jpg\"},\"children\":[{\"type\":\"row\",\"props\":{\"layout\":\"1-1\",\"breakpoint\":\"m\",\"fixed_width\":\"large\",\"gutter\":\"\",\"width\":\"\",\"width_expand\":\"\",\"height\":\"\",\"margin\":\"\"},\"children\":[{\"type\":\"column\",\"props\":{\"widths\":[\"1-1\"],\"image_position\":\"center-center\",\"media_overlay_gradient\":\"\",\"vertical_align\":\"\",\"style\":\"\",\"text_color\":\"\",\"padding\":\"\"},\"children\":[]}]}]},{\"type\":\"section\",\"props\":{\"style\":\"default\",\"width\":\"default\",\"vertical_align\":\"middle\",\"title_position\":\"top-left\",\"title_rotation\":\"left\",\"title_breakpoint\":\"xl\",\"image_position\":\"center-center\",\"text_color\":\"\",\"width_expand\":\"\",\"height\":\"\",\"padding\":\"\",\"header_transparent\":\"\",\"animation\":\"\"},\"children\":[{\"type\":\"row\",\"props\":{\"layout\":\",\",\"breakpoint\":\"m\",\"fixed_width\":\"large\",\"gutter\":\"\",\"width\":\"\",\"width_expand\":\"\",\"height\":\"\",\"margin\":\"\"},\"children\":[{\"type\":\"column\",\"props\":{\"widths\":[\"\"],\"image_position\":\"center-center\",\"media_overlay_gradient\":\"\",\"vertical_align\":\"\",\"style\":\"\",\"text_color\":\"\",\"padding\":\"\"},\"children\":[{\"type\":\"text\",\"props\":{\"margin\":\"default\",\"column_breakpoint\":\"m\",\"text_style\":\"\",\"text_color\":\"\",\"text_size\":\"\",\"column\":\"\",\"text_align\":\"\",\"text_align_breakpoint\":\"\",\"text_align_fallback\":\"\",\"maxwidth\":\"\",\"maxwidth_align\":\"\",\"maxwidth_breakpoint\":\"\",\"animation\":\"\",\"visibility\":\"\",\"content\":\"\n\n<h2>MiniIPS jest precyzyjnym, podwodnym czujnikiem ci\\u015bnienia; dok\\u0142adno\\u015b\\u0107 0,01%, tytanowa obudowa i wyb\\u00f3r zakres\\u00f3w ci\\u015bnienia sprawiaj\\u0105, \\u017ce jest to ekonomiczne rozwi\\u0105zanie dla in\\u017cynier\\u00f3w morskich, pilot\\u00f3w pojazd\\u00f3w i innych operator\\u00f3w, kt\\u00f3rzy potrzebuj\\u0105 bardzo dok\\u0142adnych informacji o g\\u0142\\u0119boko\\u015bci w czasie rzeczywistym.<\\\/h2>\\n\n\n<p>MiniIPS jest r\\u00f3wnie\\u017c kompatybilny z oprogramowaniem MIDAS BathyPack i BathyLog firmy Valeport, co pozwala na ci\\u0105g\\u0142\\u0105 aktualizacj\\u0119 danych g\\u0142\\u0119boko\\u015bciowych dla zmian g\\u0119sto\\u015bci s\\u0142upa wody.<\\\/p>\"}},{\"type\":\"image\",\"props\":{\"margin\":\"default\",\"link_target\":\"\",\"image_border\":\"\",\"image_box_shadow\":\"\",\"image_hover_box_shadow\":\"\",\"image_box_decoration\":\"\",\"text_align\":\"\",\"text_align_breakpoint\":\"\",\"text_align_fallback\":\"\",\"maxwidth\":\"\",\"maxwidth_align\":\"\",\"maxwidth_breakpoint\":\"\",\"animation\":\"\",\"visibility\":\"\",\"image\":\"wp-content\\\/uploads\\\/MiniIPS-Additional-2-800x660-1.jpg\"}}]},{\"type\":\"column\",\"props\":{\"widths\":[\"\"],\"image_position\":\"center-center\",\"media_overlay_gradient\":\"\",\"vertical_align\":\"\",\"style\":\"\",\"text_color\":\"\",\"padding\":\"\"},\"children\":[{\"type\":\"image\",\"props\":{\"margin\":\"default\",\"link_target\":\"\",\"image_border\":\"\",\"image_box_shadow\":\"\",\"image_hover_box_shadow\":\"\",\"image_box_decoration\":\"\",\"text_align\":\"\",\"text_align_breakpoint\":\"\",\"text_align_fallback\":\"\",\"maxwidth\":\"\",\"maxwidth_align\":\"\",\"maxwidth_breakpoint\":\"\",\"animation\":\"\",\"visibility\":\"\",\"image\":\"wp-content\\\/uploads\\\/MiniIPS-Additional-1-800x660-1.jpg\"}}]}]}]},{\"type\":\"section\",\"props\":{\"style\":\"secondary\",\"width\":\"default\",\"vertical_align\":\"middle\",\"title_position\":\"top-left\",\"title_rotation\":\"left\",\"title_breakpoint\":\"xl\",\"image_position\":\"center-center\",\"text_color\":\"\",\"width_expand\":\"\",\"height\":\"\",\"padding\":\"\",\"header_transparent\":\"\",\"animation\":\"\"},\"children\":[{\"type\":\"row\",\"props\":{\"layout\":\"1-1\",\"breakpoint\":\"m\",\"fixed_width\":\"large\",\"gutter\":\"\",\"width\":\"\",\"width_expand\":\"\",\"height\":\"\",\"margin\":\"\"},\"children\":[{\"type\":\"column\",\"props\":{\"widths\":[\"1-1\"],\"image_position\":\"center-center\",\"media_overlay_gradient\":\"\",\"vertical_align\":\"\",\"style\":\"\",\"text_color\":\"\",\"padding\":\"\"},\"children\":[{\"type\":\"text\",\"props\":{\"margin\":\"default\",\"column_breakpoint\":\"m\",\"text_style\":\"\",\"text_color\":\"\",\"text_size\":\"\",\"column\":\"\",\"text_align\":\"\",\"text_align_breakpoint\":\"\",\"text_align_fallback\":\"\",\"maxwidth\":\"\",\"maxwidth_align\":\"\",\"maxwidth_breakpoint\":\"\",\"animation\":\"\",\"visibility\":\"\",\"content\":\"\n\n<h3 style=\\\"text-align: center;\\\">Do pobrania<\\\/h3>\\n\n\n<p><a href=\\\"https:\\\/\\\/www.valeport.co.uk\\\/content\\\/uploads\\\/2020\\\/04\\\/miniIPS-Datasheet-April-2020.pdf\\\">Karta katalogowa miniIPS<\\\/a><\\\/p>\\n\n\n<p><a href=\\\"https:\\\/\\\/www.valeport.co.uk\\\/content\\\/uploads\\\/2020\\\/03\\\/miniIPS-Operating-Manual-0760824b.pdf\\\">Instrukcja obs\\u0142ugi miniIPS<\\\/a><\\\/p>\"}}]}]}]}],\"props\":[],\"version\":\"1.18.0\"} --><\/p>\n","protected":false},"excerpt":{"rendered":"<p>Czujnik ci\u015bnienia Valeport miniIPS MiniIPS jest precyzyjnym, podwodnym czujnikiem ci\u015bnienia; dok\u0142adno\u015b\u0107 0,01%, tytanowa obudowa i wyb\u00f3r zakres\u00f3w ci\u015bnienia sprawiaj\u0105, \u017ce jest to ekonomiczne rozwi\u0105zanie dla in\u017cynier\u00f3w morskich, pilot\u00f3w pojazd\u00f3w i innych operator\u00f3w, kt\u00f3rzy potrzebuj\u0105 bardzo dok\u0142adnych informacji o g\u0142\u0119boko\u015bci w czasie rzeczywistym. MiniIPS jest r\u00f3wnie\u017c kompatybilny z oprogramowaniem MIDAS BathyPack i BathyLog firmy Valeport, co [&hellip;]<\/p>\n","protected":false},"author":6,"featured_media":0,"parent":0,"menu_order":0,"comment_status":"closed","ping_status":"closed","template":"","meta":{"footnotes":""},"class_list":["post-4079","page","type-page","status-publish","hentry"],"yoast_head":"<!-- This site is optimized with the Yoast SEO plugin v27.5 - https:\/\/yoast.com\/product\/yoast-seo-wordpress\/ -->\n<title>Czujnik ci\u015bnienia Valeport miniIPS - ESCORT TECHNOLOGY<\/title>\n<meta name=\"robots\" content=\"index, follow, max-snippet:-1, max-image-preview:large, max-video-preview:-1\" \/>\n<link rel=\"canonical\" href=\"http:\/\/escort-technology.com\/pl\/czujnik-cisnienia-valeport-miniips\/\" \/>\n<meta property=\"og:locale\" content=\"pl_PL\" \/>\n<meta property=\"og:type\" content=\"article\" \/>\n<meta property=\"og:title\" content=\"Czujnik ci\u015bnienia Valeport miniIPS - ESCORT TECHNOLOGY\" \/>\n<meta property=\"og:description\" content=\"Czujnik ci\u015bnienia Valeport miniIPS MiniIPS jest precyzyjnym, podwodnym czujnikiem ci\u015bnienia; dok\u0142adno\u015b\u0107 0,01%, tytanowa obudowa i wyb\u00f3r zakres\u00f3w ci\u015bnienia sprawiaj\u0105, \u017ce jest to ekonomiczne rozwi\u0105zanie dla in\u017cynier\u00f3w morskich, pilot\u00f3w pojazd\u00f3w i innych operator\u00f3w, kt\u00f3rzy potrzebuj\u0105 bardzo dok\u0142adnych informacji o g\u0142\u0119boko\u015bci w czasie rzeczywistym. MiniIPS jest r\u00f3wnie\u017c kompatybilny z oprogramowaniem MIDAS BathyPack i BathyLog firmy Valeport, co [&hellip;]\" \/>\n<meta property=\"og:url\" content=\"http:\/\/escort-technology.com\/pl\/czujnik-cisnienia-valeport-miniips\/\" \/>\n<meta property=\"og:site_name\" content=\"ESCORT TECHNOLOGY\" \/>\n<meta property=\"article:publisher\" content=\"https:\/\/www.facebook.com\/elektronika.morska\/\" \/>\n<meta property=\"article:modified_time\" content=\"2020-11-13T08:01:16+00:00\" \/>\n<meta property=\"og:image\" content=\"http:\/\/wp-content\/uploads\/MiniIPS-Additional-2-800x660-1.jpg\" \/>\n<meta name=\"twitter:card\" content=\"summary_large_image\" \/>\n<script type=\"application\/ld+json\" class=\"yoast-schema-graph\">{\"@context\":\"https:\\\/\\\/schema.org\",\"@graph\":[{\"@type\":\"WebPage\",\"@id\":\"http:\\\/\\\/escort-technology.com\\\/en\\\/czujnik-cisnienia-valeport-miniips\\\/\",\"url\":\"http:\\\/\\\/escort-technology.com\\\/en\\\/czujnik-cisnienia-valeport-miniips\\\/\",\"name\":\"Czujnik ci\u015bnienia Valeport miniIPS - ESCORT TECHNOLOGY\",\"isPartOf\":{\"@id\":\"http:\\\/\\\/escort-technology.com\\\/de\\\/#website\"},\"datePublished\":\"2018-05-24T09:12:32+00:00\",\"dateModified\":\"2020-11-13T08:01:16+00:00\",\"breadcrumb\":{\"@id\":\"http:\\\/\\\/escort-technology.com\\\/en\\\/czujnik-cisnienia-valeport-miniips\\\/#breadcrumb\"},\"inLanguage\":\"pl-PL\",\"potentialAction\":[{\"@type\":\"ReadAction\",\"target\":[\"http:\\\/\\\/escort-technology.com\\\/en\\\/czujnik-cisnienia-valeport-miniips\\\/\"]}]},{\"@type\":\"BreadcrumbList\",\"@id\":\"http:\\\/\\\/escort-technology.com\\\/en\\\/czujnik-cisnienia-valeport-miniips\\\/#breadcrumb\",\"itemListElement\":[{\"@type\":\"ListItem\",\"position\":1,\"name\":\"Strona g\u0142\u00f3wna\",\"item\":\"https:\\\/\\\/escort-technology.com\\\/\"},{\"@type\":\"ListItem\",\"position\":2,\"name\":\"Czujnik ci\u015bnienia Valeport miniIPS\"}]},{\"@type\":\"WebSite\",\"@id\":\"http:\\\/\\\/escort-technology.com\\\/de\\\/#website\",\"url\":\"http:\\\/\\\/escort-technology.com\\\/de\\\/\",\"name\":\"ESCORT TECHNOLOGY\",\"description\":\"Elektronika morska i l\u0105dowa\",\"publisher\":{\"@id\":\"http:\\\/\\\/escort-technology.com\\\/de\\\/#organization\"},\"potentialAction\":[{\"@type\":\"SearchAction\",\"target\":{\"@type\":\"EntryPoint\",\"urlTemplate\":\"http:\\\/\\\/escort-technology.com\\\/de\\\/?s={search_term_string}\"},\"query-input\":{\"@type\":\"PropertyValueSpecification\",\"valueRequired\":true,\"valueName\":\"search_term_string\"}}],\"inLanguage\":\"pl-PL\"},{\"@type\":\"Organization\",\"@id\":\"http:\\\/\\\/escort-technology.com\\\/de\\\/#organization\",\"name\":\"ESCORT TECHNOLOGY\",\"url\":\"http:\\\/\\\/escort-technology.com\\\/de\\\/\",\"logo\":{\"@type\":\"ImageObject\",\"inLanguage\":\"pl-PL\",\"@id\":\"http:\\\/\\\/escort-technology.com\\\/de\\\/#\\\/schema\\\/logo\\\/image\\\/\",\"url\":\"https:\\\/\\\/escort-technology.com\\\/wp-content\\\/uploads\\\/logo-1.jpg\",\"contentUrl\":\"https:\\\/\\\/escort-technology.com\\\/wp-content\\\/uploads\\\/logo-1.jpg\",\"width\":600,\"height\":165,\"caption\":\"ESCORT TECHNOLOGY\"},\"image\":{\"@id\":\"http:\\\/\\\/escort-technology.com\\\/de\\\/#\\\/schema\\\/logo\\\/image\\\/\"},\"sameAs\":[\"https:\\\/\\\/www.facebook.com\\\/elektronika.morska\\\/\",\"https:\\\/\\\/www.linkedin.com\\\/company\\\/escort-sp-z-o-o-\\\/\"]}]}<\/script>\n<!-- \/ Yoast SEO plugin. -->","yoast_head_json":{"title":"Czujnik ci\u015bnienia Valeport miniIPS - ESCORT TECHNOLOGY","robots":{"index":"index","follow":"follow","max-snippet":"max-snippet:-1","max-image-preview":"max-image-preview:large","max-video-preview":"max-video-preview:-1"},"canonical":"http:\/\/escort-technology.com\/pl\/czujnik-cisnienia-valeport-miniips\/","og_locale":"pl_PL","og_type":"article","og_title":"Czujnik ci\u015bnienia Valeport miniIPS - ESCORT TECHNOLOGY","og_description":"Czujnik ci\u015bnienia Valeport miniIPS MiniIPS jest precyzyjnym, podwodnym czujnikiem ci\u015bnienia; dok\u0142adno\u015b\u0107 0,01%, tytanowa obudowa i wyb\u00f3r zakres\u00f3w ci\u015bnienia sprawiaj\u0105, \u017ce jest to ekonomiczne rozwi\u0105zanie dla in\u017cynier\u00f3w morskich, pilot\u00f3w pojazd\u00f3w i innych operator\u00f3w, kt\u00f3rzy potrzebuj\u0105 bardzo dok\u0142adnych informacji o g\u0142\u0119boko\u015bci w czasie rzeczywistym. MiniIPS jest r\u00f3wnie\u017c kompatybilny z oprogramowaniem MIDAS BathyPack i BathyLog firmy Valeport, co [&hellip;]","og_url":"http:\/\/escort-technology.com\/pl\/czujnik-cisnienia-valeport-miniips\/","og_site_name":"ESCORT TECHNOLOGY","article_publisher":"https:\/\/www.facebook.com\/elektronika.morska\/","article_modified_time":"2020-11-13T08:01:16+00:00","og_image":[{"url":"wp-content\/uploads\/MiniIPS-Additional-2-800x660-1.jpg","type":"","width":"","height":""}],"twitter_card":"summary_large_image","schema":{"@context":"https:\/\/schema.org","@graph":[{"@type":"WebPage","@id":"http:\/\/escort-technology.com\/en\/czujnik-cisnienia-valeport-miniips\/","url":"http:\/\/escort-technology.com\/en\/czujnik-cisnienia-valeport-miniips\/","name":"Czujnik ci\u015bnienia Valeport miniIPS - ESCORT TECHNOLOGY","isPartOf":{"@id":"http:\/\/escort-technology.com\/de\/#website"},"datePublished":"2018-05-24T09:12:32+00:00","dateModified":"2020-11-13T08:01:16+00:00","breadcrumb":{"@id":"http:\/\/escort-technology.com\/en\/czujnik-cisnienia-valeport-miniips\/#breadcrumb"},"inLanguage":"pl-PL","potentialAction":[{"@type":"ReadAction","target":["http:\/\/escort-technology.com\/en\/czujnik-cisnienia-valeport-miniips\/"]}]},{"@type":"BreadcrumbList","@id":"http:\/\/escort-technology.com\/en\/czujnik-cisnienia-valeport-miniips\/#breadcrumb","itemListElement":[{"@type":"ListItem","position":1,"name":"Strona g\u0142\u00f3wna","item":"https:\/\/escort-technology.com\/"},{"@type":"ListItem","position":2,"name":"Czujnik ci\u015bnienia Valeport miniIPS"}]},{"@type":"WebSite","@id":"http:\/\/escort-technology.com\/de\/#website","url":"http:\/\/escort-technology.com\/de\/","name":"ESCORT TECHNOLOGY","description":"Elektronika morska i l\u0105dowa","publisher":{"@id":"http:\/\/escort-technology.com\/de\/#organization"},"potentialAction":[{"@type":"SearchAction","target":{"@type":"EntryPoint","urlTemplate":"http:\/\/escort-technology.com\/de\/?s={search_term_string}"},"query-input":{"@type":"PropertyValueSpecification","valueRequired":true,"valueName":"search_term_string"}}],"inLanguage":"pl-PL"},{"@type":"Organization","@id":"http:\/\/escort-technology.com\/de\/#organization","name":"ESCORT TECHNOLOGY","url":"http:\/\/escort-technology.com\/de\/","logo":{"@type":"ImageObject","inLanguage":"pl-PL","@id":"http:\/\/escort-technology.com\/de\/#\/schema\/logo\/image\/","url":"https:\/\/escort-technology.com\/wp-content\/uploads\/logo-1.jpg","contentUrl":"https:\/\/escort-technology.com\/wp-content\/uploads\/logo-1.jpg","width":600,"height":165,"caption":"ESCORT TECHNOLOGY"},"image":{"@id":"http:\/\/escort-technology.com\/de\/#\/schema\/logo\/image\/"},"sameAs":["https:\/\/www.facebook.com\/elektronika.morska\/","https:\/\/www.linkedin.com\/company\/escort-sp-z-o-o-\/"]}]}},"_links":{"self":[{"href":"https:\/\/escort-technology.com\/pl\/wp-json\/wp\/v2\/pages\/4079","targetHints":{"allow":["GET"]}}],"collection":[{"href":"https:\/\/escort-technology.com\/pl\/wp-json\/wp\/v2\/pages"}],"about":[{"href":"https:\/\/escort-technology.com\/pl\/wp-json\/wp\/v2\/types\/page"}],"author":[{"embeddable":true,"href":"https:\/\/escort-technology.com\/pl\/wp-json\/wp\/v2\/users\/6"}],"replies":[{"embeddable":true,"href":"https:\/\/escort-technology.com\/pl\/wp-json\/wp\/v2\/comments?post=4079"}],"version-history":[{"count":4,"href":"https:\/\/escort-technology.com\/pl\/wp-json\/wp\/v2\/pages\/4079\/revisions"}],"predecessor-version":[{"id":7726,"href":"https:\/\/escort-technology.com\/pl\/wp-json\/wp\/v2\/pages\/4079\/revisions\/7726"}],"wp:attachment":[{"href":"https:\/\/escort-technology.com\/pl\/wp-json\/wp\/v2\/media?parent=4079"}],"curies":[{"name":"wp","href":"https:\/\/api.w.org\/{rel}","templated":true}]}}