{"id":4091,"date":"2018-05-24T09:14:09","date_gmt":"2018-05-24T09:14:09","guid":{"rendered":"http:\/\/escort-technology.com\/?page_id=4091"},"modified":"2020-12-22T14:08:34","modified_gmt":"2020-12-22T13:08:34","slug":"miernik-valeport-model-106","status":"publish","type":"page","link":"https:\/\/escort-technology.com\/pl\/miernik-valeport-model-106\/","title":{"rendered":"Miernik Valeport Model 106"},"content":{"rendered":"<h2>Miernik Valeport Model 106<\/h2>\n<hr>\n<div>\n<h2>Model 106 jest idealnym instrumentem do zastosowa\u0144 przybrze\u017cnych i przy uj\u015bciach rzek oraz innych lekkich prac pomiarowych.<\/h2>\n<p>Jest to tania i lekka alternatywa dla wi\u0119kszych przep\u0142ywomierzy. Zosta\u0142 on skonstruowany specjalnie do zastosowa\u0144, w kt\u00f3rych nie ma potrzeby stosowania wi\u0119kszych przep\u0142ywomierzy Valeport o wy\u017cszej trwa\u0142o\u015bci i g\u0142\u0119boko\u015bci pracy. Przyrz\u0105d jest wykonany z tytanu i polimer\u00f3w, co daje doskona\u0142\u0105 odporno\u015b\u0107 na korozj\u0119, przy zachowaniu ma\u0142ych rozmiar\u00f3w i niskiej wagi. Wykorzystuj\u0105c standardowy wirnik Valeport o \u015brednicy 125mm, model 106 posiada w standardzie parametry pr\u0119dko\u015bci i kierunku obrot\u00f3w, z dalszymi opcjami temperatury i g\u0142\u0119boko\u015bci. Dane (rejestrowane lub w czasie rzeczywistym) s\u0105 kompatybilne z oprogramowaniem DataLog&#x2122; firmy Valeport.<\/p>\n<p>\u00a0<\/p>\n<\/div>\n<p><img decoding=\"async\" src=\"\/wp-content\/uploads\/Model-106-Additional-2-800x660-1.jpg\" alt=\"\"><\/p>\n<p>\n    <a href=\"\/wp-content\/uploads\/Model-106-Datasheet-April-2020.pdf\">Karta katalogowa <\/a>\n<\/p>\n<div>\n<h3 style=\"text-align: center;\">Do pobrania<\/h3>\n<p><a href=\"https:\/\/www.valeport.co.uk\/content\/uploads\/2020\/04\/Model-106-Datasheet-April-2020.pdf\">Karta katalogowa Model 106<\/a><\/p>\n<p><a href=\"https:\/\/www.valeport.co.uk\/content\/uploads\/2020\/03\/Model-106-Current-Meter-Operating-Manual-0106804b.pdf\">Instrukcja obs\u0142ugi Model 106 <\/a><\/p>\n<p><a href=\"https:\/\/www.valeport.co.uk\/content\/uploads\/2020\/03\/Datalog-Terminal-X2-04008333B.pdf\">Instrukcja oprogramowania DataLog X2<\/a><\/p>\n<p><a href=\"https:\/\/www.valeport.co.uk\/content\/uploads\/2020\/03\/CDU-Express-Operating-Manual-8008838A.pdf\">Instrukcja CDU Express<\/a><\/p>\n<\/div>\n<p><!-- {\"name\":\"\",\"type\":\"layout\",\"children\":[{\"name\":\"ANTENA\",\"type\":\"section\",\"props\":{\"width\":\"large\",\"padding\":\"xsmall\",\"style\":\"default\",\"media\":\"\",\"height_viewport\":false,\"header_overlay\":\"light\",\"animation\":\"slide-top-medium\",\"padding_remove_top\":false,\"image_size\":\"cover\",\"image\":\"\",\"image_position\":\"bottom-center\",\"image_fixed\":false,\"class\":\"\",\"overlap\":true,\"vertical_align\":\"middle\",\"title_position\":\"top-left\",\"title_rotation\":\"left\",\"title_breakpoint\":\"xl\"},\"children\":[{\"name\":\"\",\"type\":\"row\",\"children\":[{\"name\":\"\",\"type\":\"column\",\"props\":{\"image_position\":\"center-center\",\"width_medium\":\"1-1\",\"media_overlay_gradient\":\"\"},\"children\":[{\"name\":\"\",\"type\":\"headline\",\"props\":{\"title_element\":\"h2\",\"content\":\"Miernik Valeport Model 106\",\"text_align\":\"center\",\"text_align_fallback\":\"center\",\"title_style\":\"h2\",\"block_align\":\"center\"}},{\"name\":\"\",\"type\":\"divider\",\"props\":{\"divider_element\":\"hr\"}}]}]}]},{\"type\":\"section\",\"props\":{\"style\":\"default\",\"width\":\"expand\",\"vertical_align\":\"middle\",\"title_position\":\"top-left\",\"title_rotation\":\"left\",\"title_breakpoint\":\"xl\",\"image_position\":\"center-center\",\"height\":\"expand\",\"padding\":\"xlarge\",\"image\":\"wp-content\\\/uploads\\\/vale-products_0004_Model-106-Hero-1536x1003-2.jpg\"},\"children\":[{\"type\":\"row\",\"children\":[{\"type\":\"column\",\"props\":{\"image_position\":\"center-center\",\"media_overlay_gradient\":\"\",\"width_medium\":\"1-1\"},\"children\":[]}]}]},{\"type\":\"section\",\"props\":{\"style\":\"default\",\"width\":\"large\",\"vertical_align\":\"middle\",\"title_position\":\"top-left\",\"title_rotation\":\"left\",\"title_breakpoint\":\"xl\",\"image_position\":\"center-center\"},\"children\":[{\"type\":\"row\",\"props\":{\"layout\":\"1-2,1-2\"},\"children\":[{\"type\":\"column\",\"props\":{\"image_position\":\"center-center\",\"media_overlay_gradient\":\"\",\"width_medium\":\"1-2\"},\"children\":[{\"type\":\"text\",\"props\":{\"margin\":\"default\",\"column_breakpoint\":\"m\",\"content\":\"\n\n<h2>Model 106 jest idealnym instrumentem do zastosowa\\u0144 przybrze\\u017cnych i przy uj\\u015bciach rzek oraz innych lekkich prac pomiarowych.<\\\/h2>\\n\n\n<p><br \\\/>Jest to tania i lekka alternatywa dla wi\\u0119kszych przep\\u0142ywomierzy. Zosta\\u0142 on skonstruowany specjalnie do zastosowa\\u0144, w kt\\u00f3rych nie ma potrzeby stosowania wi\\u0119kszych przep\\u0142ywomierzy Valeport o wy\\u017cszej trwa\\u0142o\\u015bci i g\\u0142\\u0119boko\\u015bci pracy. Przyrz\\u0105d jest wykonany z tytanu i polimer\\u00f3w, co daje doskona\\u0142\\u0105 odporno\\u015b\\u0107 na korozj\\u0119, przy zachowaniu ma\\u0142ych rozmiar\\u00f3w i niskiej wagi. Wykorzystuj\\u0105c standardowy wirnik Valeport o \\u015brednicy 125mm, model 106 posiada w standardzie parametry pr\\u0119dko\\u015bci i kierunku obrot\\u00f3w, z dalszymi opcjami temperatury i g\\u0142\\u0119boko\\u015bci. Dane (rejestrowane lub w czasie rzeczywistym) s\\u0105 kompatybilne z oprogramowaniem DataLog\\u2122 firmy Valeport.<\\\/p>\\n\n\n<p>\\u00a0<\\\/p>\"}}]},{\"type\":\"column\",\"props\":{\"image_position\":\"center-center\",\"media_overlay_gradient\":\"\",\"width_medium\":\"1-2\"},\"children\":[{\"type\":\"image\",\"props\":{\"margin\":\"default\",\"image\":\"wp-content\\\/uploads\\\/Model-106-Additional-2-800x660-1.jpg\",\"image_svg_color\":\"emphasis\"}},{\"type\":\"button\",\"props\":{\"grid_column_gap\":\"small\",\"grid_row_gap\":\"small\",\"margin\":\"default\",\"text_align\":\"center\"},\"children\":[{\"type\":\"button_item\",\"props\":{\"button_style\":\"default\",\"icon_align\":\"left\",\"content\":\"Karta katalogowa \",\"link\":\"wp-content\\\/uploads\\\/Model-106-Datasheet-April-2020.pdf\"}}]}]}]}]},{\"type\":\"section\",\"props\":{\"style\":\"secondary\",\"width\":\"large\",\"vertical_align\":\"middle\",\"title_position\":\"top-left\",\"title_rotation\":\"left\",\"title_breakpoint\":\"xl\",\"image_position\":\"center-center\"},\"children\":[{\"type\":\"row\",\"children\":[{\"type\":\"column\",\"props\":{\"image_position\":\"center-center\",\"media_overlay_gradient\":\"\",\"width_medium\":\"1-1\"},\"children\":[{\"type\":\"text\",\"props\":{\"margin\":\"default\",\"column_breakpoint\":\"m\",\"content\":\"\n\n<h3 style=\\\"text-align: center;\\\">Do pobrania<\\\/h3>\\n\n\n<p><a href=\\\"https:\\\/\\\/www.valeport.co.uk\\\/content\\\/uploads\\\/2020\\\/04\\\/Model-106-Datasheet-April-2020.pdf\\\">Karta katalogowa Model 106<\\\/a><\\\/p>\\n\n\n<p><a href=\\\"https:\\\/\\\/www.valeport.co.uk\\\/content\\\/uploads\\\/2020\\\/03\\\/Model-106-Current-Meter-Operating-Manual-0106804b.pdf\\\">Instrukcja obs\\u0142ugi Model 106 <\\\/a><\\\/p>\\n\n\n<p><a href=\\\"https:\\\/\\\/www.valeport.co.uk\\\/content\\\/uploads\\\/2020\\\/03\\\/Datalog-Terminal-X2-04008333B.pdf\\\">Instrukcja oprogramowania DataLog X2<\\\/a><\\\/p>\\n\n\n<p><a href=\\\"https:\\\/\\\/www.valeport.co.uk\\\/content\\\/uploads\\\/2020\\\/03\\\/CDU-Express-Operating-Manual-8008838A.pdf\\\">Instrukcja CDU Express<\\\/a><\\\/p>\"}}]}]}]}],\"version\":\"2.3.25\"} --><\/p>\n","protected":false},"excerpt":{"rendered":"<p>Miernik Valeport Model 106 Model 106 jest idealnym instrumentem do zastosowa\u0144 przybrze\u017cnych i przy uj\u015bciach rzek oraz innych lekkich prac pomiarowych. Jest to tania i lekka alternatywa dla wi\u0119kszych przep\u0142ywomierzy. Zosta\u0142 on skonstruowany specjalnie do zastosowa\u0144, w kt\u00f3rych nie ma potrzeby stosowania wi\u0119kszych przep\u0142ywomierzy Valeport o wy\u017cszej trwa\u0142o\u015bci i g\u0142\u0119boko\u015bci pracy. Przyrz\u0105d jest wykonany z [&hellip;]<\/p>\n","protected":false},"author":6,"featured_media":0,"parent":0,"menu_order":0,"comment_status":"closed","ping_status":"closed","template":"","meta":{"footnotes":""},"class_list":["post-4091","page","type-page","status-publish","hentry"],"yoast_head":"<!-- This site is optimized with the Yoast SEO plugin v27.5 - https:\/\/yoast.com\/product\/yoast-seo-wordpress\/ -->\n<title>Miernik Valeport Model 106 - ESCORT TECHNOLOGY<\/title>\n<meta name=\"robots\" content=\"index, follow, max-snippet:-1, max-image-preview:large, max-video-preview:-1\" \/>\n<link rel=\"canonical\" href=\"https:\/\/escort-technology.com\/pl\/miernik-valeport-model-106\/\" \/>\n<meta property=\"og:locale\" content=\"pl_PL\" \/>\n<meta property=\"og:type\" content=\"article\" \/>\n<meta property=\"og:title\" content=\"Miernik Valeport Model 106 - ESCORT TECHNOLOGY\" \/>\n<meta property=\"og:description\" content=\"Miernik Valeport Model 106 Model 106 jest idealnym instrumentem do zastosowa\u0144 przybrze\u017cnych i przy uj\u015bciach rzek oraz innych lekkich prac pomiarowych. Jest to tania i lekka alternatywa dla wi\u0119kszych przep\u0142ywomierzy. Zosta\u0142 on skonstruowany specjalnie do zastosowa\u0144, w kt\u00f3rych nie ma potrzeby stosowania wi\u0119kszych przep\u0142ywomierzy Valeport o wy\u017cszej trwa\u0142o\u015bci i g\u0142\u0119boko\u015bci pracy. Przyrz\u0105d jest wykonany z [&hellip;]\" \/>\n<meta property=\"og:url\" content=\"https:\/\/escort-technology.com\/pl\/miernik-valeport-model-106\/\" \/>\n<meta property=\"og:site_name\" content=\"ESCORT TECHNOLOGY\" \/>\n<meta property=\"article:publisher\" content=\"https:\/\/www.facebook.com\/elektronika.morska\/\" \/>\n<meta property=\"article:modified_time\" content=\"2020-12-22T13:08:34+00:00\" \/>\n<meta property=\"og:image\" content=\"https:\/\/escort-technology.com\/wp-content\/uploads\/Model-106-Additional-2-800x660-1.jpg\" \/>\n<meta name=\"twitter:card\" content=\"summary_large_image\" \/>\n<meta name=\"twitter:label1\" content=\"Szacowany czas czytania\" \/>\n\t<meta name=\"twitter:data1\" content=\"1 minuta\" \/>\n<script type=\"application\/ld+json\" class=\"yoast-schema-graph\">{\"@context\":\"https:\\\/\\\/schema.org\",\"@graph\":[{\"@type\":\"WebPage\",\"@id\":\"https:\\\/\\\/escort-technology.com\\\/pl\\\/miernik-valeport-model-106\\\/\",\"url\":\"https:\\\/\\\/escort-technology.com\\\/pl\\\/miernik-valeport-model-106\\\/\",\"name\":\"Miernik Valeport Model 106 - ESCORT TECHNOLOGY\",\"isPartOf\":{\"@id\":\"http:\\\/\\\/escort-technology.com\\\/de\\\/#website\"},\"datePublished\":\"2018-05-24T09:14:09+00:00\",\"dateModified\":\"2020-12-22T13:08:34+00:00\",\"breadcrumb\":{\"@id\":\"https:\\\/\\\/escort-technology.com\\\/pl\\\/miernik-valeport-model-106\\\/#breadcrumb\"},\"inLanguage\":\"pl-PL\",\"potentialAction\":[{\"@type\":\"ReadAction\",\"target\":[\"https:\\\/\\\/escort-technology.com\\\/pl\\\/miernik-valeport-model-106\\\/\"]}]},{\"@type\":\"BreadcrumbList\",\"@id\":\"https:\\\/\\\/escort-technology.com\\\/pl\\\/miernik-valeport-model-106\\\/#breadcrumb\",\"itemListElement\":[{\"@type\":\"ListItem\",\"position\":1,\"name\":\"Strona g\u0142\u00f3wna\",\"item\":\"https:\\\/\\\/escort-technology.com\\\/\"},{\"@type\":\"ListItem\",\"position\":2,\"name\":\"Miernik Valeport Model 106\"}]},{\"@type\":\"WebSite\",\"@id\":\"http:\\\/\\\/escort-technology.com\\\/de\\\/#website\",\"url\":\"http:\\\/\\\/escort-technology.com\\\/de\\\/\",\"name\":\"ESCORT TECHNOLOGY\",\"description\":\"Elektronika morska i l\u0105dowa\",\"publisher\":{\"@id\":\"http:\\\/\\\/escort-technology.com\\\/de\\\/#organization\"},\"potentialAction\":[{\"@type\":\"SearchAction\",\"target\":{\"@type\":\"EntryPoint\",\"urlTemplate\":\"http:\\\/\\\/escort-technology.com\\\/de\\\/?s={search_term_string}\"},\"query-input\":{\"@type\":\"PropertyValueSpecification\",\"valueRequired\":true,\"valueName\":\"search_term_string\"}}],\"inLanguage\":\"pl-PL\"},{\"@type\":\"Organization\",\"@id\":\"http:\\\/\\\/escort-technology.com\\\/de\\\/#organization\",\"name\":\"ESCORT TECHNOLOGY\",\"url\":\"http:\\\/\\\/escort-technology.com\\\/de\\\/\",\"logo\":{\"@type\":\"ImageObject\",\"inLanguage\":\"pl-PL\",\"@id\":\"http:\\\/\\\/escort-technology.com\\\/de\\\/#\\\/schema\\\/logo\\\/image\\\/\",\"url\":\"https:\\\/\\\/escort-technology.com\\\/wp-content\\\/uploads\\\/logo-1.jpg\",\"contentUrl\":\"https:\\\/\\\/escort-technology.com\\\/wp-content\\\/uploads\\\/logo-1.jpg\",\"width\":600,\"height\":165,\"caption\":\"ESCORT TECHNOLOGY\"},\"image\":{\"@id\":\"http:\\\/\\\/escort-technology.com\\\/de\\\/#\\\/schema\\\/logo\\\/image\\\/\"},\"sameAs\":[\"https:\\\/\\\/www.facebook.com\\\/elektronika.morska\\\/\",\"https:\\\/\\\/www.linkedin.com\\\/company\\\/escort-sp-z-o-o-\\\/\"]}]}<\/script>\n<!-- \/ Yoast SEO plugin. -->","yoast_head_json":{"title":"Miernik Valeport Model 106 - ESCORT TECHNOLOGY","robots":{"index":"index","follow":"follow","max-snippet":"max-snippet:-1","max-image-preview":"max-image-preview:large","max-video-preview":"max-video-preview:-1"},"canonical":"https:\/\/escort-technology.com\/pl\/miernik-valeport-model-106\/","og_locale":"pl_PL","og_type":"article","og_title":"Miernik Valeport Model 106 - ESCORT TECHNOLOGY","og_description":"Miernik Valeport Model 106 Model 106 jest idealnym instrumentem do zastosowa\u0144 przybrze\u017cnych i przy uj\u015bciach rzek oraz innych lekkich prac pomiarowych. Jest to tania i lekka alternatywa dla wi\u0119kszych przep\u0142ywomierzy. Zosta\u0142 on skonstruowany specjalnie do zastosowa\u0144, w kt\u00f3rych nie ma potrzeby stosowania wi\u0119kszych przep\u0142ywomierzy Valeport o wy\u017cszej trwa\u0142o\u015bci i g\u0142\u0119boko\u015bci pracy. Przyrz\u0105d jest wykonany z [&hellip;]","og_url":"https:\/\/escort-technology.com\/pl\/miernik-valeport-model-106\/","og_site_name":"ESCORT TECHNOLOGY","article_publisher":"https:\/\/www.facebook.com\/elektronika.morska\/","article_modified_time":"2020-12-22T13:08:34+00:00","og_image":[{"url":"https:\/\/escort-technology.com\/wp-content\/uploads\/Model-106-Additional-2-800x660-1.jpg","type":"","width":"","height":""}],"twitter_card":"summary_large_image","twitter_misc":{"Szacowany czas czytania":"1 minuta"},"schema":{"@context":"https:\/\/schema.org","@graph":[{"@type":"WebPage","@id":"https:\/\/escort-technology.com\/pl\/miernik-valeport-model-106\/","url":"https:\/\/escort-technology.com\/pl\/miernik-valeport-model-106\/","name":"Miernik Valeport Model 106 - ESCORT TECHNOLOGY","isPartOf":{"@id":"http:\/\/escort-technology.com\/de\/#website"},"datePublished":"2018-05-24T09:14:09+00:00","dateModified":"2020-12-22T13:08:34+00:00","breadcrumb":{"@id":"https:\/\/escort-technology.com\/pl\/miernik-valeport-model-106\/#breadcrumb"},"inLanguage":"pl-PL","potentialAction":[{"@type":"ReadAction","target":["https:\/\/escort-technology.com\/pl\/miernik-valeport-model-106\/"]}]},{"@type":"BreadcrumbList","@id":"https:\/\/escort-technology.com\/pl\/miernik-valeport-model-106\/#breadcrumb","itemListElement":[{"@type":"ListItem","position":1,"name":"Strona g\u0142\u00f3wna","item":"https:\/\/escort-technology.com\/"},{"@type":"ListItem","position":2,"name":"Miernik Valeport Model 106"}]},{"@type":"WebSite","@id":"http:\/\/escort-technology.com\/de\/#website","url":"http:\/\/escort-technology.com\/de\/","name":"ESCORT TECHNOLOGY","description":"Elektronika morska i l\u0105dowa","publisher":{"@id":"http:\/\/escort-technology.com\/de\/#organization"},"potentialAction":[{"@type":"SearchAction","target":{"@type":"EntryPoint","urlTemplate":"http:\/\/escort-technology.com\/de\/?s={search_term_string}"},"query-input":{"@type":"PropertyValueSpecification","valueRequired":true,"valueName":"search_term_string"}}],"inLanguage":"pl-PL"},{"@type":"Organization","@id":"http:\/\/escort-technology.com\/de\/#organization","name":"ESCORT TECHNOLOGY","url":"http:\/\/escort-technology.com\/de\/","logo":{"@type":"ImageObject","inLanguage":"pl-PL","@id":"http:\/\/escort-technology.com\/de\/#\/schema\/logo\/image\/","url":"https:\/\/escort-technology.com\/wp-content\/uploads\/logo-1.jpg","contentUrl":"https:\/\/escort-technology.com\/wp-content\/uploads\/logo-1.jpg","width":600,"height":165,"caption":"ESCORT TECHNOLOGY"},"image":{"@id":"http:\/\/escort-technology.com\/de\/#\/schema\/logo\/image\/"},"sameAs":["https:\/\/www.facebook.com\/elektronika.morska\/","https:\/\/www.linkedin.com\/company\/escort-sp-z-o-o-\/"]}]}},"_links":{"self":[{"href":"https:\/\/escort-technology.com\/pl\/wp-json\/wp\/v2\/pages\/4091","targetHints":{"allow":["GET"]}}],"collection":[{"href":"https:\/\/escort-technology.com\/pl\/wp-json\/wp\/v2\/pages"}],"about":[{"href":"https:\/\/escort-technology.com\/pl\/wp-json\/wp\/v2\/types\/page"}],"author":[{"embeddable":true,"href":"https:\/\/escort-technology.com\/pl\/wp-json\/wp\/v2\/users\/6"}],"replies":[{"embeddable":true,"href":"https:\/\/escort-technology.com\/pl\/wp-json\/wp\/v2\/comments?post=4091"}],"version-history":[{"count":4,"href":"https:\/\/escort-technology.com\/pl\/wp-json\/wp\/v2\/pages\/4091\/revisions"}],"predecessor-version":[{"id":8020,"href":"https:\/\/escort-technology.com\/pl\/wp-json\/wp\/v2\/pages\/4091\/revisions\/8020"}],"wp:attachment":[{"href":"https:\/\/escort-technology.com\/pl\/wp-json\/wp\/v2\/media?parent=4091"}],"curies":[{"name":"wp","href":"https:\/\/api.w.org\/{rel}","templated":true}]}}