{"id":4167,"date":"2018-05-25T08:49:48","date_gmt":"2018-05-25T08:49:48","guid":{"rendered":"http:\/\/escort-technology.com\/?page_id=4167"},"modified":"2021-10-19T08:45:15","modified_gmt":"2021-10-19T06:45:15","slug":"seaspy-marine-magnetometer","status":"publish","type":"page","link":"https:\/\/escort-technology.com\/pl\/seaspy-marine-magnetometer\/","title":{"rendered":"SeaSpy2 Marine Magnetometer"},"content":{"rendered":"<h2>SeaSpy2 Marine Magnetometer<\/h2>\n<hr>\n<p><img decoding=\"async\" src=\"\/wp-content\/uploads\/2021\/10\/Marine_Magnetics_Sea_Spy_Mag_noaltyestow_notailconnectorweb.png\" alt=\"\"><\/p>\n<div>\n<p style=\"text-align: center;\"><strong>Najnowsze rozwi\u0105zanie w dziedzinie pomiar\u00f3w magnetometrycznych firmy Marine Magnetisc.<\/strong><\/p>\n<p style=\"text-align: center;\"><strong>Magnetometr SeaSPY2 i jego zalety:<\/strong><\/p>\n<ul>\n<li style=\"text-align: left;\">\u0142atwy w obs\u0142udze<\/li>\n<li style=\"text-align: left;\">mocna obudowa<\/li>\n<li style=\"text-align: left;\">wysoce niskie zu\u017cycie energii<\/li>\n<li style=\"text-align: left;\">wykonuje samodzieln\u0105 diagnostyk\u0119<\/li>\n<li style=\"text-align: left;\">posiada alarm wtargni\u0119cia wody<\/li>\n<li style=\"text-align: left;\">uzyskuje dane o wysokiej dok\u0142adno\u015bci<\/li>\n<li style=\"text-align: left;\">umo\u017cliwia pod\u0142\u0105czenie w zestaw gradiometryczny \u2013 szeregowo lub r\u00f3wnolegle<\/li>\n<\/ul>\n<\/div>\n<div>\n<p><strong>System SeaSPY2 zawiera:<\/strong><\/p>\n<ul>\n<li>Magnetometr<\/li>\n<li>Wielokierunkowy Sensor<\/li>\n<li>Modu\u0142 elektroniczny<\/li>\n<li>Czujnik przecieku wody<\/li>\n<li>Obci\u0105\u017cniki wywa\u017caj\u0105ce<\/li>\n<\/ul>\n<p>4 wewn\u0119trzne odwa\u017cniki zwi\u0119kszaj\u0105ce wag\u0119 holowanego zestawu i zapobiegaj\u0105 przekr\u0119caniu si\u0119 podczas holowania. Istnieje mo\u017cliwo\u015b\u0107 samodzielnego dopasowania ilo\u015bci odwa\u017cnik\u00f3w.<\/p>\n<p><strong>G\u0142\u0119boko\u015b\u0107 pracy<\/strong><\/p>\n<p>1000m (1500psi), 3000m (5000psi), 6000m (9000psi)<\/p>\n<p><strong>Kabel Holowniczy<\/strong><\/p>\n<p>D\u0142ugo\u015b\u0107 w zale\u017cno\u015bci od wymaga\u0144 klienta.<\/p>\n<p><strong>Interfejs (tranceiver)<\/strong><\/p>\n<p>Umo\u017cliwia komunikacj\u0119 pomi\u0119dzy komputerem<br \/>PC i magnetometrem.<\/p>\n<p>Wymiary: 11 x 6 x 3 cm (4 x 2 x 1&#8243;) Weight: 130g (0.28 lbs)<\/p>\n<p><strong>Zasilanie<\/strong><\/p>\n<p>Wej\u015bciowe: 100-240VAC, 50\/60Hz, wyj\u015bciowe:<br \/>24V DC.<\/p>\n<p><strong>Dodatkowy przew\u00f3d zasilaj\u0105cy z akumulatora samochodowego 12 V<\/strong><\/p>\n<p>U\u017cywany zamiast g\u0142\u00f3wnego \u017ar\u00f3d\u0142a zasilania.<\/p>\n<p><strong>Przew\u00f3d RS232<\/strong><\/p>\n<p>S\u0142u\u017c\u0105cy do pod\u0142\u0105czenia pomi\u0119dzy magnetometrem<br \/>a komputerem PC.<\/p>\n<p><strong>BOB<\/strong><\/p>\n<p>Oprogramowanie do akwizycji i wizualizacji danych<\/p>\n<p><strong>Aluminiowa Walizka<\/strong><\/p>\n<p>Do przechowywania wszystkich wy\u017cej wymienionych akcesori\u00f3w.<\/p>\n<p><strong>Opcjonalne wyposa\u017cenie<\/strong><\/p>\n<ul>\n<li>Czujnik ci\u015bnienia<\/li>\n<li>Altimetr<\/li>\n<li>Transponder<\/li>\n<li>Integrator skanowania bocznego<\/li>\n<li>Kabel<\/li>\n<li>Zestaw do zaka\u0144czania kabla<\/li>\n<li>Szpula do nawijania kabla<\/li>\n<\/ul>\n<\/div>\n<p>\n    <a href=\"https:\/\/marinemagnetics.com\/custom\/uploads\/2015\/02\/MM_Brochure-web_SeaSpy2.pdf\">BROSZURA<\/a>\n<\/p>\n<p><!--more--><br \/>\n<!-- {\"name\":\"\",\"type\":\"layout\",\"children\":[{\"name\":\"ANTENA\",\"type\":\"section\",\"props\":{\"width\":\"large\",\"padding\":\"xsmall\",\"style\":\"default\",\"media\":\"\",\"height_viewport\":false,\"header_overlay\":\"light\",\"animation\":\"slide-top-medium\",\"padding_remove_top\":false,\"image_size\":\"cover\",\"image\":\"\",\"image_position\":\"bottom-center\",\"image_fixed\":false,\"class\":\"\",\"overlap\":true,\"vertical_align\":\"middle\",\"title_position\":\"top-left\",\"title_rotation\":\"left\",\"title_breakpoint\":\"xl\"},\"children\":[{\"name\":\"\",\"type\":\"row\",\"children\":[{\"name\":\"\",\"type\":\"column\",\"props\":{\"image_position\":\"center-center\",\"width_medium\":\"1-1\",\"media_overlay_gradient\":\"\"},\"children\":[{\"name\":\"\",\"type\":\"headline\",\"props\":{\"title_element\":\"h2\",\"content\":\"SeaSpy2 Marine Magnetometer\",\"text_align\":\"center\",\"text_align_fallback\":\"center\",\"title_style\":\"h2\",\"block_align\":\"center\"}},{\"name\":\"\",\"type\":\"divider\",\"props\":{\"divider_element\":\"hr\"}}]}]},{\"name\":\"\",\"type\":\"row\",\"props\":{\"margin\":\"medium\"},\"children\":[{\"name\":\"\",\"type\":\"column\",\"props\":{\"image_position\":\"center-center\",\"width_medium\":\"\",\"media_overlay_gradient\":\"\"},\"children\":[{\"type\":\"image\",\"props\":{\"margin\":\"default\",\"image_svg_color\":\"emphasis\",\"image\":\"wp-content\\\/uploads\\\/2021\\\/10\\\/Marine_Magnetics_Sea_Spy_Mag_noaltyestow_notailconnectorweb.png\",\"text_align\":\"center\"}},{\"name\":\"\",\"type\":\"text\",\"props\":{\"column_breakpoint\":\"m\",\"margin\":\"medium\",\"content\":\"\n\n<p style=\\\"text-align: center;\\\"><strong>Najnowsze rozwi\\u0105zanie w dziedzinie pomiar\\u00f3w magnetometrycznych firmy Marine Magnetisc.<\\\/strong><\\\/p>\\n\n\n<p style=\\\"text-align: center;\\\"><strong>Magnetometr SeaSPY2 i jego zalety:<\\\/strong><\\\/p>\\n\n\n<ul>\\n\n\n<li style=\\\"text-align: left;\\\">\\u0142atwy w obs\\u0142udze<\\\/li>\\n\n\n<li style=\\\"text-align: left;\\\">mocna obudowa<\\\/li>\\n\n\n<li style=\\\"text-align: left;\\\">wysoce niskie zu\\u017cycie energii<\\\/li>\\n\n\n<li style=\\\"text-align: left;\\\">wykonuje samodzieln\\u0105 diagnostyk\\u0119<\\\/li>\\n\n\n<li style=\\\"text-align: left;\\\">posiada alarm wtargni\\u0119cia wody<\\\/li>\\n\n\n<li style=\\\"text-align: left;\\\">uzyskuje dane o wysokiej dok\\u0142adno\\u015bci<\\\/li>\\n\n\n<li style=\\\"text-align: left;\\\">umo\\u017cliwia pod\\u0142\\u0105czenie w zestaw gradiometryczny \\u2013 szeregowo lub r\\u00f3wnolegle<\\\/li>\\n<\\\/ul>\",\"animation\":\"slide-left-medium\",\"text_align\":\"justify\",\"text_align_breakpoint\":\"m\",\"text_align_fallback\":\"center\",\"maxwidth\":\"2xlarge\"}},{\"name\":\"\",\"type\":\"text\",\"props\":{\"margin\":\"default\",\"column_breakpoint\":\"m\",\"content\":\"\n\n<p><strong>System SeaSPY2 zawiera:<\\\/strong><\\\/p>\\n\n\n<ul>\\n\n\n<li>Magnetometr<\\\/li>\\n\n\n<li>Wielokierunkowy Sensor<\\\/li>\\n\n\n<li>Modu\\u0142 elektroniczny<\\\/li>\\n\n\n<li>Czujnik przecieku wody<\\\/li>\\n\n\n<li>Obci\\u0105\\u017cniki wywa\\u017caj\\u0105ce<\\\/li>\\n<\\\/ul>\\n\n\n<p>4 wewn\\u0119trzne odwa\\u017cniki zwi\\u0119kszaj\\u0105ce wag\\u0119 holowanego zestawu i zapobiegaj\\u0105 przekr\\u0119caniu si\\u0119 podczas holowania. Istnieje mo\\u017cliwo\\u015b\\u0107 samodzielnego dopasowania ilo\\u015bci odwa\\u017cnik\\u00f3w.<\\\/p>\\n\n\n<p><strong>G\\u0142\\u0119boko\\u015b\\u0107 pracy<\\\/strong><\\\/p>\\n\n\n<p>1000m (1500psi), 3000m (5000psi), 6000m (9000psi)<\\\/p>\\n\n\n<p><strong>Kabel Holowniczy<\\\/strong><\\\/p>\\n\n\n<p>D\\u0142ugo\\u015b\\u0107 w zale\\u017cno\\u015bci od wymaga\\u0144 klienta.<\\\/p>\\n\n\n<p><strong>Interfejs (tranceiver)<\\\/strong><\\\/p>\\n\n\n<p>Umo\\u017cliwia komunikacj\\u0119 pomi\\u0119dzy komputerem<br \\\/>PC i magnetometrem.<\\\/p>\\n\n\n<p>Wymiary: 11 x 6 x 3 cm (4 x 2 x 1\\\") Weight: 130g (0.28 lbs)<\\\/p>\\n\n\n<p><strong>Zasilanie<\\\/strong><\\\/p>\\n\n\n<p>Wej\\u015bciowe: 100-240VAC, 50\\\/60Hz, wyj\\u015bciowe:<br \\\/>24V DC.<\\\/p>\\n\n\n<p><strong>Dodatkowy przew\\u00f3d zasilaj\\u0105cy z akumulatora samochodowego 12 V<\\\/strong><\\\/p>\\n\n\n<p>U\\u017cywany zamiast g\\u0142\\u00f3wnego \\u017ar\\u00f3d\\u0142a zasilania.<\\\/p>\\n\n\n<p><strong>Przew\\u00f3d RS232<\\\/strong><\\\/p>\\n\n\n<p>S\\u0142u\\u017c\\u0105cy do pod\\u0142\\u0105czenia pomi\\u0119dzy magnetometrem<br \\\/>a komputerem PC.<\\\/p>\\n\n\n<p><strong>BOB<\\\/strong><\\\/p>\\n\n\n<p>Oprogramowanie do akwizycji i wizualizacji danych<\\\/p>\\n\n\n<p><strong>Aluminiowa Walizka<\\\/strong><\\\/p>\\n\n\n<p>Do przechowywania wszystkich wy\\u017cej wymienionych akcesori\\u00f3w.<\\\/p>\\n\n\n<p><strong>Opcjonalne wyposa\\u017cenie<\\\/strong><\\\/p>\\n\n\n<ul>\\n\n\n<li>Czujnik ci\\u015bnienia<\\\/li>\\n\n\n<li>Altimetr<\\\/li>\\n\n\n<li>Transponder<\\\/li>\\n\n\n<li>Integrator skanowania bocznego<\\\/li>\\n\n\n<li>Kabel<\\\/li>\\n\n\n<li>Zestaw do zaka\\u0144czania kabla<\\\/li>\\n\n\n<li>Szpula do nawijania kabla<\\\/li>\\n<\\\/ul>\"}}]}]},{\"name\":\"\",\"type\":\"row\",\"children\":[{\"name\":\"\",\"type\":\"column\",\"props\":{\"image_position\":\"center-center\",\"width_medium\":\"1-1\",\"media_overlay_gradient\":\"\"},\"children\":[{\"name\":\"\",\"type\":\"button\",\"props\":{\"margin\":\"default\",\"text_align\":\"center\",\"grid_column_gap\":\"small\",\"grid_row_gap\":\"small\"},\"children\":[{\"name\":\"\",\"type\":\"button_item\",\"props\":{\"button_style\":\"secondary\",\"icon_align\":\"left\",\"content\":\"BROSZURA\",\"link\":\"https:\\\/\\\/marinemagnetics.com\\\/custom\\\/uploads\\\/2015\\\/02\\\/MM_Brochure-web_SeaSpy2.pdf\"}}]}]}]}]}],\"version\":\"2.4.14\"} --><\/p>\n","protected":false},"excerpt":{"rendered":"<p>SeaSpy2 Marine Magnetometer Najnowsze rozwi\u0105zanie w dziedzinie pomiar\u00f3w magnetometrycznych firmy Marine Magnetisc. Magnetometr SeaSPY2 i jego zalety: \u0142atwy w obs\u0142udze mocna obudowa wysoce niskie zu\u017cycie energii wykonuje samodzieln\u0105 diagnostyk\u0119 posiada alarm wtargni\u0119cia wody uzyskuje dane o wysokiej dok\u0142adno\u015bci umo\u017cliwia pod\u0142\u0105czenie w zestaw gradiometryczny \u2013 szeregowo lub r\u00f3wnolegle System SeaSPY2 zawiera: Magnetometr Wielokierunkowy Sensor Modu\u0142 elektroniczny [&hellip;]<\/p>\n","protected":false},"author":6,"featured_media":0,"parent":0,"menu_order":0,"comment_status":"closed","ping_status":"closed","template":"","meta":{"footnotes":""},"class_list":["post-4167","page","type-page","status-publish","hentry"],"yoast_head":"<!-- This site is optimized with the Yoast SEO plugin v27.5 - https:\/\/yoast.com\/product\/yoast-seo-wordpress\/ -->\n<title>SeaSpy2 Marine Magnetometer - ESCORT TECHNOLOGY<\/title>\n<meta name=\"robots\" content=\"index, follow, max-snippet:-1, max-image-preview:large, max-video-preview:-1\" \/>\n<link rel=\"canonical\" href=\"https:\/\/escort-technology.com\/pl\/de\/seaspy-marine-magnetometer\/\" \/>\n<meta property=\"og:locale\" content=\"pl_PL\" \/>\n<meta property=\"og:type\" content=\"article\" \/>\n<meta property=\"og:title\" content=\"SeaSpy2 Marine Magnetometer - ESCORT TECHNOLOGY\" \/>\n<meta property=\"og:description\" content=\"SeaSpy2 Marine Magnetometer Najnowsze rozwi\u0105zanie w dziedzinie pomiar\u00f3w magnetometrycznych firmy Marine Magnetisc. Magnetometr SeaSPY2 i jego zalety: \u0142atwy w obs\u0142udze mocna obudowa wysoce niskie zu\u017cycie energii wykonuje samodzieln\u0105 diagnostyk\u0119 posiada alarm wtargni\u0119cia wody uzyskuje dane o wysokiej dok\u0142adno\u015bci umo\u017cliwia pod\u0142\u0105czenie w zestaw gradiometryczny \u2013 szeregowo lub r\u00f3wnolegle System SeaSPY2 zawiera: Magnetometr Wielokierunkowy Sensor Modu\u0142 elektroniczny [&hellip;]\" \/>\n<meta property=\"og:url\" content=\"https:\/\/escort-technology.com\/pl\/de\/seaspy-marine-magnetometer\/\" \/>\n<meta property=\"og:site_name\" content=\"ESCORT TECHNOLOGY\" \/>\n<meta property=\"article:publisher\" content=\"https:\/\/www.facebook.com\/elektronika.morska\/\" \/>\n<meta property=\"article:modified_time\" content=\"2021-10-19T06:45:15+00:00\" \/>\n<meta property=\"og:image\" content=\"https:\/\/escort-technology.com\/wp-content\/uploads\/2021\/10\/Marine_Magnetics_Sea_Spy_Mag_noaltyestow_notailconnectorweb.png\" \/>\n<meta name=\"twitter:card\" content=\"summary_large_image\" \/>\n<meta name=\"twitter:label1\" content=\"Szacowany czas czytania\" \/>\n\t<meta name=\"twitter:data1\" content=\"1 minuta\" \/>\n<script type=\"application\/ld+json\" class=\"yoast-schema-graph\">{\"@context\":\"https:\\\/\\\/schema.org\",\"@graph\":[{\"@type\":\"WebPage\",\"@id\":\"https:\\\/\\\/escort-technology.com\\\/de\\\/seaspy-marine-magnetometer\\\/\",\"url\":\"https:\\\/\\\/escort-technology.com\\\/de\\\/seaspy-marine-magnetometer\\\/\",\"name\":\"SeaSpy2 Marine Magnetometer - ESCORT TECHNOLOGY\",\"isPartOf\":{\"@id\":\"http:\\\/\\\/escort-technology.com\\\/de\\\/#website\"},\"datePublished\":\"2018-05-25T08:49:48+00:00\",\"dateModified\":\"2021-10-19T06:45:15+00:00\",\"breadcrumb\":{\"@id\":\"https:\\\/\\\/escort-technology.com\\\/de\\\/seaspy-marine-magnetometer\\\/#breadcrumb\"},\"inLanguage\":\"pl-PL\",\"potentialAction\":[{\"@type\":\"ReadAction\",\"target\":[\"https:\\\/\\\/escort-technology.com\\\/de\\\/seaspy-marine-magnetometer\\\/\"]}]},{\"@type\":\"BreadcrumbList\",\"@id\":\"https:\\\/\\\/escort-technology.com\\\/de\\\/seaspy-marine-magnetometer\\\/#breadcrumb\",\"itemListElement\":[{\"@type\":\"ListItem\",\"position\":1,\"name\":\"Strona g\u0142\u00f3wna\",\"item\":\"https:\\\/\\\/escort-technology.com\\\/\"},{\"@type\":\"ListItem\",\"position\":2,\"name\":\"SeaSpy2 Marine Magnetometer\"}]},{\"@type\":\"WebSite\",\"@id\":\"http:\\\/\\\/escort-technology.com\\\/de\\\/#website\",\"url\":\"http:\\\/\\\/escort-technology.com\\\/de\\\/\",\"name\":\"ESCORT TECHNOLOGY\",\"description\":\"Elektronika morska i l\u0105dowa\",\"publisher\":{\"@id\":\"http:\\\/\\\/escort-technology.com\\\/de\\\/#organization\"},\"potentialAction\":[{\"@type\":\"SearchAction\",\"target\":{\"@type\":\"EntryPoint\",\"urlTemplate\":\"http:\\\/\\\/escort-technology.com\\\/de\\\/?s={search_term_string}\"},\"query-input\":{\"@type\":\"PropertyValueSpecification\",\"valueRequired\":true,\"valueName\":\"search_term_string\"}}],\"inLanguage\":\"pl-PL\"},{\"@type\":\"Organization\",\"@id\":\"http:\\\/\\\/escort-technology.com\\\/de\\\/#organization\",\"name\":\"ESCORT TECHNOLOGY\",\"url\":\"http:\\\/\\\/escort-technology.com\\\/de\\\/\",\"logo\":{\"@type\":\"ImageObject\",\"inLanguage\":\"pl-PL\",\"@id\":\"http:\\\/\\\/escort-technology.com\\\/de\\\/#\\\/schema\\\/logo\\\/image\\\/\",\"url\":\"https:\\\/\\\/escort-technology.com\\\/wp-content\\\/uploads\\\/logo-1.jpg\",\"contentUrl\":\"https:\\\/\\\/escort-technology.com\\\/wp-content\\\/uploads\\\/logo-1.jpg\",\"width\":600,\"height\":165,\"caption\":\"ESCORT TECHNOLOGY\"},\"image\":{\"@id\":\"http:\\\/\\\/escort-technology.com\\\/de\\\/#\\\/schema\\\/logo\\\/image\\\/\"},\"sameAs\":[\"https:\\\/\\\/www.facebook.com\\\/elektronika.morska\\\/\",\"https:\\\/\\\/www.linkedin.com\\\/company\\\/escort-sp-z-o-o-\\\/\"]}]}<\/script>\n<!-- \/ Yoast SEO plugin. -->","yoast_head_json":{"title":"SeaSpy2 Marine Magnetometer - ESCORT TECHNOLOGY","robots":{"index":"index","follow":"follow","max-snippet":"max-snippet:-1","max-image-preview":"max-image-preview:large","max-video-preview":"max-video-preview:-1"},"canonical":"https:\/\/escort-technology.com\/pl\/de\/seaspy-marine-magnetometer\/","og_locale":"pl_PL","og_type":"article","og_title":"SeaSpy2 Marine Magnetometer - ESCORT TECHNOLOGY","og_description":"SeaSpy2 Marine Magnetometer Najnowsze rozwi\u0105zanie w dziedzinie pomiar\u00f3w magnetometrycznych firmy Marine Magnetisc. Magnetometr SeaSPY2 i jego zalety: \u0142atwy w obs\u0142udze mocna obudowa wysoce niskie zu\u017cycie energii wykonuje samodzieln\u0105 diagnostyk\u0119 posiada alarm wtargni\u0119cia wody uzyskuje dane o wysokiej dok\u0142adno\u015bci umo\u017cliwia pod\u0142\u0105czenie w zestaw gradiometryczny \u2013 szeregowo lub r\u00f3wnolegle System SeaSPY2 zawiera: Magnetometr Wielokierunkowy Sensor Modu\u0142 elektroniczny [&hellip;]","og_url":"https:\/\/escort-technology.com\/pl\/de\/seaspy-marine-magnetometer\/","og_site_name":"ESCORT TECHNOLOGY","article_publisher":"https:\/\/www.facebook.com\/elektronika.morska\/","article_modified_time":"2021-10-19T06:45:15+00:00","og_image":[{"url":"https:\/\/escort-technology.com\/wp-content\/uploads\/2021\/10\/Marine_Magnetics_Sea_Spy_Mag_noaltyestow_notailconnectorweb.png","type":"","width":"","height":""}],"twitter_card":"summary_large_image","twitter_misc":{"Szacowany czas czytania":"1 minuta"},"schema":{"@context":"https:\/\/schema.org","@graph":[{"@type":"WebPage","@id":"https:\/\/escort-technology.com\/de\/seaspy-marine-magnetometer\/","url":"https:\/\/escort-technology.com\/de\/seaspy-marine-magnetometer\/","name":"SeaSpy2 Marine Magnetometer - ESCORT TECHNOLOGY","isPartOf":{"@id":"http:\/\/escort-technology.com\/de\/#website"},"datePublished":"2018-05-25T08:49:48+00:00","dateModified":"2021-10-19T06:45:15+00:00","breadcrumb":{"@id":"https:\/\/escort-technology.com\/de\/seaspy-marine-magnetometer\/#breadcrumb"},"inLanguage":"pl-PL","potentialAction":[{"@type":"ReadAction","target":["https:\/\/escort-technology.com\/de\/seaspy-marine-magnetometer\/"]}]},{"@type":"BreadcrumbList","@id":"https:\/\/escort-technology.com\/de\/seaspy-marine-magnetometer\/#breadcrumb","itemListElement":[{"@type":"ListItem","position":1,"name":"Strona g\u0142\u00f3wna","item":"https:\/\/escort-technology.com\/"},{"@type":"ListItem","position":2,"name":"SeaSpy2 Marine Magnetometer"}]},{"@type":"WebSite","@id":"http:\/\/escort-technology.com\/de\/#website","url":"http:\/\/escort-technology.com\/de\/","name":"ESCORT TECHNOLOGY","description":"Elektronika morska i l\u0105dowa","publisher":{"@id":"http:\/\/escort-technology.com\/de\/#organization"},"potentialAction":[{"@type":"SearchAction","target":{"@type":"EntryPoint","urlTemplate":"http:\/\/escort-technology.com\/de\/?s={search_term_string}"},"query-input":{"@type":"PropertyValueSpecification","valueRequired":true,"valueName":"search_term_string"}}],"inLanguage":"pl-PL"},{"@type":"Organization","@id":"http:\/\/escort-technology.com\/de\/#organization","name":"ESCORT TECHNOLOGY","url":"http:\/\/escort-technology.com\/de\/","logo":{"@type":"ImageObject","inLanguage":"pl-PL","@id":"http:\/\/escort-technology.com\/de\/#\/schema\/logo\/image\/","url":"https:\/\/escort-technology.com\/wp-content\/uploads\/logo-1.jpg","contentUrl":"https:\/\/escort-technology.com\/wp-content\/uploads\/logo-1.jpg","width":600,"height":165,"caption":"ESCORT TECHNOLOGY"},"image":{"@id":"http:\/\/escort-technology.com\/de\/#\/schema\/logo\/image\/"},"sameAs":["https:\/\/www.facebook.com\/elektronika.morska\/","https:\/\/www.linkedin.com\/company\/escort-sp-z-o-o-\/"]}]}},"_links":{"self":[{"href":"https:\/\/escort-technology.com\/pl\/wp-json\/wp\/v2\/pages\/4167","targetHints":{"allow":["GET"]}}],"collection":[{"href":"https:\/\/escort-technology.com\/pl\/wp-json\/wp\/v2\/pages"}],"about":[{"href":"https:\/\/escort-technology.com\/pl\/wp-json\/wp\/v2\/types\/page"}],"author":[{"embeddable":true,"href":"https:\/\/escort-technology.com\/pl\/wp-json\/wp\/v2\/users\/6"}],"replies":[{"embeddable":true,"href":"https:\/\/escort-technology.com\/pl\/wp-json\/wp\/v2\/comments?post=4167"}],"version-history":[{"count":13,"href":"https:\/\/escort-technology.com\/pl\/wp-json\/wp\/v2\/pages\/4167\/revisions"}],"predecessor-version":[{"id":10053,"href":"https:\/\/escort-technology.com\/pl\/wp-json\/wp\/v2\/pages\/4167\/revisions\/10053"}],"wp:attachment":[{"href":"https:\/\/escort-technology.com\/pl\/wp-json\/wp\/v2\/media?parent=4167"}],"curies":[{"name":"wp","href":"https:\/\/api.w.org\/{rel}","templated":true}]}}