{"id":4231,"date":"2018-05-25T09:25:06","date_gmt":"2018-05-25T09:25:06","guid":{"rendered":"http:\/\/escort-technology.com\/?page_id=4231"},"modified":"2018-05-25T09:34:33","modified_gmt":"2018-05-25T09:34:33","slug":"qps-qinsy-enc","status":"publish","type":"page","link":"https:\/\/escort-technology.com\/pl\/qps-qinsy-enc\/","title":{"rendered":"QPS QINSy ENC"},"content":{"rendered":"<p>QPS QINSy ENC<\/p>\n<p>Prosz\u0119 sobie wyobrazi\u0107 pilotowanie DZISIAJ kontenerowca o d\u0142ugo\u015bci 398m w celu wprowadzenia go do portu wykorzystuj\u0105c mapy ENC zaktualizowane o dane sonda\u017cowe zebrane WCZORAJ. Czy\u017c nie jest to marzenie wszystkich agencji produkuj\u0105cych mapy ENC?<br \/>\nProjekt Qinsy ENC jest rozwini\u0119ciem kolejnego produktu ENC. System jest zaprojektowany aby r\u00f3wnie\u017c s\u0142u\u017cy\u0107 jako:<br \/>\n\u2022 Magazyn do dystrybucji danych z pomiar\u00f3w g\u0142\u0119boko\u015bciowych dla r\u00f3\u017cnych klient\u00f3w, zapewniaj\u0105cy niezale\u017cno\u015b\u0107 formatu, odniesienie\u00a0 poziome i pionowe,\u00a0 mo\u017cliwo\u015b\u0107 przechowywania historii danych nawet do 10 lat<br \/>\n\u2022 Utrzymanie p\u0142ynnego \u017ar\u00f3d\u0142a danych niezale\u017cnie od intensywno\u015bci u\u017cytkowania<br \/>\n\u2022 Sprz\u0119t do przechowywania innych typ\u00f3w danych jak np. ADCP<br \/>\n\u2022 Po\u0142\u0105czenie z istniej\u0105c\u0105 ju\u017c baz\u0105 danych GIS, aby unikn\u0105\u0107 konieczno\u015bci utrzymywania tych samych obiekt\u00f3w w wielu systemach lub miejscach przez r\u00f3\u017cnych u\u017cytkownik\u00f3w<br \/>\nAby spe\u0142nia\u0107 z powodzeniem postawione wymogi znacznie przewy\u017cszaj\u0105ce ENC, system zosta\u0142 podzielony na dwa g\u0142\u00f3wne komponenty: Survey Database, Nautical Database. S\u0105 to dwie oddzielne przestrzenne bazy danych dzia\u0142aj\u0105ce niezale\u017cnie od siebie.<\/p>\n<p><!-- {\"name\":\"\",\"type\":\"layout\",\"children\":[{\"name\":\"ANTENA\",\"type\":\"section\",\"props\":{\"width\":\"default\",\"padding\":\"xsmall\",\"style\":\"default\",\"text_color\":\"\",\"media\":\"\",\"height_viewport\":false,\"header_overlay\":\"light\",\"animation\":\"slide-top-medium\",\"padding_remove_top\":false,\"image_size\":\"cover\",\"image\":\"\",\"image_position\":\"bottom-center\",\"image_fixed\":false,\"class\":\"\",\"overlap\":true,\"vertical_align\":\"middle\",\"title_position\":\"top-left\",\"title_rotation\":\"left\",\"title_breakpoint\":\"xl\"},\"children\":[{\"name\":\"\",\"type\":\"row\",\"props\":{\"layout\":\"1-1\",\"breakpoint\":\"m\",\"margin\":\"\",\"fixed_width\":\"large\"},\"children\":[{\"name\":\"\",\"type\":\"column\",\"props\":{\"image_position\":\"center-center\",\"widths\":[\"1-1\"]},\"children\":[{\"name\":\"\",\"type\":\"headline\",\"props\":{\"title_element\":\"h2\",\"content\":\"QPS QINSy ENC\",\"text_align\":\"center\",\"text_align_fallback\":\"center\",\"maxwidth_align\":\"center\",\"maxwidth\":\"\",\"title_style\":\"h2\",\"title_decoration\":\"\",\"margin\":\"\"}},{\"name\":\"\",\"type\":\"divider\",\"props\":{\"divider_element\":\"hr\"}}]}]},{\"name\":\"\",\"type\":\"row\",\"props\":{\"fixed_width\":\"large\",\"breakpoint\":\"m\",\"layout\":\",2-3\",\"margin\":\"medium\"},\"children\":[{\"name\":\"\",\"type\":\"column\",\"props\":{\"widths\":[\"\"],\"image_position\":\"center-center\"},\"children\":[{\"name\":\"\",\"type\":\"image\",\"props\":{\"margin\":\"default\",\"image\":\"wp-content\\\/uploads\\\/enc_2.jpg\",\"image_width\":\"300\",\"image_box_shadow\":\"\",\"image_border\":\"rounded\",\"text_align\":\"center\"}}]},{\"name\":\"\",\"type\":\"column\",\"props\":{\"widths\":[\"2-3\"],\"image_position\":\"center-center\"},\"children\":[{\"name\":\"\",\"type\":\"text\",\"props\":{\"column_breakpoint\":\"m\",\"margin\":\"medium\",\"content\":\"\n\n<p>Prosz\\u0119 sobie wyobrazi\\u0107 pilotowanie DZISIAJ kontenerowca o d\\u0142ugo\\u015bci 398m w celu wprowadzenia go do portu wykorzystuj\\u0105c mapy ENC zaktualizowane o dane sonda\\u017cowe zebrane WCZORAJ. Czy\\u017c nie jest to marzenie wszystkich agencji produkuj\\u0105cych mapy ENC?<\\\/p>\\n\n\n<p>Projekt Qinsy ENC jest rozwini\\u0119ciem kolejnego produktu ENC. System jest zaprojektowany aby r\\u00f3wnie\\u017c <br \\\/>s\\u0142u\\u017cy\\u0107 jako:<\\\/p>\\n\n\n<p>\\u2022 Magazyn do dystrybucji danych z pomiar\\u00f3w g\\u0142\\u0119boko\\u015bciowych dla r\\u00f3\\u017cnych klient\\u00f3w, zapewniaj\\u0105cy niezale\\u017cno\\u015b\\u0107 formatu, odniesienie\\u00a0 poziome i pionowe,\\u00a0 mo\\u017cliwo\\u015b\\u0107 przechowywania historii danych nawet do 10 lat<\\\/p>\\n\n\n<p>\\u2022 Utrzymanie p\\u0142ynnego \\u017ar\\u00f3d\\u0142a danych niezale\\u017cnie od intensywno\\u015bci u\\u017cytkowania<\\\/p>\\n\n\n<p>\\u2022 Sprz\\u0119t do przechowywania innych typ\\u00f3w danych jak np. ADCP<\\\/p>\\n\n\n<p>\\u2022 Po\\u0142\\u0105czenie z istniej\\u0105c\\u0105 ju\\u017c baz\\u0105 danych GIS, aby unikn\\u0105\\u0107 konieczno\\u015bci utrzymywania tych samych obiekt\\u00f3w w wielu systemach lub miejscach przez r\\u00f3\\u017cnych u\\u017cytkownik\\u00f3w<\\\/p>\\n\n\n<p>Aby spe\\u0142nia\\u0107 z powodzeniem postawione wymogi znacznie przewy\\u017cszaj\\u0105ce ENC, system zosta\\u0142 podzielony na dwa g\\u0142\\u00f3wne komponenty: Survey Database, Nautical Database. S\\u0105 to dwie oddzielne przestrzenne bazy danych dzia\\u0142aj\\u0105ce niezale\\u017cnie od siebie.<\\\/p>\",\"animation\":\"slide-left-medium\",\"text_align\":\"justify\",\"text_align_breakpoint\":\"m\",\"text_align_fallback\":\"center\",\"text_size\":\"\",\"maxwidth\":\"xxlarge\"}}]}]}]}]} --><\/p>\n","protected":false},"excerpt":{"rendered":"<p>QPS QINSy ENC Prosz\u0119 sobie wyobrazi\u0107 pilotowanie DZISIAJ kontenerowca o d\u0142ugo\u015bci 398m w celu wprowadzenia go do portu wykorzystuj\u0105c mapy ENC zaktualizowane o dane sonda\u017cowe zebrane WCZORAJ. Czy\u017c nie jest to marzenie wszystkich agencji produkuj\u0105cych mapy ENC? Projekt Qinsy ENC jest rozwini\u0119ciem kolejnego produktu ENC. System jest zaprojektowany aby r\u00f3wnie\u017c s\u0142u\u017cy\u0107 jako: \u2022 Magazyn do [&hellip;]<\/p>\n","protected":false},"author":6,"featured_media":0,"parent":0,"menu_order":0,"comment_status":"closed","ping_status":"closed","template":"","meta":{"footnotes":""},"class_list":["post-4231","page","type-page","status-publish","hentry"],"yoast_head":"<!-- This site is optimized with the Yoast SEO plugin v27.4 - https:\/\/yoast.com\/product\/yoast-seo-wordpress\/ -->\n<title>QPS QINSy ENC - ESCORT TECHNOLOGY<\/title>\n<meta name=\"robots\" content=\"index, follow, max-snippet:-1, max-image-preview:large, max-video-preview:-1\" \/>\n<link rel=\"canonical\" href=\"http:\/\/escort-technology.com\/pl\/de\/qps-qinsy-enc\/\" \/>\n<meta property=\"og:locale\" content=\"pl_PL\" \/>\n<meta property=\"og:type\" content=\"article\" \/>\n<meta property=\"og:title\" content=\"QPS QINSy ENC - ESCORT TECHNOLOGY\" \/>\n<meta property=\"og:description\" content=\"QPS QINSy ENC Prosz\u0119 sobie wyobrazi\u0107 pilotowanie DZISIAJ kontenerowca o d\u0142ugo\u015bci 398m w celu wprowadzenia go do portu wykorzystuj\u0105c mapy ENC zaktualizowane o dane sonda\u017cowe zebrane WCZORAJ. Czy\u017c nie jest to marzenie wszystkich agencji produkuj\u0105cych mapy ENC? Projekt Qinsy ENC jest rozwini\u0119ciem kolejnego produktu ENC. System jest zaprojektowany aby r\u00f3wnie\u017c s\u0142u\u017cy\u0107 jako: \u2022 Magazyn do [&hellip;]\" \/>\n<meta property=\"og:url\" content=\"http:\/\/escort-technology.com\/pl\/de\/qps-qinsy-enc\/\" \/>\n<meta property=\"og:site_name\" content=\"ESCORT TECHNOLOGY\" \/>\n<meta property=\"article:publisher\" content=\"https:\/\/www.facebook.com\/elektronika.morska\/\" \/>\n<meta property=\"article:modified_time\" content=\"2018-05-25T09:34:33+00:00\" \/>\n<meta name=\"twitter:card\" content=\"summary_large_image\" \/>\n<meta name=\"twitter:label1\" content=\"Szacowany czas czytania\" \/>\n\t<meta name=\"twitter:data1\" content=\"1 minuta\" \/>\n<script type=\"application\/ld+json\" class=\"yoast-schema-graph\">{\"@context\":\"https:\\\/\\\/schema.org\",\"@graph\":[{\"@type\":\"WebPage\",\"@id\":\"http:\\\/\\\/escort-technology.com\\\/de\\\/qps-qinsy-enc\\\/\",\"url\":\"http:\\\/\\\/escort-technology.com\\\/de\\\/qps-qinsy-enc\\\/\",\"name\":\"QPS QINSy ENC - ESCORT TECHNOLOGY\",\"isPartOf\":{\"@id\":\"http:\\\/\\\/escort-technology.com\\\/de\\\/#website\"},\"datePublished\":\"2018-05-25T09:25:06+00:00\",\"dateModified\":\"2018-05-25T09:34:33+00:00\",\"breadcrumb\":{\"@id\":\"http:\\\/\\\/escort-technology.com\\\/de\\\/qps-qinsy-enc\\\/#breadcrumb\"},\"inLanguage\":\"pl-PL\",\"potentialAction\":[{\"@type\":\"ReadAction\",\"target\":[\"http:\\\/\\\/escort-technology.com\\\/de\\\/qps-qinsy-enc\\\/\"]}]},{\"@type\":\"BreadcrumbList\",\"@id\":\"http:\\\/\\\/escort-technology.com\\\/de\\\/qps-qinsy-enc\\\/#breadcrumb\",\"itemListElement\":[{\"@type\":\"ListItem\",\"position\":1,\"name\":\"Strona g\u0142\u00f3wna\",\"item\":\"https:\\\/\\\/escort-technology.com\\\/\"},{\"@type\":\"ListItem\",\"position\":2,\"name\":\"QPS QINSy ENC\"}]},{\"@type\":\"WebSite\",\"@id\":\"http:\\\/\\\/escort-technology.com\\\/de\\\/#website\",\"url\":\"http:\\\/\\\/escort-technology.com\\\/de\\\/\",\"name\":\"ESCORT TECHNOLOGY\",\"description\":\"Elektronika morska i l\u0105dowa\",\"publisher\":{\"@id\":\"http:\\\/\\\/escort-technology.com\\\/de\\\/#organization\"},\"potentialAction\":[{\"@type\":\"SearchAction\",\"target\":{\"@type\":\"EntryPoint\",\"urlTemplate\":\"http:\\\/\\\/escort-technology.com\\\/de\\\/?s={search_term_string}\"},\"query-input\":{\"@type\":\"PropertyValueSpecification\",\"valueRequired\":true,\"valueName\":\"search_term_string\"}}],\"inLanguage\":\"pl-PL\"},{\"@type\":\"Organization\",\"@id\":\"http:\\\/\\\/escort-technology.com\\\/de\\\/#organization\",\"name\":\"ESCORT TECHNOLOGY\",\"url\":\"http:\\\/\\\/escort-technology.com\\\/de\\\/\",\"logo\":{\"@type\":\"ImageObject\",\"inLanguage\":\"pl-PL\",\"@id\":\"http:\\\/\\\/escort-technology.com\\\/de\\\/#\\\/schema\\\/logo\\\/image\\\/\",\"url\":\"https:\\\/\\\/escort-technology.com\\\/wp-content\\\/uploads\\\/logo-1.jpg\",\"contentUrl\":\"https:\\\/\\\/escort-technology.com\\\/wp-content\\\/uploads\\\/logo-1.jpg\",\"width\":600,\"height\":165,\"caption\":\"ESCORT TECHNOLOGY\"},\"image\":{\"@id\":\"http:\\\/\\\/escort-technology.com\\\/de\\\/#\\\/schema\\\/logo\\\/image\\\/\"},\"sameAs\":[\"https:\\\/\\\/www.facebook.com\\\/elektronika.morska\\\/\",\"https:\\\/\\\/www.linkedin.com\\\/company\\\/escort-sp-z-o-o-\\\/\"]}]}<\/script>\n<!-- \/ Yoast SEO plugin. -->","yoast_head_json":{"title":"QPS QINSy ENC - ESCORT TECHNOLOGY","robots":{"index":"index","follow":"follow","max-snippet":"max-snippet:-1","max-image-preview":"max-image-preview:large","max-video-preview":"max-video-preview:-1"},"canonical":"http:\/\/escort-technology.com\/pl\/de\/qps-qinsy-enc\/","og_locale":"pl_PL","og_type":"article","og_title":"QPS QINSy ENC - ESCORT TECHNOLOGY","og_description":"QPS QINSy ENC Prosz\u0119 sobie wyobrazi\u0107 pilotowanie DZISIAJ kontenerowca o d\u0142ugo\u015bci 398m w celu wprowadzenia go do portu wykorzystuj\u0105c mapy ENC zaktualizowane o dane sonda\u017cowe zebrane WCZORAJ. Czy\u017c nie jest to marzenie wszystkich agencji produkuj\u0105cych mapy ENC? Projekt Qinsy ENC jest rozwini\u0119ciem kolejnego produktu ENC. System jest zaprojektowany aby r\u00f3wnie\u017c s\u0142u\u017cy\u0107 jako: \u2022 Magazyn do [&hellip;]","og_url":"http:\/\/escort-technology.com\/pl\/de\/qps-qinsy-enc\/","og_site_name":"ESCORT TECHNOLOGY","article_publisher":"https:\/\/www.facebook.com\/elektronika.morska\/","article_modified_time":"2018-05-25T09:34:33+00:00","twitter_card":"summary_large_image","twitter_misc":{"Szacowany czas czytania":"1 minuta"},"schema":{"@context":"https:\/\/schema.org","@graph":[{"@type":"WebPage","@id":"http:\/\/escort-technology.com\/de\/qps-qinsy-enc\/","url":"http:\/\/escort-technology.com\/de\/qps-qinsy-enc\/","name":"QPS QINSy ENC - ESCORT TECHNOLOGY","isPartOf":{"@id":"http:\/\/escort-technology.com\/de\/#website"},"datePublished":"2018-05-25T09:25:06+00:00","dateModified":"2018-05-25T09:34:33+00:00","breadcrumb":{"@id":"http:\/\/escort-technology.com\/de\/qps-qinsy-enc\/#breadcrumb"},"inLanguage":"pl-PL","potentialAction":[{"@type":"ReadAction","target":["http:\/\/escort-technology.com\/de\/qps-qinsy-enc\/"]}]},{"@type":"BreadcrumbList","@id":"http:\/\/escort-technology.com\/de\/qps-qinsy-enc\/#breadcrumb","itemListElement":[{"@type":"ListItem","position":1,"name":"Strona g\u0142\u00f3wna","item":"https:\/\/escort-technology.com\/"},{"@type":"ListItem","position":2,"name":"QPS QINSy ENC"}]},{"@type":"WebSite","@id":"http:\/\/escort-technology.com\/de\/#website","url":"http:\/\/escort-technology.com\/de\/","name":"ESCORT TECHNOLOGY","description":"Elektronika morska i l\u0105dowa","publisher":{"@id":"http:\/\/escort-technology.com\/de\/#organization"},"potentialAction":[{"@type":"SearchAction","target":{"@type":"EntryPoint","urlTemplate":"http:\/\/escort-technology.com\/de\/?s={search_term_string}"},"query-input":{"@type":"PropertyValueSpecification","valueRequired":true,"valueName":"search_term_string"}}],"inLanguage":"pl-PL"},{"@type":"Organization","@id":"http:\/\/escort-technology.com\/de\/#organization","name":"ESCORT TECHNOLOGY","url":"http:\/\/escort-technology.com\/de\/","logo":{"@type":"ImageObject","inLanguage":"pl-PL","@id":"http:\/\/escort-technology.com\/de\/#\/schema\/logo\/image\/","url":"https:\/\/escort-technology.com\/wp-content\/uploads\/logo-1.jpg","contentUrl":"https:\/\/escort-technology.com\/wp-content\/uploads\/logo-1.jpg","width":600,"height":165,"caption":"ESCORT TECHNOLOGY"},"image":{"@id":"http:\/\/escort-technology.com\/de\/#\/schema\/logo\/image\/"},"sameAs":["https:\/\/www.facebook.com\/elektronika.morska\/","https:\/\/www.linkedin.com\/company\/escort-sp-z-o-o-\/"]}]}},"_links":{"self":[{"href":"https:\/\/escort-technology.com\/pl\/wp-json\/wp\/v2\/pages\/4231","targetHints":{"allow":["GET"]}}],"collection":[{"href":"https:\/\/escort-technology.com\/pl\/wp-json\/wp\/v2\/pages"}],"about":[{"href":"https:\/\/escort-technology.com\/pl\/wp-json\/wp\/v2\/types\/page"}],"author":[{"embeddable":true,"href":"https:\/\/escort-technology.com\/pl\/wp-json\/wp\/v2\/users\/6"}],"replies":[{"embeddable":true,"href":"https:\/\/escort-technology.com\/pl\/wp-json\/wp\/v2\/comments?post=4231"}],"version-history":[{"count":2,"href":"https:\/\/escort-technology.com\/pl\/wp-json\/wp\/v2\/pages\/4231\/revisions"}],"predecessor-version":[{"id":4247,"href":"https:\/\/escort-technology.com\/pl\/wp-json\/wp\/v2\/pages\/4231\/revisions\/4247"}],"wp:attachment":[{"href":"https:\/\/escort-technology.com\/pl\/wp-json\/wp\/v2\/media?parent=4231"}],"curies":[{"name":"wp","href":"https:\/\/api.w.org\/{rel}","templated":true}]}}