{"id":4312,"date":"2018-05-25T11:20:23","date_gmt":"2018-05-25T11:20:23","guid":{"rendered":"http:\/\/escort-technology.com\/?page_id=4312"},"modified":"2018-05-25T12:32:13","modified_gmt":"2018-05-25T12:32:13","slug":"winda-macartney-mermac-r","status":"publish","type":"page","link":"https:\/\/escort-technology.com\/pl\/winda-macartney-mermac-r\/","title":{"rendered":"Winda MacArtney MERMAC R"},"content":{"rendered":"<p>Winda MacArtney MERMAC R<\/p>\n<p>Winda elektryczna firmy MacArtney MERMAC R jest solidnym i zaawansowanym systemem obs\u0142ugi pojazd\u00f3w, kt\u00f3ra zapewnia bezpieczn\u0105 obs\u0142ug\u0119 na wszystkich etapach pracy system\u00f3w ROV.<br \/>\nWindy MERMAC R charakteryzuj\u0105 si\u0119 niezawodno\u015bci\u0105, oferuj\u0105 wysok\u0105 wydajno\u015b\u0107 i \u0142atw\u0105 obs\u0142ug\u0119. Windy MERMAC R s\u0105 dost\u0119pne w konfiguracjach\u00a0standardowych i niestandardowych, tworzonych na indywidualne potrzeby u\u017cytkownika. Wszystkie windy MERMAC R s\u0105 zaprojektowane jako kompaktowe\u00a0i modularne. Kilka element\u00f3w urz\u0105dzenia, jest wytwarzanych jako standard, co u\u0142atwia okre\u015blenie potrzeb i dostosowanie ich lub uaktualnienie do wymaganej wydajno\u015bci i pojemno\u015bci.<br \/>\nWindy MERMAC R s\u0105 dost\u0119pne z aktywn\u0105 kompensacj\u0105 ko\u0142ysania (AHC), kt\u00f3ra natychmiast kompensuje ruch statku spowodowany falami, nawet podczas\u00a0trudnych warunk\u00f3w.<br \/>\nWci\u0105garki MERMAC R mog\u0105 by\u0107 dostarczane za pomoc\u0105 zdalnego narz\u0119dzia diagnostycznego, kt\u00f3re pozwala technikom MacArtney zdalnie monitorowa\u0107 i\u00a0rozwi\u0105zywa\u0107 problemy z kilkoma funkcjami wci\u0105garki w czasie rzeczywistym. Eliminuj\u0105c zb\u0119dne wsparcie in\u017cynieryjne offshore, ta unikalna cecha potencjalnie oferuje znaczne oszcz\u0119dno\u015bci dla klient\u00f3w i operator\u00f3w.<br \/>\nCechy i zalety<\/p>\n<p>Zwarta i modu\u0142owa konstrukcja przy u\u017cyciu standardowych i wymiennych element\u00f3w<br \/>\nZaprojektowany do \u0142atwej integracji z systemami<br \/>\nZintegrowana ochrona ramy \u00a0<br \/>\nG\u0142\u00f3wny prze\u0142\u0105cznik montowany na ramie<br \/>\nZaprojektowany zgodnie z norm\u0105 DNV w sprawie norm dla urz\u0105dze\u0144 podnosz\u0105cych certyfikat 2.22<br \/>\nNiski poziom ha\u0142asu<\/p>\n<p>Zastosowanie<\/p>\n<p>Systemy ROV<br \/>\nSystemy inspekcji ROV<br \/>\nHolowane pojazdy i systemy podwodne<br \/>\nInstalacje podmorskie<br \/>\nOg\u00f3lne instrumenty i aplikacje morskie<br \/>\nD\u017awig podwodny<\/p>\n<p>Opcje systemu<\/p>\n<p>Aktywna kompensacja ko\u0142ysania (AHC)<br \/>\nZdalne narz\u0119dzie diagnostyczne<br \/>\nProgram serwisowy i konserwacyjny<br \/>\nZestaw cz\u0119\u015bci zamiennych<br \/>\nZdalna kontrola z klawiszem STOP<br \/>\nZdalna kontrola z klawiszem STOP oraz wy\u015bwietlaczem ze wskazaniem d\u0142ugo\u015bci kabla i pr\u0119dko\u015bci.<br \/>\nBezprzewodowy pilot zdalnego sterowania z joystickiem i awaryjnym klawiszem STOP<br \/>\nWska\u017anik stanu kabla (pr\u0119dko\u015b\u0107 i d\u0142ugo\u015b\u0107)<br \/>\n\u017buraw lub \u017curaw pok\u0142adowy<br \/>\nOgniskowy elektryczny\/elektrooptyczny pier\u015bcie\u0144 po\u015blizgowy 176<br \/>\nOznakowanie CE<br \/>\nPokrywa plandeki<br \/>\nWewn\u0119trzne \/ zewn\u0119trzne ch\u0142odzenie<br \/>\nInne \u015brednice kabli dost\u0119pne na \u017cyczenie\n<\/p>\n<p>BROSZURA<\/p>\n<p><!-- {\"name\":\"\",\"type\":\"layout\",\"children\":[{\"name\":\"ANTENA\",\"type\":\"section\",\"props\":{\"width\":\"default\",\"padding\":\"xsmall\",\"style\":\"default\",\"text_color\":\"\",\"media\":\"\",\"height_viewport\":false,\"header_overlay\":\"light\",\"animation\":\"slide-top-medium\",\"padding_remove_top\":false,\"image_size\":\"cover\",\"image\":\"\",\"image_position\":\"bottom-center\",\"image_fixed\":false,\"class\":\"\",\"overlap\":true,\"vertical_align\":\"middle\",\"title_position\":\"top-left\",\"title_rotation\":\"left\",\"title_breakpoint\":\"xl\"},\"children\":[{\"name\":\"\",\"type\":\"row\",\"props\":{\"layout\":\"1-1\",\"breakpoint\":\"m\",\"margin\":\"\",\"fixed_width\":\"large\"},\"children\":[{\"name\":\"\",\"type\":\"column\",\"props\":{\"image_position\":\"center-center\",\"widths\":[\"1-1\"]},\"children\":[{\"name\":\"\",\"type\":\"headline\",\"props\":{\"title_element\":\"h2\",\"content\":\"Winda MacArtney MERMAC R\",\"text_align\":\"center\",\"text_align_fallback\":\"center\",\"maxwidth_align\":\"center\",\"maxwidth\":\"\",\"title_style\":\"h2\",\"title_decoration\":\"\",\"margin\":\"\"}},{\"name\":\"\",\"type\":\"divider\",\"props\":{\"divider_element\":\"hr\"}}]}]},{\"name\":\"\",\"type\":\"row\",\"props\":{\"fixed_width\":\"large\",\"breakpoint\":\"m\",\"layout\":\",2-3\",\"margin\":\"medium\"},\"children\":[{\"name\":\"\",\"type\":\"column\",\"props\":{\"widths\":[\"\"],\"image_position\":\"center-center\"},\"children\":[{\"name\":\"\",\"type\":\"image\",\"props\":{\"margin\":\"default\",\"image\":\"wp-content\\\/uploads\\\/mermac-r50-ra_pro2472.jpg\",\"image_width\":\"\",\"image_box_shadow\":\"\",\"image_border\":\"rounded\",\"text_align\":\"center\"}},{\"name\":\"\",\"type\":\"video\",\"props\":{\"video_controls\":true,\"margin\":\"large\",\"video\":\"https:\\\/\\\/www.youtube.com\\\/watch?v=telqyw0z6u0\",\"video_width\":\"350\",\"video_height\":\"190\"}}]},{\"name\":\"\",\"type\":\"column\",\"props\":{\"widths\":[\"2-3\"],\"image_position\":\"center-center\"},\"children\":[{\"name\":\"\",\"type\":\"text\",\"props\":{\"column_breakpoint\":\"m\",\"margin\":\"medium\",\"content\":\"\n\n<p>Winda elektryczna firmy MacArtney MERMAC R jest solidnym i zaawansowanym systemem obs\\u0142ugi pojazd\\u00f3w, kt\\u00f3ra zapewnia bezpieczn\\u0105 obs\\u0142ug\\u0119 na wszystkich etapach pracy system\\u00f3w ROV.<\\\/p>\\n\n\n<p>Windy MERMAC R charakteryzuj\\u0105 si\\u0119 niezawodno\\u015bci\\u0105, oferuj\\u0105 wysok\\u0105 wydajno\\u015b\\u0107 i \\u0142atw\\u0105 obs\\u0142ug\\u0119. Windy MERMAC R s\\u0105 dost\\u0119pne w konfiguracjach\\u00a0standardowych i niestandardowych, tworzonych na indywidualne potrzeby u\\u017cytkownika. <br \\\/>Wszystkie windy MERMAC R s\\u0105 zaprojektowane jako kompaktowe\\u00a0i modularne. Kilka element\\u00f3w urz\\u0105dzenia, jest wytwarzanych jako standard, co u\\u0142atwia okre\\u015blenie potrzeb i dostosowanie ich lub uaktualnienie do wymaganej wydajno\\u015bci i pojemno\\u015bci.<\\\/p>\\n\n\n<p>Windy MERMAC R s\\u0105 dost\\u0119pne z aktywn\\u0105 kompensacj\\u0105 ko\\u0142ysania (AHC), kt\\u00f3ra natychmiast kompensuje ruch statku spowodowany falami, nawet podczas\\u00a0trudnych warunk\\u00f3w.<\\\/p>\\n\n\n<p>Wci\\u0105garki MERMAC R mog\\u0105 by\\u0107 dostarczane za pomoc\\u0105 zdalnego narz\\u0119dzia diagnostycznego, kt\\u00f3re pozwala technikom MacArtney zdalnie monitorowa\\u0107 i\\u00a0rozwi\\u0105zywa\\u0107 problemy z kilkoma funkcjami wci\\u0105garki w czasie rzeczywistym. Eliminuj\\u0105c zb\\u0119dne wsparcie in\\u017cynieryjne offshore, ta unikalna cecha potencjalnie oferuje znaczne oszcz\\u0119dno\\u015bci dla klient\\u00f3w i operator\\u00f3w.<\\\/p>\\n\n\n<p><strong>Cechy i zalety<\\\/strong><\\\/p>\\n\n\n<ul>\\n\n\n<li>Zwarta i modu\\u0142owa konstrukcja przy u\\u017cyciu standardowych i wymiennych element\\u00f3w<\\\/li>\\n\n\n<li>Zaprojektowany do \\u0142atwej integracji z systemami<\\\/li>\\n\n\n<li>Zintegrowana ochrona ramy \\u00a0<\\\/li>\\n\n\n<li>G\\u0142\\u00f3wny prze\\u0142\\u0105cznik montowany na ramie<\\\/li>\\n\n\n<li>Zaprojektowany zgodnie z norm\\u0105 DNV w sprawie norm dla urz\\u0105dze\\u0144 podnosz\\u0105cych certyfikat 2.22<\\\/li>\\n\n\n<li>Niski poziom ha\\u0142asu<\\\/li>\\n<\\\/ul>\\n\n\n<p><strong>Zastosowanie<\\\/strong><\\\/p>\\n\n\n<ul>\\n\n\n<li>Systemy ROV<\\\/li>\\n\n\n<li>Systemy inspekcji ROV<\\\/li>\\n\n\n<li>Holowane pojazdy i systemy podwodne<\\\/li>\\n\n\n<li>Instalacje podmorskie<\\\/li>\\n\n\n<li>Og\\u00f3lne instrumenty i aplikacje morskie<\\\/li>\\n\n\n<li>D\\u017awig podwodny<\\\/li>\\n<\\\/ul>\\n\n\n<p><strong>Opcje systemu<\\\/strong><\\\/p>\\n\n\n<ul>\\n\n\n<li>Aktywna kompensacja ko\\u0142ysania (AHC)<\\\/li>\\n\n\n<li>Zdalne narz\\u0119dzie diagnostyczne<\\\/li>\\n\n\n<li>Program serwisowy i konserwacyjny<\\\/li>\\n\n\n<li>Zestaw cz\\u0119\\u015bci zamiennych<\\\/li>\\n\n\n<li>Zdalna kontrola z klawiszem STOP<\\\/li>\\n\n\n<li>Zdalna kontrola z klawiszem STOP oraz wy\\u015bwietlaczem ze wskazaniem d\\u0142ugo\\u015bci kabla i pr\\u0119dko\\u015bci.<\\\/li>\\n\n\n<li>Bezprzewodowy pilot zdalnego sterowania z joystickiem i awaryjnym klawiszem STOP<\\\/li>\\n\n\n<li>Wska\\u017anik stanu kabla (pr\\u0119dko\\u015b\\u0107 i d\\u0142ugo\\u015b\\u0107)<\\\/li>\\n\n\n<li>\\u017buraw lub \\u017curaw pok\\u0142adowy<\\\/li>\\n\n\n<li>Ogniskowy elektryczny\\\/elektrooptyczny pier\\u015bcie\\u0144 po\\u015blizgowy 176<\\\/li>\\n\n\n<li>Oznakowanie CE<\\\/li>\\n\n\n<li>Pokrywa plandeki<\\\/li>\\n\n\n<li>Wewn\\u0119trzne \\\/ zewn\\u0119trzne ch\\u0142odzenie<\\\/li>\\n\n\n<li>Inne \\u015brednice kabli dost\\u0119pne na \\u017cyczenie<\\\/li>\\n<\\\/ul>\",\"animation\":\"slide-left-medium\",\"text_align\":\"justify\",\"text_align_breakpoint\":\"m\",\"text_align_fallback\":\"center\",\"text_size\":\"\",\"maxwidth\":\"xxlarge\"}}]}]},{\"name\":\"\",\"type\":\"row\",\"props\":{\"fixed_width\":\"large\",\"breakpoint\":\"m\",\"layout\":\"1-1\",\"margin\":\"large\"},\"children\":[{\"name\":\"\",\"type\":\"column\",\"props\":{\"image_position\":\"center-center\",\"widths\":[\"1-1\"]},\"children\":[{\"name\":\"\",\"type\":\"button\",\"props\":{\"gutter\":\"small\",\"inline_align\":\"center\",\"margin\":\"\",\"text_align\":\"center\",\"button_size\":\"large\",\"animation\":\"slide-bottom-medium\"},\"children\":[{\"name\":\"\",\"type\":\"button_item\",\"props\":{\"button_style\":\"secondary\",\"content\":\"BROSZURA\",\"link\":\"wp-content\\\/uploads\\\/mermac-r.pdf\",\"link_title\":\"Explore More\",\"icon_align\":\"left\",\"link_target\":\"blank\"}}]}]}]}]}]} --><\/p>\n","protected":false},"excerpt":{"rendered":"<p>Winda MacArtney MERMAC R Winda elektryczna firmy MacArtney MERMAC R jest solidnym i zaawansowanym systemem obs\u0142ugi pojazd\u00f3w, kt\u00f3ra zapewnia bezpieczn\u0105 obs\u0142ug\u0119 na wszystkich etapach pracy system\u00f3w ROV. Windy MERMAC R charakteryzuj\u0105 si\u0119 niezawodno\u015bci\u0105, oferuj\u0105 wysok\u0105 wydajno\u015b\u0107 i \u0142atw\u0105 obs\u0142ug\u0119. Windy MERMAC R s\u0105 dost\u0119pne w konfiguracjach\u00a0standardowych i niestandardowych, tworzonych na indywidualne potrzeby u\u017cytkownika. Wszystkie windy [&hellip;]<\/p>\n","protected":false},"author":6,"featured_media":0,"parent":0,"menu_order":0,"comment_status":"closed","ping_status":"closed","template":"","meta":{"footnotes":""},"class_list":["post-4312","page","type-page","status-publish","hentry"],"yoast_head":"<!-- This site is optimized with the Yoast SEO plugin v27.5 - https:\/\/yoast.com\/product\/yoast-seo-wordpress\/ -->\n<title>Winda MacArtney MERMAC R - ESCORT TECHNOLOGY<\/title>\n<meta name=\"robots\" content=\"index, follow, max-snippet:-1, max-image-preview:large, max-video-preview:-1\" \/>\n<link rel=\"canonical\" href=\"http:\/\/escort-technology.com\/pl\/winda-macartney-mermac-r\/\" \/>\n<meta property=\"og:locale\" content=\"pl_PL\" \/>\n<meta property=\"og:type\" content=\"article\" \/>\n<meta property=\"og:title\" content=\"Winda MacArtney MERMAC R - ESCORT TECHNOLOGY\" \/>\n<meta property=\"og:description\" content=\"Winda MacArtney MERMAC R Winda elektryczna firmy MacArtney MERMAC R jest solidnym i zaawansowanym systemem obs\u0142ugi pojazd\u00f3w, kt\u00f3ra zapewnia bezpieczn\u0105 obs\u0142ug\u0119 na wszystkich etapach pracy system\u00f3w ROV. Windy MERMAC R charakteryzuj\u0105 si\u0119 niezawodno\u015bci\u0105, oferuj\u0105 wysok\u0105 wydajno\u015b\u0107 i \u0142atw\u0105 obs\u0142ug\u0119. Windy MERMAC R s\u0105 dost\u0119pne w konfiguracjach\u00a0standardowych i niestandardowych, tworzonych na indywidualne potrzeby u\u017cytkownika. Wszystkie windy [&hellip;]\" \/>\n<meta property=\"og:url\" content=\"http:\/\/escort-technology.com\/pl\/winda-macartney-mermac-r\/\" \/>\n<meta property=\"og:site_name\" content=\"ESCORT TECHNOLOGY\" \/>\n<meta property=\"article:publisher\" content=\"https:\/\/www.facebook.com\/elektronika.morska\/\" \/>\n<meta property=\"article:modified_time\" content=\"2018-05-25T12:32:13+00:00\" \/>\n<meta name=\"twitter:card\" content=\"summary_large_image\" \/>\n<meta name=\"twitter:label1\" content=\"Szacowany czas czytania\" \/>\n\t<meta name=\"twitter:data1\" content=\"2 minuty\" \/>\n<script type=\"application\/ld+json\" class=\"yoast-schema-graph\">{\"@context\":\"https:\\\/\\\/schema.org\",\"@graph\":[{\"@type\":\"WebPage\",\"@id\":\"http:\\\/\\\/escort-technology.com\\\/en\\\/winda-macartney-mermac-r\\\/\",\"url\":\"http:\\\/\\\/escort-technology.com\\\/en\\\/winda-macartney-mermac-r\\\/\",\"name\":\"Winda MacArtney MERMAC R - ESCORT TECHNOLOGY\",\"isPartOf\":{\"@id\":\"http:\\\/\\\/escort-technology.com\\\/de\\\/#website\"},\"datePublished\":\"2018-05-25T11:20:23+00:00\",\"dateModified\":\"2018-05-25T12:32:13+00:00\",\"breadcrumb\":{\"@id\":\"http:\\\/\\\/escort-technology.com\\\/en\\\/winda-macartney-mermac-r\\\/#breadcrumb\"},\"inLanguage\":\"pl-PL\",\"potentialAction\":[{\"@type\":\"ReadAction\",\"target\":[\"http:\\\/\\\/escort-technology.com\\\/en\\\/winda-macartney-mermac-r\\\/\"]}]},{\"@type\":\"BreadcrumbList\",\"@id\":\"http:\\\/\\\/escort-technology.com\\\/en\\\/winda-macartney-mermac-r\\\/#breadcrumb\",\"itemListElement\":[{\"@type\":\"ListItem\",\"position\":1,\"name\":\"Strona g\u0142\u00f3wna\",\"item\":\"https:\\\/\\\/escort-technology.com\\\/\"},{\"@type\":\"ListItem\",\"position\":2,\"name\":\"Winda MacArtney MERMAC R\"}]},{\"@type\":\"WebSite\",\"@id\":\"http:\\\/\\\/escort-technology.com\\\/de\\\/#website\",\"url\":\"http:\\\/\\\/escort-technology.com\\\/de\\\/\",\"name\":\"ESCORT TECHNOLOGY\",\"description\":\"Elektronika morska i l\u0105dowa\",\"publisher\":{\"@id\":\"http:\\\/\\\/escort-technology.com\\\/de\\\/#organization\"},\"potentialAction\":[{\"@type\":\"SearchAction\",\"target\":{\"@type\":\"EntryPoint\",\"urlTemplate\":\"http:\\\/\\\/escort-technology.com\\\/de\\\/?s={search_term_string}\"},\"query-input\":{\"@type\":\"PropertyValueSpecification\",\"valueRequired\":true,\"valueName\":\"search_term_string\"}}],\"inLanguage\":\"pl-PL\"},{\"@type\":\"Organization\",\"@id\":\"http:\\\/\\\/escort-technology.com\\\/de\\\/#organization\",\"name\":\"ESCORT TECHNOLOGY\",\"url\":\"http:\\\/\\\/escort-technology.com\\\/de\\\/\",\"logo\":{\"@type\":\"ImageObject\",\"inLanguage\":\"pl-PL\",\"@id\":\"http:\\\/\\\/escort-technology.com\\\/de\\\/#\\\/schema\\\/logo\\\/image\\\/\",\"url\":\"https:\\\/\\\/escort-technology.com\\\/wp-content\\\/uploads\\\/logo-1.jpg\",\"contentUrl\":\"https:\\\/\\\/escort-technology.com\\\/wp-content\\\/uploads\\\/logo-1.jpg\",\"width\":600,\"height\":165,\"caption\":\"ESCORT TECHNOLOGY\"},\"image\":{\"@id\":\"http:\\\/\\\/escort-technology.com\\\/de\\\/#\\\/schema\\\/logo\\\/image\\\/\"},\"sameAs\":[\"https:\\\/\\\/www.facebook.com\\\/elektronika.morska\\\/\",\"https:\\\/\\\/www.linkedin.com\\\/company\\\/escort-sp-z-o-o-\\\/\"]}]}<\/script>\n<!-- \/ Yoast SEO plugin. -->","yoast_head_json":{"title":"Winda MacArtney MERMAC R - ESCORT TECHNOLOGY","robots":{"index":"index","follow":"follow","max-snippet":"max-snippet:-1","max-image-preview":"max-image-preview:large","max-video-preview":"max-video-preview:-1"},"canonical":"http:\/\/escort-technology.com\/pl\/winda-macartney-mermac-r\/","og_locale":"pl_PL","og_type":"article","og_title":"Winda MacArtney MERMAC R - ESCORT TECHNOLOGY","og_description":"Winda MacArtney MERMAC R Winda elektryczna firmy MacArtney MERMAC R jest solidnym i zaawansowanym systemem obs\u0142ugi pojazd\u00f3w, kt\u00f3ra zapewnia bezpieczn\u0105 obs\u0142ug\u0119 na wszystkich etapach pracy system\u00f3w ROV. Windy MERMAC R charakteryzuj\u0105 si\u0119 niezawodno\u015bci\u0105, oferuj\u0105 wysok\u0105 wydajno\u015b\u0107 i \u0142atw\u0105 obs\u0142ug\u0119. Windy MERMAC R s\u0105 dost\u0119pne w konfiguracjach\u00a0standardowych i niestandardowych, tworzonych na indywidualne potrzeby u\u017cytkownika. Wszystkie windy [&hellip;]","og_url":"http:\/\/escort-technology.com\/pl\/winda-macartney-mermac-r\/","og_site_name":"ESCORT TECHNOLOGY","article_publisher":"https:\/\/www.facebook.com\/elektronika.morska\/","article_modified_time":"2018-05-25T12:32:13+00:00","twitter_card":"summary_large_image","twitter_misc":{"Szacowany czas czytania":"2 minuty"},"schema":{"@context":"https:\/\/schema.org","@graph":[{"@type":"WebPage","@id":"http:\/\/escort-technology.com\/en\/winda-macartney-mermac-r\/","url":"http:\/\/escort-technology.com\/en\/winda-macartney-mermac-r\/","name":"Winda MacArtney MERMAC R - ESCORT TECHNOLOGY","isPartOf":{"@id":"http:\/\/escort-technology.com\/de\/#website"},"datePublished":"2018-05-25T11:20:23+00:00","dateModified":"2018-05-25T12:32:13+00:00","breadcrumb":{"@id":"http:\/\/escort-technology.com\/en\/winda-macartney-mermac-r\/#breadcrumb"},"inLanguage":"pl-PL","potentialAction":[{"@type":"ReadAction","target":["http:\/\/escort-technology.com\/en\/winda-macartney-mermac-r\/"]}]},{"@type":"BreadcrumbList","@id":"http:\/\/escort-technology.com\/en\/winda-macartney-mermac-r\/#breadcrumb","itemListElement":[{"@type":"ListItem","position":1,"name":"Strona g\u0142\u00f3wna","item":"https:\/\/escort-technology.com\/"},{"@type":"ListItem","position":2,"name":"Winda MacArtney MERMAC R"}]},{"@type":"WebSite","@id":"http:\/\/escort-technology.com\/de\/#website","url":"http:\/\/escort-technology.com\/de\/","name":"ESCORT TECHNOLOGY","description":"Elektronika morska i l\u0105dowa","publisher":{"@id":"http:\/\/escort-technology.com\/de\/#organization"},"potentialAction":[{"@type":"SearchAction","target":{"@type":"EntryPoint","urlTemplate":"http:\/\/escort-technology.com\/de\/?s={search_term_string}"},"query-input":{"@type":"PropertyValueSpecification","valueRequired":true,"valueName":"search_term_string"}}],"inLanguage":"pl-PL"},{"@type":"Organization","@id":"http:\/\/escort-technology.com\/de\/#organization","name":"ESCORT TECHNOLOGY","url":"http:\/\/escort-technology.com\/de\/","logo":{"@type":"ImageObject","inLanguage":"pl-PL","@id":"http:\/\/escort-technology.com\/de\/#\/schema\/logo\/image\/","url":"https:\/\/escort-technology.com\/wp-content\/uploads\/logo-1.jpg","contentUrl":"https:\/\/escort-technology.com\/wp-content\/uploads\/logo-1.jpg","width":600,"height":165,"caption":"ESCORT TECHNOLOGY"},"image":{"@id":"http:\/\/escort-technology.com\/de\/#\/schema\/logo\/image\/"},"sameAs":["https:\/\/www.facebook.com\/elektronika.morska\/","https:\/\/www.linkedin.com\/company\/escort-sp-z-o-o-\/"]}]}},"_links":{"self":[{"href":"https:\/\/escort-technology.com\/pl\/wp-json\/wp\/v2\/pages\/4312","targetHints":{"allow":["GET"]}}],"collection":[{"href":"https:\/\/escort-technology.com\/pl\/wp-json\/wp\/v2\/pages"}],"about":[{"href":"https:\/\/escort-technology.com\/pl\/wp-json\/wp\/v2\/types\/page"}],"author":[{"embeddable":true,"href":"https:\/\/escort-technology.com\/pl\/wp-json\/wp\/v2\/users\/6"}],"replies":[{"embeddable":true,"href":"https:\/\/escort-technology.com\/pl\/wp-json\/wp\/v2\/comments?post=4312"}],"version-history":[{"count":4,"href":"https:\/\/escort-technology.com\/pl\/wp-json\/wp\/v2\/pages\/4312\/revisions"}],"predecessor-version":[{"id":4346,"href":"https:\/\/escort-technology.com\/pl\/wp-json\/wp\/v2\/pages\/4312\/revisions\/4346"}],"wp:attachment":[{"href":"https:\/\/escort-technology.com\/pl\/wp-json\/wp\/v2\/media?parent=4312"}],"curies":[{"name":"wp","href":"https:\/\/api.w.org\/{rel}","templated":true}]}}